{"id":11064,"date":"2020-02-18T07:31:46","date_gmt":"2020-02-18T07:31:46","guid":{"rendered":"https:\/\/equipomedicomexico-com.preview-domain.com\/product\/andadera-roll-nitro-elite-10266cf-fc-c-e\/"},"modified":"2020-02-18T07:31:46","modified_gmt":"2020-02-18T07:31:46","slug":"andadera-roll-nitro-elite-10266cf-fc-c-e","status":"publish","type":"product","link":"https:\/\/buscoequipomedico.com\/?product=andadera-roll-nitro-elite-10266cf-fc-c-e","title":{"rendered":"ANDADERA ROLL NITRO ELITE 10266CF FC C\/E"},"content":{"rendered":"<p><span>Asiento tapizado y acojinado en vinipiel con asa plegable. <\/span><\/p>\n<p><span>Respaldo acojinado y tapizado en vinipiel con altura ajustable. <\/span><\/p>\n<p><span>El dise\u00f1o de refuerzo cruzado a\u00f1ade estabilidad y permite plegarse de lado a lado. <\/span><\/p>\n<p><span>Incluye abrazadera que mantiene cerrada la andadera cuando est\u00e1 plegada. <\/span><\/p>\n<p><span>Con bolsa tapizada en vinipiel desmontable y segura para guardar cosas mientras se transporta. <\/span><\/p>\n<p><span>Incluye aditamento para sujetar bast\u00f3n.<\/span><\/p>\n<p><span> Las ruedas delanteras de 10\u201d.<\/span><\/p>\n<p><span> Permiten una f\u00e1cil maniobrabilidad tanto en interiores y exteriores.<\/span><\/p>\n","protected":false},"excerpt":{"rendered":"<p><span>Marco de lujo de fibra de carbono s\u00faper ligero.<\/span><\/p>\n<p><span>Frenos de chicote con sistema de fijado. <\/span><\/p>\n<p><span>Cable de freno dentro del marco para mayor seguridad. <\/span><\/p>\n<p><span>Altura del mango ajustable. <\/span><\/p>\n<p><span>El dise\u00f1o de la horquilla mejora el radio de giro. <\/span><\/p>\n<\/p>\n<p><span>Las ruedas delanteras de 10\u201d.<\/span><\/p>\n","protected":false},"featured_media":11065,"template":"","meta":{"_joinchat":[]},"product_brand":[],"product_cat":[213],"product_tag":[],"class_list":{"0":"post-11064","1":"product","2":"type-product","3":"status-publish","4":"has-post-thumbnail","6":"product_cat-concentradores","7":"pa_marca-drive","9":"first","10":"instock","11":"purchasable","12":"product-type-simple"},"yoast_head":"<!-- This site is optimized with the Yoast SEO plugin v25.1 - https:\/\/yoast.com\/wordpress\/plugins\/seo\/ -->\n<title>ANDADERA ROLL NITRO ELITE 10266CF FC C\/E - Tu mejor opci\u00f3n Equipo M\u00e9dico M\u00e9xico<\/title>\n<meta name=\"robots\" content=\"index, follow, max-snippet:-1, max-image-preview:large, max-video-preview:-1\" \/>\n<link rel=\"canonical\" href=\"https:\/\/buscoequipomedico.com\/?product=andadera-roll-nitro-elite-10266cf-fc-c-e\" \/>\n<meta property=\"og:locale\" content=\"es_ES\" \/>\n<meta property=\"og:type\" content=\"article\" \/>\n<meta property=\"og:title\" content=\"ANDADERA ROLL NITRO ELITE 10266CF FC C\/E - Tu mejor opci\u00f3n Equipo M\u00e9dico M\u00e9xico\" \/>\n<meta property=\"og:description\" content=\"Marco de lujo de fibra de carbono s\u00faper ligero. Frenos de chicote con sistema de fijado. Cable de freno dentro del marco para mayor seguridad. Altura del mango ajustable. El dise\u00f1o de la horquilla mejora el radio de giro.  Las ruedas delanteras de 10\u201d.\" \/>\n<meta property=\"og:url\" content=\"https:\/\/buscoequipomedico.com\/?product=andadera-roll-nitro-elite-10266cf-fc-c-e\" \/>\n<meta property=\"og:site_name\" content=\"Tu mejor opci\u00f3n Equipo M\u00e9dico M\u00e9xico\" \/>\n<meta property=\"og:image\" content=\"https:\/\/buscoequipomedico.com\/wp-content\/uploads\/2020\/02\/andadera-roll-nitro-elite-10266cf-fc-c-e-marco-de-lujo-de-fibra-de-carbono-super-ligero-frenos-de-chicote-con-sistema-de-fijado.jpg\" \/>\n\t<meta property=\"og:image:width\" content=\"800\" \/>\n\t<meta property=\"og:image:height\" content=\"800\" \/>\n\t<meta property=\"og:image:type\" content=\"image\/png\" \/>\n<meta name=\"twitter:card\" content=\"summary_large_image\" \/>\n<script type=\"application\/ld+json\" class=\"yoast-schema-graph\">{\"@context\":\"https:\/\/schema.org\",\"@graph\":[{\"@type\":\"WebPage\",\"@id\":\"https:\/\/buscoequipomedico.com\/?product=andadera-roll-nitro-elite-10266cf-fc-c-e\",\"url\":\"https:\/\/buscoequipomedico.com\/?product=andadera-roll-nitro-elite-10266cf-fc-c-e\",\"name\":\"ANDADERA ROLL NITRO ELITE 10266CF FC C\/E - Tu mejor opci\u00f3n Equipo M\u00e9dico M\u00e9xico\",\"isPartOf\":{\"@id\":\"https:\/\/buscoequipomedico.com\/#website\"},\"primaryImageOfPage\":{\"@id\":\"https:\/\/buscoequipomedico.com\/?product=andadera-roll-nitro-elite-10266cf-fc-c-e#primaryimage\"},\"image\":{\"@id\":\"https:\/\/buscoequipomedico.com\/?product=andadera-roll-nitro-elite-10266cf-fc-c-e#primaryimage\"},\"thumbnailUrl\":\"https:\/\/buscoequipomedico.com\/wp-content\/uploads\/2020\/02\/andadera-roll-nitro-elite-10266cf-fc-c-e-marco-de-lujo-de-fibra-de-carbono-super-ligero-frenos-de-chicote-con-sistema-de-fijado.jpg\",\"datePublished\":\"2020-02-18T07:31:46+00:00\",\"breadcrumb\":{\"@id\":\"https:\/\/buscoequipomedico.com\/?product=andadera-roll-nitro-elite-10266cf-fc-c-e#breadcrumb\"},\"inLanguage\":\"es\",\"potentialAction\":[{\"@type\":\"ReadAction\",\"target\":[\"https:\/\/buscoequipomedico.com\/?product=andadera-roll-nitro-elite-10266cf-fc-c-e\"]}]},{\"@type\":\"ImageObject\",\"inLanguage\":\"es\",\"@id\":\"https:\/\/buscoequipomedico.com\/?product=andadera-roll-nitro-elite-10266cf-fc-c-e#primaryimage\",\"url\":\"https:\/\/buscoequipomedico.com\/wp-content\/uploads\/2020\/02\/andadera-roll-nitro-elite-10266cf-fc-c-e-marco-de-lujo-de-fibra-de-carbono-super-ligero-frenos-de-chicote-con-sistema-de-fijado.jpg\",\"contentUrl\":\"https:\/\/buscoequipomedico.com\/wp-content\/uploads\/2020\/02\/andadera-roll-nitro-elite-10266cf-fc-c-e-marco-de-lujo-de-fibra-de-carbono-super-ligero-frenos-de-chicote-con-sistema-de-fijado.jpg\",\"width\":800,\"height\":800},{\"@type\":\"BreadcrumbList\",\"@id\":\"https:\/\/buscoequipomedico.com\/?product=andadera-roll-nitro-elite-10266cf-fc-c-e#breadcrumb\",\"itemListElement\":[{\"@type\":\"ListItem\",\"position\":1,\"name\":\"Productos\",\"item\":\"https:\/\/buscoequipomedico.com\/shop\/\"},{\"@type\":\"ListItem\",\"position\":2,\"name\":\"ANDADERA ROLL NITRO ELITE 10266CF FC C\/E\"}]},{\"@type\":\"WebSite\",\"@id\":\"https:\/\/buscoequipomedico.com\/#website\",\"url\":\"https:\/\/buscoequipomedico.com\/\",\"name\":\"Tu mejor opci\u00f3n Equipo M\u00e9dico M\u00e9xico\",\"description\":\"Tienda de equipo m\u00e9dico\",\"publisher\":{\"@id\":\"https:\/\/buscoequipomedico.com\/#organization\"},\"potentialAction\":[{\"@type\":\"SearchAction\",\"target\":{\"@type\":\"EntryPoint\",\"urlTemplate\":\"https:\/\/buscoequipomedico.com\/?s={search_term_string}\"},\"query-input\":{\"@type\":\"PropertyValueSpecification\",\"valueRequired\":true,\"valueName\":\"search_term_string\"}}],\"inLanguage\":\"es\"},{\"@type\":\"Organization\",\"@id\":\"https:\/\/buscoequipomedico.com\/#organization\",\"name\":\"Tu mejor opci\u00f3n Equipo M\u00e9dico M\u00e9xico\",\"url\":\"https:\/\/buscoequipomedico.com\/\",\"logo\":{\"@type\":\"ImageObject\",\"inLanguage\":\"es\",\"@id\":\"https:\/\/buscoequipomedico.com\/#\/schema\/logo\/image\/\",\"url\":\"https:\/\/buscoequipomedico.com\/wp-content\/uploads\/2021\/07\/EMM-VPrincipal-scaled.jpg\",\"contentUrl\":\"https:\/\/buscoequipomedico.com\/wp-content\/uploads\/2021\/07\/EMM-VPrincipal-scaled.jpg\",\"width\":2560,\"height\":1058,\"caption\":\"Tu mejor opci\u00f3n Equipo M\u00e9dico M\u00e9xico\"},\"image\":{\"@id\":\"https:\/\/buscoequipomedico.com\/#\/schema\/logo\/image\/\"}}]}<\/script>\n<!-- \/ Yoast SEO plugin. -->","yoast_head_json":{"title":"ANDADERA ROLL NITRO ELITE 10266CF FC C\/E - Tu mejor opci\u00f3n Equipo M\u00e9dico M\u00e9xico","robots":{"index":"index","follow":"follow","max-snippet":"max-snippet:-1","max-image-preview":"max-image-preview:large","max-video-preview":"max-video-preview:-1"},"canonical":"https:\/\/buscoequipomedico.com\/?product=andadera-roll-nitro-elite-10266cf-fc-c-e","og_locale":"es_ES","og_type":"article","og_title":"ANDADERA ROLL NITRO ELITE 10266CF FC C\/E - Tu mejor opci\u00f3n Equipo M\u00e9dico M\u00e9xico","og_description":"Marco de lujo de fibra de carbono s\u00faper ligero. Frenos de chicote con sistema de fijado. Cable de freno dentro del marco para mayor seguridad. Altura del mango ajustable. El dise\u00f1o de la horquilla mejora el radio de giro.  Las ruedas delanteras de 10\u201d.","og_url":"https:\/\/buscoequipomedico.com\/?product=andadera-roll-nitro-elite-10266cf-fc-c-e","og_site_name":"Tu mejor opci\u00f3n Equipo M\u00e9dico M\u00e9xico","og_image":[{"width":800,"height":800,"url":"https:\/\/buscoequipomedico.com\/wp-content\/uploads\/2020\/02\/andadera-roll-nitro-elite-10266cf-fc-c-e-marco-de-lujo-de-fibra-de-carbono-super-ligero-frenos-de-chicote-con-sistema-de-fijado.jpg","type":"image\/png"}],"twitter_card":"summary_large_image","schema":{"@context":"https:\/\/schema.org","@graph":[{"@type":"WebPage","@id":"https:\/\/buscoequipomedico.com\/?product=andadera-roll-nitro-elite-10266cf-fc-c-e","url":"https:\/\/buscoequipomedico.com\/?product=andadera-roll-nitro-elite-10266cf-fc-c-e","name":"ANDADERA ROLL NITRO ELITE 10266CF FC C\/E - Tu mejor opci\u00f3n Equipo M\u00e9dico M\u00e9xico","isPartOf":{"@id":"https:\/\/buscoequipomedico.com\/#website"},"primaryImageOfPage":{"@id":"https:\/\/buscoequipomedico.com\/?product=andadera-roll-nitro-elite-10266cf-fc-c-e#primaryimage"},"image":{"@id":"https:\/\/buscoequipomedico.com\/?product=andadera-roll-nitro-elite-10266cf-fc-c-e#primaryimage"},"thumbnailUrl":"https:\/\/buscoequipomedico.com\/wp-content\/uploads\/2020\/02\/andadera-roll-nitro-elite-10266cf-fc-c-e-marco-de-lujo-de-fibra-de-carbono-super-ligero-frenos-de-chicote-con-sistema-de-fijado.jpg","datePublished":"2020-02-18T07:31:46+00:00","breadcrumb":{"@id":"https:\/\/buscoequipomedico.com\/?product=andadera-roll-nitro-elite-10266cf-fc-c-e#breadcrumb"},"inLanguage":"es","potentialAction":[{"@type":"ReadAction","target":["https:\/\/buscoequipomedico.com\/?product=andadera-roll-nitro-elite-10266cf-fc-c-e"]}]},{"@type":"ImageObject","inLanguage":"es","@id":"https:\/\/buscoequipomedico.com\/?product=andadera-roll-nitro-elite-10266cf-fc-c-e#primaryimage","url":"https:\/\/buscoequipomedico.com\/wp-content\/uploads\/2020\/02\/andadera-roll-nitro-elite-10266cf-fc-c-e-marco-de-lujo-de-fibra-de-carbono-super-ligero-frenos-de-chicote-con-sistema-de-fijado.jpg","contentUrl":"https:\/\/buscoequipomedico.com\/wp-content\/uploads\/2020\/02\/andadera-roll-nitro-elite-10266cf-fc-c-e-marco-de-lujo-de-fibra-de-carbono-super-ligero-frenos-de-chicote-con-sistema-de-fijado.jpg","width":800,"height":800},{"@type":"BreadcrumbList","@id":"https:\/\/buscoequipomedico.com\/?product=andadera-roll-nitro-elite-10266cf-fc-c-e#breadcrumb","itemListElement":[{"@type":"ListItem","position":1,"name":"Productos","item":"https:\/\/buscoequipomedico.com\/shop\/"},{"@type":"ListItem","position":2,"name":"ANDADERA ROLL NITRO ELITE 10266CF FC C\/E"}]},{"@type":"WebSite","@id":"https:\/\/buscoequipomedico.com\/#website","url":"https:\/\/buscoequipomedico.com\/","name":"Tu mejor opci\u00f3n Equipo M\u00e9dico M\u00e9xico","description":"Tienda de equipo m\u00e9dico","publisher":{"@id":"https:\/\/buscoequipomedico.com\/#organization"},"potentialAction":[{"@type":"SearchAction","target":{"@type":"EntryPoint","urlTemplate":"https:\/\/buscoequipomedico.com\/?s={search_term_string}"},"query-input":{"@type":"PropertyValueSpecification","valueRequired":true,"valueName":"search_term_string"}}],"inLanguage":"es"},{"@type":"Organization","@id":"https:\/\/buscoequipomedico.com\/#organization","name":"Tu mejor opci\u00f3n Equipo M\u00e9dico M\u00e9xico","url":"https:\/\/buscoequipomedico.com\/","logo":{"@type":"ImageObject","inLanguage":"es","@id":"https:\/\/buscoequipomedico.com\/#\/schema\/logo\/image\/","url":"https:\/\/buscoequipomedico.com\/wp-content\/uploads\/2021\/07\/EMM-VPrincipal-scaled.jpg","contentUrl":"https:\/\/buscoequipomedico.com\/wp-content\/uploads\/2021\/07\/EMM-VPrincipal-scaled.jpg","width":2560,"height":1058,"caption":"Tu mejor opci\u00f3n Equipo M\u00e9dico M\u00e9xico"},"image":{"@id":"https:\/\/buscoequipomedico.com\/#\/schema\/logo\/image\/"}}]}},"_links":{"self":[{"href":"https:\/\/buscoequipomedico.com\/index.php?rest_route=\/wp\/v2\/product\/11064","targetHints":{"allow":["GET"]}}],"collection":[{"href":"https:\/\/buscoequipomedico.com\/index.php?rest_route=\/wp\/v2\/product"}],"about":[{"href":"https:\/\/buscoequipomedico.com\/index.php?rest_route=\/wp\/v2\/types\/product"}],"wp:featuredmedia":[{"embeddable":true,"href":"https:\/\/buscoequipomedico.com\/index.php?rest_route=\/wp\/v2\/media\/11065"}],"wp:attachment":[{"href":"https:\/\/buscoequipomedico.com\/index.php?rest_route=%2Fwp%2Fv2%2Fmedia&parent=11064"}],"wp:term":[{"taxonomy":"product_brand","embeddable":true,"href":"https:\/\/buscoequipomedico.com\/index.php?rest_route=%2Fwp%2Fv2%2Fproduct_brand&post=11064"},{"taxonomy":"product_cat","embeddable":true,"href":"https:\/\/buscoequipomedico.com\/index.php?rest_route=%2Fwp%2Fv2%2Fproduct_cat&post=11064"},{"taxonomy":"product_tag","embeddable":true,"href":"https:\/\/buscoequipomedico.com\/index.php?rest_route=%2Fwp%2Fv2%2Fproduct_tag&post=11064"}],"curies":[{"name":"wp","href":"https:\/\/api.w.org\/{rel}","templated":true}]}}