{"id":11072,"date":"2020-02-18T07:31:46","date_gmt":"2020-02-18T07:31:46","guid":{"rendered":"https:\/\/equipomedicomexico-com.preview-domain.com\/product\/andadera-roll-nitro-dlx-10266-al-azu-c-e\/"},"modified":"2020-02-18T07:31:48","modified_gmt":"2020-02-18T07:31:48","slug":"andadera-roll-nitro-dlx-10266-al-azu-c-e","status":"publish","type":"product","link":"https:\/\/buscoequipomedico.com\/?product=andadera-roll-nitro-dlx-10266-al-azu-c-e","title":{"rendered":"ANDADERA ROLL NITRO DLX 10266 AL AZU C\/E"},"content":{"rendered":"<p>\u2022 Marco de aluminio esmaltado en color azul o champagne.<\/p>\n<p>\u2022 Cable de freno dentro del marco para mayor seguridad.<\/p>\n<p>\u2022 La altura de los manubrios se ajustan f\u00e1cilmente con un solo bot\u00f3n.<\/p>\n<p>\u2022 El dise\u00f1o de la horquilla para la rueda mejora el radio de giro.<\/p>\n<p>\u2022 Ruedas delanteras de 10\u201d que permiten mejor control de direcci\u00f3n.<\/p>\n<p>\u2022 Se pliega f\u00e1cilmente con una sola mano.<\/p>\n<p>\u2022 Asiento con asa plegable.<\/p>\n<p>\u2022 Bolsa de carga desmontable, peso m\u00e1ximo soportado 5 kg.<\/p>\n","protected":false},"excerpt":{"rendered":"<p>Las ruedas delanteras se pueden colocar en posici\u00f3n \u201cgiratoria\u201d o \u201cfija\u201d. El sistema especial de trabas hecho de fundici\u00f3n de aluminio interno se maneja f\u00e1cilmente y garantiza la seguridad. Permite a la persona sentarse o usarlo como un andador tradicional levantando el asiento para caminar en el espacio delimitado por el armaz\u00f3n. Se pliega f\u00e1cilmente con un disparador de paleta lateral con palanca doble.<\/p>\n<p>Dimensiones de la unidad: 28\u201d de alto x 24\u201d de ancho.<\/p>\n<p>Peso m\u00e1ximo soportado: 136 kg.<\/p>\n<p>Peso total: 9.9 kg.<\/p>\n","protected":false},"featured_media":11073,"template":"","meta":{"_joinchat":[]},"product_brand":[],"product_cat":[213],"product_tag":[],"class_list":{"0":"post-11072","1":"product","2":"type-product","3":"status-publish","4":"has-post-thumbnail","6":"product_cat-concentradores","7":"pa_marca-drive","9":"first","10":"instock","11":"purchasable","12":"product-type-simple"},"yoast_head":"<!-- This site is optimized with the Yoast SEO plugin v25.1 - https:\/\/yoast.com\/wordpress\/plugins\/seo\/ -->\n<title>ANDADERA ROLL NITRO DLX 10266 AL AZU C\/E - Tu mejor opci\u00f3n Equipo M\u00e9dico M\u00e9xico<\/title>\n<meta name=\"robots\" content=\"index, follow, max-snippet:-1, max-image-preview:large, max-video-preview:-1\" \/>\n<link rel=\"canonical\" href=\"https:\/\/buscoequipomedico.com\/?product=andadera-roll-nitro-dlx-10266-al-azu-c-e\" \/>\n<meta property=\"og:locale\" content=\"es_ES\" \/>\n<meta property=\"og:type\" content=\"article\" \/>\n<meta property=\"og:title\" content=\"ANDADERA ROLL NITRO DLX 10266 AL AZU C\/E - Tu mejor opci\u00f3n Equipo M\u00e9dico M\u00e9xico\" \/>\n<meta property=\"og:description\" content=\"Las ruedas delanteras se pueden colocar en posici\u00f3n \u201cgiratoria\u201d o \u201cfija\u201d. El sistema especial de trabas hecho de fundici\u00f3n de aluminio interno se maneja f\u00e1cilmente y garantiza la seguridad. Permite a la persona sentarse o usarlo como un andador tradicional levantando el asiento para caminar en el espacio delimitado por el armaz\u00f3n. Se pliega f\u00e1cilmente con un disparador de paleta lateral con palanca doble. Dimensiones de la unidad: 28\u201d de alto x 24\u201d de ancho. Peso m\u00e1ximo soportado: 136 kg. Peso total: 9.9 kg.\" \/>\n<meta property=\"og:url\" content=\"https:\/\/buscoequipomedico.com\/?product=andadera-roll-nitro-dlx-10266-al-azu-c-e\" \/>\n<meta property=\"og:site_name\" content=\"Tu mejor opci\u00f3n Equipo M\u00e9dico M\u00e9xico\" \/>\n<meta property=\"article:modified_time\" content=\"2020-02-18T07:31:48+00:00\" \/>\n<meta property=\"og:image\" content=\"https:\/\/buscoequipomedico.com\/wp-content\/uploads\/2020\/02\/andadera-roll-nitro-dlx-10266-al-azu-c-e-las-ruedas-delanteras-se-pueden-colocar-en-posicion-giratoria-o-fija-el-sistema-especia.jpg\" \/>\n\t<meta property=\"og:image:width\" content=\"800\" \/>\n\t<meta property=\"og:image:height\" content=\"800\" \/>\n\t<meta property=\"og:image:type\" content=\"image\/png\" \/>\n<meta name=\"twitter:card\" content=\"summary_large_image\" \/>\n<script type=\"application\/ld+json\" class=\"yoast-schema-graph\">{\"@context\":\"https:\/\/schema.org\",\"@graph\":[{\"@type\":\"WebPage\",\"@id\":\"https:\/\/buscoequipomedico.com\/?product=andadera-roll-nitro-dlx-10266-al-azu-c-e\",\"url\":\"https:\/\/buscoequipomedico.com\/?product=andadera-roll-nitro-dlx-10266-al-azu-c-e\",\"name\":\"ANDADERA ROLL NITRO DLX 10266 AL AZU C\/E - Tu mejor opci\u00f3n Equipo M\u00e9dico M\u00e9xico\",\"isPartOf\":{\"@id\":\"https:\/\/buscoequipomedico.com\/#website\"},\"primaryImageOfPage\":{\"@id\":\"https:\/\/buscoequipomedico.com\/?product=andadera-roll-nitro-dlx-10266-al-azu-c-e#primaryimage\"},\"image\":{\"@id\":\"https:\/\/buscoequipomedico.com\/?product=andadera-roll-nitro-dlx-10266-al-azu-c-e#primaryimage\"},\"thumbnailUrl\":\"https:\/\/buscoequipomedico.com\/wp-content\/uploads\/2020\/02\/andadera-roll-nitro-dlx-10266-al-azu-c-e-las-ruedas-delanteras-se-pueden-colocar-en-posicion-giratoria-o-fija-el-sistema-especia.jpg\",\"datePublished\":\"2020-02-18T07:31:46+00:00\",\"dateModified\":\"2020-02-18T07:31:48+00:00\",\"breadcrumb\":{\"@id\":\"https:\/\/buscoequipomedico.com\/?product=andadera-roll-nitro-dlx-10266-al-azu-c-e#breadcrumb\"},\"inLanguage\":\"es\",\"potentialAction\":[{\"@type\":\"ReadAction\",\"target\":[\"https:\/\/buscoequipomedico.com\/?product=andadera-roll-nitro-dlx-10266-al-azu-c-e\"]}]},{\"@type\":\"ImageObject\",\"inLanguage\":\"es\",\"@id\":\"https:\/\/buscoequipomedico.com\/?product=andadera-roll-nitro-dlx-10266-al-azu-c-e#primaryimage\",\"url\":\"https:\/\/buscoequipomedico.com\/wp-content\/uploads\/2020\/02\/andadera-roll-nitro-dlx-10266-al-azu-c-e-las-ruedas-delanteras-se-pueden-colocar-en-posicion-giratoria-o-fija-el-sistema-especia.jpg\",\"contentUrl\":\"https:\/\/buscoequipomedico.com\/wp-content\/uploads\/2020\/02\/andadera-roll-nitro-dlx-10266-al-azu-c-e-las-ruedas-delanteras-se-pueden-colocar-en-posicion-giratoria-o-fija-el-sistema-especia.jpg\",\"width\":800,\"height\":800},{\"@type\":\"BreadcrumbList\",\"@id\":\"https:\/\/buscoequipomedico.com\/?product=andadera-roll-nitro-dlx-10266-al-azu-c-e#breadcrumb\",\"itemListElement\":[{\"@type\":\"ListItem\",\"position\":1,\"name\":\"Productos\",\"item\":\"https:\/\/buscoequipomedico.com\/shop\/\"},{\"@type\":\"ListItem\",\"position\":2,\"name\":\"ANDADERA ROLL NITRO DLX 10266 AL AZU C\/E\"}]},{\"@type\":\"WebSite\",\"@id\":\"https:\/\/buscoequipomedico.com\/#website\",\"url\":\"https:\/\/buscoequipomedico.com\/\",\"name\":\"Tu mejor opci\u00f3n Equipo M\u00e9dico M\u00e9xico\",\"description\":\"Tienda de equipo m\u00e9dico\",\"publisher\":{\"@id\":\"https:\/\/buscoequipomedico.com\/#organization\"},\"potentialAction\":[{\"@type\":\"SearchAction\",\"target\":{\"@type\":\"EntryPoint\",\"urlTemplate\":\"https:\/\/buscoequipomedico.com\/?s={search_term_string}\"},\"query-input\":{\"@type\":\"PropertyValueSpecification\",\"valueRequired\":true,\"valueName\":\"search_term_string\"}}],\"inLanguage\":\"es\"},{\"@type\":\"Organization\",\"@id\":\"https:\/\/buscoequipomedico.com\/#organization\",\"name\":\"Tu mejor opci\u00f3n Equipo M\u00e9dico M\u00e9xico\",\"url\":\"https:\/\/buscoequipomedico.com\/\",\"logo\":{\"@type\":\"ImageObject\",\"inLanguage\":\"es\",\"@id\":\"https:\/\/buscoequipomedico.com\/#\/schema\/logo\/image\/\",\"url\":\"https:\/\/buscoequipomedico.com\/wp-content\/uploads\/2021\/07\/EMM-VPrincipal-scaled.jpg\",\"contentUrl\":\"https:\/\/buscoequipomedico.com\/wp-content\/uploads\/2021\/07\/EMM-VPrincipal-scaled.jpg\",\"width\":2560,\"height\":1058,\"caption\":\"Tu mejor opci\u00f3n Equipo M\u00e9dico M\u00e9xico\"},\"image\":{\"@id\":\"https:\/\/buscoequipomedico.com\/#\/schema\/logo\/image\/\"}}]}<\/script>\n<!-- \/ Yoast SEO plugin. -->","yoast_head_json":{"title":"ANDADERA ROLL NITRO DLX 10266 AL AZU C\/E - Tu mejor opci\u00f3n Equipo M\u00e9dico M\u00e9xico","robots":{"index":"index","follow":"follow","max-snippet":"max-snippet:-1","max-image-preview":"max-image-preview:large","max-video-preview":"max-video-preview:-1"},"canonical":"https:\/\/buscoequipomedico.com\/?product=andadera-roll-nitro-dlx-10266-al-azu-c-e","og_locale":"es_ES","og_type":"article","og_title":"ANDADERA ROLL NITRO DLX 10266 AL AZU C\/E - Tu mejor opci\u00f3n Equipo M\u00e9dico M\u00e9xico","og_description":"Las ruedas delanteras se pueden colocar en posici\u00f3n \u201cgiratoria\u201d o \u201cfija\u201d. El sistema especial de trabas hecho de fundici\u00f3n de aluminio interno se maneja f\u00e1cilmente y garantiza la seguridad. Permite a la persona sentarse o usarlo como un andador tradicional levantando el asiento para caminar en el espacio delimitado por el armaz\u00f3n. Se pliega f\u00e1cilmente con un disparador de paleta lateral con palanca doble. Dimensiones de la unidad: 28\u201d de alto x 24\u201d de ancho. Peso m\u00e1ximo soportado: 136 kg. Peso total: 9.9 kg.","og_url":"https:\/\/buscoequipomedico.com\/?product=andadera-roll-nitro-dlx-10266-al-azu-c-e","og_site_name":"Tu mejor opci\u00f3n Equipo M\u00e9dico M\u00e9xico","article_modified_time":"2020-02-18T07:31:48+00:00","og_image":[{"width":800,"height":800,"url":"https:\/\/buscoequipomedico.com\/wp-content\/uploads\/2020\/02\/andadera-roll-nitro-dlx-10266-al-azu-c-e-las-ruedas-delanteras-se-pueden-colocar-en-posicion-giratoria-o-fija-el-sistema-especia.jpg","type":"image\/png"}],"twitter_card":"summary_large_image","schema":{"@context":"https:\/\/schema.org","@graph":[{"@type":"WebPage","@id":"https:\/\/buscoequipomedico.com\/?product=andadera-roll-nitro-dlx-10266-al-azu-c-e","url":"https:\/\/buscoequipomedico.com\/?product=andadera-roll-nitro-dlx-10266-al-azu-c-e","name":"ANDADERA ROLL NITRO DLX 10266 AL AZU C\/E - Tu mejor opci\u00f3n Equipo M\u00e9dico M\u00e9xico","isPartOf":{"@id":"https:\/\/buscoequipomedico.com\/#website"},"primaryImageOfPage":{"@id":"https:\/\/buscoequipomedico.com\/?product=andadera-roll-nitro-dlx-10266-al-azu-c-e#primaryimage"},"image":{"@id":"https:\/\/buscoequipomedico.com\/?product=andadera-roll-nitro-dlx-10266-al-azu-c-e#primaryimage"},"thumbnailUrl":"https:\/\/buscoequipomedico.com\/wp-content\/uploads\/2020\/02\/andadera-roll-nitro-dlx-10266-al-azu-c-e-las-ruedas-delanteras-se-pueden-colocar-en-posicion-giratoria-o-fija-el-sistema-especia.jpg","datePublished":"2020-02-18T07:31:46+00:00","dateModified":"2020-02-18T07:31:48+00:00","breadcrumb":{"@id":"https:\/\/buscoequipomedico.com\/?product=andadera-roll-nitro-dlx-10266-al-azu-c-e#breadcrumb"},"inLanguage":"es","potentialAction":[{"@type":"ReadAction","target":["https:\/\/buscoequipomedico.com\/?product=andadera-roll-nitro-dlx-10266-al-azu-c-e"]}]},{"@type":"ImageObject","inLanguage":"es","@id":"https:\/\/buscoequipomedico.com\/?product=andadera-roll-nitro-dlx-10266-al-azu-c-e#primaryimage","url":"https:\/\/buscoequipomedico.com\/wp-content\/uploads\/2020\/02\/andadera-roll-nitro-dlx-10266-al-azu-c-e-las-ruedas-delanteras-se-pueden-colocar-en-posicion-giratoria-o-fija-el-sistema-especia.jpg","contentUrl":"https:\/\/buscoequipomedico.com\/wp-content\/uploads\/2020\/02\/andadera-roll-nitro-dlx-10266-al-azu-c-e-las-ruedas-delanteras-se-pueden-colocar-en-posicion-giratoria-o-fija-el-sistema-especia.jpg","width":800,"height":800},{"@type":"BreadcrumbList","@id":"https:\/\/buscoequipomedico.com\/?product=andadera-roll-nitro-dlx-10266-al-azu-c-e#breadcrumb","itemListElement":[{"@type":"ListItem","position":1,"name":"Productos","item":"https:\/\/buscoequipomedico.com\/shop\/"},{"@type":"ListItem","position":2,"name":"ANDADERA ROLL NITRO DLX 10266 AL AZU C\/E"}]},{"@type":"WebSite","@id":"https:\/\/buscoequipomedico.com\/#website","url":"https:\/\/buscoequipomedico.com\/","name":"Tu mejor opci\u00f3n Equipo M\u00e9dico M\u00e9xico","description":"Tienda de equipo m\u00e9dico","publisher":{"@id":"https:\/\/buscoequipomedico.com\/#organization"},"potentialAction":[{"@type":"SearchAction","target":{"@type":"EntryPoint","urlTemplate":"https:\/\/buscoequipomedico.com\/?s={search_term_string}"},"query-input":{"@type":"PropertyValueSpecification","valueRequired":true,"valueName":"search_term_string"}}],"inLanguage":"es"},{"@type":"Organization","@id":"https:\/\/buscoequipomedico.com\/#organization","name":"Tu mejor opci\u00f3n Equipo M\u00e9dico M\u00e9xico","url":"https:\/\/buscoequipomedico.com\/","logo":{"@type":"ImageObject","inLanguage":"es","@id":"https:\/\/buscoequipomedico.com\/#\/schema\/logo\/image\/","url":"https:\/\/buscoequipomedico.com\/wp-content\/uploads\/2021\/07\/EMM-VPrincipal-scaled.jpg","contentUrl":"https:\/\/buscoequipomedico.com\/wp-content\/uploads\/2021\/07\/EMM-VPrincipal-scaled.jpg","width":2560,"height":1058,"caption":"Tu mejor opci\u00f3n Equipo M\u00e9dico M\u00e9xico"},"image":{"@id":"https:\/\/buscoequipomedico.com\/#\/schema\/logo\/image\/"}}]}},"_links":{"self":[{"href":"https:\/\/buscoequipomedico.com\/index.php?rest_route=\/wp\/v2\/product\/11072","targetHints":{"allow":["GET"]}}],"collection":[{"href":"https:\/\/buscoequipomedico.com\/index.php?rest_route=\/wp\/v2\/product"}],"about":[{"href":"https:\/\/buscoequipomedico.com\/index.php?rest_route=\/wp\/v2\/types\/product"}],"wp:featuredmedia":[{"embeddable":true,"href":"https:\/\/buscoequipomedico.com\/index.php?rest_route=\/wp\/v2\/media\/11073"}],"wp:attachment":[{"href":"https:\/\/buscoequipomedico.com\/index.php?rest_route=%2Fwp%2Fv2%2Fmedia&parent=11072"}],"wp:term":[{"taxonomy":"product_brand","embeddable":true,"href":"https:\/\/buscoequipomedico.com\/index.php?rest_route=%2Fwp%2Fv2%2Fproduct_brand&post=11072"},{"taxonomy":"product_cat","embeddable":true,"href":"https:\/\/buscoequipomedico.com\/index.php?rest_route=%2Fwp%2Fv2%2Fproduct_cat&post=11072"},{"taxonomy":"product_tag","embeddable":true,"href":"https:\/\/buscoequipomedico.com\/index.php?rest_route=%2Fwp%2Fv2%2Fproduct_tag&post=11072"}],"curies":[{"name":"wp","href":"https:\/\/api.w.org\/{rel}","templated":true}]}}