{"id":11082,"date":"2020-02-18T07:31:46","date_gmt":"2020-02-18T07:31:46","guid":{"rendered":"https:\/\/equipomedicomexico-com.preview-domain.com\/product\/andadera-ka3200n-post-alu-azu-nimbo-med\/"},"modified":"2020-02-18T07:31:49","modified_gmt":"2020-02-18T07:31:49","slug":"andadera-ka3200n-post-alu-azu-nimbo-med","status":"publish","type":"product","link":"https:\/\/buscoequipomedico.com\/?product=andadera-ka3200n-post-alu-azu-nimbo-med","title":{"rendered":"ANDADERA KA3200N POST ALU AZU NIMBO MED"},"content":{"rendered":"<ul>\n<li>Armaz\u00f3n de aluminio en color azul met\u00e1lico.<\/li>\n<li>Tama\u00f1o: mediana.<\/li>\n<li>Altura ajustable.<\/li>\n<li>Las ruedas blandas de goma se adhieren a cualquier superficie y no permiten que el andador Nimbo se deslice hacia atr\u00e1s.<\/li>\n<li>Ruedas traseras unidireccionales con carrete de aluminio y mecanismo de clavijas.<\/li>\n<li>El sujetador de mando antireversa desacopla las ruedas traseras unidireccionales y permite la movilidad hacia adelante y atr\u00e1s.<\/li>\n<li>Las ruedas giratorias delanteras mejoran la maniobrabilidad y facilitan la rotaci\u00f3n.<\/li>\n<li>Ruedas traseras de 5&#8243;.<\/li>\n<li>El mecanismo de bloqueo hace que las ruedas delanteras giratorias queden fijas. Cada rueda se ajusta de manera independiente.<\/li>\n<li>Las ruedas antideslizantes que no da\u00f1an los pisos y de f\u00e1cil rotaci\u00f3n son ideales para el uso interior y exterior.<\/li>\n<li>Empu\u00f1aduras sin l\u00e1tex con extremos con bridas.<\/li>\n<li>Se pliega con facilidad para transportarlo c\u00f3modamente.<\/li>\n<\/ul>\n","protected":false},"excerpt":{"rendered":"<ul>\n<li>Ancho total 66 cm (26\u00bb)<\/li>\n<li>Ancho interior: 38 cm (15\u00bb)<\/li>\n<li>Altura: 58 a 78 cm (23 &#8211; 30.5&#8243;)<\/li>\n<li>Peso del producto: 5kg (13 lbs)<\/li>\n<li>Soporta: 68 kg (150 lbs)<\/li>\n<\/ul>\n","protected":false},"featured_media":11083,"template":"","meta":{"_joinchat":[]},"product_brand":[],"product_cat":[213],"product_tag":[],"class_list":{"0":"post-11082","1":"product","2":"type-product","3":"status-publish","4":"has-post-thumbnail","6":"product_cat-concentradores","7":"pa_marca-drive","9":"first","10":"instock","11":"purchasable","12":"product-type-simple"},"yoast_head":"<!-- This site is optimized with the Yoast SEO plugin v25.1 - https:\/\/yoast.com\/wordpress\/plugins\/seo\/ -->\n<title>ANDADERA KA3200N POST ALU AZU NIMBO MED - Tu mejor opci\u00f3n Equipo M\u00e9dico M\u00e9xico<\/title>\n<meta name=\"robots\" content=\"index, follow, max-snippet:-1, max-image-preview:large, max-video-preview:-1\" \/>\n<link rel=\"canonical\" href=\"https:\/\/buscoequipomedico.com\/?product=andadera-ka3200n-post-alu-azu-nimbo-med\" \/>\n<meta property=\"og:locale\" content=\"es_ES\" \/>\n<meta property=\"og:type\" content=\"article\" \/>\n<meta property=\"og:title\" content=\"ANDADERA KA3200N POST ALU AZU NIMBO MED - Tu mejor opci\u00f3n Equipo M\u00e9dico M\u00e9xico\" \/>\n<meta property=\"og:description\" content=\"Ancho total 66 cm (26&#039;&#039;) Ancho interior: 38 cm (15&#039;&#039;) Altura: 58 a 78 cm (23 - 30.5&quot;) Peso del producto: 5kg (13 lbs) Soporta: 68 kg (150 lbs)\" \/>\n<meta property=\"og:url\" content=\"https:\/\/buscoequipomedico.com\/?product=andadera-ka3200n-post-alu-azu-nimbo-med\" \/>\n<meta property=\"og:site_name\" content=\"Tu mejor opci\u00f3n Equipo M\u00e9dico M\u00e9xico\" \/>\n<meta property=\"article:modified_time\" content=\"2020-02-18T07:31:49+00:00\" \/>\n<meta property=\"og:image\" content=\"https:\/\/buscoequipomedico.com\/wp-content\/uploads\/2020\/02\/andadera-ka3200n-post-alu-azu-nimbo-med-ancho-total-66-cm-26-ancho-interior-38-cm-15-altura-58-a-78-cm-23-305-peso-del-producto.jpg\" \/>\n\t<meta property=\"og:image:width\" content=\"800\" \/>\n\t<meta property=\"og:image:height\" content=\"800\" \/>\n\t<meta property=\"og:image:type\" content=\"image\/png\" \/>\n<meta name=\"twitter:card\" content=\"summary_large_image\" \/>\n<meta name=\"twitter:label1\" content=\"Tiempo de lectura\" \/>\n\t<meta name=\"twitter:data1\" content=\"1 minuto\" \/>\n<script type=\"application\/ld+json\" class=\"yoast-schema-graph\">{\"@context\":\"https:\/\/schema.org\",\"@graph\":[{\"@type\":\"WebPage\",\"@id\":\"https:\/\/buscoequipomedico.com\/?product=andadera-ka3200n-post-alu-azu-nimbo-med\",\"url\":\"https:\/\/buscoequipomedico.com\/?product=andadera-ka3200n-post-alu-azu-nimbo-med\",\"name\":\"ANDADERA KA3200N POST ALU AZU NIMBO MED - Tu mejor opci\u00f3n Equipo M\u00e9dico M\u00e9xico\",\"isPartOf\":{\"@id\":\"https:\/\/buscoequipomedico.com\/#website\"},\"primaryImageOfPage\":{\"@id\":\"https:\/\/buscoequipomedico.com\/?product=andadera-ka3200n-post-alu-azu-nimbo-med#primaryimage\"},\"image\":{\"@id\":\"https:\/\/buscoequipomedico.com\/?product=andadera-ka3200n-post-alu-azu-nimbo-med#primaryimage\"},\"thumbnailUrl\":\"https:\/\/buscoequipomedico.com\/wp-content\/uploads\/2020\/02\/andadera-ka3200n-post-alu-azu-nimbo-med-ancho-total-66-cm-26-ancho-interior-38-cm-15-altura-58-a-78-cm-23-305-peso-del-producto.jpg\",\"datePublished\":\"2020-02-18T07:31:46+00:00\",\"dateModified\":\"2020-02-18T07:31:49+00:00\",\"breadcrumb\":{\"@id\":\"https:\/\/buscoequipomedico.com\/?product=andadera-ka3200n-post-alu-azu-nimbo-med#breadcrumb\"},\"inLanguage\":\"es\",\"potentialAction\":[{\"@type\":\"ReadAction\",\"target\":[\"https:\/\/buscoequipomedico.com\/?product=andadera-ka3200n-post-alu-azu-nimbo-med\"]}]},{\"@type\":\"ImageObject\",\"inLanguage\":\"es\",\"@id\":\"https:\/\/buscoequipomedico.com\/?product=andadera-ka3200n-post-alu-azu-nimbo-med#primaryimage\",\"url\":\"https:\/\/buscoequipomedico.com\/wp-content\/uploads\/2020\/02\/andadera-ka3200n-post-alu-azu-nimbo-med-ancho-total-66-cm-26-ancho-interior-38-cm-15-altura-58-a-78-cm-23-305-peso-del-producto.jpg\",\"contentUrl\":\"https:\/\/buscoequipomedico.com\/wp-content\/uploads\/2020\/02\/andadera-ka3200n-post-alu-azu-nimbo-med-ancho-total-66-cm-26-ancho-interior-38-cm-15-altura-58-a-78-cm-23-305-peso-del-producto.jpg\",\"width\":800,\"height\":800},{\"@type\":\"BreadcrumbList\",\"@id\":\"https:\/\/buscoequipomedico.com\/?product=andadera-ka3200n-post-alu-azu-nimbo-med#breadcrumb\",\"itemListElement\":[{\"@type\":\"ListItem\",\"position\":1,\"name\":\"Productos\",\"item\":\"https:\/\/buscoequipomedico.com\/shop\/\"},{\"@type\":\"ListItem\",\"position\":2,\"name\":\"ANDADERA KA3200N POST ALU AZU NIMBO MED\"}]},{\"@type\":\"WebSite\",\"@id\":\"https:\/\/buscoequipomedico.com\/#website\",\"url\":\"https:\/\/buscoequipomedico.com\/\",\"name\":\"Tu mejor opci\u00f3n Equipo M\u00e9dico M\u00e9xico\",\"description\":\"Tienda de equipo m\u00e9dico\",\"publisher\":{\"@id\":\"https:\/\/buscoequipomedico.com\/#organization\"},\"potentialAction\":[{\"@type\":\"SearchAction\",\"target\":{\"@type\":\"EntryPoint\",\"urlTemplate\":\"https:\/\/buscoequipomedico.com\/?s={search_term_string}\"},\"query-input\":{\"@type\":\"PropertyValueSpecification\",\"valueRequired\":true,\"valueName\":\"search_term_string\"}}],\"inLanguage\":\"es\"},{\"@type\":\"Organization\",\"@id\":\"https:\/\/buscoequipomedico.com\/#organization\",\"name\":\"Tu mejor opci\u00f3n Equipo M\u00e9dico M\u00e9xico\",\"url\":\"https:\/\/buscoequipomedico.com\/\",\"logo\":{\"@type\":\"ImageObject\",\"inLanguage\":\"es\",\"@id\":\"https:\/\/buscoequipomedico.com\/#\/schema\/logo\/image\/\",\"url\":\"https:\/\/buscoequipomedico.com\/wp-content\/uploads\/2021\/07\/EMM-VPrincipal-scaled.jpg\",\"contentUrl\":\"https:\/\/buscoequipomedico.com\/wp-content\/uploads\/2021\/07\/EMM-VPrincipal-scaled.jpg\",\"width\":2560,\"height\":1058,\"caption\":\"Tu mejor opci\u00f3n Equipo M\u00e9dico M\u00e9xico\"},\"image\":{\"@id\":\"https:\/\/buscoequipomedico.com\/#\/schema\/logo\/image\/\"}}]}<\/script>\n<!-- \/ Yoast SEO plugin. -->","yoast_head_json":{"title":"ANDADERA KA3200N POST ALU AZU NIMBO MED - Tu mejor opci\u00f3n Equipo M\u00e9dico M\u00e9xico","robots":{"index":"index","follow":"follow","max-snippet":"max-snippet:-1","max-image-preview":"max-image-preview:large","max-video-preview":"max-video-preview:-1"},"canonical":"https:\/\/buscoequipomedico.com\/?product=andadera-ka3200n-post-alu-azu-nimbo-med","og_locale":"es_ES","og_type":"article","og_title":"ANDADERA KA3200N POST ALU AZU NIMBO MED - Tu mejor opci\u00f3n Equipo M\u00e9dico M\u00e9xico","og_description":"Ancho total 66 cm (26'') Ancho interior: 38 cm (15'') Altura: 58 a 78 cm (23 - 30.5\") Peso del producto: 5kg (13 lbs) Soporta: 68 kg (150 lbs)","og_url":"https:\/\/buscoequipomedico.com\/?product=andadera-ka3200n-post-alu-azu-nimbo-med","og_site_name":"Tu mejor opci\u00f3n Equipo M\u00e9dico M\u00e9xico","article_modified_time":"2020-02-18T07:31:49+00:00","og_image":[{"width":800,"height":800,"url":"https:\/\/buscoequipomedico.com\/wp-content\/uploads\/2020\/02\/andadera-ka3200n-post-alu-azu-nimbo-med-ancho-total-66-cm-26-ancho-interior-38-cm-15-altura-58-a-78-cm-23-305-peso-del-producto.jpg","type":"image\/png"}],"twitter_card":"summary_large_image","twitter_misc":{"Tiempo de lectura":"1 minuto"},"schema":{"@context":"https:\/\/schema.org","@graph":[{"@type":"WebPage","@id":"https:\/\/buscoequipomedico.com\/?product=andadera-ka3200n-post-alu-azu-nimbo-med","url":"https:\/\/buscoequipomedico.com\/?product=andadera-ka3200n-post-alu-azu-nimbo-med","name":"ANDADERA KA3200N POST ALU AZU NIMBO MED - Tu mejor opci\u00f3n Equipo M\u00e9dico M\u00e9xico","isPartOf":{"@id":"https:\/\/buscoequipomedico.com\/#website"},"primaryImageOfPage":{"@id":"https:\/\/buscoequipomedico.com\/?product=andadera-ka3200n-post-alu-azu-nimbo-med#primaryimage"},"image":{"@id":"https:\/\/buscoequipomedico.com\/?product=andadera-ka3200n-post-alu-azu-nimbo-med#primaryimage"},"thumbnailUrl":"https:\/\/buscoequipomedico.com\/wp-content\/uploads\/2020\/02\/andadera-ka3200n-post-alu-azu-nimbo-med-ancho-total-66-cm-26-ancho-interior-38-cm-15-altura-58-a-78-cm-23-305-peso-del-producto.jpg","datePublished":"2020-02-18T07:31:46+00:00","dateModified":"2020-02-18T07:31:49+00:00","breadcrumb":{"@id":"https:\/\/buscoequipomedico.com\/?product=andadera-ka3200n-post-alu-azu-nimbo-med#breadcrumb"},"inLanguage":"es","potentialAction":[{"@type":"ReadAction","target":["https:\/\/buscoequipomedico.com\/?product=andadera-ka3200n-post-alu-azu-nimbo-med"]}]},{"@type":"ImageObject","inLanguage":"es","@id":"https:\/\/buscoequipomedico.com\/?product=andadera-ka3200n-post-alu-azu-nimbo-med#primaryimage","url":"https:\/\/buscoequipomedico.com\/wp-content\/uploads\/2020\/02\/andadera-ka3200n-post-alu-azu-nimbo-med-ancho-total-66-cm-26-ancho-interior-38-cm-15-altura-58-a-78-cm-23-305-peso-del-producto.jpg","contentUrl":"https:\/\/buscoequipomedico.com\/wp-content\/uploads\/2020\/02\/andadera-ka3200n-post-alu-azu-nimbo-med-ancho-total-66-cm-26-ancho-interior-38-cm-15-altura-58-a-78-cm-23-305-peso-del-producto.jpg","width":800,"height":800},{"@type":"BreadcrumbList","@id":"https:\/\/buscoequipomedico.com\/?product=andadera-ka3200n-post-alu-azu-nimbo-med#breadcrumb","itemListElement":[{"@type":"ListItem","position":1,"name":"Productos","item":"https:\/\/buscoequipomedico.com\/shop\/"},{"@type":"ListItem","position":2,"name":"ANDADERA KA3200N POST ALU AZU NIMBO MED"}]},{"@type":"WebSite","@id":"https:\/\/buscoequipomedico.com\/#website","url":"https:\/\/buscoequipomedico.com\/","name":"Tu mejor opci\u00f3n Equipo M\u00e9dico M\u00e9xico","description":"Tienda de equipo m\u00e9dico","publisher":{"@id":"https:\/\/buscoequipomedico.com\/#organization"},"potentialAction":[{"@type":"SearchAction","target":{"@type":"EntryPoint","urlTemplate":"https:\/\/buscoequipomedico.com\/?s={search_term_string}"},"query-input":{"@type":"PropertyValueSpecification","valueRequired":true,"valueName":"search_term_string"}}],"inLanguage":"es"},{"@type":"Organization","@id":"https:\/\/buscoequipomedico.com\/#organization","name":"Tu mejor opci\u00f3n Equipo M\u00e9dico M\u00e9xico","url":"https:\/\/buscoequipomedico.com\/","logo":{"@type":"ImageObject","inLanguage":"es","@id":"https:\/\/buscoequipomedico.com\/#\/schema\/logo\/image\/","url":"https:\/\/buscoequipomedico.com\/wp-content\/uploads\/2021\/07\/EMM-VPrincipal-scaled.jpg","contentUrl":"https:\/\/buscoequipomedico.com\/wp-content\/uploads\/2021\/07\/EMM-VPrincipal-scaled.jpg","width":2560,"height":1058,"caption":"Tu mejor opci\u00f3n Equipo M\u00e9dico M\u00e9xico"},"image":{"@id":"https:\/\/buscoequipomedico.com\/#\/schema\/logo\/image\/"}}]}},"_links":{"self":[{"href":"https:\/\/buscoequipomedico.com\/index.php?rest_route=\/wp\/v2\/product\/11082","targetHints":{"allow":["GET"]}}],"collection":[{"href":"https:\/\/buscoequipomedico.com\/index.php?rest_route=\/wp\/v2\/product"}],"about":[{"href":"https:\/\/buscoequipomedico.com\/index.php?rest_route=\/wp\/v2\/types\/product"}],"wp:featuredmedia":[{"embeddable":true,"href":"https:\/\/buscoequipomedico.com\/index.php?rest_route=\/wp\/v2\/media\/11083"}],"wp:attachment":[{"href":"https:\/\/buscoequipomedico.com\/index.php?rest_route=%2Fwp%2Fv2%2Fmedia&parent=11082"}],"wp:term":[{"taxonomy":"product_brand","embeddable":true,"href":"https:\/\/buscoequipomedico.com\/index.php?rest_route=%2Fwp%2Fv2%2Fproduct_brand&post=11082"},{"taxonomy":"product_cat","embeddable":true,"href":"https:\/\/buscoequipomedico.com\/index.php?rest_route=%2Fwp%2Fv2%2Fproduct_cat&post=11082"},{"taxonomy":"product_tag","embeddable":true,"href":"https:\/\/buscoequipomedico.com\/index.php?rest_route=%2Fwp%2Fv2%2Fproduct_tag&post=11082"}],"curies":[{"name":"wp","href":"https:\/\/api.w.org\/{rel}","templated":true}]}}