{"id":11094,"date":"2020-02-18T07:31:46","date_gmt":"2020-02-18T07:31:46","guid":{"rendered":"https:\/\/equipomedicomexico-com.preview-domain.com\/product\/andadera-ka1200n-post-alu-roj-nimbo-xch\/"},"modified":"2020-02-18T07:31:50","modified_gmt":"2020-02-18T07:31:50","slug":"andadera-ka1200n-post-alu-roj-nimbo-xch","status":"publish","type":"product","link":"https:\/\/buscoequipomedico.com\/?product=andadera-ka1200n-post-alu-roj-nimbo-xch","title":{"rendered":"ANDADERA KA1200N POST ALU ROJ NIMBO XCH"},"content":{"rendered":"<p><span>El andador posterior facilita el enderezamiento del tronco, rompiendo el patr\u00f3n flexor que predomina en los ni\u00f1os con espasticidad, adem\u00e1s de disminuir la flexi\u00f3n de las caderas y rodillas, tambi\u00e9n promueve una marcha m\u00e1s normalizada con menor gasto energ\u00e9tico y sin que tenga un obst\u00e1culo delante para poder interactuar con el entorno.<\/span><\/p>\n","protected":false},"excerpt":{"rendered":"<p><span>Esta andadera posterior consta de cuatro ruedas proporciona comodidad y mejor manejo.<\/span><\/p>\n","protected":false},"featured_media":11095,"template":"","meta":{"_joinchat":[]},"product_brand":[],"product_cat":[213],"product_tag":[],"class_list":{"0":"post-11094","1":"product","2":"type-product","3":"status-publish","4":"has-post-thumbnail","6":"product_cat-concentradores","7":"pa_marca-drive","9":"first","10":"instock","11":"purchasable","12":"product-type-simple"},"yoast_head":"<!-- This site is optimized with the Yoast SEO plugin v25.1 - https:\/\/yoast.com\/wordpress\/plugins\/seo\/ -->\n<title>ANDADERA KA1200N POST ALU ROJ NIMBO XCH - Tu mejor opci\u00f3n Equipo M\u00e9dico M\u00e9xico<\/title>\n<meta name=\"robots\" content=\"index, follow, max-snippet:-1, max-image-preview:large, max-video-preview:-1\" \/>\n<link rel=\"canonical\" href=\"https:\/\/buscoequipomedico.com\/?product=andadera-ka1200n-post-alu-roj-nimbo-xch\" \/>\n<meta property=\"og:locale\" content=\"es_ES\" \/>\n<meta property=\"og:type\" content=\"article\" \/>\n<meta property=\"og:title\" content=\"ANDADERA KA1200N POST ALU ROJ NIMBO XCH - Tu mejor opci\u00f3n Equipo M\u00e9dico M\u00e9xico\" \/>\n<meta property=\"og:description\" content=\"Esta andadera posterior consta de cuatro ruedas proporciona comodidad y mejor manejo.\" \/>\n<meta property=\"og:url\" content=\"https:\/\/buscoequipomedico.com\/?product=andadera-ka1200n-post-alu-roj-nimbo-xch\" \/>\n<meta property=\"og:site_name\" content=\"Tu mejor opci\u00f3n Equipo M\u00e9dico M\u00e9xico\" \/>\n<meta property=\"article:modified_time\" content=\"2020-02-18T07:31:50+00:00\" \/>\n<meta property=\"og:image\" content=\"https:\/\/buscoequipomedico.com\/wp-content\/uploads\/2020\/02\/andadera-ka1200n-post-alu-roj-nimbo-xch-esta-andadera-posterior-consta-de-cuatro-ruedas-proporciona-comodidad-y-mejor-manejo.jpg\" \/>\n\t<meta property=\"og:image:width\" content=\"800\" \/>\n\t<meta property=\"og:image:height\" content=\"800\" \/>\n\t<meta property=\"og:image:type\" content=\"image\/png\" \/>\n<meta name=\"twitter:card\" content=\"summary_large_image\" \/>\n<script type=\"application\/ld+json\" class=\"yoast-schema-graph\">{\"@context\":\"https:\/\/schema.org\",\"@graph\":[{\"@type\":\"WebPage\",\"@id\":\"https:\/\/buscoequipomedico.com\/?product=andadera-ka1200n-post-alu-roj-nimbo-xch\",\"url\":\"https:\/\/buscoequipomedico.com\/?product=andadera-ka1200n-post-alu-roj-nimbo-xch\",\"name\":\"ANDADERA KA1200N POST ALU ROJ NIMBO XCH - Tu mejor opci\u00f3n Equipo M\u00e9dico M\u00e9xico\",\"isPartOf\":{\"@id\":\"https:\/\/buscoequipomedico.com\/#website\"},\"primaryImageOfPage\":{\"@id\":\"https:\/\/buscoequipomedico.com\/?product=andadera-ka1200n-post-alu-roj-nimbo-xch#primaryimage\"},\"image\":{\"@id\":\"https:\/\/buscoequipomedico.com\/?product=andadera-ka1200n-post-alu-roj-nimbo-xch#primaryimage\"},\"thumbnailUrl\":\"https:\/\/buscoequipomedico.com\/wp-content\/uploads\/2020\/02\/andadera-ka1200n-post-alu-roj-nimbo-xch-esta-andadera-posterior-consta-de-cuatro-ruedas-proporciona-comodidad-y-mejor-manejo.jpg\",\"datePublished\":\"2020-02-18T07:31:46+00:00\",\"dateModified\":\"2020-02-18T07:31:50+00:00\",\"breadcrumb\":{\"@id\":\"https:\/\/buscoequipomedico.com\/?product=andadera-ka1200n-post-alu-roj-nimbo-xch#breadcrumb\"},\"inLanguage\":\"es\",\"potentialAction\":[{\"@type\":\"ReadAction\",\"target\":[\"https:\/\/buscoequipomedico.com\/?product=andadera-ka1200n-post-alu-roj-nimbo-xch\"]}]},{\"@type\":\"ImageObject\",\"inLanguage\":\"es\",\"@id\":\"https:\/\/buscoequipomedico.com\/?product=andadera-ka1200n-post-alu-roj-nimbo-xch#primaryimage\",\"url\":\"https:\/\/buscoequipomedico.com\/wp-content\/uploads\/2020\/02\/andadera-ka1200n-post-alu-roj-nimbo-xch-esta-andadera-posterior-consta-de-cuatro-ruedas-proporciona-comodidad-y-mejor-manejo.jpg\",\"contentUrl\":\"https:\/\/buscoequipomedico.com\/wp-content\/uploads\/2020\/02\/andadera-ka1200n-post-alu-roj-nimbo-xch-esta-andadera-posterior-consta-de-cuatro-ruedas-proporciona-comodidad-y-mejor-manejo.jpg\",\"width\":800,\"height\":800},{\"@type\":\"BreadcrumbList\",\"@id\":\"https:\/\/buscoequipomedico.com\/?product=andadera-ka1200n-post-alu-roj-nimbo-xch#breadcrumb\",\"itemListElement\":[{\"@type\":\"ListItem\",\"position\":1,\"name\":\"Productos\",\"item\":\"https:\/\/buscoequipomedico.com\/shop\/\"},{\"@type\":\"ListItem\",\"position\":2,\"name\":\"ANDADERA KA1200N POST ALU ROJ NIMBO XCH\"}]},{\"@type\":\"WebSite\",\"@id\":\"https:\/\/buscoequipomedico.com\/#website\",\"url\":\"https:\/\/buscoequipomedico.com\/\",\"name\":\"Tu mejor opci\u00f3n Equipo M\u00e9dico M\u00e9xico\",\"description\":\"Tienda de equipo m\u00e9dico\",\"publisher\":{\"@id\":\"https:\/\/buscoequipomedico.com\/#organization\"},\"potentialAction\":[{\"@type\":\"SearchAction\",\"target\":{\"@type\":\"EntryPoint\",\"urlTemplate\":\"https:\/\/buscoequipomedico.com\/?s={search_term_string}\"},\"query-input\":{\"@type\":\"PropertyValueSpecification\",\"valueRequired\":true,\"valueName\":\"search_term_string\"}}],\"inLanguage\":\"es\"},{\"@type\":\"Organization\",\"@id\":\"https:\/\/buscoequipomedico.com\/#organization\",\"name\":\"Tu mejor opci\u00f3n Equipo M\u00e9dico M\u00e9xico\",\"url\":\"https:\/\/buscoequipomedico.com\/\",\"logo\":{\"@type\":\"ImageObject\",\"inLanguage\":\"es\",\"@id\":\"https:\/\/buscoequipomedico.com\/#\/schema\/logo\/image\/\",\"url\":\"https:\/\/buscoequipomedico.com\/wp-content\/uploads\/2021\/07\/EMM-VPrincipal-scaled.jpg\",\"contentUrl\":\"https:\/\/buscoequipomedico.com\/wp-content\/uploads\/2021\/07\/EMM-VPrincipal-scaled.jpg\",\"width\":2560,\"height\":1058,\"caption\":\"Tu mejor opci\u00f3n Equipo M\u00e9dico M\u00e9xico\"},\"image\":{\"@id\":\"https:\/\/buscoequipomedico.com\/#\/schema\/logo\/image\/\"}}]}<\/script>\n<!-- \/ Yoast SEO plugin. -->","yoast_head_json":{"title":"ANDADERA KA1200N POST ALU ROJ NIMBO XCH - Tu mejor opci\u00f3n Equipo M\u00e9dico M\u00e9xico","robots":{"index":"index","follow":"follow","max-snippet":"max-snippet:-1","max-image-preview":"max-image-preview:large","max-video-preview":"max-video-preview:-1"},"canonical":"https:\/\/buscoequipomedico.com\/?product=andadera-ka1200n-post-alu-roj-nimbo-xch","og_locale":"es_ES","og_type":"article","og_title":"ANDADERA KA1200N POST ALU ROJ NIMBO XCH - Tu mejor opci\u00f3n Equipo M\u00e9dico M\u00e9xico","og_description":"Esta andadera posterior consta de cuatro ruedas proporciona comodidad y mejor manejo.","og_url":"https:\/\/buscoequipomedico.com\/?product=andadera-ka1200n-post-alu-roj-nimbo-xch","og_site_name":"Tu mejor opci\u00f3n Equipo M\u00e9dico M\u00e9xico","article_modified_time":"2020-02-18T07:31:50+00:00","og_image":[{"width":800,"height":800,"url":"https:\/\/buscoequipomedico.com\/wp-content\/uploads\/2020\/02\/andadera-ka1200n-post-alu-roj-nimbo-xch-esta-andadera-posterior-consta-de-cuatro-ruedas-proporciona-comodidad-y-mejor-manejo.jpg","type":"image\/png"}],"twitter_card":"summary_large_image","schema":{"@context":"https:\/\/schema.org","@graph":[{"@type":"WebPage","@id":"https:\/\/buscoequipomedico.com\/?product=andadera-ka1200n-post-alu-roj-nimbo-xch","url":"https:\/\/buscoequipomedico.com\/?product=andadera-ka1200n-post-alu-roj-nimbo-xch","name":"ANDADERA KA1200N POST ALU ROJ NIMBO XCH - Tu mejor opci\u00f3n Equipo M\u00e9dico M\u00e9xico","isPartOf":{"@id":"https:\/\/buscoequipomedico.com\/#website"},"primaryImageOfPage":{"@id":"https:\/\/buscoequipomedico.com\/?product=andadera-ka1200n-post-alu-roj-nimbo-xch#primaryimage"},"image":{"@id":"https:\/\/buscoequipomedico.com\/?product=andadera-ka1200n-post-alu-roj-nimbo-xch#primaryimage"},"thumbnailUrl":"https:\/\/buscoequipomedico.com\/wp-content\/uploads\/2020\/02\/andadera-ka1200n-post-alu-roj-nimbo-xch-esta-andadera-posterior-consta-de-cuatro-ruedas-proporciona-comodidad-y-mejor-manejo.jpg","datePublished":"2020-02-18T07:31:46+00:00","dateModified":"2020-02-18T07:31:50+00:00","breadcrumb":{"@id":"https:\/\/buscoequipomedico.com\/?product=andadera-ka1200n-post-alu-roj-nimbo-xch#breadcrumb"},"inLanguage":"es","potentialAction":[{"@type":"ReadAction","target":["https:\/\/buscoequipomedico.com\/?product=andadera-ka1200n-post-alu-roj-nimbo-xch"]}]},{"@type":"ImageObject","inLanguage":"es","@id":"https:\/\/buscoequipomedico.com\/?product=andadera-ka1200n-post-alu-roj-nimbo-xch#primaryimage","url":"https:\/\/buscoequipomedico.com\/wp-content\/uploads\/2020\/02\/andadera-ka1200n-post-alu-roj-nimbo-xch-esta-andadera-posterior-consta-de-cuatro-ruedas-proporciona-comodidad-y-mejor-manejo.jpg","contentUrl":"https:\/\/buscoequipomedico.com\/wp-content\/uploads\/2020\/02\/andadera-ka1200n-post-alu-roj-nimbo-xch-esta-andadera-posterior-consta-de-cuatro-ruedas-proporciona-comodidad-y-mejor-manejo.jpg","width":800,"height":800},{"@type":"BreadcrumbList","@id":"https:\/\/buscoequipomedico.com\/?product=andadera-ka1200n-post-alu-roj-nimbo-xch#breadcrumb","itemListElement":[{"@type":"ListItem","position":1,"name":"Productos","item":"https:\/\/buscoequipomedico.com\/shop\/"},{"@type":"ListItem","position":2,"name":"ANDADERA KA1200N POST ALU ROJ NIMBO XCH"}]},{"@type":"WebSite","@id":"https:\/\/buscoequipomedico.com\/#website","url":"https:\/\/buscoequipomedico.com\/","name":"Tu mejor opci\u00f3n Equipo M\u00e9dico M\u00e9xico","description":"Tienda de equipo m\u00e9dico","publisher":{"@id":"https:\/\/buscoequipomedico.com\/#organization"},"potentialAction":[{"@type":"SearchAction","target":{"@type":"EntryPoint","urlTemplate":"https:\/\/buscoequipomedico.com\/?s={search_term_string}"},"query-input":{"@type":"PropertyValueSpecification","valueRequired":true,"valueName":"search_term_string"}}],"inLanguage":"es"},{"@type":"Organization","@id":"https:\/\/buscoequipomedico.com\/#organization","name":"Tu mejor opci\u00f3n Equipo M\u00e9dico M\u00e9xico","url":"https:\/\/buscoequipomedico.com\/","logo":{"@type":"ImageObject","inLanguage":"es","@id":"https:\/\/buscoequipomedico.com\/#\/schema\/logo\/image\/","url":"https:\/\/buscoequipomedico.com\/wp-content\/uploads\/2021\/07\/EMM-VPrincipal-scaled.jpg","contentUrl":"https:\/\/buscoequipomedico.com\/wp-content\/uploads\/2021\/07\/EMM-VPrincipal-scaled.jpg","width":2560,"height":1058,"caption":"Tu mejor opci\u00f3n Equipo M\u00e9dico M\u00e9xico"},"image":{"@id":"https:\/\/buscoequipomedico.com\/#\/schema\/logo\/image\/"}}]}},"_links":{"self":[{"href":"https:\/\/buscoequipomedico.com\/index.php?rest_route=\/wp\/v2\/product\/11094","targetHints":{"allow":["GET"]}}],"collection":[{"href":"https:\/\/buscoequipomedico.com\/index.php?rest_route=\/wp\/v2\/product"}],"about":[{"href":"https:\/\/buscoequipomedico.com\/index.php?rest_route=\/wp\/v2\/types\/product"}],"wp:featuredmedia":[{"embeddable":true,"href":"https:\/\/buscoequipomedico.com\/index.php?rest_route=\/wp\/v2\/media\/11095"}],"wp:attachment":[{"href":"https:\/\/buscoequipomedico.com\/index.php?rest_route=%2Fwp%2Fv2%2Fmedia&parent=11094"}],"wp:term":[{"taxonomy":"product_brand","embeddable":true,"href":"https:\/\/buscoequipomedico.com\/index.php?rest_route=%2Fwp%2Fv2%2Fproduct_brand&post=11094"},{"taxonomy":"product_cat","embeddable":true,"href":"https:\/\/buscoequipomedico.com\/index.php?rest_route=%2Fwp%2Fv2%2Fproduct_cat&post=11094"},{"taxonomy":"product_tag","embeddable":true,"href":"https:\/\/buscoequipomedico.com\/index.php?rest_route=%2Fwp%2Fv2%2Fproduct_tag&post=11094"}],"curies":[{"name":"wp","href":"https:\/\/api.w.org\/{rel}","templated":true}]}}