{"id":11106,"date":"2020-02-18T07:31:53","date_gmt":"2020-02-18T07:31:53","guid":{"rendered":"https:\/\/equipomedicomexico-com.preview-domain.com\/product\/andadera-roll-795bu-convertible-alu-vino\/"},"modified":"2020-02-18T07:31:53","modified_gmt":"2020-02-18T07:31:53","slug":"andadera-roll-795bu-convertible-alu-vino","status":"publish","type":"product","link":"https:\/\/buscoequipomedico.com\/?product=andadera-roll-795bu-convertible-alu-vino","title":{"rendered":"ANDADERA ROLL 795BU CONVERTIBLE ALU VINO"},"content":{"rendered":"<p><span>Combina las caracter\u00edsticas de un andador o una silla de transporte en una unidad. El usuario puede caminar por s\u00ed mismo o ser trasladado de manera segura por la persona a cargo.<\/span><br \/><span>Duet tiene apoyabrazos desplegables de bloqueo y un apoya pies desplegable para ayudar al usuario mientras se usa Duet en el modo de silla de transporte. Se usa un disparador de bloqueo de seguridad para guardar los apoyabrazos y una correa de abrojo (velcro) para guardar el apoya pies mientras se usa Duet para caminar.<\/span><br \/><span>El respaldo acolchado curvado de dos posiciones sin herramientas es reversible seg\u00fan se use Duet en el modo ambulatorio o de silla de transporte.<\/span><br \/><span>Sistema de trabas de f\u00e1cil de usar.<\/span><br \/><span>C\u00f3modo asiento acolchado con bolsa grande debajo del asiento para guardar objetos personales de manera segura. En el interior de la bolsa hay un mango para ayudar a plegarlo.<\/span><br \/><span>El armaz\u00f3n plegable tiene una funci\u00f3n de bloqueo para garantizar que la unidad se mantenga abierta mientras est\u00e1 en uso y plegada durante el transporte.<\/span><br \/><span>Las ruedas de 8\u201d se usan para actividades tanto interiores como exteriores.<\/span><br \/><span>Pesa solamente 19 lb<\/span><\/p>\n","protected":false},"excerpt":{"rendered":"<p><strong>Material:<\/strong>\u00a0Aluminio<br \/><strong>Color:<\/strong>\u00a0Esmaltada en roja<\/p>\n<ul>\n<li>Frenos de chicote<\/li>\n<li>Manubrios de altura ajustable<\/li>\n<li>Asiento acojinado con bolsa en la parte de abajo (en el interior hay un mango para ayudar a plegarlo )<\/li>\n<li>Respaldo acojinado de 2 posiciones (reversible )<\/li>\n<li>Descansabrazos y descansa pies desplegables para el modo de silla<\/li>\n<li>Funci\u00f3n de bloqueo, para mantenerla plegada o abierta seg\u00fan se requiera.<\/li>\n<\/ul>\n","protected":false},"featured_media":11107,"template":"","meta":{"_joinchat":[]},"product_brand":[],"product_cat":[213],"product_tag":[],"class_list":{"0":"post-11106","1":"product","2":"type-product","3":"status-publish","4":"has-post-thumbnail","6":"product_cat-concentradores","7":"pa_marca-drive","9":"first","10":"instock","11":"purchasable","12":"product-type-simple"},"yoast_head":"<!-- This site is optimized with the Yoast SEO plugin v25.1 - https:\/\/yoast.com\/wordpress\/plugins\/seo\/ -->\n<title>ANDADERA ROLL 795BU CONVERTIBLE ALU VINO - Tu mejor opci\u00f3n Equipo M\u00e9dico M\u00e9xico<\/title>\n<meta name=\"robots\" content=\"index, follow, max-snippet:-1, max-image-preview:large, max-video-preview:-1\" \/>\n<link rel=\"canonical\" href=\"https:\/\/buscoequipomedico.com\/?product=andadera-roll-795bu-convertible-alu-vino\" \/>\n<meta property=\"og:locale\" content=\"es_ES\" \/>\n<meta property=\"og:type\" content=\"article\" \/>\n<meta property=\"og:title\" content=\"ANDADERA ROLL 795BU CONVERTIBLE ALU VINO - Tu mejor opci\u00f3n Equipo M\u00e9dico M\u00e9xico\" \/>\n<meta property=\"og:description\" content=\"Material:\u00a0AluminioColor:\u00a0Esmaltada en roja Frenos de chicote Manubrios de altura ajustable Asiento acojinado con bolsa en la parte de abajo (en el interior hay un mango para ayudar a plegarlo ) Respaldo acojinado de 2 posiciones (reversible ) Descansabrazos y descansa pies desplegables para el modo de silla Funci\u00f3n de bloqueo, para mantenerla plegada o abierta seg\u00fan se requiera.\" \/>\n<meta property=\"og:url\" content=\"https:\/\/buscoequipomedico.com\/?product=andadera-roll-795bu-convertible-alu-vino\" \/>\n<meta property=\"og:site_name\" content=\"Tu mejor opci\u00f3n Equipo M\u00e9dico M\u00e9xico\" \/>\n<meta property=\"og:image\" content=\"https:\/\/buscoequipomedico.com\/wp-content\/uploads\/2020\/02\/andadera-roll-795bu-convertible-alu-vino-material-aluminiocolor-esmaltada-en-roja-frenos-de-chicote-manubrios-de-altura-ajustabl.jpg\" \/>\n\t<meta property=\"og:image:width\" content=\"800\" \/>\n\t<meta property=\"og:image:height\" content=\"800\" \/>\n\t<meta property=\"og:image:type\" content=\"image\/png\" \/>\n<meta name=\"twitter:card\" content=\"summary_large_image\" \/>\n<meta name=\"twitter:label1\" content=\"Tiempo de lectura\" \/>\n\t<meta name=\"twitter:data1\" content=\"1 minuto\" \/>\n<script type=\"application\/ld+json\" class=\"yoast-schema-graph\">{\"@context\":\"https:\/\/schema.org\",\"@graph\":[{\"@type\":\"WebPage\",\"@id\":\"https:\/\/buscoequipomedico.com\/?product=andadera-roll-795bu-convertible-alu-vino\",\"url\":\"https:\/\/buscoequipomedico.com\/?product=andadera-roll-795bu-convertible-alu-vino\",\"name\":\"ANDADERA ROLL 795BU CONVERTIBLE ALU VINO - Tu mejor opci\u00f3n Equipo M\u00e9dico M\u00e9xico\",\"isPartOf\":{\"@id\":\"https:\/\/buscoequipomedico.com\/#website\"},\"primaryImageOfPage\":{\"@id\":\"https:\/\/buscoequipomedico.com\/?product=andadera-roll-795bu-convertible-alu-vino#primaryimage\"},\"image\":{\"@id\":\"https:\/\/buscoequipomedico.com\/?product=andadera-roll-795bu-convertible-alu-vino#primaryimage\"},\"thumbnailUrl\":\"https:\/\/buscoequipomedico.com\/wp-content\/uploads\/2020\/02\/andadera-roll-795bu-convertible-alu-vino-material-aluminiocolor-esmaltada-en-roja-frenos-de-chicote-manubrios-de-altura-ajustabl.jpg\",\"datePublished\":\"2020-02-18T07:31:53+00:00\",\"breadcrumb\":{\"@id\":\"https:\/\/buscoequipomedico.com\/?product=andadera-roll-795bu-convertible-alu-vino#breadcrumb\"},\"inLanguage\":\"es\",\"potentialAction\":[{\"@type\":\"ReadAction\",\"target\":[\"https:\/\/buscoequipomedico.com\/?product=andadera-roll-795bu-convertible-alu-vino\"]}]},{\"@type\":\"ImageObject\",\"inLanguage\":\"es\",\"@id\":\"https:\/\/buscoequipomedico.com\/?product=andadera-roll-795bu-convertible-alu-vino#primaryimage\",\"url\":\"https:\/\/buscoequipomedico.com\/wp-content\/uploads\/2020\/02\/andadera-roll-795bu-convertible-alu-vino-material-aluminiocolor-esmaltada-en-roja-frenos-de-chicote-manubrios-de-altura-ajustabl.jpg\",\"contentUrl\":\"https:\/\/buscoequipomedico.com\/wp-content\/uploads\/2020\/02\/andadera-roll-795bu-convertible-alu-vino-material-aluminiocolor-esmaltada-en-roja-frenos-de-chicote-manubrios-de-altura-ajustabl.jpg\",\"width\":800,\"height\":800},{\"@type\":\"BreadcrumbList\",\"@id\":\"https:\/\/buscoequipomedico.com\/?product=andadera-roll-795bu-convertible-alu-vino#breadcrumb\",\"itemListElement\":[{\"@type\":\"ListItem\",\"position\":1,\"name\":\"Productos\",\"item\":\"https:\/\/buscoequipomedico.com\/shop\/\"},{\"@type\":\"ListItem\",\"position\":2,\"name\":\"ANDADERA ROLL 795BU CONVERTIBLE ALU VINO\"}]},{\"@type\":\"WebSite\",\"@id\":\"https:\/\/buscoequipomedico.com\/#website\",\"url\":\"https:\/\/buscoequipomedico.com\/\",\"name\":\"Tu mejor opci\u00f3n Equipo M\u00e9dico M\u00e9xico\",\"description\":\"Tienda de equipo m\u00e9dico\",\"publisher\":{\"@id\":\"https:\/\/buscoequipomedico.com\/#organization\"},\"potentialAction\":[{\"@type\":\"SearchAction\",\"target\":{\"@type\":\"EntryPoint\",\"urlTemplate\":\"https:\/\/buscoequipomedico.com\/?s={search_term_string}\"},\"query-input\":{\"@type\":\"PropertyValueSpecification\",\"valueRequired\":true,\"valueName\":\"search_term_string\"}}],\"inLanguage\":\"es\"},{\"@type\":\"Organization\",\"@id\":\"https:\/\/buscoequipomedico.com\/#organization\",\"name\":\"Tu mejor opci\u00f3n Equipo M\u00e9dico M\u00e9xico\",\"url\":\"https:\/\/buscoequipomedico.com\/\",\"logo\":{\"@type\":\"ImageObject\",\"inLanguage\":\"es\",\"@id\":\"https:\/\/buscoequipomedico.com\/#\/schema\/logo\/image\/\",\"url\":\"https:\/\/buscoequipomedico.com\/wp-content\/uploads\/2021\/07\/EMM-VPrincipal-scaled.jpg\",\"contentUrl\":\"https:\/\/buscoequipomedico.com\/wp-content\/uploads\/2021\/07\/EMM-VPrincipal-scaled.jpg\",\"width\":2560,\"height\":1058,\"caption\":\"Tu mejor opci\u00f3n Equipo M\u00e9dico M\u00e9xico\"},\"image\":{\"@id\":\"https:\/\/buscoequipomedico.com\/#\/schema\/logo\/image\/\"}}]}<\/script>\n<!-- \/ Yoast SEO plugin. -->","yoast_head_json":{"title":"ANDADERA ROLL 795BU CONVERTIBLE ALU VINO - Tu mejor opci\u00f3n Equipo M\u00e9dico M\u00e9xico","robots":{"index":"index","follow":"follow","max-snippet":"max-snippet:-1","max-image-preview":"max-image-preview:large","max-video-preview":"max-video-preview:-1"},"canonical":"https:\/\/buscoequipomedico.com\/?product=andadera-roll-795bu-convertible-alu-vino","og_locale":"es_ES","og_type":"article","og_title":"ANDADERA ROLL 795BU CONVERTIBLE ALU VINO - Tu mejor opci\u00f3n Equipo M\u00e9dico M\u00e9xico","og_description":"Material:\u00a0AluminioColor:\u00a0Esmaltada en roja Frenos de chicote Manubrios de altura ajustable Asiento acojinado con bolsa en la parte de abajo (en el interior hay un mango para ayudar a plegarlo ) Respaldo acojinado de 2 posiciones (reversible ) Descansabrazos y descansa pies desplegables para el modo de silla Funci\u00f3n de bloqueo, para mantenerla plegada o abierta seg\u00fan se requiera.","og_url":"https:\/\/buscoequipomedico.com\/?product=andadera-roll-795bu-convertible-alu-vino","og_site_name":"Tu mejor opci\u00f3n Equipo M\u00e9dico M\u00e9xico","og_image":[{"width":800,"height":800,"url":"https:\/\/buscoequipomedico.com\/wp-content\/uploads\/2020\/02\/andadera-roll-795bu-convertible-alu-vino-material-aluminiocolor-esmaltada-en-roja-frenos-de-chicote-manubrios-de-altura-ajustabl.jpg","type":"image\/png"}],"twitter_card":"summary_large_image","twitter_misc":{"Tiempo de lectura":"1 minuto"},"schema":{"@context":"https:\/\/schema.org","@graph":[{"@type":"WebPage","@id":"https:\/\/buscoequipomedico.com\/?product=andadera-roll-795bu-convertible-alu-vino","url":"https:\/\/buscoequipomedico.com\/?product=andadera-roll-795bu-convertible-alu-vino","name":"ANDADERA ROLL 795BU CONVERTIBLE ALU VINO - Tu mejor opci\u00f3n Equipo M\u00e9dico M\u00e9xico","isPartOf":{"@id":"https:\/\/buscoequipomedico.com\/#website"},"primaryImageOfPage":{"@id":"https:\/\/buscoequipomedico.com\/?product=andadera-roll-795bu-convertible-alu-vino#primaryimage"},"image":{"@id":"https:\/\/buscoequipomedico.com\/?product=andadera-roll-795bu-convertible-alu-vino#primaryimage"},"thumbnailUrl":"https:\/\/buscoequipomedico.com\/wp-content\/uploads\/2020\/02\/andadera-roll-795bu-convertible-alu-vino-material-aluminiocolor-esmaltada-en-roja-frenos-de-chicote-manubrios-de-altura-ajustabl.jpg","datePublished":"2020-02-18T07:31:53+00:00","breadcrumb":{"@id":"https:\/\/buscoequipomedico.com\/?product=andadera-roll-795bu-convertible-alu-vino#breadcrumb"},"inLanguage":"es","potentialAction":[{"@type":"ReadAction","target":["https:\/\/buscoequipomedico.com\/?product=andadera-roll-795bu-convertible-alu-vino"]}]},{"@type":"ImageObject","inLanguage":"es","@id":"https:\/\/buscoequipomedico.com\/?product=andadera-roll-795bu-convertible-alu-vino#primaryimage","url":"https:\/\/buscoequipomedico.com\/wp-content\/uploads\/2020\/02\/andadera-roll-795bu-convertible-alu-vino-material-aluminiocolor-esmaltada-en-roja-frenos-de-chicote-manubrios-de-altura-ajustabl.jpg","contentUrl":"https:\/\/buscoequipomedico.com\/wp-content\/uploads\/2020\/02\/andadera-roll-795bu-convertible-alu-vino-material-aluminiocolor-esmaltada-en-roja-frenos-de-chicote-manubrios-de-altura-ajustabl.jpg","width":800,"height":800},{"@type":"BreadcrumbList","@id":"https:\/\/buscoequipomedico.com\/?product=andadera-roll-795bu-convertible-alu-vino#breadcrumb","itemListElement":[{"@type":"ListItem","position":1,"name":"Productos","item":"https:\/\/buscoequipomedico.com\/shop\/"},{"@type":"ListItem","position":2,"name":"ANDADERA ROLL 795BU CONVERTIBLE ALU VINO"}]},{"@type":"WebSite","@id":"https:\/\/buscoequipomedico.com\/#website","url":"https:\/\/buscoequipomedico.com\/","name":"Tu mejor opci\u00f3n Equipo M\u00e9dico M\u00e9xico","description":"Tienda de equipo m\u00e9dico","publisher":{"@id":"https:\/\/buscoequipomedico.com\/#organization"},"potentialAction":[{"@type":"SearchAction","target":{"@type":"EntryPoint","urlTemplate":"https:\/\/buscoequipomedico.com\/?s={search_term_string}"},"query-input":{"@type":"PropertyValueSpecification","valueRequired":true,"valueName":"search_term_string"}}],"inLanguage":"es"},{"@type":"Organization","@id":"https:\/\/buscoequipomedico.com\/#organization","name":"Tu mejor opci\u00f3n Equipo M\u00e9dico M\u00e9xico","url":"https:\/\/buscoequipomedico.com\/","logo":{"@type":"ImageObject","inLanguage":"es","@id":"https:\/\/buscoequipomedico.com\/#\/schema\/logo\/image\/","url":"https:\/\/buscoequipomedico.com\/wp-content\/uploads\/2021\/07\/EMM-VPrincipal-scaled.jpg","contentUrl":"https:\/\/buscoequipomedico.com\/wp-content\/uploads\/2021\/07\/EMM-VPrincipal-scaled.jpg","width":2560,"height":1058,"caption":"Tu mejor opci\u00f3n Equipo M\u00e9dico M\u00e9xico"},"image":{"@id":"https:\/\/buscoequipomedico.com\/#\/schema\/logo\/image\/"}}]}},"_links":{"self":[{"href":"https:\/\/buscoequipomedico.com\/index.php?rest_route=\/wp\/v2\/product\/11106","targetHints":{"allow":["GET"]}}],"collection":[{"href":"https:\/\/buscoequipomedico.com\/index.php?rest_route=\/wp\/v2\/product"}],"about":[{"href":"https:\/\/buscoequipomedico.com\/index.php?rest_route=\/wp\/v2\/types\/product"}],"wp:featuredmedia":[{"embeddable":true,"href":"https:\/\/buscoequipomedico.com\/index.php?rest_route=\/wp\/v2\/media\/11107"}],"wp:attachment":[{"href":"https:\/\/buscoequipomedico.com\/index.php?rest_route=%2Fwp%2Fv2%2Fmedia&parent=11106"}],"wp:term":[{"taxonomy":"product_brand","embeddable":true,"href":"https:\/\/buscoequipomedico.com\/index.php?rest_route=%2Fwp%2Fv2%2Fproduct_brand&post=11106"},{"taxonomy":"product_cat","embeddable":true,"href":"https:\/\/buscoequipomedico.com\/index.php?rest_route=%2Fwp%2Fv2%2Fproduct_cat&post=11106"},{"taxonomy":"product_tag","embeddable":true,"href":"https:\/\/buscoequipomedico.com\/index.php?rest_route=%2Fwp%2Fv2%2Fproduct_tag&post=11106"}],"curies":[{"name":"wp","href":"https:\/\/api.w.org\/{rel}","templated":true}]}}