{"id":11114,"date":"2020-02-18T07:31:53","date_gmt":"2020-02-18T07:31:53","guid":{"rendered":"https:\/\/equipomedicomexico-com.preview-domain.com\/product\/rollator-3-ruedas-8%c2%a8-con-canastilla-bolsa-y-charola\/"},"modified":"2020-02-18T07:31:54","modified_gmt":"2020-02-18T07:31:54","slug":"rollator-3-ruedas-8%c2%a8-con-canastilla-bolsa-y-charola","status":"publish","type":"product","link":"https:\/\/buscoequipomedico.com\/?product=rollator-3-ruedas-8%c2%a8-con-canastilla-bolsa-y-charola","title":{"rendered":"ROLLATOR 3 RUEDAS 8\u00a8 CON CANASTILLA, BOLSA Y CHAROLA"},"content":{"rendered":"<p>Ruedas s\u00f3lidas 8 x 1&#8243;. Peso m\u00e1ximo de usuario 100kg.<\/p>\n","protected":false},"excerpt":{"rendered":"<p><span>Fabricada en aluminio esmaltado. Mecanismo de frenado en pu\u00f1os. Con canastilla, bolsa y charola de alimentos<\/span><\/p>\n","protected":false},"featured_media":11115,"template":"","meta":{"_joinchat":[]},"product_brand":[],"product_cat":[213],"product_tag":[],"class_list":{"0":"post-11114","1":"product","2":"type-product","3":"status-publish","4":"has-post-thumbnail","6":"product_cat-concentradores","7":"pa_marca-eko","9":"first","10":"instock","11":"purchasable","12":"product-type-simple"},"yoast_head":"<!-- This site is optimized with the Yoast SEO plugin v25.1 - https:\/\/yoast.com\/wordpress\/plugins\/seo\/ -->\n<title>ROLLATOR 3 RUEDAS 8\u00a8 CON CANASTILLA, BOLSA Y CHAROLA - Tu mejor opci\u00f3n Equipo M\u00e9dico M\u00e9xico<\/title>\n<meta name=\"robots\" content=\"index, follow, max-snippet:-1, max-image-preview:large, max-video-preview:-1\" \/>\n<link rel=\"canonical\" href=\"https:\/\/buscoequipomedico.com\/?product=rollator-3-ruedas-8\u00a8-con-canastilla-bolsa-y-charola\" \/>\n<meta property=\"og:locale\" content=\"es_ES\" \/>\n<meta property=\"og:type\" content=\"article\" \/>\n<meta property=\"og:title\" content=\"ROLLATOR 3 RUEDAS 8\u00a8 CON CANASTILLA, BOLSA Y CHAROLA - Tu mejor opci\u00f3n Equipo M\u00e9dico M\u00e9xico\" \/>\n<meta property=\"og:description\" content=\"Fabricada en aluminio esmaltado. Mecanismo de frenado en pu\u00f1os. Con canastilla, bolsa y charola de alimentos\" \/>\n<meta property=\"og:url\" content=\"https:\/\/buscoequipomedico.com\/?product=rollator-3-ruedas-8\u00a8-con-canastilla-bolsa-y-charola\" \/>\n<meta property=\"og:site_name\" content=\"Tu mejor opci\u00f3n Equipo M\u00e9dico M\u00e9xico\" \/>\n<meta property=\"article:modified_time\" content=\"2020-02-18T07:31:54+00:00\" \/>\n<meta property=\"og:image\" content=\"https:\/\/buscoequipomedico.com\/wp-content\/uploads\/2020\/02\/rollator-3-ruedas-8-con-canastilla-bolsa-y-charola-fabricada-en-aluminio-esmaltado-mecanismo-de-frenado-en-punos-con-canastilla.jpg\" \/>\n\t<meta property=\"og:image:width\" content=\"800\" \/>\n\t<meta property=\"og:image:height\" content=\"800\" \/>\n\t<meta property=\"og:image:type\" content=\"image\/png\" \/>\n<meta name=\"twitter:card\" content=\"summary_large_image\" \/>\n<script type=\"application\/ld+json\" class=\"yoast-schema-graph\">{\"@context\":\"https:\/\/schema.org\",\"@graph\":[{\"@type\":\"WebPage\",\"@id\":\"https:\/\/buscoequipomedico.com\/?product=rollator-3-ruedas-8%c2%a8-con-canastilla-bolsa-y-charola\",\"url\":\"https:\/\/buscoequipomedico.com\/?product=rollator-3-ruedas-8%c2%a8-con-canastilla-bolsa-y-charola\",\"name\":\"ROLLATOR 3 RUEDAS 8\u00a8 CON CANASTILLA, BOLSA Y CHAROLA - Tu mejor opci\u00f3n Equipo M\u00e9dico M\u00e9xico\",\"isPartOf\":{\"@id\":\"https:\/\/buscoequipomedico.com\/#website\"},\"primaryImageOfPage\":{\"@id\":\"https:\/\/buscoequipomedico.com\/?product=rollator-3-ruedas-8%c2%a8-con-canastilla-bolsa-y-charola#primaryimage\"},\"image\":{\"@id\":\"https:\/\/buscoequipomedico.com\/?product=rollator-3-ruedas-8%c2%a8-con-canastilla-bolsa-y-charola#primaryimage\"},\"thumbnailUrl\":\"https:\/\/buscoequipomedico.com\/wp-content\/uploads\/2020\/02\/rollator-3-ruedas-8-con-canastilla-bolsa-y-charola-fabricada-en-aluminio-esmaltado-mecanismo-de-frenado-en-punos-con-canastilla.jpg\",\"datePublished\":\"2020-02-18T07:31:53+00:00\",\"dateModified\":\"2020-02-18T07:31:54+00:00\",\"breadcrumb\":{\"@id\":\"https:\/\/buscoequipomedico.com\/?product=rollator-3-ruedas-8%c2%a8-con-canastilla-bolsa-y-charola#breadcrumb\"},\"inLanguage\":\"es\",\"potentialAction\":[{\"@type\":\"ReadAction\",\"target\":[\"https:\/\/buscoequipomedico.com\/?product=rollator-3-ruedas-8%c2%a8-con-canastilla-bolsa-y-charola\"]}]},{\"@type\":\"ImageObject\",\"inLanguage\":\"es\",\"@id\":\"https:\/\/buscoequipomedico.com\/?product=rollator-3-ruedas-8%c2%a8-con-canastilla-bolsa-y-charola#primaryimage\",\"url\":\"https:\/\/buscoequipomedico.com\/wp-content\/uploads\/2020\/02\/rollator-3-ruedas-8-con-canastilla-bolsa-y-charola-fabricada-en-aluminio-esmaltado-mecanismo-de-frenado-en-punos-con-canastilla.jpg\",\"contentUrl\":\"https:\/\/buscoequipomedico.com\/wp-content\/uploads\/2020\/02\/rollator-3-ruedas-8-con-canastilla-bolsa-y-charola-fabricada-en-aluminio-esmaltado-mecanismo-de-frenado-en-punos-con-canastilla.jpg\",\"width\":800,\"height\":800},{\"@type\":\"BreadcrumbList\",\"@id\":\"https:\/\/buscoequipomedico.com\/?product=rollator-3-ruedas-8%c2%a8-con-canastilla-bolsa-y-charola#breadcrumb\",\"itemListElement\":[{\"@type\":\"ListItem\",\"position\":1,\"name\":\"Productos\",\"item\":\"https:\/\/buscoequipomedico.com\/shop\/\"},{\"@type\":\"ListItem\",\"position\":2,\"name\":\"ROLLATOR 3 RUEDAS 8\u00a8 CON CANASTILLA, BOLSA Y CHAROLA\"}]},{\"@type\":\"WebSite\",\"@id\":\"https:\/\/buscoequipomedico.com\/#website\",\"url\":\"https:\/\/buscoequipomedico.com\/\",\"name\":\"Tu mejor opci\u00f3n Equipo M\u00e9dico M\u00e9xico\",\"description\":\"Tienda de equipo m\u00e9dico\",\"publisher\":{\"@id\":\"https:\/\/buscoequipomedico.com\/#organization\"},\"potentialAction\":[{\"@type\":\"SearchAction\",\"target\":{\"@type\":\"EntryPoint\",\"urlTemplate\":\"https:\/\/buscoequipomedico.com\/?s={search_term_string}\"},\"query-input\":{\"@type\":\"PropertyValueSpecification\",\"valueRequired\":true,\"valueName\":\"search_term_string\"}}],\"inLanguage\":\"es\"},{\"@type\":\"Organization\",\"@id\":\"https:\/\/buscoequipomedico.com\/#organization\",\"name\":\"Tu mejor opci\u00f3n Equipo M\u00e9dico M\u00e9xico\",\"url\":\"https:\/\/buscoequipomedico.com\/\",\"logo\":{\"@type\":\"ImageObject\",\"inLanguage\":\"es\",\"@id\":\"https:\/\/buscoequipomedico.com\/#\/schema\/logo\/image\/\",\"url\":\"https:\/\/buscoequipomedico.com\/wp-content\/uploads\/2021\/07\/EMM-VPrincipal-scaled.jpg\",\"contentUrl\":\"https:\/\/buscoequipomedico.com\/wp-content\/uploads\/2021\/07\/EMM-VPrincipal-scaled.jpg\",\"width\":2560,\"height\":1058,\"caption\":\"Tu mejor opci\u00f3n Equipo M\u00e9dico M\u00e9xico\"},\"image\":{\"@id\":\"https:\/\/buscoequipomedico.com\/#\/schema\/logo\/image\/\"}}]}<\/script>\n<!-- \/ Yoast SEO plugin. -->","yoast_head_json":{"title":"ROLLATOR 3 RUEDAS 8\u00a8 CON CANASTILLA, BOLSA Y CHAROLA - Tu mejor opci\u00f3n Equipo M\u00e9dico M\u00e9xico","robots":{"index":"index","follow":"follow","max-snippet":"max-snippet:-1","max-image-preview":"max-image-preview:large","max-video-preview":"max-video-preview:-1"},"canonical":"https:\/\/buscoequipomedico.com\/?product=rollator-3-ruedas-8\u00a8-con-canastilla-bolsa-y-charola","og_locale":"es_ES","og_type":"article","og_title":"ROLLATOR 3 RUEDAS 8\u00a8 CON CANASTILLA, BOLSA Y CHAROLA - Tu mejor opci\u00f3n Equipo M\u00e9dico M\u00e9xico","og_description":"Fabricada en aluminio esmaltado. Mecanismo de frenado en pu\u00f1os. Con canastilla, bolsa y charola de alimentos","og_url":"https:\/\/buscoequipomedico.com\/?product=rollator-3-ruedas-8\u00a8-con-canastilla-bolsa-y-charola","og_site_name":"Tu mejor opci\u00f3n Equipo M\u00e9dico M\u00e9xico","article_modified_time":"2020-02-18T07:31:54+00:00","og_image":[{"width":800,"height":800,"url":"https:\/\/buscoequipomedico.com\/wp-content\/uploads\/2020\/02\/rollator-3-ruedas-8-con-canastilla-bolsa-y-charola-fabricada-en-aluminio-esmaltado-mecanismo-de-frenado-en-punos-con-canastilla.jpg","type":"image\/png"}],"twitter_card":"summary_large_image","schema":{"@context":"https:\/\/schema.org","@graph":[{"@type":"WebPage","@id":"https:\/\/buscoequipomedico.com\/?product=rollator-3-ruedas-8%c2%a8-con-canastilla-bolsa-y-charola","url":"https:\/\/buscoequipomedico.com\/?product=rollator-3-ruedas-8%c2%a8-con-canastilla-bolsa-y-charola","name":"ROLLATOR 3 RUEDAS 8\u00a8 CON CANASTILLA, BOLSA Y CHAROLA - Tu mejor opci\u00f3n Equipo M\u00e9dico M\u00e9xico","isPartOf":{"@id":"https:\/\/buscoequipomedico.com\/#website"},"primaryImageOfPage":{"@id":"https:\/\/buscoequipomedico.com\/?product=rollator-3-ruedas-8%c2%a8-con-canastilla-bolsa-y-charola#primaryimage"},"image":{"@id":"https:\/\/buscoequipomedico.com\/?product=rollator-3-ruedas-8%c2%a8-con-canastilla-bolsa-y-charola#primaryimage"},"thumbnailUrl":"https:\/\/buscoequipomedico.com\/wp-content\/uploads\/2020\/02\/rollator-3-ruedas-8-con-canastilla-bolsa-y-charola-fabricada-en-aluminio-esmaltado-mecanismo-de-frenado-en-punos-con-canastilla.jpg","datePublished":"2020-02-18T07:31:53+00:00","dateModified":"2020-02-18T07:31:54+00:00","breadcrumb":{"@id":"https:\/\/buscoequipomedico.com\/?product=rollator-3-ruedas-8%c2%a8-con-canastilla-bolsa-y-charola#breadcrumb"},"inLanguage":"es","potentialAction":[{"@type":"ReadAction","target":["https:\/\/buscoequipomedico.com\/?product=rollator-3-ruedas-8%c2%a8-con-canastilla-bolsa-y-charola"]}]},{"@type":"ImageObject","inLanguage":"es","@id":"https:\/\/buscoequipomedico.com\/?product=rollator-3-ruedas-8%c2%a8-con-canastilla-bolsa-y-charola#primaryimage","url":"https:\/\/buscoequipomedico.com\/wp-content\/uploads\/2020\/02\/rollator-3-ruedas-8-con-canastilla-bolsa-y-charola-fabricada-en-aluminio-esmaltado-mecanismo-de-frenado-en-punos-con-canastilla.jpg","contentUrl":"https:\/\/buscoequipomedico.com\/wp-content\/uploads\/2020\/02\/rollator-3-ruedas-8-con-canastilla-bolsa-y-charola-fabricada-en-aluminio-esmaltado-mecanismo-de-frenado-en-punos-con-canastilla.jpg","width":800,"height":800},{"@type":"BreadcrumbList","@id":"https:\/\/buscoequipomedico.com\/?product=rollator-3-ruedas-8%c2%a8-con-canastilla-bolsa-y-charola#breadcrumb","itemListElement":[{"@type":"ListItem","position":1,"name":"Productos","item":"https:\/\/buscoequipomedico.com\/shop\/"},{"@type":"ListItem","position":2,"name":"ROLLATOR 3 RUEDAS 8\u00a8 CON CANASTILLA, BOLSA Y CHAROLA"}]},{"@type":"WebSite","@id":"https:\/\/buscoequipomedico.com\/#website","url":"https:\/\/buscoequipomedico.com\/","name":"Tu mejor opci\u00f3n Equipo M\u00e9dico M\u00e9xico","description":"Tienda de equipo m\u00e9dico","publisher":{"@id":"https:\/\/buscoequipomedico.com\/#organization"},"potentialAction":[{"@type":"SearchAction","target":{"@type":"EntryPoint","urlTemplate":"https:\/\/buscoequipomedico.com\/?s={search_term_string}"},"query-input":{"@type":"PropertyValueSpecification","valueRequired":true,"valueName":"search_term_string"}}],"inLanguage":"es"},{"@type":"Organization","@id":"https:\/\/buscoequipomedico.com\/#organization","name":"Tu mejor opci\u00f3n Equipo M\u00e9dico M\u00e9xico","url":"https:\/\/buscoequipomedico.com\/","logo":{"@type":"ImageObject","inLanguage":"es","@id":"https:\/\/buscoequipomedico.com\/#\/schema\/logo\/image\/","url":"https:\/\/buscoequipomedico.com\/wp-content\/uploads\/2021\/07\/EMM-VPrincipal-scaled.jpg","contentUrl":"https:\/\/buscoequipomedico.com\/wp-content\/uploads\/2021\/07\/EMM-VPrincipal-scaled.jpg","width":2560,"height":1058,"caption":"Tu mejor opci\u00f3n Equipo M\u00e9dico M\u00e9xico"},"image":{"@id":"https:\/\/buscoequipomedico.com\/#\/schema\/logo\/image\/"}}]}},"_links":{"self":[{"href":"https:\/\/buscoequipomedico.com\/index.php?rest_route=\/wp\/v2\/product\/11114","targetHints":{"allow":["GET"]}}],"collection":[{"href":"https:\/\/buscoequipomedico.com\/index.php?rest_route=\/wp\/v2\/product"}],"about":[{"href":"https:\/\/buscoequipomedico.com\/index.php?rest_route=\/wp\/v2\/types\/product"}],"wp:featuredmedia":[{"embeddable":true,"href":"https:\/\/buscoequipomedico.com\/index.php?rest_route=\/wp\/v2\/media\/11115"}],"wp:attachment":[{"href":"https:\/\/buscoequipomedico.com\/index.php?rest_route=%2Fwp%2Fv2%2Fmedia&parent=11114"}],"wp:term":[{"taxonomy":"product_brand","embeddable":true,"href":"https:\/\/buscoequipomedico.com\/index.php?rest_route=%2Fwp%2Fv2%2Fproduct_brand&post=11114"},{"taxonomy":"product_cat","embeddable":true,"href":"https:\/\/buscoequipomedico.com\/index.php?rest_route=%2Fwp%2Fv2%2Fproduct_cat&post=11114"},{"taxonomy":"product_tag","embeddable":true,"href":"https:\/\/buscoequipomedico.com\/index.php?rest_route=%2Fwp%2Fv2%2Fproduct_tag&post=11114"}],"curies":[{"name":"wp","href":"https:\/\/api.w.org\/{rel}","templated":true}]}}