{"id":11128,"date":"2020-02-18T07:31:53","date_gmt":"2020-02-18T07:31:53","guid":{"rendered":"https:\/\/equipomedicomexico-com.preview-domain.com\/product\/aspirador-para-succion-continua-con-gavinete\/"},"modified":"2021-09-02T12:48:27","modified_gmt":"2021-09-02T17:48:27","slug":"aspirador-para-succion-continua-con-gavinete","status":"publish","type":"product","link":"https:\/\/buscoequipomedico.com\/?product=aspirador-para-succion-continua-con-gavinete","title":{"rendered":"ASPIRADOR PARA SUCCI\u00d3N CONTINUA CON GAVINETE"},"content":{"rendered":"<ul>\n<li>Capacidad de succi\u00f3n graduable de 0 a 560 mm Hg.<\/li>\n<li>Con manovacuometro con escala en mm de Hg.<\/li>\n<li>Nivel de eficiencia de succi\u00f3n de 34 LPM.<\/li>\n<li>Panel de control para: encendido y apagado (con indicador de encendido) y con ajuste para graduar el nivel de succi\u00f3n (con indicador con escala en mm Hg).<\/li>\n<li>Motor silencioso de pist\u00f3n cilindro, sin vibraci\u00f3n, libre de mantenimiento.<\/li>\n<li>Dos dep\u00f3sitos de l\u00edquidos y otros fluidos con capacidad de 3,000 ml cada uno.<\/li>\n<li>Gabinete rodable de acero inoxidable calidad AISI \u00a1V 304, resistente a impactos con soporte para los frascos colectores y con sistema de freno en dos de las ruedas en sentido diagonal.<\/li>\n<li>Sistema de seguridad que evita rebosamiento de l\u00edquidos o sobrellenado.<\/li>\n<li>Sistema de protecci\u00f3n en la tapa.<\/li>\n<li>Sistema de aislamiento a prueba de agua.<\/li>\n<li>Corriente el\u00e9ctrica 120V\/60 Hz<\/li>\n<\/ul>\n","protected":false},"excerpt":{"rendered":"<p>Equipo Rodable para Aspiraci\u00f3n Continua de L\u00edquidos y otros Fluidos<br \/>\nEl aspirador port\u00e1til para succi\u00f3n continua, es un equipo de succi\u00f3n con capacidad de absorci\u00f3n r\u00e1pida de l\u00edquidos y mucosas de todo el cuerpo, funcional y eficiente lo cual lo convierte en un equipo hecho para profesionales.<\/p>\n","protected":false},"featured_media":11129,"template":"","meta":{"_joinchat":[]},"product_brand":[],"product_cat":[185],"product_tag":[386],"class_list":{"0":"post-11128","1":"product","2":"type-product","3":"status-publish","4":"has-post-thumbnail","6":"product_cat-aspiradores-quirurgicos","7":"product_tag-aspirador-quirurgico","8":"pa_marca-bame","10":"first","11":"instock","12":"purchasable","13":"product-type-simple"},"yoast_head":"<!-- This site is optimized with the Yoast SEO plugin v25.1 - https:\/\/yoast.com\/wordpress\/plugins\/seo\/ -->\n<title>ASPIRADOR PARA SUCCI\u00d3N CONTINUA CON GAVINETE - Tu mejor opci\u00f3n Equipo M\u00e9dico M\u00e9xico<\/title>\n<meta name=\"robots\" content=\"index, follow, max-snippet:-1, max-image-preview:large, max-video-preview:-1\" \/>\n<link rel=\"canonical\" href=\"https:\/\/buscoequipomedico.com\/?product=aspirador-para-succion-continua-con-gavinete\" \/>\n<meta property=\"og:locale\" content=\"es_ES\" \/>\n<meta property=\"og:type\" content=\"article\" \/>\n<meta property=\"og:title\" content=\"ASPIRADOR PARA SUCCI\u00d3N CONTINUA CON GAVINETE - Tu mejor opci\u00f3n Equipo M\u00e9dico M\u00e9xico\" \/>\n<meta property=\"og:description\" content=\"Equipo Rodable para Aspiraci\u00f3n Continua de L\u00edquidos y otros Fluidos El aspirador port\u00e1til para succi\u00f3n continua, es un equipo de succi\u00f3n con capacidad de absorci\u00f3n r\u00e1pida de l\u00edquidos y mucosas de todo el cuerpo, funcional y eficiente lo cual lo convierte en un equipo hecho para profesionales.\" \/>\n<meta property=\"og:url\" content=\"https:\/\/buscoequipomedico.com\/?product=aspirador-para-succion-continua-con-gavinete\" \/>\n<meta property=\"og:site_name\" content=\"Tu mejor opci\u00f3n Equipo M\u00e9dico M\u00e9xico\" \/>\n<meta property=\"article:modified_time\" content=\"2021-09-02T17:48:27+00:00\" \/>\n<meta property=\"og:image\" content=\"https:\/\/buscoequipomedico.com\/wp-content\/uploads\/2020\/02\/aspirador-para-succion-continua-con-gavinete-equipo-rodable-para-aspiracion-continua-de-liquidos-y-otros-fluidosel-aspirador-por.jpg\" \/>\n\t<meta property=\"og:image:width\" content=\"800\" \/>\n\t<meta property=\"og:image:height\" content=\"800\" \/>\n\t<meta property=\"og:image:type\" content=\"image\/png\" \/>\n<meta name=\"twitter:card\" content=\"summary_large_image\" \/>\n<meta name=\"twitter:label1\" content=\"Tiempo de lectura\" \/>\n\t<meta name=\"twitter:data1\" content=\"1 minuto\" \/>\n<script type=\"application\/ld+json\" class=\"yoast-schema-graph\">{\"@context\":\"https:\/\/schema.org\",\"@graph\":[{\"@type\":\"WebPage\",\"@id\":\"https:\/\/buscoequipomedico.com\/?product=aspirador-para-succion-continua-con-gavinete\",\"url\":\"https:\/\/buscoequipomedico.com\/?product=aspirador-para-succion-continua-con-gavinete\",\"name\":\"ASPIRADOR PARA SUCCI\u00d3N CONTINUA CON GAVINETE - Tu mejor opci\u00f3n Equipo M\u00e9dico M\u00e9xico\",\"isPartOf\":{\"@id\":\"https:\/\/buscoequipomedico.com\/#website\"},\"primaryImageOfPage\":{\"@id\":\"https:\/\/buscoequipomedico.com\/?product=aspirador-para-succion-continua-con-gavinete#primaryimage\"},\"image\":{\"@id\":\"https:\/\/buscoequipomedico.com\/?product=aspirador-para-succion-continua-con-gavinete#primaryimage\"},\"thumbnailUrl\":\"https:\/\/buscoequipomedico.com\/wp-content\/uploads\/2020\/02\/aspirador-para-succion-continua-con-gavinete-equipo-rodable-para-aspiracion-continua-de-liquidos-y-otros-fluidosel-aspirador-por.jpg\",\"datePublished\":\"2020-02-18T07:31:53+00:00\",\"dateModified\":\"2021-09-02T17:48:27+00:00\",\"breadcrumb\":{\"@id\":\"https:\/\/buscoequipomedico.com\/?product=aspirador-para-succion-continua-con-gavinete#breadcrumb\"},\"inLanguage\":\"es\",\"potentialAction\":[{\"@type\":\"ReadAction\",\"target\":[\"https:\/\/buscoequipomedico.com\/?product=aspirador-para-succion-continua-con-gavinete\"]}]},{\"@type\":\"ImageObject\",\"inLanguage\":\"es\",\"@id\":\"https:\/\/buscoequipomedico.com\/?product=aspirador-para-succion-continua-con-gavinete#primaryimage\",\"url\":\"https:\/\/buscoequipomedico.com\/wp-content\/uploads\/2020\/02\/aspirador-para-succion-continua-con-gavinete-equipo-rodable-para-aspiracion-continua-de-liquidos-y-otros-fluidosel-aspirador-por.jpg\",\"contentUrl\":\"https:\/\/buscoequipomedico.com\/wp-content\/uploads\/2020\/02\/aspirador-para-succion-continua-con-gavinete-equipo-rodable-para-aspiracion-continua-de-liquidos-y-otros-fluidosel-aspirador-por.jpg\",\"width\":800,\"height\":800},{\"@type\":\"BreadcrumbList\",\"@id\":\"https:\/\/buscoequipomedico.com\/?product=aspirador-para-succion-continua-con-gavinete#breadcrumb\",\"itemListElement\":[{\"@type\":\"ListItem\",\"position\":1,\"name\":\"Productos\",\"item\":\"https:\/\/buscoequipomedico.com\/shop\/\"},{\"@type\":\"ListItem\",\"position\":2,\"name\":\"ASPIRADOR PARA SUCCI\u00d3N CONTINUA CON GAVINETE\"}]},{\"@type\":\"WebSite\",\"@id\":\"https:\/\/buscoequipomedico.com\/#website\",\"url\":\"https:\/\/buscoequipomedico.com\/\",\"name\":\"Tu mejor opci\u00f3n Equipo M\u00e9dico M\u00e9xico\",\"description\":\"Tienda de equipo m\u00e9dico\",\"publisher\":{\"@id\":\"https:\/\/buscoequipomedico.com\/#organization\"},\"potentialAction\":[{\"@type\":\"SearchAction\",\"target\":{\"@type\":\"EntryPoint\",\"urlTemplate\":\"https:\/\/buscoequipomedico.com\/?s={search_term_string}\"},\"query-input\":{\"@type\":\"PropertyValueSpecification\",\"valueRequired\":true,\"valueName\":\"search_term_string\"}}],\"inLanguage\":\"es\"},{\"@type\":\"Organization\",\"@id\":\"https:\/\/buscoequipomedico.com\/#organization\",\"name\":\"Tu mejor opci\u00f3n Equipo M\u00e9dico M\u00e9xico\",\"url\":\"https:\/\/buscoequipomedico.com\/\",\"logo\":{\"@type\":\"ImageObject\",\"inLanguage\":\"es\",\"@id\":\"https:\/\/buscoequipomedico.com\/#\/schema\/logo\/image\/\",\"url\":\"https:\/\/buscoequipomedico.com\/wp-content\/uploads\/2021\/07\/EMM-VPrincipal-scaled.jpg\",\"contentUrl\":\"https:\/\/buscoequipomedico.com\/wp-content\/uploads\/2021\/07\/EMM-VPrincipal-scaled.jpg\",\"width\":2560,\"height\":1058,\"caption\":\"Tu mejor opci\u00f3n Equipo M\u00e9dico M\u00e9xico\"},\"image\":{\"@id\":\"https:\/\/buscoequipomedico.com\/#\/schema\/logo\/image\/\"}}]}<\/script>\n<!-- \/ Yoast SEO plugin. -->","yoast_head_json":{"title":"ASPIRADOR PARA SUCCI\u00d3N CONTINUA CON GAVINETE - Tu mejor opci\u00f3n Equipo M\u00e9dico M\u00e9xico","robots":{"index":"index","follow":"follow","max-snippet":"max-snippet:-1","max-image-preview":"max-image-preview:large","max-video-preview":"max-video-preview:-1"},"canonical":"https:\/\/buscoequipomedico.com\/?product=aspirador-para-succion-continua-con-gavinete","og_locale":"es_ES","og_type":"article","og_title":"ASPIRADOR PARA SUCCI\u00d3N CONTINUA CON GAVINETE - Tu mejor opci\u00f3n Equipo M\u00e9dico M\u00e9xico","og_description":"Equipo Rodable para Aspiraci\u00f3n Continua de L\u00edquidos y otros Fluidos El aspirador port\u00e1til para succi\u00f3n continua, es un equipo de succi\u00f3n con capacidad de absorci\u00f3n r\u00e1pida de l\u00edquidos y mucosas de todo el cuerpo, funcional y eficiente lo cual lo convierte en un equipo hecho para profesionales.","og_url":"https:\/\/buscoequipomedico.com\/?product=aspirador-para-succion-continua-con-gavinete","og_site_name":"Tu mejor opci\u00f3n Equipo M\u00e9dico M\u00e9xico","article_modified_time":"2021-09-02T17:48:27+00:00","og_image":[{"width":800,"height":800,"url":"https:\/\/buscoequipomedico.com\/wp-content\/uploads\/2020\/02\/aspirador-para-succion-continua-con-gavinete-equipo-rodable-para-aspiracion-continua-de-liquidos-y-otros-fluidosel-aspirador-por.jpg","type":"image\/png"}],"twitter_card":"summary_large_image","twitter_misc":{"Tiempo de lectura":"1 minuto"},"schema":{"@context":"https:\/\/schema.org","@graph":[{"@type":"WebPage","@id":"https:\/\/buscoequipomedico.com\/?product=aspirador-para-succion-continua-con-gavinete","url":"https:\/\/buscoequipomedico.com\/?product=aspirador-para-succion-continua-con-gavinete","name":"ASPIRADOR PARA SUCCI\u00d3N CONTINUA CON GAVINETE - Tu mejor opci\u00f3n Equipo M\u00e9dico M\u00e9xico","isPartOf":{"@id":"https:\/\/buscoequipomedico.com\/#website"},"primaryImageOfPage":{"@id":"https:\/\/buscoequipomedico.com\/?product=aspirador-para-succion-continua-con-gavinete#primaryimage"},"image":{"@id":"https:\/\/buscoequipomedico.com\/?product=aspirador-para-succion-continua-con-gavinete#primaryimage"},"thumbnailUrl":"https:\/\/buscoequipomedico.com\/wp-content\/uploads\/2020\/02\/aspirador-para-succion-continua-con-gavinete-equipo-rodable-para-aspiracion-continua-de-liquidos-y-otros-fluidosel-aspirador-por.jpg","datePublished":"2020-02-18T07:31:53+00:00","dateModified":"2021-09-02T17:48:27+00:00","breadcrumb":{"@id":"https:\/\/buscoequipomedico.com\/?product=aspirador-para-succion-continua-con-gavinete#breadcrumb"},"inLanguage":"es","potentialAction":[{"@type":"ReadAction","target":["https:\/\/buscoequipomedico.com\/?product=aspirador-para-succion-continua-con-gavinete"]}]},{"@type":"ImageObject","inLanguage":"es","@id":"https:\/\/buscoequipomedico.com\/?product=aspirador-para-succion-continua-con-gavinete#primaryimage","url":"https:\/\/buscoequipomedico.com\/wp-content\/uploads\/2020\/02\/aspirador-para-succion-continua-con-gavinete-equipo-rodable-para-aspiracion-continua-de-liquidos-y-otros-fluidosel-aspirador-por.jpg","contentUrl":"https:\/\/buscoequipomedico.com\/wp-content\/uploads\/2020\/02\/aspirador-para-succion-continua-con-gavinete-equipo-rodable-para-aspiracion-continua-de-liquidos-y-otros-fluidosel-aspirador-por.jpg","width":800,"height":800},{"@type":"BreadcrumbList","@id":"https:\/\/buscoequipomedico.com\/?product=aspirador-para-succion-continua-con-gavinete#breadcrumb","itemListElement":[{"@type":"ListItem","position":1,"name":"Productos","item":"https:\/\/buscoequipomedico.com\/shop\/"},{"@type":"ListItem","position":2,"name":"ASPIRADOR PARA SUCCI\u00d3N CONTINUA CON GAVINETE"}]},{"@type":"WebSite","@id":"https:\/\/buscoequipomedico.com\/#website","url":"https:\/\/buscoequipomedico.com\/","name":"Tu mejor opci\u00f3n Equipo M\u00e9dico M\u00e9xico","description":"Tienda de equipo m\u00e9dico","publisher":{"@id":"https:\/\/buscoequipomedico.com\/#organization"},"potentialAction":[{"@type":"SearchAction","target":{"@type":"EntryPoint","urlTemplate":"https:\/\/buscoequipomedico.com\/?s={search_term_string}"},"query-input":{"@type":"PropertyValueSpecification","valueRequired":true,"valueName":"search_term_string"}}],"inLanguage":"es"},{"@type":"Organization","@id":"https:\/\/buscoequipomedico.com\/#organization","name":"Tu mejor opci\u00f3n Equipo M\u00e9dico M\u00e9xico","url":"https:\/\/buscoequipomedico.com\/","logo":{"@type":"ImageObject","inLanguage":"es","@id":"https:\/\/buscoequipomedico.com\/#\/schema\/logo\/image\/","url":"https:\/\/buscoequipomedico.com\/wp-content\/uploads\/2021\/07\/EMM-VPrincipal-scaled.jpg","contentUrl":"https:\/\/buscoequipomedico.com\/wp-content\/uploads\/2021\/07\/EMM-VPrincipal-scaled.jpg","width":2560,"height":1058,"caption":"Tu mejor opci\u00f3n Equipo M\u00e9dico M\u00e9xico"},"image":{"@id":"https:\/\/buscoequipomedico.com\/#\/schema\/logo\/image\/"}}]}},"_links":{"self":[{"href":"https:\/\/buscoequipomedico.com\/index.php?rest_route=\/wp\/v2\/product\/11128","targetHints":{"allow":["GET"]}}],"collection":[{"href":"https:\/\/buscoequipomedico.com\/index.php?rest_route=\/wp\/v2\/product"}],"about":[{"href":"https:\/\/buscoequipomedico.com\/index.php?rest_route=\/wp\/v2\/types\/product"}],"wp:featuredmedia":[{"embeddable":true,"href":"https:\/\/buscoequipomedico.com\/index.php?rest_route=\/wp\/v2\/media\/11129"}],"wp:attachment":[{"href":"https:\/\/buscoequipomedico.com\/index.php?rest_route=%2Fwp%2Fv2%2Fmedia&parent=11128"}],"wp:term":[{"taxonomy":"product_brand","embeddable":true,"href":"https:\/\/buscoequipomedico.com\/index.php?rest_route=%2Fwp%2Fv2%2Fproduct_brand&post=11128"},{"taxonomy":"product_cat","embeddable":true,"href":"https:\/\/buscoequipomedico.com\/index.php?rest_route=%2Fwp%2Fv2%2Fproduct_cat&post=11128"},{"taxonomy":"product_tag","embeddable":true,"href":"https:\/\/buscoequipomedico.com\/index.php?rest_route=%2Fwp%2Fv2%2Fproduct_tag&post=11128"}],"curies":[{"name":"wp","href":"https:\/\/api.w.org\/{rel}","templated":true}]}}