{"id":11136,"date":"2020-02-18T07:31:53","date_gmt":"2020-02-18T07:31:53","guid":{"rendered":"https:\/\/equipomedicomexico-com.preview-domain.com\/product\/autoclave-electronica-semi-automatica-digital\/"},"modified":"2020-02-18T07:31:57","modified_gmt":"2020-02-18T07:31:57","slug":"autoclave-electronica-semi-automatica-digital","status":"publish","type":"product","link":"https:\/\/buscoequipomedico.com\/?product=autoclave-electronica-semi-automatica-digital","title":{"rendered":"AUTOCLAVE ELECTR\u00d2NICA SEMI-AUTOM\u00c0TICA DIGITAL"},"content":{"rendered":"<p>CARACTERISTICAS<\/p>\n<p>Esterilizaci\u00f3n a vapor (calor h\u00famedo)<\/p>\n<p>Control de ciclos de esterilizaci\u00f3n por MICROCONTROLADOR C\u00e1mara horizontal en acero inoxidable<\/p>\n<p>Tres charolas en acero inoxidable<\/p>\n<p>Capacidad 28 Litros<\/p>\n<p>Lectura de todas las variables en display LCD Cinco programas de esterilizaci\u00f3n<\/p>\n<p>Programa de secado<\/p>\n<p>Permite esterilizaci\u00f3n completa y f\u00e1cil. Dise\u00f1ado y programado de acuerdo a las recomendaciones de: UNITED STATES PHARMACOPEDIA (USA), AMERICAN DENTAL ASSOCIATION (ADA) Y NORMA OFICIAL MEXICANA (NOM). El autoclave LORMA Electr\u00f3nico Digital, est\u00e1 fabricado y dise\u00f1ado en funci\u00f3n de la electr\u00f3nica. Operado por un MICROCONTROLADOR, dando como resultado el control absoluto en el sistema de operaci\u00f3n, el cual tiene como fin llevar a cabo los ciclos de esterilizaci\u00f3n sin ning\u00fan error.<\/p>\n<\/p>\n<p>C\u00e1mara interna cil\u00edndrica, fabricada en acero inoxidable; las propiedades del acero inoxidable con las que est\u00e1 fabricada re\u00fanen las normas internacionales para ser utilizada en laboratorio y \u00e1rea m\u00e9dica. La capacidad es para tres charolas, con volumen de 28 litros<\/p>\n<p>El sellado de la puerta es a presi\u00f3n, garantizando una mayor seguridad de operaci\u00f3n en el equipo y para el usuario.<\/p>\n<p>Ahora con pantalla de CRISTAL LIQUIDO o LCD, para un mayor control en el monitoreo de los ciclos de esterilizaci\u00f3n.<\/p>\n<p>Puede observar: temperatura, tiempo, presi\u00f3n, estado de trabajo del equipo y programas de esterilizaci\u00f3n, todo al mismo tiempo a trav\u00e9s de su LCD. Aunado a lo anterior y en conjunto con el led indicador de trabajo, forman parte de un mejor manejo, seguridad y confianza para la esterilizaci\u00f3n de su material.<\/p>\n<\/p>\n<p>Las charolas son de diferentes medidas para adaptarse a la forma de la c\u00e1mara.<\/p>\n<p>a. Charola superior 44 x 23.4<\/p>\n<p>b. Charola del medio 44 x 27.2<\/p>\n<p>c. Charola inferior 44 x 22.8<\/p>\n","protected":false},"excerpt":{"rendered":"<p>AUTOCLAVE ELECTRONICO DIGITAL MODELO AV28L<\/p>\n<p>CAPACIDAD 28 LTS<\/p>\n<p>GRUPO LORMA pone a su alcance lo \u00faltimo en equipo de<\/p>\n<p>esterilizaci\u00f3n a vapor, el modelo AV-28L permite una completa<\/p>\n<p>y f\u00e1cil esterilizaci\u00f3n. Dise\u00f1ado y programado de acuerdo a las<\/p>\n<p>recomendaciones de: UNITED STATES PHARMACOPEIA<\/p>\n<p>(USP), AMERICAN DENTAL ASSOCIATION (ADA) Y NORMA<\/p>\n<p>OFICIAL MEXICANA (NOM).<\/p>\n","protected":false},"featured_media":11137,"template":"","meta":{"_joinchat":[]},"product_brand":[],"product_cat":[186],"product_tag":[],"class_list":{"0":"post-11136","1":"product","2":"type-product","3":"status-publish","4":"has-post-thumbnail","6":"product_cat-autoclaves","7":"pa_marca-hrd","9":"first","10":"instock","11":"purchasable","12":"product-type-simple"},"yoast_head":"<!-- This site is optimized with the Yoast SEO plugin v25.1 - https:\/\/yoast.com\/wordpress\/plugins\/seo\/ -->\n<title>AUTOCLAVE ELECTR\u00d2NICA SEMI-AUTOM\u00c0TICA DIGITAL - Tu mejor opci\u00f3n Equipo M\u00e9dico M\u00e9xico<\/title>\n<meta name=\"robots\" content=\"index, follow, max-snippet:-1, max-image-preview:large, max-video-preview:-1\" \/>\n<link rel=\"canonical\" href=\"https:\/\/buscoequipomedico.com\/?product=autoclave-electronica-semi-automatica-digital\" \/>\n<meta property=\"og:locale\" content=\"es_ES\" \/>\n<meta property=\"og:type\" content=\"article\" \/>\n<meta property=\"og:title\" content=\"AUTOCLAVE ELECTR\u00d2NICA SEMI-AUTOM\u00c0TICA DIGITAL - Tu mejor opci\u00f3n Equipo M\u00e9dico M\u00e9xico\" \/>\n<meta property=\"og:description\" content=\"AUTOCLAVE ELECTRONICO DIGITAL MODELO AV28L CAPACIDAD 28 LTS GRUPO LORMA pone a su alcance lo \u00faltimo en equipo de esterilizaci\u00f3n a vapor, el modelo AV-28L permite una completa y f\u00e1cil esterilizaci\u00f3n. Dise\u00f1ado y programado de acuerdo a las recomendaciones de: UNITED STATES PHARMACOPEIA (USP), AMERICAN DENTAL ASSOCIATION (ADA) Y NORMA OFICIAL MEXICANA (NOM).\" \/>\n<meta property=\"og:url\" content=\"https:\/\/buscoequipomedico.com\/?product=autoclave-electronica-semi-automatica-digital\" \/>\n<meta property=\"og:site_name\" content=\"Tu mejor opci\u00f3n Equipo M\u00e9dico M\u00e9xico\" \/>\n<meta property=\"article:modified_time\" content=\"2020-02-18T07:31:57+00:00\" \/>\n<meta property=\"og:image\" content=\"https:\/\/buscoequipomedico.com\/wp-content\/uploads\/2020\/02\/autoclave-electronica-semi-automatica-digital-autoclave-electronico-digital-modelo-av28l-capacidad-28-lts-grupo-lorma-pone-a-su.jpg\" \/>\n\t<meta property=\"og:image:width\" content=\"800\" \/>\n\t<meta property=\"og:image:height\" content=\"800\" \/>\n\t<meta property=\"og:image:type\" content=\"image\/png\" \/>\n<meta name=\"twitter:card\" content=\"summary_large_image\" \/>\n<meta name=\"twitter:label1\" content=\"Tiempo de lectura\" \/>\n\t<meta name=\"twitter:data1\" content=\"1 minuto\" \/>\n<script type=\"application\/ld+json\" class=\"yoast-schema-graph\">{\"@context\":\"https:\/\/schema.org\",\"@graph\":[{\"@type\":\"WebPage\",\"@id\":\"https:\/\/buscoequipomedico.com\/?product=autoclave-electronica-semi-automatica-digital\",\"url\":\"https:\/\/buscoequipomedico.com\/?product=autoclave-electronica-semi-automatica-digital\",\"name\":\"AUTOCLAVE ELECTR\u00d2NICA SEMI-AUTOM\u00c0TICA DIGITAL - Tu mejor opci\u00f3n Equipo M\u00e9dico M\u00e9xico\",\"isPartOf\":{\"@id\":\"https:\/\/buscoequipomedico.com\/#website\"},\"primaryImageOfPage\":{\"@id\":\"https:\/\/buscoequipomedico.com\/?product=autoclave-electronica-semi-automatica-digital#primaryimage\"},\"image\":{\"@id\":\"https:\/\/buscoequipomedico.com\/?product=autoclave-electronica-semi-automatica-digital#primaryimage\"},\"thumbnailUrl\":\"https:\/\/buscoequipomedico.com\/wp-content\/uploads\/2020\/02\/autoclave-electronica-semi-automatica-digital-autoclave-electronico-digital-modelo-av28l-capacidad-28-lts-grupo-lorma-pone-a-su.jpg\",\"datePublished\":\"2020-02-18T07:31:53+00:00\",\"dateModified\":\"2020-02-18T07:31:57+00:00\",\"breadcrumb\":{\"@id\":\"https:\/\/buscoequipomedico.com\/?product=autoclave-electronica-semi-automatica-digital#breadcrumb\"},\"inLanguage\":\"es\",\"potentialAction\":[{\"@type\":\"ReadAction\",\"target\":[\"https:\/\/buscoequipomedico.com\/?product=autoclave-electronica-semi-automatica-digital\"]}]},{\"@type\":\"ImageObject\",\"inLanguage\":\"es\",\"@id\":\"https:\/\/buscoequipomedico.com\/?product=autoclave-electronica-semi-automatica-digital#primaryimage\",\"url\":\"https:\/\/buscoequipomedico.com\/wp-content\/uploads\/2020\/02\/autoclave-electronica-semi-automatica-digital-autoclave-electronico-digital-modelo-av28l-capacidad-28-lts-grupo-lorma-pone-a-su.jpg\",\"contentUrl\":\"https:\/\/buscoequipomedico.com\/wp-content\/uploads\/2020\/02\/autoclave-electronica-semi-automatica-digital-autoclave-electronico-digital-modelo-av28l-capacidad-28-lts-grupo-lorma-pone-a-su.jpg\",\"width\":800,\"height\":800},{\"@type\":\"BreadcrumbList\",\"@id\":\"https:\/\/buscoequipomedico.com\/?product=autoclave-electronica-semi-automatica-digital#breadcrumb\",\"itemListElement\":[{\"@type\":\"ListItem\",\"position\":1,\"name\":\"Productos\",\"item\":\"https:\/\/buscoequipomedico.com\/shop\/\"},{\"@type\":\"ListItem\",\"position\":2,\"name\":\"AUTOCLAVE ELECTR\u00d2NICA SEMI-AUTOM\u00c0TICA DIGITAL\"}]},{\"@type\":\"WebSite\",\"@id\":\"https:\/\/buscoequipomedico.com\/#website\",\"url\":\"https:\/\/buscoequipomedico.com\/\",\"name\":\"Tu mejor opci\u00f3n Equipo M\u00e9dico M\u00e9xico\",\"description\":\"Tienda de equipo m\u00e9dico\",\"publisher\":{\"@id\":\"https:\/\/buscoequipomedico.com\/#organization\"},\"potentialAction\":[{\"@type\":\"SearchAction\",\"target\":{\"@type\":\"EntryPoint\",\"urlTemplate\":\"https:\/\/buscoequipomedico.com\/?s={search_term_string}\"},\"query-input\":{\"@type\":\"PropertyValueSpecification\",\"valueRequired\":true,\"valueName\":\"search_term_string\"}}],\"inLanguage\":\"es\"},{\"@type\":\"Organization\",\"@id\":\"https:\/\/buscoequipomedico.com\/#organization\",\"name\":\"Tu mejor opci\u00f3n Equipo M\u00e9dico M\u00e9xico\",\"url\":\"https:\/\/buscoequipomedico.com\/\",\"logo\":{\"@type\":\"ImageObject\",\"inLanguage\":\"es\",\"@id\":\"https:\/\/buscoequipomedico.com\/#\/schema\/logo\/image\/\",\"url\":\"https:\/\/buscoequipomedico.com\/wp-content\/uploads\/2021\/07\/EMM-VPrincipal-scaled.jpg\",\"contentUrl\":\"https:\/\/buscoequipomedico.com\/wp-content\/uploads\/2021\/07\/EMM-VPrincipal-scaled.jpg\",\"width\":2560,\"height\":1058,\"caption\":\"Tu mejor opci\u00f3n Equipo M\u00e9dico M\u00e9xico\"},\"image\":{\"@id\":\"https:\/\/buscoequipomedico.com\/#\/schema\/logo\/image\/\"}}]}<\/script>\n<!-- \/ Yoast SEO plugin. -->","yoast_head_json":{"title":"AUTOCLAVE ELECTR\u00d2NICA SEMI-AUTOM\u00c0TICA DIGITAL - Tu mejor opci\u00f3n Equipo M\u00e9dico M\u00e9xico","robots":{"index":"index","follow":"follow","max-snippet":"max-snippet:-1","max-image-preview":"max-image-preview:large","max-video-preview":"max-video-preview:-1"},"canonical":"https:\/\/buscoequipomedico.com\/?product=autoclave-electronica-semi-automatica-digital","og_locale":"es_ES","og_type":"article","og_title":"AUTOCLAVE ELECTR\u00d2NICA SEMI-AUTOM\u00c0TICA DIGITAL - Tu mejor opci\u00f3n Equipo M\u00e9dico M\u00e9xico","og_description":"AUTOCLAVE ELECTRONICO DIGITAL MODELO AV28L CAPACIDAD 28 LTS GRUPO LORMA pone a su alcance lo \u00faltimo en equipo de esterilizaci\u00f3n a vapor, el modelo AV-28L permite una completa y f\u00e1cil esterilizaci\u00f3n. Dise\u00f1ado y programado de acuerdo a las recomendaciones de: UNITED STATES PHARMACOPEIA (USP), AMERICAN DENTAL ASSOCIATION (ADA) Y NORMA OFICIAL MEXICANA (NOM).","og_url":"https:\/\/buscoequipomedico.com\/?product=autoclave-electronica-semi-automatica-digital","og_site_name":"Tu mejor opci\u00f3n Equipo M\u00e9dico M\u00e9xico","article_modified_time":"2020-02-18T07:31:57+00:00","og_image":[{"width":800,"height":800,"url":"https:\/\/buscoequipomedico.com\/wp-content\/uploads\/2020\/02\/autoclave-electronica-semi-automatica-digital-autoclave-electronico-digital-modelo-av28l-capacidad-28-lts-grupo-lorma-pone-a-su.jpg","type":"image\/png"}],"twitter_card":"summary_large_image","twitter_misc":{"Tiempo de lectura":"1 minuto"},"schema":{"@context":"https:\/\/schema.org","@graph":[{"@type":"WebPage","@id":"https:\/\/buscoequipomedico.com\/?product=autoclave-electronica-semi-automatica-digital","url":"https:\/\/buscoequipomedico.com\/?product=autoclave-electronica-semi-automatica-digital","name":"AUTOCLAVE ELECTR\u00d2NICA SEMI-AUTOM\u00c0TICA DIGITAL - Tu mejor opci\u00f3n Equipo M\u00e9dico M\u00e9xico","isPartOf":{"@id":"https:\/\/buscoequipomedico.com\/#website"},"primaryImageOfPage":{"@id":"https:\/\/buscoequipomedico.com\/?product=autoclave-electronica-semi-automatica-digital#primaryimage"},"image":{"@id":"https:\/\/buscoequipomedico.com\/?product=autoclave-electronica-semi-automatica-digital#primaryimage"},"thumbnailUrl":"https:\/\/buscoequipomedico.com\/wp-content\/uploads\/2020\/02\/autoclave-electronica-semi-automatica-digital-autoclave-electronico-digital-modelo-av28l-capacidad-28-lts-grupo-lorma-pone-a-su.jpg","datePublished":"2020-02-18T07:31:53+00:00","dateModified":"2020-02-18T07:31:57+00:00","breadcrumb":{"@id":"https:\/\/buscoequipomedico.com\/?product=autoclave-electronica-semi-automatica-digital#breadcrumb"},"inLanguage":"es","potentialAction":[{"@type":"ReadAction","target":["https:\/\/buscoequipomedico.com\/?product=autoclave-electronica-semi-automatica-digital"]}]},{"@type":"ImageObject","inLanguage":"es","@id":"https:\/\/buscoequipomedico.com\/?product=autoclave-electronica-semi-automatica-digital#primaryimage","url":"https:\/\/buscoequipomedico.com\/wp-content\/uploads\/2020\/02\/autoclave-electronica-semi-automatica-digital-autoclave-electronico-digital-modelo-av28l-capacidad-28-lts-grupo-lorma-pone-a-su.jpg","contentUrl":"https:\/\/buscoequipomedico.com\/wp-content\/uploads\/2020\/02\/autoclave-electronica-semi-automatica-digital-autoclave-electronico-digital-modelo-av28l-capacidad-28-lts-grupo-lorma-pone-a-su.jpg","width":800,"height":800},{"@type":"BreadcrumbList","@id":"https:\/\/buscoequipomedico.com\/?product=autoclave-electronica-semi-automatica-digital#breadcrumb","itemListElement":[{"@type":"ListItem","position":1,"name":"Productos","item":"https:\/\/buscoequipomedico.com\/shop\/"},{"@type":"ListItem","position":2,"name":"AUTOCLAVE ELECTR\u00d2NICA SEMI-AUTOM\u00c0TICA DIGITAL"}]},{"@type":"WebSite","@id":"https:\/\/buscoequipomedico.com\/#website","url":"https:\/\/buscoequipomedico.com\/","name":"Tu mejor opci\u00f3n Equipo M\u00e9dico M\u00e9xico","description":"Tienda de equipo m\u00e9dico","publisher":{"@id":"https:\/\/buscoequipomedico.com\/#organization"},"potentialAction":[{"@type":"SearchAction","target":{"@type":"EntryPoint","urlTemplate":"https:\/\/buscoequipomedico.com\/?s={search_term_string}"},"query-input":{"@type":"PropertyValueSpecification","valueRequired":true,"valueName":"search_term_string"}}],"inLanguage":"es"},{"@type":"Organization","@id":"https:\/\/buscoequipomedico.com\/#organization","name":"Tu mejor opci\u00f3n Equipo M\u00e9dico M\u00e9xico","url":"https:\/\/buscoequipomedico.com\/","logo":{"@type":"ImageObject","inLanguage":"es","@id":"https:\/\/buscoequipomedico.com\/#\/schema\/logo\/image\/","url":"https:\/\/buscoequipomedico.com\/wp-content\/uploads\/2021\/07\/EMM-VPrincipal-scaled.jpg","contentUrl":"https:\/\/buscoequipomedico.com\/wp-content\/uploads\/2021\/07\/EMM-VPrincipal-scaled.jpg","width":2560,"height":1058,"caption":"Tu mejor opci\u00f3n Equipo M\u00e9dico M\u00e9xico"},"image":{"@id":"https:\/\/buscoequipomedico.com\/#\/schema\/logo\/image\/"}}]}},"_links":{"self":[{"href":"https:\/\/buscoequipomedico.com\/index.php?rest_route=\/wp\/v2\/product\/11136","targetHints":{"allow":["GET"]}}],"collection":[{"href":"https:\/\/buscoequipomedico.com\/index.php?rest_route=\/wp\/v2\/product"}],"about":[{"href":"https:\/\/buscoequipomedico.com\/index.php?rest_route=\/wp\/v2\/types\/product"}],"wp:featuredmedia":[{"embeddable":true,"href":"https:\/\/buscoequipomedico.com\/index.php?rest_route=\/wp\/v2\/media\/11137"}],"wp:attachment":[{"href":"https:\/\/buscoequipomedico.com\/index.php?rest_route=%2Fwp%2Fv2%2Fmedia&parent=11136"}],"wp:term":[{"taxonomy":"product_brand","embeddable":true,"href":"https:\/\/buscoequipomedico.com\/index.php?rest_route=%2Fwp%2Fv2%2Fproduct_brand&post=11136"},{"taxonomy":"product_cat","embeddable":true,"href":"https:\/\/buscoequipomedico.com\/index.php?rest_route=%2Fwp%2Fv2%2Fproduct_cat&post=11136"},{"taxonomy":"product_tag","embeddable":true,"href":"https:\/\/buscoequipomedico.com\/index.php?rest_route=%2Fwp%2Fv2%2Fproduct_tag&post=11136"}],"curies":[{"name":"wp","href":"https:\/\/api.w.org\/{rel}","templated":true}]}}