{"id":11147,"date":"2020-02-18T07:31:59","date_gmt":"2020-02-18T07:31:59","guid":{"rendered":"https:\/\/equipomedicomexico-com.preview-domain.com\/product\/autoclave-ritter-m11\/"},"modified":"2020-02-18T07:32:00","modified_gmt":"2020-02-18T07:32:00","slug":"autoclave-ritter-m11","status":"publish","type":"product","link":"https:\/\/buscoequipomedico.com\/?product=autoclave-ritter-m11","title":{"rendered":"AUTOCLAVE RITTER M11"},"content":{"rendered":"<p>El M11 es el miembro m\u00e1s grande de la Familly Ritter de autoclaves. Su exclusiva camara de 27,9 cm x 45,7 cm (11\u00b4\u00b4 x 18\u00b4\u00b4),le da la distinci\u00f3n de tener la capacidad de esterilizaci\u00f3n m\u00e1s grande de cualquier esterilizador encimera est\u00e1ndar en el mercado , por lo que es el perfecto para paquetes y los instrumentos m\u00e1s grandes. Las caracter\u00edsticas incluyen:<\/p>\n<\/p>\n<p>Exclusiva puerta de apertura autom\u00e1tica para la facilidad de uso y un tiempo de secado r\u00e1pido<\/p>\n<\/p>\n<p>Grande 27.9 cm x 45.7 cm (11\u00b4\u00b4x 18\u00b4\u00b4) c\u00e1mara para aumentar la capacidad<\/p>\n<\/p>\n<p>Sistema de extracci\u00f3n de aire Pulso Presi\u00f3n Corriente \u2013 Flush asegura la penetraci\u00f3n del vapor adecuada<\/p>\n<\/p>\n<p>Controles del programa Auto le permiten crear diferentes par\u00e1metros del ciclo para satisfacer las necesidades de procesamiento de instrumentos espec\u00edficos<\/p>\n<\/p>\n<p>Controles pre programados para mayor comodidad<\/p>\n<\/p>\n<p>Pantalla LCD para una f\u00e1cil visi\u00f3n de los indicadores<\/p>\n<\/p>\n<p>Especificaciones del esterilizador M11\u00a0de\u00a0Ritter<\/p>\n<p>Ancho total: 45,2 cm (17.8\u00b4\u00b4)<\/p>\n<p>C\u00e1mara: 28 cm de di\u00e1metro (11\u00b4\u00b4),45.7 cm de profundidad (18\u00b4\u00b4), 24.6 litros de volumen utilizable (6.5 gal)<\/p>\n<p>Bandejas: Dos grandes ? 22,9 cm de ancho x 38 cm de largo x 2,9 cm de profundidad (9\u00b4\u00b4 x 15\u00b4\u00b4 x 1.1\u00b4\u00b4)<\/p>\n<p>Dos peque\u00f1as ? 16,8 cm de ancho x 38 cm de largo x 2,9 cm de profundidad (6.6\u00b4\u00b4 x 15\u00b4\u00b4 x 1.1\u00b4\u00b4)<\/p>\n<p>Peso de la unidad: 44,9 kg (99 lb)<\/p>\n<p>Peso de env\u00edo: 59,4 kg (131 lb)<\/p>\n<p>Capacidad del dep\u00f3sito de agua: 5,3 litros (1.4 gal)<\/p>\n","protected":false},"excerpt":{"rendered":"<p><span>Hoy m\u00e1s que nunca necesita productos fiables y f\u00e1ciles de usar. Los esterilizadores de Ritter no pueden ser m\u00e1s f\u00e1ciles de usar y su fiabilidad se ha comprobado con el tiempo. Con cualquier esterilizador Ritter, no tiene m\u00e1s que cargarlo y prepararlo<\/span><\/p>\n","protected":false},"featured_media":11148,"template":"","meta":{"_joinchat":[]},"product_brand":[],"product_cat":[186],"product_tag":[],"class_list":{"0":"post-11147","1":"product","2":"type-product","3":"status-publish","4":"has-post-thumbnail","6":"product_cat-autoclaves","7":"pa_marca-ritter","9":"first","10":"instock","11":"purchasable","12":"product-type-simple"},"yoast_head":"<!-- This site is optimized with the Yoast SEO plugin v25.1 - https:\/\/yoast.com\/wordpress\/plugins\/seo\/ -->\n<title>AUTOCLAVE RITTER M11 - Tu mejor opci\u00f3n Equipo M\u00e9dico M\u00e9xico<\/title>\n<meta name=\"robots\" content=\"index, follow, max-snippet:-1, max-image-preview:large, max-video-preview:-1\" \/>\n<link rel=\"canonical\" href=\"https:\/\/buscoequipomedico.com\/?product=autoclave-ritter-m11\" \/>\n<meta property=\"og:locale\" content=\"es_ES\" \/>\n<meta property=\"og:type\" content=\"article\" \/>\n<meta property=\"og:title\" content=\"AUTOCLAVE RITTER M11 - Tu mejor opci\u00f3n Equipo M\u00e9dico M\u00e9xico\" \/>\n<meta property=\"og:description\" content=\"Hoy m\u00e1s que nunca necesita productos fiables y f\u00e1ciles de usar. Los esterilizadores de Ritter no pueden ser m\u00e1s f\u00e1ciles de usar y su fiabilidad se ha comprobado con el tiempo. Con cualquier esterilizador Ritter, no tiene m\u00e1s que cargarlo y prepararlo\" \/>\n<meta property=\"og:url\" content=\"https:\/\/buscoequipomedico.com\/?product=autoclave-ritter-m11\" \/>\n<meta property=\"og:site_name\" content=\"Tu mejor opci\u00f3n Equipo M\u00e9dico M\u00e9xico\" \/>\n<meta property=\"article:modified_time\" content=\"2020-02-18T07:32:00+00:00\" \/>\n<meta property=\"og:image\" content=\"https:\/\/buscoequipomedico.com\/wp-content\/uploads\/2020\/02\/autoclave-ritter-m11-hoy-mas-que-nunca-necesita-productos-fiables-y-faciles-de-usar-los-esterilizadores-de-ritter-no-pueden-ser.jpg\" \/>\n\t<meta property=\"og:image:width\" content=\"800\" \/>\n\t<meta property=\"og:image:height\" content=\"800\" \/>\n\t<meta property=\"og:image:type\" content=\"image\/png\" \/>\n<meta name=\"twitter:card\" content=\"summary_large_image\" \/>\n<meta name=\"twitter:label1\" content=\"Tiempo de lectura\" \/>\n\t<meta name=\"twitter:data1\" content=\"1 minuto\" \/>\n<script type=\"application\/ld+json\" class=\"yoast-schema-graph\">{\"@context\":\"https:\/\/schema.org\",\"@graph\":[{\"@type\":\"WebPage\",\"@id\":\"https:\/\/buscoequipomedico.com\/?product=autoclave-ritter-m11\",\"url\":\"https:\/\/buscoequipomedico.com\/?product=autoclave-ritter-m11\",\"name\":\"AUTOCLAVE RITTER M11 - Tu mejor opci\u00f3n Equipo M\u00e9dico M\u00e9xico\",\"isPartOf\":{\"@id\":\"https:\/\/buscoequipomedico.com\/#website\"},\"primaryImageOfPage\":{\"@id\":\"https:\/\/buscoequipomedico.com\/?product=autoclave-ritter-m11#primaryimage\"},\"image\":{\"@id\":\"https:\/\/buscoequipomedico.com\/?product=autoclave-ritter-m11#primaryimage\"},\"thumbnailUrl\":\"https:\/\/buscoequipomedico.com\/wp-content\/uploads\/2020\/02\/autoclave-ritter-m11-hoy-mas-que-nunca-necesita-productos-fiables-y-faciles-de-usar-los-esterilizadores-de-ritter-no-pueden-ser.jpg\",\"datePublished\":\"2020-02-18T07:31:59+00:00\",\"dateModified\":\"2020-02-18T07:32:00+00:00\",\"breadcrumb\":{\"@id\":\"https:\/\/buscoequipomedico.com\/?product=autoclave-ritter-m11#breadcrumb\"},\"inLanguage\":\"es\",\"potentialAction\":[{\"@type\":\"ReadAction\",\"target\":[\"https:\/\/buscoequipomedico.com\/?product=autoclave-ritter-m11\"]}]},{\"@type\":\"ImageObject\",\"inLanguage\":\"es\",\"@id\":\"https:\/\/buscoequipomedico.com\/?product=autoclave-ritter-m11#primaryimage\",\"url\":\"https:\/\/buscoequipomedico.com\/wp-content\/uploads\/2020\/02\/autoclave-ritter-m11-hoy-mas-que-nunca-necesita-productos-fiables-y-faciles-de-usar-los-esterilizadores-de-ritter-no-pueden-ser.jpg\",\"contentUrl\":\"https:\/\/buscoequipomedico.com\/wp-content\/uploads\/2020\/02\/autoclave-ritter-m11-hoy-mas-que-nunca-necesita-productos-fiables-y-faciles-de-usar-los-esterilizadores-de-ritter-no-pueden-ser.jpg\",\"width\":800,\"height\":800},{\"@type\":\"BreadcrumbList\",\"@id\":\"https:\/\/buscoequipomedico.com\/?product=autoclave-ritter-m11#breadcrumb\",\"itemListElement\":[{\"@type\":\"ListItem\",\"position\":1,\"name\":\"Productos\",\"item\":\"https:\/\/buscoequipomedico.com\/shop\/\"},{\"@type\":\"ListItem\",\"position\":2,\"name\":\"AUTOCLAVE RITTER M11\"}]},{\"@type\":\"WebSite\",\"@id\":\"https:\/\/buscoequipomedico.com\/#website\",\"url\":\"https:\/\/buscoequipomedico.com\/\",\"name\":\"Tu mejor opci\u00f3n Equipo M\u00e9dico M\u00e9xico\",\"description\":\"Tienda de equipo m\u00e9dico\",\"publisher\":{\"@id\":\"https:\/\/buscoequipomedico.com\/#organization\"},\"potentialAction\":[{\"@type\":\"SearchAction\",\"target\":{\"@type\":\"EntryPoint\",\"urlTemplate\":\"https:\/\/buscoequipomedico.com\/?s={search_term_string}\"},\"query-input\":{\"@type\":\"PropertyValueSpecification\",\"valueRequired\":true,\"valueName\":\"search_term_string\"}}],\"inLanguage\":\"es\"},{\"@type\":\"Organization\",\"@id\":\"https:\/\/buscoequipomedico.com\/#organization\",\"name\":\"Tu mejor opci\u00f3n Equipo M\u00e9dico M\u00e9xico\",\"url\":\"https:\/\/buscoequipomedico.com\/\",\"logo\":{\"@type\":\"ImageObject\",\"inLanguage\":\"es\",\"@id\":\"https:\/\/buscoequipomedico.com\/#\/schema\/logo\/image\/\",\"url\":\"https:\/\/buscoequipomedico.com\/wp-content\/uploads\/2021\/07\/EMM-VPrincipal-scaled.jpg\",\"contentUrl\":\"https:\/\/buscoequipomedico.com\/wp-content\/uploads\/2021\/07\/EMM-VPrincipal-scaled.jpg\",\"width\":2560,\"height\":1058,\"caption\":\"Tu mejor opci\u00f3n Equipo M\u00e9dico M\u00e9xico\"},\"image\":{\"@id\":\"https:\/\/buscoequipomedico.com\/#\/schema\/logo\/image\/\"}}]}<\/script>\n<!-- \/ Yoast SEO plugin. -->","yoast_head_json":{"title":"AUTOCLAVE RITTER M11 - Tu mejor opci\u00f3n Equipo M\u00e9dico M\u00e9xico","robots":{"index":"index","follow":"follow","max-snippet":"max-snippet:-1","max-image-preview":"max-image-preview:large","max-video-preview":"max-video-preview:-1"},"canonical":"https:\/\/buscoequipomedico.com\/?product=autoclave-ritter-m11","og_locale":"es_ES","og_type":"article","og_title":"AUTOCLAVE RITTER M11 - Tu mejor opci\u00f3n Equipo M\u00e9dico M\u00e9xico","og_description":"Hoy m\u00e1s que nunca necesita productos fiables y f\u00e1ciles de usar. Los esterilizadores de Ritter no pueden ser m\u00e1s f\u00e1ciles de usar y su fiabilidad se ha comprobado con el tiempo. Con cualquier esterilizador Ritter, no tiene m\u00e1s que cargarlo y prepararlo","og_url":"https:\/\/buscoequipomedico.com\/?product=autoclave-ritter-m11","og_site_name":"Tu mejor opci\u00f3n Equipo M\u00e9dico M\u00e9xico","article_modified_time":"2020-02-18T07:32:00+00:00","og_image":[{"width":800,"height":800,"url":"https:\/\/buscoequipomedico.com\/wp-content\/uploads\/2020\/02\/autoclave-ritter-m11-hoy-mas-que-nunca-necesita-productos-fiables-y-faciles-de-usar-los-esterilizadores-de-ritter-no-pueden-ser.jpg","type":"image\/png"}],"twitter_card":"summary_large_image","twitter_misc":{"Tiempo de lectura":"1 minuto"},"schema":{"@context":"https:\/\/schema.org","@graph":[{"@type":"WebPage","@id":"https:\/\/buscoequipomedico.com\/?product=autoclave-ritter-m11","url":"https:\/\/buscoequipomedico.com\/?product=autoclave-ritter-m11","name":"AUTOCLAVE RITTER M11 - Tu mejor opci\u00f3n Equipo M\u00e9dico M\u00e9xico","isPartOf":{"@id":"https:\/\/buscoequipomedico.com\/#website"},"primaryImageOfPage":{"@id":"https:\/\/buscoequipomedico.com\/?product=autoclave-ritter-m11#primaryimage"},"image":{"@id":"https:\/\/buscoequipomedico.com\/?product=autoclave-ritter-m11#primaryimage"},"thumbnailUrl":"https:\/\/buscoequipomedico.com\/wp-content\/uploads\/2020\/02\/autoclave-ritter-m11-hoy-mas-que-nunca-necesita-productos-fiables-y-faciles-de-usar-los-esterilizadores-de-ritter-no-pueden-ser.jpg","datePublished":"2020-02-18T07:31:59+00:00","dateModified":"2020-02-18T07:32:00+00:00","breadcrumb":{"@id":"https:\/\/buscoequipomedico.com\/?product=autoclave-ritter-m11#breadcrumb"},"inLanguage":"es","potentialAction":[{"@type":"ReadAction","target":["https:\/\/buscoequipomedico.com\/?product=autoclave-ritter-m11"]}]},{"@type":"ImageObject","inLanguage":"es","@id":"https:\/\/buscoequipomedico.com\/?product=autoclave-ritter-m11#primaryimage","url":"https:\/\/buscoequipomedico.com\/wp-content\/uploads\/2020\/02\/autoclave-ritter-m11-hoy-mas-que-nunca-necesita-productos-fiables-y-faciles-de-usar-los-esterilizadores-de-ritter-no-pueden-ser.jpg","contentUrl":"https:\/\/buscoequipomedico.com\/wp-content\/uploads\/2020\/02\/autoclave-ritter-m11-hoy-mas-que-nunca-necesita-productos-fiables-y-faciles-de-usar-los-esterilizadores-de-ritter-no-pueden-ser.jpg","width":800,"height":800},{"@type":"BreadcrumbList","@id":"https:\/\/buscoequipomedico.com\/?product=autoclave-ritter-m11#breadcrumb","itemListElement":[{"@type":"ListItem","position":1,"name":"Productos","item":"https:\/\/buscoequipomedico.com\/shop\/"},{"@type":"ListItem","position":2,"name":"AUTOCLAVE RITTER M11"}]},{"@type":"WebSite","@id":"https:\/\/buscoequipomedico.com\/#website","url":"https:\/\/buscoequipomedico.com\/","name":"Tu mejor opci\u00f3n Equipo M\u00e9dico M\u00e9xico","description":"Tienda de equipo m\u00e9dico","publisher":{"@id":"https:\/\/buscoequipomedico.com\/#organization"},"potentialAction":[{"@type":"SearchAction","target":{"@type":"EntryPoint","urlTemplate":"https:\/\/buscoequipomedico.com\/?s={search_term_string}"},"query-input":{"@type":"PropertyValueSpecification","valueRequired":true,"valueName":"search_term_string"}}],"inLanguage":"es"},{"@type":"Organization","@id":"https:\/\/buscoequipomedico.com\/#organization","name":"Tu mejor opci\u00f3n Equipo M\u00e9dico M\u00e9xico","url":"https:\/\/buscoequipomedico.com\/","logo":{"@type":"ImageObject","inLanguage":"es","@id":"https:\/\/buscoequipomedico.com\/#\/schema\/logo\/image\/","url":"https:\/\/buscoequipomedico.com\/wp-content\/uploads\/2021\/07\/EMM-VPrincipal-scaled.jpg","contentUrl":"https:\/\/buscoequipomedico.com\/wp-content\/uploads\/2021\/07\/EMM-VPrincipal-scaled.jpg","width":2560,"height":1058,"caption":"Tu mejor opci\u00f3n Equipo M\u00e9dico M\u00e9xico"},"image":{"@id":"https:\/\/buscoequipomedico.com\/#\/schema\/logo\/image\/"}}]}},"_links":{"self":[{"href":"https:\/\/buscoequipomedico.com\/index.php?rest_route=\/wp\/v2\/product\/11147","targetHints":{"allow":["GET"]}}],"collection":[{"href":"https:\/\/buscoequipomedico.com\/index.php?rest_route=\/wp\/v2\/product"}],"about":[{"href":"https:\/\/buscoequipomedico.com\/index.php?rest_route=\/wp\/v2\/types\/product"}],"wp:featuredmedia":[{"embeddable":true,"href":"https:\/\/buscoequipomedico.com\/index.php?rest_route=\/wp\/v2\/media\/11148"}],"wp:attachment":[{"href":"https:\/\/buscoequipomedico.com\/index.php?rest_route=%2Fwp%2Fv2%2Fmedia&parent=11147"}],"wp:term":[{"taxonomy":"product_brand","embeddable":true,"href":"https:\/\/buscoequipomedico.com\/index.php?rest_route=%2Fwp%2Fv2%2Fproduct_brand&post=11147"},{"taxonomy":"product_cat","embeddable":true,"href":"https:\/\/buscoequipomedico.com\/index.php?rest_route=%2Fwp%2Fv2%2Fproduct_cat&post=11147"},{"taxonomy":"product_tag","embeddable":true,"href":"https:\/\/buscoequipomedico.com\/index.php?rest_route=%2Fwp%2Fv2%2Fproduct_tag&post=11147"}],"curies":[{"name":"wp","href":"https:\/\/api.w.org\/{rel}","templated":true}]}}