{"id":11151,"date":"2020-02-18T07:31:59","date_gmt":"2020-02-18T07:31:59","guid":{"rendered":"https:\/\/equipomedicomexico-com.preview-domain.com\/product\/autoclave-ritter-m9d-con-puerta-manual\/"},"modified":"2020-02-18T07:32:01","modified_gmt":"2020-02-18T07:32:01","slug":"autoclave-ritter-m9d-con-puerta-manual","status":"publish","type":"product","link":"https:\/\/buscoequipomedico.com\/?product=autoclave-ritter-m9d-con-puerta-manual","title":{"rendered":"AUTOCLAVE RITTER M9D CON PUERTA MANUAL"},"content":{"rendered":"<p>El sistema de expulsi\u00f3n de aire por impulsos de presi\u00f3n y chorros de vapor es tan eficiente que le permite superar las pruebas de expulsi\u00f3n de aire exigidas para sistemas de esterilizaci\u00f3n de vapor al vac\u00edo m\u00e1s complejos, lo que asegura una excelente penetraci\u00f3n del vapor para obtener una correcta esterilizaci\u00f3n.<\/p>\n<\/p>\n<p>El autoclave M9 no podr\u00eda ser m\u00e1s f\u00e1cil y es tiempo de prueba para FIABILIDAD. Usted s\u00f3lo tiene que cargarlo y configurarlo. Seleccione usted ciclo y el tiempo se ajusta para usted. Pulse el bot\u00f3n \u00b4\u00b4 Inicio\u00b4\u00b4 y la M9D se llena con la cantidad correcta de agua. Las caracter\u00edsticas incluyen:<\/p>\n<\/p>\n<p>Sistema de eliminaci\u00f3n de aire del pulso de presi\u00f3n de vapor<\/p>\n<\/p>\n<p>Controles del programa Auto le permiten crear diferentes par\u00e1metros del ciclo para satisfacer las necesidades de procesamiento de instrumentos espec\u00edficos<\/p>\n<\/p>\n<p>Controles preprogramadas para mayor comodidad<\/p>\n<\/p>\n<p>Pantalla LCD para una f\u00e1cil visi\u00f3n de los indicadores<\/p>\n<\/p>\n<p>Especificaciones del esterilizador M9D\u00a0de\u00a0Ritter<\/p>\n<\/p>\n<ul>\n<li>C\u00e1mara:<\/li>\n<\/ul>\n<p>22,9 cm de di\u00e1metro (9\u00b4\u00b4)<\/p>\n<p>38,1 cm de profundidad (15\u00b4\u00b4)<\/p>\n<p>13,4 litros de volumen utilizable (3.5 gal)<\/p>\n<\/p>\n<ul>\n<li>Bandejas:<\/li>\n<\/ul>\n<p>Dos grandes ? 18,6 cm de ancho x 30,5 cm de largo x 2,2 cm de profundidad (7.3\u00b4\u00b4 x 12\u00b4\u00b4 x 0.8\u00b4\u00b4), Dos peque\u00f1as ? 14,3 cm de ancho x 30,5 cm de largo x 2,2 cm de profundidad (5.6\u00b4\u00b4 x 12\u00b4\u00b4 x 0.8\u00b4\u00b4)<\/p>\n<\/p>\n<ul>\n<li>Peso de la unidad: 33,1 kg (73 lb)<\/li>\n<li>Peso de env\u00edo: 36,7 kg (81 lb)<\/li>\n<li>Capacidad del dep\u00f3sito de agua:<\/li>\n<\/ul>\n<p>4,1 litros (1.1 gal)<\/p>\n","protected":false},"excerpt":{"rendered":"<p><span>Hoy m\u00e1s que nunca necesita productos fiables y f\u00e1ciles de usar. Los esterilizadores de Ritter no pueden ser m\u00e1s f\u00e1ciles de usar y su fiabilidad se ha comprobado con el tiempo. Con cualquier esterilizador Ritter, no tiene m\u00e1s que cargarlo y prepararlo, para luego olvidarse del resto.<\/span><\/p>\n","protected":false},"featured_media":11152,"template":"","meta":{"_joinchat":[]},"product_brand":[],"product_cat":[186],"product_tag":[],"class_list":{"0":"post-11151","1":"product","2":"type-product","3":"status-publish","4":"has-post-thumbnail","6":"product_cat-autoclaves","7":"pa_marca-ritter","9":"first","10":"instock","11":"purchasable","12":"product-type-simple"},"yoast_head":"<!-- This site is optimized with the Yoast SEO plugin v25.1 - https:\/\/yoast.com\/wordpress\/plugins\/seo\/ -->\n<title>AUTOCLAVE RITTER M9D CON PUERTA MANUAL - Tu mejor opci\u00f3n Equipo M\u00e9dico M\u00e9xico<\/title>\n<meta name=\"robots\" content=\"index, follow, max-snippet:-1, max-image-preview:large, max-video-preview:-1\" \/>\n<link rel=\"canonical\" href=\"https:\/\/buscoequipomedico.com\/?product=autoclave-ritter-m9d-con-puerta-manual\" \/>\n<meta property=\"og:locale\" content=\"es_ES\" \/>\n<meta property=\"og:type\" content=\"article\" \/>\n<meta property=\"og:title\" content=\"AUTOCLAVE RITTER M9D CON PUERTA MANUAL - Tu mejor opci\u00f3n Equipo M\u00e9dico M\u00e9xico\" \/>\n<meta property=\"og:description\" content=\"Hoy m\u00e1s que nunca necesita productos fiables y f\u00e1ciles de usar. Los esterilizadores de Ritter no pueden ser m\u00e1s f\u00e1ciles de usar y su fiabilidad se ha comprobado con el tiempo. Con cualquier esterilizador Ritter, no tiene m\u00e1s que cargarlo y prepararlo, para luego olvidarse del resto.\" \/>\n<meta property=\"og:url\" content=\"https:\/\/buscoequipomedico.com\/?product=autoclave-ritter-m9d-con-puerta-manual\" \/>\n<meta property=\"og:site_name\" content=\"Tu mejor opci\u00f3n Equipo M\u00e9dico M\u00e9xico\" \/>\n<meta property=\"article:modified_time\" content=\"2020-02-18T07:32:01+00:00\" \/>\n<meta property=\"og:image\" content=\"https:\/\/buscoequipomedico.com\/wp-content\/uploads\/2020\/02\/autoclave-ritter-m9d-con-puerta-manual-hoy-mas-que-nunca-necesita-productos-fiables-y-faciles-de-usar-los-esterilizadores-de-rit.jpg\" \/>\n\t<meta property=\"og:image:width\" content=\"800\" \/>\n\t<meta property=\"og:image:height\" content=\"800\" \/>\n\t<meta property=\"og:image:type\" content=\"image\/png\" \/>\n<meta name=\"twitter:card\" content=\"summary_large_image\" \/>\n<meta name=\"twitter:label1\" content=\"Tiempo de lectura\" \/>\n\t<meta name=\"twitter:data1\" content=\"1 minuto\" \/>\n<script type=\"application\/ld+json\" class=\"yoast-schema-graph\">{\"@context\":\"https:\/\/schema.org\",\"@graph\":[{\"@type\":\"WebPage\",\"@id\":\"https:\/\/buscoequipomedico.com\/?product=autoclave-ritter-m9d-con-puerta-manual\",\"url\":\"https:\/\/buscoequipomedico.com\/?product=autoclave-ritter-m9d-con-puerta-manual\",\"name\":\"AUTOCLAVE RITTER M9D CON PUERTA MANUAL - Tu mejor opci\u00f3n Equipo M\u00e9dico M\u00e9xico\",\"isPartOf\":{\"@id\":\"https:\/\/buscoequipomedico.com\/#website\"},\"primaryImageOfPage\":{\"@id\":\"https:\/\/buscoequipomedico.com\/?product=autoclave-ritter-m9d-con-puerta-manual#primaryimage\"},\"image\":{\"@id\":\"https:\/\/buscoequipomedico.com\/?product=autoclave-ritter-m9d-con-puerta-manual#primaryimage\"},\"thumbnailUrl\":\"https:\/\/buscoequipomedico.com\/wp-content\/uploads\/2020\/02\/autoclave-ritter-m9d-con-puerta-manual-hoy-mas-que-nunca-necesita-productos-fiables-y-faciles-de-usar-los-esterilizadores-de-rit.jpg\",\"datePublished\":\"2020-02-18T07:31:59+00:00\",\"dateModified\":\"2020-02-18T07:32:01+00:00\",\"breadcrumb\":{\"@id\":\"https:\/\/buscoequipomedico.com\/?product=autoclave-ritter-m9d-con-puerta-manual#breadcrumb\"},\"inLanguage\":\"es\",\"potentialAction\":[{\"@type\":\"ReadAction\",\"target\":[\"https:\/\/buscoequipomedico.com\/?product=autoclave-ritter-m9d-con-puerta-manual\"]}]},{\"@type\":\"ImageObject\",\"inLanguage\":\"es\",\"@id\":\"https:\/\/buscoequipomedico.com\/?product=autoclave-ritter-m9d-con-puerta-manual#primaryimage\",\"url\":\"https:\/\/buscoequipomedico.com\/wp-content\/uploads\/2020\/02\/autoclave-ritter-m9d-con-puerta-manual-hoy-mas-que-nunca-necesita-productos-fiables-y-faciles-de-usar-los-esterilizadores-de-rit.jpg\",\"contentUrl\":\"https:\/\/buscoequipomedico.com\/wp-content\/uploads\/2020\/02\/autoclave-ritter-m9d-con-puerta-manual-hoy-mas-que-nunca-necesita-productos-fiables-y-faciles-de-usar-los-esterilizadores-de-rit.jpg\",\"width\":800,\"height\":800},{\"@type\":\"BreadcrumbList\",\"@id\":\"https:\/\/buscoequipomedico.com\/?product=autoclave-ritter-m9d-con-puerta-manual#breadcrumb\",\"itemListElement\":[{\"@type\":\"ListItem\",\"position\":1,\"name\":\"Productos\",\"item\":\"https:\/\/buscoequipomedico.com\/shop\/\"},{\"@type\":\"ListItem\",\"position\":2,\"name\":\"AUTOCLAVE RITTER M9D CON PUERTA MANUAL\"}]},{\"@type\":\"WebSite\",\"@id\":\"https:\/\/buscoequipomedico.com\/#website\",\"url\":\"https:\/\/buscoequipomedico.com\/\",\"name\":\"Tu mejor opci\u00f3n Equipo M\u00e9dico M\u00e9xico\",\"description\":\"Tienda de equipo m\u00e9dico\",\"publisher\":{\"@id\":\"https:\/\/buscoequipomedico.com\/#organization\"},\"potentialAction\":[{\"@type\":\"SearchAction\",\"target\":{\"@type\":\"EntryPoint\",\"urlTemplate\":\"https:\/\/buscoequipomedico.com\/?s={search_term_string}\"},\"query-input\":{\"@type\":\"PropertyValueSpecification\",\"valueRequired\":true,\"valueName\":\"search_term_string\"}}],\"inLanguage\":\"es\"},{\"@type\":\"Organization\",\"@id\":\"https:\/\/buscoequipomedico.com\/#organization\",\"name\":\"Tu mejor opci\u00f3n Equipo M\u00e9dico M\u00e9xico\",\"url\":\"https:\/\/buscoequipomedico.com\/\",\"logo\":{\"@type\":\"ImageObject\",\"inLanguage\":\"es\",\"@id\":\"https:\/\/buscoequipomedico.com\/#\/schema\/logo\/image\/\",\"url\":\"https:\/\/buscoequipomedico.com\/wp-content\/uploads\/2021\/07\/EMM-VPrincipal-scaled.jpg\",\"contentUrl\":\"https:\/\/buscoequipomedico.com\/wp-content\/uploads\/2021\/07\/EMM-VPrincipal-scaled.jpg\",\"width\":2560,\"height\":1058,\"caption\":\"Tu mejor opci\u00f3n Equipo M\u00e9dico M\u00e9xico\"},\"image\":{\"@id\":\"https:\/\/buscoequipomedico.com\/#\/schema\/logo\/image\/\"}}]}<\/script>\n<!-- \/ Yoast SEO plugin. -->","yoast_head_json":{"title":"AUTOCLAVE RITTER M9D CON PUERTA MANUAL - Tu mejor opci\u00f3n Equipo M\u00e9dico M\u00e9xico","robots":{"index":"index","follow":"follow","max-snippet":"max-snippet:-1","max-image-preview":"max-image-preview:large","max-video-preview":"max-video-preview:-1"},"canonical":"https:\/\/buscoequipomedico.com\/?product=autoclave-ritter-m9d-con-puerta-manual","og_locale":"es_ES","og_type":"article","og_title":"AUTOCLAVE RITTER M9D CON PUERTA MANUAL - Tu mejor opci\u00f3n Equipo M\u00e9dico M\u00e9xico","og_description":"Hoy m\u00e1s que nunca necesita productos fiables y f\u00e1ciles de usar. Los esterilizadores de Ritter no pueden ser m\u00e1s f\u00e1ciles de usar y su fiabilidad se ha comprobado con el tiempo. Con cualquier esterilizador Ritter, no tiene m\u00e1s que cargarlo y prepararlo, para luego olvidarse del resto.","og_url":"https:\/\/buscoequipomedico.com\/?product=autoclave-ritter-m9d-con-puerta-manual","og_site_name":"Tu mejor opci\u00f3n Equipo M\u00e9dico M\u00e9xico","article_modified_time":"2020-02-18T07:32:01+00:00","og_image":[{"width":800,"height":800,"url":"https:\/\/buscoequipomedico.com\/wp-content\/uploads\/2020\/02\/autoclave-ritter-m9d-con-puerta-manual-hoy-mas-que-nunca-necesita-productos-fiables-y-faciles-de-usar-los-esterilizadores-de-rit.jpg","type":"image\/png"}],"twitter_card":"summary_large_image","twitter_misc":{"Tiempo de lectura":"1 minuto"},"schema":{"@context":"https:\/\/schema.org","@graph":[{"@type":"WebPage","@id":"https:\/\/buscoequipomedico.com\/?product=autoclave-ritter-m9d-con-puerta-manual","url":"https:\/\/buscoequipomedico.com\/?product=autoclave-ritter-m9d-con-puerta-manual","name":"AUTOCLAVE RITTER M9D CON PUERTA MANUAL - Tu mejor opci\u00f3n Equipo M\u00e9dico M\u00e9xico","isPartOf":{"@id":"https:\/\/buscoequipomedico.com\/#website"},"primaryImageOfPage":{"@id":"https:\/\/buscoequipomedico.com\/?product=autoclave-ritter-m9d-con-puerta-manual#primaryimage"},"image":{"@id":"https:\/\/buscoequipomedico.com\/?product=autoclave-ritter-m9d-con-puerta-manual#primaryimage"},"thumbnailUrl":"https:\/\/buscoequipomedico.com\/wp-content\/uploads\/2020\/02\/autoclave-ritter-m9d-con-puerta-manual-hoy-mas-que-nunca-necesita-productos-fiables-y-faciles-de-usar-los-esterilizadores-de-rit.jpg","datePublished":"2020-02-18T07:31:59+00:00","dateModified":"2020-02-18T07:32:01+00:00","breadcrumb":{"@id":"https:\/\/buscoequipomedico.com\/?product=autoclave-ritter-m9d-con-puerta-manual#breadcrumb"},"inLanguage":"es","potentialAction":[{"@type":"ReadAction","target":["https:\/\/buscoequipomedico.com\/?product=autoclave-ritter-m9d-con-puerta-manual"]}]},{"@type":"ImageObject","inLanguage":"es","@id":"https:\/\/buscoequipomedico.com\/?product=autoclave-ritter-m9d-con-puerta-manual#primaryimage","url":"https:\/\/buscoequipomedico.com\/wp-content\/uploads\/2020\/02\/autoclave-ritter-m9d-con-puerta-manual-hoy-mas-que-nunca-necesita-productos-fiables-y-faciles-de-usar-los-esterilizadores-de-rit.jpg","contentUrl":"https:\/\/buscoequipomedico.com\/wp-content\/uploads\/2020\/02\/autoclave-ritter-m9d-con-puerta-manual-hoy-mas-que-nunca-necesita-productos-fiables-y-faciles-de-usar-los-esterilizadores-de-rit.jpg","width":800,"height":800},{"@type":"BreadcrumbList","@id":"https:\/\/buscoequipomedico.com\/?product=autoclave-ritter-m9d-con-puerta-manual#breadcrumb","itemListElement":[{"@type":"ListItem","position":1,"name":"Productos","item":"https:\/\/buscoequipomedico.com\/shop\/"},{"@type":"ListItem","position":2,"name":"AUTOCLAVE RITTER M9D CON PUERTA MANUAL"}]},{"@type":"WebSite","@id":"https:\/\/buscoequipomedico.com\/#website","url":"https:\/\/buscoequipomedico.com\/","name":"Tu mejor opci\u00f3n Equipo M\u00e9dico M\u00e9xico","description":"Tienda de equipo m\u00e9dico","publisher":{"@id":"https:\/\/buscoequipomedico.com\/#organization"},"potentialAction":[{"@type":"SearchAction","target":{"@type":"EntryPoint","urlTemplate":"https:\/\/buscoequipomedico.com\/?s={search_term_string}"},"query-input":{"@type":"PropertyValueSpecification","valueRequired":true,"valueName":"search_term_string"}}],"inLanguage":"es"},{"@type":"Organization","@id":"https:\/\/buscoequipomedico.com\/#organization","name":"Tu mejor opci\u00f3n Equipo M\u00e9dico M\u00e9xico","url":"https:\/\/buscoequipomedico.com\/","logo":{"@type":"ImageObject","inLanguage":"es","@id":"https:\/\/buscoequipomedico.com\/#\/schema\/logo\/image\/","url":"https:\/\/buscoequipomedico.com\/wp-content\/uploads\/2021\/07\/EMM-VPrincipal-scaled.jpg","contentUrl":"https:\/\/buscoequipomedico.com\/wp-content\/uploads\/2021\/07\/EMM-VPrincipal-scaled.jpg","width":2560,"height":1058,"caption":"Tu mejor opci\u00f3n Equipo M\u00e9dico M\u00e9xico"},"image":{"@id":"https:\/\/buscoequipomedico.com\/#\/schema\/logo\/image\/"}}]}},"_links":{"self":[{"href":"https:\/\/buscoequipomedico.com\/index.php?rest_route=\/wp\/v2\/product\/11151","targetHints":{"allow":["GET"]}}],"collection":[{"href":"https:\/\/buscoequipomedico.com\/index.php?rest_route=\/wp\/v2\/product"}],"about":[{"href":"https:\/\/buscoequipomedico.com\/index.php?rest_route=\/wp\/v2\/types\/product"}],"wp:featuredmedia":[{"embeddable":true,"href":"https:\/\/buscoequipomedico.com\/index.php?rest_route=\/wp\/v2\/media\/11152"}],"wp:attachment":[{"href":"https:\/\/buscoequipomedico.com\/index.php?rest_route=%2Fwp%2Fv2%2Fmedia&parent=11151"}],"wp:term":[{"taxonomy":"product_brand","embeddable":true,"href":"https:\/\/buscoequipomedico.com\/index.php?rest_route=%2Fwp%2Fv2%2Fproduct_brand&post=11151"},{"taxonomy":"product_cat","embeddable":true,"href":"https:\/\/buscoequipomedico.com\/index.php?rest_route=%2Fwp%2Fv2%2Fproduct_cat&post=11151"},{"taxonomy":"product_tag","embeddable":true,"href":"https:\/\/buscoequipomedico.com\/index.php?rest_route=%2Fwp%2Fv2%2Fproduct_tag&post=11151"}],"curies":[{"name":"wp","href":"https:\/\/api.w.org\/{rel}","templated":true}]}}