{"id":11165,"date":"2020-02-18T07:31:59","date_gmt":"2020-02-18T07:31:59","guid":{"rendered":"https:\/\/equipomedicomexico-com.preview-domain.com\/product\/bascula-para-bebe\/"},"modified":"2020-02-18T07:32:03","modified_gmt":"2020-02-18T07:32:03","slug":"bascula-para-bebe","status":"publish","type":"product","link":"https:\/\/buscoequipomedico.com\/?product=bascula-para-bebe","title":{"rendered":"BASCULA PARA BEBE"},"content":{"rendered":"<p>&#8211; Pantalla grande y de f\u00e1cil lectura<\/p>\n<p>&#8211; Capacidad m\u00e1xima20 kg \/ capacidad minima 100g<\/p>\n<p>&#8211; Superficie de pesaje contorneada<\/p>\n<p>&#8211; Selector de unidad de medida kg \/ lb \/ oz<\/p>\n<p>&#8211; Medidas: 56 x 33 x 4 cm<\/p>\n<p>&#8211; Funciona con una bater\u00eda de 3V (incluida)<\/p>\n<p>&#8211; Limpieza f\u00e1cil y sencillo<\/p>\n","protected":false},"excerpt":{"rendered":"<p>Funci\u00f3n \u00abHalt\u00bb cuando el beb\u00e9 se mueve mucho, la b\u00e1scula analiza las mediciones hasta conseguir el valor m\u00e1s exacto.<\/p>\n<p>-Tecnolog\u00eda suiza<\/p>\n<p>&#8211; Funci\u00f3n de pesaje con Tara<\/p>\n<p>&#8211; Apagado autom\u00e1tico<\/p>\n<p>&#8211; Indicador de bater\u00eda baja<\/p>\n<p>&#8211; Alerta de sobrecarga<\/p>\n","protected":false},"featured_media":11166,"template":"","meta":{"_joinchat":[]},"product_brand":[],"product_cat":[189],"product_tag":[],"class_list":{"0":"post-11165","1":"product","2":"type-product","3":"status-publish","4":"has-post-thumbnail","6":"product_cat-basculas","7":"pa_marca-mdm","9":"first","10":"instock","11":"purchasable","12":"product-type-simple"},"yoast_head":"<!-- This site is optimized with the Yoast SEO plugin v25.1 - https:\/\/yoast.com\/wordpress\/plugins\/seo\/ -->\n<title>BASCULA PARA BEBE - Tu mejor opci\u00f3n Equipo M\u00e9dico M\u00e9xico<\/title>\n<meta name=\"robots\" content=\"index, follow, max-snippet:-1, max-image-preview:large, max-video-preview:-1\" \/>\n<link rel=\"canonical\" href=\"https:\/\/buscoequipomedico.com\/?product=bascula-para-bebe\" \/>\n<meta property=\"og:locale\" content=\"es_ES\" \/>\n<meta property=\"og:type\" content=\"article\" \/>\n<meta property=\"og:title\" content=\"BASCULA PARA BEBE - Tu mejor opci\u00f3n Equipo M\u00e9dico M\u00e9xico\" \/>\n<meta property=\"og:description\" content=\"Funci\u00f3n &quot;Halt&quot; cuando el beb\u00e9 se mueve mucho, la b\u00e1scula analiza las mediciones hasta conseguir el valor m\u00e1s exacto. -Tecnolog\u00eda suiza - Funci\u00f3n de pesaje con Tara - Apagado autom\u00e1tico - Indicador de bater\u00eda baja - Alerta de sobrecarga\" \/>\n<meta property=\"og:url\" content=\"https:\/\/buscoequipomedico.com\/?product=bascula-para-bebe\" \/>\n<meta property=\"og:site_name\" content=\"Tu mejor opci\u00f3n Equipo M\u00e9dico M\u00e9xico\" \/>\n<meta property=\"article:modified_time\" content=\"2020-02-18T07:32:03+00:00\" \/>\n<meta property=\"og:image\" content=\"https:\/\/buscoequipomedico.com\/wp-content\/uploads\/2020\/02\/bascula-para-bebe-funcion-halt-cuando-el-bebe-se-mueve-mucho-la-bascula-analiza-las-mediciones-hasta-conseguir-el-valor-mas-exac.jpg\" \/>\n\t<meta property=\"og:image:width\" content=\"800\" \/>\n\t<meta property=\"og:image:height\" content=\"800\" \/>\n\t<meta property=\"og:image:type\" content=\"image\/png\" \/>\n<meta name=\"twitter:card\" content=\"summary_large_image\" \/>\n<script type=\"application\/ld+json\" class=\"yoast-schema-graph\">{\"@context\":\"https:\/\/schema.org\",\"@graph\":[{\"@type\":\"WebPage\",\"@id\":\"https:\/\/buscoequipomedico.com\/?product=bascula-para-bebe\",\"url\":\"https:\/\/buscoequipomedico.com\/?product=bascula-para-bebe\",\"name\":\"BASCULA PARA BEBE - Tu mejor opci\u00f3n Equipo M\u00e9dico M\u00e9xico\",\"isPartOf\":{\"@id\":\"https:\/\/buscoequipomedico.com\/#website\"},\"primaryImageOfPage\":{\"@id\":\"https:\/\/buscoequipomedico.com\/?product=bascula-para-bebe#primaryimage\"},\"image\":{\"@id\":\"https:\/\/buscoequipomedico.com\/?product=bascula-para-bebe#primaryimage\"},\"thumbnailUrl\":\"https:\/\/buscoequipomedico.com\/wp-content\/uploads\/2020\/02\/bascula-para-bebe-funcion-halt-cuando-el-bebe-se-mueve-mucho-la-bascula-analiza-las-mediciones-hasta-conseguir-el-valor-mas-exac.jpg\",\"datePublished\":\"2020-02-18T07:31:59+00:00\",\"dateModified\":\"2020-02-18T07:32:03+00:00\",\"breadcrumb\":{\"@id\":\"https:\/\/buscoequipomedico.com\/?product=bascula-para-bebe#breadcrumb\"},\"inLanguage\":\"es\",\"potentialAction\":[{\"@type\":\"ReadAction\",\"target\":[\"https:\/\/buscoequipomedico.com\/?product=bascula-para-bebe\"]}]},{\"@type\":\"ImageObject\",\"inLanguage\":\"es\",\"@id\":\"https:\/\/buscoequipomedico.com\/?product=bascula-para-bebe#primaryimage\",\"url\":\"https:\/\/buscoequipomedico.com\/wp-content\/uploads\/2020\/02\/bascula-para-bebe-funcion-halt-cuando-el-bebe-se-mueve-mucho-la-bascula-analiza-las-mediciones-hasta-conseguir-el-valor-mas-exac.jpg\",\"contentUrl\":\"https:\/\/buscoequipomedico.com\/wp-content\/uploads\/2020\/02\/bascula-para-bebe-funcion-halt-cuando-el-bebe-se-mueve-mucho-la-bascula-analiza-las-mediciones-hasta-conseguir-el-valor-mas-exac.jpg\",\"width\":800,\"height\":800},{\"@type\":\"BreadcrumbList\",\"@id\":\"https:\/\/buscoequipomedico.com\/?product=bascula-para-bebe#breadcrumb\",\"itemListElement\":[{\"@type\":\"ListItem\",\"position\":1,\"name\":\"Productos\",\"item\":\"https:\/\/buscoequipomedico.com\/shop\/\"},{\"@type\":\"ListItem\",\"position\":2,\"name\":\"BASCULA PARA BEBE\"}]},{\"@type\":\"WebSite\",\"@id\":\"https:\/\/buscoequipomedico.com\/#website\",\"url\":\"https:\/\/buscoequipomedico.com\/\",\"name\":\"Tu mejor opci\u00f3n Equipo M\u00e9dico M\u00e9xico\",\"description\":\"Tienda de equipo m\u00e9dico\",\"publisher\":{\"@id\":\"https:\/\/buscoequipomedico.com\/#organization\"},\"potentialAction\":[{\"@type\":\"SearchAction\",\"target\":{\"@type\":\"EntryPoint\",\"urlTemplate\":\"https:\/\/buscoequipomedico.com\/?s={search_term_string}\"},\"query-input\":{\"@type\":\"PropertyValueSpecification\",\"valueRequired\":true,\"valueName\":\"search_term_string\"}}],\"inLanguage\":\"es\"},{\"@type\":\"Organization\",\"@id\":\"https:\/\/buscoequipomedico.com\/#organization\",\"name\":\"Tu mejor opci\u00f3n Equipo M\u00e9dico M\u00e9xico\",\"url\":\"https:\/\/buscoequipomedico.com\/\",\"logo\":{\"@type\":\"ImageObject\",\"inLanguage\":\"es\",\"@id\":\"https:\/\/buscoequipomedico.com\/#\/schema\/logo\/image\/\",\"url\":\"https:\/\/buscoequipomedico.com\/wp-content\/uploads\/2021\/07\/EMM-VPrincipal-scaled.jpg\",\"contentUrl\":\"https:\/\/buscoequipomedico.com\/wp-content\/uploads\/2021\/07\/EMM-VPrincipal-scaled.jpg\",\"width\":2560,\"height\":1058,\"caption\":\"Tu mejor opci\u00f3n Equipo M\u00e9dico M\u00e9xico\"},\"image\":{\"@id\":\"https:\/\/buscoequipomedico.com\/#\/schema\/logo\/image\/\"}}]}<\/script>\n<!-- \/ Yoast SEO plugin. -->","yoast_head_json":{"title":"BASCULA PARA BEBE - Tu mejor opci\u00f3n Equipo M\u00e9dico M\u00e9xico","robots":{"index":"index","follow":"follow","max-snippet":"max-snippet:-1","max-image-preview":"max-image-preview:large","max-video-preview":"max-video-preview:-1"},"canonical":"https:\/\/buscoequipomedico.com\/?product=bascula-para-bebe","og_locale":"es_ES","og_type":"article","og_title":"BASCULA PARA BEBE - Tu mejor opci\u00f3n Equipo M\u00e9dico M\u00e9xico","og_description":"Funci\u00f3n \"Halt\" cuando el beb\u00e9 se mueve mucho, la b\u00e1scula analiza las mediciones hasta conseguir el valor m\u00e1s exacto. -Tecnolog\u00eda suiza - Funci\u00f3n de pesaje con Tara - Apagado autom\u00e1tico - Indicador de bater\u00eda baja - Alerta de sobrecarga","og_url":"https:\/\/buscoequipomedico.com\/?product=bascula-para-bebe","og_site_name":"Tu mejor opci\u00f3n Equipo M\u00e9dico M\u00e9xico","article_modified_time":"2020-02-18T07:32:03+00:00","og_image":[{"width":800,"height":800,"url":"https:\/\/buscoequipomedico.com\/wp-content\/uploads\/2020\/02\/bascula-para-bebe-funcion-halt-cuando-el-bebe-se-mueve-mucho-la-bascula-analiza-las-mediciones-hasta-conseguir-el-valor-mas-exac.jpg","type":"image\/png"}],"twitter_card":"summary_large_image","schema":{"@context":"https:\/\/schema.org","@graph":[{"@type":"WebPage","@id":"https:\/\/buscoequipomedico.com\/?product=bascula-para-bebe","url":"https:\/\/buscoequipomedico.com\/?product=bascula-para-bebe","name":"BASCULA PARA BEBE - Tu mejor opci\u00f3n Equipo M\u00e9dico M\u00e9xico","isPartOf":{"@id":"https:\/\/buscoequipomedico.com\/#website"},"primaryImageOfPage":{"@id":"https:\/\/buscoequipomedico.com\/?product=bascula-para-bebe#primaryimage"},"image":{"@id":"https:\/\/buscoequipomedico.com\/?product=bascula-para-bebe#primaryimage"},"thumbnailUrl":"https:\/\/buscoequipomedico.com\/wp-content\/uploads\/2020\/02\/bascula-para-bebe-funcion-halt-cuando-el-bebe-se-mueve-mucho-la-bascula-analiza-las-mediciones-hasta-conseguir-el-valor-mas-exac.jpg","datePublished":"2020-02-18T07:31:59+00:00","dateModified":"2020-02-18T07:32:03+00:00","breadcrumb":{"@id":"https:\/\/buscoequipomedico.com\/?product=bascula-para-bebe#breadcrumb"},"inLanguage":"es","potentialAction":[{"@type":"ReadAction","target":["https:\/\/buscoequipomedico.com\/?product=bascula-para-bebe"]}]},{"@type":"ImageObject","inLanguage":"es","@id":"https:\/\/buscoequipomedico.com\/?product=bascula-para-bebe#primaryimage","url":"https:\/\/buscoequipomedico.com\/wp-content\/uploads\/2020\/02\/bascula-para-bebe-funcion-halt-cuando-el-bebe-se-mueve-mucho-la-bascula-analiza-las-mediciones-hasta-conseguir-el-valor-mas-exac.jpg","contentUrl":"https:\/\/buscoequipomedico.com\/wp-content\/uploads\/2020\/02\/bascula-para-bebe-funcion-halt-cuando-el-bebe-se-mueve-mucho-la-bascula-analiza-las-mediciones-hasta-conseguir-el-valor-mas-exac.jpg","width":800,"height":800},{"@type":"BreadcrumbList","@id":"https:\/\/buscoequipomedico.com\/?product=bascula-para-bebe#breadcrumb","itemListElement":[{"@type":"ListItem","position":1,"name":"Productos","item":"https:\/\/buscoequipomedico.com\/shop\/"},{"@type":"ListItem","position":2,"name":"BASCULA PARA BEBE"}]},{"@type":"WebSite","@id":"https:\/\/buscoequipomedico.com\/#website","url":"https:\/\/buscoequipomedico.com\/","name":"Tu mejor opci\u00f3n Equipo M\u00e9dico M\u00e9xico","description":"Tienda de equipo m\u00e9dico","publisher":{"@id":"https:\/\/buscoequipomedico.com\/#organization"},"potentialAction":[{"@type":"SearchAction","target":{"@type":"EntryPoint","urlTemplate":"https:\/\/buscoequipomedico.com\/?s={search_term_string}"},"query-input":{"@type":"PropertyValueSpecification","valueRequired":true,"valueName":"search_term_string"}}],"inLanguage":"es"},{"@type":"Organization","@id":"https:\/\/buscoequipomedico.com\/#organization","name":"Tu mejor opci\u00f3n Equipo M\u00e9dico M\u00e9xico","url":"https:\/\/buscoequipomedico.com\/","logo":{"@type":"ImageObject","inLanguage":"es","@id":"https:\/\/buscoequipomedico.com\/#\/schema\/logo\/image\/","url":"https:\/\/buscoequipomedico.com\/wp-content\/uploads\/2021\/07\/EMM-VPrincipal-scaled.jpg","contentUrl":"https:\/\/buscoequipomedico.com\/wp-content\/uploads\/2021\/07\/EMM-VPrincipal-scaled.jpg","width":2560,"height":1058,"caption":"Tu mejor opci\u00f3n Equipo M\u00e9dico M\u00e9xico"},"image":{"@id":"https:\/\/buscoequipomedico.com\/#\/schema\/logo\/image\/"}}]}},"_links":{"self":[{"href":"https:\/\/buscoequipomedico.com\/index.php?rest_route=\/wp\/v2\/product\/11165","targetHints":{"allow":["GET"]}}],"collection":[{"href":"https:\/\/buscoequipomedico.com\/index.php?rest_route=\/wp\/v2\/product"}],"about":[{"href":"https:\/\/buscoequipomedico.com\/index.php?rest_route=\/wp\/v2\/types\/product"}],"wp:featuredmedia":[{"embeddable":true,"href":"https:\/\/buscoequipomedico.com\/index.php?rest_route=\/wp\/v2\/media\/11166"}],"wp:attachment":[{"href":"https:\/\/buscoequipomedico.com\/index.php?rest_route=%2Fwp%2Fv2%2Fmedia&parent=11165"}],"wp:term":[{"taxonomy":"product_brand","embeddable":true,"href":"https:\/\/buscoequipomedico.com\/index.php?rest_route=%2Fwp%2Fv2%2Fproduct_brand&post=11165"},{"taxonomy":"product_cat","embeddable":true,"href":"https:\/\/buscoequipomedico.com\/index.php?rest_route=%2Fwp%2Fv2%2Fproduct_cat&post=11165"},{"taxonomy":"product_tag","embeddable":true,"href":"https:\/\/buscoequipomedico.com\/index.php?rest_route=%2Fwp%2Fv2%2Fproduct_tag&post=11165"}],"curies":[{"name":"wp","href":"https:\/\/api.w.org\/{rel}","templated":true}]}}