{"id":11251,"date":"2020-02-18T07:32:13","date_gmt":"2020-02-18T07:32:13","guid":{"rendered":"https:\/\/equipomedicomexico-com.preview-domain.com\/product\/bascula-pediatrica-electronica-20-kg-grad-5g-estadimetro-tecnologia-360\/"},"modified":"2020-02-18T07:32:16","modified_gmt":"2020-02-18T07:32:16","slug":"bascula-pediatrica-electronica-20-kg-grad-5g-estadimetro-tecnologia-360","status":"publish","type":"product","link":"https:\/\/buscoequipomedico.com\/?product=bascula-pediatrica-electronica-20-kg-grad-5g-estadimetro-tecnologia-360","title":{"rendered":"BASCULA PEDIATRICA ELECTRONICA 20 KG GRAD 5G ESTADIMETRO TECNOLOGIA 360"},"content":{"rendered":"<p>Una ventaja adicional de la b\u00e1scula seca 374 reside en la posibilidad de utilizarla en cualquier lugar gracias a su alimentaci\u00f3n por pilas. La b\u00e1scula dispone de una plataforma higi\u00e9nica y extremadamente robusta de pl\u00e1stico de gran calidad, la cual se limpia muy f\u00e1cil y r\u00e1pidamente.<\/p>\n<ul>\n<li>Capacidad: 20 kg, 44 lbs.<\/li>\n<li>Divisi\u00f3n: 5g &lt; 10 kg &gt; 10g \/ 0,2 oz &lt; 22 lbs &gt; 0,5 oz.<\/li>\n<li>Peso: 3,6 kg , 7,9 lbs.<\/li>\n<li>Dimensiones ( AxAxP): 620 x 190 x 358 mm , 24,4 x 7,5 x 14,1 inch.<\/li>\n<li>Funciones: RESET, Acoustic signals can be activated, desconexi\u00f3n autom\u00e1tica, amortiguaci\u00f3n, TARA, Proteccion contra sobre carga, Auto-SEND, SEND, interfaz wireless, BMIF, Auto-HOLD, Auto-borrado, conmutaci\u00f3n kg\/lbs.<\/li>\n<\/ul>\n","protected":false},"excerpt":{"rendered":"<h1>B\u00c1SCULA PESABEB\u00c9S CON ARTESA EXTRA AMPLIA Y TRANSMISI\u00d3N INAL\u00c1MBRICA<\/h1>\n<p>El dise\u00f1o de seca 374 responde muy particularmente a las elevadas exigencias de calidad de sus m\u00faltiples funciones: la amplia bandeja, apropiada tanto para beb\u00e9s como para ni\u00f1os peque\u00f1os con un peso de hasta 20 kg, proporciona el m\u00e1ximo de seguridad contra ca\u00eddas accidentales. En el lateral de la b\u00e1scula, ergon\u00f3mico y ligeramente elevado, se encuentra ubicado el panel de mando, claramente dispuesto y orientado de frente al usuario. La amplia pantalla LCD facilita una lectura r\u00e1pida y c\u00f3moda del resultado.<\/p>\n","protected":false},"featured_media":11252,"template":"","meta":{"_joinchat":[]},"product_brand":[],"product_cat":[189],"product_tag":[],"class_list":{"0":"post-11251","1":"product","2":"type-product","3":"status-publish","4":"has-post-thumbnail","6":"product_cat-basculas","7":"pa_marca-seca","9":"first","10":"instock","11":"purchasable","12":"product-type-simple"},"yoast_head":"<!-- This site is optimized with the Yoast SEO plugin v25.1 - https:\/\/yoast.com\/wordpress\/plugins\/seo\/ -->\n<title>BASCULA PEDIATRICA ELECTRONICA 20 KG GRAD 5G ESTADIMETRO TECNOLOGIA 360 - Tu mejor opci\u00f3n Equipo M\u00e9dico M\u00e9xico<\/title>\n<meta name=\"robots\" content=\"index, follow, max-snippet:-1, max-image-preview:large, max-video-preview:-1\" \/>\n<link rel=\"canonical\" href=\"https:\/\/buscoequipomedico.com\/?product=bascula-pediatrica-electronica-20-kg-grad-5g-estadimetro-tecnologia-360\" \/>\n<meta property=\"og:locale\" content=\"es_ES\" \/>\n<meta property=\"og:type\" content=\"article\" \/>\n<meta property=\"og:title\" content=\"BASCULA PEDIATRICA ELECTRONICA 20 KG GRAD 5G ESTADIMETRO TECNOLOGIA 360 - Tu mejor opci\u00f3n Equipo M\u00e9dico M\u00e9xico\" \/>\n<meta property=\"og:description\" content=\"B\u00c1SCULA PESABEB\u00c9S CON ARTESA EXTRA AMPLIA Y TRANSMISI\u00d3N INAL\u00c1MBRICA El dise\u00f1o de seca 374 responde muy particularmente a las elevadas exigencias de calidad de sus m\u00faltiples funciones: la amplia bandeja, apropiada tanto para beb\u00e9s como para ni\u00f1os peque\u00f1os con un peso de hasta 20 kg, proporciona el m\u00e1ximo de seguridad contra ca\u00eddas accidentales. En el lateral de la b\u00e1scula, ergon\u00f3mico y ligeramente elevado, se encuentra ubicado el panel de mando, claramente dispuesto y orientado de frente al usuario. La amplia pantalla LCD facilita una lectura r\u00e1pida y c\u00f3moda del resultado.\" \/>\n<meta property=\"og:url\" content=\"https:\/\/buscoequipomedico.com\/?product=bascula-pediatrica-electronica-20-kg-grad-5g-estadimetro-tecnologia-360\" \/>\n<meta property=\"og:site_name\" content=\"Tu mejor opci\u00f3n Equipo M\u00e9dico M\u00e9xico\" \/>\n<meta property=\"article:modified_time\" content=\"2020-02-18T07:32:16+00:00\" \/>\n<meta property=\"og:image\" content=\"https:\/\/buscoequipomedico.com\/wp-content\/uploads\/2020\/02\/bascula-pediatrica-electronica-20-kg-grad-5g-estadimetro-tecnologia-360-bascula-pesabebes-con-artesa-extra-amplia-y-transmision.jpg\" \/>\n\t<meta property=\"og:image:width\" content=\"800\" \/>\n\t<meta property=\"og:image:height\" content=\"800\" \/>\n\t<meta property=\"og:image:type\" content=\"image\/png\" \/>\n<meta name=\"twitter:card\" content=\"summary_large_image\" \/>\n<meta name=\"twitter:label1\" content=\"Tiempo de lectura\" \/>\n\t<meta name=\"twitter:data1\" content=\"1 minuto\" \/>\n<script type=\"application\/ld+json\" class=\"yoast-schema-graph\">{\"@context\":\"https:\/\/schema.org\",\"@graph\":[{\"@type\":\"WebPage\",\"@id\":\"https:\/\/buscoequipomedico.com\/?product=bascula-pediatrica-electronica-20-kg-grad-5g-estadimetro-tecnologia-360\",\"url\":\"https:\/\/buscoequipomedico.com\/?product=bascula-pediatrica-electronica-20-kg-grad-5g-estadimetro-tecnologia-360\",\"name\":\"BASCULA PEDIATRICA ELECTRONICA 20 KG GRAD 5G ESTADIMETRO TECNOLOGIA 360 - Tu mejor opci\u00f3n Equipo M\u00e9dico M\u00e9xico\",\"isPartOf\":{\"@id\":\"https:\/\/buscoequipomedico.com\/#website\"},\"primaryImageOfPage\":{\"@id\":\"https:\/\/buscoequipomedico.com\/?product=bascula-pediatrica-electronica-20-kg-grad-5g-estadimetro-tecnologia-360#primaryimage\"},\"image\":{\"@id\":\"https:\/\/buscoequipomedico.com\/?product=bascula-pediatrica-electronica-20-kg-grad-5g-estadimetro-tecnologia-360#primaryimage\"},\"thumbnailUrl\":\"https:\/\/buscoequipomedico.com\/wp-content\/uploads\/2020\/02\/bascula-pediatrica-electronica-20-kg-grad-5g-estadimetro-tecnologia-360-bascula-pesabebes-con-artesa-extra-amplia-y-transmision.jpg\",\"datePublished\":\"2020-02-18T07:32:13+00:00\",\"dateModified\":\"2020-02-18T07:32:16+00:00\",\"breadcrumb\":{\"@id\":\"https:\/\/buscoequipomedico.com\/?product=bascula-pediatrica-electronica-20-kg-grad-5g-estadimetro-tecnologia-360#breadcrumb\"},\"inLanguage\":\"es\",\"potentialAction\":[{\"@type\":\"ReadAction\",\"target\":[\"https:\/\/buscoequipomedico.com\/?product=bascula-pediatrica-electronica-20-kg-grad-5g-estadimetro-tecnologia-360\"]}]},{\"@type\":\"ImageObject\",\"inLanguage\":\"es\",\"@id\":\"https:\/\/buscoequipomedico.com\/?product=bascula-pediatrica-electronica-20-kg-grad-5g-estadimetro-tecnologia-360#primaryimage\",\"url\":\"https:\/\/buscoequipomedico.com\/wp-content\/uploads\/2020\/02\/bascula-pediatrica-electronica-20-kg-grad-5g-estadimetro-tecnologia-360-bascula-pesabebes-con-artesa-extra-amplia-y-transmision.jpg\",\"contentUrl\":\"https:\/\/buscoequipomedico.com\/wp-content\/uploads\/2020\/02\/bascula-pediatrica-electronica-20-kg-grad-5g-estadimetro-tecnologia-360-bascula-pesabebes-con-artesa-extra-amplia-y-transmision.jpg\",\"width\":800,\"height\":800},{\"@type\":\"BreadcrumbList\",\"@id\":\"https:\/\/buscoequipomedico.com\/?product=bascula-pediatrica-electronica-20-kg-grad-5g-estadimetro-tecnologia-360#breadcrumb\",\"itemListElement\":[{\"@type\":\"ListItem\",\"position\":1,\"name\":\"Productos\",\"item\":\"https:\/\/buscoequipomedico.com\/shop\/\"},{\"@type\":\"ListItem\",\"position\":2,\"name\":\"BASCULA PEDIATRICA ELECTRONICA 20 KG GRAD 5G ESTADIMETRO TECNOLOGIA 360\"}]},{\"@type\":\"WebSite\",\"@id\":\"https:\/\/buscoequipomedico.com\/#website\",\"url\":\"https:\/\/buscoequipomedico.com\/\",\"name\":\"Tu mejor opci\u00f3n Equipo M\u00e9dico M\u00e9xico\",\"description\":\"Tienda de equipo m\u00e9dico\",\"publisher\":{\"@id\":\"https:\/\/buscoequipomedico.com\/#organization\"},\"potentialAction\":[{\"@type\":\"SearchAction\",\"target\":{\"@type\":\"EntryPoint\",\"urlTemplate\":\"https:\/\/buscoequipomedico.com\/?s={search_term_string}\"},\"query-input\":{\"@type\":\"PropertyValueSpecification\",\"valueRequired\":true,\"valueName\":\"search_term_string\"}}],\"inLanguage\":\"es\"},{\"@type\":\"Organization\",\"@id\":\"https:\/\/buscoequipomedico.com\/#organization\",\"name\":\"Tu mejor opci\u00f3n Equipo M\u00e9dico M\u00e9xico\",\"url\":\"https:\/\/buscoequipomedico.com\/\",\"logo\":{\"@type\":\"ImageObject\",\"inLanguage\":\"es\",\"@id\":\"https:\/\/buscoequipomedico.com\/#\/schema\/logo\/image\/\",\"url\":\"https:\/\/buscoequipomedico.com\/wp-content\/uploads\/2021\/07\/EMM-VPrincipal-scaled.jpg\",\"contentUrl\":\"https:\/\/buscoequipomedico.com\/wp-content\/uploads\/2021\/07\/EMM-VPrincipal-scaled.jpg\",\"width\":2560,\"height\":1058,\"caption\":\"Tu mejor opci\u00f3n Equipo M\u00e9dico M\u00e9xico\"},\"image\":{\"@id\":\"https:\/\/buscoequipomedico.com\/#\/schema\/logo\/image\/\"}}]}<\/script>\n<!-- \/ Yoast SEO plugin. -->","yoast_head_json":{"title":"BASCULA PEDIATRICA ELECTRONICA 20 KG GRAD 5G ESTADIMETRO TECNOLOGIA 360 - Tu mejor opci\u00f3n Equipo M\u00e9dico M\u00e9xico","robots":{"index":"index","follow":"follow","max-snippet":"max-snippet:-1","max-image-preview":"max-image-preview:large","max-video-preview":"max-video-preview:-1"},"canonical":"https:\/\/buscoequipomedico.com\/?product=bascula-pediatrica-electronica-20-kg-grad-5g-estadimetro-tecnologia-360","og_locale":"es_ES","og_type":"article","og_title":"BASCULA PEDIATRICA ELECTRONICA 20 KG GRAD 5G ESTADIMETRO TECNOLOGIA 360 - Tu mejor opci\u00f3n Equipo M\u00e9dico M\u00e9xico","og_description":"B\u00c1SCULA PESABEB\u00c9S CON ARTESA EXTRA AMPLIA Y TRANSMISI\u00d3N INAL\u00c1MBRICA El dise\u00f1o de seca 374 responde muy particularmente a las elevadas exigencias de calidad de sus m\u00faltiples funciones: la amplia bandeja, apropiada tanto para beb\u00e9s como para ni\u00f1os peque\u00f1os con un peso de hasta 20 kg, proporciona el m\u00e1ximo de seguridad contra ca\u00eddas accidentales. En el lateral de la b\u00e1scula, ergon\u00f3mico y ligeramente elevado, se encuentra ubicado el panel de mando, claramente dispuesto y orientado de frente al usuario. La amplia pantalla LCD facilita una lectura r\u00e1pida y c\u00f3moda del resultado.","og_url":"https:\/\/buscoequipomedico.com\/?product=bascula-pediatrica-electronica-20-kg-grad-5g-estadimetro-tecnologia-360","og_site_name":"Tu mejor opci\u00f3n Equipo M\u00e9dico M\u00e9xico","article_modified_time":"2020-02-18T07:32:16+00:00","og_image":[{"width":800,"height":800,"url":"https:\/\/buscoequipomedico.com\/wp-content\/uploads\/2020\/02\/bascula-pediatrica-electronica-20-kg-grad-5g-estadimetro-tecnologia-360-bascula-pesabebes-con-artesa-extra-amplia-y-transmision.jpg","type":"image\/png"}],"twitter_card":"summary_large_image","twitter_misc":{"Tiempo de lectura":"1 minuto"},"schema":{"@context":"https:\/\/schema.org","@graph":[{"@type":"WebPage","@id":"https:\/\/buscoequipomedico.com\/?product=bascula-pediatrica-electronica-20-kg-grad-5g-estadimetro-tecnologia-360","url":"https:\/\/buscoequipomedico.com\/?product=bascula-pediatrica-electronica-20-kg-grad-5g-estadimetro-tecnologia-360","name":"BASCULA PEDIATRICA ELECTRONICA 20 KG GRAD 5G ESTADIMETRO TECNOLOGIA 360 - Tu mejor opci\u00f3n Equipo M\u00e9dico M\u00e9xico","isPartOf":{"@id":"https:\/\/buscoequipomedico.com\/#website"},"primaryImageOfPage":{"@id":"https:\/\/buscoequipomedico.com\/?product=bascula-pediatrica-electronica-20-kg-grad-5g-estadimetro-tecnologia-360#primaryimage"},"image":{"@id":"https:\/\/buscoequipomedico.com\/?product=bascula-pediatrica-electronica-20-kg-grad-5g-estadimetro-tecnologia-360#primaryimage"},"thumbnailUrl":"https:\/\/buscoequipomedico.com\/wp-content\/uploads\/2020\/02\/bascula-pediatrica-electronica-20-kg-grad-5g-estadimetro-tecnologia-360-bascula-pesabebes-con-artesa-extra-amplia-y-transmision.jpg","datePublished":"2020-02-18T07:32:13+00:00","dateModified":"2020-02-18T07:32:16+00:00","breadcrumb":{"@id":"https:\/\/buscoequipomedico.com\/?product=bascula-pediatrica-electronica-20-kg-grad-5g-estadimetro-tecnologia-360#breadcrumb"},"inLanguage":"es","potentialAction":[{"@type":"ReadAction","target":["https:\/\/buscoequipomedico.com\/?product=bascula-pediatrica-electronica-20-kg-grad-5g-estadimetro-tecnologia-360"]}]},{"@type":"ImageObject","inLanguage":"es","@id":"https:\/\/buscoequipomedico.com\/?product=bascula-pediatrica-electronica-20-kg-grad-5g-estadimetro-tecnologia-360#primaryimage","url":"https:\/\/buscoequipomedico.com\/wp-content\/uploads\/2020\/02\/bascula-pediatrica-electronica-20-kg-grad-5g-estadimetro-tecnologia-360-bascula-pesabebes-con-artesa-extra-amplia-y-transmision.jpg","contentUrl":"https:\/\/buscoequipomedico.com\/wp-content\/uploads\/2020\/02\/bascula-pediatrica-electronica-20-kg-grad-5g-estadimetro-tecnologia-360-bascula-pesabebes-con-artesa-extra-amplia-y-transmision.jpg","width":800,"height":800},{"@type":"BreadcrumbList","@id":"https:\/\/buscoequipomedico.com\/?product=bascula-pediatrica-electronica-20-kg-grad-5g-estadimetro-tecnologia-360#breadcrumb","itemListElement":[{"@type":"ListItem","position":1,"name":"Productos","item":"https:\/\/buscoequipomedico.com\/shop\/"},{"@type":"ListItem","position":2,"name":"BASCULA PEDIATRICA ELECTRONICA 20 KG GRAD 5G ESTADIMETRO TECNOLOGIA 360"}]},{"@type":"WebSite","@id":"https:\/\/buscoequipomedico.com\/#website","url":"https:\/\/buscoequipomedico.com\/","name":"Tu mejor opci\u00f3n Equipo M\u00e9dico M\u00e9xico","description":"Tienda de equipo m\u00e9dico","publisher":{"@id":"https:\/\/buscoequipomedico.com\/#organization"},"potentialAction":[{"@type":"SearchAction","target":{"@type":"EntryPoint","urlTemplate":"https:\/\/buscoequipomedico.com\/?s={search_term_string}"},"query-input":{"@type":"PropertyValueSpecification","valueRequired":true,"valueName":"search_term_string"}}],"inLanguage":"es"},{"@type":"Organization","@id":"https:\/\/buscoequipomedico.com\/#organization","name":"Tu mejor opci\u00f3n Equipo M\u00e9dico M\u00e9xico","url":"https:\/\/buscoequipomedico.com\/","logo":{"@type":"ImageObject","inLanguage":"es","@id":"https:\/\/buscoequipomedico.com\/#\/schema\/logo\/image\/","url":"https:\/\/buscoequipomedico.com\/wp-content\/uploads\/2021\/07\/EMM-VPrincipal-scaled.jpg","contentUrl":"https:\/\/buscoequipomedico.com\/wp-content\/uploads\/2021\/07\/EMM-VPrincipal-scaled.jpg","width":2560,"height":1058,"caption":"Tu mejor opci\u00f3n Equipo M\u00e9dico M\u00e9xico"},"image":{"@id":"https:\/\/buscoequipomedico.com\/#\/schema\/logo\/image\/"}}]}},"_links":{"self":[{"href":"https:\/\/buscoequipomedico.com\/index.php?rest_route=\/wp\/v2\/product\/11251","targetHints":{"allow":["GET"]}}],"collection":[{"href":"https:\/\/buscoequipomedico.com\/index.php?rest_route=\/wp\/v2\/product"}],"about":[{"href":"https:\/\/buscoequipomedico.com\/index.php?rest_route=\/wp\/v2\/types\/product"}],"wp:featuredmedia":[{"embeddable":true,"href":"https:\/\/buscoequipomedico.com\/index.php?rest_route=\/wp\/v2\/media\/11252"}],"wp:attachment":[{"href":"https:\/\/buscoequipomedico.com\/index.php?rest_route=%2Fwp%2Fv2%2Fmedia&parent=11251"}],"wp:term":[{"taxonomy":"product_brand","embeddable":true,"href":"https:\/\/buscoequipomedico.com\/index.php?rest_route=%2Fwp%2Fv2%2Fproduct_brand&post=11251"},{"taxonomy":"product_cat","embeddable":true,"href":"https:\/\/buscoequipomedico.com\/index.php?rest_route=%2Fwp%2Fv2%2Fproduct_cat&post=11251"},{"taxonomy":"product_tag","embeddable":true,"href":"https:\/\/buscoequipomedico.com\/index.php?rest_route=%2Fwp%2Fv2%2Fproduct_tag&post=11251"}],"curies":[{"name":"wp","href":"https:\/\/api.w.org\/{rel}","templated":true}]}}