{"id":11253,"date":"2020-02-18T07:32:13","date_gmt":"2020-02-18T07:32:13","guid":{"rendered":"https:\/\/equipomedicomexico-com.preview-domain.com\/product\/bascula-pediatrica-electronica-20kg-div-10g-tara-bmif-auto-hold\/"},"modified":"2020-02-18T07:32:17","modified_gmt":"2020-02-18T07:32:17","slug":"bascula-pediatrica-electronica-20kg-div-10g-tara-bmif-auto-hold","status":"publish","type":"product","link":"https:\/\/buscoequipomedico.com\/?product=bascula-pediatrica-electronica-20kg-div-10g-tara-bmif-auto-hold","title":{"rendered":"BASCULA PEDIATRICA ELECTRONICA 20KG DIV 10G TARA BMIF AUTO-HOLD"},"content":{"rendered":"<p>La artesa y la base, que sirve de b\u00e1scula de plataforma, est\u00e1n unidas firme y s\u00f3lidamente, ofreciendo absoluta seguridad para el pesaje del beb\u00e9. Otra ventaja de esta b\u00e1scula es la funci\u00f3n Breast Milk Intakte (BMIF), que permite determinar la cantidad exacta de leche materna ingerida por el lactante. Robusta, pero de muy bajo peso y con teclas que se explican por s\u00ed solas, esta b\u00e1scula es f\u00e1cil de transportar y de usar.<\/p>\n<\/p>\n<table>\n<tbody>\n<tr>\n<th>Capacidad:<\/th>\n<td>20 kg, 44 lbs<\/td>\n<\/tr>\n<tr>\n<th>Divisi\u00f3n (g):<\/th>\n<td>5 g &lt; 10 kg &gt; 10 g<\/td>\n<\/tr>\n<tr>\n<th>Divisi\u00f3n (lbs):<\/th>\n<td>0,2 oz &lt; 22 lbs &gt; 0,5 oz<\/td>\n<\/tr>\n<tr>\n<th>Alimentaci\u00f3n:<\/th>\n<td>Bater\u00eda<\/td>\n<\/tr>\n<tr>\n<th>Dimensiones ( AxAxP):<\/th>\n<td>552 x 156 x 332 mm , 21,7 x 6,1 x 13,1 inch<\/td>\n<\/tr>\n<tr>\n<th>Peso neto:<\/th>\n<td>2,3 kg , 5 lbs<\/td>\n<\/tr>\n<tr>\n<th>Funciones:<\/th>\n<td>desconexi\u00f3n autom\u00e1tica, TARA, Medici\u00f3n m\u00f3vil, BMIF, Auto-HOLD, conmutaci\u00f3n kg\/lbs<\/td>\n<\/tr>\n<tr>\n<th>CE:<\/th>\n<td>CE<\/td>\n<\/tr>\n<\/tbody>\n<\/table>\n","protected":false},"excerpt":{"rendered":"<p>Dos b\u00e1sculas en una: para empezar, la b\u00e1scula seca 354 es un pesabeb\u00e9s con artesa confortable y una fina graduaci\u00f3n de 10 g.<\/p>\n<p>En unos pocos instantes, es capaz de convertirse en una b\u00e1scula de plataforma con una capacidad de 20 kg, para el pesaje de ni\u00f1os peque\u00f1os.\u00a0<\/p>\n","protected":false},"featured_media":11254,"template":"","meta":{"_joinchat":[]},"product_brand":[],"product_cat":[189],"product_tag":[],"class_list":{"0":"post-11253","1":"product","2":"type-product","3":"status-publish","4":"has-post-thumbnail","6":"product_cat-basculas","7":"pa_marca-seca","9":"first","10":"instock","11":"purchasable","12":"product-type-simple"},"yoast_head":"<!-- This site is optimized with the Yoast SEO plugin v25.1 - https:\/\/yoast.com\/wordpress\/plugins\/seo\/ -->\n<title>BASCULA PEDIATRICA ELECTRONICA 20KG DIV 10G TARA BMIF AUTO-HOLD - Tu mejor opci\u00f3n Equipo M\u00e9dico M\u00e9xico<\/title>\n<meta name=\"robots\" content=\"index, follow, max-snippet:-1, max-image-preview:large, max-video-preview:-1\" \/>\n<link rel=\"canonical\" href=\"https:\/\/buscoequipomedico.com\/?product=bascula-pediatrica-electronica-20kg-div-10g-tara-bmif-auto-hold\" \/>\n<meta property=\"og:locale\" content=\"es_ES\" \/>\n<meta property=\"og:type\" content=\"article\" \/>\n<meta property=\"og:title\" content=\"BASCULA PEDIATRICA ELECTRONICA 20KG DIV 10G TARA BMIF AUTO-HOLD - Tu mejor opci\u00f3n Equipo M\u00e9dico M\u00e9xico\" \/>\n<meta property=\"og:description\" content=\"Dos b\u00e1sculas en una: para empezar, la b\u00e1scula seca 354 es un pesabeb\u00e9s con artesa confortable y una fina graduaci\u00f3n de 10 g. En unos pocos instantes, es capaz de convertirse en una b\u00e1scula de plataforma con una capacidad de 20 kg, para el pesaje de ni\u00f1os peque\u00f1os.\u00a0\" \/>\n<meta property=\"og:url\" content=\"https:\/\/buscoequipomedico.com\/?product=bascula-pediatrica-electronica-20kg-div-10g-tara-bmif-auto-hold\" \/>\n<meta property=\"og:site_name\" content=\"Tu mejor opci\u00f3n Equipo M\u00e9dico M\u00e9xico\" \/>\n<meta property=\"article:modified_time\" content=\"2020-02-18T07:32:17+00:00\" \/>\n<meta property=\"og:image\" content=\"https:\/\/buscoequipomedico.com\/wp-content\/uploads\/2020\/02\/bascula-pediatrica-electronica-20kg-div-10g-tara-bmif-auto-hold-dos-basculas-en-una-para-empezar-la-bascula-seca-354-es-un-pesab.jpg\" \/>\n\t<meta property=\"og:image:width\" content=\"800\" \/>\n\t<meta property=\"og:image:height\" content=\"800\" \/>\n\t<meta property=\"og:image:type\" content=\"image\/png\" \/>\n<meta name=\"twitter:card\" content=\"summary_large_image\" \/>\n<meta name=\"twitter:label1\" content=\"Tiempo de lectura\" \/>\n\t<meta name=\"twitter:data1\" content=\"1 minuto\" \/>\n<script type=\"application\/ld+json\" class=\"yoast-schema-graph\">{\"@context\":\"https:\/\/schema.org\",\"@graph\":[{\"@type\":\"WebPage\",\"@id\":\"https:\/\/buscoequipomedico.com\/?product=bascula-pediatrica-electronica-20kg-div-10g-tara-bmif-auto-hold\",\"url\":\"https:\/\/buscoequipomedico.com\/?product=bascula-pediatrica-electronica-20kg-div-10g-tara-bmif-auto-hold\",\"name\":\"BASCULA PEDIATRICA ELECTRONICA 20KG DIV 10G TARA BMIF AUTO-HOLD - Tu mejor opci\u00f3n Equipo M\u00e9dico M\u00e9xico\",\"isPartOf\":{\"@id\":\"https:\/\/buscoequipomedico.com\/#website\"},\"primaryImageOfPage\":{\"@id\":\"https:\/\/buscoequipomedico.com\/?product=bascula-pediatrica-electronica-20kg-div-10g-tara-bmif-auto-hold#primaryimage\"},\"image\":{\"@id\":\"https:\/\/buscoequipomedico.com\/?product=bascula-pediatrica-electronica-20kg-div-10g-tara-bmif-auto-hold#primaryimage\"},\"thumbnailUrl\":\"https:\/\/buscoequipomedico.com\/wp-content\/uploads\/2020\/02\/bascula-pediatrica-electronica-20kg-div-10g-tara-bmif-auto-hold-dos-basculas-en-una-para-empezar-la-bascula-seca-354-es-un-pesab.jpg\",\"datePublished\":\"2020-02-18T07:32:13+00:00\",\"dateModified\":\"2020-02-18T07:32:17+00:00\",\"breadcrumb\":{\"@id\":\"https:\/\/buscoequipomedico.com\/?product=bascula-pediatrica-electronica-20kg-div-10g-tara-bmif-auto-hold#breadcrumb\"},\"inLanguage\":\"es\",\"potentialAction\":[{\"@type\":\"ReadAction\",\"target\":[\"https:\/\/buscoequipomedico.com\/?product=bascula-pediatrica-electronica-20kg-div-10g-tara-bmif-auto-hold\"]}]},{\"@type\":\"ImageObject\",\"inLanguage\":\"es\",\"@id\":\"https:\/\/buscoequipomedico.com\/?product=bascula-pediatrica-electronica-20kg-div-10g-tara-bmif-auto-hold#primaryimage\",\"url\":\"https:\/\/buscoequipomedico.com\/wp-content\/uploads\/2020\/02\/bascula-pediatrica-electronica-20kg-div-10g-tara-bmif-auto-hold-dos-basculas-en-una-para-empezar-la-bascula-seca-354-es-un-pesab.jpg\",\"contentUrl\":\"https:\/\/buscoequipomedico.com\/wp-content\/uploads\/2020\/02\/bascula-pediatrica-electronica-20kg-div-10g-tara-bmif-auto-hold-dos-basculas-en-una-para-empezar-la-bascula-seca-354-es-un-pesab.jpg\",\"width\":800,\"height\":800},{\"@type\":\"BreadcrumbList\",\"@id\":\"https:\/\/buscoequipomedico.com\/?product=bascula-pediatrica-electronica-20kg-div-10g-tara-bmif-auto-hold#breadcrumb\",\"itemListElement\":[{\"@type\":\"ListItem\",\"position\":1,\"name\":\"Productos\",\"item\":\"https:\/\/buscoequipomedico.com\/shop\/\"},{\"@type\":\"ListItem\",\"position\":2,\"name\":\"BASCULA PEDIATRICA ELECTRONICA 20KG DIV 10G TARA BMIF AUTO-HOLD\"}]},{\"@type\":\"WebSite\",\"@id\":\"https:\/\/buscoequipomedico.com\/#website\",\"url\":\"https:\/\/buscoequipomedico.com\/\",\"name\":\"Tu mejor opci\u00f3n Equipo M\u00e9dico M\u00e9xico\",\"description\":\"Tienda de equipo m\u00e9dico\",\"publisher\":{\"@id\":\"https:\/\/buscoequipomedico.com\/#organization\"},\"potentialAction\":[{\"@type\":\"SearchAction\",\"target\":{\"@type\":\"EntryPoint\",\"urlTemplate\":\"https:\/\/buscoequipomedico.com\/?s={search_term_string}\"},\"query-input\":{\"@type\":\"PropertyValueSpecification\",\"valueRequired\":true,\"valueName\":\"search_term_string\"}}],\"inLanguage\":\"es\"},{\"@type\":\"Organization\",\"@id\":\"https:\/\/buscoequipomedico.com\/#organization\",\"name\":\"Tu mejor opci\u00f3n Equipo M\u00e9dico M\u00e9xico\",\"url\":\"https:\/\/buscoequipomedico.com\/\",\"logo\":{\"@type\":\"ImageObject\",\"inLanguage\":\"es\",\"@id\":\"https:\/\/buscoequipomedico.com\/#\/schema\/logo\/image\/\",\"url\":\"https:\/\/buscoequipomedico.com\/wp-content\/uploads\/2021\/07\/EMM-VPrincipal-scaled.jpg\",\"contentUrl\":\"https:\/\/buscoequipomedico.com\/wp-content\/uploads\/2021\/07\/EMM-VPrincipal-scaled.jpg\",\"width\":2560,\"height\":1058,\"caption\":\"Tu mejor opci\u00f3n Equipo M\u00e9dico M\u00e9xico\"},\"image\":{\"@id\":\"https:\/\/buscoequipomedico.com\/#\/schema\/logo\/image\/\"}}]}<\/script>\n<!-- \/ Yoast SEO plugin. -->","yoast_head_json":{"title":"BASCULA PEDIATRICA ELECTRONICA 20KG DIV 10G TARA BMIF AUTO-HOLD - Tu mejor opci\u00f3n Equipo M\u00e9dico M\u00e9xico","robots":{"index":"index","follow":"follow","max-snippet":"max-snippet:-1","max-image-preview":"max-image-preview:large","max-video-preview":"max-video-preview:-1"},"canonical":"https:\/\/buscoequipomedico.com\/?product=bascula-pediatrica-electronica-20kg-div-10g-tara-bmif-auto-hold","og_locale":"es_ES","og_type":"article","og_title":"BASCULA PEDIATRICA ELECTRONICA 20KG DIV 10G TARA BMIF AUTO-HOLD - Tu mejor opci\u00f3n Equipo M\u00e9dico M\u00e9xico","og_description":"Dos b\u00e1sculas en una: para empezar, la b\u00e1scula seca 354 es un pesabeb\u00e9s con artesa confortable y una fina graduaci\u00f3n de 10 g. En unos pocos instantes, es capaz de convertirse en una b\u00e1scula de plataforma con una capacidad de 20 kg, para el pesaje de ni\u00f1os peque\u00f1os.\u00a0","og_url":"https:\/\/buscoequipomedico.com\/?product=bascula-pediatrica-electronica-20kg-div-10g-tara-bmif-auto-hold","og_site_name":"Tu mejor opci\u00f3n Equipo M\u00e9dico M\u00e9xico","article_modified_time":"2020-02-18T07:32:17+00:00","og_image":[{"width":800,"height":800,"url":"https:\/\/buscoequipomedico.com\/wp-content\/uploads\/2020\/02\/bascula-pediatrica-electronica-20kg-div-10g-tara-bmif-auto-hold-dos-basculas-en-una-para-empezar-la-bascula-seca-354-es-un-pesab.jpg","type":"image\/png"}],"twitter_card":"summary_large_image","twitter_misc":{"Tiempo de lectura":"1 minuto"},"schema":{"@context":"https:\/\/schema.org","@graph":[{"@type":"WebPage","@id":"https:\/\/buscoequipomedico.com\/?product=bascula-pediatrica-electronica-20kg-div-10g-tara-bmif-auto-hold","url":"https:\/\/buscoequipomedico.com\/?product=bascula-pediatrica-electronica-20kg-div-10g-tara-bmif-auto-hold","name":"BASCULA PEDIATRICA ELECTRONICA 20KG DIV 10G TARA BMIF AUTO-HOLD - Tu mejor opci\u00f3n Equipo M\u00e9dico M\u00e9xico","isPartOf":{"@id":"https:\/\/buscoequipomedico.com\/#website"},"primaryImageOfPage":{"@id":"https:\/\/buscoequipomedico.com\/?product=bascula-pediatrica-electronica-20kg-div-10g-tara-bmif-auto-hold#primaryimage"},"image":{"@id":"https:\/\/buscoequipomedico.com\/?product=bascula-pediatrica-electronica-20kg-div-10g-tara-bmif-auto-hold#primaryimage"},"thumbnailUrl":"https:\/\/buscoequipomedico.com\/wp-content\/uploads\/2020\/02\/bascula-pediatrica-electronica-20kg-div-10g-tara-bmif-auto-hold-dos-basculas-en-una-para-empezar-la-bascula-seca-354-es-un-pesab.jpg","datePublished":"2020-02-18T07:32:13+00:00","dateModified":"2020-02-18T07:32:17+00:00","breadcrumb":{"@id":"https:\/\/buscoequipomedico.com\/?product=bascula-pediatrica-electronica-20kg-div-10g-tara-bmif-auto-hold#breadcrumb"},"inLanguage":"es","potentialAction":[{"@type":"ReadAction","target":["https:\/\/buscoequipomedico.com\/?product=bascula-pediatrica-electronica-20kg-div-10g-tara-bmif-auto-hold"]}]},{"@type":"ImageObject","inLanguage":"es","@id":"https:\/\/buscoequipomedico.com\/?product=bascula-pediatrica-electronica-20kg-div-10g-tara-bmif-auto-hold#primaryimage","url":"https:\/\/buscoequipomedico.com\/wp-content\/uploads\/2020\/02\/bascula-pediatrica-electronica-20kg-div-10g-tara-bmif-auto-hold-dos-basculas-en-una-para-empezar-la-bascula-seca-354-es-un-pesab.jpg","contentUrl":"https:\/\/buscoequipomedico.com\/wp-content\/uploads\/2020\/02\/bascula-pediatrica-electronica-20kg-div-10g-tara-bmif-auto-hold-dos-basculas-en-una-para-empezar-la-bascula-seca-354-es-un-pesab.jpg","width":800,"height":800},{"@type":"BreadcrumbList","@id":"https:\/\/buscoequipomedico.com\/?product=bascula-pediatrica-electronica-20kg-div-10g-tara-bmif-auto-hold#breadcrumb","itemListElement":[{"@type":"ListItem","position":1,"name":"Productos","item":"https:\/\/buscoequipomedico.com\/shop\/"},{"@type":"ListItem","position":2,"name":"BASCULA PEDIATRICA ELECTRONICA 20KG DIV 10G TARA BMIF AUTO-HOLD"}]},{"@type":"WebSite","@id":"https:\/\/buscoequipomedico.com\/#website","url":"https:\/\/buscoequipomedico.com\/","name":"Tu mejor opci\u00f3n Equipo M\u00e9dico M\u00e9xico","description":"Tienda de equipo m\u00e9dico","publisher":{"@id":"https:\/\/buscoequipomedico.com\/#organization"},"potentialAction":[{"@type":"SearchAction","target":{"@type":"EntryPoint","urlTemplate":"https:\/\/buscoequipomedico.com\/?s={search_term_string}"},"query-input":{"@type":"PropertyValueSpecification","valueRequired":true,"valueName":"search_term_string"}}],"inLanguage":"es"},{"@type":"Organization","@id":"https:\/\/buscoequipomedico.com\/#organization","name":"Tu mejor opci\u00f3n Equipo M\u00e9dico M\u00e9xico","url":"https:\/\/buscoequipomedico.com\/","logo":{"@type":"ImageObject","inLanguage":"es","@id":"https:\/\/buscoequipomedico.com\/#\/schema\/logo\/image\/","url":"https:\/\/buscoequipomedico.com\/wp-content\/uploads\/2021\/07\/EMM-VPrincipal-scaled.jpg","contentUrl":"https:\/\/buscoequipomedico.com\/wp-content\/uploads\/2021\/07\/EMM-VPrincipal-scaled.jpg","width":2560,"height":1058,"caption":"Tu mejor opci\u00f3n Equipo M\u00e9dico M\u00e9xico"},"image":{"@id":"https:\/\/buscoequipomedico.com\/#\/schema\/logo\/image\/"}}]}},"_links":{"self":[{"href":"https:\/\/buscoequipomedico.com\/index.php?rest_route=\/wp\/v2\/product\/11253","targetHints":{"allow":["GET"]}}],"collection":[{"href":"https:\/\/buscoequipomedico.com\/index.php?rest_route=\/wp\/v2\/product"}],"about":[{"href":"https:\/\/buscoequipomedico.com\/index.php?rest_route=\/wp\/v2\/types\/product"}],"wp:featuredmedia":[{"embeddable":true,"href":"https:\/\/buscoequipomedico.com\/index.php?rest_route=\/wp\/v2\/media\/11254"}],"wp:attachment":[{"href":"https:\/\/buscoequipomedico.com\/index.php?rest_route=%2Fwp%2Fv2%2Fmedia&parent=11253"}],"wp:term":[{"taxonomy":"product_brand","embeddable":true,"href":"https:\/\/buscoequipomedico.com\/index.php?rest_route=%2Fwp%2Fv2%2Fproduct_brand&post=11253"},{"taxonomy":"product_cat","embeddable":true,"href":"https:\/\/buscoequipomedico.com\/index.php?rest_route=%2Fwp%2Fv2%2Fproduct_cat&post=11253"},{"taxonomy":"product_tag","embeddable":true,"href":"https:\/\/buscoequipomedico.com\/index.php?rest_route=%2Fwp%2Fv2%2Fproduct_tag&post=11253"}],"curies":[{"name":"wp","href":"https:\/\/api.w.org\/{rel}","templated":true}]}}