{"id":11259,"date":"2020-02-18T07:32:13","date_gmt":"2020-02-18T07:32:13","guid":{"rendered":"https:\/\/equipomedicomexico-com.preview-domain.com\/product\/bascula-pediatrica-mecanica-de-suspesion-25-kg-div-50g\/"},"modified":"2020-02-18T07:32:17","modified_gmt":"2020-02-18T07:32:17","slug":"bascula-pediatrica-mecanica-de-suspesion-25-kg-div-50g","status":"publish","type":"product","link":"https:\/\/buscoequipomedico.com\/?product=bascula-pediatrica-mecanica-de-suspesion-25-kg-div-50g","title":{"rendered":"BASCULA PEDIATRICA MECANICA DE SUSPESION 25 KG DIV 50G"},"content":{"rendered":"<p>Su escaso peso de apenas 1 kg, su indicador circular con cristal resistente a roturas, la carcasa met\u00e1lica y el equipamiento interior con protecci\u00f3n anticorrosiva as\u00ed como, su s\u00f3lido mecanismo confieren a la b\u00e1scula tales caracter\u00edsticas. seca 310 dispone de una precisa divisi\u00f3n 50 g, con una capacidad de carga de hasta 25 kg. El gancho de acero galvanizado para suspensi\u00f3n ofrece asimismo una durabilidad y una seguridad excepcionales. Un rebozo portabeb\u00e9s seca 410 forma parte del equipamiento b\u00e1sico de la b\u00e1scula mec\u00e1nica de suspensi\u00f3n con escala circular seca 310.<\/p>\n<\/p>\n<table>\n<tbody>\n<tr>\n<th>apacidad:<\/th>\n<td>25 kg, 55 lbs<\/td>\n<\/tr>\n<tr>\n<th>Divisi\u00f3n (g):<\/th>\n<td>50 g \/ 2 oz<\/td>\n<\/tr>\n<tr>\n<th>Dimensiones ( AxAxP):<\/th>\n<td>220 x 225 x 52 mm<\/td>\n<\/tr>\n<tr>\n<th>Peso neto:<\/th>\n<td>1,5 kg<\/td>\n<\/tr>\n<tr>\n<th>Funciones:<\/th>\n<td>funci\u00f3n de ajuste a cero, Medici\u00f3n m\u00f3vil<\/td>\n<\/tr>\n<tr>\n<th>CE:<\/th>\n<td>CE 0123<\/td>\n<\/tr>\n<\/tbody>\n<\/table>\n","protected":false},"excerpt":{"rendered":"<p><strong>Con su excepcional calidad, solidez y absoluta fi abilidad, seca 310 ha sido dise\u00f1ada principalmente para el trabajo fuera de hospitales y centros de obstetricia, aportando unas condiciones inmejorables para el uso en cualquier lugar del mundo.<\/strong><\/p>\n","protected":false},"featured_media":11260,"template":"","meta":{"_joinchat":[]},"product_brand":[],"product_cat":[189],"product_tag":[],"class_list":{"0":"post-11259","1":"product","2":"type-product","3":"status-publish","4":"has-post-thumbnail","6":"product_cat-basculas","7":"pa_marca-seca","9":"first","10":"instock","11":"purchasable","12":"product-type-simple"},"yoast_head":"<!-- This site is optimized with the Yoast SEO plugin v25.1 - https:\/\/yoast.com\/wordpress\/plugins\/seo\/ -->\n<title>BASCULA PEDIATRICA MECANICA DE SUSPESION 25 KG DIV 50G - Tu mejor opci\u00f3n Equipo M\u00e9dico M\u00e9xico<\/title>\n<meta name=\"robots\" content=\"index, follow, max-snippet:-1, max-image-preview:large, max-video-preview:-1\" \/>\n<link rel=\"canonical\" href=\"https:\/\/buscoequipomedico.com\/?product=bascula-pediatrica-mecanica-de-suspesion-25-kg-div-50g\" \/>\n<meta property=\"og:locale\" content=\"es_ES\" \/>\n<meta property=\"og:type\" content=\"article\" \/>\n<meta property=\"og:title\" content=\"BASCULA PEDIATRICA MECANICA DE SUSPESION 25 KG DIV 50G - Tu mejor opci\u00f3n Equipo M\u00e9dico M\u00e9xico\" \/>\n<meta property=\"og:description\" content=\"Con su excepcional calidad, solidez y absoluta fi abilidad, seca 310 ha sido dise\u00f1ada principalmente para el trabajo fuera de hospitales y centros de obstetricia, aportando unas condiciones inmejorables para el uso en cualquier lugar del mundo.\" \/>\n<meta property=\"og:url\" content=\"https:\/\/buscoequipomedico.com\/?product=bascula-pediatrica-mecanica-de-suspesion-25-kg-div-50g\" \/>\n<meta property=\"og:site_name\" content=\"Tu mejor opci\u00f3n Equipo M\u00e9dico M\u00e9xico\" \/>\n<meta property=\"article:modified_time\" content=\"2020-02-18T07:32:17+00:00\" \/>\n<meta property=\"og:image\" content=\"https:\/\/buscoequipomedico.com\/wp-content\/uploads\/2020\/02\/bascula-pediatrica-mecanica-de-suspesion-25-kg-div-50g-con-su-excepcional-calidad-solidez-y-absoluta-fi-abilidad-seca-310-ha-sid.jpg\" \/>\n\t<meta property=\"og:image:width\" content=\"800\" \/>\n\t<meta property=\"og:image:height\" content=\"800\" \/>\n\t<meta property=\"og:image:type\" content=\"image\/png\" \/>\n<meta name=\"twitter:card\" content=\"summary_large_image\" \/>\n<meta name=\"twitter:label1\" content=\"Tiempo de lectura\" \/>\n\t<meta name=\"twitter:data1\" content=\"1 minuto\" \/>\n<script type=\"application\/ld+json\" class=\"yoast-schema-graph\">{\"@context\":\"https:\/\/schema.org\",\"@graph\":[{\"@type\":\"WebPage\",\"@id\":\"https:\/\/buscoequipomedico.com\/?product=bascula-pediatrica-mecanica-de-suspesion-25-kg-div-50g\",\"url\":\"https:\/\/buscoequipomedico.com\/?product=bascula-pediatrica-mecanica-de-suspesion-25-kg-div-50g\",\"name\":\"BASCULA PEDIATRICA MECANICA DE SUSPESION 25 KG DIV 50G - Tu mejor opci\u00f3n Equipo M\u00e9dico M\u00e9xico\",\"isPartOf\":{\"@id\":\"https:\/\/buscoequipomedico.com\/#website\"},\"primaryImageOfPage\":{\"@id\":\"https:\/\/buscoequipomedico.com\/?product=bascula-pediatrica-mecanica-de-suspesion-25-kg-div-50g#primaryimage\"},\"image\":{\"@id\":\"https:\/\/buscoequipomedico.com\/?product=bascula-pediatrica-mecanica-de-suspesion-25-kg-div-50g#primaryimage\"},\"thumbnailUrl\":\"https:\/\/buscoequipomedico.com\/wp-content\/uploads\/2020\/02\/bascula-pediatrica-mecanica-de-suspesion-25-kg-div-50g-con-su-excepcional-calidad-solidez-y-absoluta-fi-abilidad-seca-310-ha-sid.jpg\",\"datePublished\":\"2020-02-18T07:32:13+00:00\",\"dateModified\":\"2020-02-18T07:32:17+00:00\",\"breadcrumb\":{\"@id\":\"https:\/\/buscoequipomedico.com\/?product=bascula-pediatrica-mecanica-de-suspesion-25-kg-div-50g#breadcrumb\"},\"inLanguage\":\"es\",\"potentialAction\":[{\"@type\":\"ReadAction\",\"target\":[\"https:\/\/buscoequipomedico.com\/?product=bascula-pediatrica-mecanica-de-suspesion-25-kg-div-50g\"]}]},{\"@type\":\"ImageObject\",\"inLanguage\":\"es\",\"@id\":\"https:\/\/buscoequipomedico.com\/?product=bascula-pediatrica-mecanica-de-suspesion-25-kg-div-50g#primaryimage\",\"url\":\"https:\/\/buscoequipomedico.com\/wp-content\/uploads\/2020\/02\/bascula-pediatrica-mecanica-de-suspesion-25-kg-div-50g-con-su-excepcional-calidad-solidez-y-absoluta-fi-abilidad-seca-310-ha-sid.jpg\",\"contentUrl\":\"https:\/\/buscoequipomedico.com\/wp-content\/uploads\/2020\/02\/bascula-pediatrica-mecanica-de-suspesion-25-kg-div-50g-con-su-excepcional-calidad-solidez-y-absoluta-fi-abilidad-seca-310-ha-sid.jpg\",\"width\":800,\"height\":800},{\"@type\":\"BreadcrumbList\",\"@id\":\"https:\/\/buscoequipomedico.com\/?product=bascula-pediatrica-mecanica-de-suspesion-25-kg-div-50g#breadcrumb\",\"itemListElement\":[{\"@type\":\"ListItem\",\"position\":1,\"name\":\"Productos\",\"item\":\"https:\/\/buscoequipomedico.com\/shop\/\"},{\"@type\":\"ListItem\",\"position\":2,\"name\":\"BASCULA PEDIATRICA MECANICA DE SUSPESION 25 KG DIV 50G\"}]},{\"@type\":\"WebSite\",\"@id\":\"https:\/\/buscoequipomedico.com\/#website\",\"url\":\"https:\/\/buscoequipomedico.com\/\",\"name\":\"Tu mejor opci\u00f3n Equipo M\u00e9dico M\u00e9xico\",\"description\":\"Tienda de equipo m\u00e9dico\",\"publisher\":{\"@id\":\"https:\/\/buscoequipomedico.com\/#organization\"},\"potentialAction\":[{\"@type\":\"SearchAction\",\"target\":{\"@type\":\"EntryPoint\",\"urlTemplate\":\"https:\/\/buscoequipomedico.com\/?s={search_term_string}\"},\"query-input\":{\"@type\":\"PropertyValueSpecification\",\"valueRequired\":true,\"valueName\":\"search_term_string\"}}],\"inLanguage\":\"es\"},{\"@type\":\"Organization\",\"@id\":\"https:\/\/buscoequipomedico.com\/#organization\",\"name\":\"Tu mejor opci\u00f3n Equipo M\u00e9dico M\u00e9xico\",\"url\":\"https:\/\/buscoequipomedico.com\/\",\"logo\":{\"@type\":\"ImageObject\",\"inLanguage\":\"es\",\"@id\":\"https:\/\/buscoequipomedico.com\/#\/schema\/logo\/image\/\",\"url\":\"https:\/\/buscoequipomedico.com\/wp-content\/uploads\/2021\/07\/EMM-VPrincipal-scaled.jpg\",\"contentUrl\":\"https:\/\/buscoequipomedico.com\/wp-content\/uploads\/2021\/07\/EMM-VPrincipal-scaled.jpg\",\"width\":2560,\"height\":1058,\"caption\":\"Tu mejor opci\u00f3n Equipo M\u00e9dico M\u00e9xico\"},\"image\":{\"@id\":\"https:\/\/buscoequipomedico.com\/#\/schema\/logo\/image\/\"}}]}<\/script>\n<!-- \/ Yoast SEO plugin. -->","yoast_head_json":{"title":"BASCULA PEDIATRICA MECANICA DE SUSPESION 25 KG DIV 50G - Tu mejor opci\u00f3n Equipo M\u00e9dico M\u00e9xico","robots":{"index":"index","follow":"follow","max-snippet":"max-snippet:-1","max-image-preview":"max-image-preview:large","max-video-preview":"max-video-preview:-1"},"canonical":"https:\/\/buscoequipomedico.com\/?product=bascula-pediatrica-mecanica-de-suspesion-25-kg-div-50g","og_locale":"es_ES","og_type":"article","og_title":"BASCULA PEDIATRICA MECANICA DE SUSPESION 25 KG DIV 50G - Tu mejor opci\u00f3n Equipo M\u00e9dico M\u00e9xico","og_description":"Con su excepcional calidad, solidez y absoluta fi abilidad, seca 310 ha sido dise\u00f1ada principalmente para el trabajo fuera de hospitales y centros de obstetricia, aportando unas condiciones inmejorables para el uso en cualquier lugar del mundo.","og_url":"https:\/\/buscoequipomedico.com\/?product=bascula-pediatrica-mecanica-de-suspesion-25-kg-div-50g","og_site_name":"Tu mejor opci\u00f3n Equipo M\u00e9dico M\u00e9xico","article_modified_time":"2020-02-18T07:32:17+00:00","og_image":[{"width":800,"height":800,"url":"https:\/\/buscoequipomedico.com\/wp-content\/uploads\/2020\/02\/bascula-pediatrica-mecanica-de-suspesion-25-kg-div-50g-con-su-excepcional-calidad-solidez-y-absoluta-fi-abilidad-seca-310-ha-sid.jpg","type":"image\/png"}],"twitter_card":"summary_large_image","twitter_misc":{"Tiempo de lectura":"1 minuto"},"schema":{"@context":"https:\/\/schema.org","@graph":[{"@type":"WebPage","@id":"https:\/\/buscoequipomedico.com\/?product=bascula-pediatrica-mecanica-de-suspesion-25-kg-div-50g","url":"https:\/\/buscoequipomedico.com\/?product=bascula-pediatrica-mecanica-de-suspesion-25-kg-div-50g","name":"BASCULA PEDIATRICA MECANICA DE SUSPESION 25 KG DIV 50G - Tu mejor opci\u00f3n Equipo M\u00e9dico M\u00e9xico","isPartOf":{"@id":"https:\/\/buscoequipomedico.com\/#website"},"primaryImageOfPage":{"@id":"https:\/\/buscoequipomedico.com\/?product=bascula-pediatrica-mecanica-de-suspesion-25-kg-div-50g#primaryimage"},"image":{"@id":"https:\/\/buscoequipomedico.com\/?product=bascula-pediatrica-mecanica-de-suspesion-25-kg-div-50g#primaryimage"},"thumbnailUrl":"https:\/\/buscoequipomedico.com\/wp-content\/uploads\/2020\/02\/bascula-pediatrica-mecanica-de-suspesion-25-kg-div-50g-con-su-excepcional-calidad-solidez-y-absoluta-fi-abilidad-seca-310-ha-sid.jpg","datePublished":"2020-02-18T07:32:13+00:00","dateModified":"2020-02-18T07:32:17+00:00","breadcrumb":{"@id":"https:\/\/buscoequipomedico.com\/?product=bascula-pediatrica-mecanica-de-suspesion-25-kg-div-50g#breadcrumb"},"inLanguage":"es","potentialAction":[{"@type":"ReadAction","target":["https:\/\/buscoequipomedico.com\/?product=bascula-pediatrica-mecanica-de-suspesion-25-kg-div-50g"]}]},{"@type":"ImageObject","inLanguage":"es","@id":"https:\/\/buscoequipomedico.com\/?product=bascula-pediatrica-mecanica-de-suspesion-25-kg-div-50g#primaryimage","url":"https:\/\/buscoequipomedico.com\/wp-content\/uploads\/2020\/02\/bascula-pediatrica-mecanica-de-suspesion-25-kg-div-50g-con-su-excepcional-calidad-solidez-y-absoluta-fi-abilidad-seca-310-ha-sid.jpg","contentUrl":"https:\/\/buscoequipomedico.com\/wp-content\/uploads\/2020\/02\/bascula-pediatrica-mecanica-de-suspesion-25-kg-div-50g-con-su-excepcional-calidad-solidez-y-absoluta-fi-abilidad-seca-310-ha-sid.jpg","width":800,"height":800},{"@type":"BreadcrumbList","@id":"https:\/\/buscoequipomedico.com\/?product=bascula-pediatrica-mecanica-de-suspesion-25-kg-div-50g#breadcrumb","itemListElement":[{"@type":"ListItem","position":1,"name":"Productos","item":"https:\/\/buscoequipomedico.com\/shop\/"},{"@type":"ListItem","position":2,"name":"BASCULA PEDIATRICA MECANICA DE SUSPESION 25 KG DIV 50G"}]},{"@type":"WebSite","@id":"https:\/\/buscoequipomedico.com\/#website","url":"https:\/\/buscoequipomedico.com\/","name":"Tu mejor opci\u00f3n Equipo M\u00e9dico M\u00e9xico","description":"Tienda de equipo m\u00e9dico","publisher":{"@id":"https:\/\/buscoequipomedico.com\/#organization"},"potentialAction":[{"@type":"SearchAction","target":{"@type":"EntryPoint","urlTemplate":"https:\/\/buscoequipomedico.com\/?s={search_term_string}"},"query-input":{"@type":"PropertyValueSpecification","valueRequired":true,"valueName":"search_term_string"}}],"inLanguage":"es"},{"@type":"Organization","@id":"https:\/\/buscoequipomedico.com\/#organization","name":"Tu mejor opci\u00f3n Equipo M\u00e9dico M\u00e9xico","url":"https:\/\/buscoequipomedico.com\/","logo":{"@type":"ImageObject","inLanguage":"es","@id":"https:\/\/buscoequipomedico.com\/#\/schema\/logo\/image\/","url":"https:\/\/buscoequipomedico.com\/wp-content\/uploads\/2021\/07\/EMM-VPrincipal-scaled.jpg","contentUrl":"https:\/\/buscoequipomedico.com\/wp-content\/uploads\/2021\/07\/EMM-VPrincipal-scaled.jpg","width":2560,"height":1058,"caption":"Tu mejor opci\u00f3n Equipo M\u00e9dico M\u00e9xico"},"image":{"@id":"https:\/\/buscoequipomedico.com\/#\/schema\/logo\/image\/"}}]}},"_links":{"self":[{"href":"https:\/\/buscoequipomedico.com\/index.php?rest_route=\/wp\/v2\/product\/11259","targetHints":{"allow":["GET"]}}],"collection":[{"href":"https:\/\/buscoequipomedico.com\/index.php?rest_route=\/wp\/v2\/product"}],"about":[{"href":"https:\/\/buscoequipomedico.com\/index.php?rest_route=\/wp\/v2\/types\/product"}],"wp:featuredmedia":[{"embeddable":true,"href":"https:\/\/buscoequipomedico.com\/index.php?rest_route=\/wp\/v2\/media\/11260"}],"wp:attachment":[{"href":"https:\/\/buscoequipomedico.com\/index.php?rest_route=%2Fwp%2Fv2%2Fmedia&parent=11259"}],"wp:term":[{"taxonomy":"product_brand","embeddable":true,"href":"https:\/\/buscoequipomedico.com\/index.php?rest_route=%2Fwp%2Fv2%2Fproduct_brand&post=11259"},{"taxonomy":"product_cat","embeddable":true,"href":"https:\/\/buscoequipomedico.com\/index.php?rest_route=%2Fwp%2Fv2%2Fproduct_cat&post=11259"},{"taxonomy":"product_tag","embeddable":true,"href":"https:\/\/buscoequipomedico.com\/index.php?rest_route=%2Fwp%2Fv2%2Fproduct_tag&post=11259"}],"curies":[{"name":"wp","href":"https:\/\/api.w.org\/{rel}","templated":true}]}}