{"id":11269,"date":"2020-02-18T07:32:19","date_gmt":"2020-02-18T07:32:19","guid":{"rendered":"https:\/\/equipomedicomexico-com.preview-domain.com\/product\/bascula-digital-para-silla-de-ruedas-con-pedestal\/"},"modified":"2020-02-18T07:32:20","modified_gmt":"2020-02-18T07:32:20","slug":"bascula-digital-para-silla-de-ruedas-con-pedestal","status":"publish","type":"product","link":"https:\/\/buscoequipomedico.com\/?product=bascula-digital-para-silla-de-ruedas-con-pedestal","title":{"rendered":"B\u00c1SCULA DIGITAL PARA SILLA DE RUEDAS CON PEDESTAL"},"content":{"rendered":"<ul>\n<li>B\u00e1scula digital desarrollada para determinar el peso de pacientes en silla de ruedas, con capacidad m\u00e1xima de 300 kg.\u00a0<\/li>\n<li>Funci\u00f3n de Hold, Tara, IMC, Pre-Tara.\u00a0<\/li>\n<li>Memoria de 5 posiciones para Pre-Tara, cero.\u00a0<\/li>\n<li>Control y despliegue digital del peso en pantalla LCD.\u00a0<\/li>\n<li>Lectura en kilogramos o libras.\u00a0<\/li>\n<li>Funci\u00f3n de auto-hold.<\/li>\n<li>Conmutaci\u00f3n Kg\/Lbs.<\/li>\n<li>Pantalla LCD de 5 1\/2 d\u00edgitos electro luminiscente.<\/li>\n<li>Ajuste autom\u00e1tico a cero.\u00a0<\/li>\n<li>Tara m\u00ednima.\u00a0<\/li>\n<li>Indicador de bater\u00eda baja.<\/li>\n<li>Desconexi\u00f3n autom\u00e1tica.\u00a0<\/li>\n<li>Sistema de pesado uniforme.<\/li>\n<li>Base para cabecera de b\u00e1scula.\u00a0<\/li>\n<li>Rampa para ingresar y retirar las llantas de la silla de rueda a la plataforma de la b\u00e1scula.<\/li>\n<li>La plataforma de la b\u00e1scula cuenta con dos ruedas y una asa para transportarla.<\/li>\n<\/ul>\n","protected":false},"excerpt":{"rendered":"<p><span>B\u00e1scula digital electr\u00f3nica para silla de ruedas con barandales.\u00a0<\/span><\/p>\n","protected":false},"featured_media":11270,"template":"","meta":{"_joinchat":[]},"product_brand":[],"product_cat":[189],"product_tag":[],"class_list":{"0":"post-11269","1":"product","2":"type-product","3":"status-publish","4":"has-post-thumbnail","6":"product_cat-basculas","7":"pa_marca-bame","9":"first","10":"instock","11":"purchasable","12":"product-type-simple"},"yoast_head":"<!-- This site is optimized with the Yoast SEO plugin v25.1 - https:\/\/yoast.com\/wordpress\/plugins\/seo\/ -->\n<title>B\u00c1SCULA DIGITAL PARA SILLA DE RUEDAS CON PEDESTAL - Tu mejor opci\u00f3n Equipo M\u00e9dico M\u00e9xico<\/title>\n<meta name=\"robots\" content=\"index, follow, max-snippet:-1, max-image-preview:large, max-video-preview:-1\" \/>\n<link rel=\"canonical\" href=\"https:\/\/buscoequipomedico.com\/?product=bascula-digital-para-silla-de-ruedas-con-pedestal\" \/>\n<meta property=\"og:locale\" content=\"es_ES\" \/>\n<meta property=\"og:type\" content=\"article\" \/>\n<meta property=\"og:title\" content=\"B\u00c1SCULA DIGITAL PARA SILLA DE RUEDAS CON PEDESTAL - Tu mejor opci\u00f3n Equipo M\u00e9dico M\u00e9xico\" \/>\n<meta property=\"og:description\" content=\"B\u00e1scula digital electr\u00f3nica para silla de ruedas con barandales.\u00a0\" \/>\n<meta property=\"og:url\" content=\"https:\/\/buscoequipomedico.com\/?product=bascula-digital-para-silla-de-ruedas-con-pedestal\" \/>\n<meta property=\"og:site_name\" content=\"Tu mejor opci\u00f3n Equipo M\u00e9dico M\u00e9xico\" \/>\n<meta property=\"article:modified_time\" content=\"2020-02-18T07:32:20+00:00\" \/>\n<meta property=\"og:image\" content=\"https:\/\/buscoequipomedico.com\/wp-content\/uploads\/2020\/02\/bascula-digital-para-silla-de-ruedas-con-pedestal-bascula-digital-electronica-para-silla-de-ruedas-con-barandales.jpg\" \/>\n\t<meta property=\"og:image:width\" content=\"800\" \/>\n\t<meta property=\"og:image:height\" content=\"800\" \/>\n\t<meta property=\"og:image:type\" content=\"image\/png\" \/>\n<meta name=\"twitter:card\" content=\"summary_large_image\" \/>\n<meta name=\"twitter:label1\" content=\"Tiempo de lectura\" \/>\n\t<meta name=\"twitter:data1\" content=\"1 minuto\" \/>\n<script type=\"application\/ld+json\" class=\"yoast-schema-graph\">{\"@context\":\"https:\/\/schema.org\",\"@graph\":[{\"@type\":\"WebPage\",\"@id\":\"https:\/\/buscoequipomedico.com\/?product=bascula-digital-para-silla-de-ruedas-con-pedestal\",\"url\":\"https:\/\/buscoequipomedico.com\/?product=bascula-digital-para-silla-de-ruedas-con-pedestal\",\"name\":\"B\u00c1SCULA DIGITAL PARA SILLA DE RUEDAS CON PEDESTAL - Tu mejor opci\u00f3n Equipo M\u00e9dico M\u00e9xico\",\"isPartOf\":{\"@id\":\"https:\/\/buscoequipomedico.com\/#website\"},\"primaryImageOfPage\":{\"@id\":\"https:\/\/buscoequipomedico.com\/?product=bascula-digital-para-silla-de-ruedas-con-pedestal#primaryimage\"},\"image\":{\"@id\":\"https:\/\/buscoequipomedico.com\/?product=bascula-digital-para-silla-de-ruedas-con-pedestal#primaryimage\"},\"thumbnailUrl\":\"https:\/\/buscoequipomedico.com\/wp-content\/uploads\/2020\/02\/bascula-digital-para-silla-de-ruedas-con-pedestal-bascula-digital-electronica-para-silla-de-ruedas-con-barandales.jpg\",\"datePublished\":\"2020-02-18T07:32:19+00:00\",\"dateModified\":\"2020-02-18T07:32:20+00:00\",\"breadcrumb\":{\"@id\":\"https:\/\/buscoequipomedico.com\/?product=bascula-digital-para-silla-de-ruedas-con-pedestal#breadcrumb\"},\"inLanguage\":\"es\",\"potentialAction\":[{\"@type\":\"ReadAction\",\"target\":[\"https:\/\/buscoequipomedico.com\/?product=bascula-digital-para-silla-de-ruedas-con-pedestal\"]}]},{\"@type\":\"ImageObject\",\"inLanguage\":\"es\",\"@id\":\"https:\/\/buscoequipomedico.com\/?product=bascula-digital-para-silla-de-ruedas-con-pedestal#primaryimage\",\"url\":\"https:\/\/buscoequipomedico.com\/wp-content\/uploads\/2020\/02\/bascula-digital-para-silla-de-ruedas-con-pedestal-bascula-digital-electronica-para-silla-de-ruedas-con-barandales.jpg\",\"contentUrl\":\"https:\/\/buscoequipomedico.com\/wp-content\/uploads\/2020\/02\/bascula-digital-para-silla-de-ruedas-con-pedestal-bascula-digital-electronica-para-silla-de-ruedas-con-barandales.jpg\",\"width\":800,\"height\":800},{\"@type\":\"BreadcrumbList\",\"@id\":\"https:\/\/buscoequipomedico.com\/?product=bascula-digital-para-silla-de-ruedas-con-pedestal#breadcrumb\",\"itemListElement\":[{\"@type\":\"ListItem\",\"position\":1,\"name\":\"Productos\",\"item\":\"https:\/\/buscoequipomedico.com\/shop\/\"},{\"@type\":\"ListItem\",\"position\":2,\"name\":\"B\u00c1SCULA DIGITAL PARA SILLA DE RUEDAS CON PEDESTAL\"}]},{\"@type\":\"WebSite\",\"@id\":\"https:\/\/buscoequipomedico.com\/#website\",\"url\":\"https:\/\/buscoequipomedico.com\/\",\"name\":\"Tu mejor opci\u00f3n Equipo M\u00e9dico M\u00e9xico\",\"description\":\"Tienda de equipo m\u00e9dico\",\"publisher\":{\"@id\":\"https:\/\/buscoequipomedico.com\/#organization\"},\"potentialAction\":[{\"@type\":\"SearchAction\",\"target\":{\"@type\":\"EntryPoint\",\"urlTemplate\":\"https:\/\/buscoequipomedico.com\/?s={search_term_string}\"},\"query-input\":{\"@type\":\"PropertyValueSpecification\",\"valueRequired\":true,\"valueName\":\"search_term_string\"}}],\"inLanguage\":\"es\"},{\"@type\":\"Organization\",\"@id\":\"https:\/\/buscoequipomedico.com\/#organization\",\"name\":\"Tu mejor opci\u00f3n Equipo M\u00e9dico M\u00e9xico\",\"url\":\"https:\/\/buscoequipomedico.com\/\",\"logo\":{\"@type\":\"ImageObject\",\"inLanguage\":\"es\",\"@id\":\"https:\/\/buscoequipomedico.com\/#\/schema\/logo\/image\/\",\"url\":\"https:\/\/buscoequipomedico.com\/wp-content\/uploads\/2021\/07\/EMM-VPrincipal-scaled.jpg\",\"contentUrl\":\"https:\/\/buscoequipomedico.com\/wp-content\/uploads\/2021\/07\/EMM-VPrincipal-scaled.jpg\",\"width\":2560,\"height\":1058,\"caption\":\"Tu mejor opci\u00f3n Equipo M\u00e9dico M\u00e9xico\"},\"image\":{\"@id\":\"https:\/\/buscoequipomedico.com\/#\/schema\/logo\/image\/\"}}]}<\/script>\n<!-- \/ Yoast SEO plugin. -->","yoast_head_json":{"title":"B\u00c1SCULA DIGITAL PARA SILLA DE RUEDAS CON PEDESTAL - Tu mejor opci\u00f3n Equipo M\u00e9dico M\u00e9xico","robots":{"index":"index","follow":"follow","max-snippet":"max-snippet:-1","max-image-preview":"max-image-preview:large","max-video-preview":"max-video-preview:-1"},"canonical":"https:\/\/buscoequipomedico.com\/?product=bascula-digital-para-silla-de-ruedas-con-pedestal","og_locale":"es_ES","og_type":"article","og_title":"B\u00c1SCULA DIGITAL PARA SILLA DE RUEDAS CON PEDESTAL - Tu mejor opci\u00f3n Equipo M\u00e9dico M\u00e9xico","og_description":"B\u00e1scula digital electr\u00f3nica para silla de ruedas con barandales.\u00a0","og_url":"https:\/\/buscoequipomedico.com\/?product=bascula-digital-para-silla-de-ruedas-con-pedestal","og_site_name":"Tu mejor opci\u00f3n Equipo M\u00e9dico M\u00e9xico","article_modified_time":"2020-02-18T07:32:20+00:00","og_image":[{"width":800,"height":800,"url":"https:\/\/buscoequipomedico.com\/wp-content\/uploads\/2020\/02\/bascula-digital-para-silla-de-ruedas-con-pedestal-bascula-digital-electronica-para-silla-de-ruedas-con-barandales.jpg","type":"image\/png"}],"twitter_card":"summary_large_image","twitter_misc":{"Tiempo de lectura":"1 minuto"},"schema":{"@context":"https:\/\/schema.org","@graph":[{"@type":"WebPage","@id":"https:\/\/buscoequipomedico.com\/?product=bascula-digital-para-silla-de-ruedas-con-pedestal","url":"https:\/\/buscoequipomedico.com\/?product=bascula-digital-para-silla-de-ruedas-con-pedestal","name":"B\u00c1SCULA DIGITAL PARA SILLA DE RUEDAS CON PEDESTAL - Tu mejor opci\u00f3n Equipo M\u00e9dico M\u00e9xico","isPartOf":{"@id":"https:\/\/buscoequipomedico.com\/#website"},"primaryImageOfPage":{"@id":"https:\/\/buscoequipomedico.com\/?product=bascula-digital-para-silla-de-ruedas-con-pedestal#primaryimage"},"image":{"@id":"https:\/\/buscoequipomedico.com\/?product=bascula-digital-para-silla-de-ruedas-con-pedestal#primaryimage"},"thumbnailUrl":"https:\/\/buscoequipomedico.com\/wp-content\/uploads\/2020\/02\/bascula-digital-para-silla-de-ruedas-con-pedestal-bascula-digital-electronica-para-silla-de-ruedas-con-barandales.jpg","datePublished":"2020-02-18T07:32:19+00:00","dateModified":"2020-02-18T07:32:20+00:00","breadcrumb":{"@id":"https:\/\/buscoequipomedico.com\/?product=bascula-digital-para-silla-de-ruedas-con-pedestal#breadcrumb"},"inLanguage":"es","potentialAction":[{"@type":"ReadAction","target":["https:\/\/buscoequipomedico.com\/?product=bascula-digital-para-silla-de-ruedas-con-pedestal"]}]},{"@type":"ImageObject","inLanguage":"es","@id":"https:\/\/buscoequipomedico.com\/?product=bascula-digital-para-silla-de-ruedas-con-pedestal#primaryimage","url":"https:\/\/buscoequipomedico.com\/wp-content\/uploads\/2020\/02\/bascula-digital-para-silla-de-ruedas-con-pedestal-bascula-digital-electronica-para-silla-de-ruedas-con-barandales.jpg","contentUrl":"https:\/\/buscoequipomedico.com\/wp-content\/uploads\/2020\/02\/bascula-digital-para-silla-de-ruedas-con-pedestal-bascula-digital-electronica-para-silla-de-ruedas-con-barandales.jpg","width":800,"height":800},{"@type":"BreadcrumbList","@id":"https:\/\/buscoequipomedico.com\/?product=bascula-digital-para-silla-de-ruedas-con-pedestal#breadcrumb","itemListElement":[{"@type":"ListItem","position":1,"name":"Productos","item":"https:\/\/buscoequipomedico.com\/shop\/"},{"@type":"ListItem","position":2,"name":"B\u00c1SCULA DIGITAL PARA SILLA DE RUEDAS CON PEDESTAL"}]},{"@type":"WebSite","@id":"https:\/\/buscoequipomedico.com\/#website","url":"https:\/\/buscoequipomedico.com\/","name":"Tu mejor opci\u00f3n Equipo M\u00e9dico M\u00e9xico","description":"Tienda de equipo m\u00e9dico","publisher":{"@id":"https:\/\/buscoequipomedico.com\/#organization"},"potentialAction":[{"@type":"SearchAction","target":{"@type":"EntryPoint","urlTemplate":"https:\/\/buscoequipomedico.com\/?s={search_term_string}"},"query-input":{"@type":"PropertyValueSpecification","valueRequired":true,"valueName":"search_term_string"}}],"inLanguage":"es"},{"@type":"Organization","@id":"https:\/\/buscoequipomedico.com\/#organization","name":"Tu mejor opci\u00f3n Equipo M\u00e9dico M\u00e9xico","url":"https:\/\/buscoequipomedico.com\/","logo":{"@type":"ImageObject","inLanguage":"es","@id":"https:\/\/buscoequipomedico.com\/#\/schema\/logo\/image\/","url":"https:\/\/buscoequipomedico.com\/wp-content\/uploads\/2021\/07\/EMM-VPrincipal-scaled.jpg","contentUrl":"https:\/\/buscoequipomedico.com\/wp-content\/uploads\/2021\/07\/EMM-VPrincipal-scaled.jpg","width":2560,"height":1058,"caption":"Tu mejor opci\u00f3n Equipo M\u00e9dico M\u00e9xico"},"image":{"@id":"https:\/\/buscoequipomedico.com\/#\/schema\/logo\/image\/"}}]}},"_links":{"self":[{"href":"https:\/\/buscoequipomedico.com\/index.php?rest_route=\/wp\/v2\/product\/11269","targetHints":{"allow":["GET"]}}],"collection":[{"href":"https:\/\/buscoequipomedico.com\/index.php?rest_route=\/wp\/v2\/product"}],"about":[{"href":"https:\/\/buscoequipomedico.com\/index.php?rest_route=\/wp\/v2\/types\/product"}],"wp:featuredmedia":[{"embeddable":true,"href":"https:\/\/buscoequipomedico.com\/index.php?rest_route=\/wp\/v2\/media\/11270"}],"wp:attachment":[{"href":"https:\/\/buscoequipomedico.com\/index.php?rest_route=%2Fwp%2Fv2%2Fmedia&parent=11269"}],"wp:term":[{"taxonomy":"product_brand","embeddable":true,"href":"https:\/\/buscoequipomedico.com\/index.php?rest_route=%2Fwp%2Fv2%2Fproduct_brand&post=11269"},{"taxonomy":"product_cat","embeddable":true,"href":"https:\/\/buscoequipomedico.com\/index.php?rest_route=%2Fwp%2Fv2%2Fproduct_cat&post=11269"},{"taxonomy":"product_tag","embeddable":true,"href":"https:\/\/buscoequipomedico.com\/index.php?rest_route=%2Fwp%2Fv2%2Fproduct_tag&post=11269"}],"curies":[{"name":"wp","href":"https:\/\/api.w.org\/{rel}","templated":true}]}}