{"id":11277,"date":"2020-02-18T07:32:19","date_gmt":"2020-02-18T07:32:19","guid":{"rendered":"https:\/\/equipomedicomexico-com.preview-domain.com\/product\/bascula-pesa-bebe-cap-20-kg-electronica\/"},"modified":"2020-02-18T07:32:21","modified_gmt":"2020-02-18T07:32:21","slug":"bascula-pesa-bebe-cap-20-kg-electronica","status":"publish","type":"product","link":"https:\/\/buscoequipomedico.com\/?product=bascula-pesa-bebe-cap-20-kg-electronica","title":{"rendered":"B\u00c1SCULA PESA BEB\u00c9 CAP. 20 KG ELECTR\u00d3NICA"},"content":{"rendered":"<p><span>B\u00e1scula digital port\u00e1til desarrollada para determinar el peso de pacientes neonatos, con capacidad m\u00e1xima: 20 Kg.<\/span><br \/><span>Funci\u00f3n de Tara.<\/span><br \/><span>Control y despliegue digital del peso en pantalla LCD.<\/span><br \/><span>Nivel de resoluci\u00f3n: 2 g (0 a 10 Kg.) \/ 5 g (10 a 20 Kg.).<\/span><br \/><span>Lectura en gramos.<\/span><br \/><span>Funci\u00f3n de Hold<\/span><br \/><span>Indicador de bater\u00eda baja.<\/span><br \/><span>Charola de pl\u00e1stico desmontable.<\/span><\/p>\n","protected":false},"excerpt":{"rendered":"<p><span>B\u00e1scula digital port\u00e1til desarrollada para determinar el peso de pacientes neonatos, con capacidad m\u00e1xima: 20 Kg. Funci\u00f3n de Tara. Control y despliegue digital del peso en pantalla LCD.\u00a0<\/span><\/p>\n","protected":false},"featured_media":11278,"template":"","meta":{"_joinchat":[]},"product_brand":[],"product_cat":[189],"product_tag":[],"class_list":{"0":"post-11277","1":"product","2":"type-product","3":"status-publish","4":"has-post-thumbnail","6":"product_cat-basculas","7":"pa_marca-bame","9":"first","10":"instock","11":"purchasable","12":"product-type-simple"},"yoast_head":"<!-- This site is optimized with the Yoast SEO plugin v25.1 - https:\/\/yoast.com\/wordpress\/plugins\/seo\/ -->\n<title>B\u00c1SCULA PESA BEB\u00c9 CAP. 20 KG ELECTR\u00d3NICA - Tu mejor opci\u00f3n Equipo M\u00e9dico M\u00e9xico<\/title>\n<meta name=\"robots\" content=\"index, follow, max-snippet:-1, max-image-preview:large, max-video-preview:-1\" \/>\n<link rel=\"canonical\" href=\"https:\/\/buscoequipomedico.com\/?product=bascula-pesa-bebe-cap-20-kg-electronica\" \/>\n<meta property=\"og:locale\" content=\"es_ES\" \/>\n<meta property=\"og:type\" content=\"article\" \/>\n<meta property=\"og:title\" content=\"B\u00c1SCULA PESA BEB\u00c9 CAP. 20 KG ELECTR\u00d3NICA - Tu mejor opci\u00f3n Equipo M\u00e9dico M\u00e9xico\" \/>\n<meta property=\"og:description\" content=\"B\u00e1scula digital port\u00e1til desarrollada para determinar el peso de pacientes neonatos, con capacidad m\u00e1xima: 20 Kg. Funci\u00f3n de Tara. Control y despliegue digital del peso en pantalla LCD.\u00a0\" \/>\n<meta property=\"og:url\" content=\"https:\/\/buscoequipomedico.com\/?product=bascula-pesa-bebe-cap-20-kg-electronica\" \/>\n<meta property=\"og:site_name\" content=\"Tu mejor opci\u00f3n Equipo M\u00e9dico M\u00e9xico\" \/>\n<meta property=\"article:modified_time\" content=\"2020-02-18T07:32:21+00:00\" \/>\n<meta property=\"og:image\" content=\"https:\/\/buscoequipomedico.com\/wp-content\/uploads\/2020\/02\/bascula-pesa-bebe-cap-20-kg-electronica-bascula-digital-portatil-desarrollada-para-determinar-el-peso-de-pacientes-neonatos-con.jpg\" \/>\n\t<meta property=\"og:image:width\" content=\"800\" \/>\n\t<meta property=\"og:image:height\" content=\"800\" \/>\n\t<meta property=\"og:image:type\" content=\"image\/png\" \/>\n<meta name=\"twitter:card\" content=\"summary_large_image\" \/>\n<script type=\"application\/ld+json\" class=\"yoast-schema-graph\">{\"@context\":\"https:\/\/schema.org\",\"@graph\":[{\"@type\":\"WebPage\",\"@id\":\"https:\/\/buscoequipomedico.com\/?product=bascula-pesa-bebe-cap-20-kg-electronica\",\"url\":\"https:\/\/buscoequipomedico.com\/?product=bascula-pesa-bebe-cap-20-kg-electronica\",\"name\":\"B\u00c1SCULA PESA BEB\u00c9 CAP. 20 KG ELECTR\u00d3NICA - Tu mejor opci\u00f3n Equipo M\u00e9dico M\u00e9xico\",\"isPartOf\":{\"@id\":\"https:\/\/buscoequipomedico.com\/#website\"},\"primaryImageOfPage\":{\"@id\":\"https:\/\/buscoequipomedico.com\/?product=bascula-pesa-bebe-cap-20-kg-electronica#primaryimage\"},\"image\":{\"@id\":\"https:\/\/buscoequipomedico.com\/?product=bascula-pesa-bebe-cap-20-kg-electronica#primaryimage\"},\"thumbnailUrl\":\"https:\/\/buscoequipomedico.com\/wp-content\/uploads\/2020\/02\/bascula-pesa-bebe-cap-20-kg-electronica-bascula-digital-portatil-desarrollada-para-determinar-el-peso-de-pacientes-neonatos-con.jpg\",\"datePublished\":\"2020-02-18T07:32:19+00:00\",\"dateModified\":\"2020-02-18T07:32:21+00:00\",\"breadcrumb\":{\"@id\":\"https:\/\/buscoequipomedico.com\/?product=bascula-pesa-bebe-cap-20-kg-electronica#breadcrumb\"},\"inLanguage\":\"es\",\"potentialAction\":[{\"@type\":\"ReadAction\",\"target\":[\"https:\/\/buscoequipomedico.com\/?product=bascula-pesa-bebe-cap-20-kg-electronica\"]}]},{\"@type\":\"ImageObject\",\"inLanguage\":\"es\",\"@id\":\"https:\/\/buscoequipomedico.com\/?product=bascula-pesa-bebe-cap-20-kg-electronica#primaryimage\",\"url\":\"https:\/\/buscoequipomedico.com\/wp-content\/uploads\/2020\/02\/bascula-pesa-bebe-cap-20-kg-electronica-bascula-digital-portatil-desarrollada-para-determinar-el-peso-de-pacientes-neonatos-con.jpg\",\"contentUrl\":\"https:\/\/buscoequipomedico.com\/wp-content\/uploads\/2020\/02\/bascula-pesa-bebe-cap-20-kg-electronica-bascula-digital-portatil-desarrollada-para-determinar-el-peso-de-pacientes-neonatos-con.jpg\",\"width\":800,\"height\":800},{\"@type\":\"BreadcrumbList\",\"@id\":\"https:\/\/buscoequipomedico.com\/?product=bascula-pesa-bebe-cap-20-kg-electronica#breadcrumb\",\"itemListElement\":[{\"@type\":\"ListItem\",\"position\":1,\"name\":\"Productos\",\"item\":\"https:\/\/buscoequipomedico.com\/shop\/\"},{\"@type\":\"ListItem\",\"position\":2,\"name\":\"B\u00c1SCULA PESA BEB\u00c9 CAP. 20 KG ELECTR\u00d3NICA\"}]},{\"@type\":\"WebSite\",\"@id\":\"https:\/\/buscoequipomedico.com\/#website\",\"url\":\"https:\/\/buscoequipomedico.com\/\",\"name\":\"Tu mejor opci\u00f3n Equipo M\u00e9dico M\u00e9xico\",\"description\":\"Tienda de equipo m\u00e9dico\",\"publisher\":{\"@id\":\"https:\/\/buscoequipomedico.com\/#organization\"},\"potentialAction\":[{\"@type\":\"SearchAction\",\"target\":{\"@type\":\"EntryPoint\",\"urlTemplate\":\"https:\/\/buscoequipomedico.com\/?s={search_term_string}\"},\"query-input\":{\"@type\":\"PropertyValueSpecification\",\"valueRequired\":true,\"valueName\":\"search_term_string\"}}],\"inLanguage\":\"es\"},{\"@type\":\"Organization\",\"@id\":\"https:\/\/buscoequipomedico.com\/#organization\",\"name\":\"Tu mejor opci\u00f3n Equipo M\u00e9dico M\u00e9xico\",\"url\":\"https:\/\/buscoequipomedico.com\/\",\"logo\":{\"@type\":\"ImageObject\",\"inLanguage\":\"es\",\"@id\":\"https:\/\/buscoequipomedico.com\/#\/schema\/logo\/image\/\",\"url\":\"https:\/\/buscoequipomedico.com\/wp-content\/uploads\/2021\/07\/EMM-VPrincipal-scaled.jpg\",\"contentUrl\":\"https:\/\/buscoequipomedico.com\/wp-content\/uploads\/2021\/07\/EMM-VPrincipal-scaled.jpg\",\"width\":2560,\"height\":1058,\"caption\":\"Tu mejor opci\u00f3n Equipo M\u00e9dico M\u00e9xico\"},\"image\":{\"@id\":\"https:\/\/buscoequipomedico.com\/#\/schema\/logo\/image\/\"}}]}<\/script>\n<!-- \/ Yoast SEO plugin. -->","yoast_head_json":{"title":"B\u00c1SCULA PESA BEB\u00c9 CAP. 20 KG ELECTR\u00d3NICA - Tu mejor opci\u00f3n Equipo M\u00e9dico M\u00e9xico","robots":{"index":"index","follow":"follow","max-snippet":"max-snippet:-1","max-image-preview":"max-image-preview:large","max-video-preview":"max-video-preview:-1"},"canonical":"https:\/\/buscoequipomedico.com\/?product=bascula-pesa-bebe-cap-20-kg-electronica","og_locale":"es_ES","og_type":"article","og_title":"B\u00c1SCULA PESA BEB\u00c9 CAP. 20 KG ELECTR\u00d3NICA - Tu mejor opci\u00f3n Equipo M\u00e9dico M\u00e9xico","og_description":"B\u00e1scula digital port\u00e1til desarrollada para determinar el peso de pacientes neonatos, con capacidad m\u00e1xima: 20 Kg. Funci\u00f3n de Tara. Control y despliegue digital del peso en pantalla LCD.\u00a0","og_url":"https:\/\/buscoequipomedico.com\/?product=bascula-pesa-bebe-cap-20-kg-electronica","og_site_name":"Tu mejor opci\u00f3n Equipo M\u00e9dico M\u00e9xico","article_modified_time":"2020-02-18T07:32:21+00:00","og_image":[{"width":800,"height":800,"url":"https:\/\/buscoequipomedico.com\/wp-content\/uploads\/2020\/02\/bascula-pesa-bebe-cap-20-kg-electronica-bascula-digital-portatil-desarrollada-para-determinar-el-peso-de-pacientes-neonatos-con.jpg","type":"image\/png"}],"twitter_card":"summary_large_image","schema":{"@context":"https:\/\/schema.org","@graph":[{"@type":"WebPage","@id":"https:\/\/buscoequipomedico.com\/?product=bascula-pesa-bebe-cap-20-kg-electronica","url":"https:\/\/buscoequipomedico.com\/?product=bascula-pesa-bebe-cap-20-kg-electronica","name":"B\u00c1SCULA PESA BEB\u00c9 CAP. 20 KG ELECTR\u00d3NICA - Tu mejor opci\u00f3n Equipo M\u00e9dico M\u00e9xico","isPartOf":{"@id":"https:\/\/buscoequipomedico.com\/#website"},"primaryImageOfPage":{"@id":"https:\/\/buscoequipomedico.com\/?product=bascula-pesa-bebe-cap-20-kg-electronica#primaryimage"},"image":{"@id":"https:\/\/buscoequipomedico.com\/?product=bascula-pesa-bebe-cap-20-kg-electronica#primaryimage"},"thumbnailUrl":"https:\/\/buscoequipomedico.com\/wp-content\/uploads\/2020\/02\/bascula-pesa-bebe-cap-20-kg-electronica-bascula-digital-portatil-desarrollada-para-determinar-el-peso-de-pacientes-neonatos-con.jpg","datePublished":"2020-02-18T07:32:19+00:00","dateModified":"2020-02-18T07:32:21+00:00","breadcrumb":{"@id":"https:\/\/buscoequipomedico.com\/?product=bascula-pesa-bebe-cap-20-kg-electronica#breadcrumb"},"inLanguage":"es","potentialAction":[{"@type":"ReadAction","target":["https:\/\/buscoequipomedico.com\/?product=bascula-pesa-bebe-cap-20-kg-electronica"]}]},{"@type":"ImageObject","inLanguage":"es","@id":"https:\/\/buscoequipomedico.com\/?product=bascula-pesa-bebe-cap-20-kg-electronica#primaryimage","url":"https:\/\/buscoequipomedico.com\/wp-content\/uploads\/2020\/02\/bascula-pesa-bebe-cap-20-kg-electronica-bascula-digital-portatil-desarrollada-para-determinar-el-peso-de-pacientes-neonatos-con.jpg","contentUrl":"https:\/\/buscoequipomedico.com\/wp-content\/uploads\/2020\/02\/bascula-pesa-bebe-cap-20-kg-electronica-bascula-digital-portatil-desarrollada-para-determinar-el-peso-de-pacientes-neonatos-con.jpg","width":800,"height":800},{"@type":"BreadcrumbList","@id":"https:\/\/buscoequipomedico.com\/?product=bascula-pesa-bebe-cap-20-kg-electronica#breadcrumb","itemListElement":[{"@type":"ListItem","position":1,"name":"Productos","item":"https:\/\/buscoequipomedico.com\/shop\/"},{"@type":"ListItem","position":2,"name":"B\u00c1SCULA PESA BEB\u00c9 CAP. 20 KG ELECTR\u00d3NICA"}]},{"@type":"WebSite","@id":"https:\/\/buscoequipomedico.com\/#website","url":"https:\/\/buscoequipomedico.com\/","name":"Tu mejor opci\u00f3n Equipo M\u00e9dico M\u00e9xico","description":"Tienda de equipo m\u00e9dico","publisher":{"@id":"https:\/\/buscoequipomedico.com\/#organization"},"potentialAction":[{"@type":"SearchAction","target":{"@type":"EntryPoint","urlTemplate":"https:\/\/buscoequipomedico.com\/?s={search_term_string}"},"query-input":{"@type":"PropertyValueSpecification","valueRequired":true,"valueName":"search_term_string"}}],"inLanguage":"es"},{"@type":"Organization","@id":"https:\/\/buscoequipomedico.com\/#organization","name":"Tu mejor opci\u00f3n Equipo M\u00e9dico M\u00e9xico","url":"https:\/\/buscoequipomedico.com\/","logo":{"@type":"ImageObject","inLanguage":"es","@id":"https:\/\/buscoequipomedico.com\/#\/schema\/logo\/image\/","url":"https:\/\/buscoequipomedico.com\/wp-content\/uploads\/2021\/07\/EMM-VPrincipal-scaled.jpg","contentUrl":"https:\/\/buscoequipomedico.com\/wp-content\/uploads\/2021\/07\/EMM-VPrincipal-scaled.jpg","width":2560,"height":1058,"caption":"Tu mejor opci\u00f3n Equipo M\u00e9dico M\u00e9xico"},"image":{"@id":"https:\/\/buscoequipomedico.com\/#\/schema\/logo\/image\/"}}]}},"_links":{"self":[{"href":"https:\/\/buscoequipomedico.com\/index.php?rest_route=\/wp\/v2\/product\/11277","targetHints":{"allow":["GET"]}}],"collection":[{"href":"https:\/\/buscoequipomedico.com\/index.php?rest_route=\/wp\/v2\/product"}],"about":[{"href":"https:\/\/buscoequipomedico.com\/index.php?rest_route=\/wp\/v2\/types\/product"}],"wp:featuredmedia":[{"embeddable":true,"href":"https:\/\/buscoequipomedico.com\/index.php?rest_route=\/wp\/v2\/media\/11278"}],"wp:attachment":[{"href":"https:\/\/buscoequipomedico.com\/index.php?rest_route=%2Fwp%2Fv2%2Fmedia&parent=11277"}],"wp:term":[{"taxonomy":"product_brand","embeddable":true,"href":"https:\/\/buscoequipomedico.com\/index.php?rest_route=%2Fwp%2Fv2%2Fproduct_brand&post=11277"},{"taxonomy":"product_cat","embeddable":true,"href":"https:\/\/buscoequipomedico.com\/index.php?rest_route=%2Fwp%2Fv2%2Fproduct_cat&post=11277"},{"taxonomy":"product_tag","embeddable":true,"href":"https:\/\/buscoequipomedico.com\/index.php?rest_route=%2Fwp%2Fv2%2Fproduct_tag&post=11277"}],"curies":[{"name":"wp","href":"https:\/\/api.w.org\/{rel}","templated":true}]}}