{"id":11293,"date":"2020-02-18T07:36:48","date_gmt":"2020-02-18T07:36:48","guid":{"rendered":"https:\/\/equipomedicomexico-com.preview-domain.com\/product\/oftalmoscopio-halogeno-de-3-5v-coaxial\/"},"modified":"2020-02-18T07:36:50","modified_gmt":"2020-02-18T07:36:50","slug":"oftalmoscopio-halogeno-de-3-5v-coaxial","status":"publish","type":"product","link":"https:\/\/buscoequipomedico.com\/?product=oftalmoscopio-halogeno-de-3-5v-coaxial","title":{"rendered":"OFTALMOSCOPIO HALOGENO DE 3.5v Coaxial"},"content":{"rendered":"<ul>\n<li>El bombillo hal\u00f3geno HPX\u00ae produce una luz para ver el color real del tejido y para obtener un rendimiento de larga duraci\u00f3n.<\/li>\n<li>El sistema \u00f3ptico Coaxial produce un punto sin sombras, un mejor ingreso en las pupilas no dilatadas y un campo de visi\u00f3n m\u00e1s amplio en comparaci\u00f3n con oftalmoscopios est\u00e1ndar.<\/li>\n<li>Detecta abrasiones de la c\u00f3rnea con el filtro azul cobalto.<\/li>\n<li>El filtro polarizador pr\u00e1cticamente elimina el reflejo de la c\u00f3rnea.<\/li>\n<li>18 combinaciones de aperturas\/filtros exclusivos para una mayor versatilidad.<\/li>\n<li>El filtro libre de rojo se puede utilizar con cualquier apertura.<\/li>\n<li>28 lentes de enfoque con una gama de dioptr\u00edas de -25 a +40.<\/li>\n<\/ul>\n<p>Aperturas para Oftalmoscopio Coaxial de 3,5 V:<\/p>\n<ul>\n<li>Micro punto, permite el ingreso r\u00e1pido en pupilas peque\u00f1as no dilatadas.<\/li>\n<li>Peque\u00f1a, ofrece una excelente vista del fondo del ojo a trav\u00e9s de una pupila no dilatada.<\/li>\n<li>Grande, est\u00e1ndar para una pupila dilatada y un examen general del ojo.<\/li>\n<li>Fijaci\u00f3n, tiene un punto de mira graduado para medir la fijaci\u00f3n exc\u00e9ntrica o localizar las lesiones.<\/li>\n<li>Filtro de Cobalto, se utiliza con fluorescina para ver lesiones peque\u00f1as, abrasiones y objetos extra\u00f1os en la c\u00f3rnea.<\/li>\n<li>Ranura, utilizada para determinar los niveles de lesiones y tumores.<\/li>\n<li>Filtro Libre de Rojo, excluye del campo del examen los rayos rojos para una identificaci\u00f3n f\u00e1cil de las venas, arterias y fibras nerviosas.<\/li>\n<\/ul>\n","protected":false},"excerpt":{"rendered":"<h1>OFTALMOSCOPIO COAXIAL DE 3,5 V<\/h1>\n<p>El sistema de visi\u00f3n Coaxial Welch Allyn patentado facilita la oftalmoscopia al permitir una entrada m\u00e1s f\u00e1cil en el ojo, un campo de visi\u00f3n m\u00e1s amplio y reducci\u00f3n del resplandor en comparaci\u00f3n con los oftalmoscopios est\u00e1ndar.<\/p>\n","protected":false},"featured_media":12992,"template":"","meta":{"_joinchat":[]},"product_brand":[],"product_cat":[244,310],"product_tag":[],"class_list":{"0":"post-11293","1":"product","2":"type-product","3":"status-publish","4":"has-post-thumbnail","6":"product_cat-equipos-de-diagnostico","7":"product_cat-oftalmoscopios","9":"first","10":"instock","11":"purchasable","12":"product-type-simple"},"yoast_head":"<!-- This site is optimized with the Yoast SEO plugin v25.1 - https:\/\/yoast.com\/wordpress\/plugins\/seo\/ -->\n<title>OFTALMOSCOPIO HALOGENO DE 3.5v Coaxial - Tu mejor opci\u00f3n Equipo M\u00e9dico M\u00e9xico<\/title>\n<meta name=\"robots\" content=\"index, follow, max-snippet:-1, max-image-preview:large, max-video-preview:-1\" \/>\n<link rel=\"canonical\" href=\"https:\/\/buscoequipomedico.com\/?product=oftalmoscopio-halogeno-de-3-5v-coaxial\" \/>\n<meta property=\"og:locale\" content=\"es_ES\" \/>\n<meta property=\"og:type\" content=\"article\" \/>\n<meta property=\"og:title\" content=\"OFTALMOSCOPIO HALOGENO DE 3.5v Coaxial - Tu mejor opci\u00f3n Equipo M\u00e9dico M\u00e9xico\" \/>\n<meta property=\"og:description\" content=\"OFTALMOSCOPIO COAXIAL DE 3,5 V El sistema de visi\u00f3n Coaxial Welch Allyn patentado facilita la oftalmoscopia al permitir una entrada m\u00e1s f\u00e1cil en el ojo, un campo de visi\u00f3n m\u00e1s amplio y reducci\u00f3n del resplandor en comparaci\u00f3n con los oftalmoscopios est\u00e1ndar.\" \/>\n<meta property=\"og:url\" content=\"https:\/\/buscoequipomedico.com\/?product=oftalmoscopio-halogeno-de-3-5v-coaxial\" \/>\n<meta property=\"og:site_name\" content=\"Tu mejor opci\u00f3n Equipo M\u00e9dico M\u00e9xico\" \/>\n<meta property=\"article:modified_time\" content=\"2020-02-18T07:36:50+00:00\" \/>\n<meta property=\"og:image\" content=\"https:\/\/buscoequipomedico.com\/wp-content\/uploads\/2020\/02\/oftalmoscopio-halogeno-de-35v-coaxial-oftalmoscopio-coaxial-de-35-v-el-sistema-de-vision-coaxial-welch-allyn-patentado-facilita.jpg\" \/>\n\t<meta property=\"og:image:width\" content=\"800\" \/>\n\t<meta property=\"og:image:height\" content=\"800\" \/>\n\t<meta property=\"og:image:type\" content=\"image\/jpeg\" \/>\n<meta name=\"twitter:card\" content=\"summary_large_image\" \/>\n<meta name=\"twitter:label1\" content=\"Tiempo de lectura\" \/>\n\t<meta name=\"twitter:data1\" content=\"1 minuto\" \/>\n<script type=\"application\/ld+json\" class=\"yoast-schema-graph\">{\"@context\":\"https:\/\/schema.org\",\"@graph\":[{\"@type\":\"WebPage\",\"@id\":\"https:\/\/buscoequipomedico.com\/?product=oftalmoscopio-halogeno-de-3-5v-coaxial\",\"url\":\"https:\/\/buscoequipomedico.com\/?product=oftalmoscopio-halogeno-de-3-5v-coaxial\",\"name\":\"OFTALMOSCOPIO HALOGENO DE 3.5v Coaxial - Tu mejor opci\u00f3n Equipo M\u00e9dico M\u00e9xico\",\"isPartOf\":{\"@id\":\"https:\/\/buscoequipomedico.com\/#website\"},\"primaryImageOfPage\":{\"@id\":\"https:\/\/buscoequipomedico.com\/?product=oftalmoscopio-halogeno-de-3-5v-coaxial#primaryimage\"},\"image\":{\"@id\":\"https:\/\/buscoequipomedico.com\/?product=oftalmoscopio-halogeno-de-3-5v-coaxial#primaryimage\"},\"thumbnailUrl\":\"https:\/\/buscoequipomedico.com\/wp-content\/uploads\/2020\/02\/oftalmoscopio-halogeno-de-35v-coaxial-oftalmoscopio-coaxial-de-35-v-el-sistema-de-vision-coaxial-welch-allyn-patentado-facilita.jpg\",\"datePublished\":\"2020-02-18T07:36:48+00:00\",\"dateModified\":\"2020-02-18T07:36:50+00:00\",\"breadcrumb\":{\"@id\":\"https:\/\/buscoequipomedico.com\/?product=oftalmoscopio-halogeno-de-3-5v-coaxial#breadcrumb\"},\"inLanguage\":\"es\",\"potentialAction\":[{\"@type\":\"ReadAction\",\"target\":[\"https:\/\/buscoequipomedico.com\/?product=oftalmoscopio-halogeno-de-3-5v-coaxial\"]}]},{\"@type\":\"ImageObject\",\"inLanguage\":\"es\",\"@id\":\"https:\/\/buscoequipomedico.com\/?product=oftalmoscopio-halogeno-de-3-5v-coaxial#primaryimage\",\"url\":\"https:\/\/buscoequipomedico.com\/wp-content\/uploads\/2020\/02\/oftalmoscopio-halogeno-de-35v-coaxial-oftalmoscopio-coaxial-de-35-v-el-sistema-de-vision-coaxial-welch-allyn-patentado-facilita.jpg\",\"contentUrl\":\"https:\/\/buscoequipomedico.com\/wp-content\/uploads\/2020\/02\/oftalmoscopio-halogeno-de-35v-coaxial-oftalmoscopio-coaxial-de-35-v-el-sistema-de-vision-coaxial-welch-allyn-patentado-facilita.jpg\",\"width\":800,\"height\":800},{\"@type\":\"BreadcrumbList\",\"@id\":\"https:\/\/buscoequipomedico.com\/?product=oftalmoscopio-halogeno-de-3-5v-coaxial#breadcrumb\",\"itemListElement\":[{\"@type\":\"ListItem\",\"position\":1,\"name\":\"Productos\",\"item\":\"https:\/\/buscoequipomedico.com\/shop\/\"},{\"@type\":\"ListItem\",\"position\":2,\"name\":\"OFTALMOSCOPIO HALOGENO DE 3.5v Coaxial\"}]},{\"@type\":\"WebSite\",\"@id\":\"https:\/\/buscoequipomedico.com\/#website\",\"url\":\"https:\/\/buscoequipomedico.com\/\",\"name\":\"Tu mejor opci\u00f3n Equipo M\u00e9dico M\u00e9xico\",\"description\":\"Tienda de equipo m\u00e9dico\",\"publisher\":{\"@id\":\"https:\/\/buscoequipomedico.com\/#organization\"},\"potentialAction\":[{\"@type\":\"SearchAction\",\"target\":{\"@type\":\"EntryPoint\",\"urlTemplate\":\"https:\/\/buscoequipomedico.com\/?s={search_term_string}\"},\"query-input\":{\"@type\":\"PropertyValueSpecification\",\"valueRequired\":true,\"valueName\":\"search_term_string\"}}],\"inLanguage\":\"es\"},{\"@type\":\"Organization\",\"@id\":\"https:\/\/buscoequipomedico.com\/#organization\",\"name\":\"Tu mejor opci\u00f3n Equipo M\u00e9dico M\u00e9xico\",\"url\":\"https:\/\/buscoequipomedico.com\/\",\"logo\":{\"@type\":\"ImageObject\",\"inLanguage\":\"es\",\"@id\":\"https:\/\/buscoequipomedico.com\/#\/schema\/logo\/image\/\",\"url\":\"https:\/\/buscoequipomedico.com\/wp-content\/uploads\/2021\/07\/EMM-VPrincipal-scaled.jpg\",\"contentUrl\":\"https:\/\/buscoequipomedico.com\/wp-content\/uploads\/2021\/07\/EMM-VPrincipal-scaled.jpg\",\"width\":2560,\"height\":1058,\"caption\":\"Tu mejor opci\u00f3n Equipo M\u00e9dico M\u00e9xico\"},\"image\":{\"@id\":\"https:\/\/buscoequipomedico.com\/#\/schema\/logo\/image\/\"}}]}<\/script>\n<!-- \/ Yoast SEO plugin. -->","yoast_head_json":{"title":"OFTALMOSCOPIO HALOGENO DE 3.5v Coaxial - Tu mejor opci\u00f3n Equipo M\u00e9dico M\u00e9xico","robots":{"index":"index","follow":"follow","max-snippet":"max-snippet:-1","max-image-preview":"max-image-preview:large","max-video-preview":"max-video-preview:-1"},"canonical":"https:\/\/buscoequipomedico.com\/?product=oftalmoscopio-halogeno-de-3-5v-coaxial","og_locale":"es_ES","og_type":"article","og_title":"OFTALMOSCOPIO HALOGENO DE 3.5v Coaxial - Tu mejor opci\u00f3n Equipo M\u00e9dico M\u00e9xico","og_description":"OFTALMOSCOPIO COAXIAL DE 3,5 V El sistema de visi\u00f3n Coaxial Welch Allyn patentado facilita la oftalmoscopia al permitir una entrada m\u00e1s f\u00e1cil en el ojo, un campo de visi\u00f3n m\u00e1s amplio y reducci\u00f3n del resplandor en comparaci\u00f3n con los oftalmoscopios est\u00e1ndar.","og_url":"https:\/\/buscoequipomedico.com\/?product=oftalmoscopio-halogeno-de-3-5v-coaxial","og_site_name":"Tu mejor opci\u00f3n Equipo M\u00e9dico M\u00e9xico","article_modified_time":"2020-02-18T07:36:50+00:00","og_image":[{"width":800,"height":800,"url":"https:\/\/buscoequipomedico.com\/wp-content\/uploads\/2020\/02\/oftalmoscopio-halogeno-de-35v-coaxial-oftalmoscopio-coaxial-de-35-v-el-sistema-de-vision-coaxial-welch-allyn-patentado-facilita.jpg","type":"image\/jpeg"}],"twitter_card":"summary_large_image","twitter_misc":{"Tiempo de lectura":"1 minuto"},"schema":{"@context":"https:\/\/schema.org","@graph":[{"@type":"WebPage","@id":"https:\/\/buscoequipomedico.com\/?product=oftalmoscopio-halogeno-de-3-5v-coaxial","url":"https:\/\/buscoequipomedico.com\/?product=oftalmoscopio-halogeno-de-3-5v-coaxial","name":"OFTALMOSCOPIO HALOGENO DE 3.5v Coaxial - Tu mejor opci\u00f3n Equipo M\u00e9dico M\u00e9xico","isPartOf":{"@id":"https:\/\/buscoequipomedico.com\/#website"},"primaryImageOfPage":{"@id":"https:\/\/buscoequipomedico.com\/?product=oftalmoscopio-halogeno-de-3-5v-coaxial#primaryimage"},"image":{"@id":"https:\/\/buscoequipomedico.com\/?product=oftalmoscopio-halogeno-de-3-5v-coaxial#primaryimage"},"thumbnailUrl":"https:\/\/buscoequipomedico.com\/wp-content\/uploads\/2020\/02\/oftalmoscopio-halogeno-de-35v-coaxial-oftalmoscopio-coaxial-de-35-v-el-sistema-de-vision-coaxial-welch-allyn-patentado-facilita.jpg","datePublished":"2020-02-18T07:36:48+00:00","dateModified":"2020-02-18T07:36:50+00:00","breadcrumb":{"@id":"https:\/\/buscoequipomedico.com\/?product=oftalmoscopio-halogeno-de-3-5v-coaxial#breadcrumb"},"inLanguage":"es","potentialAction":[{"@type":"ReadAction","target":["https:\/\/buscoequipomedico.com\/?product=oftalmoscopio-halogeno-de-3-5v-coaxial"]}]},{"@type":"ImageObject","inLanguage":"es","@id":"https:\/\/buscoequipomedico.com\/?product=oftalmoscopio-halogeno-de-3-5v-coaxial#primaryimage","url":"https:\/\/buscoequipomedico.com\/wp-content\/uploads\/2020\/02\/oftalmoscopio-halogeno-de-35v-coaxial-oftalmoscopio-coaxial-de-35-v-el-sistema-de-vision-coaxial-welch-allyn-patentado-facilita.jpg","contentUrl":"https:\/\/buscoequipomedico.com\/wp-content\/uploads\/2020\/02\/oftalmoscopio-halogeno-de-35v-coaxial-oftalmoscopio-coaxial-de-35-v-el-sistema-de-vision-coaxial-welch-allyn-patentado-facilita.jpg","width":800,"height":800},{"@type":"BreadcrumbList","@id":"https:\/\/buscoequipomedico.com\/?product=oftalmoscopio-halogeno-de-3-5v-coaxial#breadcrumb","itemListElement":[{"@type":"ListItem","position":1,"name":"Productos","item":"https:\/\/buscoequipomedico.com\/shop\/"},{"@type":"ListItem","position":2,"name":"OFTALMOSCOPIO HALOGENO DE 3.5v Coaxial"}]},{"@type":"WebSite","@id":"https:\/\/buscoequipomedico.com\/#website","url":"https:\/\/buscoequipomedico.com\/","name":"Tu mejor opci\u00f3n Equipo M\u00e9dico M\u00e9xico","description":"Tienda de equipo m\u00e9dico","publisher":{"@id":"https:\/\/buscoequipomedico.com\/#organization"},"potentialAction":[{"@type":"SearchAction","target":{"@type":"EntryPoint","urlTemplate":"https:\/\/buscoequipomedico.com\/?s={search_term_string}"},"query-input":{"@type":"PropertyValueSpecification","valueRequired":true,"valueName":"search_term_string"}}],"inLanguage":"es"},{"@type":"Organization","@id":"https:\/\/buscoequipomedico.com\/#organization","name":"Tu mejor opci\u00f3n Equipo M\u00e9dico M\u00e9xico","url":"https:\/\/buscoequipomedico.com\/","logo":{"@type":"ImageObject","inLanguage":"es","@id":"https:\/\/buscoequipomedico.com\/#\/schema\/logo\/image\/","url":"https:\/\/buscoequipomedico.com\/wp-content\/uploads\/2021\/07\/EMM-VPrincipal-scaled.jpg","contentUrl":"https:\/\/buscoequipomedico.com\/wp-content\/uploads\/2021\/07\/EMM-VPrincipal-scaled.jpg","width":2560,"height":1058,"caption":"Tu mejor opci\u00f3n Equipo M\u00e9dico M\u00e9xico"},"image":{"@id":"https:\/\/buscoequipomedico.com\/#\/schema\/logo\/image\/"}}]}},"_links":{"self":[{"href":"https:\/\/buscoequipomedico.com\/index.php?rest_route=\/wp\/v2\/product\/11293","targetHints":{"allow":["GET"]}}],"collection":[{"href":"https:\/\/buscoequipomedico.com\/index.php?rest_route=\/wp\/v2\/product"}],"about":[{"href":"https:\/\/buscoequipomedico.com\/index.php?rest_route=\/wp\/v2\/types\/product"}],"wp:featuredmedia":[{"embeddable":true,"href":"https:\/\/buscoequipomedico.com\/index.php?rest_route=\/wp\/v2\/media\/12992"}],"wp:attachment":[{"href":"https:\/\/buscoequipomedico.com\/index.php?rest_route=%2Fwp%2Fv2%2Fmedia&parent=11293"}],"wp:term":[{"taxonomy":"product_brand","embeddable":true,"href":"https:\/\/buscoequipomedico.com\/index.php?rest_route=%2Fwp%2Fv2%2Fproduct_brand&post=11293"},{"taxonomy":"product_cat","embeddable":true,"href":"https:\/\/buscoequipomedico.com\/index.php?rest_route=%2Fwp%2Fv2%2Fproduct_cat&post=11293"},{"taxonomy":"product_tag","embeddable":true,"href":"https:\/\/buscoequipomedico.com\/index.php?rest_route=%2Fwp%2Fv2%2Fproduct_tag&post=11293"}],"curies":[{"name":"wp","href":"https:\/\/api.w.org\/{rel}","templated":true}]}}