{"id":11305,"date":"2020-02-18T07:32:26","date_gmt":"2020-02-18T07:32:26","guid":{"rendered":"https:\/\/equipomedicomexico-com.preview-domain.com\/product\/esfigmo-aneroide-durashock-serie-gold-c-3-brazaletes\/"},"modified":"2020-02-18T07:32:26","modified_gmt":"2020-02-18T07:32:26","slug":"esfigmo-aneroide-durashock-serie-gold-c-3-brazaletes","status":"publish","type":"product","link":"https:\/\/buscoequipomedico.com\/?product=esfigmo-aneroide-durashock-serie-gold-c-3-brazaletes","title":{"rendered":"ESFIGMO ANEROIDE DURASHOCK SERIE GOLD C\/3 BRAZALETES"},"content":{"rendered":"<p>Mantenga la precisi\u00f3n de las lecturas de la presi\u00f3n arterial con un menor costo a largo plazo gracias a la tecnolog\u00eda DuraShock? sin engranajes, la primera gran innovaci\u00f3n en tecnolog\u00eda aneroide en pr\u00e1cticamente 100 a\u00f1os. El DS66, que forma parte de nuestra serie Oro, cuenta con un innovador dise\u00f1o de disparador para facilitar su uso.<\/p>\n<ul>\n<li>Resistente a golpes (para mantener la precisi\u00f3n con un menor costo a largo plazo): puede resistir una ca\u00edda de hasta 30\u00b4\u00b4 y mantenerse calibrado.<\/li>\n<li>Agarre suave y c\u00f3modo.<\/li>\n<li>Mecanismo de joyas sint\u00e9ticas para una mayor durabilidad del dispositivo de medici\u00f3n.<\/li>\n<li>Car\u00e1tula grabada con l\u00e1ser para mayor precisi\u00f3n.<\/li>\n<li>V\u00e1lvula disparadora de desinsuflaci\u00f3n que permite una operaci\u00f3n sin problemas con un solo dedo.<\/li>\n<li>Garant\u00eda de calibraci\u00f3n de 15 a\u00f1os.<\/li>\n<li>M\u00e1s liviano que los modelos tradicionales: no pesar\u00e1 en su bolsillo.<\/li>\n<li>Libre de l\u00e1tex.<\/li>\n<\/ul>\n","protected":false},"excerpt":{"rendered":"<h1>SET DE TENSI\u00d3METRO Y BRAZALETES M\u00daLTIPLES FLEXIPORT\u00ae, BRAZALETES DE UNA PIEZA PEDI\u00c1TRICO CON DISE\u00d1O INFANTIL, PARA ADULTO PEQUE\u00d1O, ADULTO Y ADULTO GRANDE CON ESTUCHE FLEXIBLE<\/h1>\n","protected":false},"featured_media":11306,"template":"","meta":{"_joinchat":[]},"product_brand":[],"product_cat":[194],"product_tag":[],"class_list":{"0":"post-11305","1":"product","2":"type-product","3":"status-publish","4":"has-post-thumbnail","6":"product_cat-baumanometros","8":"first","9":"instock","10":"purchasable","11":"product-type-simple"},"yoast_head":"<!-- This site is optimized with the Yoast SEO plugin v25.1 - https:\/\/yoast.com\/wordpress\/plugins\/seo\/ -->\n<title>ESFIGMO ANEROIDE DURASHOCK SERIE GOLD C\/3 BRAZALETES - Tu mejor opci\u00f3n Equipo M\u00e9dico M\u00e9xico<\/title>\n<meta name=\"robots\" content=\"index, follow, max-snippet:-1, max-image-preview:large, max-video-preview:-1\" \/>\n<link rel=\"canonical\" href=\"https:\/\/buscoequipomedico.com\/?product=esfigmo-aneroide-durashock-serie-gold-c-3-brazaletes\" \/>\n<meta property=\"og:locale\" content=\"es_ES\" \/>\n<meta property=\"og:type\" content=\"article\" \/>\n<meta property=\"og:title\" content=\"ESFIGMO ANEROIDE DURASHOCK SERIE GOLD C\/3 BRAZALETES - Tu mejor opci\u00f3n Equipo M\u00e9dico M\u00e9xico\" \/>\n<meta property=\"og:description\" content=\"SET DE TENSI\u00d3METRO Y BRAZALETES M\u00daLTIPLES FLEXIPORT\u00ae, BRAZALETES DE UNA PIEZA PEDI\u00c1TRICO CON DISE\u00d1O INFANTIL, PARA ADULTO PEQUE\u00d1O, ADULTO Y ADULTO GRANDE CON ESTUCHE FLEXIBLE\" \/>\n<meta property=\"og:url\" content=\"https:\/\/buscoequipomedico.com\/?product=esfigmo-aneroide-durashock-serie-gold-c-3-brazaletes\" \/>\n<meta property=\"og:site_name\" content=\"Tu mejor opci\u00f3n Equipo M\u00e9dico M\u00e9xico\" \/>\n<meta property=\"og:image\" content=\"https:\/\/buscoequipomedico.com\/wp-content\/uploads\/2020\/02\/esfigmo-aneroide-durashock-serie-gold-c-3-brazaletes-set-de-tensiometro-y-brazaletes-multiples-flexiportr-brazaletes-de-una-piez.jpg\" \/>\n\t<meta property=\"og:image:width\" content=\"800\" \/>\n\t<meta property=\"og:image:height\" content=\"800\" \/>\n\t<meta property=\"og:image:type\" content=\"image\/jpeg\" \/>\n<meta name=\"twitter:card\" content=\"summary_large_image\" \/>\n<meta name=\"twitter:label1\" content=\"Tiempo de lectura\" \/>\n\t<meta name=\"twitter:data1\" content=\"1 minuto\" \/>\n<script type=\"application\/ld+json\" class=\"yoast-schema-graph\">{\"@context\":\"https:\/\/schema.org\",\"@graph\":[{\"@type\":\"WebPage\",\"@id\":\"https:\/\/buscoequipomedico.com\/?product=esfigmo-aneroide-durashock-serie-gold-c-3-brazaletes\",\"url\":\"https:\/\/buscoequipomedico.com\/?product=esfigmo-aneroide-durashock-serie-gold-c-3-brazaletes\",\"name\":\"ESFIGMO ANEROIDE DURASHOCK SERIE GOLD C\/3 BRAZALETES - Tu mejor opci\u00f3n Equipo M\u00e9dico M\u00e9xico\",\"isPartOf\":{\"@id\":\"https:\/\/buscoequipomedico.com\/#website\"},\"primaryImageOfPage\":{\"@id\":\"https:\/\/buscoequipomedico.com\/?product=esfigmo-aneroide-durashock-serie-gold-c-3-brazaletes#primaryimage\"},\"image\":{\"@id\":\"https:\/\/buscoequipomedico.com\/?product=esfigmo-aneroide-durashock-serie-gold-c-3-brazaletes#primaryimage\"},\"thumbnailUrl\":\"https:\/\/buscoequipomedico.com\/wp-content\/uploads\/2020\/02\/esfigmo-aneroide-durashock-serie-gold-c-3-brazaletes-set-de-tensiometro-y-brazaletes-multiples-flexiportr-brazaletes-de-una-piez.jpg\",\"datePublished\":\"2020-02-18T07:32:26+00:00\",\"breadcrumb\":{\"@id\":\"https:\/\/buscoequipomedico.com\/?product=esfigmo-aneroide-durashock-serie-gold-c-3-brazaletes#breadcrumb\"},\"inLanguage\":\"es\",\"potentialAction\":[{\"@type\":\"ReadAction\",\"target\":[\"https:\/\/buscoequipomedico.com\/?product=esfigmo-aneroide-durashock-serie-gold-c-3-brazaletes\"]}]},{\"@type\":\"ImageObject\",\"inLanguage\":\"es\",\"@id\":\"https:\/\/buscoequipomedico.com\/?product=esfigmo-aneroide-durashock-serie-gold-c-3-brazaletes#primaryimage\",\"url\":\"https:\/\/buscoequipomedico.com\/wp-content\/uploads\/2020\/02\/esfigmo-aneroide-durashock-serie-gold-c-3-brazaletes-set-de-tensiometro-y-brazaletes-multiples-flexiportr-brazaletes-de-una-piez.jpg\",\"contentUrl\":\"https:\/\/buscoequipomedico.com\/wp-content\/uploads\/2020\/02\/esfigmo-aneroide-durashock-serie-gold-c-3-brazaletes-set-de-tensiometro-y-brazaletes-multiples-flexiportr-brazaletes-de-una-piez.jpg\",\"width\":800,\"height\":800},{\"@type\":\"BreadcrumbList\",\"@id\":\"https:\/\/buscoequipomedico.com\/?product=esfigmo-aneroide-durashock-serie-gold-c-3-brazaletes#breadcrumb\",\"itemListElement\":[{\"@type\":\"ListItem\",\"position\":1,\"name\":\"Productos\",\"item\":\"https:\/\/buscoequipomedico.com\/shop\/\"},{\"@type\":\"ListItem\",\"position\":2,\"name\":\"ESFIGMO ANEROIDE DURASHOCK SERIE GOLD C\/3 BRAZALETES\"}]},{\"@type\":\"WebSite\",\"@id\":\"https:\/\/buscoequipomedico.com\/#website\",\"url\":\"https:\/\/buscoequipomedico.com\/\",\"name\":\"Tu mejor opci\u00f3n Equipo M\u00e9dico M\u00e9xico\",\"description\":\"Tienda de equipo m\u00e9dico\",\"publisher\":{\"@id\":\"https:\/\/buscoequipomedico.com\/#organization\"},\"potentialAction\":[{\"@type\":\"SearchAction\",\"target\":{\"@type\":\"EntryPoint\",\"urlTemplate\":\"https:\/\/buscoequipomedico.com\/?s={search_term_string}\"},\"query-input\":{\"@type\":\"PropertyValueSpecification\",\"valueRequired\":true,\"valueName\":\"search_term_string\"}}],\"inLanguage\":\"es\"},{\"@type\":\"Organization\",\"@id\":\"https:\/\/buscoequipomedico.com\/#organization\",\"name\":\"Tu mejor opci\u00f3n Equipo M\u00e9dico M\u00e9xico\",\"url\":\"https:\/\/buscoequipomedico.com\/\",\"logo\":{\"@type\":\"ImageObject\",\"inLanguage\":\"es\",\"@id\":\"https:\/\/buscoequipomedico.com\/#\/schema\/logo\/image\/\",\"url\":\"https:\/\/buscoequipomedico.com\/wp-content\/uploads\/2021\/07\/EMM-VPrincipal-scaled.jpg\",\"contentUrl\":\"https:\/\/buscoequipomedico.com\/wp-content\/uploads\/2021\/07\/EMM-VPrincipal-scaled.jpg\",\"width\":2560,\"height\":1058,\"caption\":\"Tu mejor opci\u00f3n Equipo M\u00e9dico M\u00e9xico\"},\"image\":{\"@id\":\"https:\/\/buscoequipomedico.com\/#\/schema\/logo\/image\/\"}}]}<\/script>\n<!-- \/ Yoast SEO plugin. -->","yoast_head_json":{"title":"ESFIGMO ANEROIDE DURASHOCK SERIE GOLD C\/3 BRAZALETES - Tu mejor opci\u00f3n Equipo M\u00e9dico M\u00e9xico","robots":{"index":"index","follow":"follow","max-snippet":"max-snippet:-1","max-image-preview":"max-image-preview:large","max-video-preview":"max-video-preview:-1"},"canonical":"https:\/\/buscoequipomedico.com\/?product=esfigmo-aneroide-durashock-serie-gold-c-3-brazaletes","og_locale":"es_ES","og_type":"article","og_title":"ESFIGMO ANEROIDE DURASHOCK SERIE GOLD C\/3 BRAZALETES - Tu mejor opci\u00f3n Equipo M\u00e9dico M\u00e9xico","og_description":"SET DE TENSI\u00d3METRO Y BRAZALETES M\u00daLTIPLES FLEXIPORT\u00ae, BRAZALETES DE UNA PIEZA PEDI\u00c1TRICO CON DISE\u00d1O INFANTIL, PARA ADULTO PEQUE\u00d1O, ADULTO Y ADULTO GRANDE CON ESTUCHE FLEXIBLE","og_url":"https:\/\/buscoequipomedico.com\/?product=esfigmo-aneroide-durashock-serie-gold-c-3-brazaletes","og_site_name":"Tu mejor opci\u00f3n Equipo M\u00e9dico M\u00e9xico","og_image":[{"width":800,"height":800,"url":"https:\/\/buscoequipomedico.com\/wp-content\/uploads\/2020\/02\/esfigmo-aneroide-durashock-serie-gold-c-3-brazaletes-set-de-tensiometro-y-brazaletes-multiples-flexiportr-brazaletes-de-una-piez.jpg","type":"image\/jpeg"}],"twitter_card":"summary_large_image","twitter_misc":{"Tiempo de lectura":"1 minuto"},"schema":{"@context":"https:\/\/schema.org","@graph":[{"@type":"WebPage","@id":"https:\/\/buscoequipomedico.com\/?product=esfigmo-aneroide-durashock-serie-gold-c-3-brazaletes","url":"https:\/\/buscoequipomedico.com\/?product=esfigmo-aneroide-durashock-serie-gold-c-3-brazaletes","name":"ESFIGMO ANEROIDE DURASHOCK SERIE GOLD C\/3 BRAZALETES - Tu mejor opci\u00f3n Equipo M\u00e9dico M\u00e9xico","isPartOf":{"@id":"https:\/\/buscoequipomedico.com\/#website"},"primaryImageOfPage":{"@id":"https:\/\/buscoequipomedico.com\/?product=esfigmo-aneroide-durashock-serie-gold-c-3-brazaletes#primaryimage"},"image":{"@id":"https:\/\/buscoequipomedico.com\/?product=esfigmo-aneroide-durashock-serie-gold-c-3-brazaletes#primaryimage"},"thumbnailUrl":"https:\/\/buscoequipomedico.com\/wp-content\/uploads\/2020\/02\/esfigmo-aneroide-durashock-serie-gold-c-3-brazaletes-set-de-tensiometro-y-brazaletes-multiples-flexiportr-brazaletes-de-una-piez.jpg","datePublished":"2020-02-18T07:32:26+00:00","breadcrumb":{"@id":"https:\/\/buscoequipomedico.com\/?product=esfigmo-aneroide-durashock-serie-gold-c-3-brazaletes#breadcrumb"},"inLanguage":"es","potentialAction":[{"@type":"ReadAction","target":["https:\/\/buscoequipomedico.com\/?product=esfigmo-aneroide-durashock-serie-gold-c-3-brazaletes"]}]},{"@type":"ImageObject","inLanguage":"es","@id":"https:\/\/buscoequipomedico.com\/?product=esfigmo-aneroide-durashock-serie-gold-c-3-brazaletes#primaryimage","url":"https:\/\/buscoequipomedico.com\/wp-content\/uploads\/2020\/02\/esfigmo-aneroide-durashock-serie-gold-c-3-brazaletes-set-de-tensiometro-y-brazaletes-multiples-flexiportr-brazaletes-de-una-piez.jpg","contentUrl":"https:\/\/buscoequipomedico.com\/wp-content\/uploads\/2020\/02\/esfigmo-aneroide-durashock-serie-gold-c-3-brazaletes-set-de-tensiometro-y-brazaletes-multiples-flexiportr-brazaletes-de-una-piez.jpg","width":800,"height":800},{"@type":"BreadcrumbList","@id":"https:\/\/buscoequipomedico.com\/?product=esfigmo-aneroide-durashock-serie-gold-c-3-brazaletes#breadcrumb","itemListElement":[{"@type":"ListItem","position":1,"name":"Productos","item":"https:\/\/buscoequipomedico.com\/shop\/"},{"@type":"ListItem","position":2,"name":"ESFIGMO ANEROIDE DURASHOCK SERIE GOLD C\/3 BRAZALETES"}]},{"@type":"WebSite","@id":"https:\/\/buscoequipomedico.com\/#website","url":"https:\/\/buscoequipomedico.com\/","name":"Tu mejor opci\u00f3n Equipo M\u00e9dico M\u00e9xico","description":"Tienda de equipo m\u00e9dico","publisher":{"@id":"https:\/\/buscoequipomedico.com\/#organization"},"potentialAction":[{"@type":"SearchAction","target":{"@type":"EntryPoint","urlTemplate":"https:\/\/buscoequipomedico.com\/?s={search_term_string}"},"query-input":{"@type":"PropertyValueSpecification","valueRequired":true,"valueName":"search_term_string"}}],"inLanguage":"es"},{"@type":"Organization","@id":"https:\/\/buscoequipomedico.com\/#organization","name":"Tu mejor opci\u00f3n Equipo M\u00e9dico M\u00e9xico","url":"https:\/\/buscoequipomedico.com\/","logo":{"@type":"ImageObject","inLanguage":"es","@id":"https:\/\/buscoequipomedico.com\/#\/schema\/logo\/image\/","url":"https:\/\/buscoequipomedico.com\/wp-content\/uploads\/2021\/07\/EMM-VPrincipal-scaled.jpg","contentUrl":"https:\/\/buscoequipomedico.com\/wp-content\/uploads\/2021\/07\/EMM-VPrincipal-scaled.jpg","width":2560,"height":1058,"caption":"Tu mejor opci\u00f3n Equipo M\u00e9dico M\u00e9xico"},"image":{"@id":"https:\/\/buscoequipomedico.com\/#\/schema\/logo\/image\/"}}]}},"_links":{"self":[{"href":"https:\/\/buscoequipomedico.com\/index.php?rest_route=\/wp\/v2\/product\/11305","targetHints":{"allow":["GET"]}}],"collection":[{"href":"https:\/\/buscoequipomedico.com\/index.php?rest_route=\/wp\/v2\/product"}],"about":[{"href":"https:\/\/buscoequipomedico.com\/index.php?rest_route=\/wp\/v2\/types\/product"}],"wp:featuredmedia":[{"embeddable":true,"href":"https:\/\/buscoequipomedico.com\/index.php?rest_route=\/wp\/v2\/media\/11306"}],"wp:attachment":[{"href":"https:\/\/buscoequipomedico.com\/index.php?rest_route=%2Fwp%2Fv2%2Fmedia&parent=11305"}],"wp:term":[{"taxonomy":"product_brand","embeddable":true,"href":"https:\/\/buscoequipomedico.com\/index.php?rest_route=%2Fwp%2Fv2%2Fproduct_brand&post=11305"},{"taxonomy":"product_cat","embeddable":true,"href":"https:\/\/buscoequipomedico.com\/index.php?rest_route=%2Fwp%2Fv2%2Fproduct_cat&post=11305"},{"taxonomy":"product_tag","embeddable":true,"href":"https:\/\/buscoequipomedico.com\/index.php?rest_route=%2Fwp%2Fv2%2Fproduct_tag&post=11305"}],"curies":[{"name":"wp","href":"https:\/\/api.w.org\/{rel}","templated":true}]}}