{"id":11321,"date":"2020-02-18T07:32:26","date_gmt":"2020-02-18T07:32:26","guid":{"rendered":"https:\/\/equipomedicomexico-com.preview-domain.com\/product\/brazalete-flexiport-desechable-10-caja-c-20\/"},"modified":"2020-02-18T07:32:29","modified_gmt":"2020-02-18T07:32:29","slug":"brazalete-flexiport-desechable-10-caja-c-20","status":"publish","type":"product","link":"https:\/\/buscoequipomedico.com\/?product=brazalete-flexiport-desechable-10-caja-c-20","title":{"rendered":"BRAZALETE FLEXIPORT DESECHABLE 10 CAJA C\/20"},"content":{"rendered":"<p>Eso Es Porque OFRECEMOS Pr\u00e1cticamente Todo tipo de manguito De Una Instituci\u00f3n PUEDE necesitar, junto con la Incapaz para simplificar el inventario de Como patentado Otro ning\u00fan Proveedor de brazalete con Nuestra Conexi\u00f3n FlexiPort.<\/p>\n<ul>\n<li>Cada Manguito Puede Ser utilizado Como un manguito de uno o dos tubos de Gracias a la Tecnolog\u00eda patentada FlexiPort<\/li>\n<li>Cada Tama\u00f1o del manguito, de peque\u00f1o Beb\u00e9 a Trav\u00e9s de los pu\u00f1os del muslo<\/li>\n<li>Choose Entre CUALQUIERA de tela suave o vinilo para adaptarse a las preferencias de nadie<\/li>\n<li>C\u00f3digo de colores Para Una R\u00e1pida Selecci\u00f3n, Precisa del Tama\u00f1o del manguito Correcta<\/li>\n<li>Puerto Giratorio ONU Reducir el estr\u00e9s de la ONU ONU tubo de manguito y el puerto, Lo Que Mejora la COMODIDAD del Paciente y la Durabilidad del manguito<\/li>\n<li>Cumple Con todas las \u00daltimas Gu\u00edas Cl\u00ednicas Para El fit apropiado de la AAMI y AHA<\/li>\n<\/ul>\n","protected":false},"excerpt":{"rendered":"<p>Conscientes arteriales Welch Allyn FlexiPort manguitos de Presi\u00f3n Desechables Hijo La Mejor Opci\u00f3n Para El Control De Infecciones Hospitales y Cl\u00ednicas De Todo El Mundo.\u00a0<\/p>\n","protected":false},"featured_media":11322,"template":"","meta":{"_joinchat":[]},"product_brand":[],"product_cat":[194],"product_tag":[],"class_list":{"0":"post-11321","1":"product","2":"type-product","3":"status-publish","4":"has-post-thumbnail","6":"product_cat-baumanometros","8":"first","9":"instock","10":"purchasable","11":"product-type-simple"},"yoast_head":"<!-- This site is optimized with the Yoast SEO plugin v25.1 - https:\/\/yoast.com\/wordpress\/plugins\/seo\/ -->\n<title>BRAZALETE FLEXIPORT DESECHABLE 10 CAJA C\/20 - Tu mejor opci\u00f3n Equipo M\u00e9dico M\u00e9xico<\/title>\n<meta name=\"robots\" content=\"index, follow, max-snippet:-1, max-image-preview:large, max-video-preview:-1\" \/>\n<link rel=\"canonical\" href=\"https:\/\/buscoequipomedico.com\/?product=brazalete-flexiport-desechable-10-caja-c-20\" \/>\n<meta property=\"og:locale\" content=\"es_ES\" \/>\n<meta property=\"og:type\" content=\"article\" \/>\n<meta property=\"og:title\" content=\"BRAZALETE FLEXIPORT DESECHABLE 10 CAJA C\/20 - Tu mejor opci\u00f3n Equipo M\u00e9dico M\u00e9xico\" \/>\n<meta property=\"og:description\" content=\"Conscientes arteriales Welch Allyn FlexiPort manguitos de Presi\u00f3n Desechables Hijo La Mejor Opci\u00f3n Para El Control De Infecciones Hospitales y Cl\u00ednicas De Todo El Mundo.\u00a0\" \/>\n<meta property=\"og:url\" content=\"https:\/\/buscoequipomedico.com\/?product=brazalete-flexiport-desechable-10-caja-c-20\" \/>\n<meta property=\"og:site_name\" content=\"Tu mejor opci\u00f3n Equipo M\u00e9dico M\u00e9xico\" \/>\n<meta property=\"article:modified_time\" content=\"2020-02-18T07:32:29+00:00\" \/>\n<meta property=\"og:image\" content=\"https:\/\/buscoequipomedico.com\/wp-content\/uploads\/2020\/02\/brazalete-flexiport-desechable-10-caja-c-20-conscientes-arteriales-welch-allyn-flexiport-manguitos-de-presion-desechables-hijo-l.jpg\" \/>\n\t<meta property=\"og:image:width\" content=\"800\" \/>\n\t<meta property=\"og:image:height\" content=\"800\" \/>\n\t<meta property=\"og:image:type\" content=\"image\/jpeg\" \/>\n<meta name=\"twitter:card\" content=\"summary_large_image\" \/>\n<meta name=\"twitter:label1\" content=\"Tiempo de lectura\" \/>\n\t<meta name=\"twitter:data1\" content=\"1 minuto\" \/>\n<script type=\"application\/ld+json\" class=\"yoast-schema-graph\">{\"@context\":\"https:\/\/schema.org\",\"@graph\":[{\"@type\":\"WebPage\",\"@id\":\"https:\/\/buscoequipomedico.com\/?product=brazalete-flexiport-desechable-10-caja-c-20\",\"url\":\"https:\/\/buscoequipomedico.com\/?product=brazalete-flexiport-desechable-10-caja-c-20\",\"name\":\"BRAZALETE FLEXIPORT DESECHABLE 10 CAJA C\/20 - Tu mejor opci\u00f3n Equipo M\u00e9dico M\u00e9xico\",\"isPartOf\":{\"@id\":\"https:\/\/buscoequipomedico.com\/#website\"},\"primaryImageOfPage\":{\"@id\":\"https:\/\/buscoequipomedico.com\/?product=brazalete-flexiport-desechable-10-caja-c-20#primaryimage\"},\"image\":{\"@id\":\"https:\/\/buscoequipomedico.com\/?product=brazalete-flexiport-desechable-10-caja-c-20#primaryimage\"},\"thumbnailUrl\":\"https:\/\/buscoequipomedico.com\/wp-content\/uploads\/2020\/02\/brazalete-flexiport-desechable-10-caja-c-20-conscientes-arteriales-welch-allyn-flexiport-manguitos-de-presion-desechables-hijo-l.jpg\",\"datePublished\":\"2020-02-18T07:32:26+00:00\",\"dateModified\":\"2020-02-18T07:32:29+00:00\",\"breadcrumb\":{\"@id\":\"https:\/\/buscoequipomedico.com\/?product=brazalete-flexiport-desechable-10-caja-c-20#breadcrumb\"},\"inLanguage\":\"es\",\"potentialAction\":[{\"@type\":\"ReadAction\",\"target\":[\"https:\/\/buscoequipomedico.com\/?product=brazalete-flexiport-desechable-10-caja-c-20\"]}]},{\"@type\":\"ImageObject\",\"inLanguage\":\"es\",\"@id\":\"https:\/\/buscoequipomedico.com\/?product=brazalete-flexiport-desechable-10-caja-c-20#primaryimage\",\"url\":\"https:\/\/buscoequipomedico.com\/wp-content\/uploads\/2020\/02\/brazalete-flexiport-desechable-10-caja-c-20-conscientes-arteriales-welch-allyn-flexiport-manguitos-de-presion-desechables-hijo-l.jpg\",\"contentUrl\":\"https:\/\/buscoequipomedico.com\/wp-content\/uploads\/2020\/02\/brazalete-flexiport-desechable-10-caja-c-20-conscientes-arteriales-welch-allyn-flexiport-manguitos-de-presion-desechables-hijo-l.jpg\",\"width\":800,\"height\":800},{\"@type\":\"BreadcrumbList\",\"@id\":\"https:\/\/buscoequipomedico.com\/?product=brazalete-flexiport-desechable-10-caja-c-20#breadcrumb\",\"itemListElement\":[{\"@type\":\"ListItem\",\"position\":1,\"name\":\"Productos\",\"item\":\"https:\/\/buscoequipomedico.com\/shop\/\"},{\"@type\":\"ListItem\",\"position\":2,\"name\":\"BRAZALETE FLEXIPORT DESECHABLE 10 CAJA C\/20\"}]},{\"@type\":\"WebSite\",\"@id\":\"https:\/\/buscoequipomedico.com\/#website\",\"url\":\"https:\/\/buscoequipomedico.com\/\",\"name\":\"Tu mejor opci\u00f3n Equipo M\u00e9dico M\u00e9xico\",\"description\":\"Tienda de equipo m\u00e9dico\",\"publisher\":{\"@id\":\"https:\/\/buscoequipomedico.com\/#organization\"},\"potentialAction\":[{\"@type\":\"SearchAction\",\"target\":{\"@type\":\"EntryPoint\",\"urlTemplate\":\"https:\/\/buscoequipomedico.com\/?s={search_term_string}\"},\"query-input\":{\"@type\":\"PropertyValueSpecification\",\"valueRequired\":true,\"valueName\":\"search_term_string\"}}],\"inLanguage\":\"es\"},{\"@type\":\"Organization\",\"@id\":\"https:\/\/buscoequipomedico.com\/#organization\",\"name\":\"Tu mejor opci\u00f3n Equipo M\u00e9dico M\u00e9xico\",\"url\":\"https:\/\/buscoequipomedico.com\/\",\"logo\":{\"@type\":\"ImageObject\",\"inLanguage\":\"es\",\"@id\":\"https:\/\/buscoequipomedico.com\/#\/schema\/logo\/image\/\",\"url\":\"https:\/\/buscoequipomedico.com\/wp-content\/uploads\/2021\/07\/EMM-VPrincipal-scaled.jpg\",\"contentUrl\":\"https:\/\/buscoequipomedico.com\/wp-content\/uploads\/2021\/07\/EMM-VPrincipal-scaled.jpg\",\"width\":2560,\"height\":1058,\"caption\":\"Tu mejor opci\u00f3n Equipo M\u00e9dico M\u00e9xico\"},\"image\":{\"@id\":\"https:\/\/buscoequipomedico.com\/#\/schema\/logo\/image\/\"}}]}<\/script>\n<!-- \/ Yoast SEO plugin. -->","yoast_head_json":{"title":"BRAZALETE FLEXIPORT DESECHABLE 10 CAJA C\/20 - Tu mejor opci\u00f3n Equipo M\u00e9dico M\u00e9xico","robots":{"index":"index","follow":"follow","max-snippet":"max-snippet:-1","max-image-preview":"max-image-preview:large","max-video-preview":"max-video-preview:-1"},"canonical":"https:\/\/buscoequipomedico.com\/?product=brazalete-flexiport-desechable-10-caja-c-20","og_locale":"es_ES","og_type":"article","og_title":"BRAZALETE FLEXIPORT DESECHABLE 10 CAJA C\/20 - Tu mejor opci\u00f3n Equipo M\u00e9dico M\u00e9xico","og_description":"Conscientes arteriales Welch Allyn FlexiPort manguitos de Presi\u00f3n Desechables Hijo La Mejor Opci\u00f3n Para El Control De Infecciones Hospitales y Cl\u00ednicas De Todo El Mundo.\u00a0","og_url":"https:\/\/buscoequipomedico.com\/?product=brazalete-flexiport-desechable-10-caja-c-20","og_site_name":"Tu mejor opci\u00f3n Equipo M\u00e9dico M\u00e9xico","article_modified_time":"2020-02-18T07:32:29+00:00","og_image":[{"width":800,"height":800,"url":"https:\/\/buscoequipomedico.com\/wp-content\/uploads\/2020\/02\/brazalete-flexiport-desechable-10-caja-c-20-conscientes-arteriales-welch-allyn-flexiport-manguitos-de-presion-desechables-hijo-l.jpg","type":"image\/jpeg"}],"twitter_card":"summary_large_image","twitter_misc":{"Tiempo de lectura":"1 minuto"},"schema":{"@context":"https:\/\/schema.org","@graph":[{"@type":"WebPage","@id":"https:\/\/buscoequipomedico.com\/?product=brazalete-flexiport-desechable-10-caja-c-20","url":"https:\/\/buscoequipomedico.com\/?product=brazalete-flexiport-desechable-10-caja-c-20","name":"BRAZALETE FLEXIPORT DESECHABLE 10 CAJA C\/20 - Tu mejor opci\u00f3n Equipo M\u00e9dico M\u00e9xico","isPartOf":{"@id":"https:\/\/buscoequipomedico.com\/#website"},"primaryImageOfPage":{"@id":"https:\/\/buscoequipomedico.com\/?product=brazalete-flexiport-desechable-10-caja-c-20#primaryimage"},"image":{"@id":"https:\/\/buscoequipomedico.com\/?product=brazalete-flexiport-desechable-10-caja-c-20#primaryimage"},"thumbnailUrl":"https:\/\/buscoequipomedico.com\/wp-content\/uploads\/2020\/02\/brazalete-flexiport-desechable-10-caja-c-20-conscientes-arteriales-welch-allyn-flexiport-manguitos-de-presion-desechables-hijo-l.jpg","datePublished":"2020-02-18T07:32:26+00:00","dateModified":"2020-02-18T07:32:29+00:00","breadcrumb":{"@id":"https:\/\/buscoequipomedico.com\/?product=brazalete-flexiport-desechable-10-caja-c-20#breadcrumb"},"inLanguage":"es","potentialAction":[{"@type":"ReadAction","target":["https:\/\/buscoequipomedico.com\/?product=brazalete-flexiport-desechable-10-caja-c-20"]}]},{"@type":"ImageObject","inLanguage":"es","@id":"https:\/\/buscoequipomedico.com\/?product=brazalete-flexiport-desechable-10-caja-c-20#primaryimage","url":"https:\/\/buscoequipomedico.com\/wp-content\/uploads\/2020\/02\/brazalete-flexiport-desechable-10-caja-c-20-conscientes-arteriales-welch-allyn-flexiport-manguitos-de-presion-desechables-hijo-l.jpg","contentUrl":"https:\/\/buscoequipomedico.com\/wp-content\/uploads\/2020\/02\/brazalete-flexiport-desechable-10-caja-c-20-conscientes-arteriales-welch-allyn-flexiport-manguitos-de-presion-desechables-hijo-l.jpg","width":800,"height":800},{"@type":"BreadcrumbList","@id":"https:\/\/buscoequipomedico.com\/?product=brazalete-flexiport-desechable-10-caja-c-20#breadcrumb","itemListElement":[{"@type":"ListItem","position":1,"name":"Productos","item":"https:\/\/buscoequipomedico.com\/shop\/"},{"@type":"ListItem","position":2,"name":"BRAZALETE FLEXIPORT DESECHABLE 10 CAJA C\/20"}]},{"@type":"WebSite","@id":"https:\/\/buscoequipomedico.com\/#website","url":"https:\/\/buscoequipomedico.com\/","name":"Tu mejor opci\u00f3n Equipo M\u00e9dico M\u00e9xico","description":"Tienda de equipo m\u00e9dico","publisher":{"@id":"https:\/\/buscoequipomedico.com\/#organization"},"potentialAction":[{"@type":"SearchAction","target":{"@type":"EntryPoint","urlTemplate":"https:\/\/buscoequipomedico.com\/?s={search_term_string}"},"query-input":{"@type":"PropertyValueSpecification","valueRequired":true,"valueName":"search_term_string"}}],"inLanguage":"es"},{"@type":"Organization","@id":"https:\/\/buscoequipomedico.com\/#organization","name":"Tu mejor opci\u00f3n Equipo M\u00e9dico M\u00e9xico","url":"https:\/\/buscoequipomedico.com\/","logo":{"@type":"ImageObject","inLanguage":"es","@id":"https:\/\/buscoequipomedico.com\/#\/schema\/logo\/image\/","url":"https:\/\/buscoequipomedico.com\/wp-content\/uploads\/2021\/07\/EMM-VPrincipal-scaled.jpg","contentUrl":"https:\/\/buscoequipomedico.com\/wp-content\/uploads\/2021\/07\/EMM-VPrincipal-scaled.jpg","width":2560,"height":1058,"caption":"Tu mejor opci\u00f3n Equipo M\u00e9dico M\u00e9xico"},"image":{"@id":"https:\/\/buscoequipomedico.com\/#\/schema\/logo\/image\/"}}]}},"_links":{"self":[{"href":"https:\/\/buscoequipomedico.com\/index.php?rest_route=\/wp\/v2\/product\/11321","targetHints":{"allow":["GET"]}}],"collection":[{"href":"https:\/\/buscoequipomedico.com\/index.php?rest_route=\/wp\/v2\/product"}],"about":[{"href":"https:\/\/buscoequipomedico.com\/index.php?rest_route=\/wp\/v2\/types\/product"}],"wp:featuredmedia":[{"embeddable":true,"href":"https:\/\/buscoequipomedico.com\/index.php?rest_route=\/wp\/v2\/media\/11322"}],"wp:attachment":[{"href":"https:\/\/buscoequipomedico.com\/index.php?rest_route=%2Fwp%2Fv2%2Fmedia&parent=11321"}],"wp:term":[{"taxonomy":"product_brand","embeddable":true,"href":"https:\/\/buscoequipomedico.com\/index.php?rest_route=%2Fwp%2Fv2%2Fproduct_brand&post=11321"},{"taxonomy":"product_cat","embeddable":true,"href":"https:\/\/buscoequipomedico.com\/index.php?rest_route=%2Fwp%2Fv2%2Fproduct_cat&post=11321"},{"taxonomy":"product_tag","embeddable":true,"href":"https:\/\/buscoequipomedico.com\/index.php?rest_route=%2Fwp%2Fv2%2Fproduct_tag&post=11321"}],"curies":[{"name":"wp","href":"https:\/\/api.w.org\/{rel}","templated":true}]}}