{"id":11357,"date":"2020-02-18T07:32:32","date_gmt":"2020-02-18T07:32:32","guid":{"rendered":"https:\/\/equipomedicomexico-com.preview-domain.com\/product\/esfigmo-aneroide-de-pedestal-welch-allyn\/"},"modified":"2020-02-18T07:32:34","modified_gmt":"2020-02-18T07:32:34","slug":"esfigmo-aneroide-de-pedestal-welch-allyn","status":"publish","type":"product","link":"https:\/\/buscoequipomedico.com\/?product=esfigmo-aneroide-de-pedestal-welch-allyn","title":{"rendered":"ESFIGMO ANEROIDE DE PEDESTAL WELCH ALLYN"},"content":{"rendered":"<p>Su dise\u00f1o ergon\u00f3mico y moderno hacen que el tensi\u00f3metro aneroide 767 sea atractivo y f\u00e1cil de usar. La experiencia de casi un siglo de Welch Allyn en el desarrollo y el dise\u00f1o de tecnolog\u00eda innovadora relacionada con la presi\u00f3n arterial le convierte en la mejor opci\u00f3n para lograr las lecturas m\u00e1s confiables y precisas en su centro de atenci\u00f3n m\u00e9dica.<\/p>\n<ul>\n<li>Car\u00e1tula grabada con l\u00e1ser proporciona mayor exactitud.<\/li>\n<li>La car\u00e1tula c\u00f3ncava y la aguja roja de alto contraste aumentan la visibilidad y reducen los errores de paralaje.<\/li>\n<li>El nuevo pedestal m\u00f3vil de 5 patas proporciona mejor estabilidad y maniobrabilidad.<\/li>\n<li>Garant\u00eda de calibraci\u00f3n de por vida.<\/li>\n<li>Simples cambios de color proporcionan al dispositivo aneroide un nuevo aspecto.<\/li>\n<li>Libre de mercurio.<\/li>\n<li>Libre de l\u00e1tex.<\/li>\n<\/ul>\n","protected":false},"excerpt":{"rendered":"<h1>ESFIGMO ANEROIDE 767 CON PEDESTAL M\u00d3VIL Y BRAZALETE REUSABLE FLEXIPORT, ADULTO<\/h1>\n","protected":false},"featured_media":11358,"template":"","meta":{"_joinchat":[]},"product_brand":[],"product_cat":[194],"product_tag":[],"class_list":{"0":"post-11357","1":"product","2":"type-product","3":"status-publish","4":"has-post-thumbnail","6":"product_cat-baumanometros","8":"first","9":"instock","10":"purchasable","11":"product-type-simple"},"yoast_head":"<!-- This site is optimized with the Yoast SEO plugin v25.1 - https:\/\/yoast.com\/wordpress\/plugins\/seo\/ -->\n<title>ESFIGMO ANEROIDE DE PEDESTAL WELCH ALLYN - Tu mejor opci\u00f3n Equipo M\u00e9dico M\u00e9xico<\/title>\n<meta name=\"robots\" content=\"index, follow, max-snippet:-1, max-image-preview:large, max-video-preview:-1\" \/>\n<link rel=\"canonical\" href=\"https:\/\/buscoequipomedico.com\/?product=esfigmo-aneroide-de-pedestal-welch-allyn\" \/>\n<meta property=\"og:locale\" content=\"es_ES\" \/>\n<meta property=\"og:type\" content=\"article\" \/>\n<meta property=\"og:title\" content=\"ESFIGMO ANEROIDE DE PEDESTAL WELCH ALLYN - Tu mejor opci\u00f3n Equipo M\u00e9dico M\u00e9xico\" \/>\n<meta property=\"og:description\" content=\"ESFIGMO ANEROIDE 767 CON PEDESTAL M\u00d3VIL Y BRAZALETE REUSABLE FLEXIPORT, ADULTO\" \/>\n<meta property=\"og:url\" content=\"https:\/\/buscoequipomedico.com\/?product=esfigmo-aneroide-de-pedestal-welch-allyn\" \/>\n<meta property=\"og:site_name\" content=\"Tu mejor opci\u00f3n Equipo M\u00e9dico M\u00e9xico\" \/>\n<meta property=\"article:modified_time\" content=\"2020-02-18T07:32:34+00:00\" \/>\n<meta property=\"og:image\" content=\"https:\/\/buscoequipomedico.com\/wp-content\/uploads\/2020\/02\/esfigmo-aneroide-de-pedestal-welch-allyn-esfigmo-aneroide-767-con-pedestal-movil-y-brazalete-reusable-flexiport-adulto.jpg\" \/>\n\t<meta property=\"og:image:width\" content=\"800\" \/>\n\t<meta property=\"og:image:height\" content=\"800\" \/>\n\t<meta property=\"og:image:type\" content=\"image\/jpeg\" \/>\n<meta name=\"twitter:card\" content=\"summary_large_image\" \/>\n<meta name=\"twitter:label1\" content=\"Tiempo de lectura\" \/>\n\t<meta name=\"twitter:data1\" content=\"1 minuto\" \/>\n<script type=\"application\/ld+json\" class=\"yoast-schema-graph\">{\"@context\":\"https:\/\/schema.org\",\"@graph\":[{\"@type\":\"WebPage\",\"@id\":\"https:\/\/buscoequipomedico.com\/?product=esfigmo-aneroide-de-pedestal-welch-allyn\",\"url\":\"https:\/\/buscoequipomedico.com\/?product=esfigmo-aneroide-de-pedestal-welch-allyn\",\"name\":\"ESFIGMO ANEROIDE DE PEDESTAL WELCH ALLYN - Tu mejor opci\u00f3n Equipo M\u00e9dico M\u00e9xico\",\"isPartOf\":{\"@id\":\"https:\/\/buscoequipomedico.com\/#website\"},\"primaryImageOfPage\":{\"@id\":\"https:\/\/buscoequipomedico.com\/?product=esfigmo-aneroide-de-pedestal-welch-allyn#primaryimage\"},\"image\":{\"@id\":\"https:\/\/buscoequipomedico.com\/?product=esfigmo-aneroide-de-pedestal-welch-allyn#primaryimage\"},\"thumbnailUrl\":\"https:\/\/buscoequipomedico.com\/wp-content\/uploads\/2020\/02\/esfigmo-aneroide-de-pedestal-welch-allyn-esfigmo-aneroide-767-con-pedestal-movil-y-brazalete-reusable-flexiport-adulto.jpg\",\"datePublished\":\"2020-02-18T07:32:32+00:00\",\"dateModified\":\"2020-02-18T07:32:34+00:00\",\"breadcrumb\":{\"@id\":\"https:\/\/buscoequipomedico.com\/?product=esfigmo-aneroide-de-pedestal-welch-allyn#breadcrumb\"},\"inLanguage\":\"es\",\"potentialAction\":[{\"@type\":\"ReadAction\",\"target\":[\"https:\/\/buscoequipomedico.com\/?product=esfigmo-aneroide-de-pedestal-welch-allyn\"]}]},{\"@type\":\"ImageObject\",\"inLanguage\":\"es\",\"@id\":\"https:\/\/buscoequipomedico.com\/?product=esfigmo-aneroide-de-pedestal-welch-allyn#primaryimage\",\"url\":\"https:\/\/buscoequipomedico.com\/wp-content\/uploads\/2020\/02\/esfigmo-aneroide-de-pedestal-welch-allyn-esfigmo-aneroide-767-con-pedestal-movil-y-brazalete-reusable-flexiport-adulto.jpg\",\"contentUrl\":\"https:\/\/buscoequipomedico.com\/wp-content\/uploads\/2020\/02\/esfigmo-aneroide-de-pedestal-welch-allyn-esfigmo-aneroide-767-con-pedestal-movil-y-brazalete-reusable-flexiport-adulto.jpg\",\"width\":800,\"height\":800},{\"@type\":\"BreadcrumbList\",\"@id\":\"https:\/\/buscoequipomedico.com\/?product=esfigmo-aneroide-de-pedestal-welch-allyn#breadcrumb\",\"itemListElement\":[{\"@type\":\"ListItem\",\"position\":1,\"name\":\"Productos\",\"item\":\"https:\/\/buscoequipomedico.com\/shop\/\"},{\"@type\":\"ListItem\",\"position\":2,\"name\":\"ESFIGMO ANEROIDE DE PEDESTAL WELCH ALLYN\"}]},{\"@type\":\"WebSite\",\"@id\":\"https:\/\/buscoequipomedico.com\/#website\",\"url\":\"https:\/\/buscoequipomedico.com\/\",\"name\":\"Tu mejor opci\u00f3n Equipo M\u00e9dico M\u00e9xico\",\"description\":\"Tienda de equipo m\u00e9dico\",\"publisher\":{\"@id\":\"https:\/\/buscoequipomedico.com\/#organization\"},\"potentialAction\":[{\"@type\":\"SearchAction\",\"target\":{\"@type\":\"EntryPoint\",\"urlTemplate\":\"https:\/\/buscoequipomedico.com\/?s={search_term_string}\"},\"query-input\":{\"@type\":\"PropertyValueSpecification\",\"valueRequired\":true,\"valueName\":\"search_term_string\"}}],\"inLanguage\":\"es\"},{\"@type\":\"Organization\",\"@id\":\"https:\/\/buscoequipomedico.com\/#organization\",\"name\":\"Tu mejor opci\u00f3n Equipo M\u00e9dico M\u00e9xico\",\"url\":\"https:\/\/buscoequipomedico.com\/\",\"logo\":{\"@type\":\"ImageObject\",\"inLanguage\":\"es\",\"@id\":\"https:\/\/buscoequipomedico.com\/#\/schema\/logo\/image\/\",\"url\":\"https:\/\/buscoequipomedico.com\/wp-content\/uploads\/2021\/07\/EMM-VPrincipal-scaled.jpg\",\"contentUrl\":\"https:\/\/buscoequipomedico.com\/wp-content\/uploads\/2021\/07\/EMM-VPrincipal-scaled.jpg\",\"width\":2560,\"height\":1058,\"caption\":\"Tu mejor opci\u00f3n Equipo M\u00e9dico M\u00e9xico\"},\"image\":{\"@id\":\"https:\/\/buscoequipomedico.com\/#\/schema\/logo\/image\/\"}}]}<\/script>\n<!-- \/ Yoast SEO plugin. -->","yoast_head_json":{"title":"ESFIGMO ANEROIDE DE PEDESTAL WELCH ALLYN - Tu mejor opci\u00f3n Equipo M\u00e9dico M\u00e9xico","robots":{"index":"index","follow":"follow","max-snippet":"max-snippet:-1","max-image-preview":"max-image-preview:large","max-video-preview":"max-video-preview:-1"},"canonical":"https:\/\/buscoequipomedico.com\/?product=esfigmo-aneroide-de-pedestal-welch-allyn","og_locale":"es_ES","og_type":"article","og_title":"ESFIGMO ANEROIDE DE PEDESTAL WELCH ALLYN - Tu mejor opci\u00f3n Equipo M\u00e9dico M\u00e9xico","og_description":"ESFIGMO ANEROIDE 767 CON PEDESTAL M\u00d3VIL Y BRAZALETE REUSABLE FLEXIPORT, ADULTO","og_url":"https:\/\/buscoequipomedico.com\/?product=esfigmo-aneroide-de-pedestal-welch-allyn","og_site_name":"Tu mejor opci\u00f3n Equipo M\u00e9dico M\u00e9xico","article_modified_time":"2020-02-18T07:32:34+00:00","og_image":[{"width":800,"height":800,"url":"https:\/\/buscoequipomedico.com\/wp-content\/uploads\/2020\/02\/esfigmo-aneroide-de-pedestal-welch-allyn-esfigmo-aneroide-767-con-pedestal-movil-y-brazalete-reusable-flexiport-adulto.jpg","type":"image\/jpeg"}],"twitter_card":"summary_large_image","twitter_misc":{"Tiempo de lectura":"1 minuto"},"schema":{"@context":"https:\/\/schema.org","@graph":[{"@type":"WebPage","@id":"https:\/\/buscoequipomedico.com\/?product=esfigmo-aneroide-de-pedestal-welch-allyn","url":"https:\/\/buscoequipomedico.com\/?product=esfigmo-aneroide-de-pedestal-welch-allyn","name":"ESFIGMO ANEROIDE DE PEDESTAL WELCH ALLYN - Tu mejor opci\u00f3n Equipo M\u00e9dico M\u00e9xico","isPartOf":{"@id":"https:\/\/buscoequipomedico.com\/#website"},"primaryImageOfPage":{"@id":"https:\/\/buscoequipomedico.com\/?product=esfigmo-aneroide-de-pedestal-welch-allyn#primaryimage"},"image":{"@id":"https:\/\/buscoequipomedico.com\/?product=esfigmo-aneroide-de-pedestal-welch-allyn#primaryimage"},"thumbnailUrl":"https:\/\/buscoequipomedico.com\/wp-content\/uploads\/2020\/02\/esfigmo-aneroide-de-pedestal-welch-allyn-esfigmo-aneroide-767-con-pedestal-movil-y-brazalete-reusable-flexiport-adulto.jpg","datePublished":"2020-02-18T07:32:32+00:00","dateModified":"2020-02-18T07:32:34+00:00","breadcrumb":{"@id":"https:\/\/buscoequipomedico.com\/?product=esfigmo-aneroide-de-pedestal-welch-allyn#breadcrumb"},"inLanguage":"es","potentialAction":[{"@type":"ReadAction","target":["https:\/\/buscoequipomedico.com\/?product=esfigmo-aneroide-de-pedestal-welch-allyn"]}]},{"@type":"ImageObject","inLanguage":"es","@id":"https:\/\/buscoequipomedico.com\/?product=esfigmo-aneroide-de-pedestal-welch-allyn#primaryimage","url":"https:\/\/buscoequipomedico.com\/wp-content\/uploads\/2020\/02\/esfigmo-aneroide-de-pedestal-welch-allyn-esfigmo-aneroide-767-con-pedestal-movil-y-brazalete-reusable-flexiport-adulto.jpg","contentUrl":"https:\/\/buscoequipomedico.com\/wp-content\/uploads\/2020\/02\/esfigmo-aneroide-de-pedestal-welch-allyn-esfigmo-aneroide-767-con-pedestal-movil-y-brazalete-reusable-flexiport-adulto.jpg","width":800,"height":800},{"@type":"BreadcrumbList","@id":"https:\/\/buscoequipomedico.com\/?product=esfigmo-aneroide-de-pedestal-welch-allyn#breadcrumb","itemListElement":[{"@type":"ListItem","position":1,"name":"Productos","item":"https:\/\/buscoequipomedico.com\/shop\/"},{"@type":"ListItem","position":2,"name":"ESFIGMO ANEROIDE DE PEDESTAL WELCH ALLYN"}]},{"@type":"WebSite","@id":"https:\/\/buscoequipomedico.com\/#website","url":"https:\/\/buscoequipomedico.com\/","name":"Tu mejor opci\u00f3n Equipo M\u00e9dico M\u00e9xico","description":"Tienda de equipo m\u00e9dico","publisher":{"@id":"https:\/\/buscoequipomedico.com\/#organization"},"potentialAction":[{"@type":"SearchAction","target":{"@type":"EntryPoint","urlTemplate":"https:\/\/buscoequipomedico.com\/?s={search_term_string}"},"query-input":{"@type":"PropertyValueSpecification","valueRequired":true,"valueName":"search_term_string"}}],"inLanguage":"es"},{"@type":"Organization","@id":"https:\/\/buscoequipomedico.com\/#organization","name":"Tu mejor opci\u00f3n Equipo M\u00e9dico M\u00e9xico","url":"https:\/\/buscoequipomedico.com\/","logo":{"@type":"ImageObject","inLanguage":"es","@id":"https:\/\/buscoequipomedico.com\/#\/schema\/logo\/image\/","url":"https:\/\/buscoequipomedico.com\/wp-content\/uploads\/2021\/07\/EMM-VPrincipal-scaled.jpg","contentUrl":"https:\/\/buscoequipomedico.com\/wp-content\/uploads\/2021\/07\/EMM-VPrincipal-scaled.jpg","width":2560,"height":1058,"caption":"Tu mejor opci\u00f3n Equipo M\u00e9dico M\u00e9xico"},"image":{"@id":"https:\/\/buscoequipomedico.com\/#\/schema\/logo\/image\/"}}]}},"_links":{"self":[{"href":"https:\/\/buscoequipomedico.com\/index.php?rest_route=\/wp\/v2\/product\/11357","targetHints":{"allow":["GET"]}}],"collection":[{"href":"https:\/\/buscoequipomedico.com\/index.php?rest_route=\/wp\/v2\/product"}],"about":[{"href":"https:\/\/buscoequipomedico.com\/index.php?rest_route=\/wp\/v2\/types\/product"}],"wp:featuredmedia":[{"embeddable":true,"href":"https:\/\/buscoequipomedico.com\/index.php?rest_route=\/wp\/v2\/media\/11358"}],"wp:attachment":[{"href":"https:\/\/buscoequipomedico.com\/index.php?rest_route=%2Fwp%2Fv2%2Fmedia&parent=11357"}],"wp:term":[{"taxonomy":"product_brand","embeddable":true,"href":"https:\/\/buscoequipomedico.com\/index.php?rest_route=%2Fwp%2Fv2%2Fproduct_brand&post=11357"},{"taxonomy":"product_cat","embeddable":true,"href":"https:\/\/buscoequipomedico.com\/index.php?rest_route=%2Fwp%2Fv2%2Fproduct_cat&post=11357"},{"taxonomy":"product_tag","embeddable":true,"href":"https:\/\/buscoequipomedico.com\/index.php?rest_route=%2Fwp%2Fv2%2Fproduct_tag&post=11357"}],"curies":[{"name":"wp","href":"https:\/\/api.w.org\/{rel}","templated":true}]}}