{"id":11367,"date":"2020-02-18T07:32:32","date_gmt":"2020-02-18T07:32:32","guid":{"rendered":"https:\/\/equipomedicomexico-com.preview-domain.com\/product\/cama-electronica-matt-3-con-mesa-puente\/"},"modified":"2020-02-18T07:32:35","modified_gmt":"2020-02-18T07:32:35","slug":"cama-electronica-matt-3-con-mesa-puente","status":"publish","type":"product","link":"https:\/\/buscoequipomedico.com\/?product=cama-electronica-matt-3-con-mesa-puente","title":{"rendered":"CAMA ELECTR\u00d3NICA (MATT 3) CON MESA PUENTE"},"content":{"rendered":"<p><span>Caracter\u00edsticas:<\/span><\/p>\n<\/p>\n<p><span>1) La placa de tambor moldeada de acero en fr\u00edo, tambor tratado con pintura spray tipo electro est\u00e1tico anti-envejecimiento y anti-oxidante.<\/span><\/p>\n<\/p>\n<p><span>2) Cabecera frontal y posterior de material ABS integrado, la mesa de alimentos est\u00e1 incluida.<\/span><\/p>\n<\/p>\n<p><span>3) Dos barandales laterales de ABS, se puede fijar hacia arriba y hacia abajo.<\/span><\/p>\n<\/p>\n<p><span>4) Control de posiciones de cama el\u00e9ctricos mediante 3 motores de corriente directa y control remoto cableado de mano..<\/span><\/p>\n<\/p>\n<p><span>5) Elevaci\u00f3n de respaldo, y elevaci\u00f3n de rodillas, elevaci\u00f3n total de cama y posici\u00f3n de silla cardiaca.<\/span><\/p>\n<\/p>\n<p><span>6) Cuatro ruedas de 5\u2033 con control de freno central tipo \u201cone touch\u201d.<\/span><\/p>\n<\/p>\n<p><span>7) Dos ganchos para bolsas, uno a cada lado de la cama, 2 posiciones para porta sueros, uno de cada lado de la cama.<\/span><\/p>\n<\/p>\n<p><span>8) Soporta hasta 150 Kg., de peso de paciente.<\/span><\/p>\n<\/p>\n<p><span>9) Incluye colch\u00f3n tipo M4 de 4 secciones, hecho a base de Espuma y poliester.<\/span><\/p>\n<\/p>\n<p><span><\/span><\/p>\n<p>\u00a0COLCH\u00d3N:<\/p>\n<p>COLCHON PREFORMADO UNA SOLA PIEZA (NO SECCIONADO) CON ALMOHADA<\/p>\n<p>\u2022 CUBIERTA IMPERMEABLE DE ALGOD\u00d3N.<\/p>\n<p>\u2022 COLCHON Y ALMOHADA (MEMORY FOAM) MATERIAL DE BAJA REACCI\u00d3N<\/p>\n<p><span><\/span><\/p>\n<p>BASTANTE COMODO (PARA LARGA ESTANCIA)<\/p>\n<p><span>Accesorios incluidos:<\/span><\/p>\n<\/p>\n<p><span>1. Porta sueros de acero.<\/span><\/p>\n<\/p>\n<p><span>2. Colch\u00f3n de esponja M4 de alta densidad poliester, de 10.1 cm de espesor.<\/span><\/p>\n<\/p>\n<p><span>3. Cabeceras de material ABS (2 pz) y Barandales de ABS (2 pz).<\/span><\/p>\n<\/p>\n<p><span>4. Mesa de alimentos est\u00e1ndar para colocar sobre barandales.<\/span><\/p><\/p>\n","protected":false},"excerpt":{"rendered":"<p><span>\u00a1Ideal para pacientes que requieren la comodidad de sentarse con ayuda del \u00e1rea cl\u00ednica o de un familiar, la posici\u00f3n puede lograrse de forma electr\u00f3nica para poder comer, leer alguna revista o ver televisi\u00f3n, solo con pulsar un bot\u00f3n!<\/span><\/p><\/p>\n","protected":false},"featured_media":11368,"template":"","meta":{"_joinchat":[]},"product_brand":[],"product_cat":[196,197],"product_tag":[],"class_list":{"0":"post-11367","1":"product","2":"type-product","3":"status-publish","4":"has-post-thumbnail","6":"product_cat-camas","7":"product_cat-camas-electricas","9":"first","10":"instock","11":"purchasable","12":"product-type-simple"},"yoast_head":"<!-- This site is optimized with the Yoast SEO plugin v25.1 - https:\/\/yoast.com\/wordpress\/plugins\/seo\/ -->\n<title>CAMA ELECTR\u00d3NICA (MATT 3) CON MESA PUENTE - Tu mejor opci\u00f3n Equipo M\u00e9dico M\u00e9xico<\/title>\n<meta name=\"robots\" content=\"index, follow, max-snippet:-1, max-image-preview:large, max-video-preview:-1\" \/>\n<link rel=\"canonical\" href=\"https:\/\/buscoequipomedico.com\/?product=cama-electronica-matt-3-con-mesa-puente\" \/>\n<meta property=\"og:locale\" content=\"es_ES\" \/>\n<meta property=\"og:type\" content=\"article\" \/>\n<meta property=\"og:title\" content=\"CAMA ELECTR\u00d3NICA (MATT 3) CON MESA PUENTE - Tu mejor opci\u00f3n Equipo M\u00e9dico M\u00e9xico\" \/>\n<meta property=\"og:description\" content=\"\u00a1Ideal para pacientes que requieren la comodidad de sentarse con ayuda del \u00e1rea cl\u00ednica o de un familiar, la posici\u00f3n puede lograrse de forma electr\u00f3nica para poder comer, leer alguna revista o ver televisi\u00f3n, solo con pulsar un bot\u00f3n!\" \/>\n<meta property=\"og:url\" content=\"https:\/\/buscoequipomedico.com\/?product=cama-electronica-matt-3-con-mesa-puente\" \/>\n<meta property=\"og:site_name\" content=\"Tu mejor opci\u00f3n Equipo M\u00e9dico M\u00e9xico\" \/>\n<meta property=\"article:modified_time\" content=\"2020-02-18T07:32:35+00:00\" \/>\n<meta property=\"og:image\" content=\"https:\/\/buscoequipomedico.com\/wp-content\/uploads\/2020\/02\/cama-electronica-matt-3-con-mesa-puente-ideal-para-pacientes-que-requieren-la-comodidad-de-sentarse-con-ayuda-del-area-clinica-o.jpg\" \/>\n\t<meta property=\"og:image:width\" content=\"800\" \/>\n\t<meta property=\"og:image:height\" content=\"800\" \/>\n\t<meta property=\"og:image:type\" content=\"image\/png\" \/>\n<meta name=\"twitter:card\" content=\"summary_large_image\" \/>\n<meta name=\"twitter:label1\" content=\"Tiempo de lectura\" \/>\n\t<meta name=\"twitter:data1\" content=\"1 minuto\" \/>\n<script type=\"application\/ld+json\" class=\"yoast-schema-graph\">{\"@context\":\"https:\/\/schema.org\",\"@graph\":[{\"@type\":\"WebPage\",\"@id\":\"https:\/\/buscoequipomedico.com\/?product=cama-electronica-matt-3-con-mesa-puente\",\"url\":\"https:\/\/buscoequipomedico.com\/?product=cama-electronica-matt-3-con-mesa-puente\",\"name\":\"CAMA ELECTR\u00d3NICA (MATT 3) CON MESA PUENTE - Tu mejor opci\u00f3n Equipo M\u00e9dico M\u00e9xico\",\"isPartOf\":{\"@id\":\"https:\/\/buscoequipomedico.com\/#website\"},\"primaryImageOfPage\":{\"@id\":\"https:\/\/buscoequipomedico.com\/?product=cama-electronica-matt-3-con-mesa-puente#primaryimage\"},\"image\":{\"@id\":\"https:\/\/buscoequipomedico.com\/?product=cama-electronica-matt-3-con-mesa-puente#primaryimage\"},\"thumbnailUrl\":\"https:\/\/buscoequipomedico.com\/wp-content\/uploads\/2020\/02\/cama-electronica-matt-3-con-mesa-puente-ideal-para-pacientes-que-requieren-la-comodidad-de-sentarse-con-ayuda-del-area-clinica-o.jpg\",\"datePublished\":\"2020-02-18T07:32:32+00:00\",\"dateModified\":\"2020-02-18T07:32:35+00:00\",\"breadcrumb\":{\"@id\":\"https:\/\/buscoequipomedico.com\/?product=cama-electronica-matt-3-con-mesa-puente#breadcrumb\"},\"inLanguage\":\"es\",\"potentialAction\":[{\"@type\":\"ReadAction\",\"target\":[\"https:\/\/buscoequipomedico.com\/?product=cama-electronica-matt-3-con-mesa-puente\"]}]},{\"@type\":\"ImageObject\",\"inLanguage\":\"es\",\"@id\":\"https:\/\/buscoequipomedico.com\/?product=cama-electronica-matt-3-con-mesa-puente#primaryimage\",\"url\":\"https:\/\/buscoequipomedico.com\/wp-content\/uploads\/2020\/02\/cama-electronica-matt-3-con-mesa-puente-ideal-para-pacientes-que-requieren-la-comodidad-de-sentarse-con-ayuda-del-area-clinica-o.jpg\",\"contentUrl\":\"https:\/\/buscoequipomedico.com\/wp-content\/uploads\/2020\/02\/cama-electronica-matt-3-con-mesa-puente-ideal-para-pacientes-que-requieren-la-comodidad-de-sentarse-con-ayuda-del-area-clinica-o.jpg\",\"width\":800,\"height\":800},{\"@type\":\"BreadcrumbList\",\"@id\":\"https:\/\/buscoequipomedico.com\/?product=cama-electronica-matt-3-con-mesa-puente#breadcrumb\",\"itemListElement\":[{\"@type\":\"ListItem\",\"position\":1,\"name\":\"Productos\",\"item\":\"https:\/\/buscoequipomedico.com\/shop\/\"},{\"@type\":\"ListItem\",\"position\":2,\"name\":\"CAMA ELECTR\u00d3NICA (MATT 3) CON MESA PUENTE\"}]},{\"@type\":\"WebSite\",\"@id\":\"https:\/\/buscoequipomedico.com\/#website\",\"url\":\"https:\/\/buscoequipomedico.com\/\",\"name\":\"Tu mejor opci\u00f3n Equipo M\u00e9dico M\u00e9xico\",\"description\":\"Tienda de equipo m\u00e9dico\",\"publisher\":{\"@id\":\"https:\/\/buscoequipomedico.com\/#organization\"},\"potentialAction\":[{\"@type\":\"SearchAction\",\"target\":{\"@type\":\"EntryPoint\",\"urlTemplate\":\"https:\/\/buscoequipomedico.com\/?s={search_term_string}\"},\"query-input\":{\"@type\":\"PropertyValueSpecification\",\"valueRequired\":true,\"valueName\":\"search_term_string\"}}],\"inLanguage\":\"es\"},{\"@type\":\"Organization\",\"@id\":\"https:\/\/buscoequipomedico.com\/#organization\",\"name\":\"Tu mejor opci\u00f3n Equipo M\u00e9dico M\u00e9xico\",\"url\":\"https:\/\/buscoequipomedico.com\/\",\"logo\":{\"@type\":\"ImageObject\",\"inLanguage\":\"es\",\"@id\":\"https:\/\/buscoequipomedico.com\/#\/schema\/logo\/image\/\",\"url\":\"https:\/\/buscoequipomedico.com\/wp-content\/uploads\/2021\/07\/EMM-VPrincipal-scaled.jpg\",\"contentUrl\":\"https:\/\/buscoequipomedico.com\/wp-content\/uploads\/2021\/07\/EMM-VPrincipal-scaled.jpg\",\"width\":2560,\"height\":1058,\"caption\":\"Tu mejor opci\u00f3n Equipo M\u00e9dico M\u00e9xico\"},\"image\":{\"@id\":\"https:\/\/buscoequipomedico.com\/#\/schema\/logo\/image\/\"}}]}<\/script>\n<!-- \/ Yoast SEO plugin. -->","yoast_head_json":{"title":"CAMA ELECTR\u00d3NICA (MATT 3) CON MESA PUENTE - Tu mejor opci\u00f3n Equipo M\u00e9dico M\u00e9xico","robots":{"index":"index","follow":"follow","max-snippet":"max-snippet:-1","max-image-preview":"max-image-preview:large","max-video-preview":"max-video-preview:-1"},"canonical":"https:\/\/buscoequipomedico.com\/?product=cama-electronica-matt-3-con-mesa-puente","og_locale":"es_ES","og_type":"article","og_title":"CAMA ELECTR\u00d3NICA (MATT 3) CON MESA PUENTE - Tu mejor opci\u00f3n Equipo M\u00e9dico M\u00e9xico","og_description":"\u00a1Ideal para pacientes que requieren la comodidad de sentarse con ayuda del \u00e1rea cl\u00ednica o de un familiar, la posici\u00f3n puede lograrse de forma electr\u00f3nica para poder comer, leer alguna revista o ver televisi\u00f3n, solo con pulsar un bot\u00f3n!","og_url":"https:\/\/buscoequipomedico.com\/?product=cama-electronica-matt-3-con-mesa-puente","og_site_name":"Tu mejor opci\u00f3n Equipo M\u00e9dico M\u00e9xico","article_modified_time":"2020-02-18T07:32:35+00:00","og_image":[{"width":800,"height":800,"url":"https:\/\/buscoequipomedico.com\/wp-content\/uploads\/2020\/02\/cama-electronica-matt-3-con-mesa-puente-ideal-para-pacientes-que-requieren-la-comodidad-de-sentarse-con-ayuda-del-area-clinica-o.jpg","type":"image\/png"}],"twitter_card":"summary_large_image","twitter_misc":{"Tiempo de lectura":"1 minuto"},"schema":{"@context":"https:\/\/schema.org","@graph":[{"@type":"WebPage","@id":"https:\/\/buscoequipomedico.com\/?product=cama-electronica-matt-3-con-mesa-puente","url":"https:\/\/buscoequipomedico.com\/?product=cama-electronica-matt-3-con-mesa-puente","name":"CAMA ELECTR\u00d3NICA (MATT 3) CON MESA PUENTE - Tu mejor opci\u00f3n Equipo M\u00e9dico M\u00e9xico","isPartOf":{"@id":"https:\/\/buscoequipomedico.com\/#website"},"primaryImageOfPage":{"@id":"https:\/\/buscoequipomedico.com\/?product=cama-electronica-matt-3-con-mesa-puente#primaryimage"},"image":{"@id":"https:\/\/buscoequipomedico.com\/?product=cama-electronica-matt-3-con-mesa-puente#primaryimage"},"thumbnailUrl":"https:\/\/buscoequipomedico.com\/wp-content\/uploads\/2020\/02\/cama-electronica-matt-3-con-mesa-puente-ideal-para-pacientes-que-requieren-la-comodidad-de-sentarse-con-ayuda-del-area-clinica-o.jpg","datePublished":"2020-02-18T07:32:32+00:00","dateModified":"2020-02-18T07:32:35+00:00","breadcrumb":{"@id":"https:\/\/buscoequipomedico.com\/?product=cama-electronica-matt-3-con-mesa-puente#breadcrumb"},"inLanguage":"es","potentialAction":[{"@type":"ReadAction","target":["https:\/\/buscoequipomedico.com\/?product=cama-electronica-matt-3-con-mesa-puente"]}]},{"@type":"ImageObject","inLanguage":"es","@id":"https:\/\/buscoequipomedico.com\/?product=cama-electronica-matt-3-con-mesa-puente#primaryimage","url":"https:\/\/buscoequipomedico.com\/wp-content\/uploads\/2020\/02\/cama-electronica-matt-3-con-mesa-puente-ideal-para-pacientes-que-requieren-la-comodidad-de-sentarse-con-ayuda-del-area-clinica-o.jpg","contentUrl":"https:\/\/buscoequipomedico.com\/wp-content\/uploads\/2020\/02\/cama-electronica-matt-3-con-mesa-puente-ideal-para-pacientes-que-requieren-la-comodidad-de-sentarse-con-ayuda-del-area-clinica-o.jpg","width":800,"height":800},{"@type":"BreadcrumbList","@id":"https:\/\/buscoequipomedico.com\/?product=cama-electronica-matt-3-con-mesa-puente#breadcrumb","itemListElement":[{"@type":"ListItem","position":1,"name":"Productos","item":"https:\/\/buscoequipomedico.com\/shop\/"},{"@type":"ListItem","position":2,"name":"CAMA ELECTR\u00d3NICA (MATT 3) CON MESA PUENTE"}]},{"@type":"WebSite","@id":"https:\/\/buscoequipomedico.com\/#website","url":"https:\/\/buscoequipomedico.com\/","name":"Tu mejor opci\u00f3n Equipo M\u00e9dico M\u00e9xico","description":"Tienda de equipo m\u00e9dico","publisher":{"@id":"https:\/\/buscoequipomedico.com\/#organization"},"potentialAction":[{"@type":"SearchAction","target":{"@type":"EntryPoint","urlTemplate":"https:\/\/buscoequipomedico.com\/?s={search_term_string}"},"query-input":{"@type":"PropertyValueSpecification","valueRequired":true,"valueName":"search_term_string"}}],"inLanguage":"es"},{"@type":"Organization","@id":"https:\/\/buscoequipomedico.com\/#organization","name":"Tu mejor opci\u00f3n Equipo M\u00e9dico M\u00e9xico","url":"https:\/\/buscoequipomedico.com\/","logo":{"@type":"ImageObject","inLanguage":"es","@id":"https:\/\/buscoequipomedico.com\/#\/schema\/logo\/image\/","url":"https:\/\/buscoequipomedico.com\/wp-content\/uploads\/2021\/07\/EMM-VPrincipal-scaled.jpg","contentUrl":"https:\/\/buscoequipomedico.com\/wp-content\/uploads\/2021\/07\/EMM-VPrincipal-scaled.jpg","width":2560,"height":1058,"caption":"Tu mejor opci\u00f3n Equipo M\u00e9dico M\u00e9xico"},"image":{"@id":"https:\/\/buscoequipomedico.com\/#\/schema\/logo\/image\/"}}]}},"_links":{"self":[{"href":"https:\/\/buscoequipomedico.com\/index.php?rest_route=\/wp\/v2\/product\/11367","targetHints":{"allow":["GET"]}}],"collection":[{"href":"https:\/\/buscoequipomedico.com\/index.php?rest_route=\/wp\/v2\/product"}],"about":[{"href":"https:\/\/buscoequipomedico.com\/index.php?rest_route=\/wp\/v2\/types\/product"}],"wp:featuredmedia":[{"embeddable":true,"href":"https:\/\/buscoequipomedico.com\/index.php?rest_route=\/wp\/v2\/media\/11368"}],"wp:attachment":[{"href":"https:\/\/buscoequipomedico.com\/index.php?rest_route=%2Fwp%2Fv2%2Fmedia&parent=11367"}],"wp:term":[{"taxonomy":"product_brand","embeddable":true,"href":"https:\/\/buscoequipomedico.com\/index.php?rest_route=%2Fwp%2Fv2%2Fproduct_brand&post=11367"},{"taxonomy":"product_cat","embeddable":true,"href":"https:\/\/buscoequipomedico.com\/index.php?rest_route=%2Fwp%2Fv2%2Fproduct_cat&post=11367"},{"taxonomy":"product_tag","embeddable":true,"href":"https:\/\/buscoequipomedico.com\/index.php?rest_route=%2Fwp%2Fv2%2Fproduct_tag&post=11367"}],"curies":[{"name":"wp","href":"https:\/\/api.w.org\/{rel}","templated":true}]}}