{"id":11373,"date":"2020-02-18T07:32:32","date_gmt":"2020-02-18T07:32:32","guid":{"rendered":"https:\/\/equipomedicomexico-com.preview-domain.com\/product\/cama-obstetrica-electrica-para-parto-b48\/"},"modified":"2020-02-18T07:32:35","modified_gmt":"2020-02-18T07:32:35","slug":"cama-obstetrica-electrica-para-parto-b48","status":"publish","type":"product","link":"https:\/\/buscoequipomedico.com\/?product=cama-obstetrica-electrica-para-parto-b48","title":{"rendered":"CAMA OBST\u00c9TRICA EL\u00c9CTRICA PARA PARTO B48"},"content":{"rendered":"<p><!-- [if !supportLists]--><span><span>\u00b7<span>\u00a0\u00a0\u00a0\u00a0\u00a0\u00a0\u00a0\u00a0 <\/span><\/span><\/span><!--[endif]-->Equipado con un colch\u00f3n de esponja de alta densidad de 8 cm de espesor cubierto con vini-piel.<\/p>\n<\/p>\n<p><!-- [if !supportLists]--><span><span>\u00b7<span>\u00a0\u00a0\u00a0\u00a0\u00a0\u00a0\u00a0\u00a0 <\/span><\/span><\/span><!--[endif]-->Soporte de pierna ajustable y soporte de agarre deslizante.<\/p>\n<\/p>\n<p><!-- [if !supportLists]--><span><span>\u00b7<span>\u00a0\u00a0\u00a0\u00a0\u00a0\u00a0\u00a0\u00a0 <\/span><\/span><\/span><!--[endif]-->Cuatro ruedas antiest\u00e1ticas de 125 mm, con freno central.<\/p>\n<\/p>\n<p>ESPECIFICACIONES EL\u00c9CTRICAS:<\/p>\n<\/p>\n<p>Fuente de alimentaci\u00f3n: 220V \/ 110V, 50Hz \/ 60Hz<\/p>\n<\/p>\n<p>Entrada m\u00e1xima: 1.6 A, 450 VA<\/p>\n<\/p>\n<p>Protecci\u00f3n contra agua y polvo: IPX-4<\/p>\n<\/p>\n<p>Clasificaci\u00f3n de equipos: Clase II<\/p>\n<\/p>\n<p>Nivel de protecci\u00f3n contra lesiones por corriente el\u00e9ctrica: tipo de pieza aplicada tipo BF<\/p>\n<\/p>\n<p>Modo de funcionamiento del motor el\u00e9ctrico (factor de carga): 10%, m\u00e1x. 2 min \/ 18 min<\/p><\/p>\n","protected":false},"excerpt":{"rendered":"<p>CAMA OBST\u00c9TRICA EL\u00c9CTRICA PARA LABOR DE PARTO, MODELO B48<\/p>\n<\/p>\n<p>1. Estructura de cama de acero recubierto con pintura anti corrosiva y anti oxidante, con barandales y cabecera de pl\u00e1stico ABS;<\/p>\n<\/p>\n<p>2. Mesa de trabajo telesc\u00f3pica, que se controla por rodamiento lineal, longitud telesc\u00f3pica: 550 mm;<\/p>\n<\/p>\n<p>3. Tres funciones, que son operadas por motor el\u00e9ctrico:<\/p>\n<\/p>\n<p>\u2022 Elevaci\u00f3n de respaldo: 0-70 \u00b1 5\u00ba<\/p>\n<\/p>\n<p>\u2022 Elevaci\u00f3n total de cama: 620-920 mm<\/p>\n<\/p>\n<p>\u2022 Trendelenburg y Trendelenburg inverso: 12 \u00b1 2\u00ba<\/p><\/p>\n","protected":false},"featured_media":11374,"template":"","meta":{"_joinchat":[]},"product_brand":[],"product_cat":[196,197],"product_tag":[],"class_list":{"0":"post-11373","1":"product","2":"type-product","3":"status-publish","4":"has-post-thumbnail","6":"product_cat-camas","7":"product_cat-camas-electricas","8":"pa_marca-healt-home","10":"first","11":"instock","12":"purchasable","13":"product-type-simple"},"yoast_head":"<!-- This site is optimized with the Yoast SEO plugin v25.1 - https:\/\/yoast.com\/wordpress\/plugins\/seo\/ -->\n<title>CAMA OBST\u00c9TRICA EL\u00c9CTRICA PARA PARTO B48 - Tu mejor opci\u00f3n Equipo M\u00e9dico M\u00e9xico<\/title>\n<meta name=\"robots\" content=\"index, follow, max-snippet:-1, max-image-preview:large, max-video-preview:-1\" \/>\n<link rel=\"canonical\" href=\"https:\/\/buscoequipomedico.com\/?product=cama-obstetrica-electrica-para-parto-b48\" \/>\n<meta property=\"og:locale\" content=\"es_ES\" \/>\n<meta property=\"og:type\" content=\"article\" \/>\n<meta property=\"og:title\" content=\"CAMA OBST\u00c9TRICA EL\u00c9CTRICA PARA PARTO B48 - Tu mejor opci\u00f3n Equipo M\u00e9dico M\u00e9xico\" \/>\n<meta property=\"og:description\" content=\"CAMA OBST\u00c9TRICA EL\u00c9CTRICA PARA LABOR DE PARTO, MODELO B48 1. Estructura de cama de acero recubierto con pintura anti corrosiva y anti oxidante, con barandales y cabecera de pl\u00e1stico ABS; 2. Mesa de trabajo telesc\u00f3pica, que se controla por rodamiento lineal, longitud telesc\u00f3pica: 550 mm; 3. Tres funciones, que son operadas por motor el\u00e9ctrico: \u2022 Elevaci\u00f3n de respaldo: 0-70 \u00b1 5\u00ba \u2022 Elevaci\u00f3n total de cama: 620-920 mm \u2022 Trendelenburg y Trendelenburg inverso: 12 \u00b1 2\u00ba\" \/>\n<meta property=\"og:url\" content=\"https:\/\/buscoequipomedico.com\/?product=cama-obstetrica-electrica-para-parto-b48\" \/>\n<meta property=\"og:site_name\" content=\"Tu mejor opci\u00f3n Equipo M\u00e9dico M\u00e9xico\" \/>\n<meta property=\"article:modified_time\" content=\"2020-02-18T07:32:35+00:00\" \/>\n<meta property=\"og:image\" content=\"https:\/\/buscoequipomedico.com\/wp-content\/uploads\/2020\/02\/cama-obstetrica-electrica-para-parto-b48-cama-obstetrica-electrica-para-labor-de-parto-modelo-b48-1-estructura-de-cama-de-acero.jpg\" \/>\n\t<meta property=\"og:image:width\" content=\"800\" \/>\n\t<meta property=\"og:image:height\" content=\"800\" \/>\n\t<meta property=\"og:image:type\" content=\"image\/png\" \/>\n<meta name=\"twitter:card\" content=\"summary_large_image\" \/>\n<script type=\"application\/ld+json\" class=\"yoast-schema-graph\">{\"@context\":\"https:\/\/schema.org\",\"@graph\":[{\"@type\":\"WebPage\",\"@id\":\"https:\/\/buscoequipomedico.com\/?product=cama-obstetrica-electrica-para-parto-b48\",\"url\":\"https:\/\/buscoequipomedico.com\/?product=cama-obstetrica-electrica-para-parto-b48\",\"name\":\"CAMA OBST\u00c9TRICA EL\u00c9CTRICA PARA PARTO B48 - Tu mejor opci\u00f3n Equipo M\u00e9dico M\u00e9xico\",\"isPartOf\":{\"@id\":\"https:\/\/buscoequipomedico.com\/#website\"},\"primaryImageOfPage\":{\"@id\":\"https:\/\/buscoequipomedico.com\/?product=cama-obstetrica-electrica-para-parto-b48#primaryimage\"},\"image\":{\"@id\":\"https:\/\/buscoequipomedico.com\/?product=cama-obstetrica-electrica-para-parto-b48#primaryimage\"},\"thumbnailUrl\":\"https:\/\/buscoequipomedico.com\/wp-content\/uploads\/2020\/02\/cama-obstetrica-electrica-para-parto-b48-cama-obstetrica-electrica-para-labor-de-parto-modelo-b48-1-estructura-de-cama-de-acero.jpg\",\"datePublished\":\"2020-02-18T07:32:32+00:00\",\"dateModified\":\"2020-02-18T07:32:35+00:00\",\"breadcrumb\":{\"@id\":\"https:\/\/buscoequipomedico.com\/?product=cama-obstetrica-electrica-para-parto-b48#breadcrumb\"},\"inLanguage\":\"es\",\"potentialAction\":[{\"@type\":\"ReadAction\",\"target\":[\"https:\/\/buscoequipomedico.com\/?product=cama-obstetrica-electrica-para-parto-b48\"]}]},{\"@type\":\"ImageObject\",\"inLanguage\":\"es\",\"@id\":\"https:\/\/buscoequipomedico.com\/?product=cama-obstetrica-electrica-para-parto-b48#primaryimage\",\"url\":\"https:\/\/buscoequipomedico.com\/wp-content\/uploads\/2020\/02\/cama-obstetrica-electrica-para-parto-b48-cama-obstetrica-electrica-para-labor-de-parto-modelo-b48-1-estructura-de-cama-de-acero.jpg\",\"contentUrl\":\"https:\/\/buscoequipomedico.com\/wp-content\/uploads\/2020\/02\/cama-obstetrica-electrica-para-parto-b48-cama-obstetrica-electrica-para-labor-de-parto-modelo-b48-1-estructura-de-cama-de-acero.jpg\",\"width\":800,\"height\":800},{\"@type\":\"BreadcrumbList\",\"@id\":\"https:\/\/buscoequipomedico.com\/?product=cama-obstetrica-electrica-para-parto-b48#breadcrumb\",\"itemListElement\":[{\"@type\":\"ListItem\",\"position\":1,\"name\":\"Productos\",\"item\":\"https:\/\/buscoequipomedico.com\/shop\/\"},{\"@type\":\"ListItem\",\"position\":2,\"name\":\"CAMA OBST\u00c9TRICA EL\u00c9CTRICA PARA PARTO B48\"}]},{\"@type\":\"WebSite\",\"@id\":\"https:\/\/buscoequipomedico.com\/#website\",\"url\":\"https:\/\/buscoequipomedico.com\/\",\"name\":\"Tu mejor opci\u00f3n Equipo M\u00e9dico M\u00e9xico\",\"description\":\"Tienda de equipo m\u00e9dico\",\"publisher\":{\"@id\":\"https:\/\/buscoequipomedico.com\/#organization\"},\"potentialAction\":[{\"@type\":\"SearchAction\",\"target\":{\"@type\":\"EntryPoint\",\"urlTemplate\":\"https:\/\/buscoequipomedico.com\/?s={search_term_string}\"},\"query-input\":{\"@type\":\"PropertyValueSpecification\",\"valueRequired\":true,\"valueName\":\"search_term_string\"}}],\"inLanguage\":\"es\"},{\"@type\":\"Organization\",\"@id\":\"https:\/\/buscoequipomedico.com\/#organization\",\"name\":\"Tu mejor opci\u00f3n Equipo M\u00e9dico M\u00e9xico\",\"url\":\"https:\/\/buscoequipomedico.com\/\",\"logo\":{\"@type\":\"ImageObject\",\"inLanguage\":\"es\",\"@id\":\"https:\/\/buscoequipomedico.com\/#\/schema\/logo\/image\/\",\"url\":\"https:\/\/buscoequipomedico.com\/wp-content\/uploads\/2021\/07\/EMM-VPrincipal-scaled.jpg\",\"contentUrl\":\"https:\/\/buscoequipomedico.com\/wp-content\/uploads\/2021\/07\/EMM-VPrincipal-scaled.jpg\",\"width\":2560,\"height\":1058,\"caption\":\"Tu mejor opci\u00f3n Equipo M\u00e9dico M\u00e9xico\"},\"image\":{\"@id\":\"https:\/\/buscoequipomedico.com\/#\/schema\/logo\/image\/\"}}]}<\/script>\n<!-- \/ Yoast SEO plugin. -->","yoast_head_json":{"title":"CAMA OBST\u00c9TRICA EL\u00c9CTRICA PARA PARTO B48 - Tu mejor opci\u00f3n Equipo M\u00e9dico M\u00e9xico","robots":{"index":"index","follow":"follow","max-snippet":"max-snippet:-1","max-image-preview":"max-image-preview:large","max-video-preview":"max-video-preview:-1"},"canonical":"https:\/\/buscoequipomedico.com\/?product=cama-obstetrica-electrica-para-parto-b48","og_locale":"es_ES","og_type":"article","og_title":"CAMA OBST\u00c9TRICA EL\u00c9CTRICA PARA PARTO B48 - Tu mejor opci\u00f3n Equipo M\u00e9dico M\u00e9xico","og_description":"CAMA OBST\u00c9TRICA EL\u00c9CTRICA PARA LABOR DE PARTO, MODELO B48 1. Estructura de cama de acero recubierto con pintura anti corrosiva y anti oxidante, con barandales y cabecera de pl\u00e1stico ABS; 2. Mesa de trabajo telesc\u00f3pica, que se controla por rodamiento lineal, longitud telesc\u00f3pica: 550 mm; 3. Tres funciones, que son operadas por motor el\u00e9ctrico: \u2022 Elevaci\u00f3n de respaldo: 0-70 \u00b1 5\u00ba \u2022 Elevaci\u00f3n total de cama: 620-920 mm \u2022 Trendelenburg y Trendelenburg inverso: 12 \u00b1 2\u00ba","og_url":"https:\/\/buscoequipomedico.com\/?product=cama-obstetrica-electrica-para-parto-b48","og_site_name":"Tu mejor opci\u00f3n Equipo M\u00e9dico M\u00e9xico","article_modified_time":"2020-02-18T07:32:35+00:00","og_image":[{"width":800,"height":800,"url":"https:\/\/buscoequipomedico.com\/wp-content\/uploads\/2020\/02\/cama-obstetrica-electrica-para-parto-b48-cama-obstetrica-electrica-para-labor-de-parto-modelo-b48-1-estructura-de-cama-de-acero.jpg","type":"image\/png"}],"twitter_card":"summary_large_image","schema":{"@context":"https:\/\/schema.org","@graph":[{"@type":"WebPage","@id":"https:\/\/buscoequipomedico.com\/?product=cama-obstetrica-electrica-para-parto-b48","url":"https:\/\/buscoequipomedico.com\/?product=cama-obstetrica-electrica-para-parto-b48","name":"CAMA OBST\u00c9TRICA EL\u00c9CTRICA PARA PARTO B48 - Tu mejor opci\u00f3n Equipo M\u00e9dico M\u00e9xico","isPartOf":{"@id":"https:\/\/buscoequipomedico.com\/#website"},"primaryImageOfPage":{"@id":"https:\/\/buscoequipomedico.com\/?product=cama-obstetrica-electrica-para-parto-b48#primaryimage"},"image":{"@id":"https:\/\/buscoequipomedico.com\/?product=cama-obstetrica-electrica-para-parto-b48#primaryimage"},"thumbnailUrl":"https:\/\/buscoequipomedico.com\/wp-content\/uploads\/2020\/02\/cama-obstetrica-electrica-para-parto-b48-cama-obstetrica-electrica-para-labor-de-parto-modelo-b48-1-estructura-de-cama-de-acero.jpg","datePublished":"2020-02-18T07:32:32+00:00","dateModified":"2020-02-18T07:32:35+00:00","breadcrumb":{"@id":"https:\/\/buscoequipomedico.com\/?product=cama-obstetrica-electrica-para-parto-b48#breadcrumb"},"inLanguage":"es","potentialAction":[{"@type":"ReadAction","target":["https:\/\/buscoequipomedico.com\/?product=cama-obstetrica-electrica-para-parto-b48"]}]},{"@type":"ImageObject","inLanguage":"es","@id":"https:\/\/buscoequipomedico.com\/?product=cama-obstetrica-electrica-para-parto-b48#primaryimage","url":"https:\/\/buscoequipomedico.com\/wp-content\/uploads\/2020\/02\/cama-obstetrica-electrica-para-parto-b48-cama-obstetrica-electrica-para-labor-de-parto-modelo-b48-1-estructura-de-cama-de-acero.jpg","contentUrl":"https:\/\/buscoequipomedico.com\/wp-content\/uploads\/2020\/02\/cama-obstetrica-electrica-para-parto-b48-cama-obstetrica-electrica-para-labor-de-parto-modelo-b48-1-estructura-de-cama-de-acero.jpg","width":800,"height":800},{"@type":"BreadcrumbList","@id":"https:\/\/buscoequipomedico.com\/?product=cama-obstetrica-electrica-para-parto-b48#breadcrumb","itemListElement":[{"@type":"ListItem","position":1,"name":"Productos","item":"https:\/\/buscoequipomedico.com\/shop\/"},{"@type":"ListItem","position":2,"name":"CAMA OBST\u00c9TRICA EL\u00c9CTRICA PARA PARTO B48"}]},{"@type":"WebSite","@id":"https:\/\/buscoequipomedico.com\/#website","url":"https:\/\/buscoequipomedico.com\/","name":"Tu mejor opci\u00f3n Equipo M\u00e9dico M\u00e9xico","description":"Tienda de equipo m\u00e9dico","publisher":{"@id":"https:\/\/buscoequipomedico.com\/#organization"},"potentialAction":[{"@type":"SearchAction","target":{"@type":"EntryPoint","urlTemplate":"https:\/\/buscoequipomedico.com\/?s={search_term_string}"},"query-input":{"@type":"PropertyValueSpecification","valueRequired":true,"valueName":"search_term_string"}}],"inLanguage":"es"},{"@type":"Organization","@id":"https:\/\/buscoequipomedico.com\/#organization","name":"Tu mejor opci\u00f3n Equipo M\u00e9dico M\u00e9xico","url":"https:\/\/buscoequipomedico.com\/","logo":{"@type":"ImageObject","inLanguage":"es","@id":"https:\/\/buscoequipomedico.com\/#\/schema\/logo\/image\/","url":"https:\/\/buscoequipomedico.com\/wp-content\/uploads\/2021\/07\/EMM-VPrincipal-scaled.jpg","contentUrl":"https:\/\/buscoequipomedico.com\/wp-content\/uploads\/2021\/07\/EMM-VPrincipal-scaled.jpg","width":2560,"height":1058,"caption":"Tu mejor opci\u00f3n Equipo M\u00e9dico M\u00e9xico"},"image":{"@id":"https:\/\/buscoequipomedico.com\/#\/schema\/logo\/image\/"}}]}},"_links":{"self":[{"href":"https:\/\/buscoequipomedico.com\/index.php?rest_route=\/wp\/v2\/product\/11373","targetHints":{"allow":["GET"]}}],"collection":[{"href":"https:\/\/buscoequipomedico.com\/index.php?rest_route=\/wp\/v2\/product"}],"about":[{"href":"https:\/\/buscoequipomedico.com\/index.php?rest_route=\/wp\/v2\/types\/product"}],"wp:featuredmedia":[{"embeddable":true,"href":"https:\/\/buscoequipomedico.com\/index.php?rest_route=\/wp\/v2\/media\/11374"}],"wp:attachment":[{"href":"https:\/\/buscoequipomedico.com\/index.php?rest_route=%2Fwp%2Fv2%2Fmedia&parent=11373"}],"wp:term":[{"taxonomy":"product_brand","embeddable":true,"href":"https:\/\/buscoequipomedico.com\/index.php?rest_route=%2Fwp%2Fv2%2Fproduct_brand&post=11373"},{"taxonomy":"product_cat","embeddable":true,"href":"https:\/\/buscoequipomedico.com\/index.php?rest_route=%2Fwp%2Fv2%2Fproduct_cat&post=11373"},{"taxonomy":"product_tag","embeddable":true,"href":"https:\/\/buscoequipomedico.com\/index.php?rest_route=%2Fwp%2Fv2%2Fproduct_tag&post=11373"}],"curies":[{"name":"wp","href":"https:\/\/api.w.org\/{rel}","templated":true}]}}