{"id":11375,"date":"2020-02-18T07:32:32","date_gmt":"2020-02-18T07:32:32","guid":{"rendered":"https:\/\/equipomedicomexico-com.preview-domain.com\/product\/cama-electrica-3-posiciones-rango-40-60-cms\/"},"modified":"2020-02-18T07:32:36","modified_gmt":"2020-02-18T07:32:36","slug":"cama-electrica-3-posiciones-rango-40-60-cms","status":"publish","type":"product","link":"https:\/\/buscoequipomedico.com\/?product=cama-electrica-3-posiciones-rango-40-60-cms","title":{"rendered":"Cama el\u00e9ctrica 3 posiciones rango 40 &#8211; 60 cms"},"content":{"rendered":"<p><span>Cama El\u00e9ctrica de 3 Posiciones.<\/span><\/p>\n<p><span>Fabricada a base de polvo de acero.<\/span><\/p>\n<p><span>La base de la cama esta fabricada a base de acero con recubrimiento de polvo de acero.<\/span><\/p>\n<p><span>La superficie de la cama as\u00ed como los barandales est\u00e1n fabricados a base pl\u00e1stico ABS.<\/span><\/p>\n<p><span>Los barandales est\u00e1n fabricados a base de acero y recubiertos de POM (Polioximetileno).<\/span><\/p>\n<p><span>Control de la cama es de manera colgante.<\/span><\/p>\n<p><span>Sistema de 3 motores.<\/span><\/p>\n<p><span><\/span><\/p>\n<p><span>Cama de m\u00faltiples funciones que permite brindar un nivel m\u00e1s alto de cuidados m\u00e9dicos y hospitalarios.<\/span><\/p>\n<p><span>Los barandales brindan protecci\u00f3n ante movimientos bruscos e inesperados.<\/span><\/p>\n<p><span>Sus ruedas permiten la movilidad de la cama, lo que facilita la limpieza y da cierta movilidad al paciente. Al colocar el freno, se impide cualquier tipo de movimiento.<\/span><\/p>\n<p><span> <\/span><\/p>\n<p><span>Cuenta con la certificaci\u00f3n CE, LVD, EMC, GMP y la normatividad ISO-9001 e ISO 13485.<\/span><\/p>\n<\/p>\n<p><span> <\/span><\/p>\n<p>\u00a0<\/p>\n<p> \u00a0 <\/p>\n<p><span>Dimensiones:\u00a0<\/span><span>200 cm de largo x 94 cm de ancho.<\/span><\/p>\n<p><span>Base de la cama:\u00a0<\/span><span>185.4 cm de largo x 84 de ancho.<\/span><\/p>\n<p><span>Alto de la base de la cama:\u00a0<\/span><span>40-60 cm.<\/span><\/p>\n<p><span>\u00c1ngulo de elevaci\u00f3n de la cabeza:\u00a0<\/span><span>0-80\u00b0.<\/span><\/p>\n<p><span>\u00c1ngulo de elevaci\u00f3n de las rodillas:<\/span><span>\u00a00-40\u00b0.<\/span><\/p>\n<p><span>Altura ajustable:<\/span><span>\u00a0<\/span><span>20 cm.<\/span><\/p>\n<p><span>Di\u00e1metro de llantas:\u00a0<\/span><span>12.7 cm<\/span><span>.<\/span><\/p><\/p>\n","protected":false},"excerpt":{"rendered":"<p><\/p>\n<p><span>Dise\u00f1ada para la c\u00f3moda estancia del paciente en el hospital u hogar.<\/span><\/p>\n<p><span>Su sistema de ajuste el\u00e9ctrico permite que el paciente se acomode a su gusto sin requerir de la ayuda de terceros.<\/span><\/p>\n","protected":false},"featured_media":11376,"template":"","meta":{"_joinchat":[]},"product_brand":[],"product_cat":[196,197],"product_tag":[],"class_list":{"0":"post-11375","1":"product","2":"type-product","3":"status-publish","4":"has-post-thumbnail","6":"product_cat-camas","7":"product_cat-camas-electricas","8":"pa_marca-joson-care","10":"first","11":"instock","12":"purchasable","13":"product-type-simple"},"yoast_head":"<!-- This site is optimized with the Yoast SEO plugin v25.1 - https:\/\/yoast.com\/wordpress\/plugins\/seo\/ -->\n<title>Cama el\u00e9ctrica 3 posiciones rango 40 - 60 cms - Tu mejor opci\u00f3n Equipo M\u00e9dico M\u00e9xico<\/title>\n<meta name=\"robots\" content=\"index, follow, max-snippet:-1, max-image-preview:large, max-video-preview:-1\" \/>\n<link rel=\"canonical\" href=\"https:\/\/buscoequipomedico.com\/?product=cama-electrica-3-posiciones-rango-40-60-cms\" \/>\n<meta property=\"og:locale\" content=\"es_ES\" \/>\n<meta property=\"og:type\" content=\"article\" \/>\n<meta property=\"og:title\" content=\"Cama el\u00e9ctrica 3 posiciones rango 40 - 60 cms - Tu mejor opci\u00f3n Equipo M\u00e9dico M\u00e9xico\" \/>\n<meta property=\"og:description\" content=\"Dise\u00f1ada para la c\u00f3moda estancia del paciente en el hospital u hogar. Su sistema de ajuste el\u00e9ctrico permite que el paciente se acomode a su gusto sin requerir de la ayuda de terceros.\" \/>\n<meta property=\"og:url\" content=\"https:\/\/buscoequipomedico.com\/?product=cama-electrica-3-posiciones-rango-40-60-cms\" \/>\n<meta property=\"og:site_name\" content=\"Tu mejor opci\u00f3n Equipo M\u00e9dico M\u00e9xico\" \/>\n<meta property=\"article:modified_time\" content=\"2020-02-18T07:32:36+00:00\" \/>\n<meta property=\"og:image\" content=\"https:\/\/buscoequipomedico.com\/wp-content\/uploads\/2020\/02\/cama-electrica-3-posiciones-rango-40-60-cms-disenada-para-la-comoda-estancia-del-paciente-en-el-hospital-u-hogar-su-sistema-de-a.jpg\" \/>\n\t<meta property=\"og:image:width\" content=\"800\" \/>\n\t<meta property=\"og:image:height\" content=\"800\" \/>\n\t<meta property=\"og:image:type\" content=\"image\/png\" \/>\n<meta name=\"twitter:card\" content=\"summary_large_image\" \/>\n<meta name=\"twitter:label1\" content=\"Tiempo de lectura\" \/>\n\t<meta name=\"twitter:data1\" content=\"1 minuto\" \/>\n<script type=\"application\/ld+json\" class=\"yoast-schema-graph\">{\"@context\":\"https:\/\/schema.org\",\"@graph\":[{\"@type\":\"WebPage\",\"@id\":\"https:\/\/buscoequipomedico.com\/?product=cama-electrica-3-posiciones-rango-40-60-cms\",\"url\":\"https:\/\/buscoequipomedico.com\/?product=cama-electrica-3-posiciones-rango-40-60-cms\",\"name\":\"Cama el\u00e9ctrica 3 posiciones rango 40 - 60 cms - Tu mejor opci\u00f3n Equipo M\u00e9dico M\u00e9xico\",\"isPartOf\":{\"@id\":\"https:\/\/buscoequipomedico.com\/#website\"},\"primaryImageOfPage\":{\"@id\":\"https:\/\/buscoequipomedico.com\/?product=cama-electrica-3-posiciones-rango-40-60-cms#primaryimage\"},\"image\":{\"@id\":\"https:\/\/buscoequipomedico.com\/?product=cama-electrica-3-posiciones-rango-40-60-cms#primaryimage\"},\"thumbnailUrl\":\"https:\/\/buscoequipomedico.com\/wp-content\/uploads\/2020\/02\/cama-electrica-3-posiciones-rango-40-60-cms-disenada-para-la-comoda-estancia-del-paciente-en-el-hospital-u-hogar-su-sistema-de-a.jpg\",\"datePublished\":\"2020-02-18T07:32:32+00:00\",\"dateModified\":\"2020-02-18T07:32:36+00:00\",\"breadcrumb\":{\"@id\":\"https:\/\/buscoequipomedico.com\/?product=cama-electrica-3-posiciones-rango-40-60-cms#breadcrumb\"},\"inLanguage\":\"es\",\"potentialAction\":[{\"@type\":\"ReadAction\",\"target\":[\"https:\/\/buscoequipomedico.com\/?product=cama-electrica-3-posiciones-rango-40-60-cms\"]}]},{\"@type\":\"ImageObject\",\"inLanguage\":\"es\",\"@id\":\"https:\/\/buscoequipomedico.com\/?product=cama-electrica-3-posiciones-rango-40-60-cms#primaryimage\",\"url\":\"https:\/\/buscoequipomedico.com\/wp-content\/uploads\/2020\/02\/cama-electrica-3-posiciones-rango-40-60-cms-disenada-para-la-comoda-estancia-del-paciente-en-el-hospital-u-hogar-su-sistema-de-a.jpg\",\"contentUrl\":\"https:\/\/buscoequipomedico.com\/wp-content\/uploads\/2020\/02\/cama-electrica-3-posiciones-rango-40-60-cms-disenada-para-la-comoda-estancia-del-paciente-en-el-hospital-u-hogar-su-sistema-de-a.jpg\",\"width\":800,\"height\":800},{\"@type\":\"BreadcrumbList\",\"@id\":\"https:\/\/buscoequipomedico.com\/?product=cama-electrica-3-posiciones-rango-40-60-cms#breadcrumb\",\"itemListElement\":[{\"@type\":\"ListItem\",\"position\":1,\"name\":\"Productos\",\"item\":\"https:\/\/buscoequipomedico.com\/shop\/\"},{\"@type\":\"ListItem\",\"position\":2,\"name\":\"Cama el\u00e9ctrica 3 posiciones rango 40 &#8211; 60 cms\"}]},{\"@type\":\"WebSite\",\"@id\":\"https:\/\/buscoequipomedico.com\/#website\",\"url\":\"https:\/\/buscoequipomedico.com\/\",\"name\":\"Tu mejor opci\u00f3n Equipo M\u00e9dico M\u00e9xico\",\"description\":\"Tienda de equipo m\u00e9dico\",\"publisher\":{\"@id\":\"https:\/\/buscoequipomedico.com\/#organization\"},\"potentialAction\":[{\"@type\":\"SearchAction\",\"target\":{\"@type\":\"EntryPoint\",\"urlTemplate\":\"https:\/\/buscoequipomedico.com\/?s={search_term_string}\"},\"query-input\":{\"@type\":\"PropertyValueSpecification\",\"valueRequired\":true,\"valueName\":\"search_term_string\"}}],\"inLanguage\":\"es\"},{\"@type\":\"Organization\",\"@id\":\"https:\/\/buscoequipomedico.com\/#organization\",\"name\":\"Tu mejor opci\u00f3n Equipo M\u00e9dico M\u00e9xico\",\"url\":\"https:\/\/buscoequipomedico.com\/\",\"logo\":{\"@type\":\"ImageObject\",\"inLanguage\":\"es\",\"@id\":\"https:\/\/buscoequipomedico.com\/#\/schema\/logo\/image\/\",\"url\":\"https:\/\/buscoequipomedico.com\/wp-content\/uploads\/2021\/07\/EMM-VPrincipal-scaled.jpg\",\"contentUrl\":\"https:\/\/buscoequipomedico.com\/wp-content\/uploads\/2021\/07\/EMM-VPrincipal-scaled.jpg\",\"width\":2560,\"height\":1058,\"caption\":\"Tu mejor opci\u00f3n Equipo M\u00e9dico M\u00e9xico\"},\"image\":{\"@id\":\"https:\/\/buscoequipomedico.com\/#\/schema\/logo\/image\/\"}}]}<\/script>\n<!-- \/ Yoast SEO plugin. -->","yoast_head_json":{"title":"Cama el\u00e9ctrica 3 posiciones rango 40 - 60 cms - Tu mejor opci\u00f3n Equipo M\u00e9dico M\u00e9xico","robots":{"index":"index","follow":"follow","max-snippet":"max-snippet:-1","max-image-preview":"max-image-preview:large","max-video-preview":"max-video-preview:-1"},"canonical":"https:\/\/buscoequipomedico.com\/?product=cama-electrica-3-posiciones-rango-40-60-cms","og_locale":"es_ES","og_type":"article","og_title":"Cama el\u00e9ctrica 3 posiciones rango 40 - 60 cms - Tu mejor opci\u00f3n Equipo M\u00e9dico M\u00e9xico","og_description":"Dise\u00f1ada para la c\u00f3moda estancia del paciente en el hospital u hogar. Su sistema de ajuste el\u00e9ctrico permite que el paciente se acomode a su gusto sin requerir de la ayuda de terceros.","og_url":"https:\/\/buscoequipomedico.com\/?product=cama-electrica-3-posiciones-rango-40-60-cms","og_site_name":"Tu mejor opci\u00f3n Equipo M\u00e9dico M\u00e9xico","article_modified_time":"2020-02-18T07:32:36+00:00","og_image":[{"width":800,"height":800,"url":"https:\/\/buscoequipomedico.com\/wp-content\/uploads\/2020\/02\/cama-electrica-3-posiciones-rango-40-60-cms-disenada-para-la-comoda-estancia-del-paciente-en-el-hospital-u-hogar-su-sistema-de-a.jpg","type":"image\/png"}],"twitter_card":"summary_large_image","twitter_misc":{"Tiempo de lectura":"1 minuto"},"schema":{"@context":"https:\/\/schema.org","@graph":[{"@type":"WebPage","@id":"https:\/\/buscoequipomedico.com\/?product=cama-electrica-3-posiciones-rango-40-60-cms","url":"https:\/\/buscoequipomedico.com\/?product=cama-electrica-3-posiciones-rango-40-60-cms","name":"Cama el\u00e9ctrica 3 posiciones rango 40 - 60 cms - Tu mejor opci\u00f3n Equipo M\u00e9dico M\u00e9xico","isPartOf":{"@id":"https:\/\/buscoequipomedico.com\/#website"},"primaryImageOfPage":{"@id":"https:\/\/buscoequipomedico.com\/?product=cama-electrica-3-posiciones-rango-40-60-cms#primaryimage"},"image":{"@id":"https:\/\/buscoequipomedico.com\/?product=cama-electrica-3-posiciones-rango-40-60-cms#primaryimage"},"thumbnailUrl":"https:\/\/buscoequipomedico.com\/wp-content\/uploads\/2020\/02\/cama-electrica-3-posiciones-rango-40-60-cms-disenada-para-la-comoda-estancia-del-paciente-en-el-hospital-u-hogar-su-sistema-de-a.jpg","datePublished":"2020-02-18T07:32:32+00:00","dateModified":"2020-02-18T07:32:36+00:00","breadcrumb":{"@id":"https:\/\/buscoequipomedico.com\/?product=cama-electrica-3-posiciones-rango-40-60-cms#breadcrumb"},"inLanguage":"es","potentialAction":[{"@type":"ReadAction","target":["https:\/\/buscoequipomedico.com\/?product=cama-electrica-3-posiciones-rango-40-60-cms"]}]},{"@type":"ImageObject","inLanguage":"es","@id":"https:\/\/buscoequipomedico.com\/?product=cama-electrica-3-posiciones-rango-40-60-cms#primaryimage","url":"https:\/\/buscoequipomedico.com\/wp-content\/uploads\/2020\/02\/cama-electrica-3-posiciones-rango-40-60-cms-disenada-para-la-comoda-estancia-del-paciente-en-el-hospital-u-hogar-su-sistema-de-a.jpg","contentUrl":"https:\/\/buscoequipomedico.com\/wp-content\/uploads\/2020\/02\/cama-electrica-3-posiciones-rango-40-60-cms-disenada-para-la-comoda-estancia-del-paciente-en-el-hospital-u-hogar-su-sistema-de-a.jpg","width":800,"height":800},{"@type":"BreadcrumbList","@id":"https:\/\/buscoequipomedico.com\/?product=cama-electrica-3-posiciones-rango-40-60-cms#breadcrumb","itemListElement":[{"@type":"ListItem","position":1,"name":"Productos","item":"https:\/\/buscoequipomedico.com\/shop\/"},{"@type":"ListItem","position":2,"name":"Cama el\u00e9ctrica 3 posiciones rango 40 &#8211; 60 cms"}]},{"@type":"WebSite","@id":"https:\/\/buscoequipomedico.com\/#website","url":"https:\/\/buscoequipomedico.com\/","name":"Tu mejor opci\u00f3n Equipo M\u00e9dico M\u00e9xico","description":"Tienda de equipo m\u00e9dico","publisher":{"@id":"https:\/\/buscoequipomedico.com\/#organization"},"potentialAction":[{"@type":"SearchAction","target":{"@type":"EntryPoint","urlTemplate":"https:\/\/buscoequipomedico.com\/?s={search_term_string}"},"query-input":{"@type":"PropertyValueSpecification","valueRequired":true,"valueName":"search_term_string"}}],"inLanguage":"es"},{"@type":"Organization","@id":"https:\/\/buscoequipomedico.com\/#organization","name":"Tu mejor opci\u00f3n Equipo M\u00e9dico M\u00e9xico","url":"https:\/\/buscoequipomedico.com\/","logo":{"@type":"ImageObject","inLanguage":"es","@id":"https:\/\/buscoequipomedico.com\/#\/schema\/logo\/image\/","url":"https:\/\/buscoequipomedico.com\/wp-content\/uploads\/2021\/07\/EMM-VPrincipal-scaled.jpg","contentUrl":"https:\/\/buscoequipomedico.com\/wp-content\/uploads\/2021\/07\/EMM-VPrincipal-scaled.jpg","width":2560,"height":1058,"caption":"Tu mejor opci\u00f3n Equipo M\u00e9dico M\u00e9xico"},"image":{"@id":"https:\/\/buscoequipomedico.com\/#\/schema\/logo\/image\/"}}]}},"_links":{"self":[{"href":"https:\/\/buscoequipomedico.com\/index.php?rest_route=\/wp\/v2\/product\/11375","targetHints":{"allow":["GET"]}}],"collection":[{"href":"https:\/\/buscoequipomedico.com\/index.php?rest_route=\/wp\/v2\/product"}],"about":[{"href":"https:\/\/buscoequipomedico.com\/index.php?rest_route=\/wp\/v2\/types\/product"}],"wp:featuredmedia":[{"embeddable":true,"href":"https:\/\/buscoequipomedico.com\/index.php?rest_route=\/wp\/v2\/media\/11376"}],"wp:attachment":[{"href":"https:\/\/buscoequipomedico.com\/index.php?rest_route=%2Fwp%2Fv2%2Fmedia&parent=11375"}],"wp:term":[{"taxonomy":"product_brand","embeddable":true,"href":"https:\/\/buscoequipomedico.com\/index.php?rest_route=%2Fwp%2Fv2%2Fproduct_brand&post=11375"},{"taxonomy":"product_cat","embeddable":true,"href":"https:\/\/buscoequipomedico.com\/index.php?rest_route=%2Fwp%2Fv2%2Fproduct_cat&post=11375"},{"taxonomy":"product_tag","embeddable":true,"href":"https:\/\/buscoequipomedico.com\/index.php?rest_route=%2Fwp%2Fv2%2Fproduct_tag&post=11375"}],"curies":[{"name":"wp","href":"https:\/\/api.w.org\/{rel}","templated":true}]}}