{"id":11377,"date":"2020-02-18T07:32:32","date_gmt":"2020-02-18T07:32:32","guid":{"rendered":"https:\/\/equipomedicomexico-com.preview-domain.com\/product\/cama-electrica-de-5-posiciones-trendelenburg-especial-para-uci\/"},"modified":"2020-02-18T07:32:36","modified_gmt":"2020-02-18T07:32:36","slug":"cama-electrica-de-5-posiciones-trendelenburg-especial-para-uci","status":"publish","type":"product","link":"https:\/\/buscoequipomedico.com\/?product=cama-electrica-de-5-posiciones-trendelenburg-especial-para-uci","title":{"rendered":"CAMA ELECTRICA DE 5 POSICIONES TRENDELENBURG ESPECIAL PARA UCI"},"content":{"rendered":"<p>ESPECIFICACIONES<\/p>\n<p>Dimensiones:<\/p>\n<p>Largo Total: 250 cm.<\/p>\n<p>Ancho de la cama sin barandales: 96 cm.<\/p>\n<p>Ancho de la cama con barandales: 107 cm.<\/p>\n<p>Ancho de la cama con los barandales debajo de su posici\u00f3n: 131 cm.<\/p>\n<p>Altura m\u00e1xima del barandal: 34.7 cm.<\/p>\n<p>Base del colch\u00f3n: 202 cm x 92.5 cm.<\/p>\n<p>Altura de la cama sin colch\u00f3n: M\u00e1xima 75 cm. M\u00ednima 45 cm.<\/p>\n<p>\u00c1ngulo de elevaci\u00f3n de la cabeza: 0-75\u00b0.<\/p>\n<p>\u00c1ngulo de elevaci\u00f3n de las rodillas: 0-22\u00b0.<\/p>\n<p>Trendelenburg \u00e1ngulo: +\/-11\u00b0.<\/p>\n<p>Di\u00e1metro de las llantas: 12.7 cm.<\/p>\n<p>Soporta 225 kg<\/p>\n<p>USOS<\/p>\n<p>Dise\u00f1ada para la c\u00f3moda estancia del paciente en el hospital u hogar.<\/p>\n<p>Su sistema de ajuste el\u00e9ctrico permite que el paciente se acomode a su gusto sin requerir ayuda de terceros.<\/p>\n<p>\u00a0<\/p>\n<p>Cama de m\u00faltiples funciones que permite brindar un nivel m\u00e1s alto de cuidados m\u00e9dicos y hospitalarios, as\u00ed mismo los barandales brindan protecci\u00f3n ante movimientos bruscos e inesperados.<\/p>\n<p>Cuenta con la certificaci\u00f3n CE, LVD, EMC, GMP y la normatividad ISO-9001 e ISO 13485<\/p>\n","protected":false},"excerpt":{"rendered":"<p>Fabricado a base de polvo de acero, la superficie de la cama y los barandales son a base de pl\u00e1stico ABS.<\/p>\n<p>Los controles de la cama se encuentran en los barandales.<\/p>\n<p>Con sistema central de frenado.<\/p>\n<p>La superficie de la cama est\u00e1 fabricada para que se pueda hacer la toma X-Ray.<\/p>\n","protected":false},"featured_media":11378,"template":"","meta":{"_joinchat":[]},"product_brand":[],"product_cat":[196,197],"product_tag":[],"class_list":{"0":"post-11377","1":"product","2":"type-product","3":"status-publish","4":"has-post-thumbnail","6":"product_cat-camas","7":"product_cat-camas-electricas","8":"pa_marca-joson-care","10":"first","11":"instock","12":"purchasable","13":"product-type-simple"},"yoast_head":"<!-- This site is optimized with the Yoast SEO plugin v25.1 - https:\/\/yoast.com\/wordpress\/plugins\/seo\/ -->\n<title>CAMA ELECTRICA DE 5 POSICIONES TRENDELENBURG ESPECIAL PARA UCI - Tu mejor opci\u00f3n Equipo M\u00e9dico M\u00e9xico<\/title>\n<meta name=\"robots\" content=\"index, follow, max-snippet:-1, max-image-preview:large, max-video-preview:-1\" \/>\n<link rel=\"canonical\" href=\"https:\/\/buscoequipomedico.com\/?product=cama-electrica-de-5-posiciones-trendelenburg-especial-para-uci\" \/>\n<meta property=\"og:locale\" content=\"es_ES\" \/>\n<meta property=\"og:type\" content=\"article\" \/>\n<meta property=\"og:title\" content=\"CAMA ELECTRICA DE 5 POSICIONES TRENDELENBURG ESPECIAL PARA UCI - Tu mejor opci\u00f3n Equipo M\u00e9dico M\u00e9xico\" \/>\n<meta property=\"og:description\" content=\"Fabricado a base de polvo de acero, la superficie de la cama y los barandales son a base de pl\u00e1stico ABS. Los controles de la cama se encuentran en los barandales. Con sistema central de frenado. La superficie de la cama est\u00e1 fabricada para que se pueda hacer la toma X-Ray.\" \/>\n<meta property=\"og:url\" content=\"https:\/\/buscoequipomedico.com\/?product=cama-electrica-de-5-posiciones-trendelenburg-especial-para-uci\" \/>\n<meta property=\"og:site_name\" content=\"Tu mejor opci\u00f3n Equipo M\u00e9dico M\u00e9xico\" \/>\n<meta property=\"article:modified_time\" content=\"2020-02-18T07:32:36+00:00\" \/>\n<meta property=\"og:image\" content=\"https:\/\/buscoequipomedico.com\/wp-content\/uploads\/2020\/02\/cama-electrica-de-5-posiciones-trendelenburg-especial-para-uci-fabricado-a-base-de-polvo-de-acero-la-superficie-de-la-cama-y-los.jpg\" \/>\n\t<meta property=\"og:image:width\" content=\"800\" \/>\n\t<meta property=\"og:image:height\" content=\"800\" \/>\n\t<meta property=\"og:image:type\" content=\"image\/png\" \/>\n<meta name=\"twitter:card\" content=\"summary_large_image\" \/>\n<meta name=\"twitter:label1\" content=\"Tiempo de lectura\" \/>\n\t<meta name=\"twitter:data1\" content=\"1 minuto\" \/>\n<script type=\"application\/ld+json\" class=\"yoast-schema-graph\">{\"@context\":\"https:\/\/schema.org\",\"@graph\":[{\"@type\":\"WebPage\",\"@id\":\"https:\/\/buscoequipomedico.com\/?product=cama-electrica-de-5-posiciones-trendelenburg-especial-para-uci\",\"url\":\"https:\/\/buscoequipomedico.com\/?product=cama-electrica-de-5-posiciones-trendelenburg-especial-para-uci\",\"name\":\"CAMA ELECTRICA DE 5 POSICIONES TRENDELENBURG ESPECIAL PARA UCI - Tu mejor opci\u00f3n Equipo M\u00e9dico M\u00e9xico\",\"isPartOf\":{\"@id\":\"https:\/\/buscoequipomedico.com\/#website\"},\"primaryImageOfPage\":{\"@id\":\"https:\/\/buscoequipomedico.com\/?product=cama-electrica-de-5-posiciones-trendelenburg-especial-para-uci#primaryimage\"},\"image\":{\"@id\":\"https:\/\/buscoequipomedico.com\/?product=cama-electrica-de-5-posiciones-trendelenburg-especial-para-uci#primaryimage\"},\"thumbnailUrl\":\"https:\/\/buscoequipomedico.com\/wp-content\/uploads\/2020\/02\/cama-electrica-de-5-posiciones-trendelenburg-especial-para-uci-fabricado-a-base-de-polvo-de-acero-la-superficie-de-la-cama-y-los.jpg\",\"datePublished\":\"2020-02-18T07:32:32+00:00\",\"dateModified\":\"2020-02-18T07:32:36+00:00\",\"breadcrumb\":{\"@id\":\"https:\/\/buscoequipomedico.com\/?product=cama-electrica-de-5-posiciones-trendelenburg-especial-para-uci#breadcrumb\"},\"inLanguage\":\"es\",\"potentialAction\":[{\"@type\":\"ReadAction\",\"target\":[\"https:\/\/buscoequipomedico.com\/?product=cama-electrica-de-5-posiciones-trendelenburg-especial-para-uci\"]}]},{\"@type\":\"ImageObject\",\"inLanguage\":\"es\",\"@id\":\"https:\/\/buscoequipomedico.com\/?product=cama-electrica-de-5-posiciones-trendelenburg-especial-para-uci#primaryimage\",\"url\":\"https:\/\/buscoequipomedico.com\/wp-content\/uploads\/2020\/02\/cama-electrica-de-5-posiciones-trendelenburg-especial-para-uci-fabricado-a-base-de-polvo-de-acero-la-superficie-de-la-cama-y-los.jpg\",\"contentUrl\":\"https:\/\/buscoequipomedico.com\/wp-content\/uploads\/2020\/02\/cama-electrica-de-5-posiciones-trendelenburg-especial-para-uci-fabricado-a-base-de-polvo-de-acero-la-superficie-de-la-cama-y-los.jpg\",\"width\":800,\"height\":800},{\"@type\":\"BreadcrumbList\",\"@id\":\"https:\/\/buscoequipomedico.com\/?product=cama-electrica-de-5-posiciones-trendelenburg-especial-para-uci#breadcrumb\",\"itemListElement\":[{\"@type\":\"ListItem\",\"position\":1,\"name\":\"Productos\",\"item\":\"https:\/\/buscoequipomedico.com\/shop\/\"},{\"@type\":\"ListItem\",\"position\":2,\"name\":\"CAMA ELECTRICA DE 5 POSICIONES TRENDELENBURG ESPECIAL PARA UCI\"}]},{\"@type\":\"WebSite\",\"@id\":\"https:\/\/buscoequipomedico.com\/#website\",\"url\":\"https:\/\/buscoequipomedico.com\/\",\"name\":\"Tu mejor opci\u00f3n Equipo M\u00e9dico M\u00e9xico\",\"description\":\"Tienda de equipo m\u00e9dico\",\"publisher\":{\"@id\":\"https:\/\/buscoequipomedico.com\/#organization\"},\"potentialAction\":[{\"@type\":\"SearchAction\",\"target\":{\"@type\":\"EntryPoint\",\"urlTemplate\":\"https:\/\/buscoequipomedico.com\/?s={search_term_string}\"},\"query-input\":{\"@type\":\"PropertyValueSpecification\",\"valueRequired\":true,\"valueName\":\"search_term_string\"}}],\"inLanguage\":\"es\"},{\"@type\":\"Organization\",\"@id\":\"https:\/\/buscoequipomedico.com\/#organization\",\"name\":\"Tu mejor opci\u00f3n Equipo M\u00e9dico M\u00e9xico\",\"url\":\"https:\/\/buscoequipomedico.com\/\",\"logo\":{\"@type\":\"ImageObject\",\"inLanguage\":\"es\",\"@id\":\"https:\/\/buscoequipomedico.com\/#\/schema\/logo\/image\/\",\"url\":\"https:\/\/buscoequipomedico.com\/wp-content\/uploads\/2021\/07\/EMM-VPrincipal-scaled.jpg\",\"contentUrl\":\"https:\/\/buscoequipomedico.com\/wp-content\/uploads\/2021\/07\/EMM-VPrincipal-scaled.jpg\",\"width\":2560,\"height\":1058,\"caption\":\"Tu mejor opci\u00f3n Equipo M\u00e9dico M\u00e9xico\"},\"image\":{\"@id\":\"https:\/\/buscoequipomedico.com\/#\/schema\/logo\/image\/\"}}]}<\/script>\n<!-- \/ Yoast SEO plugin. -->","yoast_head_json":{"title":"CAMA ELECTRICA DE 5 POSICIONES TRENDELENBURG ESPECIAL PARA UCI - Tu mejor opci\u00f3n Equipo M\u00e9dico M\u00e9xico","robots":{"index":"index","follow":"follow","max-snippet":"max-snippet:-1","max-image-preview":"max-image-preview:large","max-video-preview":"max-video-preview:-1"},"canonical":"https:\/\/buscoequipomedico.com\/?product=cama-electrica-de-5-posiciones-trendelenburg-especial-para-uci","og_locale":"es_ES","og_type":"article","og_title":"CAMA ELECTRICA DE 5 POSICIONES TRENDELENBURG ESPECIAL PARA UCI - Tu mejor opci\u00f3n Equipo M\u00e9dico M\u00e9xico","og_description":"Fabricado a base de polvo de acero, la superficie de la cama y los barandales son a base de pl\u00e1stico ABS. Los controles de la cama se encuentran en los barandales. Con sistema central de frenado. La superficie de la cama est\u00e1 fabricada para que se pueda hacer la toma X-Ray.","og_url":"https:\/\/buscoequipomedico.com\/?product=cama-electrica-de-5-posiciones-trendelenburg-especial-para-uci","og_site_name":"Tu mejor opci\u00f3n Equipo M\u00e9dico M\u00e9xico","article_modified_time":"2020-02-18T07:32:36+00:00","og_image":[{"width":800,"height":800,"url":"https:\/\/buscoequipomedico.com\/wp-content\/uploads\/2020\/02\/cama-electrica-de-5-posiciones-trendelenburg-especial-para-uci-fabricado-a-base-de-polvo-de-acero-la-superficie-de-la-cama-y-los.jpg","type":"image\/png"}],"twitter_card":"summary_large_image","twitter_misc":{"Tiempo de lectura":"1 minuto"},"schema":{"@context":"https:\/\/schema.org","@graph":[{"@type":"WebPage","@id":"https:\/\/buscoequipomedico.com\/?product=cama-electrica-de-5-posiciones-trendelenburg-especial-para-uci","url":"https:\/\/buscoequipomedico.com\/?product=cama-electrica-de-5-posiciones-trendelenburg-especial-para-uci","name":"CAMA ELECTRICA DE 5 POSICIONES TRENDELENBURG ESPECIAL PARA UCI - Tu mejor opci\u00f3n Equipo M\u00e9dico M\u00e9xico","isPartOf":{"@id":"https:\/\/buscoequipomedico.com\/#website"},"primaryImageOfPage":{"@id":"https:\/\/buscoequipomedico.com\/?product=cama-electrica-de-5-posiciones-trendelenburg-especial-para-uci#primaryimage"},"image":{"@id":"https:\/\/buscoequipomedico.com\/?product=cama-electrica-de-5-posiciones-trendelenburg-especial-para-uci#primaryimage"},"thumbnailUrl":"https:\/\/buscoequipomedico.com\/wp-content\/uploads\/2020\/02\/cama-electrica-de-5-posiciones-trendelenburg-especial-para-uci-fabricado-a-base-de-polvo-de-acero-la-superficie-de-la-cama-y-los.jpg","datePublished":"2020-02-18T07:32:32+00:00","dateModified":"2020-02-18T07:32:36+00:00","breadcrumb":{"@id":"https:\/\/buscoequipomedico.com\/?product=cama-electrica-de-5-posiciones-trendelenburg-especial-para-uci#breadcrumb"},"inLanguage":"es","potentialAction":[{"@type":"ReadAction","target":["https:\/\/buscoequipomedico.com\/?product=cama-electrica-de-5-posiciones-trendelenburg-especial-para-uci"]}]},{"@type":"ImageObject","inLanguage":"es","@id":"https:\/\/buscoequipomedico.com\/?product=cama-electrica-de-5-posiciones-trendelenburg-especial-para-uci#primaryimage","url":"https:\/\/buscoequipomedico.com\/wp-content\/uploads\/2020\/02\/cama-electrica-de-5-posiciones-trendelenburg-especial-para-uci-fabricado-a-base-de-polvo-de-acero-la-superficie-de-la-cama-y-los.jpg","contentUrl":"https:\/\/buscoequipomedico.com\/wp-content\/uploads\/2020\/02\/cama-electrica-de-5-posiciones-trendelenburg-especial-para-uci-fabricado-a-base-de-polvo-de-acero-la-superficie-de-la-cama-y-los.jpg","width":800,"height":800},{"@type":"BreadcrumbList","@id":"https:\/\/buscoequipomedico.com\/?product=cama-electrica-de-5-posiciones-trendelenburg-especial-para-uci#breadcrumb","itemListElement":[{"@type":"ListItem","position":1,"name":"Productos","item":"https:\/\/buscoequipomedico.com\/shop\/"},{"@type":"ListItem","position":2,"name":"CAMA ELECTRICA DE 5 POSICIONES TRENDELENBURG ESPECIAL PARA UCI"}]},{"@type":"WebSite","@id":"https:\/\/buscoequipomedico.com\/#website","url":"https:\/\/buscoequipomedico.com\/","name":"Tu mejor opci\u00f3n Equipo M\u00e9dico M\u00e9xico","description":"Tienda de equipo m\u00e9dico","publisher":{"@id":"https:\/\/buscoequipomedico.com\/#organization"},"potentialAction":[{"@type":"SearchAction","target":{"@type":"EntryPoint","urlTemplate":"https:\/\/buscoequipomedico.com\/?s={search_term_string}"},"query-input":{"@type":"PropertyValueSpecification","valueRequired":true,"valueName":"search_term_string"}}],"inLanguage":"es"},{"@type":"Organization","@id":"https:\/\/buscoequipomedico.com\/#organization","name":"Tu mejor opci\u00f3n Equipo M\u00e9dico M\u00e9xico","url":"https:\/\/buscoequipomedico.com\/","logo":{"@type":"ImageObject","inLanguage":"es","@id":"https:\/\/buscoequipomedico.com\/#\/schema\/logo\/image\/","url":"https:\/\/buscoequipomedico.com\/wp-content\/uploads\/2021\/07\/EMM-VPrincipal-scaled.jpg","contentUrl":"https:\/\/buscoequipomedico.com\/wp-content\/uploads\/2021\/07\/EMM-VPrincipal-scaled.jpg","width":2560,"height":1058,"caption":"Tu mejor opci\u00f3n Equipo M\u00e9dico M\u00e9xico"},"image":{"@id":"https:\/\/buscoequipomedico.com\/#\/schema\/logo\/image\/"}}]}},"_links":{"self":[{"href":"https:\/\/buscoequipomedico.com\/index.php?rest_route=\/wp\/v2\/product\/11377","targetHints":{"allow":["GET"]}}],"collection":[{"href":"https:\/\/buscoequipomedico.com\/index.php?rest_route=\/wp\/v2\/product"}],"about":[{"href":"https:\/\/buscoequipomedico.com\/index.php?rest_route=\/wp\/v2\/types\/product"}],"wp:featuredmedia":[{"embeddable":true,"href":"https:\/\/buscoequipomedico.com\/index.php?rest_route=\/wp\/v2\/media\/11378"}],"wp:attachment":[{"href":"https:\/\/buscoequipomedico.com\/index.php?rest_route=%2Fwp%2Fv2%2Fmedia&parent=11377"}],"wp:term":[{"taxonomy":"product_brand","embeddable":true,"href":"https:\/\/buscoequipomedico.com\/index.php?rest_route=%2Fwp%2Fv2%2Fproduct_brand&post=11377"},{"taxonomy":"product_cat","embeddable":true,"href":"https:\/\/buscoequipomedico.com\/index.php?rest_route=%2Fwp%2Fv2%2Fproduct_cat&post=11377"},{"taxonomy":"product_tag","embeddable":true,"href":"https:\/\/buscoequipomedico.com\/index.php?rest_route=%2Fwp%2Fv2%2Fproduct_tag&post=11377"}],"curies":[{"name":"wp","href":"https:\/\/api.w.org\/{rel}","templated":true}]}}