{"id":11389,"date":"2020-02-18T07:32:37","date_gmt":"2020-02-18T07:32:37","guid":{"rendered":"https:\/\/equipomedicomexico-com.preview-domain.com\/product\/cama-electrica-de-1-posicion\/"},"modified":"2020-02-18T07:32:39","modified_gmt":"2020-02-18T07:32:39","slug":"cama-electrica-de-1-posicion","status":"publish","type":"product","link":"https:\/\/buscoequipomedico.com\/?product=cama-electrica-de-1-posicion","title":{"rendered":"CAMA EL\u00c9CTRICA DE 1 POSICI\u00d3N"},"content":{"rendered":"<ul>\n<li><span>Cama pedi\u00e1trica rodable electromec\u00e1nica de 5 posiciones.<\/span><\/li>\n<li><span>Con sistema el\u00e9ctrico para su operaci\u00f3n, el cual opera con corriente alterna.<\/span><\/li>\n<li><span>Control remoto al\u00e1mbrico para el funcionamiento de los movimientos de la cama.<\/span><\/li>\n<li><span>Con capacidad de carga: 180 Kg.<\/span><\/li>\n<li><span>Permite dar las siguientes posiciones en forma el\u00e9ctrica:<\/span><\/li>\n<li><span><span>\u00a0\u00a0\u00a0\u00a0\u00a0 <\/span>Secci\u00f3n de espalda \u00f3 Fowler de: 0 a 70\u00b0. Secci\u00f3n de Rodilla: 0\u00b0 a 35\u00b0.<\/span><\/li>\n<li><span><span>\u00a0\u00a0\u00a0\u00a0\u00a0 <\/span>Altura ajustable que cubra el rango de 48 a 73 cm (medido de la plataforma de la cama al piso, sin colch\u00f3n).<\/span><\/li>\n<li><span><span>\u00a0\u00a0\u00a0\u00a0\u00a0 <\/span>Trendelemburg: 0\u00b0 a 12\u00b0.<\/span><\/li>\n<li><span><span>\u00a0\u00a0\u00a0\u00a0\u00a0 <\/span>Trendelemburg inverso: 0\u00b0 a 12\u00b0.<\/span><\/li>\n<li><span>Permite dar las siguientes posiciones en forma manual: posici\u00f3n vascular \u00f3 elevaci\u00f3n de pies.<\/span><\/li>\n<li><span>Barandales fabricados en aleaci\u00f3n de aluminio con con 6 separaciones cada uno, con recubrimiento resistente a golpes y a desinfectantes, uno por cada lado de la cama.<\/span><\/li>\n<li><span>Barandales abatibles por debajo de la plataforma para la transferencia segura del paciente.<\/span><\/li>\n<li><span>Barras de los barandales fabricadas en acero inoxidable.<\/span><\/li>\n<li><span>Estructura de cabecera y piesera fabricadas en aleaci\u00f3n de aluminio.<\/span><\/li>\n<li><span>El interior de la cabecera y piesera est\u00e1n fabricados en pol\u00edmero termopl\u00e1stico de f\u00e1cil limpieza y antibacterial, con grabados de motivo infantil.<\/span><\/li>\n<li><span>4 protectores para choques fabricados en polipropileno ubicados en cada esquina de la cama de f\u00e1cil limpieza y con cubierta anti bacterial.<\/span><\/li>\n<li><span>Con ganchos para bolsas de drenaje ubicados en ambos lados de la cama.<\/span><\/li>\n<li><span>Plataforma de la cama dividida en 4 secciones. Fabricada en acero, con acabado en pintura micro pulverizada ep\u00f3xica horneada, que garantiza la resistencia a la adherencia, al impacto, y al rayado de l\u00e1piz 5H.<\/span><\/li>\n<li><span>Superficie de la cama r\u00edgida (sin resortes).<\/span><\/li>\n<li><span>Colch\u00f3n de poliuretano de 10 cm de espesor, con 4 secciones, de alta densidad, antiest\u00e1tico, recubrimiento de material lavable, repelente a l\u00edquidos, retardante al fuego y con funda removible para lavado.<\/span><\/li>\n<li><span>4 ruedas de 12.5 cm de di\u00e1metro, con freno centralizado.<\/span><\/li>\n<li><span>Capacidad para colocar el poste porta soluciones en las 4 esquinas de la cama.<\/span><\/li>\n<\/ul>\n","protected":false},"excerpt":{"rendered":"<p><span>Cama cl\u00ednica electromec\u00e1nica de m\u00faltiples posiciones, rodable, que facilita la atenci\u00f3n del paciente pedi\u00e1trico.<\/span><\/p><\/p>\n","protected":false},"featured_media":11390,"template":"","meta":{"_joinchat":[]},"product_brand":[],"product_cat":[196,197],"product_tag":[],"class_list":{"0":"post-11389","1":"product","2":"type-product","3":"status-publish","4":"has-post-thumbnail","6":"product_cat-camas","7":"product_cat-camas-electricas","8":"pa_marca-bame","10":"first","11":"instock","12":"purchasable","13":"product-type-simple"},"yoast_head":"<!-- This site is optimized with the Yoast SEO plugin v25.1 - https:\/\/yoast.com\/wordpress\/plugins\/seo\/ -->\n<title>CAMA EL\u00c9CTRICA DE 1 POSICI\u00d3N - Tu mejor opci\u00f3n Equipo M\u00e9dico M\u00e9xico<\/title>\n<meta name=\"robots\" content=\"index, follow, max-snippet:-1, max-image-preview:large, max-video-preview:-1\" \/>\n<link rel=\"canonical\" href=\"https:\/\/buscoequipomedico.com\/?product=cama-electrica-de-1-posicion\" \/>\n<meta property=\"og:locale\" content=\"es_ES\" \/>\n<meta property=\"og:type\" content=\"article\" \/>\n<meta property=\"og:title\" content=\"CAMA EL\u00c9CTRICA DE 1 POSICI\u00d3N - Tu mejor opci\u00f3n Equipo M\u00e9dico M\u00e9xico\" \/>\n<meta property=\"og:description\" content=\"Cama cl\u00ednica electromec\u00e1nica de m\u00faltiples posiciones, rodable, que facilita la atenci\u00f3n del paciente pedi\u00e1trico.\" \/>\n<meta property=\"og:url\" content=\"https:\/\/buscoequipomedico.com\/?product=cama-electrica-de-1-posicion\" \/>\n<meta property=\"og:site_name\" content=\"Tu mejor opci\u00f3n Equipo M\u00e9dico M\u00e9xico\" \/>\n<meta property=\"article:modified_time\" content=\"2020-02-18T07:32:39+00:00\" \/>\n<meta property=\"og:image\" content=\"https:\/\/buscoequipomedico.com\/wp-content\/uploads\/2020\/02\/cama-electrica-de-1-posicion-cama-clinica-electromecanica-de-multiples-posiciones-rodable-que-facilita-la-atencion-del-paciente.jpg\" \/>\n\t<meta property=\"og:image:width\" content=\"800\" \/>\n\t<meta property=\"og:image:height\" content=\"800\" \/>\n\t<meta property=\"og:image:type\" content=\"image\/png\" \/>\n<meta name=\"twitter:card\" content=\"summary_large_image\" \/>\n<meta name=\"twitter:label1\" content=\"Tiempo de lectura\" \/>\n\t<meta name=\"twitter:data1\" content=\"2 minutos\" \/>\n<script type=\"application\/ld+json\" class=\"yoast-schema-graph\">{\"@context\":\"https:\/\/schema.org\",\"@graph\":[{\"@type\":\"WebPage\",\"@id\":\"https:\/\/buscoequipomedico.com\/?product=cama-electrica-de-1-posicion\",\"url\":\"https:\/\/buscoequipomedico.com\/?product=cama-electrica-de-1-posicion\",\"name\":\"CAMA EL\u00c9CTRICA DE 1 POSICI\u00d3N - Tu mejor opci\u00f3n Equipo M\u00e9dico M\u00e9xico\",\"isPartOf\":{\"@id\":\"https:\/\/buscoequipomedico.com\/#website\"},\"primaryImageOfPage\":{\"@id\":\"https:\/\/buscoequipomedico.com\/?product=cama-electrica-de-1-posicion#primaryimage\"},\"image\":{\"@id\":\"https:\/\/buscoequipomedico.com\/?product=cama-electrica-de-1-posicion#primaryimage\"},\"thumbnailUrl\":\"https:\/\/buscoequipomedico.com\/wp-content\/uploads\/2020\/02\/cama-electrica-de-1-posicion-cama-clinica-electromecanica-de-multiples-posiciones-rodable-que-facilita-la-atencion-del-paciente.jpg\",\"datePublished\":\"2020-02-18T07:32:37+00:00\",\"dateModified\":\"2020-02-18T07:32:39+00:00\",\"breadcrumb\":{\"@id\":\"https:\/\/buscoequipomedico.com\/?product=cama-electrica-de-1-posicion#breadcrumb\"},\"inLanguage\":\"es\",\"potentialAction\":[{\"@type\":\"ReadAction\",\"target\":[\"https:\/\/buscoequipomedico.com\/?product=cama-electrica-de-1-posicion\"]}]},{\"@type\":\"ImageObject\",\"inLanguage\":\"es\",\"@id\":\"https:\/\/buscoequipomedico.com\/?product=cama-electrica-de-1-posicion#primaryimage\",\"url\":\"https:\/\/buscoequipomedico.com\/wp-content\/uploads\/2020\/02\/cama-electrica-de-1-posicion-cama-clinica-electromecanica-de-multiples-posiciones-rodable-que-facilita-la-atencion-del-paciente.jpg\",\"contentUrl\":\"https:\/\/buscoequipomedico.com\/wp-content\/uploads\/2020\/02\/cama-electrica-de-1-posicion-cama-clinica-electromecanica-de-multiples-posiciones-rodable-que-facilita-la-atencion-del-paciente.jpg\",\"width\":800,\"height\":800},{\"@type\":\"BreadcrumbList\",\"@id\":\"https:\/\/buscoequipomedico.com\/?product=cama-electrica-de-1-posicion#breadcrumb\",\"itemListElement\":[{\"@type\":\"ListItem\",\"position\":1,\"name\":\"Productos\",\"item\":\"https:\/\/buscoequipomedico.com\/shop\/\"},{\"@type\":\"ListItem\",\"position\":2,\"name\":\"CAMA EL\u00c9CTRICA DE 1 POSICI\u00d3N\"}]},{\"@type\":\"WebSite\",\"@id\":\"https:\/\/buscoequipomedico.com\/#website\",\"url\":\"https:\/\/buscoequipomedico.com\/\",\"name\":\"Tu mejor opci\u00f3n Equipo M\u00e9dico M\u00e9xico\",\"description\":\"Tienda de equipo m\u00e9dico\",\"publisher\":{\"@id\":\"https:\/\/buscoequipomedico.com\/#organization\"},\"potentialAction\":[{\"@type\":\"SearchAction\",\"target\":{\"@type\":\"EntryPoint\",\"urlTemplate\":\"https:\/\/buscoequipomedico.com\/?s={search_term_string}\"},\"query-input\":{\"@type\":\"PropertyValueSpecification\",\"valueRequired\":true,\"valueName\":\"search_term_string\"}}],\"inLanguage\":\"es\"},{\"@type\":\"Organization\",\"@id\":\"https:\/\/buscoequipomedico.com\/#organization\",\"name\":\"Tu mejor opci\u00f3n Equipo M\u00e9dico M\u00e9xico\",\"url\":\"https:\/\/buscoequipomedico.com\/\",\"logo\":{\"@type\":\"ImageObject\",\"inLanguage\":\"es\",\"@id\":\"https:\/\/buscoequipomedico.com\/#\/schema\/logo\/image\/\",\"url\":\"https:\/\/buscoequipomedico.com\/wp-content\/uploads\/2021\/07\/EMM-VPrincipal-scaled.jpg\",\"contentUrl\":\"https:\/\/buscoequipomedico.com\/wp-content\/uploads\/2021\/07\/EMM-VPrincipal-scaled.jpg\",\"width\":2560,\"height\":1058,\"caption\":\"Tu mejor opci\u00f3n Equipo M\u00e9dico M\u00e9xico\"},\"image\":{\"@id\":\"https:\/\/buscoequipomedico.com\/#\/schema\/logo\/image\/\"}}]}<\/script>\n<!-- \/ Yoast SEO plugin. -->","yoast_head_json":{"title":"CAMA EL\u00c9CTRICA DE 1 POSICI\u00d3N - Tu mejor opci\u00f3n Equipo M\u00e9dico M\u00e9xico","robots":{"index":"index","follow":"follow","max-snippet":"max-snippet:-1","max-image-preview":"max-image-preview:large","max-video-preview":"max-video-preview:-1"},"canonical":"https:\/\/buscoequipomedico.com\/?product=cama-electrica-de-1-posicion","og_locale":"es_ES","og_type":"article","og_title":"CAMA EL\u00c9CTRICA DE 1 POSICI\u00d3N - Tu mejor opci\u00f3n Equipo M\u00e9dico M\u00e9xico","og_description":"Cama cl\u00ednica electromec\u00e1nica de m\u00faltiples posiciones, rodable, que facilita la atenci\u00f3n del paciente pedi\u00e1trico.","og_url":"https:\/\/buscoequipomedico.com\/?product=cama-electrica-de-1-posicion","og_site_name":"Tu mejor opci\u00f3n Equipo M\u00e9dico M\u00e9xico","article_modified_time":"2020-02-18T07:32:39+00:00","og_image":[{"width":800,"height":800,"url":"https:\/\/buscoequipomedico.com\/wp-content\/uploads\/2020\/02\/cama-electrica-de-1-posicion-cama-clinica-electromecanica-de-multiples-posiciones-rodable-que-facilita-la-atencion-del-paciente.jpg","type":"image\/png"}],"twitter_card":"summary_large_image","twitter_misc":{"Tiempo de lectura":"2 minutos"},"schema":{"@context":"https:\/\/schema.org","@graph":[{"@type":"WebPage","@id":"https:\/\/buscoequipomedico.com\/?product=cama-electrica-de-1-posicion","url":"https:\/\/buscoequipomedico.com\/?product=cama-electrica-de-1-posicion","name":"CAMA EL\u00c9CTRICA DE 1 POSICI\u00d3N - Tu mejor opci\u00f3n Equipo M\u00e9dico M\u00e9xico","isPartOf":{"@id":"https:\/\/buscoequipomedico.com\/#website"},"primaryImageOfPage":{"@id":"https:\/\/buscoequipomedico.com\/?product=cama-electrica-de-1-posicion#primaryimage"},"image":{"@id":"https:\/\/buscoequipomedico.com\/?product=cama-electrica-de-1-posicion#primaryimage"},"thumbnailUrl":"https:\/\/buscoequipomedico.com\/wp-content\/uploads\/2020\/02\/cama-electrica-de-1-posicion-cama-clinica-electromecanica-de-multiples-posiciones-rodable-que-facilita-la-atencion-del-paciente.jpg","datePublished":"2020-02-18T07:32:37+00:00","dateModified":"2020-02-18T07:32:39+00:00","breadcrumb":{"@id":"https:\/\/buscoequipomedico.com\/?product=cama-electrica-de-1-posicion#breadcrumb"},"inLanguage":"es","potentialAction":[{"@type":"ReadAction","target":["https:\/\/buscoequipomedico.com\/?product=cama-electrica-de-1-posicion"]}]},{"@type":"ImageObject","inLanguage":"es","@id":"https:\/\/buscoequipomedico.com\/?product=cama-electrica-de-1-posicion#primaryimage","url":"https:\/\/buscoequipomedico.com\/wp-content\/uploads\/2020\/02\/cama-electrica-de-1-posicion-cama-clinica-electromecanica-de-multiples-posiciones-rodable-que-facilita-la-atencion-del-paciente.jpg","contentUrl":"https:\/\/buscoequipomedico.com\/wp-content\/uploads\/2020\/02\/cama-electrica-de-1-posicion-cama-clinica-electromecanica-de-multiples-posiciones-rodable-que-facilita-la-atencion-del-paciente.jpg","width":800,"height":800},{"@type":"BreadcrumbList","@id":"https:\/\/buscoequipomedico.com\/?product=cama-electrica-de-1-posicion#breadcrumb","itemListElement":[{"@type":"ListItem","position":1,"name":"Productos","item":"https:\/\/buscoequipomedico.com\/shop\/"},{"@type":"ListItem","position":2,"name":"CAMA EL\u00c9CTRICA DE 1 POSICI\u00d3N"}]},{"@type":"WebSite","@id":"https:\/\/buscoequipomedico.com\/#website","url":"https:\/\/buscoequipomedico.com\/","name":"Tu mejor opci\u00f3n Equipo M\u00e9dico M\u00e9xico","description":"Tienda de equipo m\u00e9dico","publisher":{"@id":"https:\/\/buscoequipomedico.com\/#organization"},"potentialAction":[{"@type":"SearchAction","target":{"@type":"EntryPoint","urlTemplate":"https:\/\/buscoequipomedico.com\/?s={search_term_string}"},"query-input":{"@type":"PropertyValueSpecification","valueRequired":true,"valueName":"search_term_string"}}],"inLanguage":"es"},{"@type":"Organization","@id":"https:\/\/buscoequipomedico.com\/#organization","name":"Tu mejor opci\u00f3n Equipo M\u00e9dico M\u00e9xico","url":"https:\/\/buscoequipomedico.com\/","logo":{"@type":"ImageObject","inLanguage":"es","@id":"https:\/\/buscoequipomedico.com\/#\/schema\/logo\/image\/","url":"https:\/\/buscoequipomedico.com\/wp-content\/uploads\/2021\/07\/EMM-VPrincipal-scaled.jpg","contentUrl":"https:\/\/buscoequipomedico.com\/wp-content\/uploads\/2021\/07\/EMM-VPrincipal-scaled.jpg","width":2560,"height":1058,"caption":"Tu mejor opci\u00f3n Equipo M\u00e9dico M\u00e9xico"},"image":{"@id":"https:\/\/buscoequipomedico.com\/#\/schema\/logo\/image\/"}}]}},"_links":{"self":[{"href":"https:\/\/buscoequipomedico.com\/index.php?rest_route=\/wp\/v2\/product\/11389","targetHints":{"allow":["GET"]}}],"collection":[{"href":"https:\/\/buscoequipomedico.com\/index.php?rest_route=\/wp\/v2\/product"}],"about":[{"href":"https:\/\/buscoequipomedico.com\/index.php?rest_route=\/wp\/v2\/types\/product"}],"wp:featuredmedia":[{"embeddable":true,"href":"https:\/\/buscoequipomedico.com\/index.php?rest_route=\/wp\/v2\/media\/11390"}],"wp:attachment":[{"href":"https:\/\/buscoequipomedico.com\/index.php?rest_route=%2Fwp%2Fv2%2Fmedia&parent=11389"}],"wp:term":[{"taxonomy":"product_brand","embeddable":true,"href":"https:\/\/buscoequipomedico.com\/index.php?rest_route=%2Fwp%2Fv2%2Fproduct_brand&post=11389"},{"taxonomy":"product_cat","embeddable":true,"href":"https:\/\/buscoequipomedico.com\/index.php?rest_route=%2Fwp%2Fv2%2Fproduct_cat&post=11389"},{"taxonomy":"product_tag","embeddable":true,"href":"https:\/\/buscoequipomedico.com\/index.php?rest_route=%2Fwp%2Fv2%2Fproduct_tag&post=11389"}],"curies":[{"name":"wp","href":"https:\/\/api.w.org\/{rel}","templated":true}]}}