{"id":11395,"date":"2020-02-18T07:32:37","date_gmt":"2020-02-18T07:32:37","guid":{"rendered":"https:\/\/equipomedicomexico-com.preview-domain.com\/product\/cama-pediatrica-electrica-5-posiciones\/"},"modified":"2020-02-18T07:32:39","modified_gmt":"2020-02-18T07:32:39","slug":"cama-pediatrica-electrica-5-posiciones","status":"publish","type":"product","link":"https:\/\/buscoequipomedico.com\/?product=cama-pediatrica-electrica-5-posiciones","title":{"rendered":"CAMA PEDI\u00c1TRICA EL\u00c9CTRICA 5 POSICIONES"},"content":{"rendered":"<ul>\n<li><span>Con sistema el\u00e9ctrico para su operaci\u00f3n, el cual opera con corriente alterna. Control remoto al\u00e1mbrico para el funcionamiento de los movimientos de la cama. Permite dar las siguientes posiciones en forma el\u00e9ctrica: <\/span><\/li>\n<li><span>Secci\u00f3n de espalda \u00f3 Fowler de: 0 a 70\u00b0. <\/span><\/li>\n<li><span>Secci\u00f3n de Rodilla: 0\u00b0 a 35\u00b0.<\/span><\/li>\n<li><span><span>\u00a0<\/span>Altura ajustable que cubra el rango de 45 a 70 cm<\/span><\/li>\n<li><span><span>\u00a0<\/span>Trendelemburg: 0\u00b0 a 12\u00b0. <\/span><\/li>\n<li><span>Trendelemburg inverso: 0\u00b0 a 12\u00b0. P<\/span><\/li>\n<li><span>ermite dar las siguientes posiciones en forma manual: <\/span><\/li>\n<li><span>Posici\u00f3n vascular \u00f3 elevaci\u00f3n de pies.<\/span><\/li>\n<li><span><span>\u00a0<\/span>Colch\u00f3n de poliuretano de 10 cm de espesor 4 ruedas de 12.5 cm de di\u00e1metro, con sistema de freno centralizado <\/span><\/li>\n<li><span>Funci\u00f3n de RCP.<\/span><\/li>\n<\/ul>\n","protected":false},"excerpt":{"rendered":"<p><span>Cama pedi\u00e1trica rodable electromec\u00e1nica de 5 posiciones.\u00a0<\/span><\/p>\n","protected":false},"featured_media":11396,"template":"","meta":{"_joinchat":[]},"product_brand":[],"product_cat":[196,197],"product_tag":[],"class_list":{"0":"post-11395","1":"product","2":"type-product","3":"status-publish","4":"has-post-thumbnail","6":"product_cat-camas","7":"product_cat-camas-electricas","9":"first","10":"instock","11":"purchasable","12":"product-type-simple"},"yoast_head":"<!-- This site is optimized with the Yoast SEO plugin v25.1 - https:\/\/yoast.com\/wordpress\/plugins\/seo\/ -->\n<title>CAMA PEDI\u00c1TRICA EL\u00c9CTRICA 5 POSICIONES - Tu mejor opci\u00f3n Equipo M\u00e9dico M\u00e9xico<\/title>\n<meta name=\"robots\" content=\"index, follow, max-snippet:-1, max-image-preview:large, max-video-preview:-1\" \/>\n<link rel=\"canonical\" href=\"https:\/\/buscoequipomedico.com\/?product=cama-pediatrica-electrica-5-posiciones\" \/>\n<meta property=\"og:locale\" content=\"es_ES\" \/>\n<meta property=\"og:type\" content=\"article\" \/>\n<meta property=\"og:title\" content=\"CAMA PEDI\u00c1TRICA EL\u00c9CTRICA 5 POSICIONES - Tu mejor opci\u00f3n Equipo M\u00e9dico M\u00e9xico\" \/>\n<meta property=\"og:description\" content=\"Cama pedi\u00e1trica rodable electromec\u00e1nica de 5 posiciones.\u00a0\" \/>\n<meta property=\"og:url\" content=\"https:\/\/buscoequipomedico.com\/?product=cama-pediatrica-electrica-5-posiciones\" \/>\n<meta property=\"og:site_name\" content=\"Tu mejor opci\u00f3n Equipo M\u00e9dico M\u00e9xico\" \/>\n<meta property=\"article:modified_time\" content=\"2020-02-18T07:32:39+00:00\" \/>\n<meta property=\"og:image\" content=\"https:\/\/buscoequipomedico.com\/wp-content\/uploads\/2020\/02\/cama-pediatrica-electrica-5-posiciones-cama-pediatrica-rodable-electromecanica-de-5-posiciones.jpg\" \/>\n\t<meta property=\"og:image:width\" content=\"800\" \/>\n\t<meta property=\"og:image:height\" content=\"800\" \/>\n\t<meta property=\"og:image:type\" content=\"image\/png\" \/>\n<meta name=\"twitter:card\" content=\"summary_large_image\" \/>\n<meta name=\"twitter:label1\" content=\"Tiempo de lectura\" \/>\n\t<meta name=\"twitter:data1\" content=\"1 minuto\" \/>\n<script type=\"application\/ld+json\" class=\"yoast-schema-graph\">{\"@context\":\"https:\/\/schema.org\",\"@graph\":[{\"@type\":\"WebPage\",\"@id\":\"https:\/\/buscoequipomedico.com\/?product=cama-pediatrica-electrica-5-posiciones\",\"url\":\"https:\/\/buscoequipomedico.com\/?product=cama-pediatrica-electrica-5-posiciones\",\"name\":\"CAMA PEDI\u00c1TRICA EL\u00c9CTRICA 5 POSICIONES - Tu mejor opci\u00f3n Equipo M\u00e9dico M\u00e9xico\",\"isPartOf\":{\"@id\":\"https:\/\/buscoequipomedico.com\/#website\"},\"primaryImageOfPage\":{\"@id\":\"https:\/\/buscoequipomedico.com\/?product=cama-pediatrica-electrica-5-posiciones#primaryimage\"},\"image\":{\"@id\":\"https:\/\/buscoequipomedico.com\/?product=cama-pediatrica-electrica-5-posiciones#primaryimage\"},\"thumbnailUrl\":\"https:\/\/buscoequipomedico.com\/wp-content\/uploads\/2020\/02\/cama-pediatrica-electrica-5-posiciones-cama-pediatrica-rodable-electromecanica-de-5-posiciones.jpg\",\"datePublished\":\"2020-02-18T07:32:37+00:00\",\"dateModified\":\"2020-02-18T07:32:39+00:00\",\"breadcrumb\":{\"@id\":\"https:\/\/buscoequipomedico.com\/?product=cama-pediatrica-electrica-5-posiciones#breadcrumb\"},\"inLanguage\":\"es\",\"potentialAction\":[{\"@type\":\"ReadAction\",\"target\":[\"https:\/\/buscoequipomedico.com\/?product=cama-pediatrica-electrica-5-posiciones\"]}]},{\"@type\":\"ImageObject\",\"inLanguage\":\"es\",\"@id\":\"https:\/\/buscoequipomedico.com\/?product=cama-pediatrica-electrica-5-posiciones#primaryimage\",\"url\":\"https:\/\/buscoequipomedico.com\/wp-content\/uploads\/2020\/02\/cama-pediatrica-electrica-5-posiciones-cama-pediatrica-rodable-electromecanica-de-5-posiciones.jpg\",\"contentUrl\":\"https:\/\/buscoequipomedico.com\/wp-content\/uploads\/2020\/02\/cama-pediatrica-electrica-5-posiciones-cama-pediatrica-rodable-electromecanica-de-5-posiciones.jpg\",\"width\":800,\"height\":800},{\"@type\":\"BreadcrumbList\",\"@id\":\"https:\/\/buscoequipomedico.com\/?product=cama-pediatrica-electrica-5-posiciones#breadcrumb\",\"itemListElement\":[{\"@type\":\"ListItem\",\"position\":1,\"name\":\"Productos\",\"item\":\"https:\/\/buscoequipomedico.com\/shop\/\"},{\"@type\":\"ListItem\",\"position\":2,\"name\":\"CAMA PEDI\u00c1TRICA EL\u00c9CTRICA 5 POSICIONES\"}]},{\"@type\":\"WebSite\",\"@id\":\"https:\/\/buscoequipomedico.com\/#website\",\"url\":\"https:\/\/buscoequipomedico.com\/\",\"name\":\"Tu mejor opci\u00f3n Equipo M\u00e9dico M\u00e9xico\",\"description\":\"Tienda de equipo m\u00e9dico\",\"publisher\":{\"@id\":\"https:\/\/buscoequipomedico.com\/#organization\"},\"potentialAction\":[{\"@type\":\"SearchAction\",\"target\":{\"@type\":\"EntryPoint\",\"urlTemplate\":\"https:\/\/buscoequipomedico.com\/?s={search_term_string}\"},\"query-input\":{\"@type\":\"PropertyValueSpecification\",\"valueRequired\":true,\"valueName\":\"search_term_string\"}}],\"inLanguage\":\"es\"},{\"@type\":\"Organization\",\"@id\":\"https:\/\/buscoequipomedico.com\/#organization\",\"name\":\"Tu mejor opci\u00f3n Equipo M\u00e9dico M\u00e9xico\",\"url\":\"https:\/\/buscoequipomedico.com\/\",\"logo\":{\"@type\":\"ImageObject\",\"inLanguage\":\"es\",\"@id\":\"https:\/\/buscoequipomedico.com\/#\/schema\/logo\/image\/\",\"url\":\"https:\/\/buscoequipomedico.com\/wp-content\/uploads\/2021\/07\/EMM-VPrincipal-scaled.jpg\",\"contentUrl\":\"https:\/\/buscoequipomedico.com\/wp-content\/uploads\/2021\/07\/EMM-VPrincipal-scaled.jpg\",\"width\":2560,\"height\":1058,\"caption\":\"Tu mejor opci\u00f3n Equipo M\u00e9dico M\u00e9xico\"},\"image\":{\"@id\":\"https:\/\/buscoequipomedico.com\/#\/schema\/logo\/image\/\"}}]}<\/script>\n<!-- \/ Yoast SEO plugin. -->","yoast_head_json":{"title":"CAMA PEDI\u00c1TRICA EL\u00c9CTRICA 5 POSICIONES - Tu mejor opci\u00f3n Equipo M\u00e9dico M\u00e9xico","robots":{"index":"index","follow":"follow","max-snippet":"max-snippet:-1","max-image-preview":"max-image-preview:large","max-video-preview":"max-video-preview:-1"},"canonical":"https:\/\/buscoequipomedico.com\/?product=cama-pediatrica-electrica-5-posiciones","og_locale":"es_ES","og_type":"article","og_title":"CAMA PEDI\u00c1TRICA EL\u00c9CTRICA 5 POSICIONES - Tu mejor opci\u00f3n Equipo M\u00e9dico M\u00e9xico","og_description":"Cama pedi\u00e1trica rodable electromec\u00e1nica de 5 posiciones.\u00a0","og_url":"https:\/\/buscoequipomedico.com\/?product=cama-pediatrica-electrica-5-posiciones","og_site_name":"Tu mejor opci\u00f3n Equipo M\u00e9dico M\u00e9xico","article_modified_time":"2020-02-18T07:32:39+00:00","og_image":[{"width":800,"height":800,"url":"https:\/\/buscoequipomedico.com\/wp-content\/uploads\/2020\/02\/cama-pediatrica-electrica-5-posiciones-cama-pediatrica-rodable-electromecanica-de-5-posiciones.jpg","type":"image\/png"}],"twitter_card":"summary_large_image","twitter_misc":{"Tiempo de lectura":"1 minuto"},"schema":{"@context":"https:\/\/schema.org","@graph":[{"@type":"WebPage","@id":"https:\/\/buscoequipomedico.com\/?product=cama-pediatrica-electrica-5-posiciones","url":"https:\/\/buscoequipomedico.com\/?product=cama-pediatrica-electrica-5-posiciones","name":"CAMA PEDI\u00c1TRICA EL\u00c9CTRICA 5 POSICIONES - Tu mejor opci\u00f3n Equipo M\u00e9dico M\u00e9xico","isPartOf":{"@id":"https:\/\/buscoequipomedico.com\/#website"},"primaryImageOfPage":{"@id":"https:\/\/buscoequipomedico.com\/?product=cama-pediatrica-electrica-5-posiciones#primaryimage"},"image":{"@id":"https:\/\/buscoequipomedico.com\/?product=cama-pediatrica-electrica-5-posiciones#primaryimage"},"thumbnailUrl":"https:\/\/buscoequipomedico.com\/wp-content\/uploads\/2020\/02\/cama-pediatrica-electrica-5-posiciones-cama-pediatrica-rodable-electromecanica-de-5-posiciones.jpg","datePublished":"2020-02-18T07:32:37+00:00","dateModified":"2020-02-18T07:32:39+00:00","breadcrumb":{"@id":"https:\/\/buscoequipomedico.com\/?product=cama-pediatrica-electrica-5-posiciones#breadcrumb"},"inLanguage":"es","potentialAction":[{"@type":"ReadAction","target":["https:\/\/buscoequipomedico.com\/?product=cama-pediatrica-electrica-5-posiciones"]}]},{"@type":"ImageObject","inLanguage":"es","@id":"https:\/\/buscoequipomedico.com\/?product=cama-pediatrica-electrica-5-posiciones#primaryimage","url":"https:\/\/buscoequipomedico.com\/wp-content\/uploads\/2020\/02\/cama-pediatrica-electrica-5-posiciones-cama-pediatrica-rodable-electromecanica-de-5-posiciones.jpg","contentUrl":"https:\/\/buscoequipomedico.com\/wp-content\/uploads\/2020\/02\/cama-pediatrica-electrica-5-posiciones-cama-pediatrica-rodable-electromecanica-de-5-posiciones.jpg","width":800,"height":800},{"@type":"BreadcrumbList","@id":"https:\/\/buscoequipomedico.com\/?product=cama-pediatrica-electrica-5-posiciones#breadcrumb","itemListElement":[{"@type":"ListItem","position":1,"name":"Productos","item":"https:\/\/buscoequipomedico.com\/shop\/"},{"@type":"ListItem","position":2,"name":"CAMA PEDI\u00c1TRICA EL\u00c9CTRICA 5 POSICIONES"}]},{"@type":"WebSite","@id":"https:\/\/buscoequipomedico.com\/#website","url":"https:\/\/buscoequipomedico.com\/","name":"Tu mejor opci\u00f3n Equipo M\u00e9dico M\u00e9xico","description":"Tienda de equipo m\u00e9dico","publisher":{"@id":"https:\/\/buscoequipomedico.com\/#organization"},"potentialAction":[{"@type":"SearchAction","target":{"@type":"EntryPoint","urlTemplate":"https:\/\/buscoequipomedico.com\/?s={search_term_string}"},"query-input":{"@type":"PropertyValueSpecification","valueRequired":true,"valueName":"search_term_string"}}],"inLanguage":"es"},{"@type":"Organization","@id":"https:\/\/buscoequipomedico.com\/#organization","name":"Tu mejor opci\u00f3n Equipo M\u00e9dico M\u00e9xico","url":"https:\/\/buscoequipomedico.com\/","logo":{"@type":"ImageObject","inLanguage":"es","@id":"https:\/\/buscoequipomedico.com\/#\/schema\/logo\/image\/","url":"https:\/\/buscoequipomedico.com\/wp-content\/uploads\/2021\/07\/EMM-VPrincipal-scaled.jpg","contentUrl":"https:\/\/buscoequipomedico.com\/wp-content\/uploads\/2021\/07\/EMM-VPrincipal-scaled.jpg","width":2560,"height":1058,"caption":"Tu mejor opci\u00f3n Equipo M\u00e9dico M\u00e9xico"},"image":{"@id":"https:\/\/buscoequipomedico.com\/#\/schema\/logo\/image\/"}}]}},"_links":{"self":[{"href":"https:\/\/buscoequipomedico.com\/index.php?rest_route=\/wp\/v2\/product\/11395","targetHints":{"allow":["GET"]}}],"collection":[{"href":"https:\/\/buscoequipomedico.com\/index.php?rest_route=\/wp\/v2\/product"}],"about":[{"href":"https:\/\/buscoequipomedico.com\/index.php?rest_route=\/wp\/v2\/types\/product"}],"wp:featuredmedia":[{"embeddable":true,"href":"https:\/\/buscoequipomedico.com\/index.php?rest_route=\/wp\/v2\/media\/11396"}],"wp:attachment":[{"href":"https:\/\/buscoequipomedico.com\/index.php?rest_route=%2Fwp%2Fv2%2Fmedia&parent=11395"}],"wp:term":[{"taxonomy":"product_brand","embeddable":true,"href":"https:\/\/buscoequipomedico.com\/index.php?rest_route=%2Fwp%2Fv2%2Fproduct_brand&post=11395"},{"taxonomy":"product_cat","embeddable":true,"href":"https:\/\/buscoequipomedico.com\/index.php?rest_route=%2Fwp%2Fv2%2Fproduct_cat&post=11395"},{"taxonomy":"product_tag","embeddable":true,"href":"https:\/\/buscoequipomedico.com\/index.php?rest_route=%2Fwp%2Fv2%2Fproduct_tag&post=11395"}],"curies":[{"name":"wp","href":"https:\/\/api.w.org\/{rel}","templated":true}]}}