{"id":11425,"date":"2020-02-18T07:32:43","date_gmt":"2020-02-18T07:32:43","guid":{"rendered":"https:\/\/equipomedicomexico-com.preview-domain.com\/product\/cama-semi-electrica\/"},"modified":"2020-02-18T07:32:44","modified_gmt":"2020-02-18T07:32:44","slug":"cama-semi-electrica","status":"publish","type":"product","link":"https:\/\/buscoequipomedico.com\/?product=cama-semi-electrica","title":{"rendered":"CAMA SEMI-EL\u00c9CTRICA"},"content":{"rendered":"<p>uncionamiento silencioso y suave.<\/p>\n<p>F\u00e1cil de armar.<\/p>\n<p>2 motores para movimiento en cabecera \u00a0 y piecera.<\/p>\n<p>En caso de falla el\u00e9ctrica una bater\u00eda de 9 volts ubicada en el motor puede mover la cabecera, piecera y altura.<\/p>\n<p>El motor se puede montar y desmontar, a\u00fan con el paciente en la cama.<\/p>\n<p>El motor est\u00e1 aprobado por la UL.<\/p>\n<p>Altura ajustables en las 4 patas.<\/p>\n<p>4 Ruedas giratorias con freno en cada una de ellas.<\/p>\n<p>Control remoto con botones de f\u00e1cil uso.<\/p>\n<p>Barandales telesc\u00f3picos.<\/p>\n<p>Soportes de carril retractiles.<\/p>\n<p>Caja de cart\u00f3n ultra compacta.<\/p>\n","protected":false},"excerpt":{"rendered":"<p><strong>Material:\u00a0<\/strong>Estructura de acero esmaltado en color gris.<\/p>\n<p>Cabecera y piecera en pl\u00e1stico resistente.<br \/><strong>Color:\u00a0<\/strong>Esmaltado Gris<br \/><strong>Soporte:<\/strong>\u00a0Hasta 200 kgs.<\/p>\n<ul>\n<li>Satisface la normas de la FDA.<\/li>\n<\/ul>\n","protected":false},"featured_media":11426,"template":"","meta":{"_joinchat":[]},"product_brand":[],"product_cat":[196,197],"product_tag":[],"class_list":{"0":"post-11425","1":"product","2":"type-product","3":"status-publish","4":"has-post-thumbnail","6":"product_cat-camas","7":"product_cat-camas-electricas","8":"pa_marca-drive","10":"first","11":"instock","12":"purchasable","13":"product-type-simple"},"yoast_head":"<!-- This site is optimized with the Yoast SEO plugin v25.1 - https:\/\/yoast.com\/wordpress\/plugins\/seo\/ -->\n<title>CAMA SEMI-EL\u00c9CTRICA - Tu mejor opci\u00f3n Equipo M\u00e9dico M\u00e9xico<\/title>\n<meta name=\"robots\" content=\"index, follow, max-snippet:-1, max-image-preview:large, max-video-preview:-1\" \/>\n<link rel=\"canonical\" href=\"https:\/\/buscoequipomedico.com\/?product=cama-semi-electrica\" \/>\n<meta property=\"og:locale\" content=\"es_ES\" \/>\n<meta property=\"og:type\" content=\"article\" \/>\n<meta property=\"og:title\" content=\"CAMA SEMI-EL\u00c9CTRICA - Tu mejor opci\u00f3n Equipo M\u00e9dico M\u00e9xico\" \/>\n<meta property=\"og:description\" content=\"Material:\u00a0Estructura de acero esmaltado en color gris. Cabecera y piecera en pl\u00e1stico resistente.Color:\u00a0Esmaltado GrisSoporte:\u00a0Hasta 200 kgs. Satisface la normas de la FDA.\" \/>\n<meta property=\"og:url\" content=\"https:\/\/buscoequipomedico.com\/?product=cama-semi-electrica\" \/>\n<meta property=\"og:site_name\" content=\"Tu mejor opci\u00f3n Equipo M\u00e9dico M\u00e9xico\" \/>\n<meta property=\"article:modified_time\" content=\"2020-02-18T07:32:44+00:00\" \/>\n<meta property=\"og:image\" content=\"https:\/\/buscoequipomedico.com\/wp-content\/uploads\/2020\/02\/cama-semi-electrica-material-estructura-de-acero-esmaltado-en-color-gris-cabecera-y-piecera-en-plastico-resistentecolor-esmaltad.jpg\" \/>\n\t<meta property=\"og:image:width\" content=\"800\" \/>\n\t<meta property=\"og:image:height\" content=\"800\" \/>\n\t<meta property=\"og:image:type\" content=\"image\/png\" \/>\n<meta name=\"twitter:card\" content=\"summary_large_image\" \/>\n<script type=\"application\/ld+json\" class=\"yoast-schema-graph\">{\"@context\":\"https:\/\/schema.org\",\"@graph\":[{\"@type\":\"WebPage\",\"@id\":\"https:\/\/buscoequipomedico.com\/?product=cama-semi-electrica\",\"url\":\"https:\/\/buscoequipomedico.com\/?product=cama-semi-electrica\",\"name\":\"CAMA SEMI-EL\u00c9CTRICA - Tu mejor opci\u00f3n Equipo M\u00e9dico M\u00e9xico\",\"isPartOf\":{\"@id\":\"https:\/\/buscoequipomedico.com\/#website\"},\"primaryImageOfPage\":{\"@id\":\"https:\/\/buscoequipomedico.com\/?product=cama-semi-electrica#primaryimage\"},\"image\":{\"@id\":\"https:\/\/buscoequipomedico.com\/?product=cama-semi-electrica#primaryimage\"},\"thumbnailUrl\":\"https:\/\/buscoequipomedico.com\/wp-content\/uploads\/2020\/02\/cama-semi-electrica-material-estructura-de-acero-esmaltado-en-color-gris-cabecera-y-piecera-en-plastico-resistentecolor-esmaltad.jpg\",\"datePublished\":\"2020-02-18T07:32:43+00:00\",\"dateModified\":\"2020-02-18T07:32:44+00:00\",\"breadcrumb\":{\"@id\":\"https:\/\/buscoequipomedico.com\/?product=cama-semi-electrica#breadcrumb\"},\"inLanguage\":\"es\",\"potentialAction\":[{\"@type\":\"ReadAction\",\"target\":[\"https:\/\/buscoequipomedico.com\/?product=cama-semi-electrica\"]}]},{\"@type\":\"ImageObject\",\"inLanguage\":\"es\",\"@id\":\"https:\/\/buscoequipomedico.com\/?product=cama-semi-electrica#primaryimage\",\"url\":\"https:\/\/buscoequipomedico.com\/wp-content\/uploads\/2020\/02\/cama-semi-electrica-material-estructura-de-acero-esmaltado-en-color-gris-cabecera-y-piecera-en-plastico-resistentecolor-esmaltad.jpg\",\"contentUrl\":\"https:\/\/buscoequipomedico.com\/wp-content\/uploads\/2020\/02\/cama-semi-electrica-material-estructura-de-acero-esmaltado-en-color-gris-cabecera-y-piecera-en-plastico-resistentecolor-esmaltad.jpg\",\"width\":800,\"height\":800},{\"@type\":\"BreadcrumbList\",\"@id\":\"https:\/\/buscoequipomedico.com\/?product=cama-semi-electrica#breadcrumb\",\"itemListElement\":[{\"@type\":\"ListItem\",\"position\":1,\"name\":\"Productos\",\"item\":\"https:\/\/buscoequipomedico.com\/shop\/\"},{\"@type\":\"ListItem\",\"position\":2,\"name\":\"CAMA SEMI-EL\u00c9CTRICA\"}]},{\"@type\":\"WebSite\",\"@id\":\"https:\/\/buscoequipomedico.com\/#website\",\"url\":\"https:\/\/buscoequipomedico.com\/\",\"name\":\"Tu mejor opci\u00f3n Equipo M\u00e9dico M\u00e9xico\",\"description\":\"Tienda de equipo m\u00e9dico\",\"publisher\":{\"@id\":\"https:\/\/buscoequipomedico.com\/#organization\"},\"potentialAction\":[{\"@type\":\"SearchAction\",\"target\":{\"@type\":\"EntryPoint\",\"urlTemplate\":\"https:\/\/buscoequipomedico.com\/?s={search_term_string}\"},\"query-input\":{\"@type\":\"PropertyValueSpecification\",\"valueRequired\":true,\"valueName\":\"search_term_string\"}}],\"inLanguage\":\"es\"},{\"@type\":\"Organization\",\"@id\":\"https:\/\/buscoequipomedico.com\/#organization\",\"name\":\"Tu mejor opci\u00f3n Equipo M\u00e9dico M\u00e9xico\",\"url\":\"https:\/\/buscoequipomedico.com\/\",\"logo\":{\"@type\":\"ImageObject\",\"inLanguage\":\"es\",\"@id\":\"https:\/\/buscoequipomedico.com\/#\/schema\/logo\/image\/\",\"url\":\"https:\/\/buscoequipomedico.com\/wp-content\/uploads\/2021\/07\/EMM-VPrincipal-scaled.jpg\",\"contentUrl\":\"https:\/\/buscoequipomedico.com\/wp-content\/uploads\/2021\/07\/EMM-VPrincipal-scaled.jpg\",\"width\":2560,\"height\":1058,\"caption\":\"Tu mejor opci\u00f3n Equipo M\u00e9dico M\u00e9xico\"},\"image\":{\"@id\":\"https:\/\/buscoequipomedico.com\/#\/schema\/logo\/image\/\"}}]}<\/script>\n<!-- \/ Yoast SEO plugin. -->","yoast_head_json":{"title":"CAMA SEMI-EL\u00c9CTRICA - Tu mejor opci\u00f3n Equipo M\u00e9dico M\u00e9xico","robots":{"index":"index","follow":"follow","max-snippet":"max-snippet:-1","max-image-preview":"max-image-preview:large","max-video-preview":"max-video-preview:-1"},"canonical":"https:\/\/buscoequipomedico.com\/?product=cama-semi-electrica","og_locale":"es_ES","og_type":"article","og_title":"CAMA SEMI-EL\u00c9CTRICA - Tu mejor opci\u00f3n Equipo M\u00e9dico M\u00e9xico","og_description":"Material:\u00a0Estructura de acero esmaltado en color gris. Cabecera y piecera en pl\u00e1stico resistente.Color:\u00a0Esmaltado GrisSoporte:\u00a0Hasta 200 kgs. Satisface la normas de la FDA.","og_url":"https:\/\/buscoequipomedico.com\/?product=cama-semi-electrica","og_site_name":"Tu mejor opci\u00f3n Equipo M\u00e9dico M\u00e9xico","article_modified_time":"2020-02-18T07:32:44+00:00","og_image":[{"width":800,"height":800,"url":"https:\/\/buscoequipomedico.com\/wp-content\/uploads\/2020\/02\/cama-semi-electrica-material-estructura-de-acero-esmaltado-en-color-gris-cabecera-y-piecera-en-plastico-resistentecolor-esmaltad.jpg","type":"image\/png"}],"twitter_card":"summary_large_image","schema":{"@context":"https:\/\/schema.org","@graph":[{"@type":"WebPage","@id":"https:\/\/buscoequipomedico.com\/?product=cama-semi-electrica","url":"https:\/\/buscoequipomedico.com\/?product=cama-semi-electrica","name":"CAMA SEMI-EL\u00c9CTRICA - Tu mejor opci\u00f3n Equipo M\u00e9dico M\u00e9xico","isPartOf":{"@id":"https:\/\/buscoequipomedico.com\/#website"},"primaryImageOfPage":{"@id":"https:\/\/buscoequipomedico.com\/?product=cama-semi-electrica#primaryimage"},"image":{"@id":"https:\/\/buscoequipomedico.com\/?product=cama-semi-electrica#primaryimage"},"thumbnailUrl":"https:\/\/buscoequipomedico.com\/wp-content\/uploads\/2020\/02\/cama-semi-electrica-material-estructura-de-acero-esmaltado-en-color-gris-cabecera-y-piecera-en-plastico-resistentecolor-esmaltad.jpg","datePublished":"2020-02-18T07:32:43+00:00","dateModified":"2020-02-18T07:32:44+00:00","breadcrumb":{"@id":"https:\/\/buscoequipomedico.com\/?product=cama-semi-electrica#breadcrumb"},"inLanguage":"es","potentialAction":[{"@type":"ReadAction","target":["https:\/\/buscoequipomedico.com\/?product=cama-semi-electrica"]}]},{"@type":"ImageObject","inLanguage":"es","@id":"https:\/\/buscoequipomedico.com\/?product=cama-semi-electrica#primaryimage","url":"https:\/\/buscoequipomedico.com\/wp-content\/uploads\/2020\/02\/cama-semi-electrica-material-estructura-de-acero-esmaltado-en-color-gris-cabecera-y-piecera-en-plastico-resistentecolor-esmaltad.jpg","contentUrl":"https:\/\/buscoequipomedico.com\/wp-content\/uploads\/2020\/02\/cama-semi-electrica-material-estructura-de-acero-esmaltado-en-color-gris-cabecera-y-piecera-en-plastico-resistentecolor-esmaltad.jpg","width":800,"height":800},{"@type":"BreadcrumbList","@id":"https:\/\/buscoequipomedico.com\/?product=cama-semi-electrica#breadcrumb","itemListElement":[{"@type":"ListItem","position":1,"name":"Productos","item":"https:\/\/buscoequipomedico.com\/shop\/"},{"@type":"ListItem","position":2,"name":"CAMA SEMI-EL\u00c9CTRICA"}]},{"@type":"WebSite","@id":"https:\/\/buscoequipomedico.com\/#website","url":"https:\/\/buscoequipomedico.com\/","name":"Tu mejor opci\u00f3n Equipo M\u00e9dico M\u00e9xico","description":"Tienda de equipo m\u00e9dico","publisher":{"@id":"https:\/\/buscoequipomedico.com\/#organization"},"potentialAction":[{"@type":"SearchAction","target":{"@type":"EntryPoint","urlTemplate":"https:\/\/buscoequipomedico.com\/?s={search_term_string}"},"query-input":{"@type":"PropertyValueSpecification","valueRequired":true,"valueName":"search_term_string"}}],"inLanguage":"es"},{"@type":"Organization","@id":"https:\/\/buscoequipomedico.com\/#organization","name":"Tu mejor opci\u00f3n Equipo M\u00e9dico M\u00e9xico","url":"https:\/\/buscoequipomedico.com\/","logo":{"@type":"ImageObject","inLanguage":"es","@id":"https:\/\/buscoequipomedico.com\/#\/schema\/logo\/image\/","url":"https:\/\/buscoequipomedico.com\/wp-content\/uploads\/2021\/07\/EMM-VPrincipal-scaled.jpg","contentUrl":"https:\/\/buscoequipomedico.com\/wp-content\/uploads\/2021\/07\/EMM-VPrincipal-scaled.jpg","width":2560,"height":1058,"caption":"Tu mejor opci\u00f3n Equipo M\u00e9dico M\u00e9xico"},"image":{"@id":"https:\/\/buscoequipomedico.com\/#\/schema\/logo\/image\/"}}]}},"_links":{"self":[{"href":"https:\/\/buscoequipomedico.com\/index.php?rest_route=\/wp\/v2\/product\/11425","targetHints":{"allow":["GET"]}}],"collection":[{"href":"https:\/\/buscoequipomedico.com\/index.php?rest_route=\/wp\/v2\/product"}],"about":[{"href":"https:\/\/buscoequipomedico.com\/index.php?rest_route=\/wp\/v2\/types\/product"}],"wp:featuredmedia":[{"embeddable":true,"href":"https:\/\/buscoequipomedico.com\/index.php?rest_route=\/wp\/v2\/media\/11426"}],"wp:attachment":[{"href":"https:\/\/buscoequipomedico.com\/index.php?rest_route=%2Fwp%2Fv2%2Fmedia&parent=11425"}],"wp:term":[{"taxonomy":"product_brand","embeddable":true,"href":"https:\/\/buscoequipomedico.com\/index.php?rest_route=%2Fwp%2Fv2%2Fproduct_brand&post=11425"},{"taxonomy":"product_cat","embeddable":true,"href":"https:\/\/buscoequipomedico.com\/index.php?rest_route=%2Fwp%2Fv2%2Fproduct_cat&post=11425"},{"taxonomy":"product_tag","embeddable":true,"href":"https:\/\/buscoequipomedico.com\/index.php?rest_route=%2Fwp%2Fv2%2Fproduct_tag&post=11425"}],"curies":[{"name":"wp","href":"https:\/\/api.w.org\/{rel}","templated":true}]}}