{"id":11429,"date":"2020-02-18T07:32:43","date_gmt":"2020-02-18T07:32:43","guid":{"rendered":"https:\/\/equipomedicomexico-com.preview-domain.com\/product\/cama-electrica-5-posiciones-hospital-c3238-2-handy-2\/"},"modified":"2020-02-18T07:32:45","modified_gmt":"2020-02-18T07:32:45","slug":"cama-electrica-5-posiciones-hospital-c3238-2-handy-2","status":"publish","type":"product","link":"https:\/\/buscoequipomedico.com\/?product=cama-electrica-5-posiciones-hospital-c3238-2-handy-2","title":{"rendered":"CAMA EL\u00c9CTRICA 5 POSICIONES HOSPITAL C3238-2 HANDY"},"content":{"rendered":"<p><img decoding=\"async\" src=\"..\/..\/doctor-solutions.com\/img\/cms\/june%2029%2c%202016.png\" alt=\"\"><\/p>\n<p>CARACTER\u00cdSTICAS:<\/p>\n<ul>\n<li>Ergon\u00f3micamente dise\u00f1ada para la comodidad del paciente en su hogar o en el hospital<\/li>\n<li>Cama con Sistema El\u00e9ctrico de 5 posiciones<\/li>\n<li>Control Al\u00e1mbrico<\/li>\n<li>Angulo de elevaci\u00f3n de respaldo 0\u00b0 a 80\u00b0<\/li>\n<li>Angulo de elevaci\u00f3n de rodillas 0\u00b0 a 40\u00b0<\/li>\n<li>Trendelemburg 0\u00b0 a 12\u00b0<\/li>\n<li>Trendelemburg inverso 0\u00b0 a 12\u00b0<\/li>\n<li>Altura Variable 43 cm a 78 cm<\/li>\n<li>Bastidor 4 secciones de paneles, plegables de pl\u00e1stico ABC de alta resistencia desmontables.<\/li>\n<li>Estructura tubular con pintura ep\u00f3xica f\u00e1cil de limpiar y esterilizar.<\/li>\n<li>Barandales aluminio de protecci\u00f3n abatibles<\/li>\n<li>Ruedas de goma con freno en cada una de ellas para mayor seguridad<\/li>\n<li>Cabecera y piecera en ABS de alta resistencia desmontable f\u00e1cil de limpiar y esterilizar.<\/li>\n<li>Topes de pl\u00e1stico suave en las esquinas antigolpes<\/li>\n<li>Motor silencioso<\/li>\n<li>Mayor confort gracias a su colch\u00f3n de poliuretano<\/li>\n<li>Soporte de peso 175 kg<\/li>\n<\/ul>\n<p>\u00a0<\/p>\n<p>DIMENSIONES:<\/p>\n<p>Posici\u00f3n Alta<\/p>\n<ul>\n<li>Largo 200 cm<\/li>\n<li>Ancho 90 cm<\/li>\n<li>Altura 78 cm<\/li>\n<\/ul>\n<p>\u00a0<\/p>\n<p>Posici\u00f3n Baja<\/p>\n<ul>\n<li>Largo 200 cm<\/li>\n<li>Ancho 90 cm<\/li>\n<li>Altura 43 cm<\/li>\n<\/ul>\n<p>Caracter\u00edsticas:<\/p>\n<ul>\n<li>4 Secciones premier<\/li>\n<li>Material espuma de poliuretano de 17 kg. \/ m3 de densidad<\/li>\n<li>Forro vinilo azul marino con cierre<\/li>\n<\/ul>\n<p>Dimensiones<\/p>\n<ul>\n<li>Ancho 90 cm<\/li>\n<li>Largo 200 cm<\/li>\n<li>Espesor 9 cm<\/li>\n<\/ul>\n","protected":false},"excerpt":{"rendered":"<p>5 Posiciones:<\/p>\n<ul>\n<li>Respaldo<\/li>\n<li>Rodillas<\/li>\n<li>Altura Variable<\/li>\n<li>Trendelemburg<\/li>\n<li>Trendelemburg inverso<\/li>\n<\/ul>\n","protected":false},"featured_media":11430,"template":"","meta":{"_joinchat":[]},"product_brand":[],"product_cat":[196,197],"product_tag":[],"class_list":{"0":"post-11429","1":"product","2":"type-product","3":"status-publish","4":"has-post-thumbnail","6":"product_cat-camas","7":"product_cat-camas-electricas","8":"pa_marca-handy","10":"first","11":"instock","12":"purchasable","13":"product-type-simple"},"yoast_head":"<!-- This site is optimized with the Yoast SEO plugin v25.1 - https:\/\/yoast.com\/wordpress\/plugins\/seo\/ -->\n<title>CAMA EL\u00c9CTRICA 5 POSICIONES HOSPITAL C3238-2 HANDY - Tu mejor opci\u00f3n Equipo M\u00e9dico M\u00e9xico<\/title>\n<meta name=\"robots\" content=\"index, follow, max-snippet:-1, max-image-preview:large, max-video-preview:-1\" \/>\n<link rel=\"canonical\" href=\"https:\/\/buscoequipomedico.com\/?product=cama-electrica-5-posiciones-hospital-c3238-2-handy-2\" \/>\n<meta property=\"og:locale\" content=\"es_ES\" \/>\n<meta property=\"og:type\" content=\"article\" \/>\n<meta property=\"og:title\" content=\"CAMA EL\u00c9CTRICA 5 POSICIONES HOSPITAL C3238-2 HANDY - Tu mejor opci\u00f3n Equipo M\u00e9dico M\u00e9xico\" \/>\n<meta property=\"og:description\" content=\"5 Posiciones: Respaldo Rodillas Altura Variable Trendelemburg Trendelemburg inverso\" \/>\n<meta property=\"og:url\" content=\"https:\/\/buscoequipomedico.com\/?product=cama-electrica-5-posiciones-hospital-c3238-2-handy-2\" \/>\n<meta property=\"og:site_name\" content=\"Tu mejor opci\u00f3n Equipo M\u00e9dico M\u00e9xico\" \/>\n<meta property=\"article:modified_time\" content=\"2020-02-18T07:32:45+00:00\" \/>\n<meta property=\"og:image\" content=\"https:\/\/buscoequipomedico.com\/wp-content\/uploads\/2020\/02\/cama-electrica-5-posiciones-hospital-c3238-2-handy-5-posiciones-respaldo-rodillas-altura-variable-trendelemburg-trendelemburg-in.jpg\" \/>\n\t<meta property=\"og:image:width\" content=\"800\" \/>\n\t<meta property=\"og:image:height\" content=\"800\" \/>\n\t<meta property=\"og:image:type\" content=\"image\/png\" \/>\n<meta name=\"twitter:card\" content=\"summary_large_image\" \/>\n<meta name=\"twitter:label1\" content=\"Tiempo de lectura\" \/>\n\t<meta name=\"twitter:data1\" content=\"1 minuto\" \/>\n<script type=\"application\/ld+json\" class=\"yoast-schema-graph\">{\"@context\":\"https:\/\/schema.org\",\"@graph\":[{\"@type\":\"WebPage\",\"@id\":\"https:\/\/buscoequipomedico.com\/?product=cama-electrica-5-posiciones-hospital-c3238-2-handy-2\",\"url\":\"https:\/\/buscoequipomedico.com\/?product=cama-electrica-5-posiciones-hospital-c3238-2-handy-2\",\"name\":\"CAMA EL\u00c9CTRICA 5 POSICIONES HOSPITAL C3238-2 HANDY - Tu mejor opci\u00f3n Equipo M\u00e9dico M\u00e9xico\",\"isPartOf\":{\"@id\":\"https:\/\/buscoequipomedico.com\/#website\"},\"primaryImageOfPage\":{\"@id\":\"https:\/\/buscoequipomedico.com\/?product=cama-electrica-5-posiciones-hospital-c3238-2-handy-2#primaryimage\"},\"image\":{\"@id\":\"https:\/\/buscoequipomedico.com\/?product=cama-electrica-5-posiciones-hospital-c3238-2-handy-2#primaryimage\"},\"thumbnailUrl\":\"https:\/\/buscoequipomedico.com\/wp-content\/uploads\/2020\/02\/cama-electrica-5-posiciones-hospital-c3238-2-handy-5-posiciones-respaldo-rodillas-altura-variable-trendelemburg-trendelemburg-in.jpg\",\"datePublished\":\"2020-02-18T07:32:43+00:00\",\"dateModified\":\"2020-02-18T07:32:45+00:00\",\"breadcrumb\":{\"@id\":\"https:\/\/buscoequipomedico.com\/?product=cama-electrica-5-posiciones-hospital-c3238-2-handy-2#breadcrumb\"},\"inLanguage\":\"es\",\"potentialAction\":[{\"@type\":\"ReadAction\",\"target\":[\"https:\/\/buscoequipomedico.com\/?product=cama-electrica-5-posiciones-hospital-c3238-2-handy-2\"]}]},{\"@type\":\"ImageObject\",\"inLanguage\":\"es\",\"@id\":\"https:\/\/buscoequipomedico.com\/?product=cama-electrica-5-posiciones-hospital-c3238-2-handy-2#primaryimage\",\"url\":\"https:\/\/buscoequipomedico.com\/wp-content\/uploads\/2020\/02\/cama-electrica-5-posiciones-hospital-c3238-2-handy-5-posiciones-respaldo-rodillas-altura-variable-trendelemburg-trendelemburg-in.jpg\",\"contentUrl\":\"https:\/\/buscoequipomedico.com\/wp-content\/uploads\/2020\/02\/cama-electrica-5-posiciones-hospital-c3238-2-handy-5-posiciones-respaldo-rodillas-altura-variable-trendelemburg-trendelemburg-in.jpg\",\"width\":800,\"height\":800},{\"@type\":\"BreadcrumbList\",\"@id\":\"https:\/\/buscoequipomedico.com\/?product=cama-electrica-5-posiciones-hospital-c3238-2-handy-2#breadcrumb\",\"itemListElement\":[{\"@type\":\"ListItem\",\"position\":1,\"name\":\"Productos\",\"item\":\"https:\/\/buscoequipomedico.com\/shop\/\"},{\"@type\":\"ListItem\",\"position\":2,\"name\":\"CAMA EL\u00c9CTRICA 5 POSICIONES HOSPITAL C3238-2 HANDY\"}]},{\"@type\":\"WebSite\",\"@id\":\"https:\/\/buscoequipomedico.com\/#website\",\"url\":\"https:\/\/buscoequipomedico.com\/\",\"name\":\"Tu mejor opci\u00f3n Equipo M\u00e9dico M\u00e9xico\",\"description\":\"Tienda de equipo m\u00e9dico\",\"publisher\":{\"@id\":\"https:\/\/buscoequipomedico.com\/#organization\"},\"potentialAction\":[{\"@type\":\"SearchAction\",\"target\":{\"@type\":\"EntryPoint\",\"urlTemplate\":\"https:\/\/buscoequipomedico.com\/?s={search_term_string}\"},\"query-input\":{\"@type\":\"PropertyValueSpecification\",\"valueRequired\":true,\"valueName\":\"search_term_string\"}}],\"inLanguage\":\"es\"},{\"@type\":\"Organization\",\"@id\":\"https:\/\/buscoequipomedico.com\/#organization\",\"name\":\"Tu mejor opci\u00f3n Equipo M\u00e9dico M\u00e9xico\",\"url\":\"https:\/\/buscoequipomedico.com\/\",\"logo\":{\"@type\":\"ImageObject\",\"inLanguage\":\"es\",\"@id\":\"https:\/\/buscoequipomedico.com\/#\/schema\/logo\/image\/\",\"url\":\"https:\/\/buscoequipomedico.com\/wp-content\/uploads\/2021\/07\/EMM-VPrincipal-scaled.jpg\",\"contentUrl\":\"https:\/\/buscoequipomedico.com\/wp-content\/uploads\/2021\/07\/EMM-VPrincipal-scaled.jpg\",\"width\":2560,\"height\":1058,\"caption\":\"Tu mejor opci\u00f3n Equipo M\u00e9dico M\u00e9xico\"},\"image\":{\"@id\":\"https:\/\/buscoequipomedico.com\/#\/schema\/logo\/image\/\"}}]}<\/script>\n<!-- \/ Yoast SEO plugin. -->","yoast_head_json":{"title":"CAMA EL\u00c9CTRICA 5 POSICIONES HOSPITAL C3238-2 HANDY - Tu mejor opci\u00f3n Equipo M\u00e9dico M\u00e9xico","robots":{"index":"index","follow":"follow","max-snippet":"max-snippet:-1","max-image-preview":"max-image-preview:large","max-video-preview":"max-video-preview:-1"},"canonical":"https:\/\/buscoequipomedico.com\/?product=cama-electrica-5-posiciones-hospital-c3238-2-handy-2","og_locale":"es_ES","og_type":"article","og_title":"CAMA EL\u00c9CTRICA 5 POSICIONES HOSPITAL C3238-2 HANDY - Tu mejor opci\u00f3n Equipo M\u00e9dico M\u00e9xico","og_description":"5 Posiciones: Respaldo Rodillas Altura Variable Trendelemburg Trendelemburg inverso","og_url":"https:\/\/buscoequipomedico.com\/?product=cama-electrica-5-posiciones-hospital-c3238-2-handy-2","og_site_name":"Tu mejor opci\u00f3n Equipo M\u00e9dico M\u00e9xico","article_modified_time":"2020-02-18T07:32:45+00:00","og_image":[{"width":800,"height":800,"url":"https:\/\/buscoequipomedico.com\/wp-content\/uploads\/2020\/02\/cama-electrica-5-posiciones-hospital-c3238-2-handy-5-posiciones-respaldo-rodillas-altura-variable-trendelemburg-trendelemburg-in.jpg","type":"image\/png"}],"twitter_card":"summary_large_image","twitter_misc":{"Tiempo de lectura":"1 minuto"},"schema":{"@context":"https:\/\/schema.org","@graph":[{"@type":"WebPage","@id":"https:\/\/buscoequipomedico.com\/?product=cama-electrica-5-posiciones-hospital-c3238-2-handy-2","url":"https:\/\/buscoequipomedico.com\/?product=cama-electrica-5-posiciones-hospital-c3238-2-handy-2","name":"CAMA EL\u00c9CTRICA 5 POSICIONES HOSPITAL C3238-2 HANDY - Tu mejor opci\u00f3n Equipo M\u00e9dico M\u00e9xico","isPartOf":{"@id":"https:\/\/buscoequipomedico.com\/#website"},"primaryImageOfPage":{"@id":"https:\/\/buscoequipomedico.com\/?product=cama-electrica-5-posiciones-hospital-c3238-2-handy-2#primaryimage"},"image":{"@id":"https:\/\/buscoequipomedico.com\/?product=cama-electrica-5-posiciones-hospital-c3238-2-handy-2#primaryimage"},"thumbnailUrl":"https:\/\/buscoequipomedico.com\/wp-content\/uploads\/2020\/02\/cama-electrica-5-posiciones-hospital-c3238-2-handy-5-posiciones-respaldo-rodillas-altura-variable-trendelemburg-trendelemburg-in.jpg","datePublished":"2020-02-18T07:32:43+00:00","dateModified":"2020-02-18T07:32:45+00:00","breadcrumb":{"@id":"https:\/\/buscoequipomedico.com\/?product=cama-electrica-5-posiciones-hospital-c3238-2-handy-2#breadcrumb"},"inLanguage":"es","potentialAction":[{"@type":"ReadAction","target":["https:\/\/buscoequipomedico.com\/?product=cama-electrica-5-posiciones-hospital-c3238-2-handy-2"]}]},{"@type":"ImageObject","inLanguage":"es","@id":"https:\/\/buscoequipomedico.com\/?product=cama-electrica-5-posiciones-hospital-c3238-2-handy-2#primaryimage","url":"https:\/\/buscoequipomedico.com\/wp-content\/uploads\/2020\/02\/cama-electrica-5-posiciones-hospital-c3238-2-handy-5-posiciones-respaldo-rodillas-altura-variable-trendelemburg-trendelemburg-in.jpg","contentUrl":"https:\/\/buscoequipomedico.com\/wp-content\/uploads\/2020\/02\/cama-electrica-5-posiciones-hospital-c3238-2-handy-5-posiciones-respaldo-rodillas-altura-variable-trendelemburg-trendelemburg-in.jpg","width":800,"height":800},{"@type":"BreadcrumbList","@id":"https:\/\/buscoequipomedico.com\/?product=cama-electrica-5-posiciones-hospital-c3238-2-handy-2#breadcrumb","itemListElement":[{"@type":"ListItem","position":1,"name":"Productos","item":"https:\/\/buscoequipomedico.com\/shop\/"},{"@type":"ListItem","position":2,"name":"CAMA EL\u00c9CTRICA 5 POSICIONES HOSPITAL C3238-2 HANDY"}]},{"@type":"WebSite","@id":"https:\/\/buscoequipomedico.com\/#website","url":"https:\/\/buscoequipomedico.com\/","name":"Tu mejor opci\u00f3n Equipo M\u00e9dico M\u00e9xico","description":"Tienda de equipo m\u00e9dico","publisher":{"@id":"https:\/\/buscoequipomedico.com\/#organization"},"potentialAction":[{"@type":"SearchAction","target":{"@type":"EntryPoint","urlTemplate":"https:\/\/buscoequipomedico.com\/?s={search_term_string}"},"query-input":{"@type":"PropertyValueSpecification","valueRequired":true,"valueName":"search_term_string"}}],"inLanguage":"es"},{"@type":"Organization","@id":"https:\/\/buscoequipomedico.com\/#organization","name":"Tu mejor opci\u00f3n Equipo M\u00e9dico M\u00e9xico","url":"https:\/\/buscoequipomedico.com\/","logo":{"@type":"ImageObject","inLanguage":"es","@id":"https:\/\/buscoequipomedico.com\/#\/schema\/logo\/image\/","url":"https:\/\/buscoequipomedico.com\/wp-content\/uploads\/2021\/07\/EMM-VPrincipal-scaled.jpg","contentUrl":"https:\/\/buscoequipomedico.com\/wp-content\/uploads\/2021\/07\/EMM-VPrincipal-scaled.jpg","width":2560,"height":1058,"caption":"Tu mejor opci\u00f3n Equipo M\u00e9dico M\u00e9xico"},"image":{"@id":"https:\/\/buscoequipomedico.com\/#\/schema\/logo\/image\/"}}]}},"_links":{"self":[{"href":"https:\/\/buscoequipomedico.com\/index.php?rest_route=\/wp\/v2\/product\/11429","targetHints":{"allow":["GET"]}}],"collection":[{"href":"https:\/\/buscoequipomedico.com\/index.php?rest_route=\/wp\/v2\/product"}],"about":[{"href":"https:\/\/buscoequipomedico.com\/index.php?rest_route=\/wp\/v2\/types\/product"}],"wp:featuredmedia":[{"embeddable":true,"href":"https:\/\/buscoequipomedico.com\/index.php?rest_route=\/wp\/v2\/media\/11430"}],"wp:attachment":[{"href":"https:\/\/buscoequipomedico.com\/index.php?rest_route=%2Fwp%2Fv2%2Fmedia&parent=11429"}],"wp:term":[{"taxonomy":"product_brand","embeddable":true,"href":"https:\/\/buscoequipomedico.com\/index.php?rest_route=%2Fwp%2Fv2%2Fproduct_brand&post=11429"},{"taxonomy":"product_cat","embeddable":true,"href":"https:\/\/buscoequipomedico.com\/index.php?rest_route=%2Fwp%2Fv2%2Fproduct_cat&post=11429"},{"taxonomy":"product_tag","embeddable":true,"href":"https:\/\/buscoequipomedico.com\/index.php?rest_route=%2Fwp%2Fv2%2Fproduct_tag&post=11429"}],"curies":[{"name":"wp","href":"https:\/\/api.w.org\/{rel}","templated":true}]}}