{"id":11433,"date":"2020-02-18T07:32:43","date_gmt":"2020-02-18T07:32:43","guid":{"rendered":"https:\/\/equipomedicomexico-com.preview-domain.com\/product\/cama-para-unidad-de-cuidados-intensivos\/"},"modified":"2020-02-18T07:32:45","modified_gmt":"2020-02-18T07:32:45","slug":"cama-para-unidad-de-cuidados-intensivos","status":"publish","type":"product","link":"https:\/\/buscoequipomedico.com\/?product=cama-para-unidad-de-cuidados-intensivos","title":{"rendered":"CAMA PARA UNIDAD DE CUIDADOS INTENSIVOS"},"content":{"rendered":"<p>Caracter\u00edsticas t\u00e9cnicas<\/p>\n<p>Dimensiones externas (rieles laterales hacia arriba): L2240 * W1055mm (\u00b1 10mm)<\/p>\n<p>Plataforma de colch\u00f3n: L1965 * W920mm (\u00b1 10mm)<\/p>\n<p>Altura de la cama: H495-895mm (\u00b1 10mm)<\/p>\n<p>Extensi\u00f3n de la cama: 200 mm (\u00b1 10 mm)<\/p>\n<p>\u00c1ngulo m\u00e1ximo del respaldo: \u226570 \u00b0<\/p>\n<p>Reposo m\u00e1ximo del muslo: \u226530 \u00b0<\/p>\n<p>TR \/ ATR: \u226512 \u00b0<\/p>\n<p>Altura de los rieles laterales (sobre la plataforma del colch\u00f3n): 440 mm (\u00b1 10 mm)<\/p>\n<p>Carga de trabajo segura: 200kgs<\/p>\n<p>Par\u00e1metros el\u00e9ctricos:<\/p>\n<p>Fuente de alimentaci\u00f3n: 220V \/ 110V, 50HZ \/ 60HZ<\/p>\n<p>Entrada m\u00e1xima: 1.6A, 450VA<\/p>\n<p>Protecci\u00f3n contra agua y polvo: IPX4<\/p>\n<p>Clasificaci\u00f3n de equipos: Clase II<\/p>\n<p>Nivel de protecci\u00f3n contra lesiones por corriente el\u00e9ctrica: tipo de pieza aplicada tipo BF<\/p>\n<p>Modo de funcionamiento del motor el\u00e9ctrico (factor de carga): 10%, m\u00e1x. 2 min \/ 18 min<\/p>\n","protected":false},"excerpt":{"rendered":"<p>Cama para ICU (Unidad de Cuidados Intensivos)<\/p>\n<p>Cama el\u00e9ctrica de Siete funciones con sistema de Bascula<\/p>\n<p>motores T-motion de Taiw\u00e1n con bater\u00eda y CPR<\/p>\n","protected":false},"featured_media":11434,"template":"","meta":{"_joinchat":[]},"product_brand":[],"product_cat":[196,201],"product_tag":[],"class_list":{"0":"post-11433","1":"product","2":"type-product","3":"status-publish","4":"has-post-thumbnail","6":"product_cat-camas","7":"product_cat-camas-manuales","8":"pa_marca-healt-home","10":"first","11":"instock","12":"purchasable","13":"product-type-simple"},"yoast_head":"<!-- This site is optimized with the Yoast SEO plugin v25.1 - https:\/\/yoast.com\/wordpress\/plugins\/seo\/ -->\n<title>CAMA PARA UNIDAD DE CUIDADOS INTENSIVOS - Tu mejor opci\u00f3n Equipo M\u00e9dico M\u00e9xico<\/title>\n<meta name=\"robots\" content=\"index, follow, max-snippet:-1, max-image-preview:large, max-video-preview:-1\" \/>\n<link rel=\"canonical\" href=\"https:\/\/buscoequipomedico.com\/?product=cama-para-unidad-de-cuidados-intensivos\" \/>\n<meta property=\"og:locale\" content=\"es_ES\" \/>\n<meta property=\"og:type\" content=\"article\" \/>\n<meta property=\"og:title\" content=\"CAMA PARA UNIDAD DE CUIDADOS INTENSIVOS - Tu mejor opci\u00f3n Equipo M\u00e9dico M\u00e9xico\" \/>\n<meta property=\"og:description\" content=\"Cama para ICU (Unidad de Cuidados Intensivos) Cama el\u00e9ctrica de Siete funciones con sistema de Bascula motores T-motion de Taiw\u00e1n con bater\u00eda y CPR\" \/>\n<meta property=\"og:url\" content=\"https:\/\/buscoequipomedico.com\/?product=cama-para-unidad-de-cuidados-intensivos\" \/>\n<meta property=\"og:site_name\" content=\"Tu mejor opci\u00f3n Equipo M\u00e9dico M\u00e9xico\" \/>\n<meta property=\"article:modified_time\" content=\"2020-02-18T07:32:45+00:00\" \/>\n<meta property=\"og:image\" content=\"https:\/\/buscoequipomedico.com\/wp-content\/uploads\/2020\/02\/cama-para-unidad-de-cuidados-intensivos-cama-para-icu-unidad-de-cuidados-intensivos-cama-electrica-de-siete-funciones-con-sistem.jpg\" \/>\n\t<meta property=\"og:image:width\" content=\"800\" \/>\n\t<meta property=\"og:image:height\" content=\"800\" \/>\n\t<meta property=\"og:image:type\" content=\"image\/png\" \/>\n<meta name=\"twitter:card\" content=\"summary_large_image\" \/>\n<meta name=\"twitter:label1\" content=\"Tiempo de lectura\" \/>\n\t<meta name=\"twitter:data1\" content=\"1 minuto\" \/>\n<script type=\"application\/ld+json\" class=\"yoast-schema-graph\">{\"@context\":\"https:\/\/schema.org\",\"@graph\":[{\"@type\":\"WebPage\",\"@id\":\"https:\/\/buscoequipomedico.com\/?product=cama-para-unidad-de-cuidados-intensivos\",\"url\":\"https:\/\/buscoequipomedico.com\/?product=cama-para-unidad-de-cuidados-intensivos\",\"name\":\"CAMA PARA UNIDAD DE CUIDADOS INTENSIVOS - Tu mejor opci\u00f3n Equipo M\u00e9dico M\u00e9xico\",\"isPartOf\":{\"@id\":\"https:\/\/buscoequipomedico.com\/#website\"},\"primaryImageOfPage\":{\"@id\":\"https:\/\/buscoequipomedico.com\/?product=cama-para-unidad-de-cuidados-intensivos#primaryimage\"},\"image\":{\"@id\":\"https:\/\/buscoequipomedico.com\/?product=cama-para-unidad-de-cuidados-intensivos#primaryimage\"},\"thumbnailUrl\":\"https:\/\/buscoequipomedico.com\/wp-content\/uploads\/2020\/02\/cama-para-unidad-de-cuidados-intensivos-cama-para-icu-unidad-de-cuidados-intensivos-cama-electrica-de-siete-funciones-con-sistem.jpg\",\"datePublished\":\"2020-02-18T07:32:43+00:00\",\"dateModified\":\"2020-02-18T07:32:45+00:00\",\"breadcrumb\":{\"@id\":\"https:\/\/buscoequipomedico.com\/?product=cama-para-unidad-de-cuidados-intensivos#breadcrumb\"},\"inLanguage\":\"es\",\"potentialAction\":[{\"@type\":\"ReadAction\",\"target\":[\"https:\/\/buscoequipomedico.com\/?product=cama-para-unidad-de-cuidados-intensivos\"]}]},{\"@type\":\"ImageObject\",\"inLanguage\":\"es\",\"@id\":\"https:\/\/buscoequipomedico.com\/?product=cama-para-unidad-de-cuidados-intensivos#primaryimage\",\"url\":\"https:\/\/buscoequipomedico.com\/wp-content\/uploads\/2020\/02\/cama-para-unidad-de-cuidados-intensivos-cama-para-icu-unidad-de-cuidados-intensivos-cama-electrica-de-siete-funciones-con-sistem.jpg\",\"contentUrl\":\"https:\/\/buscoequipomedico.com\/wp-content\/uploads\/2020\/02\/cama-para-unidad-de-cuidados-intensivos-cama-para-icu-unidad-de-cuidados-intensivos-cama-electrica-de-siete-funciones-con-sistem.jpg\",\"width\":800,\"height\":800},{\"@type\":\"BreadcrumbList\",\"@id\":\"https:\/\/buscoequipomedico.com\/?product=cama-para-unidad-de-cuidados-intensivos#breadcrumb\",\"itemListElement\":[{\"@type\":\"ListItem\",\"position\":1,\"name\":\"Productos\",\"item\":\"https:\/\/buscoequipomedico.com\/shop\/\"},{\"@type\":\"ListItem\",\"position\":2,\"name\":\"CAMA PARA UNIDAD DE CUIDADOS INTENSIVOS\"}]},{\"@type\":\"WebSite\",\"@id\":\"https:\/\/buscoequipomedico.com\/#website\",\"url\":\"https:\/\/buscoequipomedico.com\/\",\"name\":\"Tu mejor opci\u00f3n Equipo M\u00e9dico M\u00e9xico\",\"description\":\"Tienda de equipo m\u00e9dico\",\"publisher\":{\"@id\":\"https:\/\/buscoequipomedico.com\/#organization\"},\"potentialAction\":[{\"@type\":\"SearchAction\",\"target\":{\"@type\":\"EntryPoint\",\"urlTemplate\":\"https:\/\/buscoequipomedico.com\/?s={search_term_string}\"},\"query-input\":{\"@type\":\"PropertyValueSpecification\",\"valueRequired\":true,\"valueName\":\"search_term_string\"}}],\"inLanguage\":\"es\"},{\"@type\":\"Organization\",\"@id\":\"https:\/\/buscoequipomedico.com\/#organization\",\"name\":\"Tu mejor opci\u00f3n Equipo M\u00e9dico M\u00e9xico\",\"url\":\"https:\/\/buscoequipomedico.com\/\",\"logo\":{\"@type\":\"ImageObject\",\"inLanguage\":\"es\",\"@id\":\"https:\/\/buscoequipomedico.com\/#\/schema\/logo\/image\/\",\"url\":\"https:\/\/buscoequipomedico.com\/wp-content\/uploads\/2021\/07\/EMM-VPrincipal-scaled.jpg\",\"contentUrl\":\"https:\/\/buscoequipomedico.com\/wp-content\/uploads\/2021\/07\/EMM-VPrincipal-scaled.jpg\",\"width\":2560,\"height\":1058,\"caption\":\"Tu mejor opci\u00f3n Equipo M\u00e9dico M\u00e9xico\"},\"image\":{\"@id\":\"https:\/\/buscoequipomedico.com\/#\/schema\/logo\/image\/\"}}]}<\/script>\n<!-- \/ Yoast SEO plugin. -->","yoast_head_json":{"title":"CAMA PARA UNIDAD DE CUIDADOS INTENSIVOS - Tu mejor opci\u00f3n Equipo M\u00e9dico M\u00e9xico","robots":{"index":"index","follow":"follow","max-snippet":"max-snippet:-1","max-image-preview":"max-image-preview:large","max-video-preview":"max-video-preview:-1"},"canonical":"https:\/\/buscoequipomedico.com\/?product=cama-para-unidad-de-cuidados-intensivos","og_locale":"es_ES","og_type":"article","og_title":"CAMA PARA UNIDAD DE CUIDADOS INTENSIVOS - Tu mejor opci\u00f3n Equipo M\u00e9dico M\u00e9xico","og_description":"Cama para ICU (Unidad de Cuidados Intensivos) Cama el\u00e9ctrica de Siete funciones con sistema de Bascula motores T-motion de Taiw\u00e1n con bater\u00eda y CPR","og_url":"https:\/\/buscoequipomedico.com\/?product=cama-para-unidad-de-cuidados-intensivos","og_site_name":"Tu mejor opci\u00f3n Equipo M\u00e9dico M\u00e9xico","article_modified_time":"2020-02-18T07:32:45+00:00","og_image":[{"width":800,"height":800,"url":"https:\/\/buscoequipomedico.com\/wp-content\/uploads\/2020\/02\/cama-para-unidad-de-cuidados-intensivos-cama-para-icu-unidad-de-cuidados-intensivos-cama-electrica-de-siete-funciones-con-sistem.jpg","type":"image\/png"}],"twitter_card":"summary_large_image","twitter_misc":{"Tiempo de lectura":"1 minuto"},"schema":{"@context":"https:\/\/schema.org","@graph":[{"@type":"WebPage","@id":"https:\/\/buscoequipomedico.com\/?product=cama-para-unidad-de-cuidados-intensivos","url":"https:\/\/buscoequipomedico.com\/?product=cama-para-unidad-de-cuidados-intensivos","name":"CAMA PARA UNIDAD DE CUIDADOS INTENSIVOS - Tu mejor opci\u00f3n Equipo M\u00e9dico M\u00e9xico","isPartOf":{"@id":"https:\/\/buscoequipomedico.com\/#website"},"primaryImageOfPage":{"@id":"https:\/\/buscoequipomedico.com\/?product=cama-para-unidad-de-cuidados-intensivos#primaryimage"},"image":{"@id":"https:\/\/buscoequipomedico.com\/?product=cama-para-unidad-de-cuidados-intensivos#primaryimage"},"thumbnailUrl":"https:\/\/buscoequipomedico.com\/wp-content\/uploads\/2020\/02\/cama-para-unidad-de-cuidados-intensivos-cama-para-icu-unidad-de-cuidados-intensivos-cama-electrica-de-siete-funciones-con-sistem.jpg","datePublished":"2020-02-18T07:32:43+00:00","dateModified":"2020-02-18T07:32:45+00:00","breadcrumb":{"@id":"https:\/\/buscoequipomedico.com\/?product=cama-para-unidad-de-cuidados-intensivos#breadcrumb"},"inLanguage":"es","potentialAction":[{"@type":"ReadAction","target":["https:\/\/buscoequipomedico.com\/?product=cama-para-unidad-de-cuidados-intensivos"]}]},{"@type":"ImageObject","inLanguage":"es","@id":"https:\/\/buscoequipomedico.com\/?product=cama-para-unidad-de-cuidados-intensivos#primaryimage","url":"https:\/\/buscoequipomedico.com\/wp-content\/uploads\/2020\/02\/cama-para-unidad-de-cuidados-intensivos-cama-para-icu-unidad-de-cuidados-intensivos-cama-electrica-de-siete-funciones-con-sistem.jpg","contentUrl":"https:\/\/buscoequipomedico.com\/wp-content\/uploads\/2020\/02\/cama-para-unidad-de-cuidados-intensivos-cama-para-icu-unidad-de-cuidados-intensivos-cama-electrica-de-siete-funciones-con-sistem.jpg","width":800,"height":800},{"@type":"BreadcrumbList","@id":"https:\/\/buscoequipomedico.com\/?product=cama-para-unidad-de-cuidados-intensivos#breadcrumb","itemListElement":[{"@type":"ListItem","position":1,"name":"Productos","item":"https:\/\/buscoequipomedico.com\/shop\/"},{"@type":"ListItem","position":2,"name":"CAMA PARA UNIDAD DE CUIDADOS INTENSIVOS"}]},{"@type":"WebSite","@id":"https:\/\/buscoequipomedico.com\/#website","url":"https:\/\/buscoequipomedico.com\/","name":"Tu mejor opci\u00f3n Equipo M\u00e9dico M\u00e9xico","description":"Tienda de equipo m\u00e9dico","publisher":{"@id":"https:\/\/buscoequipomedico.com\/#organization"},"potentialAction":[{"@type":"SearchAction","target":{"@type":"EntryPoint","urlTemplate":"https:\/\/buscoequipomedico.com\/?s={search_term_string}"},"query-input":{"@type":"PropertyValueSpecification","valueRequired":true,"valueName":"search_term_string"}}],"inLanguage":"es"},{"@type":"Organization","@id":"https:\/\/buscoequipomedico.com\/#organization","name":"Tu mejor opci\u00f3n Equipo M\u00e9dico M\u00e9xico","url":"https:\/\/buscoequipomedico.com\/","logo":{"@type":"ImageObject","inLanguage":"es","@id":"https:\/\/buscoequipomedico.com\/#\/schema\/logo\/image\/","url":"https:\/\/buscoequipomedico.com\/wp-content\/uploads\/2021\/07\/EMM-VPrincipal-scaled.jpg","contentUrl":"https:\/\/buscoequipomedico.com\/wp-content\/uploads\/2021\/07\/EMM-VPrincipal-scaled.jpg","width":2560,"height":1058,"caption":"Tu mejor opci\u00f3n Equipo M\u00e9dico M\u00e9xico"},"image":{"@id":"https:\/\/buscoequipomedico.com\/#\/schema\/logo\/image\/"}}]}},"_links":{"self":[{"href":"https:\/\/buscoequipomedico.com\/index.php?rest_route=\/wp\/v2\/product\/11433","targetHints":{"allow":["GET"]}}],"collection":[{"href":"https:\/\/buscoequipomedico.com\/index.php?rest_route=\/wp\/v2\/product"}],"about":[{"href":"https:\/\/buscoequipomedico.com\/index.php?rest_route=\/wp\/v2\/types\/product"}],"wp:featuredmedia":[{"embeddable":true,"href":"https:\/\/buscoequipomedico.com\/index.php?rest_route=\/wp\/v2\/media\/11434"}],"wp:attachment":[{"href":"https:\/\/buscoequipomedico.com\/index.php?rest_route=%2Fwp%2Fv2%2Fmedia&parent=11433"}],"wp:term":[{"taxonomy":"product_brand","embeddable":true,"href":"https:\/\/buscoequipomedico.com\/index.php?rest_route=%2Fwp%2Fv2%2Fproduct_brand&post=11433"},{"taxonomy":"product_cat","embeddable":true,"href":"https:\/\/buscoequipomedico.com\/index.php?rest_route=%2Fwp%2Fv2%2Fproduct_cat&post=11433"},{"taxonomy":"product_tag","embeddable":true,"href":"https:\/\/buscoequipomedico.com\/index.php?rest_route=%2Fwp%2Fv2%2Fproduct_tag&post=11433"}],"curies":[{"name":"wp","href":"https:\/\/api.w.org\/{rel}","templated":true}]}}