{"id":11451,"date":"2020-02-18T07:32:43","date_gmt":"2020-02-18T07:32:43","guid":{"rendered":"https:\/\/equipomedicomexico-com.preview-domain.com\/product\/cama-manual-2-posiciones-para-hospital-c3020-handy\/"},"modified":"2020-02-18T07:32:50","modified_gmt":"2020-02-18T07:32:50","slug":"cama-manual-2-posiciones-para-hospital-c3020-handy","status":"publish","type":"product","link":"https:\/\/buscoequipomedico.com\/?product=cama-manual-2-posiciones-para-hospital-c3020-handy","title":{"rendered":"CAMA MANUAL 2 POSICIONES PARA HOSPITAL C3020 HANDY"},"content":{"rendered":"<p>CARACTER\u00cdSTICAS:<\/p>\n<ul>\n<li>Ergon\u00f3micamente dise\u00f1ada para la comodidad del paciente en su hogar o en el hospital<\/li>\n<li>Sistema manual de elevaci\u00f3n de 2 posiciones<\/li>\n<li>Control de posiciones con 2 manivelas<\/li>\n<li>Angulo de elevaci\u00f3n de respaldo 0\u00b0 a 80\u00b0<\/li>\n<li>Angulo de elevaci\u00f3n de rodillas 0\u00b0 a 40\u00b0<\/li>\n<li>Bastidor 4 Secciones, plegable de acero de alta durabilidad recubierto de pintura ep\u00f3xica.<\/li>\n<li>Estructura tubular con pintura ep\u00f3xica f\u00e1cil de limpiar y esterilizar.<\/li>\n<li>Barandales aluminio de protecci\u00f3n abatibles<\/li>\n<li>Ruedas de goma con freno en cada una de ellas para mayor seguridad<\/li>\n<li>Cabecera y piecera en ABS de alta resistencia desmontable f\u00e1cil de limpiar y esterilizar.<\/li>\n<li>Topes de pl\u00e1stico suave en las esquinas antigolpes<\/li>\n<li>Motor silencioso<\/li>\n<li>Mayor confort gracias a su colch\u00f3n de poliuretano<\/li>\n<\/ul>\n<p>\u00a0<\/p>\n<p>DIMENSIONES<\/p>\n<ul>\n<li>Largo 200 cm<\/li>\n<li>Ancho 90 cm<\/li>\n<li>Altura 52 cm<\/li>\n<li>Soporte de peso 175 kg<\/li>\n<\/ul>\n<p>\u00a0<\/p>\n","protected":false},"excerpt":{"rendered":"<p>2 Posiciones:<\/p>\n<ul>\n<li>Respaldo<\/li>\n<li>Rodillas<\/li>\n<\/ul>\n","protected":false},"featured_media":11452,"template":"","meta":{"_joinchat":[]},"product_brand":[],"product_cat":[196,201],"product_tag":[],"class_list":{"0":"post-11451","1":"product","2":"type-product","3":"status-publish","4":"has-post-thumbnail","6":"product_cat-camas","7":"product_cat-camas-manuales","8":"pa_marca-handy","10":"first","11":"instock","12":"purchasable","13":"product-type-simple"},"yoast_head":"<!-- This site is optimized with the Yoast SEO plugin v25.1 - https:\/\/yoast.com\/wordpress\/plugins\/seo\/ -->\n<title>CAMA MANUAL 2 POSICIONES PARA HOSPITAL C3020 HANDY - Tu mejor opci\u00f3n Equipo M\u00e9dico M\u00e9xico<\/title>\n<meta name=\"robots\" content=\"index, follow, max-snippet:-1, max-image-preview:large, max-video-preview:-1\" \/>\n<link rel=\"canonical\" href=\"https:\/\/buscoequipomedico.com\/?product=cama-manual-2-posiciones-para-hospital-c3020-handy\" \/>\n<meta property=\"og:locale\" content=\"es_ES\" \/>\n<meta property=\"og:type\" content=\"article\" \/>\n<meta property=\"og:title\" content=\"CAMA MANUAL 2 POSICIONES PARA HOSPITAL C3020 HANDY - Tu mejor opci\u00f3n Equipo M\u00e9dico M\u00e9xico\" \/>\n<meta property=\"og:description\" content=\"2 Posiciones: Respaldo Rodillas\" \/>\n<meta property=\"og:url\" content=\"https:\/\/buscoequipomedico.com\/?product=cama-manual-2-posiciones-para-hospital-c3020-handy\" \/>\n<meta property=\"og:site_name\" content=\"Tu mejor opci\u00f3n Equipo M\u00e9dico M\u00e9xico\" \/>\n<meta property=\"article:modified_time\" content=\"2020-02-18T07:32:50+00:00\" \/>\n<meta property=\"og:image\" content=\"https:\/\/buscoequipomedico.com\/wp-content\/uploads\/2020\/02\/cama-manual-2-posiciones-para-hospital-c3020-handy-2-posiciones-respaldo-rodillas.jpg\" \/>\n\t<meta property=\"og:image:width\" content=\"800\" \/>\n\t<meta property=\"og:image:height\" content=\"800\" \/>\n\t<meta property=\"og:image:type\" content=\"image\/png\" \/>\n<meta name=\"twitter:card\" content=\"summary_large_image\" \/>\n<meta name=\"twitter:label1\" content=\"Tiempo de lectura\" \/>\n\t<meta name=\"twitter:data1\" content=\"1 minuto\" \/>\n<script type=\"application\/ld+json\" class=\"yoast-schema-graph\">{\"@context\":\"https:\/\/schema.org\",\"@graph\":[{\"@type\":\"WebPage\",\"@id\":\"https:\/\/buscoequipomedico.com\/?product=cama-manual-2-posiciones-para-hospital-c3020-handy\",\"url\":\"https:\/\/buscoequipomedico.com\/?product=cama-manual-2-posiciones-para-hospital-c3020-handy\",\"name\":\"CAMA MANUAL 2 POSICIONES PARA HOSPITAL C3020 HANDY - Tu mejor opci\u00f3n Equipo M\u00e9dico M\u00e9xico\",\"isPartOf\":{\"@id\":\"https:\/\/buscoequipomedico.com\/#website\"},\"primaryImageOfPage\":{\"@id\":\"https:\/\/buscoequipomedico.com\/?product=cama-manual-2-posiciones-para-hospital-c3020-handy#primaryimage\"},\"image\":{\"@id\":\"https:\/\/buscoequipomedico.com\/?product=cama-manual-2-posiciones-para-hospital-c3020-handy#primaryimage\"},\"thumbnailUrl\":\"https:\/\/buscoequipomedico.com\/wp-content\/uploads\/2020\/02\/cama-manual-2-posiciones-para-hospital-c3020-handy-2-posiciones-respaldo-rodillas.jpg\",\"datePublished\":\"2020-02-18T07:32:43+00:00\",\"dateModified\":\"2020-02-18T07:32:50+00:00\",\"breadcrumb\":{\"@id\":\"https:\/\/buscoequipomedico.com\/?product=cama-manual-2-posiciones-para-hospital-c3020-handy#breadcrumb\"},\"inLanguage\":\"es\",\"potentialAction\":[{\"@type\":\"ReadAction\",\"target\":[\"https:\/\/buscoequipomedico.com\/?product=cama-manual-2-posiciones-para-hospital-c3020-handy\"]}]},{\"@type\":\"ImageObject\",\"inLanguage\":\"es\",\"@id\":\"https:\/\/buscoequipomedico.com\/?product=cama-manual-2-posiciones-para-hospital-c3020-handy#primaryimage\",\"url\":\"https:\/\/buscoequipomedico.com\/wp-content\/uploads\/2020\/02\/cama-manual-2-posiciones-para-hospital-c3020-handy-2-posiciones-respaldo-rodillas.jpg\",\"contentUrl\":\"https:\/\/buscoequipomedico.com\/wp-content\/uploads\/2020\/02\/cama-manual-2-posiciones-para-hospital-c3020-handy-2-posiciones-respaldo-rodillas.jpg\",\"width\":800,\"height\":800},{\"@type\":\"BreadcrumbList\",\"@id\":\"https:\/\/buscoequipomedico.com\/?product=cama-manual-2-posiciones-para-hospital-c3020-handy#breadcrumb\",\"itemListElement\":[{\"@type\":\"ListItem\",\"position\":1,\"name\":\"Productos\",\"item\":\"https:\/\/buscoequipomedico.com\/shop\/\"},{\"@type\":\"ListItem\",\"position\":2,\"name\":\"CAMA MANUAL 2 POSICIONES PARA HOSPITAL C3020 HANDY\"}]},{\"@type\":\"WebSite\",\"@id\":\"https:\/\/buscoequipomedico.com\/#website\",\"url\":\"https:\/\/buscoequipomedico.com\/\",\"name\":\"Tu mejor opci\u00f3n Equipo M\u00e9dico M\u00e9xico\",\"description\":\"Tienda de equipo m\u00e9dico\",\"publisher\":{\"@id\":\"https:\/\/buscoequipomedico.com\/#organization\"},\"potentialAction\":[{\"@type\":\"SearchAction\",\"target\":{\"@type\":\"EntryPoint\",\"urlTemplate\":\"https:\/\/buscoequipomedico.com\/?s={search_term_string}\"},\"query-input\":{\"@type\":\"PropertyValueSpecification\",\"valueRequired\":true,\"valueName\":\"search_term_string\"}}],\"inLanguage\":\"es\"},{\"@type\":\"Organization\",\"@id\":\"https:\/\/buscoequipomedico.com\/#organization\",\"name\":\"Tu mejor opci\u00f3n Equipo M\u00e9dico M\u00e9xico\",\"url\":\"https:\/\/buscoequipomedico.com\/\",\"logo\":{\"@type\":\"ImageObject\",\"inLanguage\":\"es\",\"@id\":\"https:\/\/buscoequipomedico.com\/#\/schema\/logo\/image\/\",\"url\":\"https:\/\/buscoequipomedico.com\/wp-content\/uploads\/2021\/07\/EMM-VPrincipal-scaled.jpg\",\"contentUrl\":\"https:\/\/buscoequipomedico.com\/wp-content\/uploads\/2021\/07\/EMM-VPrincipal-scaled.jpg\",\"width\":2560,\"height\":1058,\"caption\":\"Tu mejor opci\u00f3n Equipo M\u00e9dico M\u00e9xico\"},\"image\":{\"@id\":\"https:\/\/buscoequipomedico.com\/#\/schema\/logo\/image\/\"}}]}<\/script>\n<!-- \/ Yoast SEO plugin. -->","yoast_head_json":{"title":"CAMA MANUAL 2 POSICIONES PARA HOSPITAL C3020 HANDY - Tu mejor opci\u00f3n Equipo M\u00e9dico M\u00e9xico","robots":{"index":"index","follow":"follow","max-snippet":"max-snippet:-1","max-image-preview":"max-image-preview:large","max-video-preview":"max-video-preview:-1"},"canonical":"https:\/\/buscoequipomedico.com\/?product=cama-manual-2-posiciones-para-hospital-c3020-handy","og_locale":"es_ES","og_type":"article","og_title":"CAMA MANUAL 2 POSICIONES PARA HOSPITAL C3020 HANDY - Tu mejor opci\u00f3n Equipo M\u00e9dico M\u00e9xico","og_description":"2 Posiciones: Respaldo Rodillas","og_url":"https:\/\/buscoequipomedico.com\/?product=cama-manual-2-posiciones-para-hospital-c3020-handy","og_site_name":"Tu mejor opci\u00f3n Equipo M\u00e9dico M\u00e9xico","article_modified_time":"2020-02-18T07:32:50+00:00","og_image":[{"width":800,"height":800,"url":"https:\/\/buscoequipomedico.com\/wp-content\/uploads\/2020\/02\/cama-manual-2-posiciones-para-hospital-c3020-handy-2-posiciones-respaldo-rodillas.jpg","type":"image\/png"}],"twitter_card":"summary_large_image","twitter_misc":{"Tiempo de lectura":"1 minuto"},"schema":{"@context":"https:\/\/schema.org","@graph":[{"@type":"WebPage","@id":"https:\/\/buscoequipomedico.com\/?product=cama-manual-2-posiciones-para-hospital-c3020-handy","url":"https:\/\/buscoequipomedico.com\/?product=cama-manual-2-posiciones-para-hospital-c3020-handy","name":"CAMA MANUAL 2 POSICIONES PARA HOSPITAL C3020 HANDY - Tu mejor opci\u00f3n Equipo M\u00e9dico M\u00e9xico","isPartOf":{"@id":"https:\/\/buscoequipomedico.com\/#website"},"primaryImageOfPage":{"@id":"https:\/\/buscoequipomedico.com\/?product=cama-manual-2-posiciones-para-hospital-c3020-handy#primaryimage"},"image":{"@id":"https:\/\/buscoequipomedico.com\/?product=cama-manual-2-posiciones-para-hospital-c3020-handy#primaryimage"},"thumbnailUrl":"https:\/\/buscoequipomedico.com\/wp-content\/uploads\/2020\/02\/cama-manual-2-posiciones-para-hospital-c3020-handy-2-posiciones-respaldo-rodillas.jpg","datePublished":"2020-02-18T07:32:43+00:00","dateModified":"2020-02-18T07:32:50+00:00","breadcrumb":{"@id":"https:\/\/buscoequipomedico.com\/?product=cama-manual-2-posiciones-para-hospital-c3020-handy#breadcrumb"},"inLanguage":"es","potentialAction":[{"@type":"ReadAction","target":["https:\/\/buscoequipomedico.com\/?product=cama-manual-2-posiciones-para-hospital-c3020-handy"]}]},{"@type":"ImageObject","inLanguage":"es","@id":"https:\/\/buscoequipomedico.com\/?product=cama-manual-2-posiciones-para-hospital-c3020-handy#primaryimage","url":"https:\/\/buscoequipomedico.com\/wp-content\/uploads\/2020\/02\/cama-manual-2-posiciones-para-hospital-c3020-handy-2-posiciones-respaldo-rodillas.jpg","contentUrl":"https:\/\/buscoequipomedico.com\/wp-content\/uploads\/2020\/02\/cama-manual-2-posiciones-para-hospital-c3020-handy-2-posiciones-respaldo-rodillas.jpg","width":800,"height":800},{"@type":"BreadcrumbList","@id":"https:\/\/buscoequipomedico.com\/?product=cama-manual-2-posiciones-para-hospital-c3020-handy#breadcrumb","itemListElement":[{"@type":"ListItem","position":1,"name":"Productos","item":"https:\/\/buscoequipomedico.com\/shop\/"},{"@type":"ListItem","position":2,"name":"CAMA MANUAL 2 POSICIONES PARA HOSPITAL C3020 HANDY"}]},{"@type":"WebSite","@id":"https:\/\/buscoequipomedico.com\/#website","url":"https:\/\/buscoequipomedico.com\/","name":"Tu mejor opci\u00f3n Equipo M\u00e9dico M\u00e9xico","description":"Tienda de equipo m\u00e9dico","publisher":{"@id":"https:\/\/buscoequipomedico.com\/#organization"},"potentialAction":[{"@type":"SearchAction","target":{"@type":"EntryPoint","urlTemplate":"https:\/\/buscoequipomedico.com\/?s={search_term_string}"},"query-input":{"@type":"PropertyValueSpecification","valueRequired":true,"valueName":"search_term_string"}}],"inLanguage":"es"},{"@type":"Organization","@id":"https:\/\/buscoequipomedico.com\/#organization","name":"Tu mejor opci\u00f3n Equipo M\u00e9dico M\u00e9xico","url":"https:\/\/buscoequipomedico.com\/","logo":{"@type":"ImageObject","inLanguage":"es","@id":"https:\/\/buscoequipomedico.com\/#\/schema\/logo\/image\/","url":"https:\/\/buscoequipomedico.com\/wp-content\/uploads\/2021\/07\/EMM-VPrincipal-scaled.jpg","contentUrl":"https:\/\/buscoequipomedico.com\/wp-content\/uploads\/2021\/07\/EMM-VPrincipal-scaled.jpg","width":2560,"height":1058,"caption":"Tu mejor opci\u00f3n Equipo M\u00e9dico M\u00e9xico"},"image":{"@id":"https:\/\/buscoequipomedico.com\/#\/schema\/logo\/image\/"}}]}},"_links":{"self":[{"href":"https:\/\/buscoequipomedico.com\/index.php?rest_route=\/wp\/v2\/product\/11451","targetHints":{"allow":["GET"]}}],"collection":[{"href":"https:\/\/buscoequipomedico.com\/index.php?rest_route=\/wp\/v2\/product"}],"about":[{"href":"https:\/\/buscoequipomedico.com\/index.php?rest_route=\/wp\/v2\/types\/product"}],"wp:featuredmedia":[{"embeddable":true,"href":"https:\/\/buscoequipomedico.com\/index.php?rest_route=\/wp\/v2\/media\/11452"}],"wp:attachment":[{"href":"https:\/\/buscoequipomedico.com\/index.php?rest_route=%2Fwp%2Fv2%2Fmedia&parent=11451"}],"wp:term":[{"taxonomy":"product_brand","embeddable":true,"href":"https:\/\/buscoequipomedico.com\/index.php?rest_route=%2Fwp%2Fv2%2Fproduct_brand&post=11451"},{"taxonomy":"product_cat","embeddable":true,"href":"https:\/\/buscoequipomedico.com\/index.php?rest_route=%2Fwp%2Fv2%2Fproduct_cat&post=11451"},{"taxonomy":"product_tag","embeddable":true,"href":"https:\/\/buscoequipomedico.com\/index.php?rest_route=%2Fwp%2Fv2%2Fproduct_tag&post=11451"}],"curies":[{"name":"wp","href":"https:\/\/api.w.org\/{rel}","templated":true}]}}