{"id":11455,"date":"2020-02-18T07:32:43","date_gmt":"2020-02-18T07:32:43","guid":{"rendered":"https:\/\/equipomedicomexico-com.preview-domain.com\/product\/cama-hospitalaria-3-posiciones\/"},"modified":"2020-02-18T07:32:50","modified_gmt":"2020-02-18T07:32:50","slug":"cama-hospitalaria-3-posiciones","status":"publish","type":"product","link":"https:\/\/buscoequipomedico.com\/?product=cama-hospitalaria-3-posiciones","title":{"rendered":"CAMA HOSPITALARIA 3 POSICIONES"},"content":{"rendered":"<p><span>Fabricada en acero blanco<\/span><br \/><span>* Seccionada en 3 posiciones<\/span><br \/><span>* Llanta s\u00f3lida 5 x 1\u201d<\/span><br \/><span>* Sistema de frenado en 2 ruedas<\/span><br \/><span>* Con portasuero removible<\/span><br \/><span>* Con barandales laterales incluidos<\/span><br \/><span>* Soportas hasta 200 kg<\/span><\/p>\n","protected":false},"excerpt":{"rendered":"<ul>\n<li><span>Acero blanco<\/span><\/li>\n<li><span>Frenado en 2 ruedas<\/span><\/li>\n<li><span>Llanta s\u00f3lida 5 x 1\u201d<\/span><\/li>\n<li><span>Soportas hasta 200 kg<\/span><\/li>\n<li><span>Portasuero removible<\/span><\/li>\n<\/ul>\n","protected":false},"featured_media":11456,"template":"","meta":{"_joinchat":[]},"product_brand":[],"product_cat":[196,201],"product_tag":[],"class_list":{"0":"post-11455","1":"product","2":"type-product","3":"status-publish","4":"has-post-thumbnail","6":"product_cat-camas","7":"product_cat-camas-manuales","8":"pa_marca-handy","10":"first","11":"instock","12":"purchasable","13":"product-type-simple"},"yoast_head":"<!-- This site is optimized with the Yoast SEO plugin v25.1 - https:\/\/yoast.com\/wordpress\/plugins\/seo\/ -->\n<title>CAMA HOSPITALARIA 3 POSICIONES - Tu mejor opci\u00f3n Equipo M\u00e9dico M\u00e9xico<\/title>\n<meta name=\"robots\" content=\"index, follow, max-snippet:-1, max-image-preview:large, max-video-preview:-1\" \/>\n<link rel=\"canonical\" href=\"https:\/\/buscoequipomedico.com\/?product=cama-hospitalaria-3-posiciones\" \/>\n<meta property=\"og:locale\" content=\"es_ES\" \/>\n<meta property=\"og:type\" content=\"article\" \/>\n<meta property=\"og:title\" content=\"CAMA HOSPITALARIA 3 POSICIONES - Tu mejor opci\u00f3n Equipo M\u00e9dico M\u00e9xico\" \/>\n<meta property=\"og:description\" content=\"Acero blanco Frenado en 2 ruedas Llanta s\u00f3lida 5 x 1\u201d Soportas hasta 200 kg Portasuero removible\" \/>\n<meta property=\"og:url\" content=\"https:\/\/buscoequipomedico.com\/?product=cama-hospitalaria-3-posiciones\" \/>\n<meta property=\"og:site_name\" content=\"Tu mejor opci\u00f3n Equipo M\u00e9dico M\u00e9xico\" \/>\n<meta property=\"article:modified_time\" content=\"2020-02-18T07:32:50+00:00\" \/>\n<meta property=\"og:image\" content=\"https:\/\/buscoequipomedico.com\/wp-content\/uploads\/2020\/02\/cama-hospitalaria-3-posiciones-acero-blanco-frenado-en-2-ruedas-llanta-solida-5-x-1-soportas-hasta-200-kg-portasuero-removible.jpg\" \/>\n\t<meta property=\"og:image:width\" content=\"800\" \/>\n\t<meta property=\"og:image:height\" content=\"800\" \/>\n\t<meta property=\"og:image:type\" content=\"image\/png\" \/>\n<meta name=\"twitter:card\" content=\"summary_large_image\" \/>\n<script type=\"application\/ld+json\" class=\"yoast-schema-graph\">{\"@context\":\"https:\/\/schema.org\",\"@graph\":[{\"@type\":\"WebPage\",\"@id\":\"https:\/\/buscoequipomedico.com\/?product=cama-hospitalaria-3-posiciones\",\"url\":\"https:\/\/buscoequipomedico.com\/?product=cama-hospitalaria-3-posiciones\",\"name\":\"CAMA HOSPITALARIA 3 POSICIONES - Tu mejor opci\u00f3n Equipo M\u00e9dico M\u00e9xico\",\"isPartOf\":{\"@id\":\"https:\/\/buscoequipomedico.com\/#website\"},\"primaryImageOfPage\":{\"@id\":\"https:\/\/buscoequipomedico.com\/?product=cama-hospitalaria-3-posiciones#primaryimage\"},\"image\":{\"@id\":\"https:\/\/buscoequipomedico.com\/?product=cama-hospitalaria-3-posiciones#primaryimage\"},\"thumbnailUrl\":\"https:\/\/buscoequipomedico.com\/wp-content\/uploads\/2020\/02\/cama-hospitalaria-3-posiciones-acero-blanco-frenado-en-2-ruedas-llanta-solida-5-x-1-soportas-hasta-200-kg-portasuero-removible.jpg\",\"datePublished\":\"2020-02-18T07:32:43+00:00\",\"dateModified\":\"2020-02-18T07:32:50+00:00\",\"breadcrumb\":{\"@id\":\"https:\/\/buscoequipomedico.com\/?product=cama-hospitalaria-3-posiciones#breadcrumb\"},\"inLanguage\":\"es\",\"potentialAction\":[{\"@type\":\"ReadAction\",\"target\":[\"https:\/\/buscoequipomedico.com\/?product=cama-hospitalaria-3-posiciones\"]}]},{\"@type\":\"ImageObject\",\"inLanguage\":\"es\",\"@id\":\"https:\/\/buscoequipomedico.com\/?product=cama-hospitalaria-3-posiciones#primaryimage\",\"url\":\"https:\/\/buscoequipomedico.com\/wp-content\/uploads\/2020\/02\/cama-hospitalaria-3-posiciones-acero-blanco-frenado-en-2-ruedas-llanta-solida-5-x-1-soportas-hasta-200-kg-portasuero-removible.jpg\",\"contentUrl\":\"https:\/\/buscoequipomedico.com\/wp-content\/uploads\/2020\/02\/cama-hospitalaria-3-posiciones-acero-blanco-frenado-en-2-ruedas-llanta-solida-5-x-1-soportas-hasta-200-kg-portasuero-removible.jpg\",\"width\":800,\"height\":800},{\"@type\":\"BreadcrumbList\",\"@id\":\"https:\/\/buscoequipomedico.com\/?product=cama-hospitalaria-3-posiciones#breadcrumb\",\"itemListElement\":[{\"@type\":\"ListItem\",\"position\":1,\"name\":\"Productos\",\"item\":\"https:\/\/buscoequipomedico.com\/shop\/\"},{\"@type\":\"ListItem\",\"position\":2,\"name\":\"CAMA HOSPITALARIA 3 POSICIONES\"}]},{\"@type\":\"WebSite\",\"@id\":\"https:\/\/buscoequipomedico.com\/#website\",\"url\":\"https:\/\/buscoequipomedico.com\/\",\"name\":\"Tu mejor opci\u00f3n Equipo M\u00e9dico M\u00e9xico\",\"description\":\"Tienda de equipo m\u00e9dico\",\"publisher\":{\"@id\":\"https:\/\/buscoequipomedico.com\/#organization\"},\"potentialAction\":[{\"@type\":\"SearchAction\",\"target\":{\"@type\":\"EntryPoint\",\"urlTemplate\":\"https:\/\/buscoequipomedico.com\/?s={search_term_string}\"},\"query-input\":{\"@type\":\"PropertyValueSpecification\",\"valueRequired\":true,\"valueName\":\"search_term_string\"}}],\"inLanguage\":\"es\"},{\"@type\":\"Organization\",\"@id\":\"https:\/\/buscoequipomedico.com\/#organization\",\"name\":\"Tu mejor opci\u00f3n Equipo M\u00e9dico M\u00e9xico\",\"url\":\"https:\/\/buscoequipomedico.com\/\",\"logo\":{\"@type\":\"ImageObject\",\"inLanguage\":\"es\",\"@id\":\"https:\/\/buscoequipomedico.com\/#\/schema\/logo\/image\/\",\"url\":\"https:\/\/buscoequipomedico.com\/wp-content\/uploads\/2021\/07\/EMM-VPrincipal-scaled.jpg\",\"contentUrl\":\"https:\/\/buscoequipomedico.com\/wp-content\/uploads\/2021\/07\/EMM-VPrincipal-scaled.jpg\",\"width\":2560,\"height\":1058,\"caption\":\"Tu mejor opci\u00f3n Equipo M\u00e9dico M\u00e9xico\"},\"image\":{\"@id\":\"https:\/\/buscoequipomedico.com\/#\/schema\/logo\/image\/\"}}]}<\/script>\n<!-- \/ Yoast SEO plugin. -->","yoast_head_json":{"title":"CAMA HOSPITALARIA 3 POSICIONES - Tu mejor opci\u00f3n Equipo M\u00e9dico M\u00e9xico","robots":{"index":"index","follow":"follow","max-snippet":"max-snippet:-1","max-image-preview":"max-image-preview:large","max-video-preview":"max-video-preview:-1"},"canonical":"https:\/\/buscoequipomedico.com\/?product=cama-hospitalaria-3-posiciones","og_locale":"es_ES","og_type":"article","og_title":"CAMA HOSPITALARIA 3 POSICIONES - Tu mejor opci\u00f3n Equipo M\u00e9dico M\u00e9xico","og_description":"Acero blanco Frenado en 2 ruedas Llanta s\u00f3lida 5 x 1\u201d Soportas hasta 200 kg Portasuero removible","og_url":"https:\/\/buscoequipomedico.com\/?product=cama-hospitalaria-3-posiciones","og_site_name":"Tu mejor opci\u00f3n Equipo M\u00e9dico M\u00e9xico","article_modified_time":"2020-02-18T07:32:50+00:00","og_image":[{"width":800,"height":800,"url":"https:\/\/buscoequipomedico.com\/wp-content\/uploads\/2020\/02\/cama-hospitalaria-3-posiciones-acero-blanco-frenado-en-2-ruedas-llanta-solida-5-x-1-soportas-hasta-200-kg-portasuero-removible.jpg","type":"image\/png"}],"twitter_card":"summary_large_image","schema":{"@context":"https:\/\/schema.org","@graph":[{"@type":"WebPage","@id":"https:\/\/buscoequipomedico.com\/?product=cama-hospitalaria-3-posiciones","url":"https:\/\/buscoequipomedico.com\/?product=cama-hospitalaria-3-posiciones","name":"CAMA HOSPITALARIA 3 POSICIONES - Tu mejor opci\u00f3n Equipo M\u00e9dico M\u00e9xico","isPartOf":{"@id":"https:\/\/buscoequipomedico.com\/#website"},"primaryImageOfPage":{"@id":"https:\/\/buscoequipomedico.com\/?product=cama-hospitalaria-3-posiciones#primaryimage"},"image":{"@id":"https:\/\/buscoequipomedico.com\/?product=cama-hospitalaria-3-posiciones#primaryimage"},"thumbnailUrl":"https:\/\/buscoequipomedico.com\/wp-content\/uploads\/2020\/02\/cama-hospitalaria-3-posiciones-acero-blanco-frenado-en-2-ruedas-llanta-solida-5-x-1-soportas-hasta-200-kg-portasuero-removible.jpg","datePublished":"2020-02-18T07:32:43+00:00","dateModified":"2020-02-18T07:32:50+00:00","breadcrumb":{"@id":"https:\/\/buscoequipomedico.com\/?product=cama-hospitalaria-3-posiciones#breadcrumb"},"inLanguage":"es","potentialAction":[{"@type":"ReadAction","target":["https:\/\/buscoequipomedico.com\/?product=cama-hospitalaria-3-posiciones"]}]},{"@type":"ImageObject","inLanguage":"es","@id":"https:\/\/buscoequipomedico.com\/?product=cama-hospitalaria-3-posiciones#primaryimage","url":"https:\/\/buscoequipomedico.com\/wp-content\/uploads\/2020\/02\/cama-hospitalaria-3-posiciones-acero-blanco-frenado-en-2-ruedas-llanta-solida-5-x-1-soportas-hasta-200-kg-portasuero-removible.jpg","contentUrl":"https:\/\/buscoequipomedico.com\/wp-content\/uploads\/2020\/02\/cama-hospitalaria-3-posiciones-acero-blanco-frenado-en-2-ruedas-llanta-solida-5-x-1-soportas-hasta-200-kg-portasuero-removible.jpg","width":800,"height":800},{"@type":"BreadcrumbList","@id":"https:\/\/buscoequipomedico.com\/?product=cama-hospitalaria-3-posiciones#breadcrumb","itemListElement":[{"@type":"ListItem","position":1,"name":"Productos","item":"https:\/\/buscoequipomedico.com\/shop\/"},{"@type":"ListItem","position":2,"name":"CAMA HOSPITALARIA 3 POSICIONES"}]},{"@type":"WebSite","@id":"https:\/\/buscoequipomedico.com\/#website","url":"https:\/\/buscoequipomedico.com\/","name":"Tu mejor opci\u00f3n Equipo M\u00e9dico M\u00e9xico","description":"Tienda de equipo m\u00e9dico","publisher":{"@id":"https:\/\/buscoequipomedico.com\/#organization"},"potentialAction":[{"@type":"SearchAction","target":{"@type":"EntryPoint","urlTemplate":"https:\/\/buscoequipomedico.com\/?s={search_term_string}"},"query-input":{"@type":"PropertyValueSpecification","valueRequired":true,"valueName":"search_term_string"}}],"inLanguage":"es"},{"@type":"Organization","@id":"https:\/\/buscoequipomedico.com\/#organization","name":"Tu mejor opci\u00f3n Equipo M\u00e9dico M\u00e9xico","url":"https:\/\/buscoequipomedico.com\/","logo":{"@type":"ImageObject","inLanguage":"es","@id":"https:\/\/buscoequipomedico.com\/#\/schema\/logo\/image\/","url":"https:\/\/buscoequipomedico.com\/wp-content\/uploads\/2021\/07\/EMM-VPrincipal-scaled.jpg","contentUrl":"https:\/\/buscoequipomedico.com\/wp-content\/uploads\/2021\/07\/EMM-VPrincipal-scaled.jpg","width":2560,"height":1058,"caption":"Tu mejor opci\u00f3n Equipo M\u00e9dico M\u00e9xico"},"image":{"@id":"https:\/\/buscoequipomedico.com\/#\/schema\/logo\/image\/"}}]}},"_links":{"self":[{"href":"https:\/\/buscoequipomedico.com\/index.php?rest_route=\/wp\/v2\/product\/11455","targetHints":{"allow":["GET"]}}],"collection":[{"href":"https:\/\/buscoequipomedico.com\/index.php?rest_route=\/wp\/v2\/product"}],"about":[{"href":"https:\/\/buscoequipomedico.com\/index.php?rest_route=\/wp\/v2\/types\/product"}],"wp:featuredmedia":[{"embeddable":true,"href":"https:\/\/buscoequipomedico.com\/index.php?rest_route=\/wp\/v2\/media\/11456"}],"wp:attachment":[{"href":"https:\/\/buscoequipomedico.com\/index.php?rest_route=%2Fwp%2Fv2%2Fmedia&parent=11455"}],"wp:term":[{"taxonomy":"product_brand","embeddable":true,"href":"https:\/\/buscoequipomedico.com\/index.php?rest_route=%2Fwp%2Fv2%2Fproduct_brand&post=11455"},{"taxonomy":"product_cat","embeddable":true,"href":"https:\/\/buscoequipomedico.com\/index.php?rest_route=%2Fwp%2Fv2%2Fproduct_cat&post=11455"},{"taxonomy":"product_tag","embeddable":true,"href":"https:\/\/buscoequipomedico.com\/index.php?rest_route=%2Fwp%2Fv2%2Fproduct_tag&post=11455"}],"curies":[{"name":"wp","href":"https:\/\/api.w.org\/{rel}","templated":true}]}}