{"id":11477,"date":"2020-02-18T07:32:53","date_gmt":"2020-02-18T07:32:53","guid":{"rendered":"https:\/\/equipomedicomexico-com.preview-domain.com\/product\/cama-manual-ky305s-52-c-bar-1-freno\/"},"modified":"2020-02-18T07:32:55","modified_gmt":"2020-02-18T07:32:55","slug":"cama-manual-ky305s-52-c-bar-1-freno","status":"publish","type":"product","link":"https:\/\/buscoequipomedico.com\/?product=cama-manual-ky305s-52-c-bar-1-freno","title":{"rendered":"CAMA MANUAL KY305S-52 C\/BAR 1\/FRENO"},"content":{"rendered":"<p><span>Fabricada en Acero cubierta de pintura ep\u00f3xica color blanco y resistente a la corrosi\u00f3n, con 2 manivelas.<\/span><\/p>\n<p><span>Secci\u00f3n de espalda y piernas, ajustables de forma manual.<\/span><\/p>\n<p><span>4 Ruedas de 5&#8243; pulgadas con freno de seguridad, que facilitan su movilidad.<\/span><\/p>\n","protected":false},"excerpt":{"rendered":"<ul>\n<li>Estructura de acero cubiera de pintura ep\u00f3xica resistente a la corrosi\u00f3n.<\/li>\n<\/ul>\n","protected":false},"featured_media":11478,"template":"","meta":{"_joinchat":[]},"product_brand":[],"product_cat":[196,201],"product_tag":[],"class_list":{"0":"post-11477","1":"product","2":"type-product","3":"status-publish","4":"has-post-thumbnail","6":"product_cat-camas","7":"product_cat-camas-manuales","8":"pa_marca-china","10":"first","11":"instock","12":"purchasable","13":"product-type-simple"},"yoast_head":"<!-- This site is optimized with the Yoast SEO plugin v25.1 - https:\/\/yoast.com\/wordpress\/plugins\/seo\/ -->\n<title>CAMA MANUAL KY305S-52 C\/BAR 1\/FRENO - Tu mejor opci\u00f3n Equipo M\u00e9dico M\u00e9xico<\/title>\n<meta name=\"robots\" content=\"index, follow, max-snippet:-1, max-image-preview:large, max-video-preview:-1\" \/>\n<link rel=\"canonical\" href=\"https:\/\/buscoequipomedico.com\/?product=cama-manual-ky305s-52-c-bar-1-freno\" \/>\n<meta property=\"og:locale\" content=\"es_ES\" \/>\n<meta property=\"og:type\" content=\"article\" \/>\n<meta property=\"og:title\" content=\"CAMA MANUAL KY305S-52 C\/BAR 1\/FRENO - Tu mejor opci\u00f3n Equipo M\u00e9dico M\u00e9xico\" \/>\n<meta property=\"og:description\" content=\"Estructura de acero cubiera de pintura ep\u00f3xica resistente a la corrosi\u00f3n.\" \/>\n<meta property=\"og:url\" content=\"https:\/\/buscoequipomedico.com\/?product=cama-manual-ky305s-52-c-bar-1-freno\" \/>\n<meta property=\"og:site_name\" content=\"Tu mejor opci\u00f3n Equipo M\u00e9dico M\u00e9xico\" \/>\n<meta property=\"article:modified_time\" content=\"2020-02-18T07:32:55+00:00\" \/>\n<meta property=\"og:image\" content=\"https:\/\/buscoequipomedico.com\/wp-content\/uploads\/2020\/02\/cama-manual-ky305s-52-c-bar-1-freno-estructura-de-acero-cubiera-de-pintura-epoxica-resistente-a-la-corrosion.jpg\" \/>\n\t<meta property=\"og:image:width\" content=\"800\" \/>\n\t<meta property=\"og:image:height\" content=\"800\" \/>\n\t<meta property=\"og:image:type\" content=\"image\/png\" \/>\n<meta name=\"twitter:card\" content=\"summary_large_image\" \/>\n<script type=\"application\/ld+json\" class=\"yoast-schema-graph\">{\"@context\":\"https:\/\/schema.org\",\"@graph\":[{\"@type\":\"WebPage\",\"@id\":\"https:\/\/buscoequipomedico.com\/?product=cama-manual-ky305s-52-c-bar-1-freno\",\"url\":\"https:\/\/buscoequipomedico.com\/?product=cama-manual-ky305s-52-c-bar-1-freno\",\"name\":\"CAMA MANUAL KY305S-52 C\/BAR 1\/FRENO - Tu mejor opci\u00f3n Equipo M\u00e9dico M\u00e9xico\",\"isPartOf\":{\"@id\":\"https:\/\/buscoequipomedico.com\/#website\"},\"primaryImageOfPage\":{\"@id\":\"https:\/\/buscoequipomedico.com\/?product=cama-manual-ky305s-52-c-bar-1-freno#primaryimage\"},\"image\":{\"@id\":\"https:\/\/buscoequipomedico.com\/?product=cama-manual-ky305s-52-c-bar-1-freno#primaryimage\"},\"thumbnailUrl\":\"https:\/\/buscoequipomedico.com\/wp-content\/uploads\/2020\/02\/cama-manual-ky305s-52-c-bar-1-freno-estructura-de-acero-cubiera-de-pintura-epoxica-resistente-a-la-corrosion.jpg\",\"datePublished\":\"2020-02-18T07:32:53+00:00\",\"dateModified\":\"2020-02-18T07:32:55+00:00\",\"breadcrumb\":{\"@id\":\"https:\/\/buscoequipomedico.com\/?product=cama-manual-ky305s-52-c-bar-1-freno#breadcrumb\"},\"inLanguage\":\"es\",\"potentialAction\":[{\"@type\":\"ReadAction\",\"target\":[\"https:\/\/buscoequipomedico.com\/?product=cama-manual-ky305s-52-c-bar-1-freno\"]}]},{\"@type\":\"ImageObject\",\"inLanguage\":\"es\",\"@id\":\"https:\/\/buscoequipomedico.com\/?product=cama-manual-ky305s-52-c-bar-1-freno#primaryimage\",\"url\":\"https:\/\/buscoequipomedico.com\/wp-content\/uploads\/2020\/02\/cama-manual-ky305s-52-c-bar-1-freno-estructura-de-acero-cubiera-de-pintura-epoxica-resistente-a-la-corrosion.jpg\",\"contentUrl\":\"https:\/\/buscoequipomedico.com\/wp-content\/uploads\/2020\/02\/cama-manual-ky305s-52-c-bar-1-freno-estructura-de-acero-cubiera-de-pintura-epoxica-resistente-a-la-corrosion.jpg\",\"width\":800,\"height\":800},{\"@type\":\"BreadcrumbList\",\"@id\":\"https:\/\/buscoequipomedico.com\/?product=cama-manual-ky305s-52-c-bar-1-freno#breadcrumb\",\"itemListElement\":[{\"@type\":\"ListItem\",\"position\":1,\"name\":\"Productos\",\"item\":\"https:\/\/buscoequipomedico.com\/shop\/\"},{\"@type\":\"ListItem\",\"position\":2,\"name\":\"CAMA MANUAL KY305S-52 C\/BAR 1\/FRENO\"}]},{\"@type\":\"WebSite\",\"@id\":\"https:\/\/buscoequipomedico.com\/#website\",\"url\":\"https:\/\/buscoequipomedico.com\/\",\"name\":\"Tu mejor opci\u00f3n Equipo M\u00e9dico M\u00e9xico\",\"description\":\"Tienda de equipo m\u00e9dico\",\"publisher\":{\"@id\":\"https:\/\/buscoequipomedico.com\/#organization\"},\"potentialAction\":[{\"@type\":\"SearchAction\",\"target\":{\"@type\":\"EntryPoint\",\"urlTemplate\":\"https:\/\/buscoequipomedico.com\/?s={search_term_string}\"},\"query-input\":{\"@type\":\"PropertyValueSpecification\",\"valueRequired\":true,\"valueName\":\"search_term_string\"}}],\"inLanguage\":\"es\"},{\"@type\":\"Organization\",\"@id\":\"https:\/\/buscoequipomedico.com\/#organization\",\"name\":\"Tu mejor opci\u00f3n Equipo M\u00e9dico M\u00e9xico\",\"url\":\"https:\/\/buscoequipomedico.com\/\",\"logo\":{\"@type\":\"ImageObject\",\"inLanguage\":\"es\",\"@id\":\"https:\/\/buscoequipomedico.com\/#\/schema\/logo\/image\/\",\"url\":\"https:\/\/buscoequipomedico.com\/wp-content\/uploads\/2021\/07\/EMM-VPrincipal-scaled.jpg\",\"contentUrl\":\"https:\/\/buscoequipomedico.com\/wp-content\/uploads\/2021\/07\/EMM-VPrincipal-scaled.jpg\",\"width\":2560,\"height\":1058,\"caption\":\"Tu mejor opci\u00f3n Equipo M\u00e9dico M\u00e9xico\"},\"image\":{\"@id\":\"https:\/\/buscoequipomedico.com\/#\/schema\/logo\/image\/\"}}]}<\/script>\n<!-- \/ Yoast SEO plugin. -->","yoast_head_json":{"title":"CAMA MANUAL KY305S-52 C\/BAR 1\/FRENO - Tu mejor opci\u00f3n Equipo M\u00e9dico M\u00e9xico","robots":{"index":"index","follow":"follow","max-snippet":"max-snippet:-1","max-image-preview":"max-image-preview:large","max-video-preview":"max-video-preview:-1"},"canonical":"https:\/\/buscoequipomedico.com\/?product=cama-manual-ky305s-52-c-bar-1-freno","og_locale":"es_ES","og_type":"article","og_title":"CAMA MANUAL KY305S-52 C\/BAR 1\/FRENO - Tu mejor opci\u00f3n Equipo M\u00e9dico M\u00e9xico","og_description":"Estructura de acero cubiera de pintura ep\u00f3xica resistente a la corrosi\u00f3n.","og_url":"https:\/\/buscoequipomedico.com\/?product=cama-manual-ky305s-52-c-bar-1-freno","og_site_name":"Tu mejor opci\u00f3n Equipo M\u00e9dico M\u00e9xico","article_modified_time":"2020-02-18T07:32:55+00:00","og_image":[{"width":800,"height":800,"url":"https:\/\/buscoequipomedico.com\/wp-content\/uploads\/2020\/02\/cama-manual-ky305s-52-c-bar-1-freno-estructura-de-acero-cubiera-de-pintura-epoxica-resistente-a-la-corrosion.jpg","type":"image\/png"}],"twitter_card":"summary_large_image","schema":{"@context":"https:\/\/schema.org","@graph":[{"@type":"WebPage","@id":"https:\/\/buscoequipomedico.com\/?product=cama-manual-ky305s-52-c-bar-1-freno","url":"https:\/\/buscoequipomedico.com\/?product=cama-manual-ky305s-52-c-bar-1-freno","name":"CAMA MANUAL KY305S-52 C\/BAR 1\/FRENO - Tu mejor opci\u00f3n Equipo M\u00e9dico M\u00e9xico","isPartOf":{"@id":"https:\/\/buscoequipomedico.com\/#website"},"primaryImageOfPage":{"@id":"https:\/\/buscoequipomedico.com\/?product=cama-manual-ky305s-52-c-bar-1-freno#primaryimage"},"image":{"@id":"https:\/\/buscoequipomedico.com\/?product=cama-manual-ky305s-52-c-bar-1-freno#primaryimage"},"thumbnailUrl":"https:\/\/buscoequipomedico.com\/wp-content\/uploads\/2020\/02\/cama-manual-ky305s-52-c-bar-1-freno-estructura-de-acero-cubiera-de-pintura-epoxica-resistente-a-la-corrosion.jpg","datePublished":"2020-02-18T07:32:53+00:00","dateModified":"2020-02-18T07:32:55+00:00","breadcrumb":{"@id":"https:\/\/buscoequipomedico.com\/?product=cama-manual-ky305s-52-c-bar-1-freno#breadcrumb"},"inLanguage":"es","potentialAction":[{"@type":"ReadAction","target":["https:\/\/buscoequipomedico.com\/?product=cama-manual-ky305s-52-c-bar-1-freno"]}]},{"@type":"ImageObject","inLanguage":"es","@id":"https:\/\/buscoequipomedico.com\/?product=cama-manual-ky305s-52-c-bar-1-freno#primaryimage","url":"https:\/\/buscoequipomedico.com\/wp-content\/uploads\/2020\/02\/cama-manual-ky305s-52-c-bar-1-freno-estructura-de-acero-cubiera-de-pintura-epoxica-resistente-a-la-corrosion.jpg","contentUrl":"https:\/\/buscoequipomedico.com\/wp-content\/uploads\/2020\/02\/cama-manual-ky305s-52-c-bar-1-freno-estructura-de-acero-cubiera-de-pintura-epoxica-resistente-a-la-corrosion.jpg","width":800,"height":800},{"@type":"BreadcrumbList","@id":"https:\/\/buscoequipomedico.com\/?product=cama-manual-ky305s-52-c-bar-1-freno#breadcrumb","itemListElement":[{"@type":"ListItem","position":1,"name":"Productos","item":"https:\/\/buscoequipomedico.com\/shop\/"},{"@type":"ListItem","position":2,"name":"CAMA MANUAL KY305S-52 C\/BAR 1\/FRENO"}]},{"@type":"WebSite","@id":"https:\/\/buscoequipomedico.com\/#website","url":"https:\/\/buscoequipomedico.com\/","name":"Tu mejor opci\u00f3n Equipo M\u00e9dico M\u00e9xico","description":"Tienda de equipo m\u00e9dico","publisher":{"@id":"https:\/\/buscoequipomedico.com\/#organization"},"potentialAction":[{"@type":"SearchAction","target":{"@type":"EntryPoint","urlTemplate":"https:\/\/buscoequipomedico.com\/?s={search_term_string}"},"query-input":{"@type":"PropertyValueSpecification","valueRequired":true,"valueName":"search_term_string"}}],"inLanguage":"es"},{"@type":"Organization","@id":"https:\/\/buscoequipomedico.com\/#organization","name":"Tu mejor opci\u00f3n Equipo M\u00e9dico M\u00e9xico","url":"https:\/\/buscoequipomedico.com\/","logo":{"@type":"ImageObject","inLanguage":"es","@id":"https:\/\/buscoequipomedico.com\/#\/schema\/logo\/image\/","url":"https:\/\/buscoequipomedico.com\/wp-content\/uploads\/2021\/07\/EMM-VPrincipal-scaled.jpg","contentUrl":"https:\/\/buscoequipomedico.com\/wp-content\/uploads\/2021\/07\/EMM-VPrincipal-scaled.jpg","width":2560,"height":1058,"caption":"Tu mejor opci\u00f3n Equipo M\u00e9dico M\u00e9xico"},"image":{"@id":"https:\/\/buscoequipomedico.com\/#\/schema\/logo\/image\/"}}]}},"_links":{"self":[{"href":"https:\/\/buscoequipomedico.com\/index.php?rest_route=\/wp\/v2\/product\/11477","targetHints":{"allow":["GET"]}}],"collection":[{"href":"https:\/\/buscoequipomedico.com\/index.php?rest_route=\/wp\/v2\/product"}],"about":[{"href":"https:\/\/buscoequipomedico.com\/index.php?rest_route=\/wp\/v2\/types\/product"}],"wp:featuredmedia":[{"embeddable":true,"href":"https:\/\/buscoequipomedico.com\/index.php?rest_route=\/wp\/v2\/media\/11478"}],"wp:attachment":[{"href":"https:\/\/buscoequipomedico.com\/index.php?rest_route=%2Fwp%2Fv2%2Fmedia&parent=11477"}],"wp:term":[{"taxonomy":"product_brand","embeddable":true,"href":"https:\/\/buscoequipomedico.com\/index.php?rest_route=%2Fwp%2Fv2%2Fproduct_brand&post=11477"},{"taxonomy":"product_cat","embeddable":true,"href":"https:\/\/buscoequipomedico.com\/index.php?rest_route=%2Fwp%2Fv2%2Fproduct_cat&post=11477"},{"taxonomy":"product_tag","embeddable":true,"href":"https:\/\/buscoequipomedico.com\/index.php?rest_route=%2Fwp%2Fv2%2Fproduct_tag&post=11477"}],"curies":[{"name":"wp","href":"https:\/\/api.w.org\/{rel}","templated":true}]}}