{"id":11485,"date":"2020-02-18T07:32:53","date_gmt":"2020-02-18T07:32:53","guid":{"rendered":"https:\/\/equipomedicomexico-com.preview-domain.com\/product\/cama-mecanica-de-multiples-posiciones-con-manivelas-y-pistones\/"},"modified":"2020-02-18T07:32:56","modified_gmt":"2020-02-18T07:32:56","slug":"cama-mecanica-de-multiples-posiciones-con-manivelas-y-pistones","status":"publish","type":"product","link":"https:\/\/buscoequipomedico.com\/?product=cama-mecanica-de-multiples-posiciones-con-manivelas-y-pistones","title":{"rendered":"CAMA MEC\u00c1NICA DE M\u00daLTIPLES POSICIONES CON MANIVELAS Y PISTONES"},"content":{"rendered":"<p>Dimensiones: largo 210 cm, ancho con barandales alzados de 100 cm.<\/p>\n<\/p>\n<p>Movimiento de Fowler realizado mediante dos pistones de: 0 a 75\u00b0.<\/p>\n<\/p>\n<p>Movimiento de Rodilla realizado mediante manivela de: de 0 a 20\u00b0 y muslos de: 45\u00b0.<\/p>\n<\/p>\n<p>Movimientos de Trendelemburg 15\u00b0 y Trendelemburg inverso 15\u00b0.<\/p>\n<\/p>\n<p>Movimiento para la altura ajustable <span>\u00a0<\/span>que cubre el rango de 46 cm a 75 cm.<\/p>\n<\/p>\n<p>Ruedas embaladas de 12 cm de di\u00e1metro.<\/p>\n<\/p>\n<p>Sistema de freno centralizado.<\/p>\n<\/p>\n<p>Colch\u00f3n de poliuretano de alta densidad, de 10 cm de espesor, antibacterial, hipoalerg\u00e9nico, lavable, anti-inflamable e impermeable.<\/p>\n<\/p>\n<p>3 manivelas para movimiento de: elevaci\u00f3n y descenso, \u00e1ngulo de muslos y rodilla, trendelemburg y trendelemburg inverso.<\/p>\n<\/p>\n<p>2 pistones para movimiento de: respaldo.<\/p>\n<\/p>\n<p>Posici\u00f3n de RCP.<\/p><\/p>\n","protected":false},"excerpt":{"rendered":"<\/p>\n<p>\u00a0<\/p>\n<p>Cama cl\u00ednica de m\u00faltiples posiciones con funcionamiento por medio de manivelas y pistones.<\/p>\n<\/p>\n<p>Estructura de la cama fabricada en acero, acabado con pintura ep\u00f3xica poli\u00e9ster con tratamiento antibacterial y con parachoques en las esquinas.<\/p><\/p>\n","protected":false},"featured_media":11486,"template":"","meta":{"_joinchat":[]},"product_brand":[],"product_cat":[196,201],"product_tag":[],"class_list":{"0":"post-11485","1":"product","2":"type-product","3":"status-publish","4":"has-post-thumbnail","6":"product_cat-camas","7":"product_cat-camas-manuales","8":"pa_marca-bame","10":"first","11":"instock","12":"purchasable","13":"product-type-simple"},"yoast_head":"<!-- This site is optimized with the Yoast SEO plugin v25.1 - https:\/\/yoast.com\/wordpress\/plugins\/seo\/ -->\n<title>CAMA MEC\u00c1NICA DE M\u00daLTIPLES POSICIONES CON MANIVELAS Y PISTONES - Tu mejor opci\u00f3n Equipo M\u00e9dico M\u00e9xico<\/title>\n<meta name=\"robots\" content=\"index, follow, max-snippet:-1, max-image-preview:large, max-video-preview:-1\" \/>\n<link rel=\"canonical\" href=\"https:\/\/buscoequipomedico.com\/?product=cama-mecanica-de-multiples-posiciones-con-manivelas-y-pistones\" \/>\n<meta property=\"og:locale\" content=\"es_ES\" \/>\n<meta property=\"og:type\" content=\"article\" \/>\n<meta property=\"og:title\" content=\"CAMA MEC\u00c1NICA DE M\u00daLTIPLES POSICIONES CON MANIVELAS Y PISTONES - Tu mejor opci\u00f3n Equipo M\u00e9dico M\u00e9xico\" \/>\n<meta property=\"og:description\" content=\"\u00a0 Cama cl\u00ednica de m\u00faltiples posiciones con funcionamiento por medio de manivelas y pistones. Estructura de la cama fabricada en acero, acabado con pintura ep\u00f3xica poli\u00e9ster con tratamiento antibacterial y con parachoques en las esquinas.\" \/>\n<meta property=\"og:url\" content=\"https:\/\/buscoequipomedico.com\/?product=cama-mecanica-de-multiples-posiciones-con-manivelas-y-pistones\" \/>\n<meta property=\"og:site_name\" content=\"Tu mejor opci\u00f3n Equipo M\u00e9dico M\u00e9xico\" \/>\n<meta property=\"article:modified_time\" content=\"2020-02-18T07:32:56+00:00\" \/>\n<meta property=\"og:image\" content=\"https:\/\/buscoequipomedico.com\/wp-content\/uploads\/2020\/02\/cama-mecanica-de-multiples-posiciones-con-manivelas-y-pistones-cama-clinica-de-multiples-posiciones-con-funcionamiento-por-medio.jpg\" \/>\n\t<meta property=\"og:image:width\" content=\"800\" \/>\n\t<meta property=\"og:image:height\" content=\"800\" \/>\n\t<meta property=\"og:image:type\" content=\"image\/png\" \/>\n<meta name=\"twitter:card\" content=\"summary_large_image\" \/>\n<meta name=\"twitter:label1\" content=\"Tiempo de lectura\" \/>\n\t<meta name=\"twitter:data1\" content=\"1 minuto\" \/>\n<script type=\"application\/ld+json\" class=\"yoast-schema-graph\">{\"@context\":\"https:\/\/schema.org\",\"@graph\":[{\"@type\":\"WebPage\",\"@id\":\"https:\/\/buscoequipomedico.com\/?product=cama-mecanica-de-multiples-posiciones-con-manivelas-y-pistones\",\"url\":\"https:\/\/buscoequipomedico.com\/?product=cama-mecanica-de-multiples-posiciones-con-manivelas-y-pistones\",\"name\":\"CAMA MEC\u00c1NICA DE M\u00daLTIPLES POSICIONES CON MANIVELAS Y PISTONES - Tu mejor opci\u00f3n Equipo M\u00e9dico M\u00e9xico\",\"isPartOf\":{\"@id\":\"https:\/\/buscoequipomedico.com\/#website\"},\"primaryImageOfPage\":{\"@id\":\"https:\/\/buscoequipomedico.com\/?product=cama-mecanica-de-multiples-posiciones-con-manivelas-y-pistones#primaryimage\"},\"image\":{\"@id\":\"https:\/\/buscoequipomedico.com\/?product=cama-mecanica-de-multiples-posiciones-con-manivelas-y-pistones#primaryimage\"},\"thumbnailUrl\":\"https:\/\/buscoequipomedico.com\/wp-content\/uploads\/2020\/02\/cama-mecanica-de-multiples-posiciones-con-manivelas-y-pistones-cama-clinica-de-multiples-posiciones-con-funcionamiento-por-medio.jpg\",\"datePublished\":\"2020-02-18T07:32:53+00:00\",\"dateModified\":\"2020-02-18T07:32:56+00:00\",\"breadcrumb\":{\"@id\":\"https:\/\/buscoequipomedico.com\/?product=cama-mecanica-de-multiples-posiciones-con-manivelas-y-pistones#breadcrumb\"},\"inLanguage\":\"es\",\"potentialAction\":[{\"@type\":\"ReadAction\",\"target\":[\"https:\/\/buscoequipomedico.com\/?product=cama-mecanica-de-multiples-posiciones-con-manivelas-y-pistones\"]}]},{\"@type\":\"ImageObject\",\"inLanguage\":\"es\",\"@id\":\"https:\/\/buscoequipomedico.com\/?product=cama-mecanica-de-multiples-posiciones-con-manivelas-y-pistones#primaryimage\",\"url\":\"https:\/\/buscoequipomedico.com\/wp-content\/uploads\/2020\/02\/cama-mecanica-de-multiples-posiciones-con-manivelas-y-pistones-cama-clinica-de-multiples-posiciones-con-funcionamiento-por-medio.jpg\",\"contentUrl\":\"https:\/\/buscoequipomedico.com\/wp-content\/uploads\/2020\/02\/cama-mecanica-de-multiples-posiciones-con-manivelas-y-pistones-cama-clinica-de-multiples-posiciones-con-funcionamiento-por-medio.jpg\",\"width\":800,\"height\":800},{\"@type\":\"BreadcrumbList\",\"@id\":\"https:\/\/buscoequipomedico.com\/?product=cama-mecanica-de-multiples-posiciones-con-manivelas-y-pistones#breadcrumb\",\"itemListElement\":[{\"@type\":\"ListItem\",\"position\":1,\"name\":\"Productos\",\"item\":\"https:\/\/buscoequipomedico.com\/shop\/\"},{\"@type\":\"ListItem\",\"position\":2,\"name\":\"CAMA MEC\u00c1NICA DE M\u00daLTIPLES POSICIONES CON MANIVELAS Y PISTONES\"}]},{\"@type\":\"WebSite\",\"@id\":\"https:\/\/buscoequipomedico.com\/#website\",\"url\":\"https:\/\/buscoequipomedico.com\/\",\"name\":\"Tu mejor opci\u00f3n Equipo M\u00e9dico M\u00e9xico\",\"description\":\"Tienda de equipo m\u00e9dico\",\"publisher\":{\"@id\":\"https:\/\/buscoequipomedico.com\/#organization\"},\"potentialAction\":[{\"@type\":\"SearchAction\",\"target\":{\"@type\":\"EntryPoint\",\"urlTemplate\":\"https:\/\/buscoequipomedico.com\/?s={search_term_string}\"},\"query-input\":{\"@type\":\"PropertyValueSpecification\",\"valueRequired\":true,\"valueName\":\"search_term_string\"}}],\"inLanguage\":\"es\"},{\"@type\":\"Organization\",\"@id\":\"https:\/\/buscoequipomedico.com\/#organization\",\"name\":\"Tu mejor opci\u00f3n Equipo M\u00e9dico M\u00e9xico\",\"url\":\"https:\/\/buscoequipomedico.com\/\",\"logo\":{\"@type\":\"ImageObject\",\"inLanguage\":\"es\",\"@id\":\"https:\/\/buscoequipomedico.com\/#\/schema\/logo\/image\/\",\"url\":\"https:\/\/buscoequipomedico.com\/wp-content\/uploads\/2021\/07\/EMM-VPrincipal-scaled.jpg\",\"contentUrl\":\"https:\/\/buscoequipomedico.com\/wp-content\/uploads\/2021\/07\/EMM-VPrincipal-scaled.jpg\",\"width\":2560,\"height\":1058,\"caption\":\"Tu mejor opci\u00f3n Equipo M\u00e9dico M\u00e9xico\"},\"image\":{\"@id\":\"https:\/\/buscoequipomedico.com\/#\/schema\/logo\/image\/\"}}]}<\/script>\n<!-- \/ Yoast SEO plugin. -->","yoast_head_json":{"title":"CAMA MEC\u00c1NICA DE M\u00daLTIPLES POSICIONES CON MANIVELAS Y PISTONES - Tu mejor opci\u00f3n Equipo M\u00e9dico M\u00e9xico","robots":{"index":"index","follow":"follow","max-snippet":"max-snippet:-1","max-image-preview":"max-image-preview:large","max-video-preview":"max-video-preview:-1"},"canonical":"https:\/\/buscoequipomedico.com\/?product=cama-mecanica-de-multiples-posiciones-con-manivelas-y-pistones","og_locale":"es_ES","og_type":"article","og_title":"CAMA MEC\u00c1NICA DE M\u00daLTIPLES POSICIONES CON MANIVELAS Y PISTONES - Tu mejor opci\u00f3n Equipo M\u00e9dico M\u00e9xico","og_description":"\u00a0 Cama cl\u00ednica de m\u00faltiples posiciones con funcionamiento por medio de manivelas y pistones. Estructura de la cama fabricada en acero, acabado con pintura ep\u00f3xica poli\u00e9ster con tratamiento antibacterial y con parachoques en las esquinas.","og_url":"https:\/\/buscoequipomedico.com\/?product=cama-mecanica-de-multiples-posiciones-con-manivelas-y-pistones","og_site_name":"Tu mejor opci\u00f3n Equipo M\u00e9dico M\u00e9xico","article_modified_time":"2020-02-18T07:32:56+00:00","og_image":[{"width":800,"height":800,"url":"https:\/\/buscoequipomedico.com\/wp-content\/uploads\/2020\/02\/cama-mecanica-de-multiples-posiciones-con-manivelas-y-pistones-cama-clinica-de-multiples-posiciones-con-funcionamiento-por-medio.jpg","type":"image\/png"}],"twitter_card":"summary_large_image","twitter_misc":{"Tiempo de lectura":"1 minuto"},"schema":{"@context":"https:\/\/schema.org","@graph":[{"@type":"WebPage","@id":"https:\/\/buscoequipomedico.com\/?product=cama-mecanica-de-multiples-posiciones-con-manivelas-y-pistones","url":"https:\/\/buscoequipomedico.com\/?product=cama-mecanica-de-multiples-posiciones-con-manivelas-y-pistones","name":"CAMA MEC\u00c1NICA DE M\u00daLTIPLES POSICIONES CON MANIVELAS Y PISTONES - Tu mejor opci\u00f3n Equipo M\u00e9dico M\u00e9xico","isPartOf":{"@id":"https:\/\/buscoequipomedico.com\/#website"},"primaryImageOfPage":{"@id":"https:\/\/buscoequipomedico.com\/?product=cama-mecanica-de-multiples-posiciones-con-manivelas-y-pistones#primaryimage"},"image":{"@id":"https:\/\/buscoequipomedico.com\/?product=cama-mecanica-de-multiples-posiciones-con-manivelas-y-pistones#primaryimage"},"thumbnailUrl":"https:\/\/buscoequipomedico.com\/wp-content\/uploads\/2020\/02\/cama-mecanica-de-multiples-posiciones-con-manivelas-y-pistones-cama-clinica-de-multiples-posiciones-con-funcionamiento-por-medio.jpg","datePublished":"2020-02-18T07:32:53+00:00","dateModified":"2020-02-18T07:32:56+00:00","breadcrumb":{"@id":"https:\/\/buscoequipomedico.com\/?product=cama-mecanica-de-multiples-posiciones-con-manivelas-y-pistones#breadcrumb"},"inLanguage":"es","potentialAction":[{"@type":"ReadAction","target":["https:\/\/buscoequipomedico.com\/?product=cama-mecanica-de-multiples-posiciones-con-manivelas-y-pistones"]}]},{"@type":"ImageObject","inLanguage":"es","@id":"https:\/\/buscoequipomedico.com\/?product=cama-mecanica-de-multiples-posiciones-con-manivelas-y-pistones#primaryimage","url":"https:\/\/buscoequipomedico.com\/wp-content\/uploads\/2020\/02\/cama-mecanica-de-multiples-posiciones-con-manivelas-y-pistones-cama-clinica-de-multiples-posiciones-con-funcionamiento-por-medio.jpg","contentUrl":"https:\/\/buscoequipomedico.com\/wp-content\/uploads\/2020\/02\/cama-mecanica-de-multiples-posiciones-con-manivelas-y-pistones-cama-clinica-de-multiples-posiciones-con-funcionamiento-por-medio.jpg","width":800,"height":800},{"@type":"BreadcrumbList","@id":"https:\/\/buscoequipomedico.com\/?product=cama-mecanica-de-multiples-posiciones-con-manivelas-y-pistones#breadcrumb","itemListElement":[{"@type":"ListItem","position":1,"name":"Productos","item":"https:\/\/buscoequipomedico.com\/shop\/"},{"@type":"ListItem","position":2,"name":"CAMA MEC\u00c1NICA DE M\u00daLTIPLES POSICIONES CON MANIVELAS Y PISTONES"}]},{"@type":"WebSite","@id":"https:\/\/buscoequipomedico.com\/#website","url":"https:\/\/buscoequipomedico.com\/","name":"Tu mejor opci\u00f3n Equipo M\u00e9dico M\u00e9xico","description":"Tienda de equipo m\u00e9dico","publisher":{"@id":"https:\/\/buscoequipomedico.com\/#organization"},"potentialAction":[{"@type":"SearchAction","target":{"@type":"EntryPoint","urlTemplate":"https:\/\/buscoequipomedico.com\/?s={search_term_string}"},"query-input":{"@type":"PropertyValueSpecification","valueRequired":true,"valueName":"search_term_string"}}],"inLanguage":"es"},{"@type":"Organization","@id":"https:\/\/buscoequipomedico.com\/#organization","name":"Tu mejor opci\u00f3n Equipo M\u00e9dico M\u00e9xico","url":"https:\/\/buscoequipomedico.com\/","logo":{"@type":"ImageObject","inLanguage":"es","@id":"https:\/\/buscoequipomedico.com\/#\/schema\/logo\/image\/","url":"https:\/\/buscoequipomedico.com\/wp-content\/uploads\/2021\/07\/EMM-VPrincipal-scaled.jpg","contentUrl":"https:\/\/buscoequipomedico.com\/wp-content\/uploads\/2021\/07\/EMM-VPrincipal-scaled.jpg","width":2560,"height":1058,"caption":"Tu mejor opci\u00f3n Equipo M\u00e9dico M\u00e9xico"},"image":{"@id":"https:\/\/buscoequipomedico.com\/#\/schema\/logo\/image\/"}}]}},"_links":{"self":[{"href":"https:\/\/buscoequipomedico.com\/index.php?rest_route=\/wp\/v2\/product\/11485","targetHints":{"allow":["GET"]}}],"collection":[{"href":"https:\/\/buscoequipomedico.com\/index.php?rest_route=\/wp\/v2\/product"}],"about":[{"href":"https:\/\/buscoequipomedico.com\/index.php?rest_route=\/wp\/v2\/types\/product"}],"wp:featuredmedia":[{"embeddable":true,"href":"https:\/\/buscoequipomedico.com\/index.php?rest_route=\/wp\/v2\/media\/11486"}],"wp:attachment":[{"href":"https:\/\/buscoequipomedico.com\/index.php?rest_route=%2Fwp%2Fv2%2Fmedia&parent=11485"}],"wp:term":[{"taxonomy":"product_brand","embeddable":true,"href":"https:\/\/buscoequipomedico.com\/index.php?rest_route=%2Fwp%2Fv2%2Fproduct_brand&post=11485"},{"taxonomy":"product_cat","embeddable":true,"href":"https:\/\/buscoequipomedico.com\/index.php?rest_route=%2Fwp%2Fv2%2Fproduct_cat&post=11485"},{"taxonomy":"product_tag","embeddable":true,"href":"https:\/\/buscoequipomedico.com\/index.php?rest_route=%2Fwp%2Fv2%2Fproduct_tag&post=11485"}],"curies":[{"name":"wp","href":"https:\/\/api.w.org\/{rel}","templated":true}]}}