{"id":11499,"date":"2020-02-18T07:32:53","date_gmt":"2020-02-18T07:32:53","guid":{"rendered":"https:\/\/equipomedicomexico-com.preview-domain.com\/product\/camilla-de-lujo\/"},"modified":"2020-02-18T07:32:58","modified_gmt":"2020-02-18T07:32:58","slug":"camilla-de-lujo","status":"publish","type":"product","link":"https:\/\/buscoequipomedico.com\/?product=camilla-de-lujo","title":{"rendered":"CAMILLA DE LUJO"},"content":{"rendered":"<p>Camilla de procedimientos generales y recuperacion para realizar m\u00faltiples estudios en diferentes posiciones<\/p>\n<\/p>\n<p>Ajustes de altura mediante manivela mec\u00e1nica.<\/p>\n<\/p>\n<p>Cuatro ruedas de 15cm con sistema de frenado, cuatro pedales de freno en cada esquina<\/p>\n<\/p>\n<p>Estructura de la camilla y plataforma de colchon de tres secciones construida en hoja de acero revestida de pintura epoxica horneada al polvo poli\u00e9ster totalmente lavable y resistente a desinfectantes para m\u00e1s fuerza y durabilidad.<\/p>\n<\/p>\n<p>Respaldo fowler ajustable con seguro de 0 a 45\u00ba.<\/p>\n<\/p>\n<p>Protecci\u00f3n contra golpes tipo franja pl\u00e1stica en todo el per\u00edmetro de la camilla con refuerzos en las esquinas<\/p>\n<\/p>\n<p>Cubierta de pl\u00e1stico abs termoformado que sirve como base de los cilindros de oxigeno y espacio para guardar pertenencias del paciente.<\/p>\n<\/p>\n<p>Barandales abatibles lateralmente y\/o ajustables asistidos en todo el largo- opci\u00f3n de \u201ccero gap\u201d que se guardan bajo la base de la camilla para ser unida con otra camilla sin obstaculos, con seguros de proteccion.<\/p>\n<\/p>\n<p>4 bases de porta sueros de infusi\u00f3n localizados en cada esquina.<\/p>\n<\/p>\n<p>ESPECIFICACIONES GENERAL<\/p>\n<\/p>\n<p>Longitud: 190cm<\/p>\n<\/p>\n<p>Ancho: Barandales 59cm<\/p>\n<\/p>\n<p>RANGO DE AJUSTE DE ALTURA<\/p>\n<\/p>\n<p>Altura m\u00ednima sin colch\u00f3n 53 cm<\/p>\n<\/p>\n<p>Altura m\u00e1xima sin colch\u00f3n 82 cm<\/p>\n<\/p>\n<p>RUEDAS<\/p>\n<\/p>\n<p>Ruedas de uretano 15 cm.<\/p>\n<\/p>\n<p>Bases con accesorios incluidos 4<\/p>\n<\/p>\n<p>Base IV 4<\/p>\n<\/p>\n<p>Peso 110 Kg.<\/p>\n<\/p>\n<p>Peso m\u00e1ximo de paciente: 200Kg.<\/p><\/p>\n","protected":false},"excerpt":{"rendered":"<p>Tipo Hospital<\/p>\n<p>Sube y Baja<\/p>\n<p>Posici\u00f3n de espalda<\/p>\n<p>Colch\u00f3n, porta suero<\/p>\n<p>Espacio para tanque de ox\u00edgeno<\/p>\n<p>Barandal ABS abatibles<\/p>\n<p>Ruedas de 15 cm con freno central.<\/p>\n<p>1930x595x530 mm.<\/p>\n<p>Altura: 530 ~ 820mm<\/p>\n<\/p>\n<p>Espalda 0\u00b0 a 45\u00b0<\/p>\n","protected":false},"featured_media":11500,"template":"","meta":{"_joinchat":[]},"product_brand":[],"product_cat":[205],"product_tag":[],"class_list":{"0":"post-11499","1":"product","2":"type-product","3":"status-publish","4":"has-post-thumbnail","6":"product_cat-camillas","7":"pa_marca-slim-royal","9":"first","10":"instock","11":"purchasable","12":"product-type-simple"},"yoast_head":"<!-- This site is optimized with the Yoast SEO plugin v25.1 - https:\/\/yoast.com\/wordpress\/plugins\/seo\/ -->\n<title>CAMILLA DE LUJO - Tu mejor opci\u00f3n Equipo M\u00e9dico M\u00e9xico<\/title>\n<meta name=\"robots\" content=\"index, follow, max-snippet:-1, max-image-preview:large, max-video-preview:-1\" \/>\n<link rel=\"canonical\" href=\"https:\/\/buscoequipomedico.com\/?product=camilla-de-lujo\" \/>\n<meta property=\"og:locale\" content=\"es_ES\" \/>\n<meta property=\"og:type\" content=\"article\" \/>\n<meta property=\"og:title\" content=\"CAMILLA DE LUJO - Tu mejor opci\u00f3n Equipo M\u00e9dico M\u00e9xico\" \/>\n<meta property=\"og:description\" content=\"Tipo Hospital Sube y Baja Posici\u00f3n de espalda Colch\u00f3n, porta suero Espacio para tanque de ox\u00edgeno Barandal ABS abatibles Ruedas de 15 cm con freno central. 1930x595x530 mm. Altura: 530 ~ 820mm Espalda 0\u00b0 a 45\u00b0\" \/>\n<meta property=\"og:url\" content=\"https:\/\/buscoequipomedico.com\/?product=camilla-de-lujo\" \/>\n<meta property=\"og:site_name\" content=\"Tu mejor opci\u00f3n Equipo M\u00e9dico M\u00e9xico\" \/>\n<meta property=\"article:modified_time\" content=\"2020-02-18T07:32:58+00:00\" \/>\n<meta property=\"og:image\" content=\"https:\/\/buscoequipomedico.com\/wp-content\/uploads\/2020\/02\/camilla-de-lujo-tipo-hospital-sube-y-baja-posicion-de-espalda-colchon-porta-suero-espacio-para-tanque-de-oxigeno-barandal-abs-ab.jpg\" \/>\n\t<meta property=\"og:image:width\" content=\"800\" \/>\n\t<meta property=\"og:image:height\" content=\"800\" \/>\n\t<meta property=\"og:image:type\" content=\"image\/png\" \/>\n<meta name=\"twitter:card\" content=\"summary_large_image\" \/>\n<meta name=\"twitter:label1\" content=\"Tiempo de lectura\" \/>\n\t<meta name=\"twitter:data1\" content=\"1 minuto\" \/>\n<script type=\"application\/ld+json\" class=\"yoast-schema-graph\">{\"@context\":\"https:\/\/schema.org\",\"@graph\":[{\"@type\":\"WebPage\",\"@id\":\"https:\/\/buscoequipomedico.com\/?product=camilla-de-lujo\",\"url\":\"https:\/\/buscoequipomedico.com\/?product=camilla-de-lujo\",\"name\":\"CAMILLA DE LUJO - Tu mejor opci\u00f3n Equipo M\u00e9dico M\u00e9xico\",\"isPartOf\":{\"@id\":\"https:\/\/buscoequipomedico.com\/#website\"},\"primaryImageOfPage\":{\"@id\":\"https:\/\/buscoequipomedico.com\/?product=camilla-de-lujo#primaryimage\"},\"image\":{\"@id\":\"https:\/\/buscoequipomedico.com\/?product=camilla-de-lujo#primaryimage\"},\"thumbnailUrl\":\"https:\/\/buscoequipomedico.com\/wp-content\/uploads\/2020\/02\/camilla-de-lujo-tipo-hospital-sube-y-baja-posicion-de-espalda-colchon-porta-suero-espacio-para-tanque-de-oxigeno-barandal-abs-ab.jpg\",\"datePublished\":\"2020-02-18T07:32:53+00:00\",\"dateModified\":\"2020-02-18T07:32:58+00:00\",\"breadcrumb\":{\"@id\":\"https:\/\/buscoequipomedico.com\/?product=camilla-de-lujo#breadcrumb\"},\"inLanguage\":\"es\",\"potentialAction\":[{\"@type\":\"ReadAction\",\"target\":[\"https:\/\/buscoequipomedico.com\/?product=camilla-de-lujo\"]}]},{\"@type\":\"ImageObject\",\"inLanguage\":\"es\",\"@id\":\"https:\/\/buscoequipomedico.com\/?product=camilla-de-lujo#primaryimage\",\"url\":\"https:\/\/buscoequipomedico.com\/wp-content\/uploads\/2020\/02\/camilla-de-lujo-tipo-hospital-sube-y-baja-posicion-de-espalda-colchon-porta-suero-espacio-para-tanque-de-oxigeno-barandal-abs-ab.jpg\",\"contentUrl\":\"https:\/\/buscoequipomedico.com\/wp-content\/uploads\/2020\/02\/camilla-de-lujo-tipo-hospital-sube-y-baja-posicion-de-espalda-colchon-porta-suero-espacio-para-tanque-de-oxigeno-barandal-abs-ab.jpg\",\"width\":800,\"height\":800},{\"@type\":\"BreadcrumbList\",\"@id\":\"https:\/\/buscoequipomedico.com\/?product=camilla-de-lujo#breadcrumb\",\"itemListElement\":[{\"@type\":\"ListItem\",\"position\":1,\"name\":\"Productos\",\"item\":\"https:\/\/buscoequipomedico.com\/shop\/\"},{\"@type\":\"ListItem\",\"position\":2,\"name\":\"CAMILLA DE LUJO\"}]},{\"@type\":\"WebSite\",\"@id\":\"https:\/\/buscoequipomedico.com\/#website\",\"url\":\"https:\/\/buscoequipomedico.com\/\",\"name\":\"Tu mejor opci\u00f3n Equipo M\u00e9dico M\u00e9xico\",\"description\":\"Tienda de equipo m\u00e9dico\",\"publisher\":{\"@id\":\"https:\/\/buscoequipomedico.com\/#organization\"},\"potentialAction\":[{\"@type\":\"SearchAction\",\"target\":{\"@type\":\"EntryPoint\",\"urlTemplate\":\"https:\/\/buscoequipomedico.com\/?s={search_term_string}\"},\"query-input\":{\"@type\":\"PropertyValueSpecification\",\"valueRequired\":true,\"valueName\":\"search_term_string\"}}],\"inLanguage\":\"es\"},{\"@type\":\"Organization\",\"@id\":\"https:\/\/buscoequipomedico.com\/#organization\",\"name\":\"Tu mejor opci\u00f3n Equipo M\u00e9dico M\u00e9xico\",\"url\":\"https:\/\/buscoequipomedico.com\/\",\"logo\":{\"@type\":\"ImageObject\",\"inLanguage\":\"es\",\"@id\":\"https:\/\/buscoequipomedico.com\/#\/schema\/logo\/image\/\",\"url\":\"https:\/\/buscoequipomedico.com\/wp-content\/uploads\/2021\/07\/EMM-VPrincipal-scaled.jpg\",\"contentUrl\":\"https:\/\/buscoequipomedico.com\/wp-content\/uploads\/2021\/07\/EMM-VPrincipal-scaled.jpg\",\"width\":2560,\"height\":1058,\"caption\":\"Tu mejor opci\u00f3n Equipo M\u00e9dico M\u00e9xico\"},\"image\":{\"@id\":\"https:\/\/buscoequipomedico.com\/#\/schema\/logo\/image\/\"}}]}<\/script>\n<!-- \/ Yoast SEO plugin. -->","yoast_head_json":{"title":"CAMILLA DE LUJO - Tu mejor opci\u00f3n Equipo M\u00e9dico M\u00e9xico","robots":{"index":"index","follow":"follow","max-snippet":"max-snippet:-1","max-image-preview":"max-image-preview:large","max-video-preview":"max-video-preview:-1"},"canonical":"https:\/\/buscoequipomedico.com\/?product=camilla-de-lujo","og_locale":"es_ES","og_type":"article","og_title":"CAMILLA DE LUJO - Tu mejor opci\u00f3n Equipo M\u00e9dico M\u00e9xico","og_description":"Tipo Hospital Sube y Baja Posici\u00f3n de espalda Colch\u00f3n, porta suero Espacio para tanque de ox\u00edgeno Barandal ABS abatibles Ruedas de 15 cm con freno central. 1930x595x530 mm. Altura: 530 ~ 820mm Espalda 0\u00b0 a 45\u00b0","og_url":"https:\/\/buscoequipomedico.com\/?product=camilla-de-lujo","og_site_name":"Tu mejor opci\u00f3n Equipo M\u00e9dico M\u00e9xico","article_modified_time":"2020-02-18T07:32:58+00:00","og_image":[{"width":800,"height":800,"url":"https:\/\/buscoequipomedico.com\/wp-content\/uploads\/2020\/02\/camilla-de-lujo-tipo-hospital-sube-y-baja-posicion-de-espalda-colchon-porta-suero-espacio-para-tanque-de-oxigeno-barandal-abs-ab.jpg","type":"image\/png"}],"twitter_card":"summary_large_image","twitter_misc":{"Tiempo de lectura":"1 minuto"},"schema":{"@context":"https:\/\/schema.org","@graph":[{"@type":"WebPage","@id":"https:\/\/buscoequipomedico.com\/?product=camilla-de-lujo","url":"https:\/\/buscoequipomedico.com\/?product=camilla-de-lujo","name":"CAMILLA DE LUJO - Tu mejor opci\u00f3n Equipo M\u00e9dico M\u00e9xico","isPartOf":{"@id":"https:\/\/buscoequipomedico.com\/#website"},"primaryImageOfPage":{"@id":"https:\/\/buscoequipomedico.com\/?product=camilla-de-lujo#primaryimage"},"image":{"@id":"https:\/\/buscoequipomedico.com\/?product=camilla-de-lujo#primaryimage"},"thumbnailUrl":"https:\/\/buscoequipomedico.com\/wp-content\/uploads\/2020\/02\/camilla-de-lujo-tipo-hospital-sube-y-baja-posicion-de-espalda-colchon-porta-suero-espacio-para-tanque-de-oxigeno-barandal-abs-ab.jpg","datePublished":"2020-02-18T07:32:53+00:00","dateModified":"2020-02-18T07:32:58+00:00","breadcrumb":{"@id":"https:\/\/buscoequipomedico.com\/?product=camilla-de-lujo#breadcrumb"},"inLanguage":"es","potentialAction":[{"@type":"ReadAction","target":["https:\/\/buscoequipomedico.com\/?product=camilla-de-lujo"]}]},{"@type":"ImageObject","inLanguage":"es","@id":"https:\/\/buscoequipomedico.com\/?product=camilla-de-lujo#primaryimage","url":"https:\/\/buscoequipomedico.com\/wp-content\/uploads\/2020\/02\/camilla-de-lujo-tipo-hospital-sube-y-baja-posicion-de-espalda-colchon-porta-suero-espacio-para-tanque-de-oxigeno-barandal-abs-ab.jpg","contentUrl":"https:\/\/buscoequipomedico.com\/wp-content\/uploads\/2020\/02\/camilla-de-lujo-tipo-hospital-sube-y-baja-posicion-de-espalda-colchon-porta-suero-espacio-para-tanque-de-oxigeno-barandal-abs-ab.jpg","width":800,"height":800},{"@type":"BreadcrumbList","@id":"https:\/\/buscoequipomedico.com\/?product=camilla-de-lujo#breadcrumb","itemListElement":[{"@type":"ListItem","position":1,"name":"Productos","item":"https:\/\/buscoequipomedico.com\/shop\/"},{"@type":"ListItem","position":2,"name":"CAMILLA DE LUJO"}]},{"@type":"WebSite","@id":"https:\/\/buscoequipomedico.com\/#website","url":"https:\/\/buscoequipomedico.com\/","name":"Tu mejor opci\u00f3n Equipo M\u00e9dico M\u00e9xico","description":"Tienda de equipo m\u00e9dico","publisher":{"@id":"https:\/\/buscoequipomedico.com\/#organization"},"potentialAction":[{"@type":"SearchAction","target":{"@type":"EntryPoint","urlTemplate":"https:\/\/buscoequipomedico.com\/?s={search_term_string}"},"query-input":{"@type":"PropertyValueSpecification","valueRequired":true,"valueName":"search_term_string"}}],"inLanguage":"es"},{"@type":"Organization","@id":"https:\/\/buscoequipomedico.com\/#organization","name":"Tu mejor opci\u00f3n Equipo M\u00e9dico M\u00e9xico","url":"https:\/\/buscoequipomedico.com\/","logo":{"@type":"ImageObject","inLanguage":"es","@id":"https:\/\/buscoequipomedico.com\/#\/schema\/logo\/image\/","url":"https:\/\/buscoequipomedico.com\/wp-content\/uploads\/2021\/07\/EMM-VPrincipal-scaled.jpg","contentUrl":"https:\/\/buscoequipomedico.com\/wp-content\/uploads\/2021\/07\/EMM-VPrincipal-scaled.jpg","width":2560,"height":1058,"caption":"Tu mejor opci\u00f3n Equipo M\u00e9dico M\u00e9xico"},"image":{"@id":"https:\/\/buscoequipomedico.com\/#\/schema\/logo\/image\/"}}]}},"_links":{"self":[{"href":"https:\/\/buscoequipomedico.com\/index.php?rest_route=\/wp\/v2\/product\/11499","targetHints":{"allow":["GET"]}}],"collection":[{"href":"https:\/\/buscoequipomedico.com\/index.php?rest_route=\/wp\/v2\/product"}],"about":[{"href":"https:\/\/buscoequipomedico.com\/index.php?rest_route=\/wp\/v2\/types\/product"}],"wp:featuredmedia":[{"embeddable":true,"href":"https:\/\/buscoequipomedico.com\/index.php?rest_route=\/wp\/v2\/media\/11500"}],"wp:attachment":[{"href":"https:\/\/buscoequipomedico.com\/index.php?rest_route=%2Fwp%2Fv2%2Fmedia&parent=11499"}],"wp:term":[{"taxonomy":"product_brand","embeddable":true,"href":"https:\/\/buscoequipomedico.com\/index.php?rest_route=%2Fwp%2Fv2%2Fproduct_brand&post=11499"},{"taxonomy":"product_cat","embeddable":true,"href":"https:\/\/buscoequipomedico.com\/index.php?rest_route=%2Fwp%2Fv2%2Fproduct_cat&post=11499"},{"taxonomy":"product_tag","embeddable":true,"href":"https:\/\/buscoequipomedico.com\/index.php?rest_route=%2Fwp%2Fv2%2Fproduct_tag&post=11499"}],"curies":[{"name":"wp","href":"https:\/\/api.w.org\/{rel}","templated":true}]}}