{"id":11505,"date":"2020-02-18T07:32:59","date_gmt":"2020-02-18T07:32:59","guid":{"rendered":"https:\/\/equipomedicomexico-com.preview-domain.com\/product\/camilla-completamente-automatica-para-ambulancia-traslado\/"},"modified":"2020-02-18T07:33:00","modified_gmt":"2020-02-18T07:33:00","slug":"camilla-completamente-automatica-para-ambulancia-traslado","status":"publish","type":"product","link":"https:\/\/buscoequipomedico.com\/?product=camilla-completamente-automatica-para-ambulancia-traslado","title":{"rendered":"CAMILLA COMPLETAMENTE AUTOM\u00c1TICA PARA AMBULANCIA \/ TRASLADO"},"content":{"rendered":"<p>La camilla se puede ajustar a 6 niveles y doblar hacia atr\u00e1s y adelante de acuerdo a las necesidades pr\u00e1cticas.<\/p>\n<\/p>\n<p>Cuando se dobla hacia delante, la parte posterior de la camilla est\u00e1 soportada por resortes neum\u00e1ticos fijos con tirantes controlar hasta 60 grados de \u00e1ngulo. Equipado con el frente y la parte posterior dise\u00f1an el apoyo de la fijaci\u00f3n, la camilla se puede bloquear en su lugar a la ambulancia en una posici\u00f3n deseada.<\/p>\n<\/p>\n<p><b>Especificaciones T\u00e9cnicas<\/b><\/p>\n<p><b><\/b><\/p>\n<p><b><\/b> <\/p>\n<ul>\n<li>Tama\u00f1o del producto 1980x540x930max (mm) 1980x540x300min (mm).<\/li>\n<li>36kg Peso neto.<\/li>\n<li>40kg Peso bruto.<\/li>\n<li>Cargando \u2264159kg rodamiento.<\/li>\n<li>Dimensi\u00f3n de la caja de embalaje 2000x600x350 (mm).<\/li>\n<\/ul>\n","protected":false},"excerpt":{"rendered":"<p>El modelo MLF999C1-CIE es una camilla autom\u00e1tica multifuncional con posiciones variadas, que se utiliza para los primeros auxilios, es un dise\u00f1o \u00fanico.\u00a0<\/p>\n<\/p>\n<p>Se puede ajustar f\u00e1cilmente para varias posiciones para el tratamiento de emergencia en situaciones complicadas, especialmente compatible con el medio ambiente ambulancia.<\/p><\/p>\n","protected":false},"featured_media":11506,"template":"","meta":{"_joinchat":[]},"product_brand":[],"product_cat":[205],"product_tag":[],"class_list":{"0":"post-11505","1":"product","2":"type-product","3":"status-publish","4":"has-post-thumbnail","6":"product_cat-camillas","7":"pa_marca-slim-royal","9":"first","10":"instock","11":"purchasable","12":"product-type-simple"},"yoast_head":"<!-- This site is optimized with the Yoast SEO plugin v25.1 - https:\/\/yoast.com\/wordpress\/plugins\/seo\/ -->\n<title>CAMILLA COMPLETAMENTE AUTOM\u00c1TICA PARA AMBULANCIA \/ TRASLADO - Tu mejor opci\u00f3n Equipo M\u00e9dico M\u00e9xico<\/title>\n<meta name=\"robots\" content=\"index, follow, max-snippet:-1, max-image-preview:large, max-video-preview:-1\" \/>\n<link rel=\"canonical\" href=\"https:\/\/buscoequipomedico.com\/?product=camilla-completamente-automatica-para-ambulancia-traslado\" \/>\n<meta property=\"og:locale\" content=\"es_ES\" \/>\n<meta property=\"og:type\" content=\"article\" \/>\n<meta property=\"og:title\" content=\"CAMILLA COMPLETAMENTE AUTOM\u00c1TICA PARA AMBULANCIA \/ TRASLADO - Tu mejor opci\u00f3n Equipo M\u00e9dico M\u00e9xico\" \/>\n<meta property=\"og:description\" content=\"El modelo MLF999C1-CIE es una camilla autom\u00e1tica multifuncional con posiciones variadas, que se utiliza para los primeros auxilios, es un dise\u00f1o \u00fanico.\u00a0 Se puede ajustar f\u00e1cilmente para varias posiciones para el tratamiento de emergencia en situaciones complicadas, especialmente compatible con el medio ambiente ambulancia.\" \/>\n<meta property=\"og:url\" content=\"https:\/\/buscoequipomedico.com\/?product=camilla-completamente-automatica-para-ambulancia-traslado\" \/>\n<meta property=\"og:site_name\" content=\"Tu mejor opci\u00f3n Equipo M\u00e9dico M\u00e9xico\" \/>\n<meta property=\"article:modified_time\" content=\"2020-02-18T07:33:00+00:00\" \/>\n<meta property=\"og:image\" content=\"https:\/\/buscoequipomedico.com\/wp-content\/uploads\/2020\/02\/camilla-completamente-automatica-para-ambulancia-traslado-el-modelo-mlf999c1-cie-es-una-camilla-automatica-multifuncional-con-po.jpg\" \/>\n\t<meta property=\"og:image:width\" content=\"800\" \/>\n\t<meta property=\"og:image:height\" content=\"800\" \/>\n\t<meta property=\"og:image:type\" content=\"image\/png\" \/>\n<meta name=\"twitter:card\" content=\"summary_large_image\" \/>\n<meta name=\"twitter:label1\" content=\"Tiempo de lectura\" \/>\n\t<meta name=\"twitter:data1\" content=\"1 minuto\" \/>\n<script type=\"application\/ld+json\" class=\"yoast-schema-graph\">{\"@context\":\"https:\/\/schema.org\",\"@graph\":[{\"@type\":\"WebPage\",\"@id\":\"https:\/\/buscoequipomedico.com\/?product=camilla-completamente-automatica-para-ambulancia-traslado\",\"url\":\"https:\/\/buscoequipomedico.com\/?product=camilla-completamente-automatica-para-ambulancia-traslado\",\"name\":\"CAMILLA COMPLETAMENTE AUTOM\u00c1TICA PARA AMBULANCIA \/ TRASLADO - Tu mejor opci\u00f3n Equipo M\u00e9dico M\u00e9xico\",\"isPartOf\":{\"@id\":\"https:\/\/buscoequipomedico.com\/#website\"},\"primaryImageOfPage\":{\"@id\":\"https:\/\/buscoequipomedico.com\/?product=camilla-completamente-automatica-para-ambulancia-traslado#primaryimage\"},\"image\":{\"@id\":\"https:\/\/buscoequipomedico.com\/?product=camilla-completamente-automatica-para-ambulancia-traslado#primaryimage\"},\"thumbnailUrl\":\"https:\/\/buscoequipomedico.com\/wp-content\/uploads\/2020\/02\/camilla-completamente-automatica-para-ambulancia-traslado-el-modelo-mlf999c1-cie-es-una-camilla-automatica-multifuncional-con-po.jpg\",\"datePublished\":\"2020-02-18T07:32:59+00:00\",\"dateModified\":\"2020-02-18T07:33:00+00:00\",\"breadcrumb\":{\"@id\":\"https:\/\/buscoequipomedico.com\/?product=camilla-completamente-automatica-para-ambulancia-traslado#breadcrumb\"},\"inLanguage\":\"es\",\"potentialAction\":[{\"@type\":\"ReadAction\",\"target\":[\"https:\/\/buscoequipomedico.com\/?product=camilla-completamente-automatica-para-ambulancia-traslado\"]}]},{\"@type\":\"ImageObject\",\"inLanguage\":\"es\",\"@id\":\"https:\/\/buscoequipomedico.com\/?product=camilla-completamente-automatica-para-ambulancia-traslado#primaryimage\",\"url\":\"https:\/\/buscoequipomedico.com\/wp-content\/uploads\/2020\/02\/camilla-completamente-automatica-para-ambulancia-traslado-el-modelo-mlf999c1-cie-es-una-camilla-automatica-multifuncional-con-po.jpg\",\"contentUrl\":\"https:\/\/buscoequipomedico.com\/wp-content\/uploads\/2020\/02\/camilla-completamente-automatica-para-ambulancia-traslado-el-modelo-mlf999c1-cie-es-una-camilla-automatica-multifuncional-con-po.jpg\",\"width\":800,\"height\":800},{\"@type\":\"BreadcrumbList\",\"@id\":\"https:\/\/buscoequipomedico.com\/?product=camilla-completamente-automatica-para-ambulancia-traslado#breadcrumb\",\"itemListElement\":[{\"@type\":\"ListItem\",\"position\":1,\"name\":\"Productos\",\"item\":\"https:\/\/buscoequipomedico.com\/shop\/\"},{\"@type\":\"ListItem\",\"position\":2,\"name\":\"CAMILLA COMPLETAMENTE AUTOM\u00c1TICA PARA AMBULANCIA \/ TRASLADO\"}]},{\"@type\":\"WebSite\",\"@id\":\"https:\/\/buscoequipomedico.com\/#website\",\"url\":\"https:\/\/buscoequipomedico.com\/\",\"name\":\"Tu mejor opci\u00f3n Equipo M\u00e9dico M\u00e9xico\",\"description\":\"Tienda de equipo m\u00e9dico\",\"publisher\":{\"@id\":\"https:\/\/buscoequipomedico.com\/#organization\"},\"potentialAction\":[{\"@type\":\"SearchAction\",\"target\":{\"@type\":\"EntryPoint\",\"urlTemplate\":\"https:\/\/buscoequipomedico.com\/?s={search_term_string}\"},\"query-input\":{\"@type\":\"PropertyValueSpecification\",\"valueRequired\":true,\"valueName\":\"search_term_string\"}}],\"inLanguage\":\"es\"},{\"@type\":\"Organization\",\"@id\":\"https:\/\/buscoequipomedico.com\/#organization\",\"name\":\"Tu mejor opci\u00f3n Equipo M\u00e9dico M\u00e9xico\",\"url\":\"https:\/\/buscoequipomedico.com\/\",\"logo\":{\"@type\":\"ImageObject\",\"inLanguage\":\"es\",\"@id\":\"https:\/\/buscoequipomedico.com\/#\/schema\/logo\/image\/\",\"url\":\"https:\/\/buscoequipomedico.com\/wp-content\/uploads\/2021\/07\/EMM-VPrincipal-scaled.jpg\",\"contentUrl\":\"https:\/\/buscoequipomedico.com\/wp-content\/uploads\/2021\/07\/EMM-VPrincipal-scaled.jpg\",\"width\":2560,\"height\":1058,\"caption\":\"Tu mejor opci\u00f3n Equipo M\u00e9dico M\u00e9xico\"},\"image\":{\"@id\":\"https:\/\/buscoequipomedico.com\/#\/schema\/logo\/image\/\"}}]}<\/script>\n<!-- \/ Yoast SEO plugin. -->","yoast_head_json":{"title":"CAMILLA COMPLETAMENTE AUTOM\u00c1TICA PARA AMBULANCIA \/ TRASLADO - Tu mejor opci\u00f3n Equipo M\u00e9dico M\u00e9xico","robots":{"index":"index","follow":"follow","max-snippet":"max-snippet:-1","max-image-preview":"max-image-preview:large","max-video-preview":"max-video-preview:-1"},"canonical":"https:\/\/buscoequipomedico.com\/?product=camilla-completamente-automatica-para-ambulancia-traslado","og_locale":"es_ES","og_type":"article","og_title":"CAMILLA COMPLETAMENTE AUTOM\u00c1TICA PARA AMBULANCIA \/ TRASLADO - Tu mejor opci\u00f3n Equipo M\u00e9dico M\u00e9xico","og_description":"El modelo MLF999C1-CIE es una camilla autom\u00e1tica multifuncional con posiciones variadas, que se utiliza para los primeros auxilios, es un dise\u00f1o \u00fanico.\u00a0 Se puede ajustar f\u00e1cilmente para varias posiciones para el tratamiento de emergencia en situaciones complicadas, especialmente compatible con el medio ambiente ambulancia.","og_url":"https:\/\/buscoequipomedico.com\/?product=camilla-completamente-automatica-para-ambulancia-traslado","og_site_name":"Tu mejor opci\u00f3n Equipo M\u00e9dico M\u00e9xico","article_modified_time":"2020-02-18T07:33:00+00:00","og_image":[{"width":800,"height":800,"url":"https:\/\/buscoequipomedico.com\/wp-content\/uploads\/2020\/02\/camilla-completamente-automatica-para-ambulancia-traslado-el-modelo-mlf999c1-cie-es-una-camilla-automatica-multifuncional-con-po.jpg","type":"image\/png"}],"twitter_card":"summary_large_image","twitter_misc":{"Tiempo de lectura":"1 minuto"},"schema":{"@context":"https:\/\/schema.org","@graph":[{"@type":"WebPage","@id":"https:\/\/buscoequipomedico.com\/?product=camilla-completamente-automatica-para-ambulancia-traslado","url":"https:\/\/buscoequipomedico.com\/?product=camilla-completamente-automatica-para-ambulancia-traslado","name":"CAMILLA COMPLETAMENTE AUTOM\u00c1TICA PARA AMBULANCIA \/ TRASLADO - Tu mejor opci\u00f3n Equipo M\u00e9dico M\u00e9xico","isPartOf":{"@id":"https:\/\/buscoequipomedico.com\/#website"},"primaryImageOfPage":{"@id":"https:\/\/buscoequipomedico.com\/?product=camilla-completamente-automatica-para-ambulancia-traslado#primaryimage"},"image":{"@id":"https:\/\/buscoequipomedico.com\/?product=camilla-completamente-automatica-para-ambulancia-traslado#primaryimage"},"thumbnailUrl":"https:\/\/buscoequipomedico.com\/wp-content\/uploads\/2020\/02\/camilla-completamente-automatica-para-ambulancia-traslado-el-modelo-mlf999c1-cie-es-una-camilla-automatica-multifuncional-con-po.jpg","datePublished":"2020-02-18T07:32:59+00:00","dateModified":"2020-02-18T07:33:00+00:00","breadcrumb":{"@id":"https:\/\/buscoequipomedico.com\/?product=camilla-completamente-automatica-para-ambulancia-traslado#breadcrumb"},"inLanguage":"es","potentialAction":[{"@type":"ReadAction","target":["https:\/\/buscoequipomedico.com\/?product=camilla-completamente-automatica-para-ambulancia-traslado"]}]},{"@type":"ImageObject","inLanguage":"es","@id":"https:\/\/buscoequipomedico.com\/?product=camilla-completamente-automatica-para-ambulancia-traslado#primaryimage","url":"https:\/\/buscoequipomedico.com\/wp-content\/uploads\/2020\/02\/camilla-completamente-automatica-para-ambulancia-traslado-el-modelo-mlf999c1-cie-es-una-camilla-automatica-multifuncional-con-po.jpg","contentUrl":"https:\/\/buscoequipomedico.com\/wp-content\/uploads\/2020\/02\/camilla-completamente-automatica-para-ambulancia-traslado-el-modelo-mlf999c1-cie-es-una-camilla-automatica-multifuncional-con-po.jpg","width":800,"height":800},{"@type":"BreadcrumbList","@id":"https:\/\/buscoequipomedico.com\/?product=camilla-completamente-automatica-para-ambulancia-traslado#breadcrumb","itemListElement":[{"@type":"ListItem","position":1,"name":"Productos","item":"https:\/\/buscoequipomedico.com\/shop\/"},{"@type":"ListItem","position":2,"name":"CAMILLA COMPLETAMENTE AUTOM\u00c1TICA PARA AMBULANCIA \/ TRASLADO"}]},{"@type":"WebSite","@id":"https:\/\/buscoequipomedico.com\/#website","url":"https:\/\/buscoequipomedico.com\/","name":"Tu mejor opci\u00f3n Equipo M\u00e9dico M\u00e9xico","description":"Tienda de equipo m\u00e9dico","publisher":{"@id":"https:\/\/buscoequipomedico.com\/#organization"},"potentialAction":[{"@type":"SearchAction","target":{"@type":"EntryPoint","urlTemplate":"https:\/\/buscoequipomedico.com\/?s={search_term_string}"},"query-input":{"@type":"PropertyValueSpecification","valueRequired":true,"valueName":"search_term_string"}}],"inLanguage":"es"},{"@type":"Organization","@id":"https:\/\/buscoequipomedico.com\/#organization","name":"Tu mejor opci\u00f3n Equipo M\u00e9dico M\u00e9xico","url":"https:\/\/buscoequipomedico.com\/","logo":{"@type":"ImageObject","inLanguage":"es","@id":"https:\/\/buscoequipomedico.com\/#\/schema\/logo\/image\/","url":"https:\/\/buscoequipomedico.com\/wp-content\/uploads\/2021\/07\/EMM-VPrincipal-scaled.jpg","contentUrl":"https:\/\/buscoequipomedico.com\/wp-content\/uploads\/2021\/07\/EMM-VPrincipal-scaled.jpg","width":2560,"height":1058,"caption":"Tu mejor opci\u00f3n Equipo M\u00e9dico M\u00e9xico"},"image":{"@id":"https:\/\/buscoequipomedico.com\/#\/schema\/logo\/image\/"}}]}},"_links":{"self":[{"href":"https:\/\/buscoequipomedico.com\/index.php?rest_route=\/wp\/v2\/product\/11505","targetHints":{"allow":["GET"]}}],"collection":[{"href":"https:\/\/buscoequipomedico.com\/index.php?rest_route=\/wp\/v2\/product"}],"about":[{"href":"https:\/\/buscoequipomedico.com\/index.php?rest_route=\/wp\/v2\/types\/product"}],"wp:featuredmedia":[{"embeddable":true,"href":"https:\/\/buscoequipomedico.com\/index.php?rest_route=\/wp\/v2\/media\/11506"}],"wp:attachment":[{"href":"https:\/\/buscoequipomedico.com\/index.php?rest_route=%2Fwp%2Fv2%2Fmedia&parent=11505"}],"wp:term":[{"taxonomy":"product_brand","embeddable":true,"href":"https:\/\/buscoequipomedico.com\/index.php?rest_route=%2Fwp%2Fv2%2Fproduct_brand&post=11505"},{"taxonomy":"product_cat","embeddable":true,"href":"https:\/\/buscoequipomedico.com\/index.php?rest_route=%2Fwp%2Fv2%2Fproduct_cat&post=11505"},{"taxonomy":"product_tag","embeddable":true,"href":"https:\/\/buscoequipomedico.com\/index.php?rest_route=%2Fwp%2Fv2%2Fproduct_tag&post=11505"}],"curies":[{"name":"wp","href":"https:\/\/api.w.org\/{rel}","templated":true}]}}