{"id":11513,"date":"2020-02-18T07:32:59","date_gmt":"2020-02-18T07:32:59","guid":{"rendered":"https:\/\/equipomedicomexico-com.preview-domain.com\/product\/camilla-de-emergencia-desmontable-con-respaldo-ajustable\/"},"modified":"2020-02-18T07:33:01","modified_gmt":"2020-02-18T07:33:01","slug":"camilla-de-emergencia-desmontable-con-respaldo-ajustable","status":"publish","type":"product","link":"https:\/\/buscoequipomedico.com\/?product=camilla-de-emergencia-desmontable-con-respaldo-ajustable","title":{"rendered":"CAMILLA DE EMERGENCIA DESMONTABLE CON RESPALDO AJUSTABLE"},"content":{"rendered":"<p>CARACTER\u00cdSTICAS:<\/p>\n<ul>\n<li>La cama est\u00e1 dise\u00f1ada para trasladar a los pacientes o individuos heridos a los hospitales, centros de emergencia y gimnasios.<\/li>\n<li>Se utiliza sobre todo para el transporte de los pacientes operados desde el quir\u00f3fano a la habitaci\u00f3n del enfermo.<\/li>\n<li>Esta camilla se compone de alta resistencia robusta aleaci\u00f3n de aluminio con el tubo de pared gruesa.<\/li>\n<li>La superficie puede ser aislado de la cama, si es necesario.<\/li>\n<li>Puede funcionar como una camilla tambi\u00e9n.<\/li>\n<li>El resto de la cabeza puede ser levantado en un \u00e1ngulo de hasta 60 \u00b0.<\/li>\n<li>La camilla es muy conveniente; una persona es suficiente para enviar al paciente a la camilla ambulancia.<\/li>\n<li>Las patas pueden plegarse bajo la camilla de forma autom\u00e1tica cuando se carga en el veh\u00edculo.<\/li>\n<li>Tambi\u00e9n la camilla puede ser bloqueado por los dispositivos de fijaci\u00f3n cuando la ambulancia.<\/li>\n<li>Este tipo de camilla se caracteriza por su ser ligero, resistente antis\u00e9ptico y f\u00e1cil para la esterilizaci\u00f3n.<\/li>\n<\/ul>\n<p>\u00a0<\/p>\n<p>ESPECIFICACIONES T\u00c9CNICAS:<\/p>\n<ul>\n<li>Posici\u00f3n Alta 190 cm Largo x 55 cm ancho x 88cm altura<\/li>\n<li>Posici\u00f3n Baja 190 cm Largo x 55 cm ancho x 54cm altura<\/li>\n<li>Capacidad de Soporte 159 kg<\/li>\n<li>Peso 35 kg<\/li>\n<li>4 ruedas giratorias \/ 2 con Frenos<\/li>\n<li>2 Cinturones de seguridad con hebilla de liberaci\u00f3n r\u00e1pida<\/li>\n<li>Portasueros<\/li>\n<li>2 Barandales de Protecci\u00f3n<\/li>\n<li>La parte trasera gira en un \u00e1ngulo de hasta 70 \u00b0<\/li>\n<\/ul>\n","protected":false},"excerpt":{"rendered":"<p><span>Se utiliza principalmente en hospitales, clubs deportivos y salas de emergencia. Especialmente dise\u00f1ada para el traslado de pacientes del quir\u00f3fano a la sala de recuperaci\u00f3n.<\/span><\/p>\n","protected":false},"featured_media":11514,"template":"","meta":{"_joinchat":[]},"product_brand":[],"product_cat":[205],"product_tag":[],"class_list":{"0":"post-11513","1":"product","2":"type-product","3":"status-publish","4":"has-post-thumbnail","6":"product_cat-camillas","7":"pa_marca-medea","9":"first","10":"instock","11":"purchasable","12":"product-type-simple"},"yoast_head":"<!-- This site is optimized with the Yoast SEO plugin v25.1 - https:\/\/yoast.com\/wordpress\/plugins\/seo\/ -->\n<title>CAMILLA DE EMERGENCIA DESMONTABLE CON RESPALDO AJUSTABLE - Tu mejor opci\u00f3n Equipo M\u00e9dico M\u00e9xico<\/title>\n<meta name=\"robots\" content=\"index, follow, max-snippet:-1, max-image-preview:large, max-video-preview:-1\" \/>\n<link rel=\"canonical\" href=\"https:\/\/buscoequipomedico.com\/?product=camilla-de-emergencia-desmontable-con-respaldo-ajustable\" \/>\n<meta property=\"og:locale\" content=\"es_ES\" \/>\n<meta property=\"og:type\" content=\"article\" \/>\n<meta property=\"og:title\" content=\"CAMILLA DE EMERGENCIA DESMONTABLE CON RESPALDO AJUSTABLE - Tu mejor opci\u00f3n Equipo M\u00e9dico M\u00e9xico\" \/>\n<meta property=\"og:description\" content=\"Se utiliza principalmente en hospitales, clubs deportivos y salas de emergencia. Especialmente dise\u00f1ada para el traslado de pacientes del quir\u00f3fano a la sala de recuperaci\u00f3n.\" \/>\n<meta property=\"og:url\" content=\"https:\/\/buscoequipomedico.com\/?product=camilla-de-emergencia-desmontable-con-respaldo-ajustable\" \/>\n<meta property=\"og:site_name\" content=\"Tu mejor opci\u00f3n Equipo M\u00e9dico M\u00e9xico\" \/>\n<meta property=\"article:modified_time\" content=\"2020-02-18T07:33:01+00:00\" \/>\n<meta property=\"og:image\" content=\"https:\/\/buscoequipomedico.com\/wp-content\/uploads\/2020\/02\/camilla-de-emergencia-desmontable-con-respaldo-ajustable-se-utiliza-principalmente-en-hospitales-clubs-deportivos-y-salas-de-eme.jpg\" \/>\n\t<meta property=\"og:image:width\" content=\"800\" \/>\n\t<meta property=\"og:image:height\" content=\"800\" \/>\n\t<meta property=\"og:image:type\" content=\"image\/png\" \/>\n<meta name=\"twitter:card\" content=\"summary_large_image\" \/>\n<meta name=\"twitter:label1\" content=\"Tiempo de lectura\" \/>\n\t<meta name=\"twitter:data1\" content=\"1 minuto\" \/>\n<script type=\"application\/ld+json\" class=\"yoast-schema-graph\">{\"@context\":\"https:\/\/schema.org\",\"@graph\":[{\"@type\":\"WebPage\",\"@id\":\"https:\/\/buscoequipomedico.com\/?product=camilla-de-emergencia-desmontable-con-respaldo-ajustable\",\"url\":\"https:\/\/buscoequipomedico.com\/?product=camilla-de-emergencia-desmontable-con-respaldo-ajustable\",\"name\":\"CAMILLA DE EMERGENCIA DESMONTABLE CON RESPALDO AJUSTABLE - Tu mejor opci\u00f3n Equipo M\u00e9dico M\u00e9xico\",\"isPartOf\":{\"@id\":\"https:\/\/buscoequipomedico.com\/#website\"},\"primaryImageOfPage\":{\"@id\":\"https:\/\/buscoequipomedico.com\/?product=camilla-de-emergencia-desmontable-con-respaldo-ajustable#primaryimage\"},\"image\":{\"@id\":\"https:\/\/buscoequipomedico.com\/?product=camilla-de-emergencia-desmontable-con-respaldo-ajustable#primaryimage\"},\"thumbnailUrl\":\"https:\/\/buscoequipomedico.com\/wp-content\/uploads\/2020\/02\/camilla-de-emergencia-desmontable-con-respaldo-ajustable-se-utiliza-principalmente-en-hospitales-clubs-deportivos-y-salas-de-eme.jpg\",\"datePublished\":\"2020-02-18T07:32:59+00:00\",\"dateModified\":\"2020-02-18T07:33:01+00:00\",\"breadcrumb\":{\"@id\":\"https:\/\/buscoequipomedico.com\/?product=camilla-de-emergencia-desmontable-con-respaldo-ajustable#breadcrumb\"},\"inLanguage\":\"es\",\"potentialAction\":[{\"@type\":\"ReadAction\",\"target\":[\"https:\/\/buscoequipomedico.com\/?product=camilla-de-emergencia-desmontable-con-respaldo-ajustable\"]}]},{\"@type\":\"ImageObject\",\"inLanguage\":\"es\",\"@id\":\"https:\/\/buscoequipomedico.com\/?product=camilla-de-emergencia-desmontable-con-respaldo-ajustable#primaryimage\",\"url\":\"https:\/\/buscoequipomedico.com\/wp-content\/uploads\/2020\/02\/camilla-de-emergencia-desmontable-con-respaldo-ajustable-se-utiliza-principalmente-en-hospitales-clubs-deportivos-y-salas-de-eme.jpg\",\"contentUrl\":\"https:\/\/buscoequipomedico.com\/wp-content\/uploads\/2020\/02\/camilla-de-emergencia-desmontable-con-respaldo-ajustable-se-utiliza-principalmente-en-hospitales-clubs-deportivos-y-salas-de-eme.jpg\",\"width\":800,\"height\":800},{\"@type\":\"BreadcrumbList\",\"@id\":\"https:\/\/buscoequipomedico.com\/?product=camilla-de-emergencia-desmontable-con-respaldo-ajustable#breadcrumb\",\"itemListElement\":[{\"@type\":\"ListItem\",\"position\":1,\"name\":\"Productos\",\"item\":\"https:\/\/buscoequipomedico.com\/shop\/\"},{\"@type\":\"ListItem\",\"position\":2,\"name\":\"CAMILLA DE EMERGENCIA DESMONTABLE CON RESPALDO AJUSTABLE\"}]},{\"@type\":\"WebSite\",\"@id\":\"https:\/\/buscoequipomedico.com\/#website\",\"url\":\"https:\/\/buscoequipomedico.com\/\",\"name\":\"Tu mejor opci\u00f3n Equipo M\u00e9dico M\u00e9xico\",\"description\":\"Tienda de equipo m\u00e9dico\",\"publisher\":{\"@id\":\"https:\/\/buscoequipomedico.com\/#organization\"},\"potentialAction\":[{\"@type\":\"SearchAction\",\"target\":{\"@type\":\"EntryPoint\",\"urlTemplate\":\"https:\/\/buscoequipomedico.com\/?s={search_term_string}\"},\"query-input\":{\"@type\":\"PropertyValueSpecification\",\"valueRequired\":true,\"valueName\":\"search_term_string\"}}],\"inLanguage\":\"es\"},{\"@type\":\"Organization\",\"@id\":\"https:\/\/buscoequipomedico.com\/#organization\",\"name\":\"Tu mejor opci\u00f3n Equipo M\u00e9dico M\u00e9xico\",\"url\":\"https:\/\/buscoequipomedico.com\/\",\"logo\":{\"@type\":\"ImageObject\",\"inLanguage\":\"es\",\"@id\":\"https:\/\/buscoequipomedico.com\/#\/schema\/logo\/image\/\",\"url\":\"https:\/\/buscoequipomedico.com\/wp-content\/uploads\/2021\/07\/EMM-VPrincipal-scaled.jpg\",\"contentUrl\":\"https:\/\/buscoequipomedico.com\/wp-content\/uploads\/2021\/07\/EMM-VPrincipal-scaled.jpg\",\"width\":2560,\"height\":1058,\"caption\":\"Tu mejor opci\u00f3n Equipo M\u00e9dico M\u00e9xico\"},\"image\":{\"@id\":\"https:\/\/buscoequipomedico.com\/#\/schema\/logo\/image\/\"}}]}<\/script>\n<!-- \/ Yoast SEO plugin. -->","yoast_head_json":{"title":"CAMILLA DE EMERGENCIA DESMONTABLE CON RESPALDO AJUSTABLE - Tu mejor opci\u00f3n Equipo M\u00e9dico M\u00e9xico","robots":{"index":"index","follow":"follow","max-snippet":"max-snippet:-1","max-image-preview":"max-image-preview:large","max-video-preview":"max-video-preview:-1"},"canonical":"https:\/\/buscoequipomedico.com\/?product=camilla-de-emergencia-desmontable-con-respaldo-ajustable","og_locale":"es_ES","og_type":"article","og_title":"CAMILLA DE EMERGENCIA DESMONTABLE CON RESPALDO AJUSTABLE - Tu mejor opci\u00f3n Equipo M\u00e9dico M\u00e9xico","og_description":"Se utiliza principalmente en hospitales, clubs deportivos y salas de emergencia. Especialmente dise\u00f1ada para el traslado de pacientes del quir\u00f3fano a la sala de recuperaci\u00f3n.","og_url":"https:\/\/buscoequipomedico.com\/?product=camilla-de-emergencia-desmontable-con-respaldo-ajustable","og_site_name":"Tu mejor opci\u00f3n Equipo M\u00e9dico M\u00e9xico","article_modified_time":"2020-02-18T07:33:01+00:00","og_image":[{"width":800,"height":800,"url":"https:\/\/buscoequipomedico.com\/wp-content\/uploads\/2020\/02\/camilla-de-emergencia-desmontable-con-respaldo-ajustable-se-utiliza-principalmente-en-hospitales-clubs-deportivos-y-salas-de-eme.jpg","type":"image\/png"}],"twitter_card":"summary_large_image","twitter_misc":{"Tiempo de lectura":"1 minuto"},"schema":{"@context":"https:\/\/schema.org","@graph":[{"@type":"WebPage","@id":"https:\/\/buscoequipomedico.com\/?product=camilla-de-emergencia-desmontable-con-respaldo-ajustable","url":"https:\/\/buscoequipomedico.com\/?product=camilla-de-emergencia-desmontable-con-respaldo-ajustable","name":"CAMILLA DE EMERGENCIA DESMONTABLE CON RESPALDO AJUSTABLE - Tu mejor opci\u00f3n Equipo M\u00e9dico M\u00e9xico","isPartOf":{"@id":"https:\/\/buscoequipomedico.com\/#website"},"primaryImageOfPage":{"@id":"https:\/\/buscoequipomedico.com\/?product=camilla-de-emergencia-desmontable-con-respaldo-ajustable#primaryimage"},"image":{"@id":"https:\/\/buscoequipomedico.com\/?product=camilla-de-emergencia-desmontable-con-respaldo-ajustable#primaryimage"},"thumbnailUrl":"https:\/\/buscoequipomedico.com\/wp-content\/uploads\/2020\/02\/camilla-de-emergencia-desmontable-con-respaldo-ajustable-se-utiliza-principalmente-en-hospitales-clubs-deportivos-y-salas-de-eme.jpg","datePublished":"2020-02-18T07:32:59+00:00","dateModified":"2020-02-18T07:33:01+00:00","breadcrumb":{"@id":"https:\/\/buscoequipomedico.com\/?product=camilla-de-emergencia-desmontable-con-respaldo-ajustable#breadcrumb"},"inLanguage":"es","potentialAction":[{"@type":"ReadAction","target":["https:\/\/buscoequipomedico.com\/?product=camilla-de-emergencia-desmontable-con-respaldo-ajustable"]}]},{"@type":"ImageObject","inLanguage":"es","@id":"https:\/\/buscoequipomedico.com\/?product=camilla-de-emergencia-desmontable-con-respaldo-ajustable#primaryimage","url":"https:\/\/buscoequipomedico.com\/wp-content\/uploads\/2020\/02\/camilla-de-emergencia-desmontable-con-respaldo-ajustable-se-utiliza-principalmente-en-hospitales-clubs-deportivos-y-salas-de-eme.jpg","contentUrl":"https:\/\/buscoequipomedico.com\/wp-content\/uploads\/2020\/02\/camilla-de-emergencia-desmontable-con-respaldo-ajustable-se-utiliza-principalmente-en-hospitales-clubs-deportivos-y-salas-de-eme.jpg","width":800,"height":800},{"@type":"BreadcrumbList","@id":"https:\/\/buscoequipomedico.com\/?product=camilla-de-emergencia-desmontable-con-respaldo-ajustable#breadcrumb","itemListElement":[{"@type":"ListItem","position":1,"name":"Productos","item":"https:\/\/buscoequipomedico.com\/shop\/"},{"@type":"ListItem","position":2,"name":"CAMILLA DE EMERGENCIA DESMONTABLE CON RESPALDO AJUSTABLE"}]},{"@type":"WebSite","@id":"https:\/\/buscoequipomedico.com\/#website","url":"https:\/\/buscoequipomedico.com\/","name":"Tu mejor opci\u00f3n Equipo M\u00e9dico M\u00e9xico","description":"Tienda de equipo m\u00e9dico","publisher":{"@id":"https:\/\/buscoequipomedico.com\/#organization"},"potentialAction":[{"@type":"SearchAction","target":{"@type":"EntryPoint","urlTemplate":"https:\/\/buscoequipomedico.com\/?s={search_term_string}"},"query-input":{"@type":"PropertyValueSpecification","valueRequired":true,"valueName":"search_term_string"}}],"inLanguage":"es"},{"@type":"Organization","@id":"https:\/\/buscoequipomedico.com\/#organization","name":"Tu mejor opci\u00f3n Equipo M\u00e9dico M\u00e9xico","url":"https:\/\/buscoequipomedico.com\/","logo":{"@type":"ImageObject","inLanguage":"es","@id":"https:\/\/buscoequipomedico.com\/#\/schema\/logo\/image\/","url":"https:\/\/buscoequipomedico.com\/wp-content\/uploads\/2021\/07\/EMM-VPrincipal-scaled.jpg","contentUrl":"https:\/\/buscoequipomedico.com\/wp-content\/uploads\/2021\/07\/EMM-VPrincipal-scaled.jpg","width":2560,"height":1058,"caption":"Tu mejor opci\u00f3n Equipo M\u00e9dico M\u00e9xico"},"image":{"@id":"https:\/\/buscoequipomedico.com\/#\/schema\/logo\/image\/"}}]}},"_links":{"self":[{"href":"https:\/\/buscoequipomedico.com\/index.php?rest_route=\/wp\/v2\/product\/11513","targetHints":{"allow":["GET"]}}],"collection":[{"href":"https:\/\/buscoequipomedico.com\/index.php?rest_route=\/wp\/v2\/product"}],"about":[{"href":"https:\/\/buscoequipomedico.com\/index.php?rest_route=\/wp\/v2\/types\/product"}],"wp:featuredmedia":[{"embeddable":true,"href":"https:\/\/buscoequipomedico.com\/index.php?rest_route=\/wp\/v2\/media\/11514"}],"wp:attachment":[{"href":"https:\/\/buscoequipomedico.com\/index.php?rest_route=%2Fwp%2Fv2%2Fmedia&parent=11513"}],"wp:term":[{"taxonomy":"product_brand","embeddable":true,"href":"https:\/\/buscoequipomedico.com\/index.php?rest_route=%2Fwp%2Fv2%2Fproduct_brand&post=11513"},{"taxonomy":"product_cat","embeddable":true,"href":"https:\/\/buscoequipomedico.com\/index.php?rest_route=%2Fwp%2Fv2%2Fproduct_cat&post=11513"},{"taxonomy":"product_tag","embeddable":true,"href":"https:\/\/buscoequipomedico.com\/index.php?rest_route=%2Fwp%2Fv2%2Fproduct_tag&post=11513"}],"curies":[{"name":"wp","href":"https:\/\/api.w.org\/{rel}","templated":true}]}}