{"id":11517,"date":"2020-02-18T07:32:59","date_gmt":"2020-02-18T07:32:59","guid":{"rendered":"https:\/\/equipomedicomexico-com.preview-domain.com\/product\/camilla-de-inmovilizacion-adulto-pediatrica\/"},"modified":"2020-02-18T07:33:02","modified_gmt":"2020-02-18T07:33:02","slug":"camilla-de-inmovilizacion-adulto-pediatrica","status":"publish","type":"product","link":"https:\/\/buscoequipomedico.com\/?product=camilla-de-inmovilizacion-adulto-pediatrica","title":{"rendered":"CAMILLA DE INMOVILIZACION ADULTO\/PEDIATRICA."},"content":{"rendered":"<p>La estructura se podr\u00e1 utilizar en rayos-X ya\u00a0que es completamente trasl\u00facida.<\/p>\n<\/p>\n<p>Es compatible con la mayor\u00eda de los dispositivos inmovilizadores de cabeza y mecanismos de amarre.<\/p>\n<\/p>\n<p>Su estructura permite que se guarden las dos camillas juntas para ahorrar espacios dentro de la\u00a0ambulancia o en instalaciones de emergencia.<\/p>\n<\/p>\n<p>Certificaci\u00f3n FDA, CE, ISO900<\/p>\n<\/p>\n<p>Dimensiones de camilla adulta: 183 x 44.5 x 5.5 cm<\/p>\n<\/p>\n<p>Dimensiones de camilla pedi\u00e1trica 120 x 32 x 4.5 cm<\/p>\n<\/p>\n<p>Peso neto: 11kg<\/p>\n<\/p>\n<p>Peso bruto: 13kg<\/p>\n<\/p>\n<p>L\u00edmite de peso: menos de 159 k<\/p><\/p>\n","protected":false},"excerpt":{"rendered":"<p>Camilla para inmovilizaci\u00f3n est\u00e1 hecha de material PE (polietileno) s\u00f3lido, que no contamina.<br \/>Esta camilla para inmovilizaci\u00f3n de pl\u00e1stico proporcionada por nuestra compa\u00f1\u00eda\u00a0tambi\u00e9n se podr\u00e1 utilizar como dispositivo flotante.<\/p>\n","protected":false},"featured_media":11518,"template":"","meta":{"_joinchat":[]},"product_brand":[],"product_cat":[205],"product_tag":[],"class_list":{"0":"post-11517","1":"product","2":"type-product","3":"status-publish","4":"has-post-thumbnail","6":"product_cat-camillas","7":"pa_marca-medea","9":"first","10":"instock","11":"purchasable","12":"product-type-simple"},"yoast_head":"<!-- This site is optimized with the Yoast SEO plugin v25.1 - https:\/\/yoast.com\/wordpress\/plugins\/seo\/ -->\n<title>CAMILLA DE INMOVILIZACION ADULTO\/PEDIATRICA. - Tu mejor opci\u00f3n Equipo M\u00e9dico M\u00e9xico<\/title>\n<meta name=\"robots\" content=\"index, follow, max-snippet:-1, max-image-preview:large, max-video-preview:-1\" \/>\n<link rel=\"canonical\" href=\"https:\/\/buscoequipomedico.com\/?product=camilla-de-inmovilizacion-adulto-pediatrica\" \/>\n<meta property=\"og:locale\" content=\"es_ES\" \/>\n<meta property=\"og:type\" content=\"article\" \/>\n<meta property=\"og:title\" content=\"CAMILLA DE INMOVILIZACION ADULTO\/PEDIATRICA. - Tu mejor opci\u00f3n Equipo M\u00e9dico M\u00e9xico\" \/>\n<meta property=\"og:description\" content=\"Camilla para inmovilizaci\u00f3n est\u00e1 hecha de material PE (polietileno) s\u00f3lido, que no contamina.Esta camilla para inmovilizaci\u00f3n de pl\u00e1stico proporcionada por nuestra compa\u00f1\u00eda\u00a0tambi\u00e9n se podr\u00e1 utilizar como dispositivo flotante.\" \/>\n<meta property=\"og:url\" content=\"https:\/\/buscoequipomedico.com\/?product=camilla-de-inmovilizacion-adulto-pediatrica\" \/>\n<meta property=\"og:site_name\" content=\"Tu mejor opci\u00f3n Equipo M\u00e9dico M\u00e9xico\" \/>\n<meta property=\"article:modified_time\" content=\"2020-02-18T07:33:02+00:00\" \/>\n<meta property=\"og:image\" content=\"https:\/\/buscoequipomedico.com\/wp-content\/uploads\/2020\/02\/camilla-de-inmovilizacion-adulto-pediatrica-camilla-para-inmovilizacion-esta-hecha-de-material-pe-polietileno-solido-que-no-cont.jpg\" \/>\n\t<meta property=\"og:image:width\" content=\"800\" \/>\n\t<meta property=\"og:image:height\" content=\"800\" \/>\n\t<meta property=\"og:image:type\" content=\"image\/png\" \/>\n<meta name=\"twitter:card\" content=\"summary_large_image\" \/>\n<script type=\"application\/ld+json\" class=\"yoast-schema-graph\">{\"@context\":\"https:\/\/schema.org\",\"@graph\":[{\"@type\":\"WebPage\",\"@id\":\"https:\/\/buscoequipomedico.com\/?product=camilla-de-inmovilizacion-adulto-pediatrica\",\"url\":\"https:\/\/buscoequipomedico.com\/?product=camilla-de-inmovilizacion-adulto-pediatrica\",\"name\":\"CAMILLA DE INMOVILIZACION ADULTO\/PEDIATRICA. - Tu mejor opci\u00f3n Equipo M\u00e9dico M\u00e9xico\",\"isPartOf\":{\"@id\":\"https:\/\/buscoequipomedico.com\/#website\"},\"primaryImageOfPage\":{\"@id\":\"https:\/\/buscoequipomedico.com\/?product=camilla-de-inmovilizacion-adulto-pediatrica#primaryimage\"},\"image\":{\"@id\":\"https:\/\/buscoequipomedico.com\/?product=camilla-de-inmovilizacion-adulto-pediatrica#primaryimage\"},\"thumbnailUrl\":\"https:\/\/buscoequipomedico.com\/wp-content\/uploads\/2020\/02\/camilla-de-inmovilizacion-adulto-pediatrica-camilla-para-inmovilizacion-esta-hecha-de-material-pe-polietileno-solido-que-no-cont.jpg\",\"datePublished\":\"2020-02-18T07:32:59+00:00\",\"dateModified\":\"2020-02-18T07:33:02+00:00\",\"breadcrumb\":{\"@id\":\"https:\/\/buscoequipomedico.com\/?product=camilla-de-inmovilizacion-adulto-pediatrica#breadcrumb\"},\"inLanguage\":\"es\",\"potentialAction\":[{\"@type\":\"ReadAction\",\"target\":[\"https:\/\/buscoequipomedico.com\/?product=camilla-de-inmovilizacion-adulto-pediatrica\"]}]},{\"@type\":\"ImageObject\",\"inLanguage\":\"es\",\"@id\":\"https:\/\/buscoequipomedico.com\/?product=camilla-de-inmovilizacion-adulto-pediatrica#primaryimage\",\"url\":\"https:\/\/buscoequipomedico.com\/wp-content\/uploads\/2020\/02\/camilla-de-inmovilizacion-adulto-pediatrica-camilla-para-inmovilizacion-esta-hecha-de-material-pe-polietileno-solido-que-no-cont.jpg\",\"contentUrl\":\"https:\/\/buscoequipomedico.com\/wp-content\/uploads\/2020\/02\/camilla-de-inmovilizacion-adulto-pediatrica-camilla-para-inmovilizacion-esta-hecha-de-material-pe-polietileno-solido-que-no-cont.jpg\",\"width\":800,\"height\":800},{\"@type\":\"BreadcrumbList\",\"@id\":\"https:\/\/buscoequipomedico.com\/?product=camilla-de-inmovilizacion-adulto-pediatrica#breadcrumb\",\"itemListElement\":[{\"@type\":\"ListItem\",\"position\":1,\"name\":\"Productos\",\"item\":\"https:\/\/buscoequipomedico.com\/shop\/\"},{\"@type\":\"ListItem\",\"position\":2,\"name\":\"CAMILLA DE INMOVILIZACION ADULTO\/PEDIATRICA.\"}]},{\"@type\":\"WebSite\",\"@id\":\"https:\/\/buscoequipomedico.com\/#website\",\"url\":\"https:\/\/buscoequipomedico.com\/\",\"name\":\"Tu mejor opci\u00f3n Equipo M\u00e9dico M\u00e9xico\",\"description\":\"Tienda de equipo m\u00e9dico\",\"publisher\":{\"@id\":\"https:\/\/buscoequipomedico.com\/#organization\"},\"potentialAction\":[{\"@type\":\"SearchAction\",\"target\":{\"@type\":\"EntryPoint\",\"urlTemplate\":\"https:\/\/buscoequipomedico.com\/?s={search_term_string}\"},\"query-input\":{\"@type\":\"PropertyValueSpecification\",\"valueRequired\":true,\"valueName\":\"search_term_string\"}}],\"inLanguage\":\"es\"},{\"@type\":\"Organization\",\"@id\":\"https:\/\/buscoequipomedico.com\/#organization\",\"name\":\"Tu mejor opci\u00f3n Equipo M\u00e9dico M\u00e9xico\",\"url\":\"https:\/\/buscoequipomedico.com\/\",\"logo\":{\"@type\":\"ImageObject\",\"inLanguage\":\"es\",\"@id\":\"https:\/\/buscoequipomedico.com\/#\/schema\/logo\/image\/\",\"url\":\"https:\/\/buscoequipomedico.com\/wp-content\/uploads\/2021\/07\/EMM-VPrincipal-scaled.jpg\",\"contentUrl\":\"https:\/\/buscoequipomedico.com\/wp-content\/uploads\/2021\/07\/EMM-VPrincipal-scaled.jpg\",\"width\":2560,\"height\":1058,\"caption\":\"Tu mejor opci\u00f3n Equipo M\u00e9dico M\u00e9xico\"},\"image\":{\"@id\":\"https:\/\/buscoequipomedico.com\/#\/schema\/logo\/image\/\"}}]}<\/script>\n<!-- \/ Yoast SEO plugin. -->","yoast_head_json":{"title":"CAMILLA DE INMOVILIZACION ADULTO\/PEDIATRICA. - Tu mejor opci\u00f3n Equipo M\u00e9dico M\u00e9xico","robots":{"index":"index","follow":"follow","max-snippet":"max-snippet:-1","max-image-preview":"max-image-preview:large","max-video-preview":"max-video-preview:-1"},"canonical":"https:\/\/buscoequipomedico.com\/?product=camilla-de-inmovilizacion-adulto-pediatrica","og_locale":"es_ES","og_type":"article","og_title":"CAMILLA DE INMOVILIZACION ADULTO\/PEDIATRICA. - Tu mejor opci\u00f3n Equipo M\u00e9dico M\u00e9xico","og_description":"Camilla para inmovilizaci\u00f3n est\u00e1 hecha de material PE (polietileno) s\u00f3lido, que no contamina.Esta camilla para inmovilizaci\u00f3n de pl\u00e1stico proporcionada por nuestra compa\u00f1\u00eda\u00a0tambi\u00e9n se podr\u00e1 utilizar como dispositivo flotante.","og_url":"https:\/\/buscoequipomedico.com\/?product=camilla-de-inmovilizacion-adulto-pediatrica","og_site_name":"Tu mejor opci\u00f3n Equipo M\u00e9dico M\u00e9xico","article_modified_time":"2020-02-18T07:33:02+00:00","og_image":[{"width":800,"height":800,"url":"https:\/\/buscoequipomedico.com\/wp-content\/uploads\/2020\/02\/camilla-de-inmovilizacion-adulto-pediatrica-camilla-para-inmovilizacion-esta-hecha-de-material-pe-polietileno-solido-que-no-cont.jpg","type":"image\/png"}],"twitter_card":"summary_large_image","schema":{"@context":"https:\/\/schema.org","@graph":[{"@type":"WebPage","@id":"https:\/\/buscoequipomedico.com\/?product=camilla-de-inmovilizacion-adulto-pediatrica","url":"https:\/\/buscoequipomedico.com\/?product=camilla-de-inmovilizacion-adulto-pediatrica","name":"CAMILLA DE INMOVILIZACION ADULTO\/PEDIATRICA. - Tu mejor opci\u00f3n Equipo M\u00e9dico M\u00e9xico","isPartOf":{"@id":"https:\/\/buscoequipomedico.com\/#website"},"primaryImageOfPage":{"@id":"https:\/\/buscoequipomedico.com\/?product=camilla-de-inmovilizacion-adulto-pediatrica#primaryimage"},"image":{"@id":"https:\/\/buscoequipomedico.com\/?product=camilla-de-inmovilizacion-adulto-pediatrica#primaryimage"},"thumbnailUrl":"https:\/\/buscoequipomedico.com\/wp-content\/uploads\/2020\/02\/camilla-de-inmovilizacion-adulto-pediatrica-camilla-para-inmovilizacion-esta-hecha-de-material-pe-polietileno-solido-que-no-cont.jpg","datePublished":"2020-02-18T07:32:59+00:00","dateModified":"2020-02-18T07:33:02+00:00","breadcrumb":{"@id":"https:\/\/buscoequipomedico.com\/?product=camilla-de-inmovilizacion-adulto-pediatrica#breadcrumb"},"inLanguage":"es","potentialAction":[{"@type":"ReadAction","target":["https:\/\/buscoequipomedico.com\/?product=camilla-de-inmovilizacion-adulto-pediatrica"]}]},{"@type":"ImageObject","inLanguage":"es","@id":"https:\/\/buscoequipomedico.com\/?product=camilla-de-inmovilizacion-adulto-pediatrica#primaryimage","url":"https:\/\/buscoequipomedico.com\/wp-content\/uploads\/2020\/02\/camilla-de-inmovilizacion-adulto-pediatrica-camilla-para-inmovilizacion-esta-hecha-de-material-pe-polietileno-solido-que-no-cont.jpg","contentUrl":"https:\/\/buscoequipomedico.com\/wp-content\/uploads\/2020\/02\/camilla-de-inmovilizacion-adulto-pediatrica-camilla-para-inmovilizacion-esta-hecha-de-material-pe-polietileno-solido-que-no-cont.jpg","width":800,"height":800},{"@type":"BreadcrumbList","@id":"https:\/\/buscoequipomedico.com\/?product=camilla-de-inmovilizacion-adulto-pediatrica#breadcrumb","itemListElement":[{"@type":"ListItem","position":1,"name":"Productos","item":"https:\/\/buscoequipomedico.com\/shop\/"},{"@type":"ListItem","position":2,"name":"CAMILLA DE INMOVILIZACION ADULTO\/PEDIATRICA."}]},{"@type":"WebSite","@id":"https:\/\/buscoequipomedico.com\/#website","url":"https:\/\/buscoequipomedico.com\/","name":"Tu mejor opci\u00f3n Equipo M\u00e9dico M\u00e9xico","description":"Tienda de equipo m\u00e9dico","publisher":{"@id":"https:\/\/buscoequipomedico.com\/#organization"},"potentialAction":[{"@type":"SearchAction","target":{"@type":"EntryPoint","urlTemplate":"https:\/\/buscoequipomedico.com\/?s={search_term_string}"},"query-input":{"@type":"PropertyValueSpecification","valueRequired":true,"valueName":"search_term_string"}}],"inLanguage":"es"},{"@type":"Organization","@id":"https:\/\/buscoequipomedico.com\/#organization","name":"Tu mejor opci\u00f3n Equipo M\u00e9dico M\u00e9xico","url":"https:\/\/buscoequipomedico.com\/","logo":{"@type":"ImageObject","inLanguage":"es","@id":"https:\/\/buscoequipomedico.com\/#\/schema\/logo\/image\/","url":"https:\/\/buscoequipomedico.com\/wp-content\/uploads\/2021\/07\/EMM-VPrincipal-scaled.jpg","contentUrl":"https:\/\/buscoequipomedico.com\/wp-content\/uploads\/2021\/07\/EMM-VPrincipal-scaled.jpg","width":2560,"height":1058,"caption":"Tu mejor opci\u00f3n Equipo M\u00e9dico M\u00e9xico"},"image":{"@id":"https:\/\/buscoequipomedico.com\/#\/schema\/logo\/image\/"}}]}},"_links":{"self":[{"href":"https:\/\/buscoequipomedico.com\/index.php?rest_route=\/wp\/v2\/product\/11517","targetHints":{"allow":["GET"]}}],"collection":[{"href":"https:\/\/buscoequipomedico.com\/index.php?rest_route=\/wp\/v2\/product"}],"about":[{"href":"https:\/\/buscoequipomedico.com\/index.php?rest_route=\/wp\/v2\/types\/product"}],"wp:featuredmedia":[{"embeddable":true,"href":"https:\/\/buscoequipomedico.com\/index.php?rest_route=\/wp\/v2\/media\/11518"}],"wp:attachment":[{"href":"https:\/\/buscoequipomedico.com\/index.php?rest_route=%2Fwp%2Fv2%2Fmedia&parent=11517"}],"wp:term":[{"taxonomy":"product_brand","embeddable":true,"href":"https:\/\/buscoequipomedico.com\/index.php?rest_route=%2Fwp%2Fv2%2Fproduct_brand&post=11517"},{"taxonomy":"product_cat","embeddable":true,"href":"https:\/\/buscoequipomedico.com\/index.php?rest_route=%2Fwp%2Fv2%2Fproduct_cat&post=11517"},{"taxonomy":"product_tag","embeddable":true,"href":"https:\/\/buscoequipomedico.com\/index.php?rest_route=%2Fwp%2Fv2%2Fproduct_tag&post=11517"}],"curies":[{"name":"wp","href":"https:\/\/api.w.org\/{rel}","templated":true}]}}