{"id":11533,"date":"2020-02-18T07:32:59","date_gmt":"2020-02-18T07:32:59","guid":{"rendered":"https:\/\/equipomedicomexico-com.preview-domain.com\/product\/camilla-plegable-en-2-secciones-para-inmovilizacion\/"},"modified":"2020-02-18T07:33:05","modified_gmt":"2020-02-18T07:33:05","slug":"camilla-plegable-en-2-secciones-para-inmovilizacion","status":"publish","type":"product","link":"https:\/\/buscoequipomedico.com\/?product=camilla-plegable-en-2-secciones-para-inmovilizacion","title":{"rendered":"CAMILLA PLEGABLE EN 2 SECCIONES PARA INMOVILIZACION."},"content":{"rendered":"<h4>Dimensiones: 138 x 35 x 5 cm<br \/>Peso neto: 4kg<br \/>Peso bruto: 5kg<br \/>L\u00edmite de peso: menos de 159 kg<br \/>Base traslucida para la toma de rayos X<\/h4>\n","protected":false},"excerpt":{"rendered":"<h4>La camilla para inmovilizaci\u00f3n con cinturones de seguridad est\u00e1 hecha de material PE (polietileno) s\u00f3lido, que no contamina.<br \/>Esta camilla para inmovilizaci\u00f3n de pl\u00e1stico proporcionada por nuestra compa\u00f1\u00eda tambi\u00e9n se podr\u00e1 utilizar como un dispositivo flotante.<br \/>La estructura se podr\u00e1 utilizar en rayos-X ya que es completamente trasl\u00facida.<br \/>Es compatible con la mayor\u00eda de los dispositivos inmovilizadores de cabeza y mecanismos de amarre.<\/h4>\n","protected":false},"featured_media":11534,"template":"","meta":{"_joinchat":[]},"product_brand":[],"product_cat":[205],"product_tag":[],"class_list":{"0":"post-11533","1":"product","2":"type-product","3":"status-publish","4":"has-post-thumbnail","6":"product_cat-camillas","7":"pa_marca-medea","9":"first","10":"instock","11":"purchasable","12":"product-type-simple"},"yoast_head":"<!-- This site is optimized with the Yoast SEO plugin v25.1 - https:\/\/yoast.com\/wordpress\/plugins\/seo\/ -->\n<title>CAMILLA PLEGABLE EN 2 SECCIONES PARA INMOVILIZACION. - Tu mejor opci\u00f3n Equipo M\u00e9dico M\u00e9xico<\/title>\n<meta name=\"robots\" content=\"index, follow, max-snippet:-1, max-image-preview:large, max-video-preview:-1\" \/>\n<link rel=\"canonical\" href=\"https:\/\/buscoequipomedico.com\/?product=camilla-plegable-en-2-secciones-para-inmovilizacion\" \/>\n<meta property=\"og:locale\" content=\"es_ES\" \/>\n<meta property=\"og:type\" content=\"article\" \/>\n<meta property=\"og:title\" content=\"CAMILLA PLEGABLE EN 2 SECCIONES PARA INMOVILIZACION. - Tu mejor opci\u00f3n Equipo M\u00e9dico M\u00e9xico\" \/>\n<meta property=\"og:description\" content=\"La camilla para inmovilizaci\u00f3n con cinturones de seguridad est\u00e1 hecha de material PE (polietileno) s\u00f3lido, que no contamina.Esta camilla para inmovilizaci\u00f3n de pl\u00e1stico proporcionada por nuestra compa\u00f1\u00eda tambi\u00e9n se podr\u00e1 utilizar como un dispositivo flotante.La estructura se podr\u00e1 utilizar en rayos-X ya que es completamente trasl\u00facida.Es compatible con la mayor\u00eda de los dispositivos inmovilizadores de cabeza y mecanismos de amarre.\" \/>\n<meta property=\"og:url\" content=\"https:\/\/buscoequipomedico.com\/?product=camilla-plegable-en-2-secciones-para-inmovilizacion\" \/>\n<meta property=\"og:site_name\" content=\"Tu mejor opci\u00f3n Equipo M\u00e9dico M\u00e9xico\" \/>\n<meta property=\"article:modified_time\" content=\"2020-02-18T07:33:05+00:00\" \/>\n<meta property=\"og:image\" content=\"https:\/\/buscoequipomedico.com\/wp-content\/uploads\/2020\/02\/camilla-plegable-en-2-secciones-para-inmovilizacion-la-camilla-para-inmovilizacion-con-cinturones-de-seguridad-esta-hecha-de-mat.jpg\" \/>\n\t<meta property=\"og:image:width\" content=\"800\" \/>\n\t<meta property=\"og:image:height\" content=\"800\" \/>\n\t<meta property=\"og:image:type\" content=\"image\/png\" \/>\n<meta name=\"twitter:card\" content=\"summary_large_image\" \/>\n<script type=\"application\/ld+json\" class=\"yoast-schema-graph\">{\"@context\":\"https:\/\/schema.org\",\"@graph\":[{\"@type\":\"WebPage\",\"@id\":\"https:\/\/buscoequipomedico.com\/?product=camilla-plegable-en-2-secciones-para-inmovilizacion\",\"url\":\"https:\/\/buscoequipomedico.com\/?product=camilla-plegable-en-2-secciones-para-inmovilizacion\",\"name\":\"CAMILLA PLEGABLE EN 2 SECCIONES PARA INMOVILIZACION. - Tu mejor opci\u00f3n Equipo M\u00e9dico M\u00e9xico\",\"isPartOf\":{\"@id\":\"https:\/\/buscoequipomedico.com\/#website\"},\"primaryImageOfPage\":{\"@id\":\"https:\/\/buscoequipomedico.com\/?product=camilla-plegable-en-2-secciones-para-inmovilizacion#primaryimage\"},\"image\":{\"@id\":\"https:\/\/buscoequipomedico.com\/?product=camilla-plegable-en-2-secciones-para-inmovilizacion#primaryimage\"},\"thumbnailUrl\":\"https:\/\/buscoequipomedico.com\/wp-content\/uploads\/2020\/02\/camilla-plegable-en-2-secciones-para-inmovilizacion-la-camilla-para-inmovilizacion-con-cinturones-de-seguridad-esta-hecha-de-mat.jpg\",\"datePublished\":\"2020-02-18T07:32:59+00:00\",\"dateModified\":\"2020-02-18T07:33:05+00:00\",\"breadcrumb\":{\"@id\":\"https:\/\/buscoequipomedico.com\/?product=camilla-plegable-en-2-secciones-para-inmovilizacion#breadcrumb\"},\"inLanguage\":\"es\",\"potentialAction\":[{\"@type\":\"ReadAction\",\"target\":[\"https:\/\/buscoequipomedico.com\/?product=camilla-plegable-en-2-secciones-para-inmovilizacion\"]}]},{\"@type\":\"ImageObject\",\"inLanguage\":\"es\",\"@id\":\"https:\/\/buscoequipomedico.com\/?product=camilla-plegable-en-2-secciones-para-inmovilizacion#primaryimage\",\"url\":\"https:\/\/buscoequipomedico.com\/wp-content\/uploads\/2020\/02\/camilla-plegable-en-2-secciones-para-inmovilizacion-la-camilla-para-inmovilizacion-con-cinturones-de-seguridad-esta-hecha-de-mat.jpg\",\"contentUrl\":\"https:\/\/buscoequipomedico.com\/wp-content\/uploads\/2020\/02\/camilla-plegable-en-2-secciones-para-inmovilizacion-la-camilla-para-inmovilizacion-con-cinturones-de-seguridad-esta-hecha-de-mat.jpg\",\"width\":800,\"height\":800},{\"@type\":\"BreadcrumbList\",\"@id\":\"https:\/\/buscoequipomedico.com\/?product=camilla-plegable-en-2-secciones-para-inmovilizacion#breadcrumb\",\"itemListElement\":[{\"@type\":\"ListItem\",\"position\":1,\"name\":\"Productos\",\"item\":\"https:\/\/buscoequipomedico.com\/shop\/\"},{\"@type\":\"ListItem\",\"position\":2,\"name\":\"CAMILLA PLEGABLE EN 2 SECCIONES PARA INMOVILIZACION.\"}]},{\"@type\":\"WebSite\",\"@id\":\"https:\/\/buscoequipomedico.com\/#website\",\"url\":\"https:\/\/buscoequipomedico.com\/\",\"name\":\"Tu mejor opci\u00f3n Equipo M\u00e9dico M\u00e9xico\",\"description\":\"Tienda de equipo m\u00e9dico\",\"publisher\":{\"@id\":\"https:\/\/buscoequipomedico.com\/#organization\"},\"potentialAction\":[{\"@type\":\"SearchAction\",\"target\":{\"@type\":\"EntryPoint\",\"urlTemplate\":\"https:\/\/buscoequipomedico.com\/?s={search_term_string}\"},\"query-input\":{\"@type\":\"PropertyValueSpecification\",\"valueRequired\":true,\"valueName\":\"search_term_string\"}}],\"inLanguage\":\"es\"},{\"@type\":\"Organization\",\"@id\":\"https:\/\/buscoequipomedico.com\/#organization\",\"name\":\"Tu mejor opci\u00f3n Equipo M\u00e9dico M\u00e9xico\",\"url\":\"https:\/\/buscoequipomedico.com\/\",\"logo\":{\"@type\":\"ImageObject\",\"inLanguage\":\"es\",\"@id\":\"https:\/\/buscoequipomedico.com\/#\/schema\/logo\/image\/\",\"url\":\"https:\/\/buscoequipomedico.com\/wp-content\/uploads\/2021\/07\/EMM-VPrincipal-scaled.jpg\",\"contentUrl\":\"https:\/\/buscoequipomedico.com\/wp-content\/uploads\/2021\/07\/EMM-VPrincipal-scaled.jpg\",\"width\":2560,\"height\":1058,\"caption\":\"Tu mejor opci\u00f3n Equipo M\u00e9dico M\u00e9xico\"},\"image\":{\"@id\":\"https:\/\/buscoequipomedico.com\/#\/schema\/logo\/image\/\"}}]}<\/script>\n<!-- \/ Yoast SEO plugin. -->","yoast_head_json":{"title":"CAMILLA PLEGABLE EN 2 SECCIONES PARA INMOVILIZACION. - Tu mejor opci\u00f3n Equipo M\u00e9dico M\u00e9xico","robots":{"index":"index","follow":"follow","max-snippet":"max-snippet:-1","max-image-preview":"max-image-preview:large","max-video-preview":"max-video-preview:-1"},"canonical":"https:\/\/buscoequipomedico.com\/?product=camilla-plegable-en-2-secciones-para-inmovilizacion","og_locale":"es_ES","og_type":"article","og_title":"CAMILLA PLEGABLE EN 2 SECCIONES PARA INMOVILIZACION. - Tu mejor opci\u00f3n Equipo M\u00e9dico M\u00e9xico","og_description":"La camilla para inmovilizaci\u00f3n con cinturones de seguridad est\u00e1 hecha de material PE (polietileno) s\u00f3lido, que no contamina.Esta camilla para inmovilizaci\u00f3n de pl\u00e1stico proporcionada por nuestra compa\u00f1\u00eda tambi\u00e9n se podr\u00e1 utilizar como un dispositivo flotante.La estructura se podr\u00e1 utilizar en rayos-X ya que es completamente trasl\u00facida.Es compatible con la mayor\u00eda de los dispositivos inmovilizadores de cabeza y mecanismos de amarre.","og_url":"https:\/\/buscoequipomedico.com\/?product=camilla-plegable-en-2-secciones-para-inmovilizacion","og_site_name":"Tu mejor opci\u00f3n Equipo M\u00e9dico M\u00e9xico","article_modified_time":"2020-02-18T07:33:05+00:00","og_image":[{"width":800,"height":800,"url":"https:\/\/buscoequipomedico.com\/wp-content\/uploads\/2020\/02\/camilla-plegable-en-2-secciones-para-inmovilizacion-la-camilla-para-inmovilizacion-con-cinturones-de-seguridad-esta-hecha-de-mat.jpg","type":"image\/png"}],"twitter_card":"summary_large_image","schema":{"@context":"https:\/\/schema.org","@graph":[{"@type":"WebPage","@id":"https:\/\/buscoequipomedico.com\/?product=camilla-plegable-en-2-secciones-para-inmovilizacion","url":"https:\/\/buscoequipomedico.com\/?product=camilla-plegable-en-2-secciones-para-inmovilizacion","name":"CAMILLA PLEGABLE EN 2 SECCIONES PARA INMOVILIZACION. - Tu mejor opci\u00f3n Equipo M\u00e9dico M\u00e9xico","isPartOf":{"@id":"https:\/\/buscoequipomedico.com\/#website"},"primaryImageOfPage":{"@id":"https:\/\/buscoequipomedico.com\/?product=camilla-plegable-en-2-secciones-para-inmovilizacion#primaryimage"},"image":{"@id":"https:\/\/buscoequipomedico.com\/?product=camilla-plegable-en-2-secciones-para-inmovilizacion#primaryimage"},"thumbnailUrl":"https:\/\/buscoequipomedico.com\/wp-content\/uploads\/2020\/02\/camilla-plegable-en-2-secciones-para-inmovilizacion-la-camilla-para-inmovilizacion-con-cinturones-de-seguridad-esta-hecha-de-mat.jpg","datePublished":"2020-02-18T07:32:59+00:00","dateModified":"2020-02-18T07:33:05+00:00","breadcrumb":{"@id":"https:\/\/buscoequipomedico.com\/?product=camilla-plegable-en-2-secciones-para-inmovilizacion#breadcrumb"},"inLanguage":"es","potentialAction":[{"@type":"ReadAction","target":["https:\/\/buscoequipomedico.com\/?product=camilla-plegable-en-2-secciones-para-inmovilizacion"]}]},{"@type":"ImageObject","inLanguage":"es","@id":"https:\/\/buscoequipomedico.com\/?product=camilla-plegable-en-2-secciones-para-inmovilizacion#primaryimage","url":"https:\/\/buscoequipomedico.com\/wp-content\/uploads\/2020\/02\/camilla-plegable-en-2-secciones-para-inmovilizacion-la-camilla-para-inmovilizacion-con-cinturones-de-seguridad-esta-hecha-de-mat.jpg","contentUrl":"https:\/\/buscoequipomedico.com\/wp-content\/uploads\/2020\/02\/camilla-plegable-en-2-secciones-para-inmovilizacion-la-camilla-para-inmovilizacion-con-cinturones-de-seguridad-esta-hecha-de-mat.jpg","width":800,"height":800},{"@type":"BreadcrumbList","@id":"https:\/\/buscoequipomedico.com\/?product=camilla-plegable-en-2-secciones-para-inmovilizacion#breadcrumb","itemListElement":[{"@type":"ListItem","position":1,"name":"Productos","item":"https:\/\/buscoequipomedico.com\/shop\/"},{"@type":"ListItem","position":2,"name":"CAMILLA PLEGABLE EN 2 SECCIONES PARA INMOVILIZACION."}]},{"@type":"WebSite","@id":"https:\/\/buscoequipomedico.com\/#website","url":"https:\/\/buscoequipomedico.com\/","name":"Tu mejor opci\u00f3n Equipo M\u00e9dico M\u00e9xico","description":"Tienda de equipo m\u00e9dico","publisher":{"@id":"https:\/\/buscoequipomedico.com\/#organization"},"potentialAction":[{"@type":"SearchAction","target":{"@type":"EntryPoint","urlTemplate":"https:\/\/buscoequipomedico.com\/?s={search_term_string}"},"query-input":{"@type":"PropertyValueSpecification","valueRequired":true,"valueName":"search_term_string"}}],"inLanguage":"es"},{"@type":"Organization","@id":"https:\/\/buscoequipomedico.com\/#organization","name":"Tu mejor opci\u00f3n Equipo M\u00e9dico M\u00e9xico","url":"https:\/\/buscoequipomedico.com\/","logo":{"@type":"ImageObject","inLanguage":"es","@id":"https:\/\/buscoequipomedico.com\/#\/schema\/logo\/image\/","url":"https:\/\/buscoequipomedico.com\/wp-content\/uploads\/2021\/07\/EMM-VPrincipal-scaled.jpg","contentUrl":"https:\/\/buscoequipomedico.com\/wp-content\/uploads\/2021\/07\/EMM-VPrincipal-scaled.jpg","width":2560,"height":1058,"caption":"Tu mejor opci\u00f3n Equipo M\u00e9dico M\u00e9xico"},"image":{"@id":"https:\/\/buscoequipomedico.com\/#\/schema\/logo\/image\/"}}]}},"_links":{"self":[{"href":"https:\/\/buscoequipomedico.com\/index.php?rest_route=\/wp\/v2\/product\/11533","targetHints":{"allow":["GET"]}}],"collection":[{"href":"https:\/\/buscoequipomedico.com\/index.php?rest_route=\/wp\/v2\/product"}],"about":[{"href":"https:\/\/buscoequipomedico.com\/index.php?rest_route=\/wp\/v2\/types\/product"}],"wp:featuredmedia":[{"embeddable":true,"href":"https:\/\/buscoequipomedico.com\/index.php?rest_route=\/wp\/v2\/media\/11534"}],"wp:attachment":[{"href":"https:\/\/buscoequipomedico.com\/index.php?rest_route=%2Fwp%2Fv2%2Fmedia&parent=11533"}],"wp:term":[{"taxonomy":"product_brand","embeddable":true,"href":"https:\/\/buscoequipomedico.com\/index.php?rest_route=%2Fwp%2Fv2%2Fproduct_brand&post=11533"},{"taxonomy":"product_cat","embeddable":true,"href":"https:\/\/buscoequipomedico.com\/index.php?rest_route=%2Fwp%2Fv2%2Fproduct_cat&post=11533"},{"taxonomy":"product_tag","embeddable":true,"href":"https:\/\/buscoequipomedico.com\/index.php?rest_route=%2Fwp%2Fv2%2Fproduct_tag&post=11533"}],"curies":[{"name":"wp","href":"https:\/\/api.w.org\/{rel}","templated":true}]}}