{"id":11541,"date":"2020-02-18T07:32:59","date_gmt":"2020-02-18T07:32:59","guid":{"rendered":"https:\/\/equipomedicomexico-com.preview-domain.com\/product\/carro-camilla-neumatico-e-hidraulico-radiotransparente\/"},"modified":"2020-02-18T07:33:08","modified_gmt":"2020-02-18T07:33:08","slug":"carro-camilla-neumatico-e-hidraulico-radiotransparente","status":"publish","type":"product","link":"https:\/\/buscoequipomedico.com\/?product=carro-camilla-neumatico-e-hidraulico-radiotransparente","title":{"rendered":"CARRO CAMILLA NEUMATICO E HIDRAULICO RADIOTRANSPARENTE"},"content":{"rendered":"<p><span>Camilla Hidr\u00e1ulica Neum\u00e1tica B\u00e1sica radiotransparente, ideal para transporte de pacientes adultos.<\/span><br \/><span>Sistema hidr\u00e1ulico de doble pedestal y pedales de ajuste de altura, localizados en ambos lados de la camilla.<\/span><br \/><span>Altura ajustable de plataforma de 60.8 cm a 92.3 cm.<\/span><br \/><span>Superficie del paciente radiotransparente.<\/span><br \/><span>Fowler: 85\u00b0 \u00b15\u00b0 neum\u00e1tica.<\/span><br \/><span>Trendelenburg: \u00b117\u00b0.<\/span><br \/><span>Barandales laterales abatibles.<\/span><br \/><span>Porta casette para Rayos X.<\/span><\/p>\n","protected":false},"excerpt":{"rendered":"<p><span>Camilla Hidr\u00e1ulica Neum\u00e1tica B\u00e1sica radiotransparente, ideal para transporte de pacientes adultos. Sistema hidr\u00e1ulico de doble pedestal y pedales de ajuste de altura, localizados en ambos lados de la camilla. Altura ajustable de plataforma de 60.8 c<\/span><\/p>\n","protected":false},"featured_media":11542,"template":"","meta":{"_joinchat":[]},"product_brand":[],"product_cat":[205],"product_tag":[],"class_list":{"0":"post-11541","1":"product","2":"type-product","3":"status-publish","4":"has-post-thumbnail","6":"product_cat-camillas","7":"pa_marca-bame","9":"first","10":"instock","11":"purchasable","12":"product-type-simple"},"yoast_head":"<!-- This site is optimized with the Yoast SEO plugin v25.1 - https:\/\/yoast.com\/wordpress\/plugins\/seo\/ -->\n<title>CARRO CAMILLA NEUMATICO E HIDRAULICO RADIOTRANSPARENTE - Tu mejor opci\u00f3n Equipo M\u00e9dico M\u00e9xico<\/title>\n<meta name=\"robots\" content=\"index, follow, max-snippet:-1, max-image-preview:large, max-video-preview:-1\" \/>\n<link rel=\"canonical\" href=\"https:\/\/buscoequipomedico.com\/?product=carro-camilla-neumatico-e-hidraulico-radiotransparente\" \/>\n<meta property=\"og:locale\" content=\"es_ES\" \/>\n<meta property=\"og:type\" content=\"article\" \/>\n<meta property=\"og:title\" content=\"CARRO CAMILLA NEUMATICO E HIDRAULICO RADIOTRANSPARENTE - Tu mejor opci\u00f3n Equipo M\u00e9dico M\u00e9xico\" \/>\n<meta property=\"og:description\" content=\"Camilla Hidr\u00e1ulica Neum\u00e1tica B\u00e1sica radiotransparente, ideal para transporte de pacientes adultos. Sistema hidr\u00e1ulico de doble pedestal y pedales de ajuste de altura, localizados en ambos lados de la camilla. Altura ajustable de plataforma de 60.8 c\" \/>\n<meta property=\"og:url\" content=\"https:\/\/buscoequipomedico.com\/?product=carro-camilla-neumatico-e-hidraulico-radiotransparente\" \/>\n<meta property=\"og:site_name\" content=\"Tu mejor opci\u00f3n Equipo M\u00e9dico M\u00e9xico\" \/>\n<meta property=\"article:modified_time\" content=\"2020-02-18T07:33:08+00:00\" \/>\n<meta property=\"og:image\" content=\"https:\/\/buscoequipomedico.com\/wp-content\/uploads\/2020\/02\/carro-camilla-neumatico-e-hidraulico-radiotransparente-camilla-hidraulica-neumatica-basica-radiotransparente-ideal-para-transpor.jpg\" \/>\n\t<meta property=\"og:image:width\" content=\"800\" \/>\n\t<meta property=\"og:image:height\" content=\"800\" \/>\n\t<meta property=\"og:image:type\" content=\"image\/png\" \/>\n<meta name=\"twitter:card\" content=\"summary_large_image\" \/>\n<script type=\"application\/ld+json\" class=\"yoast-schema-graph\">{\"@context\":\"https:\/\/schema.org\",\"@graph\":[{\"@type\":\"WebPage\",\"@id\":\"https:\/\/buscoequipomedico.com\/?product=carro-camilla-neumatico-e-hidraulico-radiotransparente\",\"url\":\"https:\/\/buscoequipomedico.com\/?product=carro-camilla-neumatico-e-hidraulico-radiotransparente\",\"name\":\"CARRO CAMILLA NEUMATICO E HIDRAULICO RADIOTRANSPARENTE - Tu mejor opci\u00f3n Equipo M\u00e9dico M\u00e9xico\",\"isPartOf\":{\"@id\":\"https:\/\/buscoequipomedico.com\/#website\"},\"primaryImageOfPage\":{\"@id\":\"https:\/\/buscoequipomedico.com\/?product=carro-camilla-neumatico-e-hidraulico-radiotransparente#primaryimage\"},\"image\":{\"@id\":\"https:\/\/buscoequipomedico.com\/?product=carro-camilla-neumatico-e-hidraulico-radiotransparente#primaryimage\"},\"thumbnailUrl\":\"https:\/\/buscoequipomedico.com\/wp-content\/uploads\/2020\/02\/carro-camilla-neumatico-e-hidraulico-radiotransparente-camilla-hidraulica-neumatica-basica-radiotransparente-ideal-para-transpor.jpg\",\"datePublished\":\"2020-02-18T07:32:59+00:00\",\"dateModified\":\"2020-02-18T07:33:08+00:00\",\"breadcrumb\":{\"@id\":\"https:\/\/buscoequipomedico.com\/?product=carro-camilla-neumatico-e-hidraulico-radiotransparente#breadcrumb\"},\"inLanguage\":\"es\",\"potentialAction\":[{\"@type\":\"ReadAction\",\"target\":[\"https:\/\/buscoequipomedico.com\/?product=carro-camilla-neumatico-e-hidraulico-radiotransparente\"]}]},{\"@type\":\"ImageObject\",\"inLanguage\":\"es\",\"@id\":\"https:\/\/buscoequipomedico.com\/?product=carro-camilla-neumatico-e-hidraulico-radiotransparente#primaryimage\",\"url\":\"https:\/\/buscoequipomedico.com\/wp-content\/uploads\/2020\/02\/carro-camilla-neumatico-e-hidraulico-radiotransparente-camilla-hidraulica-neumatica-basica-radiotransparente-ideal-para-transpor.jpg\",\"contentUrl\":\"https:\/\/buscoequipomedico.com\/wp-content\/uploads\/2020\/02\/carro-camilla-neumatico-e-hidraulico-radiotransparente-camilla-hidraulica-neumatica-basica-radiotransparente-ideal-para-transpor.jpg\",\"width\":800,\"height\":800},{\"@type\":\"BreadcrumbList\",\"@id\":\"https:\/\/buscoequipomedico.com\/?product=carro-camilla-neumatico-e-hidraulico-radiotransparente#breadcrumb\",\"itemListElement\":[{\"@type\":\"ListItem\",\"position\":1,\"name\":\"Productos\",\"item\":\"https:\/\/buscoequipomedico.com\/shop\/\"},{\"@type\":\"ListItem\",\"position\":2,\"name\":\"CARRO CAMILLA NEUMATICO E HIDRAULICO RADIOTRANSPARENTE\"}]},{\"@type\":\"WebSite\",\"@id\":\"https:\/\/buscoequipomedico.com\/#website\",\"url\":\"https:\/\/buscoequipomedico.com\/\",\"name\":\"Tu mejor opci\u00f3n Equipo M\u00e9dico M\u00e9xico\",\"description\":\"Tienda de equipo m\u00e9dico\",\"publisher\":{\"@id\":\"https:\/\/buscoequipomedico.com\/#organization\"},\"potentialAction\":[{\"@type\":\"SearchAction\",\"target\":{\"@type\":\"EntryPoint\",\"urlTemplate\":\"https:\/\/buscoequipomedico.com\/?s={search_term_string}\"},\"query-input\":{\"@type\":\"PropertyValueSpecification\",\"valueRequired\":true,\"valueName\":\"search_term_string\"}}],\"inLanguage\":\"es\"},{\"@type\":\"Organization\",\"@id\":\"https:\/\/buscoequipomedico.com\/#organization\",\"name\":\"Tu mejor opci\u00f3n Equipo M\u00e9dico M\u00e9xico\",\"url\":\"https:\/\/buscoequipomedico.com\/\",\"logo\":{\"@type\":\"ImageObject\",\"inLanguage\":\"es\",\"@id\":\"https:\/\/buscoequipomedico.com\/#\/schema\/logo\/image\/\",\"url\":\"https:\/\/buscoequipomedico.com\/wp-content\/uploads\/2021\/07\/EMM-VPrincipal-scaled.jpg\",\"contentUrl\":\"https:\/\/buscoequipomedico.com\/wp-content\/uploads\/2021\/07\/EMM-VPrincipal-scaled.jpg\",\"width\":2560,\"height\":1058,\"caption\":\"Tu mejor opci\u00f3n Equipo M\u00e9dico M\u00e9xico\"},\"image\":{\"@id\":\"https:\/\/buscoequipomedico.com\/#\/schema\/logo\/image\/\"}}]}<\/script>\n<!-- \/ Yoast SEO plugin. -->","yoast_head_json":{"title":"CARRO CAMILLA NEUMATICO E HIDRAULICO RADIOTRANSPARENTE - Tu mejor opci\u00f3n Equipo M\u00e9dico M\u00e9xico","robots":{"index":"index","follow":"follow","max-snippet":"max-snippet:-1","max-image-preview":"max-image-preview:large","max-video-preview":"max-video-preview:-1"},"canonical":"https:\/\/buscoequipomedico.com\/?product=carro-camilla-neumatico-e-hidraulico-radiotransparente","og_locale":"es_ES","og_type":"article","og_title":"CARRO CAMILLA NEUMATICO E HIDRAULICO RADIOTRANSPARENTE - Tu mejor opci\u00f3n Equipo M\u00e9dico M\u00e9xico","og_description":"Camilla Hidr\u00e1ulica Neum\u00e1tica B\u00e1sica radiotransparente, ideal para transporte de pacientes adultos. Sistema hidr\u00e1ulico de doble pedestal y pedales de ajuste de altura, localizados en ambos lados de la camilla. Altura ajustable de plataforma de 60.8 c","og_url":"https:\/\/buscoequipomedico.com\/?product=carro-camilla-neumatico-e-hidraulico-radiotransparente","og_site_name":"Tu mejor opci\u00f3n Equipo M\u00e9dico M\u00e9xico","article_modified_time":"2020-02-18T07:33:08+00:00","og_image":[{"width":800,"height":800,"url":"https:\/\/buscoequipomedico.com\/wp-content\/uploads\/2020\/02\/carro-camilla-neumatico-e-hidraulico-radiotransparente-camilla-hidraulica-neumatica-basica-radiotransparente-ideal-para-transpor.jpg","type":"image\/png"}],"twitter_card":"summary_large_image","schema":{"@context":"https:\/\/schema.org","@graph":[{"@type":"WebPage","@id":"https:\/\/buscoequipomedico.com\/?product=carro-camilla-neumatico-e-hidraulico-radiotransparente","url":"https:\/\/buscoequipomedico.com\/?product=carro-camilla-neumatico-e-hidraulico-radiotransparente","name":"CARRO CAMILLA NEUMATICO E HIDRAULICO RADIOTRANSPARENTE - Tu mejor opci\u00f3n Equipo M\u00e9dico M\u00e9xico","isPartOf":{"@id":"https:\/\/buscoequipomedico.com\/#website"},"primaryImageOfPage":{"@id":"https:\/\/buscoequipomedico.com\/?product=carro-camilla-neumatico-e-hidraulico-radiotransparente#primaryimage"},"image":{"@id":"https:\/\/buscoequipomedico.com\/?product=carro-camilla-neumatico-e-hidraulico-radiotransparente#primaryimage"},"thumbnailUrl":"https:\/\/buscoequipomedico.com\/wp-content\/uploads\/2020\/02\/carro-camilla-neumatico-e-hidraulico-radiotransparente-camilla-hidraulica-neumatica-basica-radiotransparente-ideal-para-transpor.jpg","datePublished":"2020-02-18T07:32:59+00:00","dateModified":"2020-02-18T07:33:08+00:00","breadcrumb":{"@id":"https:\/\/buscoequipomedico.com\/?product=carro-camilla-neumatico-e-hidraulico-radiotransparente#breadcrumb"},"inLanguage":"es","potentialAction":[{"@type":"ReadAction","target":["https:\/\/buscoequipomedico.com\/?product=carro-camilla-neumatico-e-hidraulico-radiotransparente"]}]},{"@type":"ImageObject","inLanguage":"es","@id":"https:\/\/buscoequipomedico.com\/?product=carro-camilla-neumatico-e-hidraulico-radiotransparente#primaryimage","url":"https:\/\/buscoequipomedico.com\/wp-content\/uploads\/2020\/02\/carro-camilla-neumatico-e-hidraulico-radiotransparente-camilla-hidraulica-neumatica-basica-radiotransparente-ideal-para-transpor.jpg","contentUrl":"https:\/\/buscoequipomedico.com\/wp-content\/uploads\/2020\/02\/carro-camilla-neumatico-e-hidraulico-radiotransparente-camilla-hidraulica-neumatica-basica-radiotransparente-ideal-para-transpor.jpg","width":800,"height":800},{"@type":"BreadcrumbList","@id":"https:\/\/buscoequipomedico.com\/?product=carro-camilla-neumatico-e-hidraulico-radiotransparente#breadcrumb","itemListElement":[{"@type":"ListItem","position":1,"name":"Productos","item":"https:\/\/buscoequipomedico.com\/shop\/"},{"@type":"ListItem","position":2,"name":"CARRO CAMILLA NEUMATICO E HIDRAULICO RADIOTRANSPARENTE"}]},{"@type":"WebSite","@id":"https:\/\/buscoequipomedico.com\/#website","url":"https:\/\/buscoequipomedico.com\/","name":"Tu mejor opci\u00f3n Equipo M\u00e9dico M\u00e9xico","description":"Tienda de equipo m\u00e9dico","publisher":{"@id":"https:\/\/buscoequipomedico.com\/#organization"},"potentialAction":[{"@type":"SearchAction","target":{"@type":"EntryPoint","urlTemplate":"https:\/\/buscoequipomedico.com\/?s={search_term_string}"},"query-input":{"@type":"PropertyValueSpecification","valueRequired":true,"valueName":"search_term_string"}}],"inLanguage":"es"},{"@type":"Organization","@id":"https:\/\/buscoequipomedico.com\/#organization","name":"Tu mejor opci\u00f3n Equipo M\u00e9dico M\u00e9xico","url":"https:\/\/buscoequipomedico.com\/","logo":{"@type":"ImageObject","inLanguage":"es","@id":"https:\/\/buscoequipomedico.com\/#\/schema\/logo\/image\/","url":"https:\/\/buscoequipomedico.com\/wp-content\/uploads\/2021\/07\/EMM-VPrincipal-scaled.jpg","contentUrl":"https:\/\/buscoequipomedico.com\/wp-content\/uploads\/2021\/07\/EMM-VPrincipal-scaled.jpg","width":2560,"height":1058,"caption":"Tu mejor opci\u00f3n Equipo M\u00e9dico M\u00e9xico"},"image":{"@id":"https:\/\/buscoequipomedico.com\/#\/schema\/logo\/image\/"}}]}},"_links":{"self":[{"href":"https:\/\/buscoequipomedico.com\/index.php?rest_route=\/wp\/v2\/product\/11541","targetHints":{"allow":["GET"]}}],"collection":[{"href":"https:\/\/buscoequipomedico.com\/index.php?rest_route=\/wp\/v2\/product"}],"about":[{"href":"https:\/\/buscoequipomedico.com\/index.php?rest_route=\/wp\/v2\/types\/product"}],"wp:featuredmedia":[{"embeddable":true,"href":"https:\/\/buscoequipomedico.com\/index.php?rest_route=\/wp\/v2\/media\/11542"}],"wp:attachment":[{"href":"https:\/\/buscoequipomedico.com\/index.php?rest_route=%2Fwp%2Fv2%2Fmedia&parent=11541"}],"wp:term":[{"taxonomy":"product_brand","embeddable":true,"href":"https:\/\/buscoequipomedico.com\/index.php?rest_route=%2Fwp%2Fv2%2Fproduct_brand&post=11541"},{"taxonomy":"product_cat","embeddable":true,"href":"https:\/\/buscoequipomedico.com\/index.php?rest_route=%2Fwp%2Fv2%2Fproduct_cat&post=11541"},{"taxonomy":"product_tag","embeddable":true,"href":"https:\/\/buscoequipomedico.com\/index.php?rest_route=%2Fwp%2Fv2%2Fproduct_tag&post=11541"}],"curies":[{"name":"wp","href":"https:\/\/api.w.org\/{rel}","templated":true}]}}