{"id":11553,"date":"2020-02-18T07:33:09","date_gmt":"2020-02-18T07:33:09","guid":{"rendered":"https:\/\/equipomedicomexico-com.preview-domain.com\/product\/carro-de-emergencia-carro-rojo-2\/"},"modified":"2020-02-18T07:33:10","modified_gmt":"2020-02-18T07:33:10","slug":"carro-de-emergencia-carro-rojo-2","status":"publish","type":"product","link":"https:\/\/buscoequipomedico.com\/?product=carro-de-emergencia-carro-rojo-2","title":{"rendered":"Carro de Emergencia &#8211; Carro Rojo"},"content":{"rendered":"<p>4) poste de Infusi\u00f3n, contenedor de punzo cortantes, cesta para polvo;<\/p>\n<p>5) Soporte del tanque del ox\u00edgeno, tabla de CPR, enchufe de energ\u00eda y ganchos,<\/p>\n<p>6) columnas de pl\u00e1stico-acero;<\/p>\n<p>7) Cuatro ruedas silenciosas de lujo (dos con los frenos).<\/p>\n<p>Tama\u00f1o: 750 * 475 * 920mm<\/p>\n","protected":false},"excerpt":{"rendered":"<p>1) Placa superior de pl\u00e1stico ABS con la manija del arco y dise\u00f1o de borde elevado, Riel de protector del acero inoxidable;<\/p>\n<p>2) Cerradura centralizada para cajones, 2 peque\u00f1os, 2 medios y 1 cajones grandes (con divisores internos para organizar libre y f\u00e1cilmente), tarjetas de la etiqueta para los cajones;<\/p>\n<p>3) Base para desfibrilador, estante lateral deslizante, Caja de almacenaje;<\/p>\n","protected":false},"featured_media":11552,"template":"","meta":{"_joinchat":[]},"product_brand":[],"product_cat":[208],"product_tag":[],"class_list":{"0":"post-11553","1":"product","2":"type-product","3":"status-publish","4":"has-post-thumbnail","6":"product_cat-carros","7":"pa_marca-slim-royal","9":"first","10":"instock","11":"purchasable","12":"product-type-simple"},"yoast_head":"<!-- This site is optimized with the Yoast SEO plugin v25.1 - https:\/\/yoast.com\/wordpress\/plugins\/seo\/ -->\n<title>Carro de Emergencia - Carro Rojo - Tu mejor opci\u00f3n Equipo M\u00e9dico M\u00e9xico<\/title>\n<meta name=\"robots\" content=\"index, follow, max-snippet:-1, max-image-preview:large, max-video-preview:-1\" \/>\n<link rel=\"canonical\" href=\"https:\/\/buscoequipomedico.com\/?product=carro-de-emergencia-carro-rojo-2\" \/>\n<meta property=\"og:locale\" content=\"es_ES\" \/>\n<meta property=\"og:type\" content=\"article\" \/>\n<meta property=\"og:title\" content=\"Carro de Emergencia - Carro Rojo - Tu mejor opci\u00f3n Equipo M\u00e9dico M\u00e9xico\" \/>\n<meta property=\"og:description\" content=\"1) Placa superior de pl\u00e1stico ABS con la manija del arco y dise\u00f1o de borde elevado, Riel de protector del acero inoxidable; 2) Cerradura centralizada para cajones, 2 peque\u00f1os, 2 medios y 1 cajones grandes (con divisores internos para organizar libre y f\u00e1cilmente), tarjetas de la etiqueta para los cajones; 3) Base para desfibrilador, estante lateral deslizante, Caja de almacenaje;\" \/>\n<meta property=\"og:url\" content=\"https:\/\/buscoequipomedico.com\/?product=carro-de-emergencia-carro-rojo-2\" \/>\n<meta property=\"og:site_name\" content=\"Tu mejor opci\u00f3n Equipo M\u00e9dico M\u00e9xico\" \/>\n<meta property=\"article:modified_time\" content=\"2020-02-18T07:33:10+00:00\" \/>\n<meta property=\"og:image\" content=\"https:\/\/buscoequipomedico.com\/wp-content\/uploads\/2020\/02\/carro-de-emergencia-carro-rojo-1-placa-superior-de-plastico-abs-con-la-manija-del-arco-y-diseno-de-borde-elevado-riel-de-protect.jpg\" \/>\n\t<meta property=\"og:image:width\" content=\"800\" \/>\n\t<meta property=\"og:image:height\" content=\"800\" \/>\n\t<meta property=\"og:image:type\" content=\"image\/png\" \/>\n<meta name=\"twitter:card\" content=\"summary_large_image\" \/>\n<script type=\"application\/ld+json\" class=\"yoast-schema-graph\">{\"@context\":\"https:\/\/schema.org\",\"@graph\":[{\"@type\":\"WebPage\",\"@id\":\"https:\/\/buscoequipomedico.com\/?product=carro-de-emergencia-carro-rojo-2\",\"url\":\"https:\/\/buscoequipomedico.com\/?product=carro-de-emergencia-carro-rojo-2\",\"name\":\"Carro de Emergencia - Carro Rojo - Tu mejor opci\u00f3n Equipo M\u00e9dico M\u00e9xico\",\"isPartOf\":{\"@id\":\"https:\/\/buscoequipomedico.com\/#website\"},\"primaryImageOfPage\":{\"@id\":\"https:\/\/buscoequipomedico.com\/?product=carro-de-emergencia-carro-rojo-2#primaryimage\"},\"image\":{\"@id\":\"https:\/\/buscoequipomedico.com\/?product=carro-de-emergencia-carro-rojo-2#primaryimage\"},\"thumbnailUrl\":\"https:\/\/buscoequipomedico.com\/wp-content\/uploads\/2020\/02\/carro-de-emergencia-carro-rojo-1-placa-superior-de-plastico-abs-con-la-manija-del-arco-y-diseno-de-borde-elevado-riel-de-protect.jpg\",\"datePublished\":\"2020-02-18T07:33:09+00:00\",\"dateModified\":\"2020-02-18T07:33:10+00:00\",\"breadcrumb\":{\"@id\":\"https:\/\/buscoequipomedico.com\/?product=carro-de-emergencia-carro-rojo-2#breadcrumb\"},\"inLanguage\":\"es\",\"potentialAction\":[{\"@type\":\"ReadAction\",\"target\":[\"https:\/\/buscoequipomedico.com\/?product=carro-de-emergencia-carro-rojo-2\"]}]},{\"@type\":\"ImageObject\",\"inLanguage\":\"es\",\"@id\":\"https:\/\/buscoequipomedico.com\/?product=carro-de-emergencia-carro-rojo-2#primaryimage\",\"url\":\"https:\/\/buscoequipomedico.com\/wp-content\/uploads\/2020\/02\/carro-de-emergencia-carro-rojo-1-placa-superior-de-plastico-abs-con-la-manija-del-arco-y-diseno-de-borde-elevado-riel-de-protect.jpg\",\"contentUrl\":\"https:\/\/buscoequipomedico.com\/wp-content\/uploads\/2020\/02\/carro-de-emergencia-carro-rojo-1-placa-superior-de-plastico-abs-con-la-manija-del-arco-y-diseno-de-borde-elevado-riel-de-protect.jpg\",\"width\":800,\"height\":800},{\"@type\":\"BreadcrumbList\",\"@id\":\"https:\/\/buscoequipomedico.com\/?product=carro-de-emergencia-carro-rojo-2#breadcrumb\",\"itemListElement\":[{\"@type\":\"ListItem\",\"position\":1,\"name\":\"Productos\",\"item\":\"https:\/\/buscoequipomedico.com\/shop\/\"},{\"@type\":\"ListItem\",\"position\":2,\"name\":\"Carro de Emergencia &#8211; Carro Rojo\"}]},{\"@type\":\"WebSite\",\"@id\":\"https:\/\/buscoequipomedico.com\/#website\",\"url\":\"https:\/\/buscoequipomedico.com\/\",\"name\":\"Tu mejor opci\u00f3n Equipo M\u00e9dico M\u00e9xico\",\"description\":\"Tienda de equipo m\u00e9dico\",\"publisher\":{\"@id\":\"https:\/\/buscoequipomedico.com\/#organization\"},\"potentialAction\":[{\"@type\":\"SearchAction\",\"target\":{\"@type\":\"EntryPoint\",\"urlTemplate\":\"https:\/\/buscoequipomedico.com\/?s={search_term_string}\"},\"query-input\":{\"@type\":\"PropertyValueSpecification\",\"valueRequired\":true,\"valueName\":\"search_term_string\"}}],\"inLanguage\":\"es\"},{\"@type\":\"Organization\",\"@id\":\"https:\/\/buscoequipomedico.com\/#organization\",\"name\":\"Tu mejor opci\u00f3n Equipo M\u00e9dico M\u00e9xico\",\"url\":\"https:\/\/buscoequipomedico.com\/\",\"logo\":{\"@type\":\"ImageObject\",\"inLanguage\":\"es\",\"@id\":\"https:\/\/buscoequipomedico.com\/#\/schema\/logo\/image\/\",\"url\":\"https:\/\/buscoequipomedico.com\/wp-content\/uploads\/2021\/07\/EMM-VPrincipal-scaled.jpg\",\"contentUrl\":\"https:\/\/buscoequipomedico.com\/wp-content\/uploads\/2021\/07\/EMM-VPrincipal-scaled.jpg\",\"width\":2560,\"height\":1058,\"caption\":\"Tu mejor opci\u00f3n Equipo M\u00e9dico M\u00e9xico\"},\"image\":{\"@id\":\"https:\/\/buscoequipomedico.com\/#\/schema\/logo\/image\/\"}}]}<\/script>\n<!-- \/ Yoast SEO plugin. -->","yoast_head_json":{"title":"Carro de Emergencia - Carro Rojo - Tu mejor opci\u00f3n Equipo M\u00e9dico M\u00e9xico","robots":{"index":"index","follow":"follow","max-snippet":"max-snippet:-1","max-image-preview":"max-image-preview:large","max-video-preview":"max-video-preview:-1"},"canonical":"https:\/\/buscoequipomedico.com\/?product=carro-de-emergencia-carro-rojo-2","og_locale":"es_ES","og_type":"article","og_title":"Carro de Emergencia - Carro Rojo - Tu mejor opci\u00f3n Equipo M\u00e9dico M\u00e9xico","og_description":"1) Placa superior de pl\u00e1stico ABS con la manija del arco y dise\u00f1o de borde elevado, Riel de protector del acero inoxidable; 2) Cerradura centralizada para cajones, 2 peque\u00f1os, 2 medios y 1 cajones grandes (con divisores internos para organizar libre y f\u00e1cilmente), tarjetas de la etiqueta para los cajones; 3) Base para desfibrilador, estante lateral deslizante, Caja de almacenaje;","og_url":"https:\/\/buscoequipomedico.com\/?product=carro-de-emergencia-carro-rojo-2","og_site_name":"Tu mejor opci\u00f3n Equipo M\u00e9dico M\u00e9xico","article_modified_time":"2020-02-18T07:33:10+00:00","og_image":[{"width":800,"height":800,"url":"https:\/\/buscoequipomedico.com\/wp-content\/uploads\/2020\/02\/carro-de-emergencia-carro-rojo-1-placa-superior-de-plastico-abs-con-la-manija-del-arco-y-diseno-de-borde-elevado-riel-de-protect.jpg","type":"image\/png"}],"twitter_card":"summary_large_image","schema":{"@context":"https:\/\/schema.org","@graph":[{"@type":"WebPage","@id":"https:\/\/buscoequipomedico.com\/?product=carro-de-emergencia-carro-rojo-2","url":"https:\/\/buscoequipomedico.com\/?product=carro-de-emergencia-carro-rojo-2","name":"Carro de Emergencia - Carro Rojo - Tu mejor opci\u00f3n Equipo M\u00e9dico M\u00e9xico","isPartOf":{"@id":"https:\/\/buscoequipomedico.com\/#website"},"primaryImageOfPage":{"@id":"https:\/\/buscoequipomedico.com\/?product=carro-de-emergencia-carro-rojo-2#primaryimage"},"image":{"@id":"https:\/\/buscoequipomedico.com\/?product=carro-de-emergencia-carro-rojo-2#primaryimage"},"thumbnailUrl":"https:\/\/buscoequipomedico.com\/wp-content\/uploads\/2020\/02\/carro-de-emergencia-carro-rojo-1-placa-superior-de-plastico-abs-con-la-manija-del-arco-y-diseno-de-borde-elevado-riel-de-protect.jpg","datePublished":"2020-02-18T07:33:09+00:00","dateModified":"2020-02-18T07:33:10+00:00","breadcrumb":{"@id":"https:\/\/buscoequipomedico.com\/?product=carro-de-emergencia-carro-rojo-2#breadcrumb"},"inLanguage":"es","potentialAction":[{"@type":"ReadAction","target":["https:\/\/buscoequipomedico.com\/?product=carro-de-emergencia-carro-rojo-2"]}]},{"@type":"ImageObject","inLanguage":"es","@id":"https:\/\/buscoequipomedico.com\/?product=carro-de-emergencia-carro-rojo-2#primaryimage","url":"https:\/\/buscoequipomedico.com\/wp-content\/uploads\/2020\/02\/carro-de-emergencia-carro-rojo-1-placa-superior-de-plastico-abs-con-la-manija-del-arco-y-diseno-de-borde-elevado-riel-de-protect.jpg","contentUrl":"https:\/\/buscoequipomedico.com\/wp-content\/uploads\/2020\/02\/carro-de-emergencia-carro-rojo-1-placa-superior-de-plastico-abs-con-la-manija-del-arco-y-diseno-de-borde-elevado-riel-de-protect.jpg","width":800,"height":800},{"@type":"BreadcrumbList","@id":"https:\/\/buscoequipomedico.com\/?product=carro-de-emergencia-carro-rojo-2#breadcrumb","itemListElement":[{"@type":"ListItem","position":1,"name":"Productos","item":"https:\/\/buscoequipomedico.com\/shop\/"},{"@type":"ListItem","position":2,"name":"Carro de Emergencia &#8211; Carro Rojo"}]},{"@type":"WebSite","@id":"https:\/\/buscoequipomedico.com\/#website","url":"https:\/\/buscoequipomedico.com\/","name":"Tu mejor opci\u00f3n Equipo M\u00e9dico M\u00e9xico","description":"Tienda de equipo m\u00e9dico","publisher":{"@id":"https:\/\/buscoequipomedico.com\/#organization"},"potentialAction":[{"@type":"SearchAction","target":{"@type":"EntryPoint","urlTemplate":"https:\/\/buscoequipomedico.com\/?s={search_term_string}"},"query-input":{"@type":"PropertyValueSpecification","valueRequired":true,"valueName":"search_term_string"}}],"inLanguage":"es"},{"@type":"Organization","@id":"https:\/\/buscoequipomedico.com\/#organization","name":"Tu mejor opci\u00f3n Equipo M\u00e9dico M\u00e9xico","url":"https:\/\/buscoequipomedico.com\/","logo":{"@type":"ImageObject","inLanguage":"es","@id":"https:\/\/buscoequipomedico.com\/#\/schema\/logo\/image\/","url":"https:\/\/buscoequipomedico.com\/wp-content\/uploads\/2021\/07\/EMM-VPrincipal-scaled.jpg","contentUrl":"https:\/\/buscoequipomedico.com\/wp-content\/uploads\/2021\/07\/EMM-VPrincipal-scaled.jpg","width":2560,"height":1058,"caption":"Tu mejor opci\u00f3n Equipo M\u00e9dico M\u00e9xico"},"image":{"@id":"https:\/\/buscoequipomedico.com\/#\/schema\/logo\/image\/"}}]}},"_links":{"self":[{"href":"https:\/\/buscoequipomedico.com\/index.php?rest_route=\/wp\/v2\/product\/11553","targetHints":{"allow":["GET"]}}],"collection":[{"href":"https:\/\/buscoequipomedico.com\/index.php?rest_route=\/wp\/v2\/product"}],"about":[{"href":"https:\/\/buscoequipomedico.com\/index.php?rest_route=\/wp\/v2\/types\/product"}],"wp:featuredmedia":[{"embeddable":true,"href":"https:\/\/buscoequipomedico.com\/index.php?rest_route=\/wp\/v2\/media\/11552"}],"wp:attachment":[{"href":"https:\/\/buscoequipomedico.com\/index.php?rest_route=%2Fwp%2Fv2%2Fmedia&parent=11553"}],"wp:term":[{"taxonomy":"product_brand","embeddable":true,"href":"https:\/\/buscoequipomedico.com\/index.php?rest_route=%2Fwp%2Fv2%2Fproduct_brand&post=11553"},{"taxonomy":"product_cat","embeddable":true,"href":"https:\/\/buscoequipomedico.com\/index.php?rest_route=%2Fwp%2Fv2%2Fproduct_cat&post=11553"},{"taxonomy":"product_tag","embeddable":true,"href":"https:\/\/buscoequipomedico.com\/index.php?rest_route=%2Fwp%2Fv2%2Fproduct_tag&post=11553"}],"curies":[{"name":"wp","href":"https:\/\/api.w.org\/{rel}","templated":true}]}}