{"id":11558,"date":"2020-02-18T07:33:09","date_gmt":"2020-02-18T07:33:09","guid":{"rendered":"https:\/\/equipomedicomexico-com.preview-domain.com\/product\/coloscopio-binocular-con-brazo-pantografico-con-base-ligera\/"},"modified":"2020-02-18T07:33:11","modified_gmt":"2020-02-18T07:33:11","slug":"coloscopio-binocular-con-brazo-pantografico-con-base-ligera","status":"publish","type":"product","link":"https:\/\/buscoequipomedico.com\/?product=coloscopio-binocular-con-brazo-pantografico-con-base-ligera","title":{"rendered":"COLOSCOPIO BINOCULAR CON BRAZO PANTOGR\u00c1FICO CON BASE LIGERA"},"content":{"rendered":"<p>\u2022 MAS LUZ QUE EL HALOGENO: 20% MAS ILUMINACION<\/p>\n<p>\u2022 LUZ MAS BLANCA, HALOGENO MAS AMARILLA<\/p>\n<p>\u2022 NO SE CALIENTA COMO EL HALOGENO, MENOS MANTENIMIENTO<\/p>\n<p>\u2022 INCLUIDO DIVISOR DE IM\u00c1GENES; PARA ADAPTADOR DE VIDEOCAMARA<\/p>\n<p>\u2022 5 AUMENTOS 6\/10\/16\/25\/40 X<\/p>\n<p>\u2022 OBJETIVO f:300 INCLUIDO , OPCIONALES: \/200\/250\/400mm (Modelo b\u00e1sico incluido: \u00d851mm)<\/p>\n<p>\u2022 BINOCULARES \/ micro enfoque INCLUIDO: RECTO\/MANUAL<\/p>\n<p>\u2022 OCULARES DE VISI\u00d3N 10X GRAN ANGULAR 25 mm, AJUSTE DE DIOPTRIAS \u00b120 d<\/p>\n<p>\u2022 CAMPO DE VISION: \u00d8 13~80mm (f200) \/ \u00d8 16~100mm (f250) \/ \u00d8 20~125mm (f300) \/<\/p>\n<p>\u00d8 25~156mm (f400),<\/p>\n<p>\u2022 DISTANCIA INTERPUPILAR 50 ~ 80 mm; FILTRO VERDE INCLUIDO (AZUL OPCIONAL)<\/p>\n<p>\u2022 BASE: FORMA DE \u201cESTRELLA\u201d \u00d8 60 cm, ALTURA PISO-OBJETIVO: 1050\/1215 mm<\/p>\n<p>\u2022 ROTACION:360\u00b0, PESO TOTAL: 13.5 Kg<\/p>\n<p>\u2022 OPTICA ALEMANA<\/p>\n","protected":false},"excerpt":{"rendered":"<p><span><span>Colposc\u00f3pio binocular con brazo pantogr\u00e1fico LED Mod. CI-100F<\/span><\/span><\/p>\n<p>La serie de colposcopios C-100 ha sido dise\u00f1ada para cubrir todas las necesidades diagn\u00f3sticas y terap\u00e9uticas de la ginecolog\u00eda moderna. Todos los modelos pueden ser transformados en videocolposcopios con el agregado de nuestra c\u00e1mara de v\u00eddeo de alta resoluci\u00f3n y el manejo digital de los pacientes y archivo de im\u00e1genes se consigue gracias al software Endodigi que puede ser f\u00e1cilmente adaptado a su PC port\u00e1til o de escritorio.<\/p>\n","protected":false},"featured_media":11559,"template":"","meta":{"_joinchat":[]},"product_brand":[],"product_cat":[210],"product_tag":[],"class_list":{"0":"post-11558","1":"product","2":"type-product","3":"status-publish","4":"has-post-thumbnail","6":"product_cat-colposcopios","7":"pa_marca-ecleris","9":"first","10":"instock","11":"purchasable","12":"product-type-simple"},"yoast_head":"<!-- This site is optimized with the Yoast SEO plugin v25.1 - https:\/\/yoast.com\/wordpress\/plugins\/seo\/ -->\n<title>COLOSCOPIO BINOCULAR CON BRAZO PANTOGR\u00c1FICO CON BASE LIGERA - Tu mejor opci\u00f3n Equipo M\u00e9dico M\u00e9xico<\/title>\n<meta name=\"robots\" content=\"index, follow, max-snippet:-1, max-image-preview:large, max-video-preview:-1\" \/>\n<link rel=\"canonical\" href=\"https:\/\/buscoequipomedico.com\/?product=coloscopio-binocular-con-brazo-pantografico-con-base-ligera\" \/>\n<meta property=\"og:locale\" content=\"es_ES\" \/>\n<meta property=\"og:type\" content=\"article\" \/>\n<meta property=\"og:title\" content=\"COLOSCOPIO BINOCULAR CON BRAZO PANTOGR\u00c1FICO CON BASE LIGERA - Tu mejor opci\u00f3n Equipo M\u00e9dico M\u00e9xico\" \/>\n<meta property=\"og:description\" content=\"Colposc\u00f3pio binocular con brazo pantogr\u00e1fico LED Mod. CI-100F La serie de colposcopios C-100 ha sido dise\u00f1ada para cubrir todas las necesidades diagn\u00f3sticas y terap\u00e9uticas de la ginecolog\u00eda moderna. Todos los modelos pueden ser transformados en videocolposcopios con el agregado de nuestra c\u00e1mara de v\u00eddeo de alta resoluci\u00f3n y el manejo digital de los pacientes y archivo de im\u00e1genes se consigue gracias al software Endodigi que puede ser f\u00e1cilmente adaptado a su PC port\u00e1til o de escritorio.\" \/>\n<meta property=\"og:url\" content=\"https:\/\/buscoequipomedico.com\/?product=coloscopio-binocular-con-brazo-pantografico-con-base-ligera\" \/>\n<meta property=\"og:site_name\" content=\"Tu mejor opci\u00f3n Equipo M\u00e9dico M\u00e9xico\" \/>\n<meta property=\"article:modified_time\" content=\"2020-02-18T07:33:11+00:00\" \/>\n<meta property=\"og:image\" content=\"https:\/\/buscoequipomedico.com\/wp-content\/uploads\/2020\/02\/coloscopio-binocular-con-brazo-pantografico-con-base-ligera-colposcopio-binocular-con-brazo-pantografico-led-mod-ci-100f-la-seri.jpg\" \/>\n\t<meta property=\"og:image:width\" content=\"800\" \/>\n\t<meta property=\"og:image:height\" content=\"800\" \/>\n\t<meta property=\"og:image:type\" content=\"image\/png\" \/>\n<meta name=\"twitter:card\" content=\"summary_large_image\" \/>\n<script type=\"application\/ld+json\" class=\"yoast-schema-graph\">{\"@context\":\"https:\/\/schema.org\",\"@graph\":[{\"@type\":\"WebPage\",\"@id\":\"https:\/\/buscoequipomedico.com\/?product=coloscopio-binocular-con-brazo-pantografico-con-base-ligera\",\"url\":\"https:\/\/buscoequipomedico.com\/?product=coloscopio-binocular-con-brazo-pantografico-con-base-ligera\",\"name\":\"COLOSCOPIO BINOCULAR CON BRAZO PANTOGR\u00c1FICO CON BASE LIGERA - Tu mejor opci\u00f3n Equipo M\u00e9dico M\u00e9xico\",\"isPartOf\":{\"@id\":\"https:\/\/buscoequipomedico.com\/#website\"},\"primaryImageOfPage\":{\"@id\":\"https:\/\/buscoequipomedico.com\/?product=coloscopio-binocular-con-brazo-pantografico-con-base-ligera#primaryimage\"},\"image\":{\"@id\":\"https:\/\/buscoequipomedico.com\/?product=coloscopio-binocular-con-brazo-pantografico-con-base-ligera#primaryimage\"},\"thumbnailUrl\":\"https:\/\/buscoequipomedico.com\/wp-content\/uploads\/2020\/02\/coloscopio-binocular-con-brazo-pantografico-con-base-ligera-colposcopio-binocular-con-brazo-pantografico-led-mod-ci-100f-la-seri.jpg\",\"datePublished\":\"2020-02-18T07:33:09+00:00\",\"dateModified\":\"2020-02-18T07:33:11+00:00\",\"breadcrumb\":{\"@id\":\"https:\/\/buscoequipomedico.com\/?product=coloscopio-binocular-con-brazo-pantografico-con-base-ligera#breadcrumb\"},\"inLanguage\":\"es\",\"potentialAction\":[{\"@type\":\"ReadAction\",\"target\":[\"https:\/\/buscoequipomedico.com\/?product=coloscopio-binocular-con-brazo-pantografico-con-base-ligera\"]}]},{\"@type\":\"ImageObject\",\"inLanguage\":\"es\",\"@id\":\"https:\/\/buscoequipomedico.com\/?product=coloscopio-binocular-con-brazo-pantografico-con-base-ligera#primaryimage\",\"url\":\"https:\/\/buscoequipomedico.com\/wp-content\/uploads\/2020\/02\/coloscopio-binocular-con-brazo-pantografico-con-base-ligera-colposcopio-binocular-con-brazo-pantografico-led-mod-ci-100f-la-seri.jpg\",\"contentUrl\":\"https:\/\/buscoequipomedico.com\/wp-content\/uploads\/2020\/02\/coloscopio-binocular-con-brazo-pantografico-con-base-ligera-colposcopio-binocular-con-brazo-pantografico-led-mod-ci-100f-la-seri.jpg\",\"width\":800,\"height\":800},{\"@type\":\"BreadcrumbList\",\"@id\":\"https:\/\/buscoequipomedico.com\/?product=coloscopio-binocular-con-brazo-pantografico-con-base-ligera#breadcrumb\",\"itemListElement\":[{\"@type\":\"ListItem\",\"position\":1,\"name\":\"Productos\",\"item\":\"https:\/\/buscoequipomedico.com\/shop\/\"},{\"@type\":\"ListItem\",\"position\":2,\"name\":\"COLOSCOPIO BINOCULAR CON BRAZO PANTOGR\u00c1FICO CON BASE LIGERA\"}]},{\"@type\":\"WebSite\",\"@id\":\"https:\/\/buscoequipomedico.com\/#website\",\"url\":\"https:\/\/buscoequipomedico.com\/\",\"name\":\"Tu mejor opci\u00f3n Equipo M\u00e9dico M\u00e9xico\",\"description\":\"Tienda de equipo m\u00e9dico\",\"publisher\":{\"@id\":\"https:\/\/buscoequipomedico.com\/#organization\"},\"potentialAction\":[{\"@type\":\"SearchAction\",\"target\":{\"@type\":\"EntryPoint\",\"urlTemplate\":\"https:\/\/buscoequipomedico.com\/?s={search_term_string}\"},\"query-input\":{\"@type\":\"PropertyValueSpecification\",\"valueRequired\":true,\"valueName\":\"search_term_string\"}}],\"inLanguage\":\"es\"},{\"@type\":\"Organization\",\"@id\":\"https:\/\/buscoequipomedico.com\/#organization\",\"name\":\"Tu mejor opci\u00f3n Equipo M\u00e9dico M\u00e9xico\",\"url\":\"https:\/\/buscoequipomedico.com\/\",\"logo\":{\"@type\":\"ImageObject\",\"inLanguage\":\"es\",\"@id\":\"https:\/\/buscoequipomedico.com\/#\/schema\/logo\/image\/\",\"url\":\"https:\/\/buscoequipomedico.com\/wp-content\/uploads\/2021\/07\/EMM-VPrincipal-scaled.jpg\",\"contentUrl\":\"https:\/\/buscoequipomedico.com\/wp-content\/uploads\/2021\/07\/EMM-VPrincipal-scaled.jpg\",\"width\":2560,\"height\":1058,\"caption\":\"Tu mejor opci\u00f3n Equipo M\u00e9dico M\u00e9xico\"},\"image\":{\"@id\":\"https:\/\/buscoequipomedico.com\/#\/schema\/logo\/image\/\"}}]}<\/script>\n<!-- \/ Yoast SEO plugin. -->","yoast_head_json":{"title":"COLOSCOPIO BINOCULAR CON BRAZO PANTOGR\u00c1FICO CON BASE LIGERA - Tu mejor opci\u00f3n Equipo M\u00e9dico M\u00e9xico","robots":{"index":"index","follow":"follow","max-snippet":"max-snippet:-1","max-image-preview":"max-image-preview:large","max-video-preview":"max-video-preview:-1"},"canonical":"https:\/\/buscoequipomedico.com\/?product=coloscopio-binocular-con-brazo-pantografico-con-base-ligera","og_locale":"es_ES","og_type":"article","og_title":"COLOSCOPIO BINOCULAR CON BRAZO PANTOGR\u00c1FICO CON BASE LIGERA - Tu mejor opci\u00f3n Equipo M\u00e9dico M\u00e9xico","og_description":"Colposc\u00f3pio binocular con brazo pantogr\u00e1fico LED Mod. CI-100F La serie de colposcopios C-100 ha sido dise\u00f1ada para cubrir todas las necesidades diagn\u00f3sticas y terap\u00e9uticas de la ginecolog\u00eda moderna. Todos los modelos pueden ser transformados en videocolposcopios con el agregado de nuestra c\u00e1mara de v\u00eddeo de alta resoluci\u00f3n y el manejo digital de los pacientes y archivo de im\u00e1genes se consigue gracias al software Endodigi que puede ser f\u00e1cilmente adaptado a su PC port\u00e1til o de escritorio.","og_url":"https:\/\/buscoequipomedico.com\/?product=coloscopio-binocular-con-brazo-pantografico-con-base-ligera","og_site_name":"Tu mejor opci\u00f3n Equipo M\u00e9dico M\u00e9xico","article_modified_time":"2020-02-18T07:33:11+00:00","og_image":[{"width":800,"height":800,"url":"https:\/\/buscoequipomedico.com\/wp-content\/uploads\/2020\/02\/coloscopio-binocular-con-brazo-pantografico-con-base-ligera-colposcopio-binocular-con-brazo-pantografico-led-mod-ci-100f-la-seri.jpg","type":"image\/png"}],"twitter_card":"summary_large_image","schema":{"@context":"https:\/\/schema.org","@graph":[{"@type":"WebPage","@id":"https:\/\/buscoequipomedico.com\/?product=coloscopio-binocular-con-brazo-pantografico-con-base-ligera","url":"https:\/\/buscoequipomedico.com\/?product=coloscopio-binocular-con-brazo-pantografico-con-base-ligera","name":"COLOSCOPIO BINOCULAR CON BRAZO PANTOGR\u00c1FICO CON BASE LIGERA - Tu mejor opci\u00f3n Equipo M\u00e9dico M\u00e9xico","isPartOf":{"@id":"https:\/\/buscoequipomedico.com\/#website"},"primaryImageOfPage":{"@id":"https:\/\/buscoequipomedico.com\/?product=coloscopio-binocular-con-brazo-pantografico-con-base-ligera#primaryimage"},"image":{"@id":"https:\/\/buscoequipomedico.com\/?product=coloscopio-binocular-con-brazo-pantografico-con-base-ligera#primaryimage"},"thumbnailUrl":"https:\/\/buscoequipomedico.com\/wp-content\/uploads\/2020\/02\/coloscopio-binocular-con-brazo-pantografico-con-base-ligera-colposcopio-binocular-con-brazo-pantografico-led-mod-ci-100f-la-seri.jpg","datePublished":"2020-02-18T07:33:09+00:00","dateModified":"2020-02-18T07:33:11+00:00","breadcrumb":{"@id":"https:\/\/buscoequipomedico.com\/?product=coloscopio-binocular-con-brazo-pantografico-con-base-ligera#breadcrumb"},"inLanguage":"es","potentialAction":[{"@type":"ReadAction","target":["https:\/\/buscoequipomedico.com\/?product=coloscopio-binocular-con-brazo-pantografico-con-base-ligera"]}]},{"@type":"ImageObject","inLanguage":"es","@id":"https:\/\/buscoequipomedico.com\/?product=coloscopio-binocular-con-brazo-pantografico-con-base-ligera#primaryimage","url":"https:\/\/buscoequipomedico.com\/wp-content\/uploads\/2020\/02\/coloscopio-binocular-con-brazo-pantografico-con-base-ligera-colposcopio-binocular-con-brazo-pantografico-led-mod-ci-100f-la-seri.jpg","contentUrl":"https:\/\/buscoequipomedico.com\/wp-content\/uploads\/2020\/02\/coloscopio-binocular-con-brazo-pantografico-con-base-ligera-colposcopio-binocular-con-brazo-pantografico-led-mod-ci-100f-la-seri.jpg","width":800,"height":800},{"@type":"BreadcrumbList","@id":"https:\/\/buscoequipomedico.com\/?product=coloscopio-binocular-con-brazo-pantografico-con-base-ligera#breadcrumb","itemListElement":[{"@type":"ListItem","position":1,"name":"Productos","item":"https:\/\/buscoequipomedico.com\/shop\/"},{"@type":"ListItem","position":2,"name":"COLOSCOPIO BINOCULAR CON BRAZO PANTOGR\u00c1FICO CON BASE LIGERA"}]},{"@type":"WebSite","@id":"https:\/\/buscoequipomedico.com\/#website","url":"https:\/\/buscoequipomedico.com\/","name":"Tu mejor opci\u00f3n Equipo M\u00e9dico M\u00e9xico","description":"Tienda de equipo m\u00e9dico","publisher":{"@id":"https:\/\/buscoequipomedico.com\/#organization"},"potentialAction":[{"@type":"SearchAction","target":{"@type":"EntryPoint","urlTemplate":"https:\/\/buscoequipomedico.com\/?s={search_term_string}"},"query-input":{"@type":"PropertyValueSpecification","valueRequired":true,"valueName":"search_term_string"}}],"inLanguage":"es"},{"@type":"Organization","@id":"https:\/\/buscoequipomedico.com\/#organization","name":"Tu mejor opci\u00f3n Equipo M\u00e9dico M\u00e9xico","url":"https:\/\/buscoequipomedico.com\/","logo":{"@type":"ImageObject","inLanguage":"es","@id":"https:\/\/buscoequipomedico.com\/#\/schema\/logo\/image\/","url":"https:\/\/buscoequipomedico.com\/wp-content\/uploads\/2021\/07\/EMM-VPrincipal-scaled.jpg","contentUrl":"https:\/\/buscoequipomedico.com\/wp-content\/uploads\/2021\/07\/EMM-VPrincipal-scaled.jpg","width":2560,"height":1058,"caption":"Tu mejor opci\u00f3n Equipo M\u00e9dico M\u00e9xico"},"image":{"@id":"https:\/\/buscoequipomedico.com\/#\/schema\/logo\/image\/"}}]}},"_links":{"self":[{"href":"https:\/\/buscoequipomedico.com\/index.php?rest_route=\/wp\/v2\/product\/11558","targetHints":{"allow":["GET"]}}],"collection":[{"href":"https:\/\/buscoequipomedico.com\/index.php?rest_route=\/wp\/v2\/product"}],"about":[{"href":"https:\/\/buscoequipomedico.com\/index.php?rest_route=\/wp\/v2\/types\/product"}],"wp:featuredmedia":[{"embeddable":true,"href":"https:\/\/buscoequipomedico.com\/index.php?rest_route=\/wp\/v2\/media\/11559"}],"wp:attachment":[{"href":"https:\/\/buscoequipomedico.com\/index.php?rest_route=%2Fwp%2Fv2%2Fmedia&parent=11558"}],"wp:term":[{"taxonomy":"product_brand","embeddable":true,"href":"https:\/\/buscoequipomedico.com\/index.php?rest_route=%2Fwp%2Fv2%2Fproduct_brand&post=11558"},{"taxonomy":"product_cat","embeddable":true,"href":"https:\/\/buscoequipomedico.com\/index.php?rest_route=%2Fwp%2Fv2%2Fproduct_cat&post=11558"},{"taxonomy":"product_tag","embeddable":true,"href":"https:\/\/buscoequipomedico.com\/index.php?rest_route=%2Fwp%2Fv2%2Fproduct_tag&post=11558"}],"curies":[{"name":"wp","href":"https:\/\/api.w.org\/{rel}","templated":true}]}}