{"id":11578,"date":"2020-02-18T07:33:09","date_gmt":"2020-02-18T07:33:09","guid":{"rendered":"https:\/\/equipomedicomexico-com.preview-domain.com\/product\/concentrador-de-oxigeno-nuvo-8-nidek-medical\/"},"modified":"2020-02-18T07:33:13","modified_gmt":"2020-02-18T07:33:13","slug":"concentrador-de-oxigeno-nuvo-8-nidek-medical","status":"publish","type":"product","link":"https:\/\/buscoequipomedico.com\/?product=concentrador-de-oxigeno-nuvo-8-nidek-medical","title":{"rendered":"CONCENTRADOR DE OXIGENO NUVO 8 NIDEK MEDICAL"},"content":{"rendered":"<address>\n<p>El Concentrador de Oxigeno es un aparato con una funci\u00f3n b\u00e1sica; apartar el ox\u00edgeno del medio ambiente, concentrarlo y enviarlo a paciente.<\/p>\n<\/p>\n<p>Existen concentradores de oxigeno de la marca NUVO NIDEK MEDICAL que permiten generar hasta 5 litros por minuto y otros que generan hasta 8 litros por minutos. Estos equipos pueden lograr una concentraci\u00f3n, casi pura de 93%, con un error de 3% por encima o por debajo.<\/p>\n<\/p>\n<p>\u00a0<\/p>\n<\/p><\/address>\n<table border=\"1\" cellspacing=\"0\" cellpadding=\"0\">\n<tbody>\n<tr>\n<td valign=\"top\">\n<p><span>Flujo:<\/span><\/p>\n<\/p>\n<\/td>\n<td valign=\"top\">\n<p><span>2-8 LPM.<\/span><\/p>\n<\/p>\n<\/td>\n<\/tr>\n<tr>\n<td valign=\"top\">\n<p><span>Presi\u00f3n de salida<\/span><\/p>\n<\/p>\n<\/td>\n<td valign=\"top\">\n<p><span>17 PSI.<\/span><\/p>\n<\/p>\n<\/td>\n<\/tr>\n<tr>\n<td valign=\"top\">\n<p><span>Requerimiento El\u00e9ctrico<\/span><\/p>\n<\/p>\n<\/td>\n<td valign=\"top\">\n<p><span>\u00a0115 Volt \u2013 60 Hz.<\/span><\/p>\n<\/p>\n<\/td>\n<\/tr>\n<tr>\n<td valign=\"top\">\n<p><span>Consumo promedio:<\/span><\/p>\n<\/p>\n<\/td>\n<td valign=\"top\">\n<p><span>310 Watts.<\/span><\/p>\n<\/p>\n<\/td>\n<\/tr>\n<tr>\n<td valign=\"top\">\n<p><span>Alarma de seguridad<\/span><\/p>\n<\/p>\n<\/td>\n<td valign=\"top\">\n<p><span>por fallas de electricidad.<\/span><\/p>\n<\/p>\n<\/td>\n<\/tr>\n<tr>\n<td valign=\"top\">\n<p><span>Llantas transportadoras<\/span><\/p>\n<\/p>\n<\/td>\n<td valign=\"top\">\n<p><span>para mayor movilidad.<\/span><\/p>\n<\/p>\n<\/td>\n<\/tr>\n<tr>\n<td valign=\"top\">\n<p><span>Compresor<\/span><\/p>\n<\/p>\n<\/td>\n<td valign=\"top\">\n<p><span>Thomas Nexus de alta eficiencia.<\/span><\/p>\n<\/p>\n<\/td>\n<\/tr>\n<tr>\n<td valign=\"top\">\n<p><span>F\u00e1cil acceso<\/span><\/p>\n<\/p>\n<\/td>\n<td valign=\"top\">\n<p><span>a filtro y contador de horas.<\/span><\/p>\n<\/p>\n<\/td>\n<\/tr>\n<tr>\n<td valign=\"top\">\n<p><span>Concentraci\u00f3n de oxigeno<\/span><\/p>\n<\/p>\n<\/td>\n<td valign=\"top\">\n<p><span>(2-7 LPM): 93% (+6.5% \/-3%) En 8 LPM): 90% (+5% \/ -3%).<\/span><\/p>\n<\/p>\n<\/td>\n<\/tr>\n<tr>\n<td valign=\"top\">\n<p><span>Peso<\/span><\/p>\n<\/p>\n<\/td>\n<td valign=\"top\">\n<p><span>24.3Kg.<\/span><\/p>\n<\/p>\n<\/td>\n<\/tr>\n<tr>\n<td valign=\"top\">\n<p><span>Dimensiones<\/span><\/p>\n<\/p>\n<\/td>\n<td valign=\"top\">\n<p><span>39.4 cm x 39.6 cm x 70.6 cm.<\/span><\/p>\n<\/p>\n<\/td>\n<\/tr>\n<tr>\n<td valign=\"top\">\n<p>Nivel de ruido<\/p>\n<\/p>\n<\/td>\n<td valign=\"top\">\n<p>40 Dba<\/p>\n<\/p>\n<\/td>\n<\/tr>\n<tr>\n<td valign=\"top\">\n<p><span>Tecnolog\u00eda Nidek<\/span><\/p>\n<\/p>\n<\/td>\n<td valign=\"top\">\n<p><span>patentada.<\/span><\/p>\n<\/p>\n<\/td>\n<\/tr>\n<\/tbody>\n<\/table><\/p>\n","protected":false},"excerpt":{"rendered":"<p>El Concentrador de Ox\u00edgeno Nuvo 8 es una fuente suplementaria de ox\u00edgeno considerada una de las m\u00e1s confiable en los actuales momentos.<\/p>\n<\/p>\n<p>El concentrador de oxigeno Nuvo 8 es un equipo el\u00e9ctrico y una unidad m\u00e9dica que filtra el ox\u00edgeno del aire del ambiente, lo que le permite al paciente tener un suplemento de ox\u00edgeno con un alto grado de pureza.<\/p><\/p>\n","protected":false},"featured_media":11579,"template":"","meta":{"_joinchat":[]},"product_brand":[],"product_cat":[213],"product_tag":[],"class_list":{"0":"post-11578","1":"product","2":"type-product","3":"status-publish","4":"has-post-thumbnail","6":"product_cat-concentradores","8":"first","9":"instock","10":"purchasable","11":"product-type-simple"},"yoast_head":"<!-- This site is optimized with the Yoast SEO plugin v25.1 - https:\/\/yoast.com\/wordpress\/plugins\/seo\/ -->\n<title>CONCENTRADOR DE OXIGENO NUVO 8 NIDEK MEDICAL - Tu mejor opci\u00f3n Equipo M\u00e9dico M\u00e9xico<\/title>\n<meta name=\"robots\" content=\"index, follow, max-snippet:-1, max-image-preview:large, max-video-preview:-1\" \/>\n<link rel=\"canonical\" href=\"https:\/\/buscoequipomedico.com\/?product=concentrador-de-oxigeno-nuvo-8-nidek-medical\" \/>\n<meta property=\"og:locale\" content=\"es_ES\" \/>\n<meta property=\"og:type\" content=\"article\" \/>\n<meta property=\"og:title\" content=\"CONCENTRADOR DE OXIGENO NUVO 8 NIDEK MEDICAL - Tu mejor opci\u00f3n Equipo M\u00e9dico M\u00e9xico\" \/>\n<meta property=\"og:description\" content=\"El Concentrador de Ox\u00edgeno Nuvo 8 es una fuente suplementaria de ox\u00edgeno considerada una de las m\u00e1s confiable en los actuales momentos. El concentrador de oxigeno Nuvo 8 es un equipo el\u00e9ctrico y una unidad m\u00e9dica que filtra el ox\u00edgeno del aire del ambiente, lo que le permite al paciente tener un suplemento de ox\u00edgeno con un alto grado de pureza.\" \/>\n<meta property=\"og:url\" content=\"https:\/\/buscoequipomedico.com\/?product=concentrador-de-oxigeno-nuvo-8-nidek-medical\" \/>\n<meta property=\"og:site_name\" content=\"Tu mejor opci\u00f3n Equipo M\u00e9dico M\u00e9xico\" \/>\n<meta property=\"article:modified_time\" content=\"2020-02-18T07:33:13+00:00\" \/>\n<meta property=\"og:image\" content=\"https:\/\/buscoequipomedico.com\/wp-content\/uploads\/2020\/02\/concentrador-de-oxigeno-nuvo-8-nidek-medical-el-concentrador-de-oxigeno-nuvo-8-es-una-fuente-suplementaria-de-oxigeno-considerad.jpg\" \/>\n\t<meta property=\"og:image:width\" content=\"800\" \/>\n\t<meta property=\"og:image:height\" content=\"800\" \/>\n\t<meta property=\"og:image:type\" content=\"image\/png\" \/>\n<meta name=\"twitter:card\" content=\"summary_large_image\" \/>\n<meta name=\"twitter:label1\" content=\"Tiempo de lectura\" \/>\n\t<meta name=\"twitter:data1\" content=\"1 minuto\" \/>\n<script type=\"application\/ld+json\" class=\"yoast-schema-graph\">{\"@context\":\"https:\/\/schema.org\",\"@graph\":[{\"@type\":\"WebPage\",\"@id\":\"https:\/\/buscoequipomedico.com\/?product=concentrador-de-oxigeno-nuvo-8-nidek-medical\",\"url\":\"https:\/\/buscoequipomedico.com\/?product=concentrador-de-oxigeno-nuvo-8-nidek-medical\",\"name\":\"CONCENTRADOR DE OXIGENO NUVO 8 NIDEK MEDICAL - Tu mejor opci\u00f3n Equipo M\u00e9dico M\u00e9xico\",\"isPartOf\":{\"@id\":\"https:\/\/buscoequipomedico.com\/#website\"},\"primaryImageOfPage\":{\"@id\":\"https:\/\/buscoequipomedico.com\/?product=concentrador-de-oxigeno-nuvo-8-nidek-medical#primaryimage\"},\"image\":{\"@id\":\"https:\/\/buscoequipomedico.com\/?product=concentrador-de-oxigeno-nuvo-8-nidek-medical#primaryimage\"},\"thumbnailUrl\":\"https:\/\/buscoequipomedico.com\/wp-content\/uploads\/2020\/02\/concentrador-de-oxigeno-nuvo-8-nidek-medical-el-concentrador-de-oxigeno-nuvo-8-es-una-fuente-suplementaria-de-oxigeno-considerad.jpg\",\"datePublished\":\"2020-02-18T07:33:09+00:00\",\"dateModified\":\"2020-02-18T07:33:13+00:00\",\"breadcrumb\":{\"@id\":\"https:\/\/buscoequipomedico.com\/?product=concentrador-de-oxigeno-nuvo-8-nidek-medical#breadcrumb\"},\"inLanguage\":\"es\",\"potentialAction\":[{\"@type\":\"ReadAction\",\"target\":[\"https:\/\/buscoequipomedico.com\/?product=concentrador-de-oxigeno-nuvo-8-nidek-medical\"]}]},{\"@type\":\"ImageObject\",\"inLanguage\":\"es\",\"@id\":\"https:\/\/buscoequipomedico.com\/?product=concentrador-de-oxigeno-nuvo-8-nidek-medical#primaryimage\",\"url\":\"https:\/\/buscoequipomedico.com\/wp-content\/uploads\/2020\/02\/concentrador-de-oxigeno-nuvo-8-nidek-medical-el-concentrador-de-oxigeno-nuvo-8-es-una-fuente-suplementaria-de-oxigeno-considerad.jpg\",\"contentUrl\":\"https:\/\/buscoequipomedico.com\/wp-content\/uploads\/2020\/02\/concentrador-de-oxigeno-nuvo-8-nidek-medical-el-concentrador-de-oxigeno-nuvo-8-es-una-fuente-suplementaria-de-oxigeno-considerad.jpg\",\"width\":800,\"height\":800},{\"@type\":\"BreadcrumbList\",\"@id\":\"https:\/\/buscoequipomedico.com\/?product=concentrador-de-oxigeno-nuvo-8-nidek-medical#breadcrumb\",\"itemListElement\":[{\"@type\":\"ListItem\",\"position\":1,\"name\":\"Productos\",\"item\":\"https:\/\/buscoequipomedico.com\/shop\/\"},{\"@type\":\"ListItem\",\"position\":2,\"name\":\"CONCENTRADOR DE OXIGENO NUVO 8 NIDEK MEDICAL\"}]},{\"@type\":\"WebSite\",\"@id\":\"https:\/\/buscoequipomedico.com\/#website\",\"url\":\"https:\/\/buscoequipomedico.com\/\",\"name\":\"Tu mejor opci\u00f3n Equipo M\u00e9dico M\u00e9xico\",\"description\":\"Tienda de equipo m\u00e9dico\",\"publisher\":{\"@id\":\"https:\/\/buscoequipomedico.com\/#organization\"},\"potentialAction\":[{\"@type\":\"SearchAction\",\"target\":{\"@type\":\"EntryPoint\",\"urlTemplate\":\"https:\/\/buscoequipomedico.com\/?s={search_term_string}\"},\"query-input\":{\"@type\":\"PropertyValueSpecification\",\"valueRequired\":true,\"valueName\":\"search_term_string\"}}],\"inLanguage\":\"es\"},{\"@type\":\"Organization\",\"@id\":\"https:\/\/buscoequipomedico.com\/#organization\",\"name\":\"Tu mejor opci\u00f3n Equipo M\u00e9dico M\u00e9xico\",\"url\":\"https:\/\/buscoequipomedico.com\/\",\"logo\":{\"@type\":\"ImageObject\",\"inLanguage\":\"es\",\"@id\":\"https:\/\/buscoequipomedico.com\/#\/schema\/logo\/image\/\",\"url\":\"https:\/\/buscoequipomedico.com\/wp-content\/uploads\/2021\/07\/EMM-VPrincipal-scaled.jpg\",\"contentUrl\":\"https:\/\/buscoequipomedico.com\/wp-content\/uploads\/2021\/07\/EMM-VPrincipal-scaled.jpg\",\"width\":2560,\"height\":1058,\"caption\":\"Tu mejor opci\u00f3n Equipo M\u00e9dico M\u00e9xico\"},\"image\":{\"@id\":\"https:\/\/buscoequipomedico.com\/#\/schema\/logo\/image\/\"}}]}<\/script>\n<!-- \/ Yoast SEO plugin. -->","yoast_head_json":{"title":"CONCENTRADOR DE OXIGENO NUVO 8 NIDEK MEDICAL - Tu mejor opci\u00f3n Equipo M\u00e9dico M\u00e9xico","robots":{"index":"index","follow":"follow","max-snippet":"max-snippet:-1","max-image-preview":"max-image-preview:large","max-video-preview":"max-video-preview:-1"},"canonical":"https:\/\/buscoequipomedico.com\/?product=concentrador-de-oxigeno-nuvo-8-nidek-medical","og_locale":"es_ES","og_type":"article","og_title":"CONCENTRADOR DE OXIGENO NUVO 8 NIDEK MEDICAL - Tu mejor opci\u00f3n Equipo M\u00e9dico M\u00e9xico","og_description":"El Concentrador de Ox\u00edgeno Nuvo 8 es una fuente suplementaria de ox\u00edgeno considerada una de las m\u00e1s confiable en los actuales momentos. El concentrador de oxigeno Nuvo 8 es un equipo el\u00e9ctrico y una unidad m\u00e9dica que filtra el ox\u00edgeno del aire del ambiente, lo que le permite al paciente tener un suplemento de ox\u00edgeno con un alto grado de pureza.","og_url":"https:\/\/buscoequipomedico.com\/?product=concentrador-de-oxigeno-nuvo-8-nidek-medical","og_site_name":"Tu mejor opci\u00f3n Equipo M\u00e9dico M\u00e9xico","article_modified_time":"2020-02-18T07:33:13+00:00","og_image":[{"width":800,"height":800,"url":"https:\/\/buscoequipomedico.com\/wp-content\/uploads\/2020\/02\/concentrador-de-oxigeno-nuvo-8-nidek-medical-el-concentrador-de-oxigeno-nuvo-8-es-una-fuente-suplementaria-de-oxigeno-considerad.jpg","type":"image\/png"}],"twitter_card":"summary_large_image","twitter_misc":{"Tiempo de lectura":"1 minuto"},"schema":{"@context":"https:\/\/schema.org","@graph":[{"@type":"WebPage","@id":"https:\/\/buscoequipomedico.com\/?product=concentrador-de-oxigeno-nuvo-8-nidek-medical","url":"https:\/\/buscoequipomedico.com\/?product=concentrador-de-oxigeno-nuvo-8-nidek-medical","name":"CONCENTRADOR DE OXIGENO NUVO 8 NIDEK MEDICAL - Tu mejor opci\u00f3n Equipo M\u00e9dico M\u00e9xico","isPartOf":{"@id":"https:\/\/buscoequipomedico.com\/#website"},"primaryImageOfPage":{"@id":"https:\/\/buscoequipomedico.com\/?product=concentrador-de-oxigeno-nuvo-8-nidek-medical#primaryimage"},"image":{"@id":"https:\/\/buscoequipomedico.com\/?product=concentrador-de-oxigeno-nuvo-8-nidek-medical#primaryimage"},"thumbnailUrl":"https:\/\/buscoequipomedico.com\/wp-content\/uploads\/2020\/02\/concentrador-de-oxigeno-nuvo-8-nidek-medical-el-concentrador-de-oxigeno-nuvo-8-es-una-fuente-suplementaria-de-oxigeno-considerad.jpg","datePublished":"2020-02-18T07:33:09+00:00","dateModified":"2020-02-18T07:33:13+00:00","breadcrumb":{"@id":"https:\/\/buscoequipomedico.com\/?product=concentrador-de-oxigeno-nuvo-8-nidek-medical#breadcrumb"},"inLanguage":"es","potentialAction":[{"@type":"ReadAction","target":["https:\/\/buscoequipomedico.com\/?product=concentrador-de-oxigeno-nuvo-8-nidek-medical"]}]},{"@type":"ImageObject","inLanguage":"es","@id":"https:\/\/buscoequipomedico.com\/?product=concentrador-de-oxigeno-nuvo-8-nidek-medical#primaryimage","url":"https:\/\/buscoequipomedico.com\/wp-content\/uploads\/2020\/02\/concentrador-de-oxigeno-nuvo-8-nidek-medical-el-concentrador-de-oxigeno-nuvo-8-es-una-fuente-suplementaria-de-oxigeno-considerad.jpg","contentUrl":"https:\/\/buscoequipomedico.com\/wp-content\/uploads\/2020\/02\/concentrador-de-oxigeno-nuvo-8-nidek-medical-el-concentrador-de-oxigeno-nuvo-8-es-una-fuente-suplementaria-de-oxigeno-considerad.jpg","width":800,"height":800},{"@type":"BreadcrumbList","@id":"https:\/\/buscoequipomedico.com\/?product=concentrador-de-oxigeno-nuvo-8-nidek-medical#breadcrumb","itemListElement":[{"@type":"ListItem","position":1,"name":"Productos","item":"https:\/\/buscoequipomedico.com\/shop\/"},{"@type":"ListItem","position":2,"name":"CONCENTRADOR DE OXIGENO NUVO 8 NIDEK MEDICAL"}]},{"@type":"WebSite","@id":"https:\/\/buscoequipomedico.com\/#website","url":"https:\/\/buscoequipomedico.com\/","name":"Tu mejor opci\u00f3n Equipo M\u00e9dico M\u00e9xico","description":"Tienda de equipo m\u00e9dico","publisher":{"@id":"https:\/\/buscoequipomedico.com\/#organization"},"potentialAction":[{"@type":"SearchAction","target":{"@type":"EntryPoint","urlTemplate":"https:\/\/buscoequipomedico.com\/?s={search_term_string}"},"query-input":{"@type":"PropertyValueSpecification","valueRequired":true,"valueName":"search_term_string"}}],"inLanguage":"es"},{"@type":"Organization","@id":"https:\/\/buscoequipomedico.com\/#organization","name":"Tu mejor opci\u00f3n Equipo M\u00e9dico M\u00e9xico","url":"https:\/\/buscoequipomedico.com\/","logo":{"@type":"ImageObject","inLanguage":"es","@id":"https:\/\/buscoequipomedico.com\/#\/schema\/logo\/image\/","url":"https:\/\/buscoequipomedico.com\/wp-content\/uploads\/2021\/07\/EMM-VPrincipal-scaled.jpg","contentUrl":"https:\/\/buscoequipomedico.com\/wp-content\/uploads\/2021\/07\/EMM-VPrincipal-scaled.jpg","width":2560,"height":1058,"caption":"Tu mejor opci\u00f3n Equipo M\u00e9dico M\u00e9xico"},"image":{"@id":"https:\/\/buscoequipomedico.com\/#\/schema\/logo\/image\/"}}]}},"_links":{"self":[{"href":"https:\/\/buscoequipomedico.com\/index.php?rest_route=\/wp\/v2\/product\/11578","targetHints":{"allow":["GET"]}}],"collection":[{"href":"https:\/\/buscoequipomedico.com\/index.php?rest_route=\/wp\/v2\/product"}],"about":[{"href":"https:\/\/buscoequipomedico.com\/index.php?rest_route=\/wp\/v2\/types\/product"}],"wp:featuredmedia":[{"embeddable":true,"href":"https:\/\/buscoequipomedico.com\/index.php?rest_route=\/wp\/v2\/media\/11579"}],"wp:attachment":[{"href":"https:\/\/buscoequipomedico.com\/index.php?rest_route=%2Fwp%2Fv2%2Fmedia&parent=11578"}],"wp:term":[{"taxonomy":"product_brand","embeddable":true,"href":"https:\/\/buscoequipomedico.com\/index.php?rest_route=%2Fwp%2Fv2%2Fproduct_brand&post=11578"},{"taxonomy":"product_cat","embeddable":true,"href":"https:\/\/buscoequipomedico.com\/index.php?rest_route=%2Fwp%2Fv2%2Fproduct_cat&post=11578"},{"taxonomy":"product_tag","embeddable":true,"href":"https:\/\/buscoequipomedico.com\/index.php?rest_route=%2Fwp%2Fv2%2Fproduct_tag&post=11578"}],"curies":[{"name":"wp","href":"https:\/\/api.w.org\/{rel}","templated":true}]}}