{"id":11580,"date":"2020-02-18T07:33:09","date_gmt":"2020-02-18T07:33:09","guid":{"rendered":"https:\/\/equipomedicomexico-com.preview-domain.com\/product\/concentrador-de-oxigeno-de-mano-pm4150-easypulse-poc\/"},"modified":"2020-02-18T07:33:13","modified_gmt":"2020-02-18T07:33:13","slug":"concentrador-de-oxigeno-de-mano-pm4150-easypulse-poc","status":"publish","type":"product","link":"https:\/\/buscoequipomedico.com\/?product=concentrador-de-oxigeno-de-mano-pm4150-easypulse-poc","title":{"rendered":"CONCENTRADOR DE OX\u00cdGENO DE MANO PM4150 EASYPULSE POC"},"content":{"rendered":"<p>F\u00e1cil de usar<\/p>\n<\/p>\n<p>El EasyPulse cuenta con una interfaz de usuario f\u00e1cil para usar en casa con<span>\u00a0 <\/span>un bot\u00f3n de f\u00e1cil acceso que<span>\u00a0 <\/span>autom\u00e1ticamente establece el flujo de ox\u00edgeno. A diferencia de muchos otros concentradores, no hay controles electr\u00f3nicos confusos ya que cuenta con un indicador<span>\u00a0 <\/span>y alarma de nivel de bater\u00eda f\u00e1cil de leer.<\/p>\n<\/p>\n<p>Compacto y ligero<\/p>\n<\/p>\n<p>El EasyPulse POC es el concentrador port\u00e1til 5 litros m\u00e1s ligero del mercado, un peso de s\u00f3lo 6,8 libras en un paquete que s\u00f3lo 10,1 en alto x 6,5 de ancho x 4.5 de ancho<\/p>\n<\/p>\n<p>CMV Tecnolog\u00eda<\/p>\n<\/p>\n<p>El sistema de control patentado de volumen minuto (CMV) de ox\u00edgeno<span>\u00a0 <\/span>es tecnolog\u00eda de conservaci\u00f3n exclusivo de Precisi\u00f3n Medica, que<span>\u00a0 <\/span>proporciona una cantidad constante de ox\u00edgeno por minuto para el paciente en la primera mitad de la inspiraci\u00f3n, independientemente de la frecuencia respiratoria. El volumen de ox\u00edgeno suministrado se ajusta autom\u00e1ticamente a la frecuencia respiratoria del paciente, manteniendo el volumen por minuto.<\/p>\n<\/p>\n<p>Vers\u00e1til<\/p>\n<\/p>\n<p>\u2013 Se puede utilizar tanto dentro como fuera de la bolsa de transporte<span>\u00a0 <\/span>que se proporcionar\u00e1 a cada unidad que proporciona<span>\u00a0 <\/span>m\u00e1s protecci\u00f3n contra posibles da\u00f1os al tiempo que permite un funcionamiento silencioso.<\/p>\n<\/p>\n<p>\u2013 Bajo mantenimiento.<\/p>\n<\/p>\n<p>\u2013 S\u00f3lo un filtro que se limpia f\u00e1cilmente por el paciente.<\/p>\n<\/p>\n<p>\u2013 Excelente duraci\u00f3n de la bater\u00eda.<\/p>\n<\/p>\n<p>\u2013 La bater\u00eda port\u00e1til EasyPulse del concentrador de ox\u00edgeno est\u00e1ndar interno dura m\u00e1s de 3 horas. La unidad tambi\u00e9n se puede utilizar con el cable de CA o con el adaptador de coche DC.<\/p><\/p>\n","protected":false},"excerpt":{"rendered":"<p>El concentrador de ox\u00edgeno port\u00e1til EasyPulse (POC) es perfecto para ayudarle a reducir las costosas entregas de cilindros a sus pacientes, \u00a0y su vez, la f\u00e1cil movilizaci\u00f3n de los mismos.<\/p>\n","protected":false},"featured_media":11581,"template":"","meta":{"_joinchat":[]},"product_brand":[],"product_cat":[213],"product_tag":[],"class_list":{"0":"post-11580","1":"product","2":"type-product","3":"status-publish","4":"has-post-thumbnail","6":"product_cat-concentradores","7":"pa_marca-presicion-medical","9":"first","10":"instock","11":"purchasable","12":"product-type-simple"},"yoast_head":"<!-- This site is optimized with the Yoast SEO plugin v25.1 - https:\/\/yoast.com\/wordpress\/plugins\/seo\/ -->\n<title>CONCENTRADOR DE OX\u00cdGENO DE MANO PM4150 EASYPULSE POC - Tu mejor opci\u00f3n Equipo M\u00e9dico M\u00e9xico<\/title>\n<meta name=\"robots\" content=\"index, follow, max-snippet:-1, max-image-preview:large, max-video-preview:-1\" \/>\n<link rel=\"canonical\" href=\"https:\/\/buscoequipomedico.com\/?product=concentrador-de-oxigeno-de-mano-pm4150-easypulse-poc\" \/>\n<meta property=\"og:locale\" content=\"es_ES\" \/>\n<meta property=\"og:type\" content=\"article\" \/>\n<meta property=\"og:title\" content=\"CONCENTRADOR DE OX\u00cdGENO DE MANO PM4150 EASYPULSE POC - Tu mejor opci\u00f3n Equipo M\u00e9dico M\u00e9xico\" \/>\n<meta property=\"og:description\" content=\"El concentrador de ox\u00edgeno port\u00e1til EasyPulse (POC) es perfecto para ayudarle a reducir las costosas entregas de cilindros a sus pacientes, \u00a0y su vez, la f\u00e1cil movilizaci\u00f3n de los mismos.\" \/>\n<meta property=\"og:url\" content=\"https:\/\/buscoequipomedico.com\/?product=concentrador-de-oxigeno-de-mano-pm4150-easypulse-poc\" \/>\n<meta property=\"og:site_name\" content=\"Tu mejor opci\u00f3n Equipo M\u00e9dico M\u00e9xico\" \/>\n<meta property=\"article:modified_time\" content=\"2020-02-18T07:33:13+00:00\" \/>\n<meta property=\"og:image\" content=\"https:\/\/buscoequipomedico.com\/wp-content\/uploads\/2020\/02\/concentrador-de-oxigeno-de-mano-pm4150-easypulse-poc-el-concentrador-de-oxigeno-portatil-easypulse-poc-es-perfecto-para-ayudarle.jpg\" \/>\n\t<meta property=\"og:image:width\" content=\"800\" \/>\n\t<meta property=\"og:image:height\" content=\"800\" \/>\n\t<meta property=\"og:image:type\" content=\"image\/png\" \/>\n<meta name=\"twitter:card\" content=\"summary_large_image\" \/>\n<meta name=\"twitter:label1\" content=\"Tiempo de lectura\" \/>\n\t<meta name=\"twitter:data1\" content=\"1 minuto\" \/>\n<script type=\"application\/ld+json\" class=\"yoast-schema-graph\">{\"@context\":\"https:\/\/schema.org\",\"@graph\":[{\"@type\":\"WebPage\",\"@id\":\"https:\/\/buscoequipomedico.com\/?product=concentrador-de-oxigeno-de-mano-pm4150-easypulse-poc\",\"url\":\"https:\/\/buscoequipomedico.com\/?product=concentrador-de-oxigeno-de-mano-pm4150-easypulse-poc\",\"name\":\"CONCENTRADOR DE OX\u00cdGENO DE MANO PM4150 EASYPULSE POC - Tu mejor opci\u00f3n Equipo M\u00e9dico M\u00e9xico\",\"isPartOf\":{\"@id\":\"https:\/\/buscoequipomedico.com\/#website\"},\"primaryImageOfPage\":{\"@id\":\"https:\/\/buscoequipomedico.com\/?product=concentrador-de-oxigeno-de-mano-pm4150-easypulse-poc#primaryimage\"},\"image\":{\"@id\":\"https:\/\/buscoequipomedico.com\/?product=concentrador-de-oxigeno-de-mano-pm4150-easypulse-poc#primaryimage\"},\"thumbnailUrl\":\"https:\/\/buscoequipomedico.com\/wp-content\/uploads\/2020\/02\/concentrador-de-oxigeno-de-mano-pm4150-easypulse-poc-el-concentrador-de-oxigeno-portatil-easypulse-poc-es-perfecto-para-ayudarle.jpg\",\"datePublished\":\"2020-02-18T07:33:09+00:00\",\"dateModified\":\"2020-02-18T07:33:13+00:00\",\"breadcrumb\":{\"@id\":\"https:\/\/buscoequipomedico.com\/?product=concentrador-de-oxigeno-de-mano-pm4150-easypulse-poc#breadcrumb\"},\"inLanguage\":\"es\",\"potentialAction\":[{\"@type\":\"ReadAction\",\"target\":[\"https:\/\/buscoequipomedico.com\/?product=concentrador-de-oxigeno-de-mano-pm4150-easypulse-poc\"]}]},{\"@type\":\"ImageObject\",\"inLanguage\":\"es\",\"@id\":\"https:\/\/buscoequipomedico.com\/?product=concentrador-de-oxigeno-de-mano-pm4150-easypulse-poc#primaryimage\",\"url\":\"https:\/\/buscoequipomedico.com\/wp-content\/uploads\/2020\/02\/concentrador-de-oxigeno-de-mano-pm4150-easypulse-poc-el-concentrador-de-oxigeno-portatil-easypulse-poc-es-perfecto-para-ayudarle.jpg\",\"contentUrl\":\"https:\/\/buscoequipomedico.com\/wp-content\/uploads\/2020\/02\/concentrador-de-oxigeno-de-mano-pm4150-easypulse-poc-el-concentrador-de-oxigeno-portatil-easypulse-poc-es-perfecto-para-ayudarle.jpg\",\"width\":800,\"height\":800},{\"@type\":\"BreadcrumbList\",\"@id\":\"https:\/\/buscoequipomedico.com\/?product=concentrador-de-oxigeno-de-mano-pm4150-easypulse-poc#breadcrumb\",\"itemListElement\":[{\"@type\":\"ListItem\",\"position\":1,\"name\":\"Productos\",\"item\":\"https:\/\/buscoequipomedico.com\/shop\/\"},{\"@type\":\"ListItem\",\"position\":2,\"name\":\"CONCENTRADOR DE OX\u00cdGENO DE MANO PM4150 EASYPULSE POC\"}]},{\"@type\":\"WebSite\",\"@id\":\"https:\/\/buscoequipomedico.com\/#website\",\"url\":\"https:\/\/buscoequipomedico.com\/\",\"name\":\"Tu mejor opci\u00f3n Equipo M\u00e9dico M\u00e9xico\",\"description\":\"Tienda de equipo m\u00e9dico\",\"publisher\":{\"@id\":\"https:\/\/buscoequipomedico.com\/#organization\"},\"potentialAction\":[{\"@type\":\"SearchAction\",\"target\":{\"@type\":\"EntryPoint\",\"urlTemplate\":\"https:\/\/buscoequipomedico.com\/?s={search_term_string}\"},\"query-input\":{\"@type\":\"PropertyValueSpecification\",\"valueRequired\":true,\"valueName\":\"search_term_string\"}}],\"inLanguage\":\"es\"},{\"@type\":\"Organization\",\"@id\":\"https:\/\/buscoequipomedico.com\/#organization\",\"name\":\"Tu mejor opci\u00f3n Equipo M\u00e9dico M\u00e9xico\",\"url\":\"https:\/\/buscoequipomedico.com\/\",\"logo\":{\"@type\":\"ImageObject\",\"inLanguage\":\"es\",\"@id\":\"https:\/\/buscoequipomedico.com\/#\/schema\/logo\/image\/\",\"url\":\"https:\/\/buscoequipomedico.com\/wp-content\/uploads\/2021\/07\/EMM-VPrincipal-scaled.jpg\",\"contentUrl\":\"https:\/\/buscoequipomedico.com\/wp-content\/uploads\/2021\/07\/EMM-VPrincipal-scaled.jpg\",\"width\":2560,\"height\":1058,\"caption\":\"Tu mejor opci\u00f3n Equipo M\u00e9dico M\u00e9xico\"},\"image\":{\"@id\":\"https:\/\/buscoequipomedico.com\/#\/schema\/logo\/image\/\"}}]}<\/script>\n<!-- \/ Yoast SEO plugin. -->","yoast_head_json":{"title":"CONCENTRADOR DE OX\u00cdGENO DE MANO PM4150 EASYPULSE POC - Tu mejor opci\u00f3n Equipo M\u00e9dico M\u00e9xico","robots":{"index":"index","follow":"follow","max-snippet":"max-snippet:-1","max-image-preview":"max-image-preview:large","max-video-preview":"max-video-preview:-1"},"canonical":"https:\/\/buscoequipomedico.com\/?product=concentrador-de-oxigeno-de-mano-pm4150-easypulse-poc","og_locale":"es_ES","og_type":"article","og_title":"CONCENTRADOR DE OX\u00cdGENO DE MANO PM4150 EASYPULSE POC - Tu mejor opci\u00f3n Equipo M\u00e9dico M\u00e9xico","og_description":"El concentrador de ox\u00edgeno port\u00e1til EasyPulse (POC) es perfecto para ayudarle a reducir las costosas entregas de cilindros a sus pacientes, \u00a0y su vez, la f\u00e1cil movilizaci\u00f3n de los mismos.","og_url":"https:\/\/buscoequipomedico.com\/?product=concentrador-de-oxigeno-de-mano-pm4150-easypulse-poc","og_site_name":"Tu mejor opci\u00f3n Equipo M\u00e9dico M\u00e9xico","article_modified_time":"2020-02-18T07:33:13+00:00","og_image":[{"width":800,"height":800,"url":"https:\/\/buscoequipomedico.com\/wp-content\/uploads\/2020\/02\/concentrador-de-oxigeno-de-mano-pm4150-easypulse-poc-el-concentrador-de-oxigeno-portatil-easypulse-poc-es-perfecto-para-ayudarle.jpg","type":"image\/png"}],"twitter_card":"summary_large_image","twitter_misc":{"Tiempo de lectura":"1 minuto"},"schema":{"@context":"https:\/\/schema.org","@graph":[{"@type":"WebPage","@id":"https:\/\/buscoequipomedico.com\/?product=concentrador-de-oxigeno-de-mano-pm4150-easypulse-poc","url":"https:\/\/buscoequipomedico.com\/?product=concentrador-de-oxigeno-de-mano-pm4150-easypulse-poc","name":"CONCENTRADOR DE OX\u00cdGENO DE MANO PM4150 EASYPULSE POC - Tu mejor opci\u00f3n Equipo M\u00e9dico M\u00e9xico","isPartOf":{"@id":"https:\/\/buscoequipomedico.com\/#website"},"primaryImageOfPage":{"@id":"https:\/\/buscoequipomedico.com\/?product=concentrador-de-oxigeno-de-mano-pm4150-easypulse-poc#primaryimage"},"image":{"@id":"https:\/\/buscoequipomedico.com\/?product=concentrador-de-oxigeno-de-mano-pm4150-easypulse-poc#primaryimage"},"thumbnailUrl":"https:\/\/buscoequipomedico.com\/wp-content\/uploads\/2020\/02\/concentrador-de-oxigeno-de-mano-pm4150-easypulse-poc-el-concentrador-de-oxigeno-portatil-easypulse-poc-es-perfecto-para-ayudarle.jpg","datePublished":"2020-02-18T07:33:09+00:00","dateModified":"2020-02-18T07:33:13+00:00","breadcrumb":{"@id":"https:\/\/buscoequipomedico.com\/?product=concentrador-de-oxigeno-de-mano-pm4150-easypulse-poc#breadcrumb"},"inLanguage":"es","potentialAction":[{"@type":"ReadAction","target":["https:\/\/buscoequipomedico.com\/?product=concentrador-de-oxigeno-de-mano-pm4150-easypulse-poc"]}]},{"@type":"ImageObject","inLanguage":"es","@id":"https:\/\/buscoequipomedico.com\/?product=concentrador-de-oxigeno-de-mano-pm4150-easypulse-poc#primaryimage","url":"https:\/\/buscoequipomedico.com\/wp-content\/uploads\/2020\/02\/concentrador-de-oxigeno-de-mano-pm4150-easypulse-poc-el-concentrador-de-oxigeno-portatil-easypulse-poc-es-perfecto-para-ayudarle.jpg","contentUrl":"https:\/\/buscoequipomedico.com\/wp-content\/uploads\/2020\/02\/concentrador-de-oxigeno-de-mano-pm4150-easypulse-poc-el-concentrador-de-oxigeno-portatil-easypulse-poc-es-perfecto-para-ayudarle.jpg","width":800,"height":800},{"@type":"BreadcrumbList","@id":"https:\/\/buscoequipomedico.com\/?product=concentrador-de-oxigeno-de-mano-pm4150-easypulse-poc#breadcrumb","itemListElement":[{"@type":"ListItem","position":1,"name":"Productos","item":"https:\/\/buscoequipomedico.com\/shop\/"},{"@type":"ListItem","position":2,"name":"CONCENTRADOR DE OX\u00cdGENO DE MANO PM4150 EASYPULSE POC"}]},{"@type":"WebSite","@id":"https:\/\/buscoequipomedico.com\/#website","url":"https:\/\/buscoequipomedico.com\/","name":"Tu mejor opci\u00f3n Equipo M\u00e9dico M\u00e9xico","description":"Tienda de equipo m\u00e9dico","publisher":{"@id":"https:\/\/buscoequipomedico.com\/#organization"},"potentialAction":[{"@type":"SearchAction","target":{"@type":"EntryPoint","urlTemplate":"https:\/\/buscoequipomedico.com\/?s={search_term_string}"},"query-input":{"@type":"PropertyValueSpecification","valueRequired":true,"valueName":"search_term_string"}}],"inLanguage":"es"},{"@type":"Organization","@id":"https:\/\/buscoequipomedico.com\/#organization","name":"Tu mejor opci\u00f3n Equipo M\u00e9dico M\u00e9xico","url":"https:\/\/buscoequipomedico.com\/","logo":{"@type":"ImageObject","inLanguage":"es","@id":"https:\/\/buscoequipomedico.com\/#\/schema\/logo\/image\/","url":"https:\/\/buscoequipomedico.com\/wp-content\/uploads\/2021\/07\/EMM-VPrincipal-scaled.jpg","contentUrl":"https:\/\/buscoequipomedico.com\/wp-content\/uploads\/2021\/07\/EMM-VPrincipal-scaled.jpg","width":2560,"height":1058,"caption":"Tu mejor opci\u00f3n Equipo M\u00e9dico M\u00e9xico"},"image":{"@id":"https:\/\/buscoequipomedico.com\/#\/schema\/logo\/image\/"}}]}},"_links":{"self":[{"href":"https:\/\/buscoequipomedico.com\/index.php?rest_route=\/wp\/v2\/product\/11580","targetHints":{"allow":["GET"]}}],"collection":[{"href":"https:\/\/buscoequipomedico.com\/index.php?rest_route=\/wp\/v2\/product"}],"about":[{"href":"https:\/\/buscoequipomedico.com\/index.php?rest_route=\/wp\/v2\/types\/product"}],"wp:featuredmedia":[{"embeddable":true,"href":"https:\/\/buscoequipomedico.com\/index.php?rest_route=\/wp\/v2\/media\/11581"}],"wp:attachment":[{"href":"https:\/\/buscoequipomedico.com\/index.php?rest_route=%2Fwp%2Fv2%2Fmedia&parent=11580"}],"wp:term":[{"taxonomy":"product_brand","embeddable":true,"href":"https:\/\/buscoequipomedico.com\/index.php?rest_route=%2Fwp%2Fv2%2Fproduct_brand&post=11580"},{"taxonomy":"product_cat","embeddable":true,"href":"https:\/\/buscoequipomedico.com\/index.php?rest_route=%2Fwp%2Fv2%2Fproduct_cat&post=11580"},{"taxonomy":"product_tag","embeddable":true,"href":"https:\/\/buscoequipomedico.com\/index.php?rest_route=%2Fwp%2Fv2%2Fproduct_tag&post=11580"}],"curies":[{"name":"wp","href":"https:\/\/api.w.org\/{rel}","templated":true}]}}