{"id":11584,"date":"2020-02-18T07:33:14","date_gmt":"2020-02-18T07:33:14","guid":{"rendered":"https:\/\/equipomedicomexico-com.preview-domain.com\/product\/concentrador-de-oxiigeno-companion-5\/"},"modified":"2020-02-18T07:33:15","modified_gmt":"2020-02-18T07:33:15","slug":"concentrador-de-oxiigeno-companion-5","status":"publish","type":"product","link":"https:\/\/buscoequipomedico.com\/?product=concentrador-de-oxiigeno-companion-5","title":{"rendered":"CONCENTRADOR DE OXI\u00cdGENO COMPANION 5"},"content":{"rendered":"<div dir=\"ltr\">\n<p><strong>AutoFLOW \/Eco- Amigable<\/strong><\/p>\n<p>Cuenta con la tecnolog\u00eda AutoFLOW que a trav\u00e9s de la sincronizaci\u00f3n de v\u00e1lvulas, dependiendo el caudal de flujo, ofrece a los pacientes importantes mejoras en el consumo de energ\u00eda (285 W a 2LPM y menos de 300 W a 3LPM), reduciendo, adem\u00e1s, el desgaste del compresor hasta en un 25% dependiendo el flujo.<\/p>\n<p><strong>UltraSILENT<\/strong><\/p>\n<p>Tecnolog\u00eda que virtualmente elimina el ruido de purga de escape.<\/p>\n<p><strong>OCSI<\/strong><\/p>\n<p>Equipado\u00a0<span>con alarma de baja concentraci\u00f3n de ox\u00edgeno.<\/span><\/p>\n<ul>\n<li>Flujo: 0,5 \u2013 5,0 lpm.<\/li>\n<li>Concentraci\u00f3n de O2: 90% (+5.5 \/ -3%).<\/li>\n<li>Dimensiones: 54,6 x 31,8 x 34,2 cm (21,5 x 12,5 x 13,5 pulgadas).<\/li>\n<li>Peso: 16,3 kg (36 lb).<\/li>\n<li>Requerimiento Elec.: 115 Vol \u2013 60 Hz<\/li>\n<li>Nivel sonoro: 40 dB(A) a 2,0 lpm.<\/li>\n<li>Ambiente de funcionamiento: 4 a 40 \u030aC (41 a 104 \u00baF) humedad de hasta 95%.<\/li>\n<li>Entorno de almacenamiento: -20 a 70 \u00baC (-41 a 158 \u00baF), humedad de hasta 95%.<\/li>\n<li>Consumo de energ\u00eda: 285 W a 2 lpm, 350 W m\u00e1ximo.<\/li>\n<li>Alarmas: Corte de corriente, flujo alto, flujo bajo, aver\u00eda general, baja concentraci\u00f3n de O2.<\/li>\n<\/ul>\n","protected":false},"excerpt":{"rendered":"<p><span>Durable, confiable y tecnol\u00f3gicamente avanzado. Unidad estacionaria de alto rendimiento con dise\u00f1o avanzado. Presenta un resistente compresor y tamices de gran capacidad equipados con la mezcla exclusiva resistente a la humedad MGB Eco Blend que prolonga la vida \u00fatil de los componentes principales del concentrador.<\/span><\/p>\n","protected":false},"featured_media":11585,"template":"","meta":{"_joinchat":[]},"product_brand":[],"product_cat":[213],"product_tag":[],"class_list":{"0":"post-11584","1":"product","2":"type-product","3":"status-publish","4":"has-post-thumbnail","6":"product_cat-concentradores","7":"pa_marca-caire","9":"first","10":"instock","11":"purchasable","12":"product-type-simple"},"yoast_head":"<!-- This site is optimized with the Yoast SEO plugin v25.1 - https:\/\/yoast.com\/wordpress\/plugins\/seo\/ -->\n<title>CONCENTRADOR DE OXI\u00cdGENO COMPANION 5 - Tu mejor opci\u00f3n Equipo M\u00e9dico M\u00e9xico<\/title>\n<meta name=\"robots\" content=\"index, follow, max-snippet:-1, max-image-preview:large, max-video-preview:-1\" \/>\n<link rel=\"canonical\" href=\"https:\/\/buscoequipomedico.com\/?product=concentrador-de-oxiigeno-companion-5\" \/>\n<meta property=\"og:locale\" content=\"es_ES\" \/>\n<meta property=\"og:type\" content=\"article\" \/>\n<meta property=\"og:title\" content=\"CONCENTRADOR DE OXI\u00cdGENO COMPANION 5 - Tu mejor opci\u00f3n Equipo M\u00e9dico M\u00e9xico\" \/>\n<meta property=\"og:description\" content=\"Durable, confiable y tecnol\u00f3gicamente avanzado. Unidad estacionaria de alto rendimiento con dise\u00f1o avanzado. Presenta un resistente compresor y tamices de gran capacidad equipados con la mezcla exclusiva resistente a la humedad MGB Eco Blend que prolonga la vida \u00fatil de los componentes principales del concentrador.\" \/>\n<meta property=\"og:url\" content=\"https:\/\/buscoequipomedico.com\/?product=concentrador-de-oxiigeno-companion-5\" \/>\n<meta property=\"og:site_name\" content=\"Tu mejor opci\u00f3n Equipo M\u00e9dico M\u00e9xico\" \/>\n<meta property=\"article:modified_time\" content=\"2020-02-18T07:33:15+00:00\" \/>\n<meta property=\"og:image\" content=\"https:\/\/buscoequipomedico.com\/wp-content\/uploads\/2020\/02\/concentrador-de-oxiigeno-companion-5-durable-confiable-y-tecnologicamente-avanzado-unidad-estacionaria-de-alto-rendimiento-con-d.jpg\" \/>\n\t<meta property=\"og:image:width\" content=\"800\" \/>\n\t<meta property=\"og:image:height\" content=\"800\" \/>\n\t<meta property=\"og:image:type\" content=\"image\/png\" \/>\n<meta name=\"twitter:card\" content=\"summary_large_image\" \/>\n<meta name=\"twitter:label1\" content=\"Tiempo de lectura\" \/>\n\t<meta name=\"twitter:data1\" content=\"1 minuto\" \/>\n<script type=\"application\/ld+json\" class=\"yoast-schema-graph\">{\"@context\":\"https:\/\/schema.org\",\"@graph\":[{\"@type\":\"WebPage\",\"@id\":\"https:\/\/buscoequipomedico.com\/?product=concentrador-de-oxiigeno-companion-5\",\"url\":\"https:\/\/buscoequipomedico.com\/?product=concentrador-de-oxiigeno-companion-5\",\"name\":\"CONCENTRADOR DE OXI\u00cdGENO COMPANION 5 - Tu mejor opci\u00f3n Equipo M\u00e9dico M\u00e9xico\",\"isPartOf\":{\"@id\":\"https:\/\/buscoequipomedico.com\/#website\"},\"primaryImageOfPage\":{\"@id\":\"https:\/\/buscoequipomedico.com\/?product=concentrador-de-oxiigeno-companion-5#primaryimage\"},\"image\":{\"@id\":\"https:\/\/buscoequipomedico.com\/?product=concentrador-de-oxiigeno-companion-5#primaryimage\"},\"thumbnailUrl\":\"https:\/\/buscoequipomedico.com\/wp-content\/uploads\/2020\/02\/concentrador-de-oxiigeno-companion-5-durable-confiable-y-tecnologicamente-avanzado-unidad-estacionaria-de-alto-rendimiento-con-d.jpg\",\"datePublished\":\"2020-02-18T07:33:14+00:00\",\"dateModified\":\"2020-02-18T07:33:15+00:00\",\"breadcrumb\":{\"@id\":\"https:\/\/buscoequipomedico.com\/?product=concentrador-de-oxiigeno-companion-5#breadcrumb\"},\"inLanguage\":\"es\",\"potentialAction\":[{\"@type\":\"ReadAction\",\"target\":[\"https:\/\/buscoequipomedico.com\/?product=concentrador-de-oxiigeno-companion-5\"]}]},{\"@type\":\"ImageObject\",\"inLanguage\":\"es\",\"@id\":\"https:\/\/buscoequipomedico.com\/?product=concentrador-de-oxiigeno-companion-5#primaryimage\",\"url\":\"https:\/\/buscoequipomedico.com\/wp-content\/uploads\/2020\/02\/concentrador-de-oxiigeno-companion-5-durable-confiable-y-tecnologicamente-avanzado-unidad-estacionaria-de-alto-rendimiento-con-d.jpg\",\"contentUrl\":\"https:\/\/buscoequipomedico.com\/wp-content\/uploads\/2020\/02\/concentrador-de-oxiigeno-companion-5-durable-confiable-y-tecnologicamente-avanzado-unidad-estacionaria-de-alto-rendimiento-con-d.jpg\",\"width\":800,\"height\":800},{\"@type\":\"BreadcrumbList\",\"@id\":\"https:\/\/buscoequipomedico.com\/?product=concentrador-de-oxiigeno-companion-5#breadcrumb\",\"itemListElement\":[{\"@type\":\"ListItem\",\"position\":1,\"name\":\"Productos\",\"item\":\"https:\/\/buscoequipomedico.com\/shop\/\"},{\"@type\":\"ListItem\",\"position\":2,\"name\":\"CONCENTRADOR DE OXI\u00cdGENO COMPANION 5\"}]},{\"@type\":\"WebSite\",\"@id\":\"https:\/\/buscoequipomedico.com\/#website\",\"url\":\"https:\/\/buscoequipomedico.com\/\",\"name\":\"Tu mejor opci\u00f3n Equipo M\u00e9dico M\u00e9xico\",\"description\":\"Tienda de equipo m\u00e9dico\",\"publisher\":{\"@id\":\"https:\/\/buscoequipomedico.com\/#organization\"},\"potentialAction\":[{\"@type\":\"SearchAction\",\"target\":{\"@type\":\"EntryPoint\",\"urlTemplate\":\"https:\/\/buscoequipomedico.com\/?s={search_term_string}\"},\"query-input\":{\"@type\":\"PropertyValueSpecification\",\"valueRequired\":true,\"valueName\":\"search_term_string\"}}],\"inLanguage\":\"es\"},{\"@type\":\"Organization\",\"@id\":\"https:\/\/buscoequipomedico.com\/#organization\",\"name\":\"Tu mejor opci\u00f3n Equipo M\u00e9dico M\u00e9xico\",\"url\":\"https:\/\/buscoequipomedico.com\/\",\"logo\":{\"@type\":\"ImageObject\",\"inLanguage\":\"es\",\"@id\":\"https:\/\/buscoequipomedico.com\/#\/schema\/logo\/image\/\",\"url\":\"https:\/\/buscoequipomedico.com\/wp-content\/uploads\/2021\/07\/EMM-VPrincipal-scaled.jpg\",\"contentUrl\":\"https:\/\/buscoequipomedico.com\/wp-content\/uploads\/2021\/07\/EMM-VPrincipal-scaled.jpg\",\"width\":2560,\"height\":1058,\"caption\":\"Tu mejor opci\u00f3n Equipo M\u00e9dico M\u00e9xico\"},\"image\":{\"@id\":\"https:\/\/buscoequipomedico.com\/#\/schema\/logo\/image\/\"}}]}<\/script>\n<!-- \/ Yoast SEO plugin. -->","yoast_head_json":{"title":"CONCENTRADOR DE OXI\u00cdGENO COMPANION 5 - Tu mejor opci\u00f3n Equipo M\u00e9dico M\u00e9xico","robots":{"index":"index","follow":"follow","max-snippet":"max-snippet:-1","max-image-preview":"max-image-preview:large","max-video-preview":"max-video-preview:-1"},"canonical":"https:\/\/buscoequipomedico.com\/?product=concentrador-de-oxiigeno-companion-5","og_locale":"es_ES","og_type":"article","og_title":"CONCENTRADOR DE OXI\u00cdGENO COMPANION 5 - Tu mejor opci\u00f3n Equipo M\u00e9dico M\u00e9xico","og_description":"Durable, confiable y tecnol\u00f3gicamente avanzado. Unidad estacionaria de alto rendimiento con dise\u00f1o avanzado. Presenta un resistente compresor y tamices de gran capacidad equipados con la mezcla exclusiva resistente a la humedad MGB Eco Blend que prolonga la vida \u00fatil de los componentes principales del concentrador.","og_url":"https:\/\/buscoequipomedico.com\/?product=concentrador-de-oxiigeno-companion-5","og_site_name":"Tu mejor opci\u00f3n Equipo M\u00e9dico M\u00e9xico","article_modified_time":"2020-02-18T07:33:15+00:00","og_image":[{"width":800,"height":800,"url":"https:\/\/buscoequipomedico.com\/wp-content\/uploads\/2020\/02\/concentrador-de-oxiigeno-companion-5-durable-confiable-y-tecnologicamente-avanzado-unidad-estacionaria-de-alto-rendimiento-con-d.jpg","type":"image\/png"}],"twitter_card":"summary_large_image","twitter_misc":{"Tiempo de lectura":"1 minuto"},"schema":{"@context":"https:\/\/schema.org","@graph":[{"@type":"WebPage","@id":"https:\/\/buscoequipomedico.com\/?product=concentrador-de-oxiigeno-companion-5","url":"https:\/\/buscoequipomedico.com\/?product=concentrador-de-oxiigeno-companion-5","name":"CONCENTRADOR DE OXI\u00cdGENO COMPANION 5 - Tu mejor opci\u00f3n Equipo M\u00e9dico M\u00e9xico","isPartOf":{"@id":"https:\/\/buscoequipomedico.com\/#website"},"primaryImageOfPage":{"@id":"https:\/\/buscoequipomedico.com\/?product=concentrador-de-oxiigeno-companion-5#primaryimage"},"image":{"@id":"https:\/\/buscoequipomedico.com\/?product=concentrador-de-oxiigeno-companion-5#primaryimage"},"thumbnailUrl":"https:\/\/buscoequipomedico.com\/wp-content\/uploads\/2020\/02\/concentrador-de-oxiigeno-companion-5-durable-confiable-y-tecnologicamente-avanzado-unidad-estacionaria-de-alto-rendimiento-con-d.jpg","datePublished":"2020-02-18T07:33:14+00:00","dateModified":"2020-02-18T07:33:15+00:00","breadcrumb":{"@id":"https:\/\/buscoequipomedico.com\/?product=concentrador-de-oxiigeno-companion-5#breadcrumb"},"inLanguage":"es","potentialAction":[{"@type":"ReadAction","target":["https:\/\/buscoequipomedico.com\/?product=concentrador-de-oxiigeno-companion-5"]}]},{"@type":"ImageObject","inLanguage":"es","@id":"https:\/\/buscoequipomedico.com\/?product=concentrador-de-oxiigeno-companion-5#primaryimage","url":"https:\/\/buscoequipomedico.com\/wp-content\/uploads\/2020\/02\/concentrador-de-oxiigeno-companion-5-durable-confiable-y-tecnologicamente-avanzado-unidad-estacionaria-de-alto-rendimiento-con-d.jpg","contentUrl":"https:\/\/buscoequipomedico.com\/wp-content\/uploads\/2020\/02\/concentrador-de-oxiigeno-companion-5-durable-confiable-y-tecnologicamente-avanzado-unidad-estacionaria-de-alto-rendimiento-con-d.jpg","width":800,"height":800},{"@type":"BreadcrumbList","@id":"https:\/\/buscoequipomedico.com\/?product=concentrador-de-oxiigeno-companion-5#breadcrumb","itemListElement":[{"@type":"ListItem","position":1,"name":"Productos","item":"https:\/\/buscoequipomedico.com\/shop\/"},{"@type":"ListItem","position":2,"name":"CONCENTRADOR DE OXI\u00cdGENO COMPANION 5"}]},{"@type":"WebSite","@id":"https:\/\/buscoequipomedico.com\/#website","url":"https:\/\/buscoequipomedico.com\/","name":"Tu mejor opci\u00f3n Equipo M\u00e9dico M\u00e9xico","description":"Tienda de equipo m\u00e9dico","publisher":{"@id":"https:\/\/buscoequipomedico.com\/#organization"},"potentialAction":[{"@type":"SearchAction","target":{"@type":"EntryPoint","urlTemplate":"https:\/\/buscoequipomedico.com\/?s={search_term_string}"},"query-input":{"@type":"PropertyValueSpecification","valueRequired":true,"valueName":"search_term_string"}}],"inLanguage":"es"},{"@type":"Organization","@id":"https:\/\/buscoequipomedico.com\/#organization","name":"Tu mejor opci\u00f3n Equipo M\u00e9dico M\u00e9xico","url":"https:\/\/buscoequipomedico.com\/","logo":{"@type":"ImageObject","inLanguage":"es","@id":"https:\/\/buscoequipomedico.com\/#\/schema\/logo\/image\/","url":"https:\/\/buscoequipomedico.com\/wp-content\/uploads\/2021\/07\/EMM-VPrincipal-scaled.jpg","contentUrl":"https:\/\/buscoequipomedico.com\/wp-content\/uploads\/2021\/07\/EMM-VPrincipal-scaled.jpg","width":2560,"height":1058,"caption":"Tu mejor opci\u00f3n Equipo M\u00e9dico M\u00e9xico"},"image":{"@id":"https:\/\/buscoequipomedico.com\/#\/schema\/logo\/image\/"}}]}},"_links":{"self":[{"href":"https:\/\/buscoequipomedico.com\/index.php?rest_route=\/wp\/v2\/product\/11584","targetHints":{"allow":["GET"]}}],"collection":[{"href":"https:\/\/buscoequipomedico.com\/index.php?rest_route=\/wp\/v2\/product"}],"about":[{"href":"https:\/\/buscoequipomedico.com\/index.php?rest_route=\/wp\/v2\/types\/product"}],"wp:featuredmedia":[{"embeddable":true,"href":"https:\/\/buscoequipomedico.com\/index.php?rest_route=\/wp\/v2\/media\/11585"}],"wp:attachment":[{"href":"https:\/\/buscoequipomedico.com\/index.php?rest_route=%2Fwp%2Fv2%2Fmedia&parent=11584"}],"wp:term":[{"taxonomy":"product_brand","embeddable":true,"href":"https:\/\/buscoequipomedico.com\/index.php?rest_route=%2Fwp%2Fv2%2Fproduct_brand&post=11584"},{"taxonomy":"product_cat","embeddable":true,"href":"https:\/\/buscoequipomedico.com\/index.php?rest_route=%2Fwp%2Fv2%2Fproduct_cat&post=11584"},{"taxonomy":"product_tag","embeddable":true,"href":"https:\/\/buscoequipomedico.com\/index.php?rest_route=%2Fwp%2Fv2%2Fproduct_tag&post=11584"}],"curies":[{"name":"wp","href":"https:\/\/api.w.org\/{rel}","templated":true}]}}