{"id":11588,"date":"2020-02-18T07:33:14","date_gmt":"2020-02-18T07:33:14","guid":{"rendered":"https:\/\/equipomedicomexico-com.preview-domain.com\/product\/concentrador-02-port-airsep-fs-1-3-sett\/"},"modified":"2020-12-05T01:02:44","modified_gmt":"2020-12-05T01:02:44","slug":"concentrador-de-oxigeno-525ds-devilbiss-5l","status":"publish","type":"product","link":"https:\/\/buscoequipomedico.com\/?product=concentrador-de-oxigeno-525ds-devilbiss-5l","title":{"rendered":"CONCENTRADOR DE OX\u00cdGENO DE 5 LITROS R-C525DSDR DEVILBISS"},"content":{"rendered":"<p>CARACTER\u00cdSTICAS<br \/>\nPresi\u00f3n de salida: 8.5 PSI.<br \/>\nCuenta con alarma sensor de ox\u00edgeno OSD, que<br \/>\nproporciona al paciente seguridad y confianza por m\u00e1s<br \/>\nlargos intervalos de servicio.<br \/>\nConector a c\u00e1nula protegido y cavidad de<br \/>\nhumidificador para evitar da\u00f1os.<br \/>\nFlujometro con seguro.<br \/>\nConcentraci\u00f3n de ox\u00edgeno: 1-5 LPM = 87-96%<br \/>\nConsumo de energ\u00eda: 310 W promedio.<br \/>\n275 W 1.2 LPM.<br \/>\nNivel Sonoro: 48 dB(A).<br \/>\nAlarmas visual y auditiva: Alta \/ Baja presi\u00f3n, bajo<br \/>\nflujo, bajo ox\u00edgeno y corte de corriente.<\/p>\n<p>MEDIDAS<\/p>\n<p>Ancho: 62.2 cm<\/p>\n<p>Alto:34.2 cm<\/p>\n<p>Largo: 30.4 cm<\/p>\n<p>Peso: 16.3 Kg<\/p>\n<p>&nbsp;<\/p>\n<p>&nbsp;<\/p>\n<p>&nbsp;<\/p>\n<p>&nbsp;<\/p>\n<p>&nbsp;<\/p>\n<p>&nbsp;<\/p>\n<p>&nbsp;<\/p>\n<p>&nbsp;<\/p>\n<p>&nbsp;<\/p>\n<p>&nbsp;<\/p>\n<p>&nbsp;<\/p>\n<p>&nbsp;<\/p>\n<p>&nbsp;<\/p>\n<p>&nbsp;<\/p>\n<p>&nbsp;<\/p>\n<p>&nbsp;<\/p>\n<p>&nbsp;<\/p>\n","protected":false},"excerpt":{"rendered":"<p>Construido bajo el legado de confiabilidad probada, el concentrador de ox\u00edgeno DeVilbiss de 5 litros est\u00e1 dise\u00f1ado con calidad mejorada, durabilidad y desempe\u00f1o basados en la idea de simplicidad. Es robusto, silencioso y de bajo costo operativo.<\/p>\n","protected":false},"featured_media":13692,"template":"","meta":{"_joinchat":[]},"product_brand":[],"product_cat":[213],"product_tag":[347,349,340,350,341,352,348,342,351,353],"class_list":{"0":"post-11588","1":"product","2":"type-product","3":"status-publish","4":"has-post-thumbnail","6":"product_cat-concentradores","7":"product_tag-525d","8":"product_tag-5l","9":"product_tag-concentrador","10":"product_tag-concentrador-de-oxigeno-de-5-litros","11":"product_tag-de","12":"product_tag-devilbis","13":"product_tag-devilbiss","14":"product_tag-oxigeno","15":"product_tag-r-c525dsdr","16":"product_tag-s","17":"pa_marca-caire","19":"first","20":"instock","21":"purchasable","22":"product-type-simple"},"yoast_head":"<!-- This site is optimized with the Yoast SEO plugin v25.1 - https:\/\/yoast.com\/wordpress\/plugins\/seo\/ -->\n<title>CONCENTRADOR DE OX\u00cdGENO DE 5 LITROS R-C525DSDR DEVILBISS - Tu mejor opci\u00f3n Equipo M\u00e9dico M\u00e9xico<\/title>\n<meta name=\"description\" content=\"CONCENTRADOR- DE- OXIGENO- 525DS- DEVILBISS- 5L\" \/>\n<meta name=\"robots\" content=\"index, follow, max-snippet:-1, max-image-preview:large, max-video-preview:-1\" \/>\n<link rel=\"canonical\" href=\"https:\/\/buscoequipomedico.com\/?product=concentrador-de-oxigeno-525ds-devilbiss-5l\" \/>\n<meta property=\"og:locale\" content=\"es_ES\" \/>\n<meta property=\"og:type\" content=\"article\" \/>\n<meta property=\"og:title\" content=\"CONCENTRADOR DE OX\u00cdGENO DE 5 LITROS R-C525DSDR DEVILBISS - Tu mejor opci\u00f3n Equipo M\u00e9dico M\u00e9xico\" \/>\n<meta property=\"og:description\" content=\"CONCENTRADOR- DE- OXIGENO- 525DS- DEVILBISS- 5L\" \/>\n<meta property=\"og:url\" content=\"https:\/\/buscoequipomedico.com\/?product=concentrador-de-oxigeno-525ds-devilbiss-5l\" \/>\n<meta property=\"og:site_name\" content=\"Tu mejor opci\u00f3n Equipo M\u00e9dico M\u00e9xico\" \/>\n<meta property=\"article:modified_time\" content=\"2020-12-05T01:02:44+00:00\" \/>\n<meta property=\"og:image\" content=\"https:\/\/buscoequipomedico.com\/wp-content\/uploads\/2020\/02\/concentrador-de-oxigeno-de-5-litros-r-c525dsdr-devilbiss-construido-bajo-el-legado-de-confiabilidad-probada-el-concentrador-de-o.png\" \/>\n\t<meta property=\"og:image:width\" content=\"800\" \/>\n\t<meta property=\"og:image:height\" content=\"800\" \/>\n\t<meta property=\"og:image:type\" content=\"image\/png\" \/>\n<meta name=\"twitter:card\" content=\"summary_large_image\" \/>\n<meta name=\"twitter:label1\" content=\"Tiempo de lectura\" \/>\n\t<meta name=\"twitter:data1\" content=\"1 minuto\" \/>\n<script type=\"application\/ld+json\" class=\"yoast-schema-graph\">{\"@context\":\"https:\/\/schema.org\",\"@graph\":[{\"@type\":\"WebPage\",\"@id\":\"https:\/\/buscoequipomedico.com\/?product=concentrador-de-oxigeno-525ds-devilbiss-5l\",\"url\":\"https:\/\/buscoequipomedico.com\/?product=concentrador-de-oxigeno-525ds-devilbiss-5l\",\"name\":\"CONCENTRADOR DE OX\u00cdGENO DE 5 LITROS R-C525DSDR DEVILBISS - Tu mejor opci\u00f3n Equipo M\u00e9dico M\u00e9xico\",\"isPartOf\":{\"@id\":\"https:\/\/buscoequipomedico.com\/#website\"},\"primaryImageOfPage\":{\"@id\":\"https:\/\/buscoequipomedico.com\/?product=concentrador-de-oxigeno-525ds-devilbiss-5l#primaryimage\"},\"image\":{\"@id\":\"https:\/\/buscoequipomedico.com\/?product=concentrador-de-oxigeno-525ds-devilbiss-5l#primaryimage\"},\"thumbnailUrl\":\"https:\/\/buscoequipomedico.com\/wp-content\/uploads\/2020\/02\/concentrador-de-oxigeno-de-5-litros-r-c525dsdr-devilbiss-construido-bajo-el-legado-de-confiabilidad-probada-el-concentrador-de-o.png\",\"datePublished\":\"2020-02-18T07:33:14+00:00\",\"dateModified\":\"2020-12-05T01:02:44+00:00\",\"description\":\"CONCENTRADOR- DE- OXIGENO- 525DS- DEVILBISS- 5L\",\"breadcrumb\":{\"@id\":\"https:\/\/buscoequipomedico.com\/?product=concentrador-de-oxigeno-525ds-devilbiss-5l#breadcrumb\"},\"inLanguage\":\"es\",\"potentialAction\":[{\"@type\":\"ReadAction\",\"target\":[\"https:\/\/buscoequipomedico.com\/?product=concentrador-de-oxigeno-525ds-devilbiss-5l\"]}]},{\"@type\":\"ImageObject\",\"inLanguage\":\"es\",\"@id\":\"https:\/\/buscoequipomedico.com\/?product=concentrador-de-oxigeno-525ds-devilbiss-5l#primaryimage\",\"url\":\"https:\/\/buscoequipomedico.com\/wp-content\/uploads\/2020\/02\/concentrador-de-oxigeno-de-5-litros-r-c525dsdr-devilbiss-construido-bajo-el-legado-de-confiabilidad-probada-el-concentrador-de-o.png\",\"contentUrl\":\"https:\/\/buscoequipomedico.com\/wp-content\/uploads\/2020\/02\/concentrador-de-oxigeno-de-5-litros-r-c525dsdr-devilbiss-construido-bajo-el-legado-de-confiabilidad-probada-el-concentrador-de-o.png\",\"width\":800,\"height\":800},{\"@type\":\"BreadcrumbList\",\"@id\":\"https:\/\/buscoequipomedico.com\/?product=concentrador-de-oxigeno-525ds-devilbiss-5l#breadcrumb\",\"itemListElement\":[{\"@type\":\"ListItem\",\"position\":1,\"name\":\"Productos\",\"item\":\"https:\/\/buscoequipomedico.com\/shop\/\"},{\"@type\":\"ListItem\",\"position\":2,\"name\":\"CONCENTRADOR DE OX\u00cdGENO DE 5 LITROS R-C525DSDR DEVILBISS\"}]},{\"@type\":\"WebSite\",\"@id\":\"https:\/\/buscoequipomedico.com\/#website\",\"url\":\"https:\/\/buscoequipomedico.com\/\",\"name\":\"Tu mejor opci\u00f3n Equipo M\u00e9dico M\u00e9xico\",\"description\":\"Tienda de equipo m\u00e9dico\",\"publisher\":{\"@id\":\"https:\/\/buscoequipomedico.com\/#organization\"},\"potentialAction\":[{\"@type\":\"SearchAction\",\"target\":{\"@type\":\"EntryPoint\",\"urlTemplate\":\"https:\/\/buscoequipomedico.com\/?s={search_term_string}\"},\"query-input\":{\"@type\":\"PropertyValueSpecification\",\"valueRequired\":true,\"valueName\":\"search_term_string\"}}],\"inLanguage\":\"es\"},{\"@type\":\"Organization\",\"@id\":\"https:\/\/buscoequipomedico.com\/#organization\",\"name\":\"Tu mejor opci\u00f3n Equipo M\u00e9dico M\u00e9xico\",\"url\":\"https:\/\/buscoequipomedico.com\/\",\"logo\":{\"@type\":\"ImageObject\",\"inLanguage\":\"es\",\"@id\":\"https:\/\/buscoequipomedico.com\/#\/schema\/logo\/image\/\",\"url\":\"https:\/\/buscoequipomedico.com\/wp-content\/uploads\/2021\/07\/EMM-VPrincipal-scaled.jpg\",\"contentUrl\":\"https:\/\/buscoequipomedico.com\/wp-content\/uploads\/2021\/07\/EMM-VPrincipal-scaled.jpg\",\"width\":2560,\"height\":1058,\"caption\":\"Tu mejor opci\u00f3n Equipo M\u00e9dico M\u00e9xico\"},\"image\":{\"@id\":\"https:\/\/buscoequipomedico.com\/#\/schema\/logo\/image\/\"}}]}<\/script>\n<!-- \/ Yoast SEO plugin. -->","yoast_head_json":{"title":"CONCENTRADOR DE OX\u00cdGENO DE 5 LITROS R-C525DSDR DEVILBISS - Tu mejor opci\u00f3n Equipo M\u00e9dico M\u00e9xico","description":"CONCENTRADOR- DE- OXIGENO- 525DS- DEVILBISS- 5L","robots":{"index":"index","follow":"follow","max-snippet":"max-snippet:-1","max-image-preview":"max-image-preview:large","max-video-preview":"max-video-preview:-1"},"canonical":"https:\/\/buscoequipomedico.com\/?product=concentrador-de-oxigeno-525ds-devilbiss-5l","og_locale":"es_ES","og_type":"article","og_title":"CONCENTRADOR DE OX\u00cdGENO DE 5 LITROS R-C525DSDR DEVILBISS - Tu mejor opci\u00f3n Equipo M\u00e9dico M\u00e9xico","og_description":"CONCENTRADOR- DE- OXIGENO- 525DS- DEVILBISS- 5L","og_url":"https:\/\/buscoequipomedico.com\/?product=concentrador-de-oxigeno-525ds-devilbiss-5l","og_site_name":"Tu mejor opci\u00f3n Equipo M\u00e9dico M\u00e9xico","article_modified_time":"2020-12-05T01:02:44+00:00","og_image":[{"width":800,"height":800,"url":"https:\/\/buscoequipomedico.com\/wp-content\/uploads\/2020\/02\/concentrador-de-oxigeno-de-5-litros-r-c525dsdr-devilbiss-construido-bajo-el-legado-de-confiabilidad-probada-el-concentrador-de-o.png","type":"image\/png"}],"twitter_card":"summary_large_image","twitter_misc":{"Tiempo de lectura":"1 minuto"},"schema":{"@context":"https:\/\/schema.org","@graph":[{"@type":"WebPage","@id":"https:\/\/buscoequipomedico.com\/?product=concentrador-de-oxigeno-525ds-devilbiss-5l","url":"https:\/\/buscoequipomedico.com\/?product=concentrador-de-oxigeno-525ds-devilbiss-5l","name":"CONCENTRADOR DE OX\u00cdGENO DE 5 LITROS R-C525DSDR DEVILBISS - Tu mejor opci\u00f3n Equipo M\u00e9dico M\u00e9xico","isPartOf":{"@id":"https:\/\/buscoequipomedico.com\/#website"},"primaryImageOfPage":{"@id":"https:\/\/buscoequipomedico.com\/?product=concentrador-de-oxigeno-525ds-devilbiss-5l#primaryimage"},"image":{"@id":"https:\/\/buscoequipomedico.com\/?product=concentrador-de-oxigeno-525ds-devilbiss-5l#primaryimage"},"thumbnailUrl":"https:\/\/buscoequipomedico.com\/wp-content\/uploads\/2020\/02\/concentrador-de-oxigeno-de-5-litros-r-c525dsdr-devilbiss-construido-bajo-el-legado-de-confiabilidad-probada-el-concentrador-de-o.png","datePublished":"2020-02-18T07:33:14+00:00","dateModified":"2020-12-05T01:02:44+00:00","description":"CONCENTRADOR- DE- OXIGENO- 525DS- DEVILBISS- 5L","breadcrumb":{"@id":"https:\/\/buscoequipomedico.com\/?product=concentrador-de-oxigeno-525ds-devilbiss-5l#breadcrumb"},"inLanguage":"es","potentialAction":[{"@type":"ReadAction","target":["https:\/\/buscoequipomedico.com\/?product=concentrador-de-oxigeno-525ds-devilbiss-5l"]}]},{"@type":"ImageObject","inLanguage":"es","@id":"https:\/\/buscoequipomedico.com\/?product=concentrador-de-oxigeno-525ds-devilbiss-5l#primaryimage","url":"https:\/\/buscoequipomedico.com\/wp-content\/uploads\/2020\/02\/concentrador-de-oxigeno-de-5-litros-r-c525dsdr-devilbiss-construido-bajo-el-legado-de-confiabilidad-probada-el-concentrador-de-o.png","contentUrl":"https:\/\/buscoequipomedico.com\/wp-content\/uploads\/2020\/02\/concentrador-de-oxigeno-de-5-litros-r-c525dsdr-devilbiss-construido-bajo-el-legado-de-confiabilidad-probada-el-concentrador-de-o.png","width":800,"height":800},{"@type":"BreadcrumbList","@id":"https:\/\/buscoequipomedico.com\/?product=concentrador-de-oxigeno-525ds-devilbiss-5l#breadcrumb","itemListElement":[{"@type":"ListItem","position":1,"name":"Productos","item":"https:\/\/buscoequipomedico.com\/shop\/"},{"@type":"ListItem","position":2,"name":"CONCENTRADOR DE OX\u00cdGENO DE 5 LITROS R-C525DSDR DEVILBISS"}]},{"@type":"WebSite","@id":"https:\/\/buscoequipomedico.com\/#website","url":"https:\/\/buscoequipomedico.com\/","name":"Tu mejor opci\u00f3n Equipo M\u00e9dico M\u00e9xico","description":"Tienda de equipo m\u00e9dico","publisher":{"@id":"https:\/\/buscoequipomedico.com\/#organization"},"potentialAction":[{"@type":"SearchAction","target":{"@type":"EntryPoint","urlTemplate":"https:\/\/buscoequipomedico.com\/?s={search_term_string}"},"query-input":{"@type":"PropertyValueSpecification","valueRequired":true,"valueName":"search_term_string"}}],"inLanguage":"es"},{"@type":"Organization","@id":"https:\/\/buscoequipomedico.com\/#organization","name":"Tu mejor opci\u00f3n Equipo M\u00e9dico M\u00e9xico","url":"https:\/\/buscoequipomedico.com\/","logo":{"@type":"ImageObject","inLanguage":"es","@id":"https:\/\/buscoequipomedico.com\/#\/schema\/logo\/image\/","url":"https:\/\/buscoequipomedico.com\/wp-content\/uploads\/2021\/07\/EMM-VPrincipal-scaled.jpg","contentUrl":"https:\/\/buscoequipomedico.com\/wp-content\/uploads\/2021\/07\/EMM-VPrincipal-scaled.jpg","width":2560,"height":1058,"caption":"Tu mejor opci\u00f3n Equipo M\u00e9dico M\u00e9xico"},"image":{"@id":"https:\/\/buscoequipomedico.com\/#\/schema\/logo\/image\/"}}]}},"_links":{"self":[{"href":"https:\/\/buscoequipomedico.com\/index.php?rest_route=\/wp\/v2\/product\/11588","targetHints":{"allow":["GET"]}}],"collection":[{"href":"https:\/\/buscoequipomedico.com\/index.php?rest_route=\/wp\/v2\/product"}],"about":[{"href":"https:\/\/buscoequipomedico.com\/index.php?rest_route=\/wp\/v2\/types\/product"}],"wp:featuredmedia":[{"embeddable":true,"href":"https:\/\/buscoequipomedico.com\/index.php?rest_route=\/wp\/v2\/media\/13692"}],"wp:attachment":[{"href":"https:\/\/buscoequipomedico.com\/index.php?rest_route=%2Fwp%2Fv2%2Fmedia&parent=11588"}],"wp:term":[{"taxonomy":"product_brand","embeddable":true,"href":"https:\/\/buscoequipomedico.com\/index.php?rest_route=%2Fwp%2Fv2%2Fproduct_brand&post=11588"},{"taxonomy":"product_cat","embeddable":true,"href":"https:\/\/buscoequipomedico.com\/index.php?rest_route=%2Fwp%2Fv2%2Fproduct_cat&post=11588"},{"taxonomy":"product_tag","embeddable":true,"href":"https:\/\/buscoequipomedico.com\/index.php?rest_route=%2Fwp%2Fv2%2Fproduct_tag&post=11588"}],"curies":[{"name":"wp","href":"https:\/\/api.w.org\/{rel}","templated":true}]}}