{"id":11592,"date":"2020-02-18T07:33:14","date_gmt":"2020-02-18T07:33:14","guid":{"rendered":"https:\/\/equipomedicomexico-com.preview-domain.com\/product\/concentrador-02-portatil-airsep-focus\/"},"modified":"2020-02-18T07:33:16","modified_gmt":"2020-02-18T07:33:16","slug":"concentrador-02-portatil-airsep-focus","status":"publish","type":"product","link":"https:\/\/buscoequipomedico.com\/?product=concentrador-02-portatil-airsep-focus","title":{"rendered":"CONCENTRADOR 02 PORTATIL AIRSEP FOCUS"},"content":{"rendered":"<ul>\n<li>Perilla \u00fanica de ajuste (permite modificar f\u00e1cilmente el flujo seg\u00fan la prescripci\u00f3n), de 0.125-5 Lts\/min.<\/li>\n<li>Peso ligero de solo 15.2 kg<\/li>\n<li>Operaci\u00f3n silenciosa: 40 dBA<\/li>\n<li>Compacto<\/li>\n<li>Requerimiento Elec.: 115 Vol \u2013 60 Hz<\/li>\n<li>Ahorro consumo de energ\u00eda: 310 Watts promedio<\/li>\n<li>Alarma de seguridad por fallas de electricidad<\/li>\n<li>Compresor Thomas<\/li>\n<li>Llantas transportadoras para mayor movilidad<\/li>\n<li>F\u00e1cil acceso a filtro y contador de horas<\/li>\n<li>Concentraci\u00f3n de ox\u00edgeno (en 5 LPM): 90% (+6.5% \/ -3%) presi\u00f3n de\u00a0Salida:\u00a07 PSI<\/li>\n<li>Dimensiones 35 cm x 22 cm x 58 cm<\/li>\n<li>Dise\u00f1o aerodin\u00e1mico, sin puntas y con manija integrada<\/li>\n<li>Incluye c\u00e1nula y vaso humidificador<\/li>\n<\/ul>\n","protected":false},"excerpt":{"rendered":"<p>El concentrador port\u00e1til de ox\u00edgeno AirSep Focus es el m\u00e1s peque\u00f1o del mercado.<\/p>\n<p>Sus reducidas dimensiones y su flujo de 2 lpm se adaptan para satisfacer las necesidades de un gran n\u00famero de pacientes.<\/p>\n<p>El concentrador pesa s\u00f3lo 800 gramos (1,2 Kg con las dos bater\u00edas externas)<\/p>\n","protected":false},"featured_media":11593,"template":"","meta":{"_joinchat":[]},"product_brand":[],"product_cat":[213],"product_tag":[],"class_list":{"0":"post-11592","1":"product","2":"type-product","3":"status-publish","4":"has-post-thumbnail","6":"product_cat-concentradores","7":"pa_marca-caire","9":"first","10":"instock","11":"purchasable","12":"product-type-simple"},"yoast_head":"<!-- This site is optimized with the Yoast SEO plugin v25.1 - https:\/\/yoast.com\/wordpress\/plugins\/seo\/ -->\n<title>CONCENTRADOR 02 PORTATIL AIRSEP FOCUS - Tu mejor opci\u00f3n Equipo M\u00e9dico M\u00e9xico<\/title>\n<meta name=\"robots\" content=\"index, follow, max-snippet:-1, max-image-preview:large, max-video-preview:-1\" \/>\n<link rel=\"canonical\" href=\"https:\/\/buscoequipomedico.com\/?product=concentrador-02-portatil-airsep-focus\" \/>\n<meta property=\"og:locale\" content=\"es_ES\" \/>\n<meta property=\"og:type\" content=\"article\" \/>\n<meta property=\"og:title\" content=\"CONCENTRADOR 02 PORTATIL AIRSEP FOCUS - Tu mejor opci\u00f3n Equipo M\u00e9dico M\u00e9xico\" \/>\n<meta property=\"og:description\" content=\"El concentrador port\u00e1til de ox\u00edgeno AirSep Focus es el m\u00e1s peque\u00f1o del mercado. Sus reducidas dimensiones y su flujo de 2 lpm se adaptan para satisfacer las necesidades de un gran n\u00famero de pacientes. El concentrador pesa s\u00f3lo 800 gramos (1,2 Kg con las dos bater\u00edas externas)\" \/>\n<meta property=\"og:url\" content=\"https:\/\/buscoequipomedico.com\/?product=concentrador-02-portatil-airsep-focus\" \/>\n<meta property=\"og:site_name\" content=\"Tu mejor opci\u00f3n Equipo M\u00e9dico M\u00e9xico\" \/>\n<meta property=\"article:modified_time\" content=\"2020-02-18T07:33:16+00:00\" \/>\n<meta property=\"og:image\" content=\"https:\/\/buscoequipomedico.com\/wp-content\/uploads\/2020\/02\/concentrador-02-portatil-airsep-focus-el-concentrador-portatil-de-oxigeno-airsep-focus-es-el-mas-pequeno-del-mercado-sus-reducid.jpg\" \/>\n\t<meta property=\"og:image:width\" content=\"800\" \/>\n\t<meta property=\"og:image:height\" content=\"800\" \/>\n\t<meta property=\"og:image:type\" content=\"image\/png\" \/>\n<meta name=\"twitter:card\" content=\"summary_large_image\" \/>\n<script type=\"application\/ld+json\" class=\"yoast-schema-graph\">{\"@context\":\"https:\/\/schema.org\",\"@graph\":[{\"@type\":\"WebPage\",\"@id\":\"https:\/\/buscoequipomedico.com\/?product=concentrador-02-portatil-airsep-focus\",\"url\":\"https:\/\/buscoequipomedico.com\/?product=concentrador-02-portatil-airsep-focus\",\"name\":\"CONCENTRADOR 02 PORTATIL AIRSEP FOCUS - Tu mejor opci\u00f3n Equipo M\u00e9dico M\u00e9xico\",\"isPartOf\":{\"@id\":\"https:\/\/buscoequipomedico.com\/#website\"},\"primaryImageOfPage\":{\"@id\":\"https:\/\/buscoequipomedico.com\/?product=concentrador-02-portatil-airsep-focus#primaryimage\"},\"image\":{\"@id\":\"https:\/\/buscoequipomedico.com\/?product=concentrador-02-portatil-airsep-focus#primaryimage\"},\"thumbnailUrl\":\"https:\/\/buscoequipomedico.com\/wp-content\/uploads\/2020\/02\/concentrador-02-portatil-airsep-focus-el-concentrador-portatil-de-oxigeno-airsep-focus-es-el-mas-pequeno-del-mercado-sus-reducid.jpg\",\"datePublished\":\"2020-02-18T07:33:14+00:00\",\"dateModified\":\"2020-02-18T07:33:16+00:00\",\"breadcrumb\":{\"@id\":\"https:\/\/buscoequipomedico.com\/?product=concentrador-02-portatil-airsep-focus#breadcrumb\"},\"inLanguage\":\"es\",\"potentialAction\":[{\"@type\":\"ReadAction\",\"target\":[\"https:\/\/buscoequipomedico.com\/?product=concentrador-02-portatil-airsep-focus\"]}]},{\"@type\":\"ImageObject\",\"inLanguage\":\"es\",\"@id\":\"https:\/\/buscoequipomedico.com\/?product=concentrador-02-portatil-airsep-focus#primaryimage\",\"url\":\"https:\/\/buscoequipomedico.com\/wp-content\/uploads\/2020\/02\/concentrador-02-portatil-airsep-focus-el-concentrador-portatil-de-oxigeno-airsep-focus-es-el-mas-pequeno-del-mercado-sus-reducid.jpg\",\"contentUrl\":\"https:\/\/buscoequipomedico.com\/wp-content\/uploads\/2020\/02\/concentrador-02-portatil-airsep-focus-el-concentrador-portatil-de-oxigeno-airsep-focus-es-el-mas-pequeno-del-mercado-sus-reducid.jpg\",\"width\":800,\"height\":800},{\"@type\":\"BreadcrumbList\",\"@id\":\"https:\/\/buscoequipomedico.com\/?product=concentrador-02-portatil-airsep-focus#breadcrumb\",\"itemListElement\":[{\"@type\":\"ListItem\",\"position\":1,\"name\":\"Productos\",\"item\":\"https:\/\/buscoequipomedico.com\/shop\/\"},{\"@type\":\"ListItem\",\"position\":2,\"name\":\"CONCENTRADOR 02 PORTATIL AIRSEP FOCUS\"}]},{\"@type\":\"WebSite\",\"@id\":\"https:\/\/buscoequipomedico.com\/#website\",\"url\":\"https:\/\/buscoequipomedico.com\/\",\"name\":\"Tu mejor opci\u00f3n Equipo M\u00e9dico M\u00e9xico\",\"description\":\"Tienda de equipo m\u00e9dico\",\"publisher\":{\"@id\":\"https:\/\/buscoequipomedico.com\/#organization\"},\"potentialAction\":[{\"@type\":\"SearchAction\",\"target\":{\"@type\":\"EntryPoint\",\"urlTemplate\":\"https:\/\/buscoequipomedico.com\/?s={search_term_string}\"},\"query-input\":{\"@type\":\"PropertyValueSpecification\",\"valueRequired\":true,\"valueName\":\"search_term_string\"}}],\"inLanguage\":\"es\"},{\"@type\":\"Organization\",\"@id\":\"https:\/\/buscoequipomedico.com\/#organization\",\"name\":\"Tu mejor opci\u00f3n Equipo M\u00e9dico M\u00e9xico\",\"url\":\"https:\/\/buscoequipomedico.com\/\",\"logo\":{\"@type\":\"ImageObject\",\"inLanguage\":\"es\",\"@id\":\"https:\/\/buscoequipomedico.com\/#\/schema\/logo\/image\/\",\"url\":\"https:\/\/buscoequipomedico.com\/wp-content\/uploads\/2021\/07\/EMM-VPrincipal-scaled.jpg\",\"contentUrl\":\"https:\/\/buscoequipomedico.com\/wp-content\/uploads\/2021\/07\/EMM-VPrincipal-scaled.jpg\",\"width\":2560,\"height\":1058,\"caption\":\"Tu mejor opci\u00f3n Equipo M\u00e9dico M\u00e9xico\"},\"image\":{\"@id\":\"https:\/\/buscoequipomedico.com\/#\/schema\/logo\/image\/\"}}]}<\/script>\n<!-- \/ Yoast SEO plugin. -->","yoast_head_json":{"title":"CONCENTRADOR 02 PORTATIL AIRSEP FOCUS - Tu mejor opci\u00f3n Equipo M\u00e9dico M\u00e9xico","robots":{"index":"index","follow":"follow","max-snippet":"max-snippet:-1","max-image-preview":"max-image-preview:large","max-video-preview":"max-video-preview:-1"},"canonical":"https:\/\/buscoequipomedico.com\/?product=concentrador-02-portatil-airsep-focus","og_locale":"es_ES","og_type":"article","og_title":"CONCENTRADOR 02 PORTATIL AIRSEP FOCUS - Tu mejor opci\u00f3n Equipo M\u00e9dico M\u00e9xico","og_description":"El concentrador port\u00e1til de ox\u00edgeno AirSep Focus es el m\u00e1s peque\u00f1o del mercado. Sus reducidas dimensiones y su flujo de 2 lpm se adaptan para satisfacer las necesidades de un gran n\u00famero de pacientes. El concentrador pesa s\u00f3lo 800 gramos (1,2 Kg con las dos bater\u00edas externas)","og_url":"https:\/\/buscoequipomedico.com\/?product=concentrador-02-portatil-airsep-focus","og_site_name":"Tu mejor opci\u00f3n Equipo M\u00e9dico M\u00e9xico","article_modified_time":"2020-02-18T07:33:16+00:00","og_image":[{"width":800,"height":800,"url":"https:\/\/buscoequipomedico.com\/wp-content\/uploads\/2020\/02\/concentrador-02-portatil-airsep-focus-el-concentrador-portatil-de-oxigeno-airsep-focus-es-el-mas-pequeno-del-mercado-sus-reducid.jpg","type":"image\/png"}],"twitter_card":"summary_large_image","schema":{"@context":"https:\/\/schema.org","@graph":[{"@type":"WebPage","@id":"https:\/\/buscoequipomedico.com\/?product=concentrador-02-portatil-airsep-focus","url":"https:\/\/buscoequipomedico.com\/?product=concentrador-02-portatil-airsep-focus","name":"CONCENTRADOR 02 PORTATIL AIRSEP FOCUS - Tu mejor opci\u00f3n Equipo M\u00e9dico M\u00e9xico","isPartOf":{"@id":"https:\/\/buscoequipomedico.com\/#website"},"primaryImageOfPage":{"@id":"https:\/\/buscoequipomedico.com\/?product=concentrador-02-portatil-airsep-focus#primaryimage"},"image":{"@id":"https:\/\/buscoequipomedico.com\/?product=concentrador-02-portatil-airsep-focus#primaryimage"},"thumbnailUrl":"https:\/\/buscoequipomedico.com\/wp-content\/uploads\/2020\/02\/concentrador-02-portatil-airsep-focus-el-concentrador-portatil-de-oxigeno-airsep-focus-es-el-mas-pequeno-del-mercado-sus-reducid.jpg","datePublished":"2020-02-18T07:33:14+00:00","dateModified":"2020-02-18T07:33:16+00:00","breadcrumb":{"@id":"https:\/\/buscoequipomedico.com\/?product=concentrador-02-portatil-airsep-focus#breadcrumb"},"inLanguage":"es","potentialAction":[{"@type":"ReadAction","target":["https:\/\/buscoequipomedico.com\/?product=concentrador-02-portatil-airsep-focus"]}]},{"@type":"ImageObject","inLanguage":"es","@id":"https:\/\/buscoequipomedico.com\/?product=concentrador-02-portatil-airsep-focus#primaryimage","url":"https:\/\/buscoequipomedico.com\/wp-content\/uploads\/2020\/02\/concentrador-02-portatil-airsep-focus-el-concentrador-portatil-de-oxigeno-airsep-focus-es-el-mas-pequeno-del-mercado-sus-reducid.jpg","contentUrl":"https:\/\/buscoequipomedico.com\/wp-content\/uploads\/2020\/02\/concentrador-02-portatil-airsep-focus-el-concentrador-portatil-de-oxigeno-airsep-focus-es-el-mas-pequeno-del-mercado-sus-reducid.jpg","width":800,"height":800},{"@type":"BreadcrumbList","@id":"https:\/\/buscoequipomedico.com\/?product=concentrador-02-portatil-airsep-focus#breadcrumb","itemListElement":[{"@type":"ListItem","position":1,"name":"Productos","item":"https:\/\/buscoequipomedico.com\/shop\/"},{"@type":"ListItem","position":2,"name":"CONCENTRADOR 02 PORTATIL AIRSEP FOCUS"}]},{"@type":"WebSite","@id":"https:\/\/buscoequipomedico.com\/#website","url":"https:\/\/buscoequipomedico.com\/","name":"Tu mejor opci\u00f3n Equipo M\u00e9dico M\u00e9xico","description":"Tienda de equipo m\u00e9dico","publisher":{"@id":"https:\/\/buscoequipomedico.com\/#organization"},"potentialAction":[{"@type":"SearchAction","target":{"@type":"EntryPoint","urlTemplate":"https:\/\/buscoequipomedico.com\/?s={search_term_string}"},"query-input":{"@type":"PropertyValueSpecification","valueRequired":true,"valueName":"search_term_string"}}],"inLanguage":"es"},{"@type":"Organization","@id":"https:\/\/buscoequipomedico.com\/#organization","name":"Tu mejor opci\u00f3n Equipo M\u00e9dico M\u00e9xico","url":"https:\/\/buscoequipomedico.com\/","logo":{"@type":"ImageObject","inLanguage":"es","@id":"https:\/\/buscoequipomedico.com\/#\/schema\/logo\/image\/","url":"https:\/\/buscoequipomedico.com\/wp-content\/uploads\/2021\/07\/EMM-VPrincipal-scaled.jpg","contentUrl":"https:\/\/buscoequipomedico.com\/wp-content\/uploads\/2021\/07\/EMM-VPrincipal-scaled.jpg","width":2560,"height":1058,"caption":"Tu mejor opci\u00f3n Equipo M\u00e9dico M\u00e9xico"},"image":{"@id":"https:\/\/buscoequipomedico.com\/#\/schema\/logo\/image\/"}}]}},"_links":{"self":[{"href":"https:\/\/buscoequipomedico.com\/index.php?rest_route=\/wp\/v2\/product\/11592","targetHints":{"allow":["GET"]}}],"collection":[{"href":"https:\/\/buscoequipomedico.com\/index.php?rest_route=\/wp\/v2\/product"}],"about":[{"href":"https:\/\/buscoequipomedico.com\/index.php?rest_route=\/wp\/v2\/types\/product"}],"wp:featuredmedia":[{"embeddable":true,"href":"https:\/\/buscoequipomedico.com\/index.php?rest_route=\/wp\/v2\/media\/11593"}],"wp:attachment":[{"href":"https:\/\/buscoequipomedico.com\/index.php?rest_route=%2Fwp%2Fv2%2Fmedia&parent=11592"}],"wp:term":[{"taxonomy":"product_brand","embeddable":true,"href":"https:\/\/buscoequipomedico.com\/index.php?rest_route=%2Fwp%2Fv2%2Fproduct_brand&post=11592"},{"taxonomy":"product_cat","embeddable":true,"href":"https:\/\/buscoequipomedico.com\/index.php?rest_route=%2Fwp%2Fv2%2Fproduct_cat&post=11592"},{"taxonomy":"product_tag","embeddable":true,"href":"https:\/\/buscoequipomedico.com\/index.php?rest_route=%2Fwp%2Fv2%2Fproduct_tag&post=11592"}],"curies":[{"name":"wp","href":"https:\/\/api.w.org\/{rel}","templated":true}]}}