{"id":11596,"date":"2020-02-18T07:33:14","date_gmt":"2020-02-18T07:33:14","guid":{"rendered":"https:\/\/equipomedicomexico-com.preview-domain.com\/product\/densitometro-oseo-calcaneo-tipo-ultrasonido\/"},"modified":"2020-02-18T07:33:17","modified_gmt":"2020-02-18T07:33:17","slug":"densitometro-oseo-calcaneo-tipo-ultrasonido","status":"publish","type":"product","link":"https:\/\/buscoequipomedico.com\/?product=densitometro-oseo-calcaneo-tipo-ultrasonido","title":{"rendered":"DENSITOMETRO OSEO CALCANEO TIPO ULTRASONIDO"},"content":{"rendered":"<p>\u2022 FLASH MEMORY INTERNA, 10,000 ESTUDIOS<\/p>\n<p>\u2022 LCD MONITOR EXTERNO DE 15\u201d<\/p>\n<p>\u2022 2 IMPRESORAS, IMPRESORA TERMICA INTERNA (B&amp;W), IMPRESORA INKJET COLOR EXTERNA<\/p>\n<p>\u2022 6.4 PULGADAS TFT LCD COLOR \u2013 UNIDAD DE CONTROL<\/p>\n<p>\u2022 TRANSDUCTOR ACOPLADO POR GEL (NO USA AGUA) [MODELO ANTERIOR SONOT2000 CADA 15~30 DIAS, HAY QUE CAMBIAR AGUA, Y A VECES TAMBIEN BOLSA PARA AGUA. EN ESTE MODELO SONOST3000 SIN BOLSA DE AGUA, NADA MAS PONE GEL DE ULTRASONIDO.]<\/p>\n","protected":false},"excerpt":{"rendered":"<p>\u2022 UNIDAD PRINCIPAL [VERSION EN ESPA\u00d1OL]<\/p>\n<p>\u2022 FLASH MEMORY INTEGRADO [SISTEMA OPERATIVO WINDOWS CE],<\/p>\n<p>ARCHIVO 10,000 ESTUDIOS (MEMORIA INTERNA, RESPALDO POR USB MEMORY)<\/p>\n<p>\u2022 MONITOR EXTERNO LCD 15\u201d<\/p>\n<p>\u2022 IMPRESORA TERMICA INTEGRADA [BLANCO Y NEGRO]<\/p>\n<p>\u2022 IMPRESORA INKJET COLOR EXTERNA<\/p>\n<p>\u2022 TECLADO ALFANUMERICO EXTERNO<\/p>\n<p>\u2022 MOUSE USB TYPE EXTERNO<\/p>\n<p>\u2022 MESA\/CARRO PARA EQUIPO<\/p>\n","protected":false},"featured_media":11597,"template":"","meta":{"_joinchat":[]},"product_brand":[],"product_cat":[217],"product_tag":[],"class_list":{"0":"post-11596","1":"product","2":"type-product","3":"status-publish","4":"has-post-thumbnail","6":"product_cat-densitometros","7":"pa_marca-osteosys","9":"first","10":"instock","11":"purchasable","12":"product-type-simple"},"yoast_head":"<!-- This site is optimized with the Yoast SEO plugin v25.1 - https:\/\/yoast.com\/wordpress\/plugins\/seo\/ -->\n<title>DENSITOMETRO OSEO CALCANEO TIPO ULTRASONIDO - Tu mejor opci\u00f3n Equipo M\u00e9dico M\u00e9xico<\/title>\n<meta name=\"robots\" content=\"index, follow, max-snippet:-1, max-image-preview:large, max-video-preview:-1\" \/>\n<link rel=\"canonical\" href=\"https:\/\/buscoequipomedico.com\/?product=densitometro-oseo-calcaneo-tipo-ultrasonido\" \/>\n<meta property=\"og:locale\" content=\"es_ES\" \/>\n<meta property=\"og:type\" content=\"article\" \/>\n<meta property=\"og:title\" content=\"DENSITOMETRO OSEO CALCANEO TIPO ULTRASONIDO - Tu mejor opci\u00f3n Equipo M\u00e9dico M\u00e9xico\" \/>\n<meta property=\"og:description\" content=\"\u2022 UNIDAD PRINCIPAL [VERSION EN ESPA\u00d1OL] \u2022 FLASH MEMORY INTEGRADO [SISTEMA OPERATIVO WINDOWS CE], ARCHIVO 10,000 ESTUDIOS (MEMORIA INTERNA, RESPALDO POR USB MEMORY) \u2022 MONITOR EXTERNO LCD 15\u201d \u2022 IMPRESORA TERMICA INTEGRADA [BLANCO Y NEGRO] \u2022 IMPRESORA INKJET COLOR EXTERNA \u2022 TECLADO ALFANUMERICO EXTERNO \u2022 MOUSE USB TYPE EXTERNO \u2022 MESA\/CARRO PARA EQUIPO\" \/>\n<meta property=\"og:url\" content=\"https:\/\/buscoequipomedico.com\/?product=densitometro-oseo-calcaneo-tipo-ultrasonido\" \/>\n<meta property=\"og:site_name\" content=\"Tu mejor opci\u00f3n Equipo M\u00e9dico M\u00e9xico\" \/>\n<meta property=\"article:modified_time\" content=\"2020-02-18T07:33:17+00:00\" \/>\n<meta property=\"og:image\" content=\"https:\/\/buscoequipomedico.com\/wp-content\/uploads\/2020\/02\/densitometro-oseo-calcaneo-tipo-ultrasonido-o-unidad-principal-version-en-espanol-o-flash-memory-integrado-sistema-operativo-win.jpg\" \/>\n\t<meta property=\"og:image:width\" content=\"800\" \/>\n\t<meta property=\"og:image:height\" content=\"800\" \/>\n\t<meta property=\"og:image:type\" content=\"image\/png\" \/>\n<meta name=\"twitter:card\" content=\"summary_large_image\" \/>\n<script type=\"application\/ld+json\" class=\"yoast-schema-graph\">{\"@context\":\"https:\/\/schema.org\",\"@graph\":[{\"@type\":\"WebPage\",\"@id\":\"https:\/\/buscoequipomedico.com\/?product=densitometro-oseo-calcaneo-tipo-ultrasonido\",\"url\":\"https:\/\/buscoequipomedico.com\/?product=densitometro-oseo-calcaneo-tipo-ultrasonido\",\"name\":\"DENSITOMETRO OSEO CALCANEO TIPO ULTRASONIDO - Tu mejor opci\u00f3n Equipo M\u00e9dico M\u00e9xico\",\"isPartOf\":{\"@id\":\"https:\/\/buscoequipomedico.com\/#website\"},\"primaryImageOfPage\":{\"@id\":\"https:\/\/buscoequipomedico.com\/?product=densitometro-oseo-calcaneo-tipo-ultrasonido#primaryimage\"},\"image\":{\"@id\":\"https:\/\/buscoequipomedico.com\/?product=densitometro-oseo-calcaneo-tipo-ultrasonido#primaryimage\"},\"thumbnailUrl\":\"https:\/\/buscoequipomedico.com\/wp-content\/uploads\/2020\/02\/densitometro-oseo-calcaneo-tipo-ultrasonido-o-unidad-principal-version-en-espanol-o-flash-memory-integrado-sistema-operativo-win.jpg\",\"datePublished\":\"2020-02-18T07:33:14+00:00\",\"dateModified\":\"2020-02-18T07:33:17+00:00\",\"breadcrumb\":{\"@id\":\"https:\/\/buscoequipomedico.com\/?product=densitometro-oseo-calcaneo-tipo-ultrasonido#breadcrumb\"},\"inLanguage\":\"es\",\"potentialAction\":[{\"@type\":\"ReadAction\",\"target\":[\"https:\/\/buscoequipomedico.com\/?product=densitometro-oseo-calcaneo-tipo-ultrasonido\"]}]},{\"@type\":\"ImageObject\",\"inLanguage\":\"es\",\"@id\":\"https:\/\/buscoequipomedico.com\/?product=densitometro-oseo-calcaneo-tipo-ultrasonido#primaryimage\",\"url\":\"https:\/\/buscoequipomedico.com\/wp-content\/uploads\/2020\/02\/densitometro-oseo-calcaneo-tipo-ultrasonido-o-unidad-principal-version-en-espanol-o-flash-memory-integrado-sistema-operativo-win.jpg\",\"contentUrl\":\"https:\/\/buscoequipomedico.com\/wp-content\/uploads\/2020\/02\/densitometro-oseo-calcaneo-tipo-ultrasonido-o-unidad-principal-version-en-espanol-o-flash-memory-integrado-sistema-operativo-win.jpg\",\"width\":800,\"height\":800},{\"@type\":\"BreadcrumbList\",\"@id\":\"https:\/\/buscoequipomedico.com\/?product=densitometro-oseo-calcaneo-tipo-ultrasonido#breadcrumb\",\"itemListElement\":[{\"@type\":\"ListItem\",\"position\":1,\"name\":\"Productos\",\"item\":\"https:\/\/buscoequipomedico.com\/shop\/\"},{\"@type\":\"ListItem\",\"position\":2,\"name\":\"DENSITOMETRO OSEO CALCANEO TIPO ULTRASONIDO\"}]},{\"@type\":\"WebSite\",\"@id\":\"https:\/\/buscoequipomedico.com\/#website\",\"url\":\"https:\/\/buscoequipomedico.com\/\",\"name\":\"Tu mejor opci\u00f3n Equipo M\u00e9dico M\u00e9xico\",\"description\":\"Tienda de equipo m\u00e9dico\",\"publisher\":{\"@id\":\"https:\/\/buscoequipomedico.com\/#organization\"},\"potentialAction\":[{\"@type\":\"SearchAction\",\"target\":{\"@type\":\"EntryPoint\",\"urlTemplate\":\"https:\/\/buscoequipomedico.com\/?s={search_term_string}\"},\"query-input\":{\"@type\":\"PropertyValueSpecification\",\"valueRequired\":true,\"valueName\":\"search_term_string\"}}],\"inLanguage\":\"es\"},{\"@type\":\"Organization\",\"@id\":\"https:\/\/buscoequipomedico.com\/#organization\",\"name\":\"Tu mejor opci\u00f3n Equipo M\u00e9dico M\u00e9xico\",\"url\":\"https:\/\/buscoequipomedico.com\/\",\"logo\":{\"@type\":\"ImageObject\",\"inLanguage\":\"es\",\"@id\":\"https:\/\/buscoequipomedico.com\/#\/schema\/logo\/image\/\",\"url\":\"https:\/\/buscoequipomedico.com\/wp-content\/uploads\/2021\/07\/EMM-VPrincipal-scaled.jpg\",\"contentUrl\":\"https:\/\/buscoequipomedico.com\/wp-content\/uploads\/2021\/07\/EMM-VPrincipal-scaled.jpg\",\"width\":2560,\"height\":1058,\"caption\":\"Tu mejor opci\u00f3n Equipo M\u00e9dico M\u00e9xico\"},\"image\":{\"@id\":\"https:\/\/buscoequipomedico.com\/#\/schema\/logo\/image\/\"}}]}<\/script>\n<!-- \/ Yoast SEO plugin. -->","yoast_head_json":{"title":"DENSITOMETRO OSEO CALCANEO TIPO ULTRASONIDO - Tu mejor opci\u00f3n Equipo M\u00e9dico M\u00e9xico","robots":{"index":"index","follow":"follow","max-snippet":"max-snippet:-1","max-image-preview":"max-image-preview:large","max-video-preview":"max-video-preview:-1"},"canonical":"https:\/\/buscoequipomedico.com\/?product=densitometro-oseo-calcaneo-tipo-ultrasonido","og_locale":"es_ES","og_type":"article","og_title":"DENSITOMETRO OSEO CALCANEO TIPO ULTRASONIDO - Tu mejor opci\u00f3n Equipo M\u00e9dico M\u00e9xico","og_description":"\u2022 UNIDAD PRINCIPAL [VERSION EN ESPA\u00d1OL] \u2022 FLASH MEMORY INTEGRADO [SISTEMA OPERATIVO WINDOWS CE], ARCHIVO 10,000 ESTUDIOS (MEMORIA INTERNA, RESPALDO POR USB MEMORY) \u2022 MONITOR EXTERNO LCD 15\u201d \u2022 IMPRESORA TERMICA INTEGRADA [BLANCO Y NEGRO] \u2022 IMPRESORA INKJET COLOR EXTERNA \u2022 TECLADO ALFANUMERICO EXTERNO \u2022 MOUSE USB TYPE EXTERNO \u2022 MESA\/CARRO PARA EQUIPO","og_url":"https:\/\/buscoequipomedico.com\/?product=densitometro-oseo-calcaneo-tipo-ultrasonido","og_site_name":"Tu mejor opci\u00f3n Equipo M\u00e9dico M\u00e9xico","article_modified_time":"2020-02-18T07:33:17+00:00","og_image":[{"width":800,"height":800,"url":"https:\/\/buscoequipomedico.com\/wp-content\/uploads\/2020\/02\/densitometro-oseo-calcaneo-tipo-ultrasonido-o-unidad-principal-version-en-espanol-o-flash-memory-integrado-sistema-operativo-win.jpg","type":"image\/png"}],"twitter_card":"summary_large_image","schema":{"@context":"https:\/\/schema.org","@graph":[{"@type":"WebPage","@id":"https:\/\/buscoequipomedico.com\/?product=densitometro-oseo-calcaneo-tipo-ultrasonido","url":"https:\/\/buscoequipomedico.com\/?product=densitometro-oseo-calcaneo-tipo-ultrasonido","name":"DENSITOMETRO OSEO CALCANEO TIPO ULTRASONIDO - Tu mejor opci\u00f3n Equipo M\u00e9dico M\u00e9xico","isPartOf":{"@id":"https:\/\/buscoequipomedico.com\/#website"},"primaryImageOfPage":{"@id":"https:\/\/buscoequipomedico.com\/?product=densitometro-oseo-calcaneo-tipo-ultrasonido#primaryimage"},"image":{"@id":"https:\/\/buscoequipomedico.com\/?product=densitometro-oseo-calcaneo-tipo-ultrasonido#primaryimage"},"thumbnailUrl":"https:\/\/buscoequipomedico.com\/wp-content\/uploads\/2020\/02\/densitometro-oseo-calcaneo-tipo-ultrasonido-o-unidad-principal-version-en-espanol-o-flash-memory-integrado-sistema-operativo-win.jpg","datePublished":"2020-02-18T07:33:14+00:00","dateModified":"2020-02-18T07:33:17+00:00","breadcrumb":{"@id":"https:\/\/buscoequipomedico.com\/?product=densitometro-oseo-calcaneo-tipo-ultrasonido#breadcrumb"},"inLanguage":"es","potentialAction":[{"@type":"ReadAction","target":["https:\/\/buscoequipomedico.com\/?product=densitometro-oseo-calcaneo-tipo-ultrasonido"]}]},{"@type":"ImageObject","inLanguage":"es","@id":"https:\/\/buscoequipomedico.com\/?product=densitometro-oseo-calcaneo-tipo-ultrasonido#primaryimage","url":"https:\/\/buscoequipomedico.com\/wp-content\/uploads\/2020\/02\/densitometro-oseo-calcaneo-tipo-ultrasonido-o-unidad-principal-version-en-espanol-o-flash-memory-integrado-sistema-operativo-win.jpg","contentUrl":"https:\/\/buscoequipomedico.com\/wp-content\/uploads\/2020\/02\/densitometro-oseo-calcaneo-tipo-ultrasonido-o-unidad-principal-version-en-espanol-o-flash-memory-integrado-sistema-operativo-win.jpg","width":800,"height":800},{"@type":"BreadcrumbList","@id":"https:\/\/buscoequipomedico.com\/?product=densitometro-oseo-calcaneo-tipo-ultrasonido#breadcrumb","itemListElement":[{"@type":"ListItem","position":1,"name":"Productos","item":"https:\/\/buscoequipomedico.com\/shop\/"},{"@type":"ListItem","position":2,"name":"DENSITOMETRO OSEO CALCANEO TIPO ULTRASONIDO"}]},{"@type":"WebSite","@id":"https:\/\/buscoequipomedico.com\/#website","url":"https:\/\/buscoequipomedico.com\/","name":"Tu mejor opci\u00f3n Equipo M\u00e9dico M\u00e9xico","description":"Tienda de equipo m\u00e9dico","publisher":{"@id":"https:\/\/buscoequipomedico.com\/#organization"},"potentialAction":[{"@type":"SearchAction","target":{"@type":"EntryPoint","urlTemplate":"https:\/\/buscoequipomedico.com\/?s={search_term_string}"},"query-input":{"@type":"PropertyValueSpecification","valueRequired":true,"valueName":"search_term_string"}}],"inLanguage":"es"},{"@type":"Organization","@id":"https:\/\/buscoequipomedico.com\/#organization","name":"Tu mejor opci\u00f3n Equipo M\u00e9dico M\u00e9xico","url":"https:\/\/buscoequipomedico.com\/","logo":{"@type":"ImageObject","inLanguage":"es","@id":"https:\/\/buscoequipomedico.com\/#\/schema\/logo\/image\/","url":"https:\/\/buscoequipomedico.com\/wp-content\/uploads\/2021\/07\/EMM-VPrincipal-scaled.jpg","contentUrl":"https:\/\/buscoequipomedico.com\/wp-content\/uploads\/2021\/07\/EMM-VPrincipal-scaled.jpg","width":2560,"height":1058,"caption":"Tu mejor opci\u00f3n Equipo M\u00e9dico M\u00e9xico"},"image":{"@id":"https:\/\/buscoequipomedico.com\/#\/schema\/logo\/image\/"}}]}},"_links":{"self":[{"href":"https:\/\/buscoequipomedico.com\/index.php?rest_route=\/wp\/v2\/product\/11596","targetHints":{"allow":["GET"]}}],"collection":[{"href":"https:\/\/buscoequipomedico.com\/index.php?rest_route=\/wp\/v2\/product"}],"about":[{"href":"https:\/\/buscoequipomedico.com\/index.php?rest_route=\/wp\/v2\/types\/product"}],"wp:featuredmedia":[{"embeddable":true,"href":"https:\/\/buscoequipomedico.com\/index.php?rest_route=\/wp\/v2\/media\/11597"}],"wp:attachment":[{"href":"https:\/\/buscoequipomedico.com\/index.php?rest_route=%2Fwp%2Fv2%2Fmedia&parent=11596"}],"wp:term":[{"taxonomy":"product_brand","embeddable":true,"href":"https:\/\/buscoequipomedico.com\/index.php?rest_route=%2Fwp%2Fv2%2Fproduct_brand&post=11596"},{"taxonomy":"product_cat","embeddable":true,"href":"https:\/\/buscoequipomedico.com\/index.php?rest_route=%2Fwp%2Fv2%2Fproduct_cat&post=11596"},{"taxonomy":"product_tag","embeddable":true,"href":"https:\/\/buscoequipomedico.com\/index.php?rest_route=%2Fwp%2Fv2%2Fproduct_tag&post=11596"}],"curies":[{"name":"wp","href":"https:\/\/api.w.org\/{rel}","templated":true}]}}