{"id":11598,"date":"2020-02-18T07:33:14","date_gmt":"2020-02-18T07:33:14","guid":{"rendered":"https:\/\/equipomedicomexico-com.preview-domain.com\/product\/densitometro-oseo-dxa-cuerpo-completo\/"},"modified":"2020-02-18T07:33:17","modified_gmt":"2020-02-18T07:33:17","slug":"densitometro-oseo-dxa-cuerpo-completo","status":"publish","type":"product","link":"https:\/\/buscoequipomedico.com\/?product=densitometro-oseo-dxa-cuerpo-completo","title":{"rendered":"DENSITOMETRO OSEO DXA CUERPO COMPLETO"},"content":{"rendered":"<p>Esta herramienta se puede utilizar para evaluar la proximal del f\u00e9mur geom\u00e9trico, por lo que puede el<\/p>\n<p>an\u00e1lisis de la estructura de la cadera para Dural f\u00e9mur; identifica el f\u00e9mur m\u00e1s d\u00e9bil Alta<\/p>\n<p>An\u00e1lisis cuello HAL (Hip Axis Length)<\/p>\n<p>FMSA (\u00e1ngulo del cuello del f\u00e9mur eje)<\/p>\n<p>FNW (Anchura del cuello femoral)<\/p>\n<p>UFN-DMO (superior del cuello femoral DMO)<\/p>\n<p>Totalmente equipado con capacidades DICOM, almacenar, imprimir informes y transferir al paciente.<\/p>\n<p>Se excluye autom\u00e1ticamente las pr\u00f3tesis de cadera, fijaciones met\u00e1licas y otros artefactos de la regi\u00f3n<\/p>\n<p>de an\u00e1lisis para obtener resultados precisos de la densidad \u00f3sea.<\/p>\n<p>Proporcionar\u00e1 al usuario una interfaz de usuario sencilla e \u00edntima el usuario intuitivamente sabe c\u00f3mo<\/p>\n<p>hacerlo funcionar debido a la asistencia a las funciones del software atomizadas.<\/p>\n<p>Tiempo de exploraci\u00f3n para f\u00e9mur y la columna es de 25 segundos.<\/p>\n","protected":false},"excerpt":{"rendered":"<p>\u2022 Unidad Principal con accesorios<\/p>\n<p>\u2022 Computadora \/ Monitor 15\u201d \/ mesa para PC y Monitor \/ Impresora InkJet<\/p>\n","protected":false},"featured_media":11599,"template":"","meta":{"_joinchat":[]},"product_brand":[],"product_cat":[217],"product_tag":[],"class_list":{"0":"post-11598","1":"product","2":"type-product","3":"status-publish","4":"has-post-thumbnail","6":"product_cat-densitometros","7":"pa_marca-osteosys","9":"first","10":"instock","11":"purchasable","12":"product-type-simple"},"yoast_head":"<!-- This site is optimized with the Yoast SEO plugin v25.1 - https:\/\/yoast.com\/wordpress\/plugins\/seo\/ -->\n<title>DENSITOMETRO OSEO DXA CUERPO COMPLETO - Tu mejor opci\u00f3n Equipo M\u00e9dico M\u00e9xico<\/title>\n<meta name=\"robots\" content=\"index, follow, max-snippet:-1, max-image-preview:large, max-video-preview:-1\" \/>\n<link rel=\"canonical\" href=\"https:\/\/buscoequipomedico.com\/?product=densitometro-oseo-dxa-cuerpo-completo\" \/>\n<meta property=\"og:locale\" content=\"es_ES\" \/>\n<meta property=\"og:type\" content=\"article\" \/>\n<meta property=\"og:title\" content=\"DENSITOMETRO OSEO DXA CUERPO COMPLETO - Tu mejor opci\u00f3n Equipo M\u00e9dico M\u00e9xico\" \/>\n<meta property=\"og:description\" content=\"\u2022 Unidad Principal con accesorios \u2022 Computadora \/ Monitor 15\u201d \/ mesa para PC y Monitor \/ Impresora InkJet\" \/>\n<meta property=\"og:url\" content=\"https:\/\/buscoequipomedico.com\/?product=densitometro-oseo-dxa-cuerpo-completo\" \/>\n<meta property=\"og:site_name\" content=\"Tu mejor opci\u00f3n Equipo M\u00e9dico M\u00e9xico\" \/>\n<meta property=\"article:modified_time\" content=\"2020-02-18T07:33:17+00:00\" \/>\n<meta property=\"og:image\" content=\"https:\/\/buscoequipomedico.com\/wp-content\/uploads\/2020\/02\/densitometro-oseo-dxa-cuerpo-completo-o-unidad-principal-con-accesorios-o-computadora-monitor-15-mesa-para-pc-y-monitor-impresor.jpg\" \/>\n\t<meta property=\"og:image:width\" content=\"800\" \/>\n\t<meta property=\"og:image:height\" content=\"800\" \/>\n\t<meta property=\"og:image:type\" content=\"image\/png\" \/>\n<meta name=\"twitter:card\" content=\"summary_large_image\" \/>\n<meta name=\"twitter:label1\" content=\"Tiempo de lectura\" \/>\n\t<meta name=\"twitter:data1\" content=\"1 minuto\" \/>\n<script type=\"application\/ld+json\" class=\"yoast-schema-graph\">{\"@context\":\"https:\/\/schema.org\",\"@graph\":[{\"@type\":\"WebPage\",\"@id\":\"https:\/\/buscoequipomedico.com\/?product=densitometro-oseo-dxa-cuerpo-completo\",\"url\":\"https:\/\/buscoequipomedico.com\/?product=densitometro-oseo-dxa-cuerpo-completo\",\"name\":\"DENSITOMETRO OSEO DXA CUERPO COMPLETO - Tu mejor opci\u00f3n Equipo M\u00e9dico M\u00e9xico\",\"isPartOf\":{\"@id\":\"https:\/\/buscoequipomedico.com\/#website\"},\"primaryImageOfPage\":{\"@id\":\"https:\/\/buscoequipomedico.com\/?product=densitometro-oseo-dxa-cuerpo-completo#primaryimage\"},\"image\":{\"@id\":\"https:\/\/buscoequipomedico.com\/?product=densitometro-oseo-dxa-cuerpo-completo#primaryimage\"},\"thumbnailUrl\":\"https:\/\/buscoequipomedico.com\/wp-content\/uploads\/2020\/02\/densitometro-oseo-dxa-cuerpo-completo-o-unidad-principal-con-accesorios-o-computadora-monitor-15-mesa-para-pc-y-monitor-impresor.jpg\",\"datePublished\":\"2020-02-18T07:33:14+00:00\",\"dateModified\":\"2020-02-18T07:33:17+00:00\",\"breadcrumb\":{\"@id\":\"https:\/\/buscoequipomedico.com\/?product=densitometro-oseo-dxa-cuerpo-completo#breadcrumb\"},\"inLanguage\":\"es\",\"potentialAction\":[{\"@type\":\"ReadAction\",\"target\":[\"https:\/\/buscoequipomedico.com\/?product=densitometro-oseo-dxa-cuerpo-completo\"]}]},{\"@type\":\"ImageObject\",\"inLanguage\":\"es\",\"@id\":\"https:\/\/buscoequipomedico.com\/?product=densitometro-oseo-dxa-cuerpo-completo#primaryimage\",\"url\":\"https:\/\/buscoequipomedico.com\/wp-content\/uploads\/2020\/02\/densitometro-oseo-dxa-cuerpo-completo-o-unidad-principal-con-accesorios-o-computadora-monitor-15-mesa-para-pc-y-monitor-impresor.jpg\",\"contentUrl\":\"https:\/\/buscoequipomedico.com\/wp-content\/uploads\/2020\/02\/densitometro-oseo-dxa-cuerpo-completo-o-unidad-principal-con-accesorios-o-computadora-monitor-15-mesa-para-pc-y-monitor-impresor.jpg\",\"width\":800,\"height\":800},{\"@type\":\"BreadcrumbList\",\"@id\":\"https:\/\/buscoequipomedico.com\/?product=densitometro-oseo-dxa-cuerpo-completo#breadcrumb\",\"itemListElement\":[{\"@type\":\"ListItem\",\"position\":1,\"name\":\"Productos\",\"item\":\"https:\/\/buscoequipomedico.com\/shop\/\"},{\"@type\":\"ListItem\",\"position\":2,\"name\":\"DENSITOMETRO OSEO DXA CUERPO COMPLETO\"}]},{\"@type\":\"WebSite\",\"@id\":\"https:\/\/buscoequipomedico.com\/#website\",\"url\":\"https:\/\/buscoequipomedico.com\/\",\"name\":\"Tu mejor opci\u00f3n Equipo M\u00e9dico M\u00e9xico\",\"description\":\"Tienda de equipo m\u00e9dico\",\"publisher\":{\"@id\":\"https:\/\/buscoequipomedico.com\/#organization\"},\"potentialAction\":[{\"@type\":\"SearchAction\",\"target\":{\"@type\":\"EntryPoint\",\"urlTemplate\":\"https:\/\/buscoequipomedico.com\/?s={search_term_string}\"},\"query-input\":{\"@type\":\"PropertyValueSpecification\",\"valueRequired\":true,\"valueName\":\"search_term_string\"}}],\"inLanguage\":\"es\"},{\"@type\":\"Organization\",\"@id\":\"https:\/\/buscoequipomedico.com\/#organization\",\"name\":\"Tu mejor opci\u00f3n Equipo M\u00e9dico M\u00e9xico\",\"url\":\"https:\/\/buscoequipomedico.com\/\",\"logo\":{\"@type\":\"ImageObject\",\"inLanguage\":\"es\",\"@id\":\"https:\/\/buscoequipomedico.com\/#\/schema\/logo\/image\/\",\"url\":\"https:\/\/buscoequipomedico.com\/wp-content\/uploads\/2021\/07\/EMM-VPrincipal-scaled.jpg\",\"contentUrl\":\"https:\/\/buscoequipomedico.com\/wp-content\/uploads\/2021\/07\/EMM-VPrincipal-scaled.jpg\",\"width\":2560,\"height\":1058,\"caption\":\"Tu mejor opci\u00f3n Equipo M\u00e9dico M\u00e9xico\"},\"image\":{\"@id\":\"https:\/\/buscoequipomedico.com\/#\/schema\/logo\/image\/\"}}]}<\/script>\n<!-- \/ Yoast SEO plugin. -->","yoast_head_json":{"title":"DENSITOMETRO OSEO DXA CUERPO COMPLETO - Tu mejor opci\u00f3n Equipo M\u00e9dico M\u00e9xico","robots":{"index":"index","follow":"follow","max-snippet":"max-snippet:-1","max-image-preview":"max-image-preview:large","max-video-preview":"max-video-preview:-1"},"canonical":"https:\/\/buscoequipomedico.com\/?product=densitometro-oseo-dxa-cuerpo-completo","og_locale":"es_ES","og_type":"article","og_title":"DENSITOMETRO OSEO DXA CUERPO COMPLETO - Tu mejor opci\u00f3n Equipo M\u00e9dico M\u00e9xico","og_description":"\u2022 Unidad Principal con accesorios \u2022 Computadora \/ Monitor 15\u201d \/ mesa para PC y Monitor \/ Impresora InkJet","og_url":"https:\/\/buscoequipomedico.com\/?product=densitometro-oseo-dxa-cuerpo-completo","og_site_name":"Tu mejor opci\u00f3n Equipo M\u00e9dico M\u00e9xico","article_modified_time":"2020-02-18T07:33:17+00:00","og_image":[{"width":800,"height":800,"url":"https:\/\/buscoequipomedico.com\/wp-content\/uploads\/2020\/02\/densitometro-oseo-dxa-cuerpo-completo-o-unidad-principal-con-accesorios-o-computadora-monitor-15-mesa-para-pc-y-monitor-impresor.jpg","type":"image\/png"}],"twitter_card":"summary_large_image","twitter_misc":{"Tiempo de lectura":"1 minuto"},"schema":{"@context":"https:\/\/schema.org","@graph":[{"@type":"WebPage","@id":"https:\/\/buscoequipomedico.com\/?product=densitometro-oseo-dxa-cuerpo-completo","url":"https:\/\/buscoequipomedico.com\/?product=densitometro-oseo-dxa-cuerpo-completo","name":"DENSITOMETRO OSEO DXA CUERPO COMPLETO - Tu mejor opci\u00f3n Equipo M\u00e9dico M\u00e9xico","isPartOf":{"@id":"https:\/\/buscoequipomedico.com\/#website"},"primaryImageOfPage":{"@id":"https:\/\/buscoequipomedico.com\/?product=densitometro-oseo-dxa-cuerpo-completo#primaryimage"},"image":{"@id":"https:\/\/buscoequipomedico.com\/?product=densitometro-oseo-dxa-cuerpo-completo#primaryimage"},"thumbnailUrl":"https:\/\/buscoequipomedico.com\/wp-content\/uploads\/2020\/02\/densitometro-oseo-dxa-cuerpo-completo-o-unidad-principal-con-accesorios-o-computadora-monitor-15-mesa-para-pc-y-monitor-impresor.jpg","datePublished":"2020-02-18T07:33:14+00:00","dateModified":"2020-02-18T07:33:17+00:00","breadcrumb":{"@id":"https:\/\/buscoequipomedico.com\/?product=densitometro-oseo-dxa-cuerpo-completo#breadcrumb"},"inLanguage":"es","potentialAction":[{"@type":"ReadAction","target":["https:\/\/buscoequipomedico.com\/?product=densitometro-oseo-dxa-cuerpo-completo"]}]},{"@type":"ImageObject","inLanguage":"es","@id":"https:\/\/buscoequipomedico.com\/?product=densitometro-oseo-dxa-cuerpo-completo#primaryimage","url":"https:\/\/buscoequipomedico.com\/wp-content\/uploads\/2020\/02\/densitometro-oseo-dxa-cuerpo-completo-o-unidad-principal-con-accesorios-o-computadora-monitor-15-mesa-para-pc-y-monitor-impresor.jpg","contentUrl":"https:\/\/buscoequipomedico.com\/wp-content\/uploads\/2020\/02\/densitometro-oseo-dxa-cuerpo-completo-o-unidad-principal-con-accesorios-o-computadora-monitor-15-mesa-para-pc-y-monitor-impresor.jpg","width":800,"height":800},{"@type":"BreadcrumbList","@id":"https:\/\/buscoequipomedico.com\/?product=densitometro-oseo-dxa-cuerpo-completo#breadcrumb","itemListElement":[{"@type":"ListItem","position":1,"name":"Productos","item":"https:\/\/buscoequipomedico.com\/shop\/"},{"@type":"ListItem","position":2,"name":"DENSITOMETRO OSEO DXA CUERPO COMPLETO"}]},{"@type":"WebSite","@id":"https:\/\/buscoequipomedico.com\/#website","url":"https:\/\/buscoequipomedico.com\/","name":"Tu mejor opci\u00f3n Equipo M\u00e9dico M\u00e9xico","description":"Tienda de equipo m\u00e9dico","publisher":{"@id":"https:\/\/buscoequipomedico.com\/#organization"},"potentialAction":[{"@type":"SearchAction","target":{"@type":"EntryPoint","urlTemplate":"https:\/\/buscoequipomedico.com\/?s={search_term_string}"},"query-input":{"@type":"PropertyValueSpecification","valueRequired":true,"valueName":"search_term_string"}}],"inLanguage":"es"},{"@type":"Organization","@id":"https:\/\/buscoequipomedico.com\/#organization","name":"Tu mejor opci\u00f3n Equipo M\u00e9dico M\u00e9xico","url":"https:\/\/buscoequipomedico.com\/","logo":{"@type":"ImageObject","inLanguage":"es","@id":"https:\/\/buscoequipomedico.com\/#\/schema\/logo\/image\/","url":"https:\/\/buscoequipomedico.com\/wp-content\/uploads\/2021\/07\/EMM-VPrincipal-scaled.jpg","contentUrl":"https:\/\/buscoequipomedico.com\/wp-content\/uploads\/2021\/07\/EMM-VPrincipal-scaled.jpg","width":2560,"height":1058,"caption":"Tu mejor opci\u00f3n Equipo M\u00e9dico M\u00e9xico"},"image":{"@id":"https:\/\/buscoequipomedico.com\/#\/schema\/logo\/image\/"}}]}},"_links":{"self":[{"href":"https:\/\/buscoequipomedico.com\/index.php?rest_route=\/wp\/v2\/product\/11598","targetHints":{"allow":["GET"]}}],"collection":[{"href":"https:\/\/buscoequipomedico.com\/index.php?rest_route=\/wp\/v2\/product"}],"about":[{"href":"https:\/\/buscoequipomedico.com\/index.php?rest_route=\/wp\/v2\/types\/product"}],"wp:featuredmedia":[{"embeddable":true,"href":"https:\/\/buscoequipomedico.com\/index.php?rest_route=\/wp\/v2\/media\/11599"}],"wp:attachment":[{"href":"https:\/\/buscoequipomedico.com\/index.php?rest_route=%2Fwp%2Fv2%2Fmedia&parent=11598"}],"wp:term":[{"taxonomy":"product_brand","embeddable":true,"href":"https:\/\/buscoequipomedico.com\/index.php?rest_route=%2Fwp%2Fv2%2Fproduct_brand&post=11598"},{"taxonomy":"product_cat","embeddable":true,"href":"https:\/\/buscoequipomedico.com\/index.php?rest_route=%2Fwp%2Fv2%2Fproduct_cat&post=11598"},{"taxonomy":"product_tag","embeddable":true,"href":"https:\/\/buscoequipomedico.com\/index.php?rest_route=%2Fwp%2Fv2%2Fproduct_tag&post=11598"}],"curies":[{"name":"wp","href":"https:\/\/api.w.org\/{rel}","templated":true}]}}