{"id":11600,"date":"2020-02-18T07:33:14","date_gmt":"2020-02-18T07:33:14","guid":{"rendered":"https:\/\/equipomedicomexico-com.preview-domain.com\/product\/densitometro-oseo-axial-de-rayos-x\/"},"modified":"2020-02-18T07:33:17","modified_gmt":"2020-02-18T07:33:17","slug":"densitometro-oseo-axial-de-rayos-x","status":"publish","type":"product","link":"https:\/\/buscoequipomedico.com\/?product=densitometro-oseo-axial-de-rayos-x","title":{"rendered":"DENSITOMETRO OSEO AXIAL DE RAYOS X"},"content":{"rendered":"<p>\u2022 Excelente reproducibilidad (Precisi\u00f3n y Precisi\u00f3n menos del 1%)<\/p>\n<p>\u2022 la precisi\u00f3n y la reproducibilidad del \u00e1rea de escaneo del sistema con el marcado del sitio del l\u00e1ser de punto cruzado producen mediciones de datos precisas y repetibles<\/p>\n<p>\u2022 El tiempo de escaneo r\u00e1pido para una mejor experiencia del paciente y m\u00e1s tiempo de escaneo disponible reduce los costos:<\/p>\n<p>Espina dorsal AP: 1 min.25 seg. (tiempo normal: 3 min. 07 seg)<\/p>\n<p>FEMUR: 1 min. 05 seg. (tiempo normal: 2 min.)<\/p>\n<p>\u2022 Informe completo: Dexxum T proporciona informaci\u00f3n de prueba detallada<\/p>\n<p>\u2022 Los resultados de los pacientes se comparan con las poblaciones de referencia j\u00f3venes normales (T-SCORE) y de edad (Z-SCORE) en un informe gr\u00e1fico claro<\/p>\n<p>\u2022 \u00c1rea de escaneo: 580&#215;480 mm<\/p>\n<p>FRAX \/ COLOR MAPPING<\/p>\n","protected":false},"excerpt":{"rendered":"<p>Unidad Principal con accesorios<\/p>\n<p>\u2022 Computadora \/ Monitor 15\u201d \/ mesa para PC y Monitor \/ Impresora InkJet<\/p>\n","protected":false},"featured_media":11601,"template":"","meta":{"_joinchat":[]},"product_brand":[],"product_cat":[217],"product_tag":[],"class_list":{"0":"post-11600","1":"product","2":"type-product","3":"status-publish","4":"has-post-thumbnail","6":"product_cat-densitometros","7":"pa_marca-osteosys","9":"first","10":"instock","11":"purchasable","12":"product-type-simple"},"yoast_head":"<!-- This site is optimized with the Yoast SEO plugin v25.1 - https:\/\/yoast.com\/wordpress\/plugins\/seo\/ -->\n<title>DENSITOMETRO OSEO AXIAL DE RAYOS X - Tu mejor opci\u00f3n Equipo M\u00e9dico M\u00e9xico<\/title>\n<meta name=\"robots\" content=\"index, follow, max-snippet:-1, max-image-preview:large, max-video-preview:-1\" \/>\n<link rel=\"canonical\" href=\"https:\/\/buscoequipomedico.com\/?product=densitometro-oseo-axial-de-rayos-x\" \/>\n<meta property=\"og:locale\" content=\"es_ES\" \/>\n<meta property=\"og:type\" content=\"article\" \/>\n<meta property=\"og:title\" content=\"DENSITOMETRO OSEO AXIAL DE RAYOS X - Tu mejor opci\u00f3n Equipo M\u00e9dico M\u00e9xico\" \/>\n<meta property=\"og:description\" content=\"Unidad Principal con accesorios \u2022 Computadora \/ Monitor 15\u201d \/ mesa para PC y Monitor \/ Impresora InkJet\" \/>\n<meta property=\"og:url\" content=\"https:\/\/buscoequipomedico.com\/?product=densitometro-oseo-axial-de-rayos-x\" \/>\n<meta property=\"og:site_name\" content=\"Tu mejor opci\u00f3n Equipo M\u00e9dico M\u00e9xico\" \/>\n<meta property=\"article:modified_time\" content=\"2020-02-18T07:33:17+00:00\" \/>\n<meta property=\"og:image\" content=\"https:\/\/buscoequipomedico.com\/wp-content\/uploads\/2020\/02\/densitometro-oseo-axial-de-rayos-x-unidad-principal-con-accesorios-o-computadora-monitor-15-mesa-para-pc-y-monitor-impresora-ink.jpg\" \/>\n\t<meta property=\"og:image:width\" content=\"800\" \/>\n\t<meta property=\"og:image:height\" content=\"800\" \/>\n\t<meta property=\"og:image:type\" content=\"image\/png\" \/>\n<meta name=\"twitter:card\" content=\"summary_large_image\" \/>\n<meta name=\"twitter:label1\" content=\"Tiempo de lectura\" \/>\n\t<meta name=\"twitter:data1\" content=\"1 minuto\" \/>\n<script type=\"application\/ld+json\" class=\"yoast-schema-graph\">{\"@context\":\"https:\/\/schema.org\",\"@graph\":[{\"@type\":\"WebPage\",\"@id\":\"https:\/\/buscoequipomedico.com\/?product=densitometro-oseo-axial-de-rayos-x\",\"url\":\"https:\/\/buscoequipomedico.com\/?product=densitometro-oseo-axial-de-rayos-x\",\"name\":\"DENSITOMETRO OSEO AXIAL DE RAYOS X - Tu mejor opci\u00f3n Equipo M\u00e9dico M\u00e9xico\",\"isPartOf\":{\"@id\":\"https:\/\/buscoequipomedico.com\/#website\"},\"primaryImageOfPage\":{\"@id\":\"https:\/\/buscoequipomedico.com\/?product=densitometro-oseo-axial-de-rayos-x#primaryimage\"},\"image\":{\"@id\":\"https:\/\/buscoequipomedico.com\/?product=densitometro-oseo-axial-de-rayos-x#primaryimage\"},\"thumbnailUrl\":\"https:\/\/buscoequipomedico.com\/wp-content\/uploads\/2020\/02\/densitometro-oseo-axial-de-rayos-x-unidad-principal-con-accesorios-o-computadora-monitor-15-mesa-para-pc-y-monitor-impresora-ink.jpg\",\"datePublished\":\"2020-02-18T07:33:14+00:00\",\"dateModified\":\"2020-02-18T07:33:17+00:00\",\"breadcrumb\":{\"@id\":\"https:\/\/buscoequipomedico.com\/?product=densitometro-oseo-axial-de-rayos-x#breadcrumb\"},\"inLanguage\":\"es\",\"potentialAction\":[{\"@type\":\"ReadAction\",\"target\":[\"https:\/\/buscoequipomedico.com\/?product=densitometro-oseo-axial-de-rayos-x\"]}]},{\"@type\":\"ImageObject\",\"inLanguage\":\"es\",\"@id\":\"https:\/\/buscoequipomedico.com\/?product=densitometro-oseo-axial-de-rayos-x#primaryimage\",\"url\":\"https:\/\/buscoequipomedico.com\/wp-content\/uploads\/2020\/02\/densitometro-oseo-axial-de-rayos-x-unidad-principal-con-accesorios-o-computadora-monitor-15-mesa-para-pc-y-monitor-impresora-ink.jpg\",\"contentUrl\":\"https:\/\/buscoequipomedico.com\/wp-content\/uploads\/2020\/02\/densitometro-oseo-axial-de-rayos-x-unidad-principal-con-accesorios-o-computadora-monitor-15-mesa-para-pc-y-monitor-impresora-ink.jpg\",\"width\":800,\"height\":800},{\"@type\":\"BreadcrumbList\",\"@id\":\"https:\/\/buscoequipomedico.com\/?product=densitometro-oseo-axial-de-rayos-x#breadcrumb\",\"itemListElement\":[{\"@type\":\"ListItem\",\"position\":1,\"name\":\"Productos\",\"item\":\"https:\/\/buscoequipomedico.com\/shop\/\"},{\"@type\":\"ListItem\",\"position\":2,\"name\":\"DENSITOMETRO OSEO AXIAL DE RAYOS X\"}]},{\"@type\":\"WebSite\",\"@id\":\"https:\/\/buscoequipomedico.com\/#website\",\"url\":\"https:\/\/buscoequipomedico.com\/\",\"name\":\"Tu mejor opci\u00f3n Equipo M\u00e9dico M\u00e9xico\",\"description\":\"Tienda de equipo m\u00e9dico\",\"publisher\":{\"@id\":\"https:\/\/buscoequipomedico.com\/#organization\"},\"potentialAction\":[{\"@type\":\"SearchAction\",\"target\":{\"@type\":\"EntryPoint\",\"urlTemplate\":\"https:\/\/buscoequipomedico.com\/?s={search_term_string}\"},\"query-input\":{\"@type\":\"PropertyValueSpecification\",\"valueRequired\":true,\"valueName\":\"search_term_string\"}}],\"inLanguage\":\"es\"},{\"@type\":\"Organization\",\"@id\":\"https:\/\/buscoequipomedico.com\/#organization\",\"name\":\"Tu mejor opci\u00f3n Equipo M\u00e9dico M\u00e9xico\",\"url\":\"https:\/\/buscoequipomedico.com\/\",\"logo\":{\"@type\":\"ImageObject\",\"inLanguage\":\"es\",\"@id\":\"https:\/\/buscoequipomedico.com\/#\/schema\/logo\/image\/\",\"url\":\"https:\/\/buscoequipomedico.com\/wp-content\/uploads\/2021\/07\/EMM-VPrincipal-scaled.jpg\",\"contentUrl\":\"https:\/\/buscoequipomedico.com\/wp-content\/uploads\/2021\/07\/EMM-VPrincipal-scaled.jpg\",\"width\":2560,\"height\":1058,\"caption\":\"Tu mejor opci\u00f3n Equipo M\u00e9dico M\u00e9xico\"},\"image\":{\"@id\":\"https:\/\/buscoequipomedico.com\/#\/schema\/logo\/image\/\"}}]}<\/script>\n<!-- \/ Yoast SEO plugin. -->","yoast_head_json":{"title":"DENSITOMETRO OSEO AXIAL DE RAYOS X - Tu mejor opci\u00f3n Equipo M\u00e9dico M\u00e9xico","robots":{"index":"index","follow":"follow","max-snippet":"max-snippet:-1","max-image-preview":"max-image-preview:large","max-video-preview":"max-video-preview:-1"},"canonical":"https:\/\/buscoequipomedico.com\/?product=densitometro-oseo-axial-de-rayos-x","og_locale":"es_ES","og_type":"article","og_title":"DENSITOMETRO OSEO AXIAL DE RAYOS X - Tu mejor opci\u00f3n Equipo M\u00e9dico M\u00e9xico","og_description":"Unidad Principal con accesorios \u2022 Computadora \/ Monitor 15\u201d \/ mesa para PC y Monitor \/ Impresora InkJet","og_url":"https:\/\/buscoequipomedico.com\/?product=densitometro-oseo-axial-de-rayos-x","og_site_name":"Tu mejor opci\u00f3n Equipo M\u00e9dico M\u00e9xico","article_modified_time":"2020-02-18T07:33:17+00:00","og_image":[{"width":800,"height":800,"url":"https:\/\/buscoequipomedico.com\/wp-content\/uploads\/2020\/02\/densitometro-oseo-axial-de-rayos-x-unidad-principal-con-accesorios-o-computadora-monitor-15-mesa-para-pc-y-monitor-impresora-ink.jpg","type":"image\/png"}],"twitter_card":"summary_large_image","twitter_misc":{"Tiempo de lectura":"1 minuto"},"schema":{"@context":"https:\/\/schema.org","@graph":[{"@type":"WebPage","@id":"https:\/\/buscoequipomedico.com\/?product=densitometro-oseo-axial-de-rayos-x","url":"https:\/\/buscoequipomedico.com\/?product=densitometro-oseo-axial-de-rayos-x","name":"DENSITOMETRO OSEO AXIAL DE RAYOS X - Tu mejor opci\u00f3n Equipo M\u00e9dico M\u00e9xico","isPartOf":{"@id":"https:\/\/buscoequipomedico.com\/#website"},"primaryImageOfPage":{"@id":"https:\/\/buscoequipomedico.com\/?product=densitometro-oseo-axial-de-rayos-x#primaryimage"},"image":{"@id":"https:\/\/buscoequipomedico.com\/?product=densitometro-oseo-axial-de-rayos-x#primaryimage"},"thumbnailUrl":"https:\/\/buscoequipomedico.com\/wp-content\/uploads\/2020\/02\/densitometro-oseo-axial-de-rayos-x-unidad-principal-con-accesorios-o-computadora-monitor-15-mesa-para-pc-y-monitor-impresora-ink.jpg","datePublished":"2020-02-18T07:33:14+00:00","dateModified":"2020-02-18T07:33:17+00:00","breadcrumb":{"@id":"https:\/\/buscoequipomedico.com\/?product=densitometro-oseo-axial-de-rayos-x#breadcrumb"},"inLanguage":"es","potentialAction":[{"@type":"ReadAction","target":["https:\/\/buscoequipomedico.com\/?product=densitometro-oseo-axial-de-rayos-x"]}]},{"@type":"ImageObject","inLanguage":"es","@id":"https:\/\/buscoequipomedico.com\/?product=densitometro-oseo-axial-de-rayos-x#primaryimage","url":"https:\/\/buscoequipomedico.com\/wp-content\/uploads\/2020\/02\/densitometro-oseo-axial-de-rayos-x-unidad-principal-con-accesorios-o-computadora-monitor-15-mesa-para-pc-y-monitor-impresora-ink.jpg","contentUrl":"https:\/\/buscoequipomedico.com\/wp-content\/uploads\/2020\/02\/densitometro-oseo-axial-de-rayos-x-unidad-principal-con-accesorios-o-computadora-monitor-15-mesa-para-pc-y-monitor-impresora-ink.jpg","width":800,"height":800},{"@type":"BreadcrumbList","@id":"https:\/\/buscoequipomedico.com\/?product=densitometro-oseo-axial-de-rayos-x#breadcrumb","itemListElement":[{"@type":"ListItem","position":1,"name":"Productos","item":"https:\/\/buscoequipomedico.com\/shop\/"},{"@type":"ListItem","position":2,"name":"DENSITOMETRO OSEO AXIAL DE RAYOS X"}]},{"@type":"WebSite","@id":"https:\/\/buscoequipomedico.com\/#website","url":"https:\/\/buscoequipomedico.com\/","name":"Tu mejor opci\u00f3n Equipo M\u00e9dico M\u00e9xico","description":"Tienda de equipo m\u00e9dico","publisher":{"@id":"https:\/\/buscoequipomedico.com\/#organization"},"potentialAction":[{"@type":"SearchAction","target":{"@type":"EntryPoint","urlTemplate":"https:\/\/buscoequipomedico.com\/?s={search_term_string}"},"query-input":{"@type":"PropertyValueSpecification","valueRequired":true,"valueName":"search_term_string"}}],"inLanguage":"es"},{"@type":"Organization","@id":"https:\/\/buscoequipomedico.com\/#organization","name":"Tu mejor opci\u00f3n Equipo M\u00e9dico M\u00e9xico","url":"https:\/\/buscoequipomedico.com\/","logo":{"@type":"ImageObject","inLanguage":"es","@id":"https:\/\/buscoequipomedico.com\/#\/schema\/logo\/image\/","url":"https:\/\/buscoequipomedico.com\/wp-content\/uploads\/2021\/07\/EMM-VPrincipal-scaled.jpg","contentUrl":"https:\/\/buscoequipomedico.com\/wp-content\/uploads\/2021\/07\/EMM-VPrincipal-scaled.jpg","width":2560,"height":1058,"caption":"Tu mejor opci\u00f3n Equipo M\u00e9dico M\u00e9xico"},"image":{"@id":"https:\/\/buscoequipomedico.com\/#\/schema\/logo\/image\/"}}]}},"_links":{"self":[{"href":"https:\/\/buscoequipomedico.com\/index.php?rest_route=\/wp\/v2\/product\/11600","targetHints":{"allow":["GET"]}}],"collection":[{"href":"https:\/\/buscoequipomedico.com\/index.php?rest_route=\/wp\/v2\/product"}],"about":[{"href":"https:\/\/buscoequipomedico.com\/index.php?rest_route=\/wp\/v2\/types\/product"}],"wp:featuredmedia":[{"embeddable":true,"href":"https:\/\/buscoequipomedico.com\/index.php?rest_route=\/wp\/v2\/media\/11601"}],"wp:attachment":[{"href":"https:\/\/buscoequipomedico.com\/index.php?rest_route=%2Fwp%2Fv2%2Fmedia&parent=11600"}],"wp:term":[{"taxonomy":"product_brand","embeddable":true,"href":"https:\/\/buscoequipomedico.com\/index.php?rest_route=%2Fwp%2Fv2%2Fproduct_brand&post=11600"},{"taxonomy":"product_cat","embeddable":true,"href":"https:\/\/buscoequipomedico.com\/index.php?rest_route=%2Fwp%2Fv2%2Fproduct_cat&post=11600"},{"taxonomy":"product_tag","embeddable":true,"href":"https:\/\/buscoequipomedico.com\/index.php?rest_route=%2Fwp%2Fv2%2Fproduct_tag&post=11600"}],"curies":[{"name":"wp","href":"https:\/\/api.w.org\/{rel}","templated":true}]}}