{"id":11610,"date":"2020-02-18T07:33:14","date_gmt":"2020-02-18T07:33:14","guid":{"rendered":"https:\/\/equipomedicomexico-com.preview-domain.com\/product\/desfibrilador-basico-spo2-nellcore-nib-temperatura\/"},"modified":"2020-02-18T07:33:18","modified_gmt":"2020-02-18T07:33:18","slug":"desfibrilador-basico-spo2-nellcore-nib-temperatura","status":"publish","type":"product","link":"https:\/\/buscoequipomedico.com\/?product=desfibrilador-basico-spo2-nellcore-nib-temperatura","title":{"rendered":"DESFIBRILADOR BASICO + SpO2 (Nellcore) + NIB + TEMPERATURA"},"content":{"rendered":"<p>\u2022 MONITOR LCD TFT COLOR 8.4\u201d<\/p>\n<p>\u2022 Marcapasos Externo<\/p>\n<p>\u2022 100 ~ 240 Vac, 50\/60 Hz<\/p>\n<p>\u2022 5 Derivaciones de ECG<\/p>\n<p>\u2022 Bateria recargable (Hasta 100 descargas)<\/p>\n<p>\u2022 Paletas Adulto \/ Pediatrico<\/p>\n<p>\u2022 360 Joules (Manual) \/ 200 Joules (AED)<\/p>\n<p>\u2022 Impresora t\u00e9rmica 3 Ch \/ 80 mm<\/p>\n<p>\u2022 MEMORIA:<\/p>\n<p>o 100 DATOS \/ 12 DERIVACIONES<\/p>\n<p>o 250 Eventos (Fecha y Hora)<\/p>\n<p>Datos num\u00e9ricos: HR\/PR, NIBP. SPO2, TEMP, IBP<\/p>\n<p>Formas de Onda: ECG, EtCO2, IBP<\/p>\n<p>\u2022 SD CARD removible<\/p>\n","protected":false},"excerpt":{"rendered":"<p>Opera como:<\/p>\n<p>\u2022 Desfibrilador Manual<\/p>\n<p>\u2022 Desfibrilador Automatico (AED)<\/p>\n<p>\u2022 Monitor de signos vitales<\/p>\n<p>\u2022 Marcapasos Externo<\/p>\n<p>CONFIGURACI\u00d3N B\u00c1SICA:<\/p>\n<ul>\n<li>MAS OXIMETRIA SPO2 NELLCORE<\/li>\n<li>MAS NIBP ADULTO\/PEDIATRICO\u00a0<\/li>\n<li>MAS MODULO DE TEMPERATURA .<\/li>\n<\/ul>\n","protected":false},"featured_media":11611,"template":"","meta":{"_joinchat":[]},"product_brand":[],"product_cat":[219],"product_tag":[],"class_list":{"0":"post-11610","1":"product","2":"type-product","3":"status-publish","4":"has-post-thumbnail","6":"product_cat-desfibriladores","7":"pa_marca-mediana","9":"first","10":"instock","11":"purchasable","12":"product-type-simple"},"yoast_head":"<!-- This site is optimized with the Yoast SEO plugin v25.1 - https:\/\/yoast.com\/wordpress\/plugins\/seo\/ -->\n<title>DESFIBRILADOR BASICO + SpO2 (Nellcore) + NIB + TEMPERATURA - Tu mejor opci\u00f3n Equipo M\u00e9dico M\u00e9xico<\/title>\n<meta name=\"robots\" content=\"index, follow, max-snippet:-1, max-image-preview:large, max-video-preview:-1\" \/>\n<link rel=\"canonical\" href=\"https:\/\/buscoequipomedico.com\/?product=desfibrilador-basico-spo2-nellcore-nib-temperatura\" \/>\n<meta property=\"og:locale\" content=\"es_ES\" \/>\n<meta property=\"og:type\" content=\"article\" \/>\n<meta property=\"og:title\" content=\"DESFIBRILADOR BASICO + SpO2 (Nellcore) + NIB + TEMPERATURA - Tu mejor opci\u00f3n Equipo M\u00e9dico M\u00e9xico\" \/>\n<meta property=\"og:description\" content=\"Opera como: \u2022 Desfibrilador Manual \u2022 Desfibrilador Automatico (AED) \u2022 Monitor de signos vitales \u2022 Marcapasos Externo CONFIGURACI\u00d3N B\u00c1SICA: MAS OXIMETRIA SPO2 NELLCORE MAS NIBP ADULTO\/PEDIATRICO\u00a0 MAS MODULO DE TEMPERATURA .\" \/>\n<meta property=\"og:url\" content=\"https:\/\/buscoequipomedico.com\/?product=desfibrilador-basico-spo2-nellcore-nib-temperatura\" \/>\n<meta property=\"og:site_name\" content=\"Tu mejor opci\u00f3n Equipo M\u00e9dico M\u00e9xico\" \/>\n<meta property=\"article:modified_time\" content=\"2020-02-18T07:33:18+00:00\" \/>\n<meta property=\"og:image\" content=\"https:\/\/buscoequipomedico.com\/wp-content\/uploads\/2020\/02\/desfibrilador-basico-spo2-nellcore-nib-temperatura-opera-como-o-desfibrilador-manual-o-desfibrilador-automatico-aed-o-monitor-de.jpg\" \/>\n\t<meta property=\"og:image:width\" content=\"800\" \/>\n\t<meta property=\"og:image:height\" content=\"800\" \/>\n\t<meta property=\"og:image:type\" content=\"image\/png\" \/>\n<meta name=\"twitter:card\" content=\"summary_large_image\" \/>\n<script type=\"application\/ld+json\" class=\"yoast-schema-graph\">{\"@context\":\"https:\/\/schema.org\",\"@graph\":[{\"@type\":\"WebPage\",\"@id\":\"https:\/\/buscoequipomedico.com\/?product=desfibrilador-basico-spo2-nellcore-nib-temperatura\",\"url\":\"https:\/\/buscoequipomedico.com\/?product=desfibrilador-basico-spo2-nellcore-nib-temperatura\",\"name\":\"DESFIBRILADOR BASICO + SpO2 (Nellcore) + NIB + TEMPERATURA - Tu mejor opci\u00f3n Equipo M\u00e9dico M\u00e9xico\",\"isPartOf\":{\"@id\":\"https:\/\/buscoequipomedico.com\/#website\"},\"primaryImageOfPage\":{\"@id\":\"https:\/\/buscoequipomedico.com\/?product=desfibrilador-basico-spo2-nellcore-nib-temperatura#primaryimage\"},\"image\":{\"@id\":\"https:\/\/buscoequipomedico.com\/?product=desfibrilador-basico-spo2-nellcore-nib-temperatura#primaryimage\"},\"thumbnailUrl\":\"https:\/\/buscoequipomedico.com\/wp-content\/uploads\/2020\/02\/desfibrilador-basico-spo2-nellcore-nib-temperatura-opera-como-o-desfibrilador-manual-o-desfibrilador-automatico-aed-o-monitor-de.jpg\",\"datePublished\":\"2020-02-18T07:33:14+00:00\",\"dateModified\":\"2020-02-18T07:33:18+00:00\",\"breadcrumb\":{\"@id\":\"https:\/\/buscoequipomedico.com\/?product=desfibrilador-basico-spo2-nellcore-nib-temperatura#breadcrumb\"},\"inLanguage\":\"es\",\"potentialAction\":[{\"@type\":\"ReadAction\",\"target\":[\"https:\/\/buscoequipomedico.com\/?product=desfibrilador-basico-spo2-nellcore-nib-temperatura\"]}]},{\"@type\":\"ImageObject\",\"inLanguage\":\"es\",\"@id\":\"https:\/\/buscoequipomedico.com\/?product=desfibrilador-basico-spo2-nellcore-nib-temperatura#primaryimage\",\"url\":\"https:\/\/buscoequipomedico.com\/wp-content\/uploads\/2020\/02\/desfibrilador-basico-spo2-nellcore-nib-temperatura-opera-como-o-desfibrilador-manual-o-desfibrilador-automatico-aed-o-monitor-de.jpg\",\"contentUrl\":\"https:\/\/buscoequipomedico.com\/wp-content\/uploads\/2020\/02\/desfibrilador-basico-spo2-nellcore-nib-temperatura-opera-como-o-desfibrilador-manual-o-desfibrilador-automatico-aed-o-monitor-de.jpg\",\"width\":800,\"height\":800},{\"@type\":\"BreadcrumbList\",\"@id\":\"https:\/\/buscoequipomedico.com\/?product=desfibrilador-basico-spo2-nellcore-nib-temperatura#breadcrumb\",\"itemListElement\":[{\"@type\":\"ListItem\",\"position\":1,\"name\":\"Productos\",\"item\":\"https:\/\/buscoequipomedico.com\/shop\/\"},{\"@type\":\"ListItem\",\"position\":2,\"name\":\"DESFIBRILADOR BASICO + SpO2 (Nellcore) + NIB + TEMPERATURA\"}]},{\"@type\":\"WebSite\",\"@id\":\"https:\/\/buscoequipomedico.com\/#website\",\"url\":\"https:\/\/buscoequipomedico.com\/\",\"name\":\"Tu mejor opci\u00f3n Equipo M\u00e9dico M\u00e9xico\",\"description\":\"Tienda de equipo m\u00e9dico\",\"publisher\":{\"@id\":\"https:\/\/buscoequipomedico.com\/#organization\"},\"potentialAction\":[{\"@type\":\"SearchAction\",\"target\":{\"@type\":\"EntryPoint\",\"urlTemplate\":\"https:\/\/buscoequipomedico.com\/?s={search_term_string}\"},\"query-input\":{\"@type\":\"PropertyValueSpecification\",\"valueRequired\":true,\"valueName\":\"search_term_string\"}}],\"inLanguage\":\"es\"},{\"@type\":\"Organization\",\"@id\":\"https:\/\/buscoequipomedico.com\/#organization\",\"name\":\"Tu mejor opci\u00f3n Equipo M\u00e9dico M\u00e9xico\",\"url\":\"https:\/\/buscoequipomedico.com\/\",\"logo\":{\"@type\":\"ImageObject\",\"inLanguage\":\"es\",\"@id\":\"https:\/\/buscoequipomedico.com\/#\/schema\/logo\/image\/\",\"url\":\"https:\/\/buscoequipomedico.com\/wp-content\/uploads\/2021\/07\/EMM-VPrincipal-scaled.jpg\",\"contentUrl\":\"https:\/\/buscoequipomedico.com\/wp-content\/uploads\/2021\/07\/EMM-VPrincipal-scaled.jpg\",\"width\":2560,\"height\":1058,\"caption\":\"Tu mejor opci\u00f3n Equipo M\u00e9dico M\u00e9xico\"},\"image\":{\"@id\":\"https:\/\/buscoequipomedico.com\/#\/schema\/logo\/image\/\"}}]}<\/script>\n<!-- \/ Yoast SEO plugin. -->","yoast_head_json":{"title":"DESFIBRILADOR BASICO + SpO2 (Nellcore) + NIB + TEMPERATURA - Tu mejor opci\u00f3n Equipo M\u00e9dico M\u00e9xico","robots":{"index":"index","follow":"follow","max-snippet":"max-snippet:-1","max-image-preview":"max-image-preview:large","max-video-preview":"max-video-preview:-1"},"canonical":"https:\/\/buscoequipomedico.com\/?product=desfibrilador-basico-spo2-nellcore-nib-temperatura","og_locale":"es_ES","og_type":"article","og_title":"DESFIBRILADOR BASICO + SpO2 (Nellcore) + NIB + TEMPERATURA - Tu mejor opci\u00f3n Equipo M\u00e9dico M\u00e9xico","og_description":"Opera como: \u2022 Desfibrilador Manual \u2022 Desfibrilador Automatico (AED) \u2022 Monitor de signos vitales \u2022 Marcapasos Externo CONFIGURACI\u00d3N B\u00c1SICA: MAS OXIMETRIA SPO2 NELLCORE MAS NIBP ADULTO\/PEDIATRICO\u00a0 MAS MODULO DE TEMPERATURA .","og_url":"https:\/\/buscoequipomedico.com\/?product=desfibrilador-basico-spo2-nellcore-nib-temperatura","og_site_name":"Tu mejor opci\u00f3n Equipo M\u00e9dico M\u00e9xico","article_modified_time":"2020-02-18T07:33:18+00:00","og_image":[{"width":800,"height":800,"url":"https:\/\/buscoequipomedico.com\/wp-content\/uploads\/2020\/02\/desfibrilador-basico-spo2-nellcore-nib-temperatura-opera-como-o-desfibrilador-manual-o-desfibrilador-automatico-aed-o-monitor-de.jpg","type":"image\/png"}],"twitter_card":"summary_large_image","schema":{"@context":"https:\/\/schema.org","@graph":[{"@type":"WebPage","@id":"https:\/\/buscoequipomedico.com\/?product=desfibrilador-basico-spo2-nellcore-nib-temperatura","url":"https:\/\/buscoequipomedico.com\/?product=desfibrilador-basico-spo2-nellcore-nib-temperatura","name":"DESFIBRILADOR BASICO + SpO2 (Nellcore) + NIB + TEMPERATURA - Tu mejor opci\u00f3n Equipo M\u00e9dico M\u00e9xico","isPartOf":{"@id":"https:\/\/buscoequipomedico.com\/#website"},"primaryImageOfPage":{"@id":"https:\/\/buscoequipomedico.com\/?product=desfibrilador-basico-spo2-nellcore-nib-temperatura#primaryimage"},"image":{"@id":"https:\/\/buscoequipomedico.com\/?product=desfibrilador-basico-spo2-nellcore-nib-temperatura#primaryimage"},"thumbnailUrl":"https:\/\/buscoequipomedico.com\/wp-content\/uploads\/2020\/02\/desfibrilador-basico-spo2-nellcore-nib-temperatura-opera-como-o-desfibrilador-manual-o-desfibrilador-automatico-aed-o-monitor-de.jpg","datePublished":"2020-02-18T07:33:14+00:00","dateModified":"2020-02-18T07:33:18+00:00","breadcrumb":{"@id":"https:\/\/buscoequipomedico.com\/?product=desfibrilador-basico-spo2-nellcore-nib-temperatura#breadcrumb"},"inLanguage":"es","potentialAction":[{"@type":"ReadAction","target":["https:\/\/buscoequipomedico.com\/?product=desfibrilador-basico-spo2-nellcore-nib-temperatura"]}]},{"@type":"ImageObject","inLanguage":"es","@id":"https:\/\/buscoequipomedico.com\/?product=desfibrilador-basico-spo2-nellcore-nib-temperatura#primaryimage","url":"https:\/\/buscoequipomedico.com\/wp-content\/uploads\/2020\/02\/desfibrilador-basico-spo2-nellcore-nib-temperatura-opera-como-o-desfibrilador-manual-o-desfibrilador-automatico-aed-o-monitor-de.jpg","contentUrl":"https:\/\/buscoequipomedico.com\/wp-content\/uploads\/2020\/02\/desfibrilador-basico-spo2-nellcore-nib-temperatura-opera-como-o-desfibrilador-manual-o-desfibrilador-automatico-aed-o-monitor-de.jpg","width":800,"height":800},{"@type":"BreadcrumbList","@id":"https:\/\/buscoequipomedico.com\/?product=desfibrilador-basico-spo2-nellcore-nib-temperatura#breadcrumb","itemListElement":[{"@type":"ListItem","position":1,"name":"Productos","item":"https:\/\/buscoequipomedico.com\/shop\/"},{"@type":"ListItem","position":2,"name":"DESFIBRILADOR BASICO + SpO2 (Nellcore) + NIB + TEMPERATURA"}]},{"@type":"WebSite","@id":"https:\/\/buscoequipomedico.com\/#website","url":"https:\/\/buscoequipomedico.com\/","name":"Tu mejor opci\u00f3n Equipo M\u00e9dico M\u00e9xico","description":"Tienda de equipo m\u00e9dico","publisher":{"@id":"https:\/\/buscoequipomedico.com\/#organization"},"potentialAction":[{"@type":"SearchAction","target":{"@type":"EntryPoint","urlTemplate":"https:\/\/buscoequipomedico.com\/?s={search_term_string}"},"query-input":{"@type":"PropertyValueSpecification","valueRequired":true,"valueName":"search_term_string"}}],"inLanguage":"es"},{"@type":"Organization","@id":"https:\/\/buscoequipomedico.com\/#organization","name":"Tu mejor opci\u00f3n Equipo M\u00e9dico M\u00e9xico","url":"https:\/\/buscoequipomedico.com\/","logo":{"@type":"ImageObject","inLanguage":"es","@id":"https:\/\/buscoequipomedico.com\/#\/schema\/logo\/image\/","url":"https:\/\/buscoequipomedico.com\/wp-content\/uploads\/2021\/07\/EMM-VPrincipal-scaled.jpg","contentUrl":"https:\/\/buscoequipomedico.com\/wp-content\/uploads\/2021\/07\/EMM-VPrincipal-scaled.jpg","width":2560,"height":1058,"caption":"Tu mejor opci\u00f3n Equipo M\u00e9dico M\u00e9xico"},"image":{"@id":"https:\/\/buscoequipomedico.com\/#\/schema\/logo\/image\/"}}]}},"_links":{"self":[{"href":"https:\/\/buscoequipomedico.com\/index.php?rest_route=\/wp\/v2\/product\/11610","targetHints":{"allow":["GET"]}}],"collection":[{"href":"https:\/\/buscoequipomedico.com\/index.php?rest_route=\/wp\/v2\/product"}],"about":[{"href":"https:\/\/buscoequipomedico.com\/index.php?rest_route=\/wp\/v2\/types\/product"}],"wp:featuredmedia":[{"embeddable":true,"href":"https:\/\/buscoequipomedico.com\/index.php?rest_route=\/wp\/v2\/media\/11611"}],"wp:attachment":[{"href":"https:\/\/buscoequipomedico.com\/index.php?rest_route=%2Fwp%2Fv2%2Fmedia&parent=11610"}],"wp:term":[{"taxonomy":"product_brand","embeddable":true,"href":"https:\/\/buscoequipomedico.com\/index.php?rest_route=%2Fwp%2Fv2%2Fproduct_brand&post=11610"},{"taxonomy":"product_cat","embeddable":true,"href":"https:\/\/buscoequipomedico.com\/index.php?rest_route=%2Fwp%2Fv2%2Fproduct_cat&post=11610"},{"taxonomy":"product_tag","embeddable":true,"href":"https:\/\/buscoequipomedico.com\/index.php?rest_route=%2Fwp%2Fv2%2Fproduct_tag&post=11610"}],"curies":[{"name":"wp","href":"https:\/\/api.w.org\/{rel}","templated":true}]}}